{"id":14273,"date":"2024-10-20T14:07:29","date_gmt":"2024-10-20T14:07:29","guid":{"rendered":"https:\/\/starlediluminacion.com\/?post_type=product&#038;p=14273"},"modified":"2025-01-05T14:53:09","modified_gmt":"2025-01-05T14:53:09","slug":"pantalla-digital-rgb-magic-flex-control-remoto-app-1280-pixeles-ip65-5-v","status":"publish","type":"product","link":"https:\/\/starlediluminacion.com\/de\/product\/display-digital-rgb-magic-flex-steuerung-remoto-app-1280-pixel-ip65-5-v\/","title":{"rendered":"<p>MAGIC FLEX RGB Digitalanzeige - Fernbedienung + App - 1280 Pixel - IP65 - 5 V<\/p>"},"content":{"rendered":"<h1><span>MAGIC FLEX RGB Digitalanzeige - Fernbedienung + App - 1280 Pixel - IP65 - 5 V<\/span><p><span>Das digitale RGB-Display MAGIC FLEX 1280 Pixel - 5V IP65 RGB ist eine revolution\u00e4re Beleuchtungs- und Dekorationsl\u00f6sung, die jeden Raum mit einem Hauch von Kreativit\u00e4t und fortschrittlicher Technologie verwandeln kann. Dieses Display ist nicht nur eine Lichtquelle, sondern ein vielseitiges Werkzeug, mit dem Sie jede Umgebung, von zu Hause bis zu gewerblichen R\u00e4umen, mit einem einzigartigen und dynamischen visuellen Erlebnis personalisieren und aufwerten k\u00f6nnen.<\/span><\/p><p><strong><span>Hauptmerkmale:<\/span><\/strong><\/p><ol>\n<li><strong><span>Vollst\u00e4ndige Individualisierung:<\/span><\/strong><span>&nbsp;Dieses RGB-Display bietet unvergleichliche Anpassungsm\u00f6glichkeiten, mit denen Sie eine breite Palette visueller Effekte erzeugen k\u00f6nnen. Mit 1280 Pixeln k\u00f6nnen Sie Texte, Bilder und eine Vielzahl von DIY-Effekten gestalten und anzeigen und die Beleuchtung auf jede Stimmung, jeden Anlass oder Raum abstimmen. Ganz gleich, ob Sie animierte Botschaften oder bunte Muster anzeigen oder das Licht mit der Musik synchronisieren m\u00f6chten, mit dem MAGIC FLEX RGB-Digitaldisplay ist das ganz einfach.<\/span><\/li>\n<li><strong><span>Intuitive und vielseitige Steuerung:<\/span><\/strong><span>&nbsp;Das Display wird intuitiv \u00fcber eine drahtlose Bluetooth-App gesteuert, die Ihnen die Freiheit gibt, die Einstellungen von jedem Ort in Reichweite der Verbindung aus anzupassen. Die App erm\u00f6glicht es Ihnen, verschiedene Beleuchtungsoptionen zu erkunden und zu experimentieren, von der Auswahl von Farben und Mustern bis hin zur Programmierung von Effekten, die auf den Takt der Musik reagieren, um eine immersive und personalisierte Umgebung zu schaffen.<\/span><\/li>\n<li><strong><span>Flexibilit\u00e4t und Haltbarkeit:<\/span><\/strong><span>&nbsp;Das mit einer Polyurethan (PU)-Klebeschicht versehene Display ist nicht nur flexibel, sondern auch wasserfest und dank der Schutzart IP65 ideal f\u00fcr den Innen- und Au\u00dfenbereich geeignet. Diese Widerstandsf\u00e4higkeit stellt sicher, dass das Display auch rauen Bedingungen wie Feuchtigkeit, Staub und Witterungseinfl\u00fcssen standh\u00e4lt. Damit ist es die perfekte Wahl f\u00fcr G\u00e4rten, Terrassen und gewerbliche Au\u00dfenbereiche, aber auch f\u00fcr Schlafzimmer, Wohnzimmer oder Unterhaltungsbereiche in Innenr\u00e4umen.<\/span><\/li>\n<li><strong><span>Konnektivit\u00e4t und Benutzerfreundlichkeit:<\/span><\/strong><span>&nbsp;Das Display wird mit einem 5-Meter-USB-Kabel geliefert, das eine einfache Installation und die Freiheit bietet, es an verschiedenen Orten aufzustellen, ohne sich Gedanken \u00fcber die Entfernung zur Stromquelle machen zu m\u00fcssen. Der USB-Anschluss erm\u00f6glicht eine sofortige und problemlose Nutzung, die mit Netzteilen, Power Banks und anderen USB-Ger\u00e4ten kompatibel ist, sodass Sie Ihr RGB-Display \u00fcberallhin mitnehmen k\u00f6nnen.<\/span><\/li>\n<li><strong><span>Breite Anwendung:<\/span><\/strong><span>&nbsp;Dank seines flexiblen und langlebigen Designs eignet sich das digitale Display MAGIC FLEX RGB f\u00fcr eine Vielzahl von Anwendungen. Zu Hause kann es verwendet werden, um gem\u00fctliche Atmosph\u00e4ren in Wohnzimmern, Schlafzimmern oder Unterhaltungsbereichen zu schaffen. In kommerziellen Bereichen wie Gesch\u00e4ften, Restaurants oder Bars macht es seine F\u00e4higkeit, dynamische Botschaften und Effekte anzuzeigen, zu einem leistungsstarken visuellen Marketinginstrument. Dar\u00fcber hinaus eignet sich das Ger\u00e4t dank seiner F\u00e4higkeit, sich mit Musik zu synchronisieren, perfekt f\u00fcr Veranstaltungen, Partys und alle Gelegenheiten, die eine dynamische und lebendige Atmosph\u00e4re erfordern.<\/span><\/li>\n<\/ol><p><strong><span>Verwendungszwecke und Anwendungen:<\/span><\/strong><\/p><ul>\n<li><strong><span>Wohnr\u00e4ume:<\/span><\/strong><span>&nbsp;Verleihen Sie Ihrem Wohnzimmer eine moderne und pers\u00f6nliche Note und schaffen Sie eine einzigartige Atmosph\u00e4re f\u00fcr jeden Anlass, vom Filmabend bis zum geselligen Beisammensein.<\/span><\/li>\n<li><strong><span>Unterhaltungsr\u00e4ume:<\/span><\/strong><span>&nbsp;Perfekt f\u00fcr Spielzimmer, Musikzimmer oder jeden Raum, der der Unterhaltung gewidmet ist und die Beleuchtung mit Musik oder audiovisuellen Inhalten synchronisiert.<\/span><\/li>\n<li><strong><span>Veranstaltungen im Freien:<\/span><\/strong><span>&nbsp;Perfekt f\u00fcr Hochzeiten, Gartenpartys oder andere Veranstaltungen im Freien, bei denen Sie eine atemberaubende, individuell anpassbare Beleuchtung ben\u00f6tigen, die dem Wetter standh\u00e4lt.<\/span><\/li>\n<li><strong><span>Kommerzielle Anwendungen:<\/span><\/strong>\n<ul>\n<li><strong><span>Gesch\u00e4fte und Schaufenster:<\/span><\/strong><span>&nbsp;Verwenden Sie es in Schaufenstern oder im Inneren von Gesch\u00e4ften, um die Aufmerksamkeit der Kunden auf sich zu ziehen, um Botschaften und Sonderangebote zu pr\u00e4sentieren oder einfach eine attraktive und moderne Atmosph\u00e4re zu schaffen.<\/span><\/li>\n<li><strong><span>Restaurants und Bars:<\/span><\/strong><span>&nbsp;Ideal f\u00fcr ein dynamisches Ambiente in Bars, Restaurants oder Caf\u00e9s, wo es mit Musik synchronisiert werden kann oder bei verschiedenen Veranstaltungen oder Aktionen die Farbe wechselt.<\/span><\/li>\n<li><strong><span>Veranstaltungen und Ausstellungen:<\/span><\/strong><span>&nbsp;Ein leistungsf\u00e4higes Instrument f\u00fcr Ausstellungsst\u00e4nde, Messen und andere Veranstaltungen, das mit Lichteffekten und personalisierten Botschaften eine einzigartige M\u00f6glichkeit bietet, sich abzuheben und Besucher anzulocken.<\/span><\/li>\n<\/ul>\n<\/li>\n<li><strong><span>Visuelles Marketing:<\/span><\/strong>\n<ul>\n<li><strong><span>Dynamische Anzeigen:<\/span><\/strong><span>&nbsp;zeigen auff\u00e4llige Texte, Grafiken und Lichteffekte in kommerziellen oder \u00f6ffentlichen Umgebungen an und schaffen so effektive, aufmerksamkeitsstarke Werbung.<\/span><\/li>\n<li><strong><span>Branding:<\/span><\/strong><span>&nbsp;Passen Sie das Display so an, dass es die visuelle Identit\u00e4t Ihrer Marke widerspiegelt, und integrieren Sie es in Verkaufsstellen oder bei besonderen Veranstaltungen, um das Branding zu st\u00e4rken.<\/span><\/li>\n<\/ul>\n<\/li>\n<li><strong><span>Thematische Umgebungen und Shows:<\/span><\/strong>\n<ul>\n<li><strong><span>Kunstinstallationen:<\/span><\/strong><span>&nbsp;Erstellen Sie tempor\u00e4re oder permanente Kunstinstallationen in Galerien, Museen oder \u00f6ffentlichen R\u00e4umen, indem Sie die Flexibilit\u00e4t der Pr\u00e4sentation nutzen, um leuchtende Kunstwerke zu schaffen.<\/span><\/li>\n<li><strong><span>B\u00fchnenproduktionen:<\/span><\/strong><span>&nbsp;ideal f\u00fcr B\u00fchnen- und Theaterproduktionen, Konzerte und andere Live-Events, bei denen eine ma\u00dfgeschneiderte Beleuchtung wesentlich zur Atmosph\u00e4re und zum visuellen Storytelling beitragen kann.<\/span><\/li>\n<\/ul>\n<\/li>\n<li><strong><span>Intelligente H\u00e4user:<\/span><\/strong>\n<ul>\n<li><strong><span>Integration in Hausautomationssysteme:<\/span><\/strong><span>&nbsp;Sie k\u00f6nnen das Display in Smart-Home-Systeme integrieren und es zusammen mit anderen Ger\u00e4ten steuern, um Beleuchtungsroutinen zu erstellen, die Ihrem Lebensstil entsprechen.<\/span><\/li>\n<\/ul>\n<\/li>\n<\/ul><h3 class=\"h6\"><span>Datenblatt<\/span><\/h3><dl class=\"data-sheet\">\n<dt class=\"name\"><img loading=\"lazy\" decoding=\"async\" src=\"https:\/\/www.factorled.com\/modules\/oa_features\/img\/2-default.jpg\" width=\"32\" height=\"32\"><span>REFERENZ<\/span><\/dt>\n<dd class=\"value\"><span>92136<\/span><\/dd>\n<dt class=\"name\"><img loading=\"lazy\" decoding=\"async\" src=\"https:\/\/www.factorled.com\/modules\/oa_features\/img\/4-default.jpg\" width=\"32\" height=\"32\"><span>Nennspannung<\/span><\/dt>\n<dd class=\"value\"><span>5 V DC<\/span><\/dd>\n<dt class=\"name\"><img loading=\"lazy\" decoding=\"async\" src=\"https:\/\/www.factorled.com\/modules\/oa_features\/img\/5-default.jpg\" width=\"32\" height=\"32\"><span>Farbe<\/span><\/dt>\n<dd class=\"value\"><span>DIGITAL RGB<\/span><\/dd>\n<dt class=\"name\"><img loading=\"lazy\" decoding=\"async\" src=\"https:\/\/www.factorled.com\/modules\/oa_features\/img\/25-default.jpg\" width=\"32\" height=\"32\"><span>Baumaterial<\/span><\/dt>\n<dd class=\"value\"><span>Weiches Polyurethan<\/span><\/dd>\n<dt class=\"name\"><img loading=\"lazy\" decoding=\"async\" src=\"https:\/\/www.factorled.com\/modules\/oa_features\/img\/10-default.jpg\" width=\"32\" height=\"32\"><span>Abstrahlwinkel (\u00b0)<\/span><\/dt>\n<dd class=\"value\"><span>120\u00b0<\/span><\/dd>\n<dt class=\"name\"><img loading=\"lazy\" decoding=\"async\" src=\"https:\/\/www.factorled.com\/modules\/oa_features\/img\/15-default.jpg\" width=\"32\" height=\"32\"><span>Zertifizierungen<\/span><\/dt>\n<dd class=\"value\"><span>CE-, CMIM- und RoHS-Zertifizierung<\/span><\/dd>\n<dt class=\"name\"><img loading=\"lazy\" decoding=\"async\" src=\"https:\/\/www.factorled.com\/modules\/oa_features\/img\/16-default.jpg\" width=\"32\" height=\"32\"><span>Geistiges Eigentum<\/span><\/dt>\n<dd class=\"value\"><span>IP65-Au\u00dfenbereich<\/span><\/dd>\n<dt class=\"name\"><img loading=\"lazy\" decoding=\"async\" src=\"https:\/\/www.factorled.com\/modules\/oa_features\/img\/17-default.jpg\" width=\"32\" height=\"32\"><span>Lebenserwartung der Diode (H)<\/span><\/dt>\n<dd class=\"value\"><span>30.000<\/span><\/dd>\n<dt class=\"name\"><img loading=\"lazy\" decoding=\"async\" src=\"https:\/\/www.factorled.com\/modules\/oa_features\/img\/18-default.jpg\" width=\"32\" height=\"32\"><span>Abmessungen (mm)<\/span><\/dt>\n<dd class=\"value\"><span>102 x 348 mm<\/span><\/dd>\n<dt class=\"name\"><img loading=\"lazy\" decoding=\"async\" src=\"https:\/\/www.factorled.com\/modules\/oa_features\/img\/21-default.jpg\" width=\"32\" height=\"32\"><span>Frequenz (Hz)<\/span><\/dt>\n<dd class=\"value\"><span>50\/60 Hz<\/span><\/dd>\n<dt class=\"name\"><img loading=\"lazy\" decoding=\"async\" src=\"https:\/\/www.factorled.com\/modules\/oa_features\/img\/23-default.jpg\" width=\"32\" height=\"32\"><span>Radfahren ein\/aus<\/span><\/dt>\n<dd class=\"value\"><span>100.000<\/span><\/dd>\n<dt class=\"name\"><img loading=\"lazy\" decoding=\"async\" src=\"https:\/\/www.factorled.com\/modules\/oa_features\/img\/26-default.jpg\" width=\"32\" height=\"32\"><span>Andere Informationen<\/span><\/dt>\n<dd class=\"value\"><span>20\u00d764 1280 Pixel<\/span><\/dd>\n<dt class=\"name\"><img loading=\"lazy\" decoding=\"async\" src=\"https:\/\/www.factorled.com\/modules\/oa_features\/img\/37-default.jpg\" width=\"32\" height=\"32\"><span>Kontrollmodi<\/span><\/dt>\n<dd class=\"value\"><span>Fernsteuerung + Bluetooth-Anwendung<\/span><\/dd>\n<dt class=\"name\"><img loading=\"lazy\" decoding=\"async\" src=\"https:\/\/www.factorled.com\/modules\/oa_features\/img\/75-default.jpg\" width=\"32\" height=\"32\"><span>Jahre der Garantie<\/span><\/dt>\n<dd class=\"value\"><span>3<\/span><\/dd>\n<\/dl><\/h1>","protected":false},"excerpt":{"rendered":"<div class=\"product-reference\"><strong><label class=\"label\">Referenz:<\/label> SL92136<\/strong>\n<div><\/div>\n<div class=\"product-description-short\">\n<div id=\"product-description-short-3672\">\n<p><span>Verwandeln Sie jeden Raum mit dem MAGIC FLEX 1280 Pixel RGB Digital Display - 5V IP65. Dieses innovative Display bietet eine vollst\u00e4ndige Anpassung: von Texten und Bildern bis hin zu DIY-Effekten und der Synchronisation mit Musik, alles einfach \u00fcber eine drahtlose Bluetooth-App zu steuern. Seine Flexibilit\u00e4t und Wasserfestigkeit (IP65) dank der Polyurethan-Beschichtung sind perfekt f\u00fcr den Innen- und Au\u00dfenbereich geeignet. Mit einem 5 m langen USB-Kabel verleiht er Ihrer Umgebung einen magischen und technologischen Touch.<\/span><\/p>\n<\/div>\n<\/div><\/div>","protected":false},"featured_media":14282,"template":"","meta":{"site-sidebar-layout":"default","site-content-layout":"default","ast-global-header-display":"","ast-main-header-display":"","ast-hfb-above-header-display":"","ast-hfb-below-header-display":"","ast-hfb-mobile-header-display":"","site-post-title":"","ast-breadcrumbs-content":"","ast-featured-img":"","footer-sml-layout":"","theme-transparent-header-meta":"default","adv-header-id-meta":"","stick-header-meta":"","header-above-stick-meta":"","header-main-stick-meta":"","header-below-stick-meta":""},"product_cat":[40],"product_tag":[],"class_list":["post-14273","product","type-product","status-publish","has-post-thumbnail","hentry","product_cat-pantallas-y-pizarras-electronicas"],"yoast_head":"<!-- This site is optimized with the Yoast SEO plugin v27.4 - https:\/\/yoast.com\/product\/yoast-seo-wordpress\/ -->\n<title>Pantalla digital RGB MAGIC FLEX - Control remoto + App - 1280 p\u00edxeles - IP65 - 5 V - STARLED Iluminacion<\/title>\n<meta name=\"robots\" content=\"index, follow, max-snippet:-1, max-image-preview:large, max-video-preview:-1\" \/>\n<link rel=\"canonical\" href=\"https:\/\/starlediluminacion.com\/de\/product\/display-digital-rgb-magic-flex-steuerung-remoto-app-1280-pixel-ip65-5-v\/\" \/>\n<meta property=\"og:locale\" content=\"de_DE\" \/>\n<meta property=\"og:type\" content=\"article\" \/>\n<meta property=\"og:title\" content=\"Pantalla digital RGB MAGIC FLEX - Control remoto + App - 1280 p\u00edxeles - IP65 - 5 V - STARLED Iluminacion\" \/>\n<meta property=\"og:description\" content=\"Referencia: SL92136      Transforma cualquier espacio con el Display Digital RGB MAGIC FLEX 1280 P\u00edxeis - 5V IP65. Este innovador display ofrece total personalizaci\u00f3n: desde textos e im\u00e1genes hasta efectos DIY y sincronizaci\u00f3n con m\u00fasica, todo controlado f\u00e1cilmente por medio de una aplicaci\u00f3n Bluetooth sin cable. Su flexibilidad y resistencia al agua (IP65), gracias al revestimiento de poliuretano, son perfectas para interiores y exteriores. Con un cable USB de 5 m, a\u00f1ade un toque m\u00e1gico y tecnol\u00f3gico a tu ambiente.\" \/>\n<meta property=\"og:url\" content=\"https:\/\/starlediluminacion.com\/de\/product\/display-digital-rgb-magic-flex-steuerung-remoto-app-1280-pixel-ip65-5-v\/\" \/>\n<meta property=\"og:site_name\" content=\"STARLED Iluminacion\" \/>\n<meta property=\"article:modified_time\" content=\"2025-01-05T14:53:09+00:00\" \/>\n<meta property=\"og:image\" content=\"https:\/\/starlediluminacion.com\/wp-content\/uploads\/2024\/10\/digital-rgb-display-magic-flex-remote-control-app-512-pixels-ip65-5v-1.jpg\" \/>\n\t<meta property=\"og:image:width\" content=\"744\" \/>\n\t<meta property=\"og:image:height\" content=\"800\" \/>\n\t<meta property=\"og:image:type\" content=\"image\/jpeg\" \/>\n<meta name=\"twitter:card\" content=\"summary_large_image\" \/>\n<meta name=\"twitter:label1\" content=\"Gesch\u00e4tzte Lesezeit\" \/>\n\t<meta name=\"twitter:data1\" content=\"5\u00a0Minuten\" \/>\n<script type=\"application\/ld+json\" class=\"yoast-schema-graph\">{\"@context\":\"https:\\\/\\\/schema.org\",\"@graph\":[{\"@type\":\"WebPage\",\"@id\":\"https:\\\/\\\/starlediluminacion.com\\\/producto\\\/pantalla-digital-rgb-magic-flex-control-remoto-app-1280-pixeles-ip65-5-v\\\/\",\"url\":\"https:\\\/\\\/starlediluminacion.com\\\/producto\\\/pantalla-digital-rgb-magic-flex-control-remoto-app-1280-pixeles-ip65-5-v\\\/\",\"name\":\"Pantalla digital RGB MAGIC FLEX - Control remoto + App - 1280 p\u00edxeles - IP65 - 5 V - STARLED Iluminacion\",\"isPartOf\":{\"@id\":\"https:\\\/\\\/starlediluminacion.com\\\/#website\"},\"primaryImageOfPage\":{\"@id\":\"https:\\\/\\\/starlediluminacion.com\\\/producto\\\/pantalla-digital-rgb-magic-flex-control-remoto-app-1280-pixeles-ip65-5-v\\\/#primaryimage\"},\"image\":{\"@id\":\"https:\\\/\\\/starlediluminacion.com\\\/producto\\\/pantalla-digital-rgb-magic-flex-control-remoto-app-1280-pixeles-ip65-5-v\\\/#primaryimage\"},\"thumbnailUrl\":\"https:\\\/\\\/starlediluminacion.com\\\/wp-content\\\/uploads\\\/2024\\\/10\\\/digital-rgb-display-magic-flex-remote-control-app-512-pixels-ip65-5v-1.jpg\",\"datePublished\":\"2024-10-20T14:07:29+00:00\",\"dateModified\":\"2025-01-05T14:53:09+00:00\",\"breadcrumb\":{\"@id\":\"https:\\\/\\\/starlediluminacion.com\\\/producto\\\/pantalla-digital-rgb-magic-flex-control-remoto-app-1280-pixeles-ip65-5-v\\\/#breadcrumb\"},\"inLanguage\":\"de\",\"potentialAction\":[{\"@type\":\"ReadAction\",\"target\":[\"https:\\\/\\\/starlediluminacion.com\\\/producto\\\/pantalla-digital-rgb-magic-flex-control-remoto-app-1280-pixeles-ip65-5-v\\\/\"]}]},{\"@type\":\"ImageObject\",\"inLanguage\":\"de\",\"@id\":\"https:\\\/\\\/starlediluminacion.com\\\/producto\\\/pantalla-digital-rgb-magic-flex-control-remoto-app-1280-pixeles-ip65-5-v\\\/#primaryimage\",\"url\":\"https:\\\/\\\/starlediluminacion.com\\\/wp-content\\\/uploads\\\/2024\\\/10\\\/digital-rgb-display-magic-flex-remote-control-app-512-pixels-ip65-5v-1.jpg\",\"contentUrl\":\"https:\\\/\\\/starlediluminacion.com\\\/wp-content\\\/uploads\\\/2024\\\/10\\\/digital-rgb-display-magic-flex-remote-control-app-512-pixels-ip65-5v-1.jpg\",\"width\":744,\"height\":800},{\"@type\":\"BreadcrumbList\",\"@id\":\"https:\\\/\\\/starlediluminacion.com\\\/producto\\\/pantalla-digital-rgb-magic-flex-control-remoto-app-1280-pixeles-ip65-5-v\\\/#breadcrumb\",\"itemListElement\":[{\"@type\":\"ListItem\",\"position\":1,\"name\":\"Portada\",\"item\":\"https:\\\/\\\/starlediluminacion.com\\\/\"},{\"@type\":\"ListItem\",\"position\":2,\"name\":\"Shop\",\"item\":\"https:\\\/\\\/starlediluminacion.com\\\/shop-2\\\/\"},{\"@type\":\"ListItem\",\"position\":3,\"name\":\"Pantalla digital RGB MAGIC FLEX &#8211; Control remoto + App &#8211; 1280 p\u00edxeles &#8211; IP65 &#8211; 5 V\"}]},{\"@type\":\"WebSite\",\"@id\":\"https:\\\/\\\/starlediluminacion.com\\\/#website\",\"url\":\"https:\\\/\\\/starlediluminacion.com\\\/\",\"name\":\"STARLED Iluminacion\",\"description\":\"\",\"potentialAction\":[{\"@type\":\"SearchAction\",\"target\":{\"@type\":\"EntryPoint\",\"urlTemplate\":\"https:\\\/\\\/starlediluminacion.com\\\/?s={search_term_string}\"},\"query-input\":{\"@type\":\"PropertyValueSpecification\",\"valueRequired\":true,\"valueName\":\"search_term_string\"}}],\"inLanguage\":\"de\"}]}<\/script>\n<!-- \/ Yoast SEO plugin. -->","yoast_head_json":{"title":"Pantalla digital RGB MAGIC FLEX - Control remoto + App - 1280 p\u00edxeles - IP65 - 5 V - STARLED Iluminacion","robots":{"index":"index","follow":"follow","max-snippet":"max-snippet:-1","max-image-preview":"max-image-preview:large","max-video-preview":"max-video-preview:-1"},"canonical":"https:\/\/starlediluminacion.com\/de\/product\/display-digital-rgb-magic-flex-steuerung-remoto-app-1280-pixel-ip65-5-v\/","og_locale":"de_DE","og_type":"article","og_title":"Pantalla digital RGB MAGIC FLEX - Control remoto + App - 1280 p\u00edxeles - IP65 - 5 V - STARLED Iluminacion","og_description":"Referencia: SL92136      Transforma cualquier espacio con el Display Digital RGB MAGIC FLEX 1280 P\u00edxeis - 5V IP65. Este innovador display ofrece total personalizaci\u00f3n: desde textos e im\u00e1genes hasta efectos DIY y sincronizaci\u00f3n con m\u00fasica, todo controlado f\u00e1cilmente por medio de una aplicaci\u00f3n Bluetooth sin cable. Su flexibilidad y resistencia al agua (IP65), gracias al revestimiento de poliuretano, son perfectas para interiores y exteriores. Con un cable USB de 5 m, a\u00f1ade un toque m\u00e1gico y tecnol\u00f3gico a tu ambiente.","og_url":"https:\/\/starlediluminacion.com\/de\/product\/display-digital-rgb-magic-flex-steuerung-remoto-app-1280-pixel-ip65-5-v\/","og_site_name":"STARLED Iluminacion","article_modified_time":"2025-01-05T14:53:09+00:00","og_image":[{"width":744,"height":800,"url":"https:\/\/starlediluminacion.com\/wp-content\/uploads\/2024\/10\/digital-rgb-display-magic-flex-remote-control-app-512-pixels-ip65-5v-1.jpg","type":"image\/jpeg"}],"twitter_card":"summary_large_image","twitter_misc":{"Gesch\u00e4tzte Lesezeit":"5\u00a0Minuten"},"schema":{"@context":"https:\/\/schema.org","@graph":[{"@type":"WebPage","@id":"https:\/\/starlediluminacion.com\/producto\/pantalla-digital-rgb-magic-flex-control-remoto-app-1280-pixeles-ip65-5-v\/","url":"https:\/\/starlediluminacion.com\/producto\/pantalla-digital-rgb-magic-flex-control-remoto-app-1280-pixeles-ip65-5-v\/","name":"Pantalla digital RGB MAGIC FLEX - Control remoto + App - 1280 p\u00edxeles - IP65 - 5 V - STARLED Iluminacion","isPartOf":{"@id":"https:\/\/starlediluminacion.com\/#website"},"primaryImageOfPage":{"@id":"https:\/\/starlediluminacion.com\/producto\/pantalla-digital-rgb-magic-flex-control-remoto-app-1280-pixeles-ip65-5-v\/#primaryimage"},"image":{"@id":"https:\/\/starlediluminacion.com\/producto\/pantalla-digital-rgb-magic-flex-control-remoto-app-1280-pixeles-ip65-5-v\/#primaryimage"},"thumbnailUrl":"https:\/\/starlediluminacion.com\/wp-content\/uploads\/2024\/10\/digital-rgb-display-magic-flex-remote-control-app-512-pixels-ip65-5v-1.jpg","datePublished":"2024-10-20T14:07:29+00:00","dateModified":"2025-01-05T14:53:09+00:00","breadcrumb":{"@id":"https:\/\/starlediluminacion.com\/producto\/pantalla-digital-rgb-magic-flex-control-remoto-app-1280-pixeles-ip65-5-v\/#breadcrumb"},"inLanguage":"de","potentialAction":[{"@type":"ReadAction","target":["https:\/\/starlediluminacion.com\/producto\/pantalla-digital-rgb-magic-flex-control-remoto-app-1280-pixeles-ip65-5-v\/"]}]},{"@type":"ImageObject","inLanguage":"de","@id":"https:\/\/starlediluminacion.com\/producto\/pantalla-digital-rgb-magic-flex-control-remoto-app-1280-pixeles-ip65-5-v\/#primaryimage","url":"https:\/\/starlediluminacion.com\/wp-content\/uploads\/2024\/10\/digital-rgb-display-magic-flex-remote-control-app-512-pixels-ip65-5v-1.jpg","contentUrl":"https:\/\/starlediluminacion.com\/wp-content\/uploads\/2024\/10\/digital-rgb-display-magic-flex-remote-control-app-512-pixels-ip65-5v-1.jpg","width":744,"height":800},{"@type":"BreadcrumbList","@id":"https:\/\/starlediluminacion.com\/producto\/pantalla-digital-rgb-magic-flex-control-remoto-app-1280-pixeles-ip65-5-v\/#breadcrumb","itemListElement":[{"@type":"ListItem","position":1,"name":"Portada","item":"https:\/\/starlediluminacion.com\/"},{"@type":"ListItem","position":2,"name":"Shop","item":"https:\/\/starlediluminacion.com\/shop-2\/"},{"@type":"ListItem","position":3,"name":"Pantalla digital RGB MAGIC FLEX &#8211; Control remoto + App &#8211; 1280 p\u00edxeles &#8211; IP65 &#8211; 5 V"}]},{"@type":"WebSite","@id":"https:\/\/starlediluminacion.com\/#website","url":"https:\/\/starlediluminacion.com\/","name":"STARLED Iluminacion","description":"","potentialAction":[{"@type":"SearchAction","target":{"@type":"EntryPoint","urlTemplate":"https:\/\/starlediluminacion.com\/?s={search_term_string}"},"query-input":{"@type":"PropertyValueSpecification","valueRequired":true,"valueName":"search_term_string"}}],"inLanguage":"de"}]}},"_links":{"self":[{"href":"https:\/\/starlediluminacion.com\/de\/wp-json\/wp\/v3\/product\/14273","targetHints":{"allow":["GET"]}}],"collection":[{"href":"https:\/\/starlediluminacion.com\/de\/wp-json\/wp\/v3\/product"}],"about":[{"href":"https:\/\/starlediluminacion.com\/de\/wp-json\/wp\/v2\/types\/product"}],"wp:featuredmedia":[{"embeddable":true,"href":"https:\/\/starlediluminacion.com\/de\/wp-json\/wp\/v2\/media\/14282"}],"wp:attachment":[{"href":"https:\/\/starlediluminacion.com\/de\/wp-json\/wp\/v2\/media?parent=14273"}],"wp:term":[{"taxonomy":"product_cat","embeddable":true,"href":"https:\/\/starlediluminacion.com\/de\/wp-json\/wp\/v2\/product_cat?post=14273"},{"taxonomy":"product_tag","embeddable":true,"href":"https:\/\/starlediluminacion.com\/de\/wp-json\/wp\/v2\/product_tag?post=14273"}],"curies":[{"name":"wp","href":"https:\/\/api.w.org\/{rel}","templated":true}]}}