{"id":14220,"date":"2024-10-20T13:49:11","date_gmt":"2024-10-20T13:49:11","guid":{"rendered":"https:\/\/starlediluminacion.com\/?post_type=product&#038;p=14220"},"modified":"2025-01-05T14:52:38","modified_gmt":"2025-01-05T14:52:38","slug":"neon-led-flexible-24v-13w-m-bobina-50m-6x12mm-naranja","status":"publish","type":"product","link":"https:\/\/starlediluminacion.com\/de\/product\/neon-led-flexible-24v-13w-m-bobina-50m-6x12mm-naranja\/","title":{"rendered":"<p>Ne&oacute;n LED Flexible 24V &ndash; 13W\/m &ndash; Bobina 50m &ndash; 6x12mm &ndash; Naranja<\/p>"},"content":{"rendered":"<h1><span>Ne&oacute;n LED Flexible 24V &ndash; 13W\/m &ndash; Bobina 50m &ndash; 6x12mm &ndash; Naranja<\/span><p>&nbsp;<\/p><p><span>Die&nbsp;&nbsp;<\/span><strong><span>Flexible LED-Leuchte 24V<\/span><\/strong><span>&nbsp;&nbsp;ist eine moderne und effiziente Option f\u00fcr die Innen- und Au\u00dfenbeleuchtung, die eine hervorragende Lichtqualit\u00e4t und eine breite Palette von Gestaltungsm\u00f6glichkeiten bietet. Dieses Produkt wird auf einer Spule mit&nbsp;&nbsp;<\/span><strong><span>50 Meter<\/span><\/strong><span>&nbsp;&nbsp;in der L\u00e4nge, mit einem Durchmesser von&nbsp;&nbsp;<\/span><strong><span>6x12mm<\/span><\/strong><span>&nbsp;&nbsp;und einer Dichte von 120 SMD2835-Dioden pro Meter.<\/span><\/p><p><span>Eine der herausragendsten Eigenschaften der 24 V Flexible LED Neon ist ihre Abschaltf\u00e4higkeit, wodurch sie in einer Vielzahl von Anwendungen eingesetzt werden kann.&nbsp;&nbsp;<\/span><strong><span>alle 1 cm schneiden<\/span><\/strong><span>&nbsp;&nbsp;ohne die Integrit\u00e4t der Spule zu besch\u00e4digen. Dies erm\u00f6glicht eine vollst\u00e4ndige Anpassung der Beleuchtung und eine einfache Installation. Dar\u00fcber hinaus erm\u00f6glicht die Flexibilit\u00e4t dieses Produkts eine gro\u00dfe Vielfalt an Formen und Designs, die zu jedem Projekt passen.<\/span><\/p><p><strong><span>Beleuchtung<\/span><\/strong><span>&nbsp;LED ist hochgradig&nbsp;&nbsp;<\/span><strong><span>effizient und langlebig<\/span><\/strong><span>&nbsp;und diese flexible 24-V-LED-Neonr\u00f6hre. Mit einer Leistungsaufnahme von nur 13&nbsp;<\/span><strong><span>&nbsp;Watt pro Meter,<\/span><\/strong><span>&nbsp;Dieses Produkt ist eine wirtschaftliche und nachhaltige Option f\u00fcr alle, die eine hochwertige und energieeffiziente Beleuchtungsl\u00f6sung suchen. Dar\u00fcber hinaus ist die Lebensdauer dieses Produkts lang, was bedeutet, dass es lange Zeit verwendet werden kann, ohne dass ein Austausch erforderlich ist.<\/span><\/p><p><span>Ein weiterer Vorteil der Flexible LED Neon 24V ist ihre&nbsp;&nbsp;<\/span><strong><span>Widerstand<\/span><\/strong><span>&nbsp;&nbsp;im Freien und&nbsp;&nbsp;<\/span><strong><span>Wasser<\/span><\/strong><span>&nbsp;was es ideal macht f\u00fcr&nbsp;&nbsp;<\/span><strong><span>seine Verwendung<\/span><\/strong><span>&nbsp;&nbsp;sowohl im Innen- als auch im Au\u00dfenbereich&nbsp;&nbsp;<\/span><strong><span>im Freien<\/span><\/strong><span>&nbsp;. Este producto puede soportar condiciones clim&aacute;ticas extremas, como lluvia, nieve y sol, por lo que es una excelente opci&oacute;n para la iluminaci&oacute;n de fachadas, jardines, patios y otros espacios al aire libre.&nbsp;<\/span><\/p><p><span>Die Flexibilit\u00e4t dieses Produkts erlaubt es, es \u00fcberall zu installieren, von W\u00e4nden \u00fcber Decken bis hin zu S\u00e4ulen.<\/span><\/p><p><span>Das in unseren Neon-LED-Streifen verwendete Silikon ist Vergusssilikon. Das in den LED-Streifen verwendete Verguss-Silikon ist so konzipiert, dass es UV-Strahlen, hohen Temperaturen und pl\u00f6tzlichen Wetterver\u00e4nderungen widersteht, die die Leistung der LED-Streifen beeintr\u00e4chtigen k\u00f6nnen.<\/span><\/p><p><span>Die&nbsp;&nbsp;<\/span><strong><span>LED-Leuchtstreifen 24V<\/span><\/strong><span>&nbsp;&nbsp;LED-Streifen werden \u00fcber ein Netzteil mit Strom versorgt, das Netzstrom (85\/265 V) in 24 V Gleichstrom umwandelt, mit dem die LED-Streifen betrieben werden. Es ist wichtig, sicherzustellen, dass der Transformator oder das Netzteil \u00fcber eine ausreichende Kapazit\u00e4t f\u00fcr die Anzahl der Meter LED-Streifen verf\u00fcgt, die Sie verwenden m\u00f6chten, da eine unzureichende Transformatorleistung zu Fehlfunktionen und einer Verschlechterung der Lebensdauer der LED-Neonr\u00f6hren f\u00fchren kann.<\/span><\/p><p><span>Zum Beispiel, wenn Sie eine&nbsp;<strong>LED-Leuchtstreifen&nbsp;<\/strong><\/span><strong><span>24V<\/span><\/strong><span>&nbsp;und 13 W\/m, was einem Verbrauch von 13 Watt pro Meter entspricht, k\u00f6nnen Sie die Gesamtlast der Installation berechnen, indem Sie die Meter LED-Streifen, die Sie installieren m\u00f6chten, mit den Watt pro Meter (13 W\/m) multiplizieren. Wenn Sie also 20 Meter LED-Streifen installieren wollen, betr\u00e4gt die Gesamtbelastung 160 Watt. Daher sollten Sie ein Netzteil oder einen Transformator w\u00e4hlen, der eine Mindestlast von 160 Watt tragen kann. Es ist wichtig, darauf zu achten, dass das Netzteil oder der Transformator \u00fcber eine ausreichende Kapazit\u00e4t verf\u00fcgt, um der Last der Installation standzuhalten, da sonst die LED-Streifen ausfallen oder sogar kaputt gehen k\u00f6nnen.<\/span><\/p><p><span>En definitiva, el Ne&oacute;n LED Flexible 24V es una soluci&oacute;n de iluminaci&oacute;n moderna, eficiente y duradera que ofrece una amplia gama de posibilidades de dise&ntilde;o y personalizaci&oacute;n. Con su cortabilidad, flexibilidad, resistencia a la intemperie y al agua, y facilidad de instalaci&oacute;n, este producto es ideal para cualquier proyecto de iluminaci&oacute;n interior o exterior. Adem&aacute;s, su&nbsp;&nbsp;<\/span><strong><span>bajo consumo energ&eacute;tico<\/span><\/strong><span>&nbsp;&nbsp;y su larga vida &uacute;til lo convierten en una opci&oacute;n sostenible y econ&oacute;mica para quienes buscan una soluci&oacute;n de iluminaci&oacute;n de alta calidad.<\/span><\/p><p>&nbsp;<\/p><h2><span>Einige der h\u00e4ufigsten Orte, an denen unsere 24-V-LED-Neonlampen angebracht werden k\u00f6nnen, sind:<\/span><\/h2><p>&nbsp;<\/p><ul>\n<li><span>Au\u00dfenbeschilderung f\u00fcr Unternehmen: LED-Neon wird verwendet, um ma\u00dfgeschneiderte Neonschilder f\u00fcr die Au\u00dfenbeschilderung von Unternehmen wie Gesch\u00e4ften, Restaurants und Bars zu erstellen.<\/span><\/li>\n<li><span>Dekoration in Innenr\u00e4umen: LED-Neon eignet sich perfekt f\u00fcr dekorative Lichteffekte in Innenr\u00e4umen, z. B. in Nachtclubs, Bars und Wohnungen.<\/span><\/li>\n<li><span>Architekturbeleuchtung: LED-Neon wird in der Architekturbeleuchtung eingesetzt, um einzigartige Lichteffekte in Geb\u00e4uden und Bauwerken zu erzeugen.<\/span><\/li>\n<li><span>Werbung: LED-Neon wird in der Werbung eingesetzt, um auff\u00e4llige und attraktive Zeichen auf Werbefl\u00e4chen wie Plakatw\u00e4nden und Postern zu schaffen.<\/span><\/li>\n<\/ul><h3 class=\"h6\"><span>Datenblatt<\/span><\/h3><dl class=\"data-sheet\">\n<dt class=\"name\"><img loading=\"lazy\" decoding=\"async\" src=\"https:\/\/www.factorled.com\/modules\/oa_features\/img\/2-default.jpg\" width=\"32\" height=\"32\"><span>REFERENZ<\/span><\/dt>\n<dd class=\"value\"><span>NARANJA92011<\/span><\/dd>\n<dt class=\"name\"><img loading=\"lazy\" decoding=\"async\" src=\"https:\/\/www.factorled.com\/modules\/oa_features\/img\/3-default.jpg\" width=\"32\" height=\"32\"><span>Nennleistung<\/span><\/dt>\n<dd class=\"value\"><span>13W<\/span><\/dd>\n<dt class=\"name\"><img loading=\"lazy\" decoding=\"async\" src=\"https:\/\/www.factorled.com\/modules\/oa_features\/img\/4-default.jpg\" width=\"32\" height=\"32\"><span>Nennspannung<\/span><\/dt>\n<dd class=\"value\"><span>24 V DC<\/span><\/dd>\n<dt class=\"name\"><img loading=\"lazy\" decoding=\"async\" src=\"https:\/\/www.factorled.com\/modules\/oa_features\/img\/6-default.jpg\" width=\"32\" height=\"32\"><span>CRI - Farbwiedergabeindex<\/span><\/dt>\n<dd class=\"value\"><span>80<\/span><\/dd>\n<dt class=\"name\"><img loading=\"lazy\" decoding=\"async\" src=\"https:\/\/www.factorled.com\/modules\/oa_features\/img\/25-default.jpg\" width=\"32\" height=\"32\"><span>Baumaterial<\/span><\/dt>\n<dd class=\"value\"><span>Silikon<\/span><\/dd>\n<dt class=\"name\"><img loading=\"lazy\" decoding=\"async\" src=\"https:\/\/www.factorled.com\/modules\/oa_features\/img\/8-default.jpg\" width=\"32\" height=\"32\"><span>Leuchtkraft-Lm<\/span><\/dt>\n<dd class=\"value\"><span>900<\/span><\/dd>\n<dt class=\"name\"><img loading=\"lazy\" decoding=\"async\" src=\"https:\/\/www.factorled.com\/modules\/oa_features\/img\/9-default.jpg\" width=\"32\" height=\"32\"><span>Anzahl und Art der LEDs<\/span><\/dt>\n<dd class=\"value\"><span>SMD2835<\/span><\/dd>\n<dt class=\"name\"><img loading=\"lazy\" decoding=\"async\" src=\"https:\/\/www.factorled.com\/modules\/oa_features\/img\/10-default.jpg\" width=\"32\" height=\"32\"><span>Abstrahlwinkel (\u00b0)<\/span><\/dt>\n<dd class=\"value\"><span>150\u00ba<\/span><\/dd>\n<dt class=\"name\"><img loading=\"lazy\" decoding=\"async\" src=\"https:\/\/www.factorled.com\/modules\/oa_features\/img\/12-default.jpg\" width=\"32\" height=\"32\"><span>LED-Leuchtdiode (Lm\/W)<\/span><\/dt>\n<dd class=\"value\"><span>120 lm\/W<\/span><\/dd>\n<dt class=\"name\"><img loading=\"lazy\" decoding=\"async\" src=\"https:\/\/www.factorled.com\/modules\/oa_features\/img\/13-default.jpg\" width=\"32\" height=\"32\"><span>Lichtausbeute (Lm\/W)<\/span><\/dt>\n<dd class=\"value\"><span>90 lm\/W<\/span><\/dd>\n<dt class=\"name\"><img loading=\"lazy\" decoding=\"async\" src=\"https:\/\/www.factorled.com\/modules\/oa_features\/img\/11-default.jpg\" width=\"32\" height=\"32\"><span>Einstellbar<\/span><\/dt>\n<dd class=\"value\"><span>YES<\/span><\/dd>\n<dt class=\"name\"><img loading=\"lazy\" decoding=\"async\" src=\"https:\/\/www.factorled.com\/modules\/oa_features\/img\/15-default.jpg\" width=\"32\" height=\"32\"><span>Zertifizierungen<\/span><\/dt>\n<dd class=\"value\"><span>CE-ROHS<\/span><\/dd>\n<dt class=\"name\"><img loading=\"lazy\" decoding=\"async\" src=\"https:\/\/www.factorled.com\/modules\/oa_features\/img\/16-default.jpg\" width=\"32\" height=\"32\"><span>Geistiges Eigentum<\/span><\/dt>\n<dd class=\"value\"><span>IP65-Au\u00dfenbereich<\/span><\/dd>\n<dt class=\"name\"><img loading=\"lazy\" decoding=\"async\" src=\"https:\/\/www.factorled.com\/modules\/oa_features\/img\/17-default.jpg\" width=\"32\" height=\"32\"><span>Lebenserwartung der Diode (H)<\/span><\/dt>\n<dd class=\"value\"><span>30.000<\/span><\/dd>\n<dt class=\"name\"><img loading=\"lazy\" decoding=\"async\" src=\"https:\/\/www.factorled.com\/modules\/oa_features\/img\/22-default.jpg\" width=\"32\" height=\"32\"><span>Temperaturbereich (\u00baC)<\/span><\/dt>\n<dd class=\"value\"><span>-20 \u00b0C ~ +55 \u00b0C<\/span><\/dd>\n<dt class=\"name\"><img loading=\"lazy\" decoding=\"async\" src=\"https:\/\/www.factorled.com\/modules\/oa_features\/img\/23-default.jpg\" width=\"32\" height=\"32\"><span>Radfahren ein\/aus<\/span><\/dt>\n<dd class=\"value\"><span>100.000<\/span><\/dd>\n<dt class=\"name\"><img loading=\"lazy\" decoding=\"async\" src=\"https:\/\/www.factorled.com\/modules\/oa_features\/img\/7-default.jpg\" width=\"32\" height=\"32\"><span>Energiebewertung (2021-EU-2019\/2015)<\/span><\/dt>\n<dd class=\"value\"><span>A+<\/span><\/dd>\n<dt class=\"name\"><img loading=\"lazy\" decoding=\"async\" src=\"https:\/\/www.factorled.com\/modules\/oa_features\/img\/101-default.jpg\" width=\"32\" height=\"32\"><span>Energiebewertung (2023 - EU-2019\/2015)<\/span><\/dt>\n<dd class=\"value\"><span>F<\/span><\/dd>\n<dt class=\"name\"><img loading=\"lazy\" decoding=\"async\" src=\"https:\/\/www.factorled.com\/modules\/oa_features\/img\/75-default.jpg\" width=\"32\" height=\"32\"><span>Jahre der Garantie<\/span><\/dt>\n<dd class=\"value\"><span>3<\/span><\/dd>\n<\/dl><\/h1>","protected":false},"excerpt":{"rendered":"<div class=\"product-reference\"><strong><label class=\"label\">Referenz:<\/label> SLNARANJA92011<\/strong>\n<div><\/div>\n<div class=\"product-description-short\">\n<div id=\"product-description-short-3678\">\n<p><strong><span>Die flexible LED-Neonr\u00f6hre auf einer 50 m langen Spule mit 24 V und 13 W\/m ist ideal f\u00fcr wirkungsvolle Beschilderung und Dekoration.<\/span><\/strong><span>&nbsp;&nbsp;Mit 120 SMD 2835 Dioden pro Meter bietet es eine au\u00dfergew\u00f6hnliche Helligkeit, die dank der hochwertigen, vergilbungsbest\u00e4ndigen Silikonkonstruktion nicht verblasst. Sie schneidet alle 1 cm und kann dank ihrer einzigartigen Flexibilit\u00e4t in jede gew\u00fcnschte Form gebogen werden. Dank der Schutzart IP65 ist es sowohl f\u00fcr den Innen- als auch f\u00fcr den Au\u00dfenbereich geeignet - erwecken Sie Ihre Projekte mit diesem leistungsstarken LED-Neon zum Leben!<\/span><\/p>\n<\/div>\n<\/div><\/div>","protected":false},"featured_media":14232,"template":"","meta":{"site-sidebar-layout":"default","site-content-layout":"default","ast-global-header-display":"","ast-main-header-display":"","ast-hfb-above-header-display":"","ast-hfb-below-header-display":"","ast-hfb-mobile-header-display":"","site-post-title":"","ast-breadcrumbs-content":"","ast-featured-img":"","footer-sml-layout":"","theme-transparent-header-meta":"default","adv-header-id-meta":"","stick-header-meta":"","header-above-stick-meta":"","header-main-stick-meta":"","header-below-stick-meta":""},"product_cat":[108,45],"product_tag":[],"class_list":["post-14220","product","type-product","status-publish","has-post-thumbnail","hentry","product_cat-neon-led-flexible-24v","product_cat-tiras-led-y-neon-flexible"],"yoast_head":"<!-- This site is optimized with the Yoast SEO plugin v27.4 - https:\/\/yoast.com\/product\/yoast-seo-wordpress\/ -->\n<title>Ne\u00f3n LED Flexible 24V - 13W\/m - Bobina 50m - 6x12mm - Naranja - STARLED Iluminacion<\/title>\n<meta name=\"robots\" content=\"index, follow, max-snippet:-1, max-image-preview:large, max-video-preview:-1\" \/>\n<link rel=\"canonical\" href=\"https:\/\/starlediluminacion.com\/de\/product\/neon-led-flexible-24v-13w-m-bobina-50m-6x12mm-naranja\/\" \/>\n<meta property=\"og:locale\" content=\"de_DE\" \/>\n<meta property=\"og:type\" content=\"article\" \/>\n<meta property=\"og:title\" content=\"Ne\u00f3n LED Flexible 24V - 13W\/m - Bobina 50m - 6x12mm - Naranja - STARLED Iluminacion\" \/>\n<meta property=\"og:description\" content=\"Referencia: SLNARANJA92011      El Ne\u00f3n LED flexible en bobina de 50m a 24V y 13W\/m es ideal para se\u00f1al\u00e9tica y decoraci\u00f3n impactantes.\u00a0\u00a0Con 120 diodos SMD 2835 por metro, ofrece una luminosidad excepcional que no se desvanece gracias a su construcci\u00f3n en silicona de alta calidad, resistente al amarilleo. Se corta cada 1cm y su flexibilidad \u00fanica permite doblarlo en cualquier forma que necesites. Con protecci\u00f3n IP65, es perfecto tanto para uso interior como exterior. \u00a1Da vida a tus proyectos con este Ne\u00f3n LED de alto rendimiento!\" \/>\n<meta property=\"og:url\" content=\"https:\/\/starlediluminacion.com\/de\/product\/neon-led-flexible-24v-13w-m-bobina-50m-6x12mm-naranja\/\" \/>\n<meta property=\"og:site_name\" content=\"STARLED Iluminacion\" \/>\n<meta property=\"article:modified_time\" content=\"2025-01-05T14:52:38+00:00\" \/>\n<meta property=\"og:image\" content=\"https:\/\/starlediluminacion.com\/wp-content\/uploads\/2024\/10\/flexible-led-neon-24v-13wm-reel-50m-6x12mm-blue-13.jpg\" \/>\n\t<meta property=\"og:image:width\" content=\"744\" \/>\n\t<meta property=\"og:image:height\" content=\"800\" \/>\n\t<meta property=\"og:image:type\" content=\"image\/jpeg\" \/>\n<meta name=\"twitter:card\" content=\"summary_large_image\" \/>\n<meta name=\"twitter:label1\" content=\"Gesch\u00e4tzte Lesezeit\" \/>\n\t<meta name=\"twitter:data1\" content=\"4\u00a0Minuten\" \/>\n<script type=\"application\/ld+json\" class=\"yoast-schema-graph\">{\"@context\":\"https:\\\/\\\/schema.org\",\"@graph\":[{\"@type\":\"WebPage\",\"@id\":\"https:\\\/\\\/starlediluminacion.com\\\/producto\\\/neon-led-flexible-24v-13w-m-bobina-50m-6x12mm-naranja\\\/\",\"url\":\"https:\\\/\\\/starlediluminacion.com\\\/producto\\\/neon-led-flexible-24v-13w-m-bobina-50m-6x12mm-naranja\\\/\",\"name\":\"Ne\u00f3n LED Flexible 24V - 13W\\\/m - Bobina 50m - 6x12mm - Naranja - STARLED Iluminacion\",\"isPartOf\":{\"@id\":\"https:\\\/\\\/starlediluminacion.com\\\/#website\"},\"primaryImageOfPage\":{\"@id\":\"https:\\\/\\\/starlediluminacion.com\\\/producto\\\/neon-led-flexible-24v-13w-m-bobina-50m-6x12mm-naranja\\\/#primaryimage\"},\"image\":{\"@id\":\"https:\\\/\\\/starlediluminacion.com\\\/producto\\\/neon-led-flexible-24v-13w-m-bobina-50m-6x12mm-naranja\\\/#primaryimage\"},\"thumbnailUrl\":\"https:\\\/\\\/starlediluminacion.com\\\/wp-content\\\/uploads\\\/2024\\\/10\\\/flexible-led-neon-24v-13wm-reel-50m-6x12mm-blue-13.jpg\",\"datePublished\":\"2024-10-20T13:49:11+00:00\",\"dateModified\":\"2025-01-05T14:52:38+00:00\",\"breadcrumb\":{\"@id\":\"https:\\\/\\\/starlediluminacion.com\\\/producto\\\/neon-led-flexible-24v-13w-m-bobina-50m-6x12mm-naranja\\\/#breadcrumb\"},\"inLanguage\":\"de\",\"potentialAction\":[{\"@type\":\"ReadAction\",\"target\":[\"https:\\\/\\\/starlediluminacion.com\\\/producto\\\/neon-led-flexible-24v-13w-m-bobina-50m-6x12mm-naranja\\\/\"]}]},{\"@type\":\"ImageObject\",\"inLanguage\":\"de\",\"@id\":\"https:\\\/\\\/starlediluminacion.com\\\/producto\\\/neon-led-flexible-24v-13w-m-bobina-50m-6x12mm-naranja\\\/#primaryimage\",\"url\":\"https:\\\/\\\/starlediluminacion.com\\\/wp-content\\\/uploads\\\/2024\\\/10\\\/flexible-led-neon-24v-13wm-reel-50m-6x12mm-blue-13.jpg\",\"contentUrl\":\"https:\\\/\\\/starlediluminacion.com\\\/wp-content\\\/uploads\\\/2024\\\/10\\\/flexible-led-neon-24v-13wm-reel-50m-6x12mm-blue-13.jpg\",\"width\":744,\"height\":800},{\"@type\":\"BreadcrumbList\",\"@id\":\"https:\\\/\\\/starlediluminacion.com\\\/producto\\\/neon-led-flexible-24v-13w-m-bobina-50m-6x12mm-naranja\\\/#breadcrumb\",\"itemListElement\":[{\"@type\":\"ListItem\",\"position\":1,\"name\":\"Portada\",\"item\":\"https:\\\/\\\/starlediluminacion.com\\\/\"},{\"@type\":\"ListItem\",\"position\":2,\"name\":\"Shop\",\"item\":\"https:\\\/\\\/starlediluminacion.com\\\/shop-2\\\/\"},{\"@type\":\"ListItem\",\"position\":3,\"name\":\"Ne\u00f3n LED Flexible 24V &#8211; 13W\\\/m &#8211; Bobina 50m &#8211; 6x12mm &#8211; Naranja\"}]},{\"@type\":\"WebSite\",\"@id\":\"https:\\\/\\\/starlediluminacion.com\\\/#website\",\"url\":\"https:\\\/\\\/starlediluminacion.com\\\/\",\"name\":\"STARLED Iluminacion\",\"description\":\"\",\"potentialAction\":[{\"@type\":\"SearchAction\",\"target\":{\"@type\":\"EntryPoint\",\"urlTemplate\":\"https:\\\/\\\/starlediluminacion.com\\\/?s={search_term_string}\"},\"query-input\":{\"@type\":\"PropertyValueSpecification\",\"valueRequired\":true,\"valueName\":\"search_term_string\"}}],\"inLanguage\":\"de\"}]}<\/script>\n<!-- \/ Yoast SEO plugin. -->","yoast_head_json":{"title":"Ne\u00f3n LED Flexible 24V - 13W\/m - Bobina 50m - 6x12mm - Naranja - STARLED Iluminacion","robots":{"index":"index","follow":"follow","max-snippet":"max-snippet:-1","max-image-preview":"max-image-preview:large","max-video-preview":"max-video-preview:-1"},"canonical":"https:\/\/starlediluminacion.com\/de\/product\/neon-led-flexible-24v-13w-m-bobina-50m-6x12mm-naranja\/","og_locale":"de_DE","og_type":"article","og_title":"Ne\u00f3n LED Flexible 24V - 13W\/m - Bobina 50m - 6x12mm - Naranja - STARLED Iluminacion","og_description":"Referencia: SLNARANJA92011      El Ne\u00f3n LED flexible en bobina de 50m a 24V y 13W\/m es ideal para se\u00f1al\u00e9tica y decoraci\u00f3n impactantes.\u00a0\u00a0Con 120 diodos SMD 2835 por metro, ofrece una luminosidad excepcional que no se desvanece gracias a su construcci\u00f3n en silicona de alta calidad, resistente al amarilleo. Se corta cada 1cm y su flexibilidad \u00fanica permite doblarlo en cualquier forma que necesites. Con protecci\u00f3n IP65, es perfecto tanto para uso interior como exterior. \u00a1Da vida a tus proyectos con este Ne\u00f3n LED de alto rendimiento!","og_url":"https:\/\/starlediluminacion.com\/de\/product\/neon-led-flexible-24v-13w-m-bobina-50m-6x12mm-naranja\/","og_site_name":"STARLED Iluminacion","article_modified_time":"2025-01-05T14:52:38+00:00","og_image":[{"width":744,"height":800,"url":"https:\/\/starlediluminacion.com\/wp-content\/uploads\/2024\/10\/flexible-led-neon-24v-13wm-reel-50m-6x12mm-blue-13.jpg","type":"image\/jpeg"}],"twitter_card":"summary_large_image","twitter_misc":{"Gesch\u00e4tzte Lesezeit":"4\u00a0Minuten"},"schema":{"@context":"https:\/\/schema.org","@graph":[{"@type":"WebPage","@id":"https:\/\/starlediluminacion.com\/producto\/neon-led-flexible-24v-13w-m-bobina-50m-6x12mm-naranja\/","url":"https:\/\/starlediluminacion.com\/producto\/neon-led-flexible-24v-13w-m-bobina-50m-6x12mm-naranja\/","name":"Ne\u00f3n LED Flexible 24V - 13W\/m - Bobina 50m - 6x12mm - Naranja - STARLED Iluminacion","isPartOf":{"@id":"https:\/\/starlediluminacion.com\/#website"},"primaryImageOfPage":{"@id":"https:\/\/starlediluminacion.com\/producto\/neon-led-flexible-24v-13w-m-bobina-50m-6x12mm-naranja\/#primaryimage"},"image":{"@id":"https:\/\/starlediluminacion.com\/producto\/neon-led-flexible-24v-13w-m-bobina-50m-6x12mm-naranja\/#primaryimage"},"thumbnailUrl":"https:\/\/starlediluminacion.com\/wp-content\/uploads\/2024\/10\/flexible-led-neon-24v-13wm-reel-50m-6x12mm-blue-13.jpg","datePublished":"2024-10-20T13:49:11+00:00","dateModified":"2025-01-05T14:52:38+00:00","breadcrumb":{"@id":"https:\/\/starlediluminacion.com\/producto\/neon-led-flexible-24v-13w-m-bobina-50m-6x12mm-naranja\/#breadcrumb"},"inLanguage":"de","potentialAction":[{"@type":"ReadAction","target":["https:\/\/starlediluminacion.com\/producto\/neon-led-flexible-24v-13w-m-bobina-50m-6x12mm-naranja\/"]}]},{"@type":"ImageObject","inLanguage":"de","@id":"https:\/\/starlediluminacion.com\/producto\/neon-led-flexible-24v-13w-m-bobina-50m-6x12mm-naranja\/#primaryimage","url":"https:\/\/starlediluminacion.com\/wp-content\/uploads\/2024\/10\/flexible-led-neon-24v-13wm-reel-50m-6x12mm-blue-13.jpg","contentUrl":"https:\/\/starlediluminacion.com\/wp-content\/uploads\/2024\/10\/flexible-led-neon-24v-13wm-reel-50m-6x12mm-blue-13.jpg","width":744,"height":800},{"@type":"BreadcrumbList","@id":"https:\/\/starlediluminacion.com\/producto\/neon-led-flexible-24v-13w-m-bobina-50m-6x12mm-naranja\/#breadcrumb","itemListElement":[{"@type":"ListItem","position":1,"name":"Portada","item":"https:\/\/starlediluminacion.com\/"},{"@type":"ListItem","position":2,"name":"Shop","item":"https:\/\/starlediluminacion.com\/shop-2\/"},{"@type":"ListItem","position":3,"name":"Ne\u00f3n LED Flexible 24V &#8211; 13W\/m &#8211; Bobina 50m &#8211; 6x12mm &#8211; Naranja"}]},{"@type":"WebSite","@id":"https:\/\/starlediluminacion.com\/#website","url":"https:\/\/starlediluminacion.com\/","name":"STARLED Iluminacion","description":"","potentialAction":[{"@type":"SearchAction","target":{"@type":"EntryPoint","urlTemplate":"https:\/\/starlediluminacion.com\/?s={search_term_string}"},"query-input":{"@type":"PropertyValueSpecification","valueRequired":true,"valueName":"search_term_string"}}],"inLanguage":"de"}]}},"_links":{"self":[{"href":"https:\/\/starlediluminacion.com\/de\/wp-json\/wp\/v3\/product\/14220","targetHints":{"allow":["GET"]}}],"collection":[{"href":"https:\/\/starlediluminacion.com\/de\/wp-json\/wp\/v3\/product"}],"about":[{"href":"https:\/\/starlediluminacion.com\/de\/wp-json\/wp\/v2\/types\/product"}],"wp:featuredmedia":[{"embeddable":true,"href":"https:\/\/starlediluminacion.com\/de\/wp-json\/wp\/v2\/media\/14232"}],"wp:attachment":[{"href":"https:\/\/starlediluminacion.com\/de\/wp-json\/wp\/v2\/media?parent=14220"}],"wp:term":[{"taxonomy":"product_cat","embeddable":true,"href":"https:\/\/starlediluminacion.com\/de\/wp-json\/wp\/v2\/product_cat?post=14220"},{"taxonomy":"product_tag","embeddable":true,"href":"https:\/\/starlediluminacion.com\/de\/wp-json\/wp\/v2\/product_tag?post=14220"}],"curies":[{"name":"wp","href":"https:\/\/api.w.org\/{rel}","templated":true}]}}