{"id":13973,"date":"2024-09-15T09:47:32","date_gmt":"2024-09-15T09:47:32","guid":{"rendered":"https:\/\/starlediluminacion.com\/?post_type=product&#038;p=13973"},"modified":"2025-01-05T14:49:19","modified_gmt":"2025-01-05T14:49:19","slug":"foco-proyector-exterior-led-50w-avant-pro-osram-chip-duris-e-2835-5-anos-3","status":"publish","type":"product","link":"https:\/\/starlediluminacion.com\/de\/product\/foco-proyector-exterior-led-50w-avant-pro-osram-chip-duris-e-2835-5-anos-3\/","title":{"rendered":"<p>50W LED-Au\u00dfenstrahler - Avant Pro - OSRAM CHIP DURIS E 2835 - 5 Jahre<\/p>"},"content":{"rendered":"<h1>50W LED Au\u00dfenstrahler - Avant Pro - Osram Chip OSRAM CHIP DURIS E 2835 - 5 Jahre Garantie<p>Machen Sie sich bereit f\u00fcr die n\u00e4chste Generation der Beleuchtung mit dem&nbsp;<strong>LED-Flutlicht f\u00fcr den Au\u00dfenbereich<\/strong>&nbsp;-&nbsp;<strong>Avant Pro<\/strong>! Dieser beeindruckende, hochmoderne Scheinwerfer definiert Ihre Vorstellung von Helligkeit und Energieeffizienz v\u00f6llig neu. Pr\u00e4zise konstruiert und mit modernster Technologie ausgestattet, ist dieses Produkt die perfekte Wahl f\u00fcr alle, die eine au\u00dfergew\u00f6hnliche Au\u00dfenbeleuchtung suchen.<\/p><p>Das Herzst\u00fcck dieses Projektors ist der bekannte&nbsp;<strong>OSRAM DURIS E 2835 Chip<\/strong>, un hito en la innovaci&oacute;n tecnol&oacute;gica. Gracias a su exclusiva tecnolog&iacute;a de vanguardia, este chip ofrece un rendimiento excepcional que desaf&iacute;a los l&iacute;mites convencionales de la luminosidad. Con una asombrosa eficiencia de 185 l&uacute;menes por vatio (Lm\/W), este proyector emite una luz deslumbrante y n&iacute;tida que ilumina cada rinc&oacute;n de tu entorno exterior con una claridad sorprendente.<\/p><p>Vielseitigkeit und Langlebigkeit treffen im Design des Avant Pro - LED-Au\u00dfenstrahlers aufeinander. Pr\u00e4zisionsgefertigt aus einer Kombination von hochwertigem Aluminium und widerstandsf\u00e4higem Polykarbonat, ist dieser Scheinwerfer so konzipiert, dass er den Unbilden des Wetters und der Zeit standh\u00e4lt und \u00fcber Jahre hinweg eine gleichbleibende Leistung gew\u00e4hrleistet. Seine Bewertung&nbsp;<strong>IK10<\/strong>&nbsp;sch\u00fctzt sie vor St\u00f6\u00dfen und versehentlichen Besch\u00e4digungen und sorgt so f\u00fcr eine sorgenfreie, langfristige Investition in die Beleuchtung.<\/p><p>Noch nie war die Installation so einfach und sicher. Ausgestattet mit einem Stecker&nbsp;<strong>IP67<\/strong>Dieser Scheinwerfer l\u00e4sst sich schnell und effizient an das Stromnetz anschlie\u00dfen, ohne die Integrit\u00e4t des Systems zu beeintr\u00e4chtigen. Ob es um die Beleuchtung von G\u00e4rten, Fassaden, Spielpl\u00e4tzen oder Gewerbefl\u00e4chen geht, dieser Scheinwerfer bietet eine Beleuchtungsl\u00f6sung, die perfekt auf Ihre Bed\u00fcrfnisse abgestimmt ist.<\/p><p>Und das ist noch nicht alles: Vertrauen ist garantiert! Mit einer&nbsp;<strong>5 Jahre Garantie<\/strong>Mit dem Avant Pro k\u00f6nnen Sie sicher sein, dass Sie in ein Produkt investieren, das nicht nur Ihre Umgebung erhellt, sondern auch Ihren Seelenfrieden st\u00e4rkt. Der Avant Pro LED-Flutlichtstrahler f\u00fcr den Au\u00dfenbereich ist viel mehr als nur ein Flutlicht; er ist ein Statement f\u00fcr Exzellenz, Langlebigkeit und konkurrenzlose Leistung.<\/p><p>Au\u00dferdem sorgt die sofortige Ein- und Ausschaltfunktion f\u00fcr sofortige Beleuchtung ohne Wartezeit. Ob f\u00fcr besondere Veranstaltungen, kommerzielle Installationen oder f\u00fcr den Heimgebrauch - Sie m\u00fcssen nicht mehr darauf warten, dass sich das Licht langsam einschaltet. Bet\u00e4tigen Sie einfach den Schalter und genie\u00dfen Sie sofort helle Beleuchtung.<\/p><p>Durch die Schutzart IP65 ist dieser Scheinwerfer sowohl f\u00fcr den Innen- als auch f\u00fcr den Au\u00dfenbereich geeignet. Dank seiner Schutzart ist er in der Lage, rauen Wetterbedingungen wie Regen, Schnee oder Staub zu widerstehen. Ganz gleich, ob Sie ihn zur Beleuchtung eines Gartens, einer Fassade oder einer Gewerbefl\u00e4che ben\u00f6tigen, dieser Scheinwerfer ist so konzipiert, dass er auch dann noch optimal funktioniert.<\/p><p>Unser Scheinwerfer ist IK10! Maximale Best\u00e4ndigkeit gegen St\u00f6\u00dfe und Wetterbedingungen!<\/p><p>&nbsp;<\/p><p>Das Rampenlicht&nbsp;<strong>LED OSRAM CHIP<\/strong>&nbsp;ist vielseitig und kann in einer Vielzahl von Anwendungen eingesetzt werden. Einige der Orte, an denen dieses Flutlicht verwendet werden kann, sind:<\/p><ul>\n<li>Architekturbeleuchtung: Kann verwendet werden, um die Sch\u00f6nheit von Geb\u00e4uden, Denkm\u00e4lern, Br\u00fccken und anderen architektonischen Elementen hervorzuheben und zu verst\u00e4rken.<\/li>\n<li>Werbebeleuchtung: Ideal f\u00fcr die Beleuchtung von Plakaten, Postern, Schildern und Werbetafeln, um die Aufmerksamkeit des Publikums zu wecken und Informationen hervorzuheben.<\/li>\n<li>Dekorative Beleuchtung: Kann f\u00fcr dekorative Lichteffekte bei Veranstaltungen, in G\u00e4rten, Parks, auf Pl\u00e4tzen, Rastpl\u00e4tzen und anderen Au\u00dfenbereichen verwendet werden.<\/li>\n<li>Beleuchtung von Gesch\u00e4ftsr\u00e4umen: Sie eignet sich hervorragend, um Produkte in Auslagen, Schaufenstern, Einkaufspassagen und Gesch\u00e4ften hervorzuheben und die Aufmerksamkeit der Kunden auf die angebotenen Produkte oder Dienstleistungen zu lenken.<\/li>\n<li>Beleuchtung von Wohnh\u00e4usern: Kann in Innenh\u00f6fen, G\u00e4rten, Terrassen und Au\u00dfenbereichen von H\u00e4usern eingesetzt werden und bietet effiziente und sichere Beleuchtung f\u00fcr n\u00e4chtliche Aktivit\u00e4ten.<\/li>\n<li>Industrielle Beleuchtung: Sie eignet sich f\u00fcr die Beleuchtung von Arbeitsbereichen in Fabriken, Lagern, Werkst\u00e4tten und industriellen R\u00e4umen und verbessert die Sichtbarkeit und Sicherheit am Arbeitsplatz.<\/li>\n<li>Sicherheitsbeleuchtung: Kann in Sicherheitsbeleuchtungssystemen f\u00fcr Au\u00dfen- oder Innenbereiche verwendet werden und bietet helle und klare Beleuchtung, um potenzielle Gefahren zu erkennen.<\/li>\n<\/ul><p>&nbsp;<\/p><p>Der Osram Chip-LED-Fluter ist eine hervorragende Wahl f\u00fcr alle, die Qualit\u00e4t, Leistung und Effizienz in der Beleuchtung suchen. Sein hochmodernes Design, seine F\u00e4higkeit, den Energieverbrauch zu senken und seine Vielseitigkeit im Innen- und Au\u00dfenbereich machen ihn zur idealen Wahl f\u00fcr die Beleuchtung Ihrer Architektur-, Werbe- und Dekorationsprojekte. Geben Sie sich nicht mit weniger zufrieden, sondern entscheiden Sie sich mit dem Avant Pro LED-Flutlicht f\u00fcr eine hochmoderne Beleuchtung.<\/p><h3 class=\"h6\">Produktdatenblatt<\/h3><dl class=\"data-sheet\">\n<dt class=\"name\"><img loading=\"lazy\" decoding=\"async\" src=\"https:\/\/www.factorled.com\/modules\/oa_features\/img\/2-default.jpg\" width=\"32\" height=\"32\">&nbsp;REFERENZ<\/dt>\n<dd class=\"value\">FLOSR50W<\/dd>\n<dt class=\"name\"><img loading=\"lazy\" decoding=\"async\" src=\"https:\/\/www.factorled.com\/modules\/oa_features\/img\/3-default.jpg\" width=\"32\" height=\"32\">&nbsp;Nennleistung<\/dt>\n<dd class=\"value\">50w<\/dd>\n<dt class=\"name\"><img loading=\"lazy\" decoding=\"async\" src=\"https:\/\/www.factorled.com\/modules\/oa_features\/img\/4-default.jpg\" width=\"32\" height=\"32\">&nbsp;Nennspannung<\/dt>\n<dd class=\"value\">180-265V<\/dd>\n<dt class=\"name\"><img loading=\"lazy\" decoding=\"async\" src=\"https:\/\/www.factorled.com\/modules\/oa_features\/img\/5-default.jpg\" width=\"32\" height=\"32\">&nbsp;Licht Temperatur<\/dt>\n<dd class=\"value\">4000K-5700K<\/dd>\n<dt class=\"name\"><img loading=\"lazy\" decoding=\"async\" src=\"https:\/\/www.factorled.com\/modules\/oa_features\/img\/6-default.jpg\" width=\"32\" height=\"32\">&nbsp;CRI - Farbwiedergabe-Index<\/dt>\n<dd class=\"value\">80<\/dd>\n<dt class=\"name\"><img loading=\"lazy\" decoding=\"async\" src=\"https:\/\/www.factorled.com\/modules\/oa_features\/img\/25-default.jpg\" width=\"32\" height=\"32\">&nbsp;Baumaterial<\/dt>\n<dd class=\"value\">Aluminium +PC<\/dd>\n<dt class=\"name\"><img loading=\"lazy\" decoding=\"async\" src=\"https:\/\/www.factorled.com\/modules\/oa_features\/img\/8-default.jpg\" width=\"32\" height=\"32\">&nbsp;Leuchtkraft-Lm<\/dt>\n<dd class=\"value\">5750<\/dd>\n<dt class=\"name\"><img loading=\"lazy\" decoding=\"async\" src=\"https:\/\/www.factorled.com\/modules\/oa_features\/img\/9-default.jpg\" width=\"32\" height=\"32\">&nbsp;LED-Typ<\/dt>\n<dd class=\"value\">SMD 2835 OSRAM CHIP<\/dd>\n<dt class=\"name\"><img loading=\"lazy\" decoding=\"async\" src=\"https:\/\/www.factorled.com\/modules\/oa_features\/img\/10-default.jpg\" width=\"32\" height=\"32\">&nbsp;\u00d6ffnungswinkel (\u00ba)<\/dt>\n<dd class=\"value\">90\u00b0<\/dd>\n<dt class=\"name\"><img loading=\"lazy\" decoding=\"async\" src=\"https:\/\/www.factorled.com\/modules\/oa_features\/img\/12-default.jpg\" width=\"32\" height=\"32\">&nbsp;LED-Dioden-Wirkungsgrad (Lm\/W)<\/dt>\n<dd class=\"value\">140 Lm\/W<\/dd>\n<dt class=\"name\"><img loading=\"lazy\" decoding=\"async\" src=\"https:\/\/www.factorled.com\/modules\/oa_features\/img\/13-default.jpg\" width=\"32\" height=\"32\">&nbsp;Lichtausbeute (Lm\/W)<\/dt>\n<dd class=\"value\">115 Lm\/W<\/dd>\n<dt class=\"name\"><img loading=\"lazy\" decoding=\"async\" src=\"https:\/\/www.factorled.com\/modules\/oa_features\/img\/15-default.jpg\" width=\"32\" height=\"32\">&nbsp;Bescheinigungen<\/dt>\n<dd class=\"value\">CE - ROHS<\/dd>\n<dt class=\"name\"><img loading=\"lazy\" decoding=\"async\" src=\"https:\/\/www.factorled.com\/modules\/oa_features\/img\/16-default.jpg\" width=\"32\" height=\"32\">&nbsp;IP-Bewertung<\/dt>\n<dd class=\"value\">IP65-Au\u00dfenbereich<\/dd>\n<dt class=\"name\"><img loading=\"lazy\" decoding=\"async\" src=\"https:\/\/www.factorled.com\/modules\/oa_features\/img\/17-default.jpg\" width=\"32\" height=\"32\">&nbsp;Gesch\u00e4tzte Lebensdauer LED-Diode (H)<\/dt>\n<dd class=\"value\">50.000<\/dd>\n<dt class=\"name\"><img loading=\"lazy\" decoding=\"async\" src=\"https:\/\/www.factorled.com\/modules\/oa_features\/img\/18-default.jpg\" width=\"32\" height=\"32\">&nbsp;Messungen (Mm)<\/dt>\n<dd class=\"value\">193x167x26<\/dd>\n<dt class=\"name\"><img loading=\"lazy\" decoding=\"async\" src=\"https:\/\/www.factorled.com\/modules\/oa_features\/img\/20-default.jpg\" width=\"32\" height=\"32\">&nbsp;Leistungsfaktor (PF)<\/dt>\n<dd class=\"value\">0.95<\/dd>\n<dt class=\"name\"><img loading=\"lazy\" decoding=\"async\" src=\"https:\/\/www.factorled.com\/modules\/oa_features\/img\/21-default.jpg\" width=\"32\" height=\"32\">&nbsp;Arbeitsfrequenz (Hz)<\/dt>\n<dd class=\"value\">50\/60Hz<\/dd>\n<dt class=\"name\"><img loading=\"lazy\" decoding=\"async\" src=\"https:\/\/www.factorled.com\/modules\/oa_features\/img\/22-default.jpg\" width=\"32\" height=\"32\">&nbsp;Temperaturbereich (\u00baC)<\/dt>\n<dd class=\"value\">-20\u00b0C ~ +55\u00b0C<\/dd>\n<dt class=\"name\"><img loading=\"lazy\" decoding=\"async\" src=\"https:\/\/www.factorled.com\/modules\/oa_features\/img\/23-default.jpg\" width=\"32\" height=\"32\">&nbsp;Z\u00fcndungszyklen<\/dt>\n<dd class=\"value\">100.000<\/dd>\n<dt class=\"name\"><img loading=\"lazy\" decoding=\"async\" src=\"https:\/\/www.factorled.com\/modules\/oa_features\/img\/24-default.jpg\" width=\"32\" height=\"32\">&nbsp;Anlaufzeit (S)<\/dt>\n<dd class=\"value\">0,2s<\/dd>\n<dt class=\"name\"><img loading=\"lazy\" decoding=\"async\" src=\"https:\/\/www.factorled.com\/modules\/oa_features\/img\/26-default.jpg\" width=\"32\" height=\"32\">&nbsp;Zus\u00e4tzliche Informationen<\/dt>\n<dd class=\"value\">HOHE LEUCHTKRAFT<\/dd>\n<dt class=\"name\"><img loading=\"lazy\" decoding=\"async\" src=\"https:\/\/www.factorled.com\/modules\/oa_features\/img\/73-default.jpg\" width=\"32\" height=\"32\">&nbsp;Aufprallschutz (IK)<\/dt>\n<dd class=\"value\">IK10<\/dd>\n<dt class=\"name\"><img loading=\"lazy\" decoding=\"async\" src=\"https:\/\/www.factorled.com\/modules\/oa_features\/img\/7-default.jpg\" width=\"32\" height=\"32\">&nbsp;Energieklasse (2021-EU-2019\/2015)<\/dt>\n<dd class=\"value\">A+<\/dd>\n<dt class=\"name\"><img loading=\"lazy\" decoding=\"async\" src=\"https:\/\/www.factorled.com\/modules\/oa_features\/img\/101-default.jpg\" width=\"32\" height=\"32\">&nbsp;Energieklasse (2023 - EU-2019\/2015)<\/dt>\n<dd class=\"value\">E<\/dd>\n<dt class=\"name\"><img loading=\"lazy\" decoding=\"async\" src=\"https:\/\/www.factorled.com\/modules\/oa_features\/img\/75-default.jpg\" width=\"32\" height=\"32\">&nbsp;Garantie Jahre<\/dt>\n<dd class=\"value\">5<\/dd>\n<\/dl><\/h1>","protected":false},"excerpt":{"rendered":"<div class=\"product-reference\"><strong><label class=\"label\">Referenz:<\/label> SLFLOSR50W-NW-91931<\/strong>\n<div><\/div>\n<div class=\"product-description-short\">\n<div id=\"product-description-short-2986\">\n<p>Entdecken Sie die&nbsp;<strong>die neue Generation der Avant Pro Series 50W LED-Scheinwerfer,<\/strong>&nbsp;einen technologischen Durchbruch in&nbsp;<strong>Hoher Wirkungsgrad<\/strong>. Ausgestattet mit einem OSRAM DURIS E 2835 Chip bietet sie eine erstaunliche Helligkeit von bis zu<strong>&nbsp;185 Lm\/W.<\/strong>&nbsp;Mit seinem internen Netzteil verbessert dieser Scheinwerfer nicht nur seine Leistung, sondern verl\u00e4ngert auch seine Lebensdauer.&nbsp;<strong>Er verf\u00fcgt \u00fcber einen IP65-Schnellanschluss, der mit einer Hand bedient werden kann,<\/strong>&nbsp;und seine robuste Konstruktion&nbsp;<strong>IK10 und die Schutzart IP65<\/strong>&nbsp;macht sie staub- und wasserabweisend und garantiert Langlebigkeit und Zuverl\u00e4ssigkeit in jeder Umgebung. Ideal f\u00fcr alle, die auf der Suche nach Qualit\u00e4t und Effizienz in der Beleuchtung sind... Z\u00f6gern Sie nicht l\u00e4nger und holen Sie sich den OSRAM Chip Spotlight, bestellen Sie jetzt und erhalten Sie ihn schnell, und er kommt auch mit&nbsp;<strong>5 JAHRE GARANTIE!&nbsp;<\/strong><\/p>\n<p><strong>Farbtemperatur: 2700K \/ 4000K \/ 5700K<\/strong><\/p>\n<\/div>\n<\/div><\/div>","protected":false},"featured_media":13980,"template":"","meta":{"site-sidebar-layout":"default","site-content-layout":"default","ast-global-header-display":"","ast-main-header-display":"","ast-hfb-above-header-display":"","ast-hfb-below-header-display":"","ast-hfb-mobile-header-display":"","site-post-title":"","ast-breadcrumbs-content":"","ast-featured-img":"","footer-sml-layout":"","theme-transparent-header-meta":"default","adv-header-id-meta":"","stick-header-meta":"","header-above-stick-meta":"","header-main-stick-meta":"","header-below-stick-meta":""},"product_cat":[81,28],"product_tag":[],"class_list":["post-13973","product","type-product","status-publish","has-post-thumbnail","hentry","product_cat-foco-proyector-serie-avant","product_cat-proyectores-led-exterior-y-jardin"],"yoast_head":"<!-- This site is optimized with the Yoast SEO plugin v27.4 - https:\/\/yoast.com\/product\/yoast-seo-wordpress\/ -->\n<title>Foco Proyector Exterior LED 50W - Avant Pro - OSRAM CHIP DURIS E 2835 - 5 A\u00f1os - STARLED Iluminacion<\/title>\n<meta name=\"robots\" content=\"index, follow, max-snippet:-1, max-image-preview:large, max-video-preview:-1\" \/>\n<link rel=\"canonical\" href=\"https:\/\/starlediluminacion.com\/de\/product\/foco-proyector-exterior-led-50w-avant-pro-osram-chip-duris-e-2835-5-anos-3\/\" \/>\n<meta property=\"og:locale\" content=\"de_DE\" \/>\n<meta property=\"og:type\" content=\"article\" \/>\n<meta property=\"og:title\" content=\"Foco Proyector Exterior LED 50W - Avant Pro - OSRAM CHIP DURIS E 2835 - 5 A\u00f1os - STARLED Iluminacion\" \/>\n<meta property=\"og:description\" content=\"Referencia: SLFLOSR50W-NW-91931      Descubre la\u00a0nueva generaci\u00f3n de focos proyectores LED Serie Avant Pro 50W,\u00a0un avance tecnol\u00f3gico en\u00a0High Efficiency. Equipado con un chip OSRAM DURIS E 2835, ofrece una asombrosa luminosidad de hasta\u00a0185 Lm\/W.\u00a0Ahora con una fuente de alimentaci\u00f3n interna, este foco no solo mejora su rendimiento, sino que tambi\u00e9n extiende su vida \u00fatil.\u00a0Incorpora un conector r\u00e1pido IP65, manejable con una sola mano,\u00a0y su dise\u00f1o robusto\u00a0IK10 y su grado IP65\u00a0lo hace resistente al polvo y al agua, asegurando durabilidad y fiabilidad en cualquier entorno. Ideal para quienes buscan calidad y eficiencia en iluminaci\u00f3n.. No lo dudes m\u00e1s y hazte con el\u00a0Foco OSRAM Chip, p\u00eddelo ahora y rec\u00edbelo r\u00e1pido, y adem\u00e1s tiene\u00a05 A\u00d1OS de GARANT\u00cdA!\u00a0  Temperatura de Color: 2700K \/ 4000K \/ 5700K\" \/>\n<meta property=\"og:url\" content=\"https:\/\/starlediluminacion.com\/de\/product\/foco-proyector-exterior-led-50w-avant-pro-osram-chip-duris-e-2835-5-anos-3\/\" \/>\n<meta property=\"og:site_name\" content=\"STARLED Iluminacion\" \/>\n<meta property=\"article:modified_time\" content=\"2025-01-05T14:49:19+00:00\" \/>\n<meta property=\"og:image\" content=\"https:\/\/starlediluminacion.com\/wp-content\/uploads\/2024\/09\/foco-proyector-exterior-led-50w-avant-pro-osram-chip-duris-e-2835-5-anos.jpg\" \/>\n\t<meta property=\"og:image:width\" content=\"744\" \/>\n\t<meta property=\"og:image:height\" content=\"800\" \/>\n\t<meta property=\"og:image:type\" content=\"image\/jpeg\" \/>\n<meta name=\"twitter:card\" content=\"summary_large_image\" \/>\n<meta name=\"twitter:label1\" content=\"Gesch\u00e4tzte Lesezeit\" \/>\n\t<meta name=\"twitter:data1\" content=\"5\u00a0Minuten\" \/>\n<script type=\"application\/ld+json\" class=\"yoast-schema-graph\">{\"@context\":\"https:\\\/\\\/schema.org\",\"@graph\":[{\"@type\":\"WebPage\",\"@id\":\"https:\\\/\\\/starlediluminacion.com\\\/en\\\/product\\\/foco-proyector-exterior-led-50w-avant-pro-osram-chip-duris-e-2835-5-anos-3\\\/\",\"url\":\"https:\\\/\\\/starlediluminacion.com\\\/en\\\/product\\\/foco-proyector-exterior-led-50w-avant-pro-osram-chip-duris-e-2835-5-anos-3\\\/\",\"name\":\"Foco Proyector Exterior LED 50W - Avant Pro - OSRAM CHIP DURIS E 2835 - 5 A\u00f1os - STARLED Iluminacion\",\"isPartOf\":{\"@id\":\"https:\\\/\\\/starlediluminacion.com\\\/#website\"},\"primaryImageOfPage\":{\"@id\":\"https:\\\/\\\/starlediluminacion.com\\\/en\\\/product\\\/foco-proyector-exterior-led-50w-avant-pro-osram-chip-duris-e-2835-5-anos-3\\\/#primaryimage\"},\"image\":{\"@id\":\"https:\\\/\\\/starlediluminacion.com\\\/en\\\/product\\\/foco-proyector-exterior-led-50w-avant-pro-osram-chip-duris-e-2835-5-anos-3\\\/#primaryimage\"},\"thumbnailUrl\":\"https:\\\/\\\/starlediluminacion.com\\\/wp-content\\\/uploads\\\/2024\\\/09\\\/foco-proyector-exterior-led-50w-avant-pro-osram-chip-duris-e-2835-5-anos.jpg\",\"datePublished\":\"2024-09-15T09:47:32+00:00\",\"dateModified\":\"2025-01-05T14:49:19+00:00\",\"breadcrumb\":{\"@id\":\"https:\\\/\\\/starlediluminacion.com\\\/en\\\/product\\\/foco-proyector-exterior-led-50w-avant-pro-osram-chip-duris-e-2835-5-anos-3\\\/#breadcrumb\"},\"inLanguage\":\"de\",\"potentialAction\":[{\"@type\":\"ReadAction\",\"target\":[\"https:\\\/\\\/starlediluminacion.com\\\/en\\\/product\\\/foco-proyector-exterior-led-50w-avant-pro-osram-chip-duris-e-2835-5-anos-3\\\/\"]}]},{\"@type\":\"ImageObject\",\"inLanguage\":\"de\",\"@id\":\"https:\\\/\\\/starlediluminacion.com\\\/en\\\/product\\\/foco-proyector-exterior-led-50w-avant-pro-osram-chip-duris-e-2835-5-anos-3\\\/#primaryimage\",\"url\":\"https:\\\/\\\/starlediluminacion.com\\\/wp-content\\\/uploads\\\/2024\\\/09\\\/foco-proyector-exterior-led-50w-avant-pro-osram-chip-duris-e-2835-5-anos.jpg\",\"contentUrl\":\"https:\\\/\\\/starlediluminacion.com\\\/wp-content\\\/uploads\\\/2024\\\/09\\\/foco-proyector-exterior-led-50w-avant-pro-osram-chip-duris-e-2835-5-anos.jpg\",\"width\":744,\"height\":800},{\"@type\":\"BreadcrumbList\",\"@id\":\"https:\\\/\\\/starlediluminacion.com\\\/en\\\/product\\\/foco-proyector-exterior-led-50w-avant-pro-osram-chip-duris-e-2835-5-anos-3\\\/#breadcrumb\",\"itemListElement\":[{\"@type\":\"ListItem\",\"position\":1,\"name\":\"Portada\",\"item\":\"https:\\\/\\\/starlediluminacion.com\\\/\"},{\"@type\":\"ListItem\",\"position\":2,\"name\":\"Shop\",\"item\":\"https:\\\/\\\/starlediluminacion.com\\\/shop-2\\\/\"},{\"@type\":\"ListItem\",\"position\":3,\"name\":\"Foco Proyector Exterior LED 50W &#8211; Avant Pro &#8211; OSRAM CHIP DURIS E 2835 &#8211; 5 A\u00f1os\"}]},{\"@type\":\"WebSite\",\"@id\":\"https:\\\/\\\/starlediluminacion.com\\\/#website\",\"url\":\"https:\\\/\\\/starlediluminacion.com\\\/\",\"name\":\"STARLED Iluminacion\",\"description\":\"\",\"potentialAction\":[{\"@type\":\"SearchAction\",\"target\":{\"@type\":\"EntryPoint\",\"urlTemplate\":\"https:\\\/\\\/starlediluminacion.com\\\/?s={search_term_string}\"},\"query-input\":{\"@type\":\"PropertyValueSpecification\",\"valueRequired\":true,\"valueName\":\"search_term_string\"}}],\"inLanguage\":\"de\"}]}<\/script>\n<!-- \/ Yoast SEO plugin. -->","yoast_head_json":{"title":"Foco Proyector Exterior LED 50W - Avant Pro - OSRAM CHIP DURIS E 2835 - 5 A\u00f1os - STARLED Iluminacion","robots":{"index":"index","follow":"follow","max-snippet":"max-snippet:-1","max-image-preview":"max-image-preview:large","max-video-preview":"max-video-preview:-1"},"canonical":"https:\/\/starlediluminacion.com\/de\/product\/foco-proyector-exterior-led-50w-avant-pro-osram-chip-duris-e-2835-5-anos-3\/","og_locale":"de_DE","og_type":"article","og_title":"Foco Proyector Exterior LED 50W - Avant Pro - OSRAM CHIP DURIS E 2835 - 5 A\u00f1os - STARLED Iluminacion","og_description":"Referencia: SLFLOSR50W-NW-91931      Descubre la\u00a0nueva generaci\u00f3n de focos proyectores LED Serie Avant Pro 50W,\u00a0un avance tecnol\u00f3gico en\u00a0High Efficiency. Equipado con un chip OSRAM DURIS E 2835, ofrece una asombrosa luminosidad de hasta\u00a0185 Lm\/W.\u00a0Ahora con una fuente de alimentaci\u00f3n interna, este foco no solo mejora su rendimiento, sino que tambi\u00e9n extiende su vida \u00fatil.\u00a0Incorpora un conector r\u00e1pido IP65, manejable con una sola mano,\u00a0y su dise\u00f1o robusto\u00a0IK10 y su grado IP65\u00a0lo hace resistente al polvo y al agua, asegurando durabilidad y fiabilidad en cualquier entorno. Ideal para quienes buscan calidad y eficiencia en iluminaci\u00f3n.. No lo dudes m\u00e1s y hazte con el\u00a0Foco OSRAM Chip, p\u00eddelo ahora y rec\u00edbelo r\u00e1pido, y adem\u00e1s tiene\u00a05 A\u00d1OS de GARANT\u00cdA!\u00a0  Temperatura de Color: 2700K \/ 4000K \/ 5700K","og_url":"https:\/\/starlediluminacion.com\/de\/product\/foco-proyector-exterior-led-50w-avant-pro-osram-chip-duris-e-2835-5-anos-3\/","og_site_name":"STARLED Iluminacion","article_modified_time":"2025-01-05T14:49:19+00:00","og_image":[{"width":744,"height":800,"url":"https:\/\/starlediluminacion.com\/wp-content\/uploads\/2024\/09\/foco-proyector-exterior-led-50w-avant-pro-osram-chip-duris-e-2835-5-anos.jpg","type":"image\/jpeg"}],"twitter_card":"summary_large_image","twitter_misc":{"Gesch\u00e4tzte Lesezeit":"5\u00a0Minuten"},"schema":{"@context":"https:\/\/schema.org","@graph":[{"@type":"WebPage","@id":"https:\/\/starlediluminacion.com\/en\/product\/foco-proyector-exterior-led-50w-avant-pro-osram-chip-duris-e-2835-5-anos-3\/","url":"https:\/\/starlediluminacion.com\/en\/product\/foco-proyector-exterior-led-50w-avant-pro-osram-chip-duris-e-2835-5-anos-3\/","name":"Foco Proyector Exterior LED 50W - Avant Pro - OSRAM CHIP DURIS E 2835 - 5 A\u00f1os - STARLED Iluminacion","isPartOf":{"@id":"https:\/\/starlediluminacion.com\/#website"},"primaryImageOfPage":{"@id":"https:\/\/starlediluminacion.com\/en\/product\/foco-proyector-exterior-led-50w-avant-pro-osram-chip-duris-e-2835-5-anos-3\/#primaryimage"},"image":{"@id":"https:\/\/starlediluminacion.com\/en\/product\/foco-proyector-exterior-led-50w-avant-pro-osram-chip-duris-e-2835-5-anos-3\/#primaryimage"},"thumbnailUrl":"https:\/\/starlediluminacion.com\/wp-content\/uploads\/2024\/09\/foco-proyector-exterior-led-50w-avant-pro-osram-chip-duris-e-2835-5-anos.jpg","datePublished":"2024-09-15T09:47:32+00:00","dateModified":"2025-01-05T14:49:19+00:00","breadcrumb":{"@id":"https:\/\/starlediluminacion.com\/en\/product\/foco-proyector-exterior-led-50w-avant-pro-osram-chip-duris-e-2835-5-anos-3\/#breadcrumb"},"inLanguage":"de","potentialAction":[{"@type":"ReadAction","target":["https:\/\/starlediluminacion.com\/en\/product\/foco-proyector-exterior-led-50w-avant-pro-osram-chip-duris-e-2835-5-anos-3\/"]}]},{"@type":"ImageObject","inLanguage":"de","@id":"https:\/\/starlediluminacion.com\/en\/product\/foco-proyector-exterior-led-50w-avant-pro-osram-chip-duris-e-2835-5-anos-3\/#primaryimage","url":"https:\/\/starlediluminacion.com\/wp-content\/uploads\/2024\/09\/foco-proyector-exterior-led-50w-avant-pro-osram-chip-duris-e-2835-5-anos.jpg","contentUrl":"https:\/\/starlediluminacion.com\/wp-content\/uploads\/2024\/09\/foco-proyector-exterior-led-50w-avant-pro-osram-chip-duris-e-2835-5-anos.jpg","width":744,"height":800},{"@type":"BreadcrumbList","@id":"https:\/\/starlediluminacion.com\/en\/product\/foco-proyector-exterior-led-50w-avant-pro-osram-chip-duris-e-2835-5-anos-3\/#breadcrumb","itemListElement":[{"@type":"ListItem","position":1,"name":"Portada","item":"https:\/\/starlediluminacion.com\/"},{"@type":"ListItem","position":2,"name":"Shop","item":"https:\/\/starlediluminacion.com\/shop-2\/"},{"@type":"ListItem","position":3,"name":"Foco Proyector Exterior LED 50W &#8211; Avant Pro &#8211; OSRAM CHIP DURIS E 2835 &#8211; 5 A\u00f1os"}]},{"@type":"WebSite","@id":"https:\/\/starlediluminacion.com\/#website","url":"https:\/\/starlediluminacion.com\/","name":"STARLED Iluminacion","description":"","potentialAction":[{"@type":"SearchAction","target":{"@type":"EntryPoint","urlTemplate":"https:\/\/starlediluminacion.com\/?s={search_term_string}"},"query-input":{"@type":"PropertyValueSpecification","valueRequired":true,"valueName":"search_term_string"}}],"inLanguage":"de"}]}},"_links":{"self":[{"href":"https:\/\/starlediluminacion.com\/de\/wp-json\/wp\/v3\/product\/13973","targetHints":{"allow":["GET"]}}],"collection":[{"href":"https:\/\/starlediluminacion.com\/de\/wp-json\/wp\/v3\/product"}],"about":[{"href":"https:\/\/starlediluminacion.com\/de\/wp-json\/wp\/v2\/types\/product"}],"wp:featuredmedia":[{"embeddable":true,"href":"https:\/\/starlediluminacion.com\/de\/wp-json\/wp\/v2\/media\/13980"}],"wp:attachment":[{"href":"https:\/\/starlediluminacion.com\/de\/wp-json\/wp\/v2\/media?parent=13973"}],"wp:term":[{"taxonomy":"product_cat","embeddable":true,"href":"https:\/\/starlediluminacion.com\/de\/wp-json\/wp\/v2\/product_cat?post=13973"},{"taxonomy":"product_tag","embeddable":true,"href":"https:\/\/starlediluminacion.com\/de\/wp-json\/wp\/v2\/product_tag?post=13973"}],"curies":[{"name":"wp","href":"https:\/\/api.w.org\/{rel}","templated":true}]}}