{"id":13861,"date":"2024-09-15T08:23:36","date_gmt":"2024-09-15T08:23:36","guid":{"rendered":"https:\/\/starlediluminacion.com\/?post_type=product&#038;p=13861"},"modified":"2025-01-05T14:47:47","modified_gmt":"2025-01-05T14:47:47","slug":"placa-slim-led-circular-10w-acero-inox-cct-osram-chip-duris-e-2835","status":"publish","type":"product","link":"https:\/\/starlediluminacion.com\/de\/product\/schlanke-leuchtende-runde-platte-10w-acero-inox-cct-osram-chip-duris-e-2835-2\/","title":{"rendered":"<p>Schlankes rundes LED-Panel 10W Edelstahl - CCT - OSRAM CHIP DURIS E 2835<\/p>"},"content":{"rendered":"<h1>Schlankes rundes LED-Panel 10W Edelstahl - CCT - OSRAM CHIP DURIS E 2835<p>Entdecken Sie unser innovatives Sortiment an&nbsp;<strong>LED-Einbaupaneele<\/strong>&nbsp;Schlank mit Technik&nbsp;<strong>CCT<\/strong>entworfen, um Vielseitigkeit und Qualit\u00e4t bei der Beleuchtung Ihrer R\u00e4ume zu bieten.&nbsp;<strong>Mit Farbauswahlm\u00f6glichkeiten zwischen 2700K, 4000K und 5700K,<\/strong>&nbsp;ist diese Platte die perfekte Wahl f\u00fcr Ihre speziellen Beleuchtungsanforderungen.<\/p><p>Ausgestattet mit dem renommierten&nbsp;<strong>OSRAM DURIS E 2835 Chips,<\/strong>&nbsp;garantiert diese Platte eine au\u00dfergew\u00f6hnliche Helligkeit, die Ihre Umgebung gleichm\u00e4\u00dfig und effizient beleuchtet. Der weite \u00d6ffnungswinkel von 120\u00ba sorgt f\u00fcr eine gleichm\u00e4\u00dfige Lichtverteilung, die sich perfekt f\u00fcr jede Art von gewerblicher Einrichtung eignet, sei es in Wohnungen, B\u00fcros oder Gesch\u00e4ften.<\/p><p>Das Beste daran ist das moderne und attraktive Design, das sich perfekt in jede Umgebung einf\u00fcgt. Au\u00dferdem verf\u00fcgt er \u00fcber einen NO FLICK-Treiber, was bedeutet, dass Sie kein l\u00e4stiges Flackern erleben werden, und einen Farbwiedergabeindex von&nbsp;<strong>(CRI) von +85,<\/strong>&nbsp;die f\u00fcr nat\u00fcrlichere Farben und eine bessere Beleuchtung sorgen.<\/p><p>Mit unserem&nbsp;<strong>LED-Downlight<\/strong>&nbsp;Slim CCT genie\u00dfen Sie eine effiziente, vielseitige und hochwertige Beleuchtung, die sich an Ihre Bed\u00fcrfnisse anpasst und Ihren R\u00e4umen einen Hauch von Stil verleiht.<\/p><h2 dir=\"ltr\">Usos de la Placa Empotrable Slim LED Circular 10W&nbsp;&ndash; OSRAM CHIP<\/h2><ul>\n<li>Freizeitzentren<\/li>\n<li>Gesch\u00e4fte<\/li>\n<li>Einkaufszentren<\/li>\n<li>Hotels<\/li>\n<li>Restaurants<\/li>\n<li>Startseite<\/li>\n<\/ul><h3 class=\"h6\">Produktdatenblatt<\/h3><dl class=\"data-sheet\">\n<dt class=\"name\"><img loading=\"lazy\" decoding=\"async\" src=\"https:\/\/www.factorled.com\/modules\/oa_features\/img\/2-default.jpg\" width=\"32\" height=\"32\">&nbsp;REFERENZ<\/dt>\n<dd class=\"value\">PLRNP10WOSR-3CCT-91876<\/dd>\n<dt class=\"name\"><img loading=\"lazy\" decoding=\"async\" src=\"https:\/\/www.factorled.com\/modules\/oa_features\/img\/3-default.jpg\" width=\"32\" height=\"32\">&nbsp;Nennleistung<\/dt>\n<dd class=\"value\">10W<\/dd>\n<dt class=\"name\"><img loading=\"lazy\" decoding=\"async\" src=\"https:\/\/www.factorled.com\/modules\/oa_features\/img\/4-default.jpg\" width=\"32\" height=\"32\">&nbsp;Nennspannung<\/dt>\n<dd class=\"value\">85V-265V<\/dd>\n<dt class=\"name\"><img loading=\"lazy\" decoding=\"async\" src=\"https:\/\/www.factorled.com\/modules\/oa_features\/img\/5-default.jpg\" width=\"32\" height=\"32\">&nbsp;Licht Temperatur<\/dt>\n<dd class=\"value\">2700K - 4000K - 5700K<\/dd>\n<dt class=\"name\"><img loading=\"lazy\" decoding=\"async\" src=\"https:\/\/www.factorled.com\/modules\/oa_features\/img\/6-default.jpg\" width=\"32\" height=\"32\">&nbsp;CRI - Farbwiedergabe-Index<\/dt>\n<dd class=\"value\">85<\/dd>\n<dt class=\"name\"><img loading=\"lazy\" decoding=\"async\" src=\"https:\/\/www.factorled.com\/modules\/oa_features\/img\/25-default.jpg\" width=\"32\" height=\"32\">&nbsp;Baumaterial<\/dt>\n<dd class=\"value\">Stahl + ABS<\/dd>\n<dt class=\"name\"><img loading=\"lazy\" decoding=\"async\" src=\"https:\/\/www.factorled.com\/modules\/oa_features\/img\/25-default.jpg\" width=\"32\" height=\"32\">&nbsp;Baumaterial<\/dt>\n<dd class=\"value\">Aluminium +PC<\/dd>\n<dt class=\"name\"><img loading=\"lazy\" decoding=\"async\" src=\"https:\/\/www.factorled.com\/modules\/oa_features\/img\/8-default.jpg\" width=\"32\" height=\"32\">&nbsp;Leuchtkraft-Lm<\/dt>\n<dd class=\"value\">1000<\/dd>\n<dt class=\"name\"><img loading=\"lazy\" decoding=\"async\" src=\"https:\/\/www.factorled.com\/modules\/oa_features\/img\/9-default.jpg\" width=\"32\" height=\"32\">&nbsp;LED-Typ<\/dt>\n<dd class=\"value\">SMD 2835 OSRAM CHIP<\/dd>\n<dt class=\"name\"><img loading=\"lazy\" decoding=\"async\" src=\"https:\/\/www.factorled.com\/modules\/oa_features\/img\/10-default.jpg\" width=\"32\" height=\"32\">&nbsp;\u00d6ffnungswinkel (\u00ba)<\/dt>\n<dd class=\"value\">120\u00ba<\/dd>\n<dt class=\"name\"><img loading=\"lazy\" decoding=\"async\" src=\"https:\/\/www.factorled.com\/modules\/oa_features\/img\/12-default.jpg\" width=\"32\" height=\"32\">&nbsp;LED-Dioden-Wirkungsgrad (Lm\/W)<\/dt>\n<dd class=\"value\">140 Lm\/W<\/dd>\n<dt class=\"name\"><img loading=\"lazy\" decoding=\"async\" src=\"https:\/\/www.factorled.com\/modules\/oa_features\/img\/13-default.jpg\" width=\"32\" height=\"32\">&nbsp;Lichtausbeute (Lm\/W)<\/dt>\n<dd class=\"value\">100Lm\/W<\/dd>\n<dt class=\"name\"><img loading=\"lazy\" decoding=\"async\" src=\"https:\/\/www.factorled.com\/modules\/oa_features\/img\/11-default.jpg\" width=\"32\" height=\"32\">&nbsp;Abblendbar<\/dt>\n<dd class=\"value\">NO<\/dd>\n<dt class=\"name\"><img loading=\"lazy\" decoding=\"async\" src=\"https:\/\/www.factorled.com\/modules\/oa_features\/img\/15-default.jpg\" width=\"32\" height=\"32\">&nbsp;Bescheinigungen<\/dt>\n<dd class=\"value\">CE - ROHS<\/dd>\n<dt class=\"name\"><img loading=\"lazy\" decoding=\"async\" src=\"https:\/\/www.factorled.com\/modules\/oa_features\/img\/16-default.jpg\" width=\"32\" height=\"32\">&nbsp;IP-Bewertung<\/dt>\n<dd class=\"value\">IP20<\/dd>\n<dt class=\"name\"><img loading=\"lazy\" decoding=\"async\" src=\"https:\/\/www.factorled.com\/modules\/oa_features\/img\/17-default.jpg\" width=\"32\" height=\"32\">&nbsp;Gesch\u00e4tzte Lebensdauer LED-Diode (H)<\/dt>\n<dd class=\"value\">40.000<\/dd>\n<dt class=\"name\"><img loading=\"lazy\" decoding=\"async\" src=\"https:\/\/www.factorled.com\/modules\/oa_features\/img\/18-default.jpg\" width=\"32\" height=\"32\">&nbsp;Messungen (Mm)<\/dt>\n<dd class=\"value\">&Oslash;120x22mm<\/dd>\n<dt class=\"name\"><img loading=\"lazy\" decoding=\"async\" src=\"https:\/\/www.factorled.com\/modules\/oa_features\/img\/21-default.jpg\" width=\"32\" height=\"32\">&nbsp;Arbeitsfrequenz (Hz)<\/dt>\n<dd class=\"value\">50\/60Hz<\/dd>\n<dt class=\"name\"><img loading=\"lazy\" decoding=\"async\" src=\"https:\/\/www.factorled.com\/modules\/oa_features\/img\/22-default.jpg\" width=\"32\" height=\"32\">&nbsp;Temperaturbereich (\u00baC)<\/dt>\n<dd class=\"value\">-20\u00b0C ~ +55\u00b0C<\/dd>\n<dt class=\"name\"><img loading=\"lazy\" decoding=\"async\" src=\"https:\/\/www.factorled.com\/modules\/oa_features\/img\/23-default.jpg\" width=\"32\" height=\"32\">&nbsp;Z\u00fcndungszyklen<\/dt>\n<dd class=\"value\">100.000<\/dd>\n<dt class=\"name\"><img loading=\"lazy\" decoding=\"async\" src=\"https:\/\/www.factorled.com\/modules\/oa_features\/img\/24-default.jpg\" width=\"32\" height=\"32\">&nbsp;Anlaufzeit (S)<\/dt>\n<dd class=\"value\">0,2s<\/dd>\n<dt class=\"name\"><img loading=\"lazy\" decoding=\"async\" src=\"https:\/\/www.factorled.com\/modules\/oa_features\/img\/27-default.jpg\" width=\"32\" height=\"32\">&nbsp;Deckenschnitt (Mm)<\/dt>\n<dd class=\"value\">\u00d8110mm<\/dd>\n<dt class=\"name\"><img loading=\"lazy\" decoding=\"async\" src=\"https:\/\/www.factorled.com\/modules\/oa_features\/img\/74-default.jpg\" width=\"32\" height=\"32\">&nbsp;Inklusive Treiber<\/dt>\n<dd class=\"value\">KEIN FLICK-TREIBER - KEIN FLIMMERN<\/dd>\n<dt class=\"name\"><img loading=\"lazy\" decoding=\"async\" src=\"https:\/\/www.factorled.com\/modules\/oa_features\/img\/7-default.jpg\" width=\"32\" height=\"32\">&nbsp;Energieklasse (2021-EU-2019\/2015)<\/dt>\n<dd class=\"value\">A+<\/dd>\n<dt class=\"name\"><img loading=\"lazy\" decoding=\"async\" src=\"https:\/\/www.factorled.com\/modules\/oa_features\/img\/101-default.jpg\" width=\"32\" height=\"32\">&nbsp;Energieklasse (2023 - EU-2019\/2015)<\/dt>\n<dd class=\"value\">F<\/dd>\n<dt class=\"name\"><img loading=\"lazy\" decoding=\"async\" src=\"https:\/\/www.factorled.com\/modules\/oa_features\/img\/75-default.jpg\" width=\"32\" height=\"32\">&nbsp;Garantie Jahre<\/dt>\n<dd class=\"value\">3<\/dd>\n<\/dl><\/h1>","protected":false},"excerpt":{"rendered":"<div class=\"product-reference\"><strong><label class=\"label\">Referenz:<\/label> SLPLRNP10WOSR-3CCT-91876<\/strong>\n<div><\/div>\n<div class=\"product-description-short\">\n<div id=\"product-description-short-3630\">\n<p>Entdecken Sie unser neues Angebot an&nbsp;<strong>Schlanke LED-Einbaupaneele - Edelstahl -&nbsp;<\/strong>mit Technologie<strong>&nbsp;CCT,<\/strong>&nbsp;die perfekte L\u00f6sung f\u00fcr eine vielseitige und hochwertige Beleuchtung. Mit Farboptionen zwischen&nbsp;<strong>2700K, 4000K und 5700K<\/strong>diese&nbsp;<strong>kreisf\u00f6rmiges Downlight<\/strong>&nbsp;von&nbsp;<strong>10W&nbsp;<\/strong>ausgestattet mit&nbsp;<strong>OSRAM DURIS E 2835<\/strong>&nbsp;bietet au\u00dfergew\u00f6hnliche Helligkeit f\u00fcr jede kommerzielle Umgebung.<\/p>\n<p>Das moderne Design, der \u00d6ffnungswinkel von 120\u00b0 und die&nbsp;<strong>Fahrer NO FLICK<\/strong>&nbsp;garantieren eine gleichm\u00e4\u00dfige, flimmerfreie Beleuchtung mit nat\u00fcrlichen Farben - heben Sie Ihre R\u00e4ume mit diesem hochwertigen LED-Downlight hervor!<\/p>\n<\/div>\n<\/div><\/div>","protected":false},"featured_media":13869,"template":"","meta":{"site-sidebar-layout":"default","site-content-layout":"default","ast-global-header-display":"","ast-main-header-display":"","ast-hfb-above-header-display":"","ast-hfb-below-header-display":"","ast-hfb-mobile-header-display":"","site-post-title":"","ast-breadcrumbs-content":"","ast-featured-img":"","footer-sml-layout":"","theme-transparent-header-meta":"default","adv-header-id-meta":"","stick-header-meta":"","header-above-stick-meta":"","header-main-stick-meta":"","header-below-stick-meta":""},"product_cat":[68,27],"product_tag":[],"class_list":["post-13861","product","type-product","status-publish","has-post-thumbnail","hentry","product_cat-downlight-extraplano-slim-led","product_cat-downlight-plafones-y-placas-led"],"yoast_head":"<!-- This site is optimized with the Yoast SEO plugin v27.4 - https:\/\/yoast.com\/product\/yoast-seo-wordpress\/ -->\n<title>Placa Slim LED Circular 10W Acero Inox - CCT - OSRAM CHIP DURIS E 2835 - STARLED Iluminacion<\/title>\n<meta name=\"robots\" content=\"index, follow, max-snippet:-1, max-image-preview:large, max-video-preview:-1\" \/>\n<link rel=\"canonical\" href=\"https:\/\/starlediluminacion.com\/de\/product\/placa-circular-fina-com-leds-10w-acero-inox-cct-osram-chip-duris-e-2835-2\/\" \/>\n<meta property=\"og:locale\" content=\"de_DE\" \/>\n<meta property=\"og:type\" content=\"article\" \/>\n<meta property=\"og:title\" content=\"Placa Slim LED Circular 10W Acero Inox - CCT - OSRAM CHIP DURIS E 2835 - STARLED Iluminacion\" \/>\n<meta property=\"og:description\" content=\"Referencia: SLPLRNP10WOSR-3CCT-91876      Descubre nuestra nueva gama de\u00a0Placas Empotrables LED Slim - Acero inox -\u00a0con tecnolog\u00eda\u00a0CCT,\u00a0la soluci\u00f3n perfecta para una iluminaci\u00f3n vers\u00e1til y de calidad. Con opciones de color entre\u00a02700K, 4000K y 5700K, este\u00a0downlight circular\u00a0de\u00a010W\u00a0equipada con\u00a0OSRAM DURIS E 2835\u00a0ofrece una luminosidad excepcional para cualquier entorno comercial.  Su dise\u00f1o moderno, \u00e1ngulo de apertura de 120\u00ba y\u00a0driver NO FLICK\u00a0garantizan una iluminaci\u00f3n uniforme, sin parpadeos y con colores naturales. \u00a1Haz que tus espacios destaquen con esta Placa Empotrable LED de calidad!\" \/>\n<meta property=\"og:url\" content=\"https:\/\/starlediluminacion.com\/de\/product\/placa-circular-fina-com-leds-10w-acero-inox-cct-osram-chip-duris-e-2835-2\/\" \/>\n<meta property=\"og:site_name\" content=\"STARLED Iluminacion\" \/>\n<meta property=\"article:modified_time\" content=\"2025-01-05T14:47:47+00:00\" \/>\n<meta property=\"og:image\" content=\"https:\/\/starlediluminacion.com\/wp-content\/uploads\/2024\/09\/placa-slim-led-circular-10w-acero-inox-cct-osram-chip-duris-e-2835.jpg\" \/>\n\t<meta property=\"og:image:width\" content=\"744\" \/>\n\t<meta property=\"og:image:height\" content=\"800\" \/>\n\t<meta property=\"og:image:type\" content=\"image\/jpeg\" \/>\n<meta name=\"twitter:card\" content=\"summary_large_image\" \/>\n<meta name=\"twitter:label1\" content=\"Gesch\u00e4tzte Lesezeit\" \/>\n\t<meta name=\"twitter:data1\" content=\"2\u00a0Minuten\" \/>\n<script type=\"application\/ld+json\" class=\"yoast-schema-graph\">{\"@context\":\"https:\\\/\\\/schema.org\",\"@graph\":[{\"@type\":\"WebPage\",\"@id\":\"https:\\\/\\\/starlediluminacion.com\\\/pt\\\/product\\\/placa-circular-fina-com-leds-10w-acero-inox-cct-osram-chip-duris-e-2835-2\\\/\",\"url\":\"https:\\\/\\\/starlediluminacion.com\\\/pt\\\/product\\\/placa-circular-fina-com-leds-10w-acero-inox-cct-osram-chip-duris-e-2835-2\\\/\",\"name\":\"Placa Slim LED Circular 10W Acero Inox - CCT - OSRAM CHIP DURIS E 2835 - STARLED Iluminacion\",\"isPartOf\":{\"@id\":\"https:\\\/\\\/starlediluminacion.com\\\/#website\"},\"primaryImageOfPage\":{\"@id\":\"https:\\\/\\\/starlediluminacion.com\\\/pt\\\/product\\\/placa-circular-fina-com-leds-10w-acero-inox-cct-osram-chip-duris-e-2835-2\\\/#primaryimage\"},\"image\":{\"@id\":\"https:\\\/\\\/starlediluminacion.com\\\/pt\\\/product\\\/placa-circular-fina-com-leds-10w-acero-inox-cct-osram-chip-duris-e-2835-2\\\/#primaryimage\"},\"thumbnailUrl\":\"https:\\\/\\\/starlediluminacion.com\\\/wp-content\\\/uploads\\\/2024\\\/09\\\/placa-slim-led-circular-10w-acero-inox-cct-osram-chip-duris-e-2835.jpg\",\"datePublished\":\"2024-09-15T08:23:36+00:00\",\"dateModified\":\"2025-01-05T14:47:47+00:00\",\"breadcrumb\":{\"@id\":\"https:\\\/\\\/starlediluminacion.com\\\/pt\\\/product\\\/placa-circular-fina-com-leds-10w-acero-inox-cct-osram-chip-duris-e-2835-2\\\/#breadcrumb\"},\"inLanguage\":\"de\",\"potentialAction\":[{\"@type\":\"ReadAction\",\"target\":[\"https:\\\/\\\/starlediluminacion.com\\\/pt\\\/product\\\/placa-circular-fina-com-leds-10w-acero-inox-cct-osram-chip-duris-e-2835-2\\\/\"]}]},{\"@type\":\"ImageObject\",\"inLanguage\":\"de\",\"@id\":\"https:\\\/\\\/starlediluminacion.com\\\/pt\\\/product\\\/placa-circular-fina-com-leds-10w-acero-inox-cct-osram-chip-duris-e-2835-2\\\/#primaryimage\",\"url\":\"https:\\\/\\\/starlediluminacion.com\\\/wp-content\\\/uploads\\\/2024\\\/09\\\/placa-slim-led-circular-10w-acero-inox-cct-osram-chip-duris-e-2835.jpg\",\"contentUrl\":\"https:\\\/\\\/starlediluminacion.com\\\/wp-content\\\/uploads\\\/2024\\\/09\\\/placa-slim-led-circular-10w-acero-inox-cct-osram-chip-duris-e-2835.jpg\",\"width\":744,\"height\":800},{\"@type\":\"BreadcrumbList\",\"@id\":\"https:\\\/\\\/starlediluminacion.com\\\/pt\\\/product\\\/placa-circular-fina-com-leds-10w-acero-inox-cct-osram-chip-duris-e-2835-2\\\/#breadcrumb\",\"itemListElement\":[{\"@type\":\"ListItem\",\"position\":1,\"name\":\"Portada\",\"item\":\"https:\\\/\\\/starlediluminacion.com\\\/\"},{\"@type\":\"ListItem\",\"position\":2,\"name\":\"Shop\",\"item\":\"https:\\\/\\\/starlediluminacion.com\\\/shop-2\\\/\"},{\"@type\":\"ListItem\",\"position\":3,\"name\":\"Placa Slim LED Circular 10W Acero Inox &#8211; CCT &#8211; OSRAM CHIP DURIS E 2835\"}]},{\"@type\":\"WebSite\",\"@id\":\"https:\\\/\\\/starlediluminacion.com\\\/#website\",\"url\":\"https:\\\/\\\/starlediluminacion.com\\\/\",\"name\":\"STARLED Iluminacion\",\"description\":\"\",\"potentialAction\":[{\"@type\":\"SearchAction\",\"target\":{\"@type\":\"EntryPoint\",\"urlTemplate\":\"https:\\\/\\\/starlediluminacion.com\\\/?s={search_term_string}\"},\"query-input\":{\"@type\":\"PropertyValueSpecification\",\"valueRequired\":true,\"valueName\":\"search_term_string\"}}],\"inLanguage\":\"de\"}]}<\/script>\n<!-- \/ Yoast SEO plugin. -->","yoast_head_json":{"title":"Placa Slim LED Circular 10W Acero Inox - CCT - OSRAM CHIP DURIS E 2835 - STARLED Iluminacion","robots":{"index":"index","follow":"follow","max-snippet":"max-snippet:-1","max-image-preview":"max-image-preview:large","max-video-preview":"max-video-preview:-1"},"canonical":"https:\/\/starlediluminacion.com\/de\/product\/placa-circular-fina-com-leds-10w-acero-inox-cct-osram-chip-duris-e-2835-2\/","og_locale":"de_DE","og_type":"article","og_title":"Placa Slim LED Circular 10W Acero Inox - CCT - OSRAM CHIP DURIS E 2835 - STARLED Iluminacion","og_description":"Referencia: SLPLRNP10WOSR-3CCT-91876      Descubre nuestra nueva gama de\u00a0Placas Empotrables LED Slim - Acero inox -\u00a0con tecnolog\u00eda\u00a0CCT,\u00a0la soluci\u00f3n perfecta para una iluminaci\u00f3n vers\u00e1til y de calidad. Con opciones de color entre\u00a02700K, 4000K y 5700K, este\u00a0downlight circular\u00a0de\u00a010W\u00a0equipada con\u00a0OSRAM DURIS E 2835\u00a0ofrece una luminosidad excepcional para cualquier entorno comercial.  Su dise\u00f1o moderno, \u00e1ngulo de apertura de 120\u00ba y\u00a0driver NO FLICK\u00a0garantizan una iluminaci\u00f3n uniforme, sin parpadeos y con colores naturales. \u00a1Haz que tus espacios destaquen con esta Placa Empotrable LED de calidad!","og_url":"https:\/\/starlediluminacion.com\/de\/product\/placa-circular-fina-com-leds-10w-acero-inox-cct-osram-chip-duris-e-2835-2\/","og_site_name":"STARLED Iluminacion","article_modified_time":"2025-01-05T14:47:47+00:00","og_image":[{"width":744,"height":800,"url":"https:\/\/starlediluminacion.com\/wp-content\/uploads\/2024\/09\/placa-slim-led-circular-10w-acero-inox-cct-osram-chip-duris-e-2835.jpg","type":"image\/jpeg"}],"twitter_card":"summary_large_image","twitter_misc":{"Gesch\u00e4tzte Lesezeit":"2\u00a0Minuten"},"schema":{"@context":"https:\/\/schema.org","@graph":[{"@type":"WebPage","@id":"https:\/\/starlediluminacion.com\/pt\/product\/placa-circular-fina-com-leds-10w-acero-inox-cct-osram-chip-duris-e-2835-2\/","url":"https:\/\/starlediluminacion.com\/pt\/product\/placa-circular-fina-com-leds-10w-acero-inox-cct-osram-chip-duris-e-2835-2\/","name":"Placa Slim LED Circular 10W Acero Inox - CCT - OSRAM CHIP DURIS E 2835 - STARLED Iluminacion","isPartOf":{"@id":"https:\/\/starlediluminacion.com\/#website"},"primaryImageOfPage":{"@id":"https:\/\/starlediluminacion.com\/pt\/product\/placa-circular-fina-com-leds-10w-acero-inox-cct-osram-chip-duris-e-2835-2\/#primaryimage"},"image":{"@id":"https:\/\/starlediluminacion.com\/pt\/product\/placa-circular-fina-com-leds-10w-acero-inox-cct-osram-chip-duris-e-2835-2\/#primaryimage"},"thumbnailUrl":"https:\/\/starlediluminacion.com\/wp-content\/uploads\/2024\/09\/placa-slim-led-circular-10w-acero-inox-cct-osram-chip-duris-e-2835.jpg","datePublished":"2024-09-15T08:23:36+00:00","dateModified":"2025-01-05T14:47:47+00:00","breadcrumb":{"@id":"https:\/\/starlediluminacion.com\/pt\/product\/placa-circular-fina-com-leds-10w-acero-inox-cct-osram-chip-duris-e-2835-2\/#breadcrumb"},"inLanguage":"de","potentialAction":[{"@type":"ReadAction","target":["https:\/\/starlediluminacion.com\/pt\/product\/placa-circular-fina-com-leds-10w-acero-inox-cct-osram-chip-duris-e-2835-2\/"]}]},{"@type":"ImageObject","inLanguage":"de","@id":"https:\/\/starlediluminacion.com\/pt\/product\/placa-circular-fina-com-leds-10w-acero-inox-cct-osram-chip-duris-e-2835-2\/#primaryimage","url":"https:\/\/starlediluminacion.com\/wp-content\/uploads\/2024\/09\/placa-slim-led-circular-10w-acero-inox-cct-osram-chip-duris-e-2835.jpg","contentUrl":"https:\/\/starlediluminacion.com\/wp-content\/uploads\/2024\/09\/placa-slim-led-circular-10w-acero-inox-cct-osram-chip-duris-e-2835.jpg","width":744,"height":800},{"@type":"BreadcrumbList","@id":"https:\/\/starlediluminacion.com\/pt\/product\/placa-circular-fina-com-leds-10w-acero-inox-cct-osram-chip-duris-e-2835-2\/#breadcrumb","itemListElement":[{"@type":"ListItem","position":1,"name":"Portada","item":"https:\/\/starlediluminacion.com\/"},{"@type":"ListItem","position":2,"name":"Shop","item":"https:\/\/starlediluminacion.com\/shop-2\/"},{"@type":"ListItem","position":3,"name":"Placa Slim LED Circular 10W Acero Inox &#8211; CCT &#8211; OSRAM CHIP DURIS E 2835"}]},{"@type":"WebSite","@id":"https:\/\/starlediluminacion.com\/#website","url":"https:\/\/starlediluminacion.com\/","name":"STARLED Iluminacion","description":"","potentialAction":[{"@type":"SearchAction","target":{"@type":"EntryPoint","urlTemplate":"https:\/\/starlediluminacion.com\/?s={search_term_string}"},"query-input":{"@type":"PropertyValueSpecification","valueRequired":true,"valueName":"search_term_string"}}],"inLanguage":"de"}]}},"_links":{"self":[{"href":"https:\/\/starlediluminacion.com\/de\/wp-json\/wp\/v3\/product\/13861","targetHints":{"allow":["GET"]}}],"collection":[{"href":"https:\/\/starlediluminacion.com\/de\/wp-json\/wp\/v3\/product"}],"about":[{"href":"https:\/\/starlediluminacion.com\/de\/wp-json\/wp\/v2\/types\/product"}],"wp:featuredmedia":[{"embeddable":true,"href":"https:\/\/starlediluminacion.com\/de\/wp-json\/wp\/v2\/media\/13869"}],"wp:attachment":[{"href":"https:\/\/starlediluminacion.com\/de\/wp-json\/wp\/v2\/media?parent=13861"}],"wp:term":[{"taxonomy":"product_cat","embeddable":true,"href":"https:\/\/starlediluminacion.com\/de\/wp-json\/wp\/v2\/product_cat?post=13861"},{"taxonomy":"product_tag","embeddable":true,"href":"https:\/\/starlediluminacion.com\/de\/wp-json\/wp\/v2\/product_tag?post=13861"}],"curies":[{"name":"wp","href":"https:\/\/api.w.org\/{rel}","templated":true}]}}