{"id":13834,"date":"2024-08-04T11:05:31","date_gmt":"2024-08-04T11:05:31","guid":{"rendered":"https:\/\/starlediluminacion.com\/?post_type=product&#038;p=13834"},"modified":"2025-01-05T14:47:32","modified_gmt":"2025-01-05T14:47:32","slug":"foco-led-40w-26w-new-maya-negro-carril-trifasico-cct-cri92-ugr13-high-lumen","status":"publish","type":"product","link":"https:\/\/starlediluminacion.com\/de\/product\/gluhbirne-led-40w-26w-neu-maya-schwarz-schwarz-schienen-triphase-cct-cri92-ugr13-high-lumen-2\/","title":{"rendered":"<p>LED-Strahler 40W - 26W NEW MAYA Black THREE-PHASE Track - CCT - CRI+92 - UGR13 - HIGH LUMEN<\/p>"},"content":{"rendered":"<h1>40W - 26W NEW MAYA Schwarzer LED-Strahler THREE-PHASE Track - CCT - CRI+92 - UGR13<p>&nbsp;<\/p><p>Entdecken Sie die Vielseitigkeit des&nbsp;<strong>LED-Schienenstrahler Modell NEW MAYA,<\/strong>&nbsp;eine Beleuchtungsl\u00f6sung, die Ihnen die volle Kontrolle \u00fcber Ihre Lichtumgebung gibt. Passen Sie die Farbtemperatur an (<strong>CCT<\/strong>) und w\u00e4hlen Sie aus voreingestellten Leistungen von&nbsp;<strong>40W - 38W - 36W - 34W - 34W - 32W - 30W - 28W - 26W<\/strong>&nbsp;um Ihre spezifischen Bed\u00fcrfnisse zu erf\u00fcllen. Mit einer beeindruckenden&nbsp;<strong>CRI +92<\/strong>Dieser Strahler garantiert lebendige und authentische Farben, die perfekt geeignet sind, um Details hervorzuheben und fesselnde Stimmungen zu schaffen.<\/p><p>Dieser Scheinwerfer ist mit einer hochmodernen halbkugelf\u00f6rmigen PMMA-Kollimationslinse und einem gebogenen rautenf\u00f6rmigen Reflektor aus poliertem Aluminium ausgestattet. Er bietet ein konzentrierteres Grundlicht und einen gr\u00f6\u00dferen Abstrahlwinkel (24\u00b0 prim\u00e4r und 60\u00b0 sekund\u00e4r), um Objekte hervorzuheben, ohne ausgepr\u00e4gte Schatten zu erzeugen.<\/p><p>Der Projektor ist ideal f\u00fcr kommerzielle Umgebungen und verf\u00fcgt \u00fcber einen 60\u00b0-Reflektor, der den \u00d6ffnungswinkel vergr\u00f6\u00dfert und sich perfekt f\u00fcr niedrige Decken oder zur Hervorhebung gr\u00f6\u00dferer Objekte eignet.<\/p><p>Mit einer beeindruckenden&nbsp;<strong>CRI +92<\/strong>Unser Projektor zeichnet sich durch seine au\u00dfergew\u00f6hnliche Farbleistung aus, die gestochen scharfe, naturgetreue Farben wiedergibt.<\/p><p>Obwohl die Lampe auf 40 W voreingestellt ist, kann die Leistung mit der Treiberkappe auf 38 W, 36 W, 34 W oder 26 W eingestellt werden, indem die Ausgangs-Milliamperezahl angepasst wird.<\/p><p>Blendungsbegrenzung mit niedrigem Blendungsindex&nbsp;<strong>UGR13<\/strong>&nbsp;sorgt f\u00fcr komfortable und professionelle Beleuchtung in jeder Umgebung.<\/p><p>Ausgestattet mit einer leistungsstarken Diode&nbsp;<strong>COB BRIDGELUX CHIP<\/strong>&nbsp;Mit 2240 DS-C30-Kernen bietet unser Strahler eine au\u00dfergew\u00f6hnliche Lichtleistung. Dar\u00fcber hinaus ist der Treiber mit<strong>&nbsp;KEIN FLICK<\/strong>&nbsp;sorgt f\u00fcr eine konstante, flimmerfreie Beleuchtung.<\/p><p>&nbsp;<\/p><h2>Verwendungsm\u00f6glichkeiten des LED-Strahlers 40W - 26W NEW MAYA Black TRI-PHASE TRACK - CCT - CRI+92 - UGR13<\/h2><ul>\n<li>Schaufenster<\/li>\n<li>\u00c4mter<\/li>\n<li>Kunstgalerien<\/li>\n<li>Museen<\/li>\n<\/ul><p>Entdecken Sie die Qualit\u00e4t und Vielseitigkeit des NEUEN MAYA LED-Schienenstrahlers, der Ihre R\u00e4ume mit Stil und Effizienz verwandelt.<\/p><h3 class=\"h6\">Produktdatenblatt<\/h3><dl class=\"data-sheet\">\n<dt class=\"name\"><img loading=\"lazy\" decoding=\"async\" src=\"https:\/\/www.factorled.com\/modules\/oa_features\/img\/2-default.jpg\" width=\"32\" height=\"32\">&nbsp;REFERENZ<\/dt>\n<dd class=\"value\">90847-CCT<\/dd>\n<dt class=\"name\"><img loading=\"lazy\" decoding=\"async\" src=\"https:\/\/www.factorled.com\/modules\/oa_features\/img\/3-default.jpg\" width=\"32\" height=\"32\">&nbsp;Nennleistung<\/dt>\n<dd class=\"value\">40w<\/dd>\n<dt class=\"name\"><img loading=\"lazy\" decoding=\"async\" src=\"https:\/\/www.factorled.com\/modules\/oa_features\/img\/4-default.jpg\" width=\"32\" height=\"32\">&nbsp;Nennspannung<\/dt>\n<dd class=\"value\">85V-265V<\/dd>\n<dt class=\"name\"><img loading=\"lazy\" decoding=\"async\" src=\"https:\/\/www.factorled.com\/modules\/oa_features\/img\/5-default.jpg\" width=\"32\" height=\"32\">&nbsp;Licht Temperatur<\/dt>\n<dd class=\"value\">3000K - 4000K - 6000K<\/dd>\n<dt class=\"name\"><img loading=\"lazy\" decoding=\"async\" src=\"https:\/\/www.factorled.com\/modules\/oa_features\/img\/6-default.jpg\" width=\"32\" height=\"32\">&nbsp;CRI - Farbwiedergabe-Index<\/dt>\n<dd class=\"value\">92<\/dd>\n<dt class=\"name\"><img loading=\"lazy\" decoding=\"async\" src=\"https:\/\/www.factorled.com\/modules\/oa_features\/img\/25-default.jpg\" width=\"32\" height=\"32\">&nbsp;Baumaterial<\/dt>\n<dd class=\"value\">Aluminium +PMMA<\/dd>\n<dt class=\"name\"><img loading=\"lazy\" decoding=\"async\" src=\"https:\/\/www.factorled.com\/modules\/oa_features\/img\/8-default.jpg\" width=\"32\" height=\"32\">&nbsp;Leuchtkraft-Lm<\/dt>\n<dd class=\"value\">4800<\/dd>\n<dt class=\"name\"><img loading=\"lazy\" decoding=\"async\" src=\"https:\/\/www.factorled.com\/modules\/oa_features\/img\/9-default.jpg\" width=\"32\" height=\"32\">&nbsp;LED-Typ<\/dt>\n<dd class=\"value\">COB BRIDGELUX 130 CHIP 2630 DS-C30<\/dd>\n<dt class=\"name\"><img loading=\"lazy\" decoding=\"async\" src=\"https:\/\/www.factorled.com\/modules\/oa_features\/img\/10-default.jpg\" width=\"32\" height=\"32\">&nbsp;\u00d6ffnungswinkel (\u00ba)<\/dt>\n<dd class=\"value\">Auswechselbare Winkel: 24\u00ba - 60\u00ba.<\/dd>\n<dt class=\"name\"><img loading=\"lazy\" decoding=\"async\" src=\"https:\/\/www.factorled.com\/modules\/oa_features\/img\/12-default.jpg\" width=\"32\" height=\"32\">&nbsp;LED-Dioden-Wirkungsgrad (Lm\/W)<\/dt>\n<dd class=\"value\">140 Lm\/W<\/dd>\n<dt class=\"name\"><img loading=\"lazy\" decoding=\"async\" src=\"https:\/\/www.factorled.com\/modules\/oa_features\/img\/13-default.jpg\" width=\"32\" height=\"32\">&nbsp;Lichtausbeute (Lm\/W)<\/dt>\n<dd class=\"value\">120 Lm\/W<\/dd>\n<dt class=\"name\"><img loading=\"lazy\" decoding=\"async\" src=\"https:\/\/www.factorled.com\/modules\/oa_features\/img\/15-default.jpg\" width=\"32\" height=\"32\">&nbsp;Bescheinigungen<\/dt>\n<dd class=\"value\">CE - ROHS<\/dd>\n<dt class=\"name\"><img loading=\"lazy\" decoding=\"async\" src=\"https:\/\/www.factorled.com\/modules\/oa_features\/img\/17-default.jpg\" width=\"32\" height=\"32\">&nbsp;Gesch\u00e4tzte Lebensdauer LED-Diode (H)<\/dt>\n<dd class=\"value\">30.000<\/dd>\n<dt class=\"name\"><img loading=\"lazy\" decoding=\"async\" src=\"https:\/\/www.factorled.com\/modules\/oa_features\/img\/20-default.jpg\" width=\"32\" height=\"32\">&nbsp;Leistungsfaktor (PF)<\/dt>\n<dd class=\"value\">0.91<\/dd>\n<dt class=\"name\"><img loading=\"lazy\" decoding=\"async\" src=\"https:\/\/www.factorled.com\/modules\/oa_features\/img\/21-default.jpg\" width=\"32\" height=\"32\">&nbsp;Arbeitsfrequenz (Hz)<\/dt>\n<dd class=\"value\">50\/60Hz<\/dd>\n<dt class=\"name\"><img loading=\"lazy\" decoding=\"async\" src=\"https:\/\/www.factorled.com\/modules\/oa_features\/img\/22-default.jpg\" width=\"32\" height=\"32\">&nbsp;Temperaturbereich (\u00baC)<\/dt>\n<dd class=\"value\">-25\u00baC ~ +45\u00baC<\/dd>\n<dt class=\"name\"><img loading=\"lazy\" decoding=\"async\" src=\"https:\/\/www.factorled.com\/modules\/oa_features\/img\/23-default.jpg\" width=\"32\" height=\"32\">&nbsp;Z\u00fcndungszyklen<\/dt>\n<dd class=\"value\">100.000<\/dd>\n<dt class=\"name\"><img loading=\"lazy\" decoding=\"async\" src=\"https:\/\/www.factorled.com\/modules\/oa_features\/img\/24-default.jpg\" width=\"32\" height=\"32\">&nbsp;Anlaufzeit (S)<\/dt>\n<dd class=\"value\">0,2s<\/dd>\n<dt class=\"name\"><img loading=\"lazy\" decoding=\"async\" src=\"https:\/\/www.factorled.com\/modules\/oa_features\/img\/72-default.jpg\" width=\"32\" height=\"32\">&nbsp;Blendungsindex (UGR)<\/dt>\n<dd class=\"value\">13<\/dd>\n<dt class=\"name\"><img loading=\"lazy\" decoding=\"async\" src=\"https:\/\/www.factorled.com\/modules\/oa_features\/img\/74-default.jpg\" width=\"32\" height=\"32\">&nbsp;Inklusive Treiber<\/dt>\n<dd class=\"value\">Fahrer No Flick<\/dd>\n<dt class=\"name\"><img loading=\"lazy\" decoding=\"async\" src=\"https:\/\/www.factorled.com\/modules\/oa_features\/img\/7-default.jpg\" width=\"32\" height=\"32\">&nbsp;Energieklasse (2021-EU-2019\/2015)<\/dt>\n<dd class=\"value\">A++<\/dd>\n<dt class=\"name\"><img loading=\"lazy\" decoding=\"async\" src=\"https:\/\/www.factorled.com\/modules\/oa_features\/img\/101-default.jpg\" width=\"32\" height=\"32\">&nbsp;Energieklasse (2023 - EU-2019\/2015)<\/dt>\n<dd class=\"value\">D<\/dd>\n<dt class=\"name\"><img loading=\"lazy\" decoding=\"async\" src=\"https:\/\/www.factorled.com\/modules\/oa_features\/img\/75-default.jpg\" width=\"32\" height=\"32\">&nbsp;Garantie Jahre<\/dt>\n<dd class=\"value\">5<\/dd>\n<dt class=\"name\"><img loading=\"lazy\" decoding=\"async\" src=\"https:\/\/www.factorled.com\/modules\/oa_features\/img\/103-default.jpg\" width=\"32\" height=\"32\">&nbsp;Farbe des K\u00f6rpers<\/dt>\n<dd class=\"value\">Schwarz<\/dd>\n<\/dl><\/h1>","protected":false},"excerpt":{"rendered":"<div class=\"product-reference\"><strong><label class=\"label\">Referenz:<\/label> SL90849-CCT<\/strong><div><\/div><div class=\"product-description-short\">\n<div id=\"product-description-short-3601\">\n<p>Entdecken Sie die&nbsp;<strong>Dreiphasiger LED-Schienenstrahler Modell NEW MAYA,<\/strong>&nbsp;eine vielseitige L\u00f6sung, mit der Sie Ihr Lichterlebnis individuell gestalten k\u00f6nnen. Einstellen der Farbtemperatur&nbsp;<strong>(CST)<\/strong>&nbsp;und w\u00e4hlen Sie aus Potenzen von&nbsp;<strong>40W - 38W - 36W - 34W - 34W - 32W - 30W - 28W - 26W<\/strong>&nbsp;um die Beleuchtung an Ihre spezifischen Bed\u00fcrfnisse anzupassen.<\/p>\n<p>Mit einer beeindruckenden&nbsp;<strong>CRI +92<\/strong>Dieser Strahler garantiert lebendige und authentische Farben, optimiert mit einem Leistungsfaktor<strong>&nbsp;FP +0,90<\/strong>Die NEUE MAYA bietet nicht nur eine leistungsstarke, sondern auch eine effiziente Beleuchtung. Dar\u00fcber hinaus verf\u00fcgt sie \u00fcber zwei austauschbare Lichtwinkel,&nbsp;<strong>24\u00ba und 60\u00ba.<\/strong>Die Beleuchtung kann auch nach Ihren W\u00fcnschen eingestellt werden, so dass Sie die M\u00f6glichkeit haben, bestimmte Elemente hervorzuheben und die Beleuchtung an Ihre Vorlieben anzupassen.<\/p>\n<p>Eliminiert Blendung durch einen niedrigen Blendungsindex<strong>&nbsp;UGR13,<\/strong>&nbsp;f\u00fcr eine komfortable und professionelle Beleuchtung in jeder Umgebung.<\/p>\n<\/div>\n<\/div><div class=\"product-information\">\n<div class=\"col-md-6\">\n<div class=\"product-oa-features oa-features clearfix\"><\/div>\n<\/div>\n<\/div><\/div>","protected":false},"featured_media":13843,"template":"","meta":{"site-sidebar-layout":"default","site-content-layout":"default","ast-global-header-display":"","ast-main-header-display":"","ast-hfb-above-header-display":"","ast-hfb-below-header-display":"","ast-hfb-mobile-header-display":"","site-post-title":"","ast-breadcrumbs-content":"","ast-featured-img":"","footer-sml-layout":"","theme-transparent-header-meta":"default","adv-header-id-meta":"","stick-header-meta":"","header-above-stick-meta":"","header-main-stick-meta":"","header-below-stick-meta":""},"product_cat":[32,76],"product_tag":[],"class_list":["post-13834","product","type-product","status-publish","has-post-thumbnail","hentry","product_cat-iluminacion-comercial-para-tienda","product_cat-iluminacion-led-carril"],"yoast_head":"<!-- This site is optimized with the Yoast SEO plugin v27.4 - https:\/\/yoast.com\/product\/yoast-seo-wordpress\/ -->\n<title>Foco LED 40W - 26W NEW MAYA Negro Carril TRIF\u00c1SICO - CCT - CRI+92 - UGR13 - HIGH LUMEN - STARLED Iluminacion<\/title>\n<meta name=\"robots\" content=\"index, follow, max-snippet:-1, max-image-preview:large, max-video-preview:-1\" \/>\n<link rel=\"canonical\" href=\"https:\/\/starlediluminacion.com\/de\/product\/lampadina-led-40w-26w-nuovo-maya-nero-rail-trifase-cct-cri92-ugr13-alto-lumen\/\" \/>\n<meta property=\"og:locale\" content=\"de_DE\" \/>\n<meta property=\"og:type\" content=\"article\" \/>\n<meta property=\"og:title\" content=\"Foco LED 40W - 26W NEW MAYA Negro Carril TRIF\u00c1SICO - CCT - CRI+92 - UGR13 - HIGH LUMEN - STARLED Iluminacion\" \/>\n<meta property=\"og:description\" content=\"Referencia: SL90849-CCT     Descubre el\u00a0Foco de Carril LED modelo NEW MAYA Trif\u00e1sico,\u00a0una soluci\u00f3n vers\u00e1til que te permite personalizar tu experiencia lum\u00ednica. Ajusta la Temperatura de Color\u00a0(CCT)\u00a0y elige entre potencias de\u00a040W - 38W - 36W - 34W - 32W - 30W - 28W - 26W\u00a0para adaptar la iluminaci\u00f3n a tus necesidades espec\u00edficas.  Con un impresionante\u00a0CRI +92, este foco garantiza colores vivos y aut\u00e9nticos, optimizado con un factor de potencia\u00a0FP +0.90, el NEW MAYA no solo ofrece una iluminaci\u00f3n potente, sino tambi\u00e9n eficiente. Adem\u00e1s, cuenta con dos \u00e1ngulos de luz intercambiables,\u00a024\u00ba y 60\u00ba, proporcion\u00e1ndote flexibilidad para resaltar elementos espec\u00edficos y adaptar la iluminaci\u00f3n a tus preferencias.  Elimina el deslumbramiento con un bajo \u00edndice\u00a0UGR13,\u00a0asegurando una iluminaci\u00f3n c\u00f3moda y profesional en cualquier entorno.\" \/>\n<meta property=\"og:url\" content=\"https:\/\/starlediluminacion.com\/de\/product\/lampadina-led-40w-26w-nuovo-maya-nero-rail-trifase-cct-cri92-ugr13-alto-lumen\/\" \/>\n<meta property=\"og:site_name\" content=\"STARLED Iluminacion\" \/>\n<meta property=\"article:modified_time\" content=\"2025-01-05T14:47:32+00:00\" \/>\n<meta property=\"og:image\" content=\"https:\/\/starlediluminacion.com\/wp-content\/uploads\/2024\/08\/foco-led-40w-26w-new-maya-negro-carril-trifasico-cct-cri92-ugr13-high-lumen.jpg\" \/>\n\t<meta property=\"og:image:width\" content=\"744\" \/>\n\t<meta property=\"og:image:height\" content=\"800\" \/>\n\t<meta property=\"og:image:type\" content=\"image\/jpeg\" \/>\n<meta name=\"twitter:card\" content=\"summary_large_image\" \/>\n<meta name=\"twitter:label1\" content=\"Gesch\u00e4tzte Lesezeit\" \/>\n\t<meta name=\"twitter:data1\" content=\"2\u00a0Minuten\" \/>\n<script type=\"application\/ld+json\" class=\"yoast-schema-graph\">{\"@context\":\"https:\\\/\\\/schema.org\",\"@graph\":[{\"@type\":\"WebPage\",\"@id\":\"https:\\\/\\\/starlediluminacion.com\\\/it\\\/product\\\/lampadina-led-40w-26w-nuovo-maya-nero-rail-trifase-cct-cri92-ugr13-alto-lumen\\\/\",\"url\":\"https:\\\/\\\/starlediluminacion.com\\\/it\\\/product\\\/lampadina-led-40w-26w-nuovo-maya-nero-rail-trifase-cct-cri92-ugr13-alto-lumen\\\/\",\"name\":\"Foco LED 40W - 26W NEW MAYA Negro Carril TRIF\u00c1SICO - CCT - CRI+92 - UGR13 - HIGH LUMEN - STARLED Iluminacion\",\"isPartOf\":{\"@id\":\"https:\\\/\\\/starlediluminacion.com\\\/#website\"},\"primaryImageOfPage\":{\"@id\":\"https:\\\/\\\/starlediluminacion.com\\\/it\\\/product\\\/lampadina-led-40w-26w-nuovo-maya-nero-rail-trifase-cct-cri92-ugr13-alto-lumen\\\/#primaryimage\"},\"image\":{\"@id\":\"https:\\\/\\\/starlediluminacion.com\\\/it\\\/product\\\/lampadina-led-40w-26w-nuovo-maya-nero-rail-trifase-cct-cri92-ugr13-alto-lumen\\\/#primaryimage\"},\"thumbnailUrl\":\"https:\\\/\\\/starlediluminacion.com\\\/wp-content\\\/uploads\\\/2024\\\/08\\\/foco-led-40w-26w-new-maya-negro-carril-trifasico-cct-cri92-ugr13-high-lumen.jpg\",\"datePublished\":\"2024-08-04T11:05:31+00:00\",\"dateModified\":\"2025-01-05T14:47:32+00:00\",\"breadcrumb\":{\"@id\":\"https:\\\/\\\/starlediluminacion.com\\\/it\\\/product\\\/lampadina-led-40w-26w-nuovo-maya-nero-rail-trifase-cct-cri92-ugr13-alto-lumen\\\/#breadcrumb\"},\"inLanguage\":\"de\",\"potentialAction\":[{\"@type\":\"ReadAction\",\"target\":[\"https:\\\/\\\/starlediluminacion.com\\\/it\\\/product\\\/lampadina-led-40w-26w-nuovo-maya-nero-rail-trifase-cct-cri92-ugr13-alto-lumen\\\/\"]}]},{\"@type\":\"ImageObject\",\"inLanguage\":\"de\",\"@id\":\"https:\\\/\\\/starlediluminacion.com\\\/it\\\/product\\\/lampadina-led-40w-26w-nuovo-maya-nero-rail-trifase-cct-cri92-ugr13-alto-lumen\\\/#primaryimage\",\"url\":\"https:\\\/\\\/starlediluminacion.com\\\/wp-content\\\/uploads\\\/2024\\\/08\\\/foco-led-40w-26w-new-maya-negro-carril-trifasico-cct-cri92-ugr13-high-lumen.jpg\",\"contentUrl\":\"https:\\\/\\\/starlediluminacion.com\\\/wp-content\\\/uploads\\\/2024\\\/08\\\/foco-led-40w-26w-new-maya-negro-carril-trifasico-cct-cri92-ugr13-high-lumen.jpg\",\"width\":744,\"height\":800},{\"@type\":\"BreadcrumbList\",\"@id\":\"https:\\\/\\\/starlediluminacion.com\\\/it\\\/product\\\/lampadina-led-40w-26w-nuovo-maya-nero-rail-trifase-cct-cri92-ugr13-alto-lumen\\\/#breadcrumb\",\"itemListElement\":[{\"@type\":\"ListItem\",\"position\":1,\"name\":\"Portada\",\"item\":\"https:\\\/\\\/starlediluminacion.com\\\/\"},{\"@type\":\"ListItem\",\"position\":2,\"name\":\"Shop\",\"item\":\"https:\\\/\\\/starlediluminacion.com\\\/shop-2\\\/\"},{\"@type\":\"ListItem\",\"position\":3,\"name\":\"Foco LED 40W &#8211; 26W NEW MAYA Negro Carril TRIF\u00c1SICO &#8211; CCT &#8211; CRI+92 &#8211; UGR13 &#8211; HIGH LUMEN\"}]},{\"@type\":\"WebSite\",\"@id\":\"https:\\\/\\\/starlediluminacion.com\\\/#website\",\"url\":\"https:\\\/\\\/starlediluminacion.com\\\/\",\"name\":\"STARLED Iluminacion\",\"description\":\"\",\"potentialAction\":[{\"@type\":\"SearchAction\",\"target\":{\"@type\":\"EntryPoint\",\"urlTemplate\":\"https:\\\/\\\/starlediluminacion.com\\\/?s={search_term_string}\"},\"query-input\":{\"@type\":\"PropertyValueSpecification\",\"valueRequired\":true,\"valueName\":\"search_term_string\"}}],\"inLanguage\":\"de\"}]}<\/script>\n<!-- \/ Yoast SEO plugin. -->","yoast_head_json":{"title":"Foco LED 40W - 26W NEW MAYA Negro Carril TRIF\u00c1SICO - CCT - CRI+92 - UGR13 - HIGH LUMEN - STARLED Iluminacion","robots":{"index":"index","follow":"follow","max-snippet":"max-snippet:-1","max-image-preview":"max-image-preview:large","max-video-preview":"max-video-preview:-1"},"canonical":"https:\/\/starlediluminacion.com\/de\/product\/lampadina-led-40w-26w-nuovo-maya-nero-rail-trifase-cct-cri92-ugr13-alto-lumen\/","og_locale":"de_DE","og_type":"article","og_title":"Foco LED 40W - 26W NEW MAYA Negro Carril TRIF\u00c1SICO - CCT - CRI+92 - UGR13 - HIGH LUMEN - STARLED Iluminacion","og_description":"Referencia: SL90849-CCT     Descubre el\u00a0Foco de Carril LED modelo NEW MAYA Trif\u00e1sico,\u00a0una soluci\u00f3n vers\u00e1til que te permite personalizar tu experiencia lum\u00ednica. Ajusta la Temperatura de Color\u00a0(CCT)\u00a0y elige entre potencias de\u00a040W - 38W - 36W - 34W - 32W - 30W - 28W - 26W\u00a0para adaptar la iluminaci\u00f3n a tus necesidades espec\u00edficas.  Con un impresionante\u00a0CRI +92, este foco garantiza colores vivos y aut\u00e9nticos, optimizado con un factor de potencia\u00a0FP +0.90, el NEW MAYA no solo ofrece una iluminaci\u00f3n potente, sino tambi\u00e9n eficiente. Adem\u00e1s, cuenta con dos \u00e1ngulos de luz intercambiables,\u00a024\u00ba y 60\u00ba, proporcion\u00e1ndote flexibilidad para resaltar elementos espec\u00edficos y adaptar la iluminaci\u00f3n a tus preferencias.  Elimina el deslumbramiento con un bajo \u00edndice\u00a0UGR13,\u00a0asegurando una iluminaci\u00f3n c\u00f3moda y profesional en cualquier entorno.","og_url":"https:\/\/starlediluminacion.com\/de\/product\/lampadina-led-40w-26w-nuovo-maya-nero-rail-trifase-cct-cri92-ugr13-alto-lumen\/","og_site_name":"STARLED Iluminacion","article_modified_time":"2025-01-05T14:47:32+00:00","og_image":[{"width":744,"height":800,"url":"https:\/\/starlediluminacion.com\/wp-content\/uploads\/2024\/08\/foco-led-40w-26w-new-maya-negro-carril-trifasico-cct-cri92-ugr13-high-lumen.jpg","type":"image\/jpeg"}],"twitter_card":"summary_large_image","twitter_misc":{"Gesch\u00e4tzte Lesezeit":"2\u00a0Minuten"},"schema":{"@context":"https:\/\/schema.org","@graph":[{"@type":"WebPage","@id":"https:\/\/starlediluminacion.com\/it\/product\/lampadina-led-40w-26w-nuovo-maya-nero-rail-trifase-cct-cri92-ugr13-alto-lumen\/","url":"https:\/\/starlediluminacion.com\/it\/product\/lampadina-led-40w-26w-nuovo-maya-nero-rail-trifase-cct-cri92-ugr13-alto-lumen\/","name":"Foco LED 40W - 26W NEW MAYA Negro Carril TRIF\u00c1SICO - CCT - CRI+92 - UGR13 - HIGH LUMEN - STARLED Iluminacion","isPartOf":{"@id":"https:\/\/starlediluminacion.com\/#website"},"primaryImageOfPage":{"@id":"https:\/\/starlediluminacion.com\/it\/product\/lampadina-led-40w-26w-nuovo-maya-nero-rail-trifase-cct-cri92-ugr13-alto-lumen\/#primaryimage"},"image":{"@id":"https:\/\/starlediluminacion.com\/it\/product\/lampadina-led-40w-26w-nuovo-maya-nero-rail-trifase-cct-cri92-ugr13-alto-lumen\/#primaryimage"},"thumbnailUrl":"https:\/\/starlediluminacion.com\/wp-content\/uploads\/2024\/08\/foco-led-40w-26w-new-maya-negro-carril-trifasico-cct-cri92-ugr13-high-lumen.jpg","datePublished":"2024-08-04T11:05:31+00:00","dateModified":"2025-01-05T14:47:32+00:00","breadcrumb":{"@id":"https:\/\/starlediluminacion.com\/it\/product\/lampadina-led-40w-26w-nuovo-maya-nero-rail-trifase-cct-cri92-ugr13-alto-lumen\/#breadcrumb"},"inLanguage":"de","potentialAction":[{"@type":"ReadAction","target":["https:\/\/starlediluminacion.com\/it\/product\/lampadina-led-40w-26w-nuovo-maya-nero-rail-trifase-cct-cri92-ugr13-alto-lumen\/"]}]},{"@type":"ImageObject","inLanguage":"de","@id":"https:\/\/starlediluminacion.com\/it\/product\/lampadina-led-40w-26w-nuovo-maya-nero-rail-trifase-cct-cri92-ugr13-alto-lumen\/#primaryimage","url":"https:\/\/starlediluminacion.com\/wp-content\/uploads\/2024\/08\/foco-led-40w-26w-new-maya-negro-carril-trifasico-cct-cri92-ugr13-high-lumen.jpg","contentUrl":"https:\/\/starlediluminacion.com\/wp-content\/uploads\/2024\/08\/foco-led-40w-26w-new-maya-negro-carril-trifasico-cct-cri92-ugr13-high-lumen.jpg","width":744,"height":800},{"@type":"BreadcrumbList","@id":"https:\/\/starlediluminacion.com\/it\/product\/lampadina-led-40w-26w-nuovo-maya-nero-rail-trifase-cct-cri92-ugr13-alto-lumen\/#breadcrumb","itemListElement":[{"@type":"ListItem","position":1,"name":"Portada","item":"https:\/\/starlediluminacion.com\/"},{"@type":"ListItem","position":2,"name":"Shop","item":"https:\/\/starlediluminacion.com\/shop-2\/"},{"@type":"ListItem","position":3,"name":"Foco LED 40W &#8211; 26W NEW MAYA Negro Carril TRIF\u00c1SICO &#8211; CCT &#8211; CRI+92 &#8211; UGR13 &#8211; HIGH LUMEN"}]},{"@type":"WebSite","@id":"https:\/\/starlediluminacion.com\/#website","url":"https:\/\/starlediluminacion.com\/","name":"STARLED Iluminacion","description":"","potentialAction":[{"@type":"SearchAction","target":{"@type":"EntryPoint","urlTemplate":"https:\/\/starlediluminacion.com\/?s={search_term_string}"},"query-input":{"@type":"PropertyValueSpecification","valueRequired":true,"valueName":"search_term_string"}}],"inLanguage":"de"}]}},"_links":{"self":[{"href":"https:\/\/starlediluminacion.com\/de\/wp-json\/wp\/v3\/product\/13834","targetHints":{"allow":["GET"]}}],"collection":[{"href":"https:\/\/starlediluminacion.com\/de\/wp-json\/wp\/v3\/product"}],"about":[{"href":"https:\/\/starlediluminacion.com\/de\/wp-json\/wp\/v2\/types\/product"}],"wp:featuredmedia":[{"embeddable":true,"href":"https:\/\/starlediluminacion.com\/de\/wp-json\/wp\/v2\/media\/13843"}],"wp:attachment":[{"href":"https:\/\/starlediluminacion.com\/de\/wp-json\/wp\/v2\/media?parent=13834"}],"wp:term":[{"taxonomy":"product_cat","embeddable":true,"href":"https:\/\/starlediluminacion.com\/de\/wp-json\/wp\/v2\/product_cat?post=13834"},{"taxonomy":"product_tag","embeddable":true,"href":"https:\/\/starlediluminacion.com\/de\/wp-json\/wp\/v2\/product_tag?post=13834"}],"curies":[{"name":"wp","href":"https:\/\/api.w.org\/{rel}","templated":true}]}}