{"id":13759,"date":"2024-08-04T10:43:00","date_gmt":"2024-08-04T10:43:00","guid":{"rendered":"https:\/\/starlediluminacion.com\/?post_type=product&#038;p=13759"},"modified":"2025-01-05T14:46:18","modified_gmt":"2025-01-05T14:46:18","slug":"pack-controladora-led-cct-rgb-12-24v-panel-control-remoto-24ghz","status":"publish","type":"product","link":"https:\/\/starlediluminacion.com\/de\/product\/pack-controller-led-controller-cct-rgb-12-24v-panel-fernbedienung-24ghz\/","title":{"rendered":"<p>Pack LED Controller CCT - RGB - 12-24V + Fernbedienungspanel - 2,4GHz<\/p>"},"content":{"rendered":"<h1>Pack LED Controller CCT - RGB - 12-24V + Fernsteuerung - 2,4GHz<p>&nbsp;<\/p><p>2.4GHz Controller (12-24V) + 2.4GHz Remote Control Pack ist eine fortschrittliche und vielseitige L\u00f6sung, um die Steuerung und Anpassung Ihrer LED-Streifen zu optimieren. Dieses Paket enth\u00e4lt einen Controller, der im 12-24-V-Bereich arbeitet, und eine 2,4-GHz-Fernbedienung, die eine intuitive und effektive Benutzererfahrung bietet.<\/p><p>Eines der herausragenden Merkmale dieses Pakets ist die M\u00f6glichkeit, zwischen drei verschiedenen Ausgabemodi zu wechseln: RGB, RGBW und RGB+CCT. Dies kann ganz einfach per Tastendruck erfolgen, sodass Sie die Beleuchtung mit nur einem Tastendruck an verschiedene Bed\u00fcrfnisse und Vorlieben anpassen k\u00f6nnen. Ganz gleich, ob Sie die Lebendigkeit der RGB-Farben, die Hinzuf\u00fcgung von Wei\u00df in RGBW oder die M\u00f6glichkeit zur Anpassung der Farbtemperatur in RGB+CCT suchen, dieser Controller bietet die Flexibilit\u00e4t, sich jeder Situation anzupassen.<\/p><p>&nbsp;<\/p><p><strong>Hauptmerkmale<\/strong><\/p><p><strong>Variable Ausgabemodi:<\/strong>&nbsp;Umschalten zwischen RGB, RGBW und RGB+CCT mit einer Taste.<\/p><p><strong>2. Individuelle LED-Steuerung:<\/strong>&nbsp;Stellt Geschwindigkeit, Helligkeit, Richtung, L\u00e4nge und dynamische Modi ein.<\/p><p><strong>3. Intelligente Animationen:<\/strong>&nbsp;Sanfte und attraktive \u00dcberg\u00e4nge beim Ein- und Ausschalten.<\/p><p><strong>4. Detaillierte Personalisierung:<\/strong>&nbsp;Einstellbare Farben und Pixel f\u00fcr spezifische Effekte.<\/p><p><strong>5. Einfache Installation:<\/strong>&nbsp;Sofortige Verdrahtung ohne Werkzeug.<\/p><p><strong>6. Fernsteuerung mit gro\u00dfer Reichweite:<\/strong>&nbsp;Bis zu 30 Meter Kontrollabstand.<\/p><p>&nbsp;<\/p><p><strong>7. Einstellung von Helligkeit und Farbtemperatur:<\/strong>&nbsp;Anpassbare und individuell gestaltbare Beleuchtung.<\/p><p>&nbsp;<\/p><p><strong>Intelligente Animationen und Personalisierung<\/strong><\/p><p>Genie\u00dfen Sie intelligente Animationen beim Ein- und Ausschalten von Lichtern, die Ihrem Raum einen professionellen und raffinierten Touch verleihen. Durch die M\u00f6glichkeit, Farben und Pixelpunkte anzupassen, k\u00f6nnen Sie detaillierte und komplexe Lichteffekte erzielen, die sich perfekt f\u00fcr kreative und professionelle Beleuchtungsprojekte eignen.<\/p><p>Die Verdrahtung dieses Steuerger\u00e4ts erfolgt sofort und erfordert kein Werkzeug, so dass es einfach zu installieren und einzurichten ist. Dar\u00fcber hinaus hat die Fernbedienung eine Reichweite von bis zu 30 Metern, so dass Sie Ihre Beleuchtung von jedem Ort innerhalb dieser Reichweite aus einstellen k\u00f6nnen.<\/p><p>&nbsp;<\/p><p><strong>Einstellungen f\u00fcr Helligkeit und Farbtemperatur<\/strong><\/p><p>Mit dem Controller lassen sich Helligkeit und Farbtemperatur pr\u00e4zise einstellen, so dass Sie die Beleuchtung an jede Situation und Stimmung anpassen k\u00f6nnen. Ganz gleich, ob Sie eine gem\u00fctliche Atmosph\u00e4re in Ihrem Zuhause schaffen oder einen kommerziellen Raum effektiv beleuchten m\u00f6chten, dieses Paket bietet Ihnen die Werkzeuge, die Sie daf\u00fcr ben\u00f6tigen.<\/p><p>&nbsp;<\/p><p><strong>Anwendungen und Einsatzm\u00f6glichkeiten<\/strong><\/p><p>Dieses Paket ist ideal f\u00fcr eine Vielzahl von Anwendungen, von kreativen Beleuchtungsprojekten im privaten Bereich bis hin zu professionellen Installationen in kommerziellen und Unterhaltungsumgebungen. Es ist perfekt f\u00fcr alle, die Qualit\u00e4t, Kontrolle und Kreativit\u00e4t in ihren LED-Beleuchtungssystemen suchen. Ob f\u00fcr besondere Veranstaltungen, Kunstinstallationen oder zur Verbesserung des Ambientes eines jeden Raumes, das 2.4GHz Digital Controller (12-24V) + 2.4GHz Remote Control Pack garantiert au\u00dfergew\u00f6hnliche und vielseitige Ergebnisse.<\/p><h3 class=\"h6\">Produktdatenblatt<\/h3><dl class=\"data-sheet\">\n<dt class=\"name\"><img loading=\"lazy\" decoding=\"async\" src=\"https:\/\/www.factorled.com\/modules\/oa_features\/img\/2-default.jpg\" width=\"32\" height=\"32\">&nbsp;REFERENZ<\/dt>\n<dd class=\"value\">PACK-E3-RF-B4<\/dd>\n<dt class=\"name\"><img loading=\"lazy\" decoding=\"async\" src=\"https:\/\/www.factorled.com\/modules\/oa_features\/img\/4-default.jpg\" width=\"32\" height=\"32\">&nbsp;Nennspannung<\/dt>\n<dd class=\"value\">E3-RF: 12-24V - B4:3V<\/dd>\n<dt class=\"name\"><img loading=\"lazy\" decoding=\"async\" src=\"https:\/\/www.factorled.com\/modules\/oa_features\/img\/5-default.jpg\" width=\"32\" height=\"32\">&nbsp;Licht Temperatur<\/dt>\n<dd class=\"value\">RGB \/ RGBW \/ RGB+CCT<\/dd>\n<dt class=\"name\"><img loading=\"lazy\" decoding=\"async\" src=\"https:\/\/www.factorled.com\/modules\/oa_features\/img\/18-default.jpg\" width=\"32\" height=\"32\">&nbsp;Messungen (Mm)<\/dt>\n<dd class=\"value\">E3-RF: 100 x 40 x H17,6mm FUT092: 138 x 56 x 20mm<\/dd>\n<dt class=\"name\"><img loading=\"lazy\" decoding=\"async\" src=\"https:\/\/www.factorled.com\/modules\/oa_features\/img\/21-default.jpg\" width=\"32\" height=\"32\">&nbsp;Arbeitsfrequenz (Hz)<\/dt>\n<dd class=\"value\">2.4GHz<\/dd>\n<dt class=\"name\"><img loading=\"lazy\" decoding=\"async\" src=\"https:\/\/www.factorled.com\/modules\/oa_features\/img\/22-default.jpg\" width=\"32\" height=\"32\">&nbsp;Temperaturbereich (\u00baC)<\/dt>\n<dd class=\"value\">-10\u00baC - 40\u00baC<\/dd>\n<dt class=\"name\"><img loading=\"lazy\" decoding=\"async\" src=\"https:\/\/www.factorled.com\/modules\/oa_features\/img\/77-default.jpg\" width=\"32\" height=\"32\">&nbsp;Reichweite (M)<\/dt>\n<dd class=\"value\">30m<\/dd>\n<\/dl><\/h1>","protected":false},"excerpt":{"rendered":"<div class=\"product-reference\"><strong><label class=\"label\">Referenz:<\/label> SLPACK-E3-RF-B4<\/strong>\n<div><\/div>\n<div class=\"product-description-short\">\n<div id=\"product-description-short-3610\">\n<p>Die&nbsp;<strong>Pack 2.4GHz Controller (12-24V) + 2.4GHz Fernbedienung<\/strong>&nbsp;Erm\u00f6glicht das Umschalten zwischen 3 Ausgabemodi&nbsp;<strong>(RGB \/ RGBW \/ RGB+CCT)<\/strong>&nbsp;mit Hilfe eines Druckknopfes. Steuern Sie jede LED einzeln und stellen Sie Geschwindigkeit, Helligkeit, Richtung, L\u00e4nge und dynamische Modi ein. Genie\u00dfen Sie intelligente Animationen und passen Sie Farben und Pixel f\u00fcr detaillierte Effekte an. Die Verdrahtung erfolgt sofort und werkzeuglos, mit einer Steuerungsdistanz von bis zu 30 m. Helligkeit und Farbtemperatur sind einstellbar.<\/p>\n<p>&nbsp;<\/p>\n<\/div>\n<\/div><\/div>","protected":false},"featured_media":13768,"template":"","meta":{"site-sidebar-layout":"default","site-content-layout":"default","ast-global-header-display":"","ast-main-header-display":"","ast-hfb-above-header-display":"","ast-hfb-below-header-display":"","ast-hfb-mobile-header-display":"","site-post-title":"","ast-breadcrumbs-content":"","ast-featured-img":"","footer-sml-layout":"","theme-transparent-header-meta":"default","adv-header-id-meta":"","stick-header-meta":"","header-above-stick-meta":"","header-main-stick-meta":"","header-below-stick-meta":""},"product_cat":[93,45],"product_tag":[],"class_list":["post-13759","product","type-product","status-publish","has-post-thumbnail","hentry","product_cat-controladoras-tiras-led","product_cat-tiras-led-y-neon-flexible"],"_links":{"self":[{"href":"https:\/\/starlediluminacion.com\/de\/wp-json\/wp\/v3\/product\/13759","targetHints":{"allow":["GET"]}}],"collection":[{"href":"https:\/\/starlediluminacion.com\/de\/wp-json\/wp\/v3\/product"}],"about":[{"href":"https:\/\/starlediluminacion.com\/de\/wp-json\/wp\/v2\/types\/product"}],"wp:featuredmedia":[{"embeddable":true,"href":"https:\/\/starlediluminacion.com\/de\/wp-json\/wp\/v2\/media\/13768"}],"wp:attachment":[{"href":"https:\/\/starlediluminacion.com\/de\/wp-json\/wp\/v2\/media?parent=13759"}],"wp:term":[{"taxonomy":"product_cat","embeddable":true,"href":"https:\/\/starlediluminacion.com\/de\/wp-json\/wp\/v2\/product_cat?post=13759"},{"taxonomy":"product_tag","embeddable":true,"href":"https:\/\/starlediluminacion.com\/de\/wp-json\/wp\/v2\/product_tag?post=13759"}],"curies":[{"name":"wp","href":"https:\/\/api.w.org\/{rel}","templated":true}]}}