{"id":13708,"date":"2024-08-04T10:20:52","date_gmt":"2024-08-04T10:20:52","guid":{"rendered":"https:\/\/starlediluminacion.com\/?post_type=product&#038;p=13708"},"modified":"2024-10-27T10:26:29","modified_gmt":"2024-10-27T10:26:29","slug":"empotrable-led-7w-circular-ip65-cct-sensor-de-movimiento-pir-standard-en1363-1","status":"publish","type":"product","link":"https:\/\/starlediluminacion.com\/de\/product\/einbau-led-7w-kreis-ip65-cct-bewegungssensor-pir-standard-de1363-1-2\/","title":{"rendered":"<p>LED-Einbauleuchte 7W - kreisf\u00f6rmig - IP65 - CCT - PIR-Bewegungssensor - Standard EN1363-1<\/p>"},"content":{"rendered":"<h1>LED-Einbauleuchte 7W - kreisf\u00f6rmig - IP65 - CCT - PIR-Bewegungssensor - Spezielle Badezimmer - Au\u00dfenbereich<p>Entdecken Sie&nbsp;<strong>der runde LED-Einbaustrahler IP65,<\/strong>&nbsp;Ihr perfekter Verb\u00fcndeter f\u00fcr staub- und wasserdichte Beleuchtung! Dieser 7W-Strahler ist mit einem programmierbaren PIR-Pr\u00e4senzmelder ausgestattet und bietet eine effiziente und praktische Beleuchtungsl\u00f6sung f\u00fcr eine Vielzahl von R\u00e4umen. Sein&nbsp;<strong>CCT-Technik<\/strong>&nbsp;k\u00f6nnen Sie zwischen drei verschiedenen Lichtt\u00f6nen (3000K, 4000K und 6000K) w\u00e4hlen, die sich Ihren Vorlieben anpassen und die perfekte Atmosph\u00e4re f\u00fcr jeden Anlass schaffen.<\/p><p><strong>Ausgestattet mit einem PIR-Pr\u00e4senzmelder<\/strong>&nbsp;Programmierbar, bietet Ihnen dieser Strahler die Flexibilit\u00e4t, seine Parameter an die spezifischen Bed\u00fcrfnisse Ihres Raumes anzupassen. Von der Einschaltzeit, die von 1 bis 15 Minuten programmiert werden kann, bis zur Helligkeit, die in einem Bereich von 0 bis 3000 Lux eingestellt werden kann, passt sich dieser Strahler perfekt an jede Situation an.<\/p><p>Mit einem \u00d6ffnungswinkel von 60\u00ba ist dieser Strahler ideal, um bestimmte Punkte in jeder Umgebung hervorzuheben, sei es auf Terrassen, in K\u00fcchen, B\u00e4dern, Fluren, Salons oder Umkleider\u00e4umen. Das kreisf\u00f6rmige Design und die wei\u00dfe Oberfl\u00e4che der Vorderseite sorgen f\u00fcr eine perfekte Integration in jeden Einrichtungsstil.<\/p><p>Dieser Einbaustrahler bietet nicht nur eine hohe Beleuchtungsqualit\u00e4t, er ist auch&nbsp;<strong>entspricht der britischen Norm BS476-21<\/strong>&nbsp;Entflammbarkeit. Das bedeutet, dass es strengen Tests unterzogen wurde, um seine F\u00e4higkeit, der Ausbreitung von Feuer zu widerstehen, zu bestimmen, was in jeder Umgebung f\u00fcr mehr Sicherheit sorgt.<\/p><p>Der runde LED-Einbaustrahler IP65 ist die perfekte Wahl, um \u00fcberall gem\u00fctliche und sichere Umgebungen zu schaffen. Nutzen Sie alle seine Funktionen, um Ihre R\u00e4ume mit Stil und Effizienz zu verwandeln!<\/p><h2>Verwendet Einbau-LED 7W - kreisf\u00f6rmig - IP65 - CCT - PIR-Bewegungssensor - Spezialb\u00e4der<\/h2><ul>\n<li>Terrasse<\/li>\n<li>K\u00fcchen<\/li>\n<li>Toiletten<\/li>\n<li>Korridore<\/li>\n<li>Salons<\/li>\n<li>Pr\u00fcfer<\/li>\n<\/ul><h3 class=\"h6\">Produktdatenblatt<\/h3><dl class=\"data-sheet\">\n<dt class=\"name\"><img loading=\"lazy\" decoding=\"async\" src=\"https:\/\/www.factorled.com\/modules\/oa_features\/img\/2-default.jpg\" width=\"32\" height=\"32\">&nbsp;REFERENZ<\/dt>\n<dd class=\"value\">DL7WSEN-CCT- 91291<\/dd>\n<dt class=\"name\"><img loading=\"lazy\" decoding=\"async\" src=\"https:\/\/www.factorled.com\/modules\/oa_features\/img\/3-default.jpg\" width=\"32\" height=\"32\">&nbsp;Nennleistung<\/dt>\n<dd class=\"value\">7W<\/dd>\n<dt class=\"name\"><img loading=\"lazy\" decoding=\"async\" src=\"https:\/\/www.factorled.com\/modules\/oa_features\/img\/4-default.jpg\" width=\"32\" height=\"32\">&nbsp;Nennspannung<\/dt>\n<dd class=\"value\">220-240v<\/dd>\n<dt class=\"name\"><img loading=\"lazy\" decoding=\"async\" src=\"https:\/\/www.factorled.com\/modules\/oa_features\/img\/5-default.jpg\" width=\"32\" height=\"32\">&nbsp;Licht Temperatur<\/dt>\n<dd class=\"value\">W\u00c4HLBARE FARBE: 3000K-4000K-6000K<\/dd>\n<dt class=\"name\"><img loading=\"lazy\" decoding=\"async\" src=\"https:\/\/www.factorled.com\/modules\/oa_features\/img\/6-default.jpg\" width=\"32\" height=\"32\">&nbsp;CRI - Farbwiedergabe-Index<\/dt>\n<dd class=\"value\">80<\/dd>\n<dt class=\"name\"><img loading=\"lazy\" decoding=\"async\" src=\"https:\/\/www.factorled.com\/modules\/oa_features\/img\/25-default.jpg\" width=\"32\" height=\"32\">&nbsp;Baumaterial<\/dt>\n<dd class=\"value\">Aluminium + Polycarbonat (Anti-UV-Strahlung)<\/dd>\n<dt class=\"name\"><img loading=\"lazy\" decoding=\"async\" src=\"https:\/\/www.factorled.com\/modules\/oa_features\/img\/8-default.jpg\" width=\"32\" height=\"32\">&nbsp;Leuchtkraft-Lm<\/dt>\n<dd class=\"value\">700Lm<\/dd>\n<dt class=\"name\"><img loading=\"lazy\" decoding=\"async\" src=\"https:\/\/www.factorled.com\/modules\/oa_features\/img\/9-default.jpg\" width=\"32\" height=\"32\">&nbsp;LED-Typ<\/dt>\n<dd class=\"value\">COB<\/dd>\n<dt class=\"name\"><img loading=\"lazy\" decoding=\"async\" src=\"https:\/\/www.factorled.com\/modules\/oa_features\/img\/10-default.jpg\" width=\"32\" height=\"32\">&nbsp;\u00d6ffnungswinkel (\u00ba)<\/dt>\n<dd class=\"value\">60\u00ba<\/dd>\n<dt class=\"name\"><img loading=\"lazy\" decoding=\"async\" src=\"https:\/\/www.factorled.com\/modules\/oa_features\/img\/12-default.jpg\" width=\"32\" height=\"32\">&nbsp;LED-Dioden-Wirkungsgrad (Lm\/W)<\/dt>\n<dd class=\"value\">130Lm\/W<\/dd>\n<dt class=\"name\"><img loading=\"lazy\" decoding=\"async\" src=\"https:\/\/www.factorled.com\/modules\/oa_features\/img\/13-default.jpg\" width=\"32\" height=\"32\">&nbsp;Lichtausbeute (Lm\/W)<\/dt>\n<dd class=\"value\">110 Lm\/W<\/dd>\n<dt class=\"name\"><img loading=\"lazy\" decoding=\"async\" src=\"https:\/\/www.factorled.com\/modules\/oa_features\/img\/15-default.jpg\" width=\"32\" height=\"32\">&nbsp;Bescheinigungen<\/dt>\n<dd class=\"value\">CE - ROHS<\/dd>\n<dt class=\"name\"><img loading=\"lazy\" decoding=\"async\" src=\"https:\/\/www.factorled.com\/modules\/oa_features\/img\/16-default.jpg\" width=\"32\" height=\"32\">&nbsp;IP-Bewertung<\/dt>\n<dd class=\"value\">IP65-Au\u00dfenbereich<\/dd>\n<dt class=\"name\"><img loading=\"lazy\" decoding=\"async\" src=\"https:\/\/www.factorled.com\/modules\/oa_features\/img\/17-default.jpg\" width=\"32\" height=\"32\">&nbsp;Gesch\u00e4tzte Lebensdauer LED-Diode (H)<\/dt>\n<dd class=\"value\">50.000<\/dd>\n<dt class=\"name\"><img loading=\"lazy\" decoding=\"async\" src=\"https:\/\/www.factorled.com\/modules\/oa_features\/img\/18-default.jpg\" width=\"32\" height=\"32\">&nbsp;Messungen (Mm)<\/dt>\n<dd class=\"value\">\u00d888xH49mm<\/dd>\n<dt class=\"name\"><img loading=\"lazy\" decoding=\"async\" src=\"https:\/\/www.factorled.com\/modules\/oa_features\/img\/21-default.jpg\" width=\"32\" height=\"32\">&nbsp;Arbeitsfrequenz (Hz)<\/dt>\n<dd class=\"value\">50\/60Hz<\/dd>\n<dt class=\"name\"><img loading=\"lazy\" decoding=\"async\" src=\"https:\/\/www.factorled.com\/modules\/oa_features\/img\/22-default.jpg\" width=\"32\" height=\"32\">&nbsp;Temperaturbereich (\u00baC)<\/dt>\n<dd class=\"value\">-20\u00baC ~ +40\u00baC<\/dd>\n<dt class=\"name\"><img loading=\"lazy\" decoding=\"async\" src=\"https:\/\/www.factorled.com\/modules\/oa_features\/img\/23-default.jpg\" width=\"32\" height=\"32\">&nbsp;Z\u00fcndungszyklen<\/dt>\n<dd class=\"value\">100.000<\/dd>\n<dt class=\"name\"><img loading=\"lazy\" decoding=\"async\" src=\"https:\/\/www.factorled.com\/modules\/oa_features\/img\/24-default.jpg\" width=\"32\" height=\"32\">&nbsp;Anlaufzeit (S)<\/dt>\n<dd class=\"value\">0,2s<\/dd>\n<dt class=\"name\"><img loading=\"lazy\" decoding=\"async\" src=\"https:\/\/www.factorled.com\/modules\/oa_features\/img\/26-default.jpg\" width=\"32\" height=\"32\">&nbsp;Zus\u00e4tzliche Informationen<\/dt>\n<dd class=\"value\">BRANDST\u00c4RKE: BS476-21 30\/60\/90 Minuten<\/dd>\n<dt class=\"name\"><img loading=\"lazy\" decoding=\"async\" src=\"https:\/\/www.factorled.com\/modules\/oa_features\/img\/27-default.jpg\" width=\"32\" height=\"32\">&nbsp;Deckenschnitt (Mm)<\/dt>\n<dd class=\"value\">\u00d8 70 mm<\/dd>\n<dt class=\"name\"><img loading=\"lazy\" decoding=\"async\" src=\"https:\/\/www.factorled.com\/modules\/oa_features\/img\/73-default.jpg\" width=\"32\" height=\"32\">&nbsp;Aufprallschutz (IK)<\/dt>\n<dd class=\"value\">IK05<\/dd>\n<dt class=\"name\"><img loading=\"lazy\" decoding=\"async\" src=\"https:\/\/www.factorled.com\/modules\/oa_features\/img\/74-default.jpg\" width=\"32\" height=\"32\">&nbsp;Inklusive Treiber<\/dt>\n<dd class=\"value\">YES<\/dd>\n<dt class=\"name\"><img loading=\"lazy\" decoding=\"async\" src=\"https:\/\/www.factorled.com\/modules\/oa_features\/img\/7-default.jpg\" width=\"32\" height=\"32\">&nbsp;Energieklasse (2021-EU-2019\/2015)<\/dt>\n<dd class=\"value\">A+<\/dd>\n<dt class=\"name\"><img loading=\"lazy\" decoding=\"async\" src=\"https:\/\/www.factorled.com\/modules\/oa_features\/img\/101-default.jpg\" width=\"32\" height=\"32\">&nbsp;Energieklasse (2023 - EU-2019\/2015)<\/dt>\n<dd class=\"value\">F<\/dd>\n<dt class=\"name\"><img loading=\"lazy\" decoding=\"async\" src=\"https:\/\/www.factorled.com\/modules\/oa_features\/img\/75-default.jpg\" width=\"32\" height=\"32\">&nbsp;Garantie Jahre<\/dt>\n<dd class=\"value\">5<\/dd>\n<\/dl><\/h1>","protected":false},"excerpt":{"rendered":"<div class=\"product-reference\"><strong><label class=\"label\">Referenz:<\/label> SLDL7WSEN-CCT- 91291<\/strong>\n<div><\/div>\n<div class=\"product-description-short\">\n<div id=\"product-description-short-3420\">\n<p>Entdecken Sie die&nbsp;<strong>Einbaustrahler LED kreisf\u00f6rmig IP65<\/strong>Ihr idealer Verb\u00fcndeter f\u00fcr wasserdichte Beleuchtung. Mit&nbsp;<strong>7W<\/strong>&nbsp;Leistung und ein&nbsp;<strong>programmierbarer PIR-Pr\u00e4senzmelder,<\/strong>&nbsp;Dieser Strahler bietet eine effiziente und praktische Beleuchtungsl\u00f6sung. Seine Technologie&nbsp;<strong>CCT<\/strong>&nbsp;k\u00f6nnen Sie zwischen drei Lichtfarben w\u00e4hlen: 3000K, 4000K und 6000K, die sich Ihren Vorlieben anpassen. Und mit einem \u00d6ffnungswinkel von 60\u00b0 ist sie perfekt, um bestimmte Punkte in jeder Umgebung hervorzuheben.&nbsp;<strong>Wei\u00dfes Frontdesign<\/strong>&nbsp;Machen Sie Ihren Raum hell und sicher mit diesem LED-Einbaustrahler!<\/p>\n<\/div>\n<\/div><\/div>","protected":false},"featured_media":13718,"template":"","meta":{"site-sidebar-layout":"default","site-content-layout":"default","ast-global-header-display":"","ast-main-header-display":"","ast-hfb-above-header-display":"","ast-hfb-below-header-display":"","ast-hfb-mobile-header-display":"","site-post-title":"","ast-breadcrumbs-content":"","ast-featured-img":"","footer-sml-layout":"","theme-transparent-header-meta":"default","adv-header-id-meta":"","stick-header-meta":"","header-above-stick-meta":"","header-main-stick-meta":"","header-below-stick-meta":""},"product_cat":[27,70],"product_tag":[],"class_list":["post-13708","product","type-product","status-publish","has-post-thumbnail","hentry","product_cat-downlight-plafones-y-placas-led","product_cat-focos-downlight-led"],"yoast_head":"<!-- This site is optimized with the Yoast SEO plugin v27.4 - https:\/\/yoast.com\/product\/yoast-seo-wordpress\/ -->\n<title>Empotrable LED 7W - Circular - IP65 - CCT - Sensor De Movimiento PIR - Standard EN1363-1 - STARLED Iluminacion<\/title>\n<meta name=\"robots\" content=\"index, follow, max-snippet:-1, max-image-preview:large, max-video-preview:-1\" \/>\n<link rel=\"canonical\" href=\"https:\/\/starlediluminacion.com\/de\/product\/einbau-led-7w-kreis-ip65-cct-bewegungssensor-pir-standard-de1363-1-2\/\" \/>\n<meta property=\"og:locale\" content=\"de_DE\" \/>\n<meta property=\"og:type\" content=\"article\" \/>\n<meta property=\"og:title\" content=\"Empotrable LED 7W - Circular - IP65 - CCT - Sensor De Movimiento PIR - Standard EN1363-1 - STARLED Iluminacion\" \/>\n<meta property=\"og:description\" content=\"Referencia: SLDL7WSEN-CCT- 91291      Descubre el\u00a0Foco Empotrable LED Circular IP65, tu aliado ideal para una iluminaci\u00f3n resistente al agua. Con\u00a07W\u00a0de potencia y un\u00a0detector de presencia PIR programable,\u00a0este foco ofrece una soluci\u00f3n lum\u00ednica eficiente y pr\u00e1ctica. Su tecnolog\u00eda\u00a0CCT\u00a0te permite elegir entre tres tonos de luz: 3000K, 4000K y 6000K, adapt\u00e1ndose a tus preferencias. Adem\u00e1s, con un \u00e1ngulo de apertura de 60\u00ba, es perfecto para destacar puntos espec\u00edficos en cualquier ambiente.\u00a0Acabado frontal en blanco\u00a0para una integraci\u00f3n perfecta con tu estilo. \u00a1Haz de tu espacio un lugar iluminado y seguro con este foco empotrable LED!\" \/>\n<meta property=\"og:url\" content=\"https:\/\/starlediluminacion.com\/de\/product\/einbau-led-7w-kreis-ip65-cct-bewegungssensor-pir-standard-de1363-1-2\/\" \/>\n<meta property=\"og:site_name\" content=\"STARLED Iluminacion\" \/>\n<meta property=\"article:modified_time\" content=\"2024-10-27T10:26:29+00:00\" \/>\n<meta property=\"og:image\" content=\"https:\/\/starlediluminacion.com\/wp-content\/uploads\/2024\/08\/empotrable-led-7w-circular-ip65-cct-sensor-de-movimiento-pir-standard-en-1363-1.jpg\" \/>\n\t<meta property=\"og:image:width\" content=\"744\" \/>\n\t<meta property=\"og:image:height\" content=\"800\" \/>\n\t<meta property=\"og:image:type\" content=\"image\/jpeg\" \/>\n<meta name=\"twitter:card\" content=\"summary_large_image\" \/>\n<meta name=\"twitter:label1\" content=\"Gesch\u00e4tzte Lesezeit\" \/>\n\t<meta name=\"twitter:data1\" content=\"2\u00a0Minuten\" \/>\n<script type=\"application\/ld+json\" class=\"yoast-schema-graph\">{\"@context\":\"https:\\\/\\\/schema.org\",\"@graph\":[{\"@type\":\"WebPage\",\"@id\":\"https:\\\/\\\/starlediluminacion.com\\\/producto\\\/empotrable-led-7w-circular-ip65-cct-sensor-de-movimiento-pir-standard-en1363-1\\\/\",\"url\":\"https:\\\/\\\/starlediluminacion.com\\\/producto\\\/empotrable-led-7w-circular-ip65-cct-sensor-de-movimiento-pir-standard-en1363-1\\\/\",\"name\":\"Empotrable LED 7W - Circular - IP65 - CCT - Sensor De Movimiento PIR - Standard EN1363-1 - STARLED Iluminacion\",\"isPartOf\":{\"@id\":\"https:\\\/\\\/starlediluminacion.com\\\/#website\"},\"primaryImageOfPage\":{\"@id\":\"https:\\\/\\\/starlediluminacion.com\\\/producto\\\/empotrable-led-7w-circular-ip65-cct-sensor-de-movimiento-pir-standard-en1363-1\\\/#primaryimage\"},\"image\":{\"@id\":\"https:\\\/\\\/starlediluminacion.com\\\/producto\\\/empotrable-led-7w-circular-ip65-cct-sensor-de-movimiento-pir-standard-en1363-1\\\/#primaryimage\"},\"thumbnailUrl\":\"https:\\\/\\\/starlediluminacion.com\\\/wp-content\\\/uploads\\\/2024\\\/08\\\/empotrable-led-7w-circular-ip65-cct-sensor-de-movimiento-pir-standard-en-1363-1.jpg\",\"datePublished\":\"2024-08-04T10:20:52+00:00\",\"dateModified\":\"2024-10-27T10:26:29+00:00\",\"breadcrumb\":{\"@id\":\"https:\\\/\\\/starlediluminacion.com\\\/producto\\\/empotrable-led-7w-circular-ip65-cct-sensor-de-movimiento-pir-standard-en1363-1\\\/#breadcrumb\"},\"inLanguage\":\"de\",\"potentialAction\":[{\"@type\":\"ReadAction\",\"target\":[\"https:\\\/\\\/starlediluminacion.com\\\/producto\\\/empotrable-led-7w-circular-ip65-cct-sensor-de-movimiento-pir-standard-en1363-1\\\/\"]}]},{\"@type\":\"ImageObject\",\"inLanguage\":\"de\",\"@id\":\"https:\\\/\\\/starlediluminacion.com\\\/producto\\\/empotrable-led-7w-circular-ip65-cct-sensor-de-movimiento-pir-standard-en1363-1\\\/#primaryimage\",\"url\":\"https:\\\/\\\/starlediluminacion.com\\\/wp-content\\\/uploads\\\/2024\\\/08\\\/empotrable-led-7w-circular-ip65-cct-sensor-de-movimiento-pir-standard-en-1363-1.jpg\",\"contentUrl\":\"https:\\\/\\\/starlediluminacion.com\\\/wp-content\\\/uploads\\\/2024\\\/08\\\/empotrable-led-7w-circular-ip65-cct-sensor-de-movimiento-pir-standard-en-1363-1.jpg\",\"width\":744,\"height\":800},{\"@type\":\"BreadcrumbList\",\"@id\":\"https:\\\/\\\/starlediluminacion.com\\\/producto\\\/empotrable-led-7w-circular-ip65-cct-sensor-de-movimiento-pir-standard-en1363-1\\\/#breadcrumb\",\"itemListElement\":[{\"@type\":\"ListItem\",\"position\":1,\"name\":\"Portada\",\"item\":\"https:\\\/\\\/starlediluminacion.com\\\/\"},{\"@type\":\"ListItem\",\"position\":2,\"name\":\"Shop\",\"item\":\"https:\\\/\\\/starlediluminacion.com\\\/shop-2\\\/\"},{\"@type\":\"ListItem\",\"position\":3,\"name\":\"Empotrable LED 7W &#8211; Circular &#8211; IP65 &#8211; CCT &#8211; Sensor De Movimiento PIR &#8211; Standard EN1363-1\"}]},{\"@type\":\"WebSite\",\"@id\":\"https:\\\/\\\/starlediluminacion.com\\\/#website\",\"url\":\"https:\\\/\\\/starlediluminacion.com\\\/\",\"name\":\"STARLED Iluminacion\",\"description\":\"\",\"potentialAction\":[{\"@type\":\"SearchAction\",\"target\":{\"@type\":\"EntryPoint\",\"urlTemplate\":\"https:\\\/\\\/starlediluminacion.com\\\/?s={search_term_string}\"},\"query-input\":{\"@type\":\"PropertyValueSpecification\",\"valueRequired\":true,\"valueName\":\"search_term_string\"}}],\"inLanguage\":\"de\"}]}<\/script>\n<!-- \/ Yoast SEO plugin. -->","yoast_head_json":{"title":"Empotrable LED 7W - Circular - IP65 - CCT - Sensor De Movimiento PIR - Standard EN1363-1 - STARLED Iluminacion","robots":{"index":"index","follow":"follow","max-snippet":"max-snippet:-1","max-image-preview":"max-image-preview:large","max-video-preview":"max-video-preview:-1"},"canonical":"https:\/\/starlediluminacion.com\/de\/product\/einbau-led-7w-kreis-ip65-cct-bewegungssensor-pir-standard-de1363-1-2\/","og_locale":"de_DE","og_type":"article","og_title":"Empotrable LED 7W - Circular - IP65 - CCT - Sensor De Movimiento PIR - Standard EN1363-1 - STARLED Iluminacion","og_description":"Referencia: SLDL7WSEN-CCT- 91291      Descubre el\u00a0Foco Empotrable LED Circular IP65, tu aliado ideal para una iluminaci\u00f3n resistente al agua. Con\u00a07W\u00a0de potencia y un\u00a0detector de presencia PIR programable,\u00a0este foco ofrece una soluci\u00f3n lum\u00ednica eficiente y pr\u00e1ctica. Su tecnolog\u00eda\u00a0CCT\u00a0te permite elegir entre tres tonos de luz: 3000K, 4000K y 6000K, adapt\u00e1ndose a tus preferencias. Adem\u00e1s, con un \u00e1ngulo de apertura de 60\u00ba, es perfecto para destacar puntos espec\u00edficos en cualquier ambiente.\u00a0Acabado frontal en blanco\u00a0para una integraci\u00f3n perfecta con tu estilo. \u00a1Haz de tu espacio un lugar iluminado y seguro con este foco empotrable LED!","og_url":"https:\/\/starlediluminacion.com\/de\/product\/einbau-led-7w-kreis-ip65-cct-bewegungssensor-pir-standard-de1363-1-2\/","og_site_name":"STARLED Iluminacion","article_modified_time":"2024-10-27T10:26:29+00:00","og_image":[{"width":744,"height":800,"url":"https:\/\/starlediluminacion.com\/wp-content\/uploads\/2024\/08\/empotrable-led-7w-circular-ip65-cct-sensor-de-movimiento-pir-standard-en-1363-1.jpg","type":"image\/jpeg"}],"twitter_card":"summary_large_image","twitter_misc":{"Gesch\u00e4tzte Lesezeit":"2\u00a0Minuten"},"schema":{"@context":"https:\/\/schema.org","@graph":[{"@type":"WebPage","@id":"https:\/\/starlediluminacion.com\/producto\/empotrable-led-7w-circular-ip65-cct-sensor-de-movimiento-pir-standard-en1363-1\/","url":"https:\/\/starlediluminacion.com\/producto\/empotrable-led-7w-circular-ip65-cct-sensor-de-movimiento-pir-standard-en1363-1\/","name":"Empotrable LED 7W - Circular - IP65 - CCT - Sensor De Movimiento PIR - Standard EN1363-1 - STARLED Iluminacion","isPartOf":{"@id":"https:\/\/starlediluminacion.com\/#website"},"primaryImageOfPage":{"@id":"https:\/\/starlediluminacion.com\/producto\/empotrable-led-7w-circular-ip65-cct-sensor-de-movimiento-pir-standard-en1363-1\/#primaryimage"},"image":{"@id":"https:\/\/starlediluminacion.com\/producto\/empotrable-led-7w-circular-ip65-cct-sensor-de-movimiento-pir-standard-en1363-1\/#primaryimage"},"thumbnailUrl":"https:\/\/starlediluminacion.com\/wp-content\/uploads\/2024\/08\/empotrable-led-7w-circular-ip65-cct-sensor-de-movimiento-pir-standard-en-1363-1.jpg","datePublished":"2024-08-04T10:20:52+00:00","dateModified":"2024-10-27T10:26:29+00:00","breadcrumb":{"@id":"https:\/\/starlediluminacion.com\/producto\/empotrable-led-7w-circular-ip65-cct-sensor-de-movimiento-pir-standard-en1363-1\/#breadcrumb"},"inLanguage":"de","potentialAction":[{"@type":"ReadAction","target":["https:\/\/starlediluminacion.com\/producto\/empotrable-led-7w-circular-ip65-cct-sensor-de-movimiento-pir-standard-en1363-1\/"]}]},{"@type":"ImageObject","inLanguage":"de","@id":"https:\/\/starlediluminacion.com\/producto\/empotrable-led-7w-circular-ip65-cct-sensor-de-movimiento-pir-standard-en1363-1\/#primaryimage","url":"https:\/\/starlediluminacion.com\/wp-content\/uploads\/2024\/08\/empotrable-led-7w-circular-ip65-cct-sensor-de-movimiento-pir-standard-en-1363-1.jpg","contentUrl":"https:\/\/starlediluminacion.com\/wp-content\/uploads\/2024\/08\/empotrable-led-7w-circular-ip65-cct-sensor-de-movimiento-pir-standard-en-1363-1.jpg","width":744,"height":800},{"@type":"BreadcrumbList","@id":"https:\/\/starlediluminacion.com\/producto\/empotrable-led-7w-circular-ip65-cct-sensor-de-movimiento-pir-standard-en1363-1\/#breadcrumb","itemListElement":[{"@type":"ListItem","position":1,"name":"Portada","item":"https:\/\/starlediluminacion.com\/"},{"@type":"ListItem","position":2,"name":"Shop","item":"https:\/\/starlediluminacion.com\/shop-2\/"},{"@type":"ListItem","position":3,"name":"Empotrable LED 7W &#8211; Circular &#8211; IP65 &#8211; CCT &#8211; Sensor De Movimiento PIR &#8211; Standard EN1363-1"}]},{"@type":"WebSite","@id":"https:\/\/starlediluminacion.com\/#website","url":"https:\/\/starlediluminacion.com\/","name":"STARLED Iluminacion","description":"","potentialAction":[{"@type":"SearchAction","target":{"@type":"EntryPoint","urlTemplate":"https:\/\/starlediluminacion.com\/?s={search_term_string}"},"query-input":{"@type":"PropertyValueSpecification","valueRequired":true,"valueName":"search_term_string"}}],"inLanguage":"de"}]}},"_links":{"self":[{"href":"https:\/\/starlediluminacion.com\/de\/wp-json\/wp\/v3\/product\/13708","targetHints":{"allow":["GET"]}}],"collection":[{"href":"https:\/\/starlediluminacion.com\/de\/wp-json\/wp\/v3\/product"}],"about":[{"href":"https:\/\/starlediluminacion.com\/de\/wp-json\/wp\/v2\/types\/product"}],"wp:featuredmedia":[{"embeddable":true,"href":"https:\/\/starlediluminacion.com\/de\/wp-json\/wp\/v2\/media\/13718"}],"wp:attachment":[{"href":"https:\/\/starlediluminacion.com\/de\/wp-json\/wp\/v2\/media?parent=13708"}],"wp:term":[{"taxonomy":"product_cat","embeddable":true,"href":"https:\/\/starlediluminacion.com\/de\/wp-json\/wp\/v2\/product_cat?post=13708"},{"taxonomy":"product_tag","embeddable":true,"href":"https:\/\/starlediluminacion.com\/de\/wp-json\/wp\/v2\/product_tag?post=13708"}],"curies":[{"name":"wp","href":"https:\/\/api.w.org\/{rel}","templated":true}]}}