{"id":13657,"date":"2024-08-04T09:52:14","date_gmt":"2024-08-04T09:52:14","guid":{"rendered":"https:\/\/starlediluminacion.com\/?post_type=product&#038;p=13657"},"modified":"2024-10-27T10:25:57","modified_gmt":"2024-10-27T10:25:57","slug":"campana-industrial-led-150w-100w-80w-ufo-endurance-osram-chip-duris-e-2835","status":"publish","type":"product","link":"https:\/\/starlediluminacion.com\/de\/product\/campana-industrial-led-150w-100w-80w-ufo-endurance-osram-chip-duris-e-2835\/","title":{"rendered":"<p>Campana Industrial LED 150W-100W-80W UFO ENDURANCE OSRAM CHIP DURIS E 2835<\/p>"},"content":{"rendered":"<h1>Campana Industrial LED 80W-100W-150W UFO ENDURANCE OSRAM CHIP DURIS E 2835<h3>Warum w\u00e4hlen Sie die ENDURANCE LED-Industriehaube:<\/h3><p>Die&nbsp;<strong>ENDURANCE LED-Industriehaube<\/strong>&nbsp;bietet nicht nur eine au\u00dfergew\u00f6hnliche Beleuchtung, sondern optimiert auch den Energieverbrauch und verbessert die Arbeitsbedingungen in jeder industriellen Umgebung. Mit ihrer einstellbaren Leistung und fortschrittlichen Technologie ist sie die perfekte L\u00f6sung f\u00fcr alle, die Effizienz, Qualit\u00e4t und Leistung in einem einzigen Produkt suchen.<\/p><h2><\/h2><h2>Wesentliche Merkmale:<\/h2><p><strong>Einstellbare Leistung:<\/strong>&nbsp;80W, 100W, 150W ? Personaliza la iluminaci&oacute;n seg&uacute;n tus necesidades.<\/p><p><strong>OSRAM CHIP DURIS E 2835 Technologie:<\/strong>&nbsp;Es garantiert au\u00dfergew\u00f6hnliche Effizienz und Langlebigkeit.<\/p><p><strong>Fahrer NO FLICK:<\/strong>&nbsp;Kontinuierliche, flimmerfreie Beleuchtung f\u00fcr eine angenehmere Arbeitsumgebung.<\/p><p><strong>Hohe Leuchtkraft: 140Lm\/w<\/strong>&nbsp;? Sie erhalten eine leistungsstarke und helle Beleuchtung, ideal f\u00fcr gro\u00dfe Industriefl\u00e4chen.<\/p><p>&nbsp;<\/p><h3>Vorteile:<\/h3><p><strong>Energie-Effizienz:<\/strong>&nbsp;Reduziert den Energieverbrauch ohne Einbu\u00dfen bei der Lichtqualit\u00e4t.<\/p><p><strong>Lange Nutzungsdauer:<\/strong>&nbsp;Sparen Sie Wartungs- und Austauschkosten mit der \u00e4u\u00dferst langlebigen LED-Technologie.<\/p><p><strong>Vielseitiger Einsatz:<\/strong>&nbsp;Perfekt f\u00fcr Lagerh\u00e4user, Fabriken, Werkst\u00e4tten und jede andere industrielle Umgebung, die eine robuste und zuverl\u00e4ssige Beleuchtung erfordert.<\/p><p><strong>Einfache Installation:<\/strong>&nbsp;Intuitives Design f\u00fcr einfache Montage und Einstellung.<\/p><p>&nbsp;<\/p><p><strong><em>Beleuchten Sie Ihre Branche mit der ENDURANCE LED-Industriehaube und erleben Sie den Unterschied!<\/em><\/strong><\/p><h3 class=\"h6\">Produktdatenblatt<\/h3><dl class=\"data-sheet\">\n<dt class=\"name\"><img loading=\"lazy\" decoding=\"async\" src=\"https:\/\/www.factorled.com\/modules\/oa_features\/img\/2-default.jpg\" width=\"32\" height=\"32\">&nbsp;REFERENZ<\/dt>\n<dd class=\"value\">NEWENDUR-HB150W<\/dd>\n<dt class=\"name\"><img loading=\"lazy\" decoding=\"async\" src=\"https:\/\/www.factorled.com\/modules\/oa_features\/img\/3-default.jpg\" width=\"32\" height=\"32\">&nbsp;Nennleistung<\/dt>\n<dd class=\"value\">ADJUSTABLE 80W &ndash; 100W &ndash; 150W<\/dd>\n<dt class=\"name\"><img loading=\"lazy\" decoding=\"async\" src=\"https:\/\/www.factorled.com\/modules\/oa_features\/img\/4-default.jpg\" width=\"32\" height=\"32\">&nbsp;Nennspannung<\/dt>\n<dd class=\"value\">175-265V<\/dd>\n<dt class=\"name\"><img loading=\"lazy\" decoding=\"async\" src=\"https:\/\/www.factorled.com\/modules\/oa_features\/img\/5-default.jpg\" width=\"32\" height=\"32\">&nbsp;Licht Temperatur<\/dt>\n<dd class=\"value\">4000K - 5700K<\/dd>\n<dt class=\"name\"><img loading=\"lazy\" decoding=\"async\" src=\"https:\/\/www.factorled.com\/modules\/oa_features\/img\/6-default.jpg\" width=\"32\" height=\"32\">&nbsp;CRI - Farbwiedergabe-Index<\/dt>\n<dd class=\"value\">80<\/dd>\n<dt class=\"name\"><img loading=\"lazy\" decoding=\"async\" src=\"https:\/\/www.factorled.com\/modules\/oa_features\/img\/25-default.jpg\" width=\"32\" height=\"32\">&nbsp;Baumaterial<\/dt>\n<dd class=\"value\">Aluminium + Glas<\/dd>\n<dt class=\"name\"><img loading=\"lazy\" decoding=\"async\" src=\"https:\/\/www.factorled.com\/modules\/oa_features\/img\/8-default.jpg\" width=\"32\" height=\"32\">&nbsp;Leuchtkraft-Lm<\/dt>\n<dd class=\"value\">19500<\/dd>\n<dt class=\"name\"><img loading=\"lazy\" decoding=\"async\" src=\"https:\/\/www.factorled.com\/modules\/oa_features\/img\/9-default.jpg\" width=\"32\" height=\"32\">&nbsp;LED-Typ<\/dt>\n<dd class=\"value\">SMD DURIS E 2835 OSRAM CHIPLED<\/dd>\n<dt class=\"name\"><img loading=\"lazy\" decoding=\"async\" src=\"https:\/\/www.factorled.com\/modules\/oa_features\/img\/10-default.jpg\" width=\"32\" height=\"32\">&nbsp;\u00d6ffnungswinkel (\u00ba)<\/dt>\n<dd class=\"value\">120\u00b0<\/dd>\n<dt class=\"name\"><img loading=\"lazy\" decoding=\"async\" src=\"https:\/\/www.factorled.com\/modules\/oa_features\/img\/12-default.jpg\" width=\"32\" height=\"32\">&nbsp;LED-Dioden-Wirkungsgrad (Lm\/W)<\/dt>\n<dd class=\"value\">140 Lm\/W<\/dd>\n<dt class=\"name\"><img loading=\"lazy\" decoding=\"async\" src=\"https:\/\/www.factorled.com\/modules\/oa_features\/img\/13-default.jpg\" width=\"32\" height=\"32\">&nbsp;Lichtausbeute (Lm\/W)<\/dt>\n<dd class=\"value\">130 Lm\/W<\/dd>\n<dt class=\"name\"><img loading=\"lazy\" decoding=\"async\" src=\"https:\/\/www.factorled.com\/modules\/oa_features\/img\/15-default.jpg\" width=\"32\" height=\"32\">&nbsp;Bescheinigungen<\/dt>\n<dd class=\"value\">CE - ROHS<\/dd>\n<dt class=\"name\"><img loading=\"lazy\" decoding=\"async\" src=\"https:\/\/www.factorled.com\/modules\/oa_features\/img\/16-default.jpg\" width=\"32\" height=\"32\">&nbsp;IP-Bewertung<\/dt>\n<dd class=\"value\">IP65-Au\u00dfenbereich<\/dd>\n<dt class=\"name\"><img loading=\"lazy\" decoding=\"async\" src=\"https:\/\/www.factorled.com\/modules\/oa_features\/img\/17-default.jpg\" width=\"32\" height=\"32\">&nbsp;Gesch\u00e4tzte Lebensdauer LED-Diode (H)<\/dt>\n<dd class=\"value\">35.000<\/dd>\n<dt class=\"name\"><img loading=\"lazy\" decoding=\"async\" src=\"https:\/\/www.factorled.com\/modules\/oa_features\/img\/18-default.jpg\" width=\"32\" height=\"32\">&nbsp;Messungen (Mm)<\/dt>\n<dd class=\"value\">&Oslash;270XH52mm<\/dd>\n<dt class=\"name\"><img loading=\"lazy\" decoding=\"async\" src=\"https:\/\/www.factorled.com\/modules\/oa_features\/img\/20-default.jpg\" width=\"32\" height=\"32\">&nbsp;Leistungsfaktor (PF)<\/dt>\n<dd class=\"value\">0.95<\/dd>\n<dt class=\"name\"><img loading=\"lazy\" decoding=\"async\" src=\"https:\/\/www.factorled.com\/modules\/oa_features\/img\/21-default.jpg\" width=\"32\" height=\"32\">&nbsp;Arbeitsfrequenz (Hz)<\/dt>\n<dd class=\"value\">50\/60Hz<\/dd>\n<dt class=\"name\"><img loading=\"lazy\" decoding=\"async\" src=\"https:\/\/www.factorled.com\/modules\/oa_features\/img\/22-default.jpg\" width=\"32\" height=\"32\">&nbsp;Temperaturbereich (\u00baC)<\/dt>\n<dd class=\"value\">-20\u00b0C ~ +55\u00b0C<\/dd>\n<dt class=\"name\"><img loading=\"lazy\" decoding=\"async\" src=\"https:\/\/www.factorled.com\/modules\/oa_features\/img\/23-default.jpg\" width=\"32\" height=\"32\">&nbsp;Z\u00fcndungszyklen<\/dt>\n<dd class=\"value\">100.000<\/dd>\n<dt class=\"name\"><img loading=\"lazy\" decoding=\"async\" src=\"https:\/\/www.factorled.com\/modules\/oa_features\/img\/24-default.jpg\" width=\"32\" height=\"32\">&nbsp;Anlaufzeit (S)<\/dt>\n<dd class=\"value\">0,2s<\/dd>\n<dt class=\"name\"><img loading=\"lazy\" decoding=\"async\" src=\"https:\/\/www.factorled.com\/modules\/oa_features\/img\/73-default.jpg\" width=\"32\" height=\"32\">&nbsp;Aufprallschutz (IK)<\/dt>\n<dd class=\"value\">IK08<\/dd>\n<dt class=\"name\"><img loading=\"lazy\" decoding=\"async\" src=\"https:\/\/www.factorled.com\/modules\/oa_features\/img\/74-default.jpg\" width=\"32\" height=\"32\">&nbsp;Inklusive Treiber<\/dt>\n<dd class=\"value\">KEIN FLICK-TREIBER - KEIN FLIMMERN<\/dd>\n<dt class=\"name\"><img loading=\"lazy\" decoding=\"async\" src=\"https:\/\/www.factorled.com\/modules\/oa_features\/img\/7-default.jpg\" width=\"32\" height=\"32\">&nbsp;Energieklasse (2021-EU-2019\/2015)<\/dt>\n<dd class=\"value\">A+<\/dd>\n<dt class=\"name\"><img loading=\"lazy\" decoding=\"async\" src=\"https:\/\/www.factorled.com\/modules\/oa_features\/img\/101-default.jpg\" width=\"32\" height=\"32\">&nbsp;Energieklasse (2023 - EU-2019\/2015)<\/dt>\n<dd class=\"value\">E<\/dd>\n<dt class=\"name\"><img loading=\"lazy\" decoding=\"async\" src=\"https:\/\/www.factorled.com\/modules\/oa_features\/img\/75-default.jpg\" width=\"32\" height=\"32\">&nbsp;Garantie Jahre<\/dt>\n<dd class=\"value\">3C<\/dd>\n<\/dl><\/h1>","protected":false},"excerpt":{"rendered":"<div class=\"product-reference\"><strong><label class=\"label\">Referenz:<\/label> SLNEWENDUR-HB150W-91281<\/strong>\n<div><\/div>\n<div class=\"product-description-short\">\n<div id=\"product-description-short-3602\">\n<p>Versch\u00f6nern Sie Ihren industriellen Raum mit dem&nbsp;<strong>ENDURANCE LED-Industriehaube<\/strong>!&nbsp;<strong>Ajustable en 80W, 100W y 150W,<\/strong>&nbsp;ausgestattet mit dem fortschrittlichen&nbsp;<strong>OSRAM CHIP<\/strong>&nbsp;DURIS E 2835 und ein Fahrer&nbsp;<strong>KEIN FLICK<\/strong>&nbsp;f\u00fcr flackerfreies Licht. Mit einer beeindruckenden Effizienz von&nbsp;<strong>140Lm\/w<\/strong>garantiert hohe Helligkeit und Energieeinsparung. Ideal f\u00fcr Fabriken, Lager und Werkst\u00e4tten, entscheidet es sich f\u00fcr Haltbarkeit und Effizienz mit&nbsp;<strong>ENDURANCE<\/strong>!<\/p>\n<p><strong>Farbtemperatur: 4000K\/5700K<\/strong><\/p>\n<\/div>\n<\/div><\/div>","protected":false},"featured_media":13665,"template":"","meta":{"site-sidebar-layout":"default","site-content-layout":"default","ast-global-header-display":"","ast-main-header-display":"","ast-hfb-above-header-display":"","ast-hfb-below-header-display":"","ast-hfb-mobile-header-display":"","site-post-title":"","ast-breadcrumbs-content":"","ast-featured-img":"","footer-sml-layout":"","theme-transparent-header-meta":"default","adv-header-id-meta":"","stick-header-meta":"","header-above-stick-meta":"","header-main-stick-meta":"","header-below-stick-meta":""},"product_cat":[100,29],"product_tag":[],"class_list":["post-13657","product","type-product","status-publish","has-post-thumbnail","hentry","product_cat-campanas-industriales-pro-led-ufo","product_cat-iluminacion-industrial-led"],"_links":{"self":[{"href":"https:\/\/starlediluminacion.com\/de\/wp-json\/wp\/v3\/product\/13657","targetHints":{"allow":["GET"]}}],"collection":[{"href":"https:\/\/starlediluminacion.com\/de\/wp-json\/wp\/v3\/product"}],"about":[{"href":"https:\/\/starlediluminacion.com\/de\/wp-json\/wp\/v2\/types\/product"}],"wp:featuredmedia":[{"embeddable":true,"href":"https:\/\/starlediluminacion.com\/de\/wp-json\/wp\/v2\/media\/13665"}],"wp:attachment":[{"href":"https:\/\/starlediluminacion.com\/de\/wp-json\/wp\/v2\/media?parent=13657"}],"wp:term":[{"taxonomy":"product_cat","embeddable":true,"href":"https:\/\/starlediluminacion.com\/de\/wp-json\/wp\/v2\/product_cat?post=13657"},{"taxonomy":"product_tag","embeddable":true,"href":"https:\/\/starlediluminacion.com\/de\/wp-json\/wp\/v2\/product_tag?post=13657"}],"curies":[{"name":"wp","href":"https:\/\/api.w.org\/{rel}","templated":true}]}}