{"id":13544,"date":"2024-07-07T11:44:48","date_gmt":"2024-07-07T11:44:48","guid":{"rendered":"https:\/\/starlediluminacion.com\/?post_type=product&#038;p=13544"},"modified":"2024-10-27T10:24:22","modified_gmt":"2024-10-27T10:24:22","slug":"foco-proyector-led-30w-action-pro-osram-chip-duris-e2835","status":"publish","type":"product","link":"https:\/\/starlediluminacion.com\/de\/product\/punktstrahler-projektor-led-30w-aktion-pro-osram-chip-duris-e2835\/","title":{"rendered":"<p>30W LED-Flutlicht - ACTION PRO - OSRAM CHIP DURIS E2835<\/p>"},"content":{"rendered":"<h1>30W LED-Flutlicht - ACTION PRO - OSRAM CHIP DURIS E2835<p>Die&nbsp;<strong>LED-Flutlicht<\/strong>&nbsp;-&nbsp;<b>ACTION PRO&nbsp;<\/b>-&nbsp;<strong>OSRAM CHIP DURIS E2835<\/strong>- ist eine beeindruckende Leuchte aus hochwertigen Materialien wie Aluminium und Glas, die Langlebigkeit und Widerstandsf\u00e4higkeit garantieren. Mit ihrer 30W Leistung&nbsp;<strong>,<\/strong>&nbsp;Dieser LED-Flutlichtstrahler bietet eine leistungsstarke und effiziente Beleuchtung, die sich f\u00fcr eine Vielzahl von Anwendungen eignet.<\/p><p>Eines der herausragenden Merkmale dieses Scheinwerfers ist seine hochwertige SMD2835 Osram Duris-Diode, die eine optimale Leistung und eine genaue Farbwiedergabe mit einem Farbwiedergabeindex (CRI) von \u00fcber 80 gew\u00e4hrleistet. Das bedeutet, dass die Farben lebendig und naturgetreu wiedergegeben werden und ein au\u00dfergew\u00f6hnliches Seherlebnis bieten.<\/p><p>Neben der Lichtleistung ist die&nbsp;<strong>LED-Flutlicht 30W<\/strong>&nbsp; - ACTION PRO zeichnet sich auch durch seine Vielseitigkeit in Bezug auf den Einsatzort aus. Dank seiner Klassifizierung&nbsp;<strong>IP65<\/strong>Mit seinem wasser- und staubdichten Design ist dieser Scheinwerfer eine ideale Wahl f\u00fcr Innen- und Au\u00dfenanwendungen. Ob zur Beleuchtung eines Gartens, einer Fassade, eines Schaufensters oder eines anderen Raums, dieser Scheinwerfer ist bereit, sich den Herausforderungen der Au\u00dfenumgebung zu stellen, ohne Kompromisse bei der Leistung einzugehen.<\/p><p>Die hochfeste Epoxid-Einbrennlackierung dieses Scheinwerfers sorgt nicht nur f\u00fcr ein elegantes Erscheinungsbild, sondern auch f\u00fcr einen zus\u00e4tzlichen Schutz gegen Korrosion und Witterungseinfl\u00fcsse, der eine lange Lebensdauer und ein makelloses Erscheinungsbild auch unter rauen Umweltbedingungen gew\u00e4hrleistet.<\/p><p>&nbsp;<\/p><p>Der 30W LED-Flutlichtstrahler - EDACTION PRO GE - OSRAM CHIP DURIS E2835- IP65 zeichnet sich durch seine einfache Installation aus, die ihn zu einer bequemen Wahl f\u00fcr Benutzer aller Erfahrungsstufen macht.  Dank seines durchdachten Designs und seiner kompakten Struktur l\u00e4sst sich dieser LED-Fluter schnell und einfach in verschiedenen Umgebungen installieren. Er wird mit allen notwendigen Komponenten wie Kabeln und Halterungen geliefert, um den Installationsprozess zu erleichtern.<\/p><p>&nbsp;<\/p><p>Die&nbsp;<strong>LED-Flutlicht<\/strong>&nbsp;-&nbsp;<b>ACTION PRO&nbsp;<\/b>-&nbsp;<strong>OSRAM CHIP DURIS E2835-<\/strong>&nbsp;<strong>IP65<\/strong>&nbsp;ist aufgrund seiner Leistung, Langlebigkeit und Widerstandsf\u00e4higkeit gegen Witterungseinfl\u00fcsse vielseitig einsetzbar. Einige der h\u00e4ufigsten Verwendungszwecke f\u00fcr diesen Projektor sind:<\/p><ul>\n<li>Au\u00dfenbeleuchtung: Dank der Schutzart IP65 eignet sich dieser Scheinwerfer perfekt f\u00fcr die Beleuchtung von Au\u00dfenbereichen wie G\u00e4rten, Terrassen, Geb\u00e4udefassaden, Parks, Parkpl\u00e4tzen und mehr. Er bietet eine helle, gleichm\u00e4\u00dfige Beleuchtung, die die Sicherheit, \u00c4sthetik und Sichtbarkeit in Au\u00dfenbereichen verbessert.<\/li>\n<li>Sicherheitsbeleuchtung: Der 30-W-LED-Fluter ist ideal zur Erh\u00f6hung der Sicherheit in Risikobereichen wie Eing\u00e4ngen, dunklen Fluren oder Garagen. Sein leistungsstarkes Licht leuchtet R\u00e4ume effektiv aus, schreckt Eindringlinge ab und sorgt f\u00fcr Sicherheit.<\/li>\n<li>Event- und Performance-Beleuchtung: Aufgrund seiner F\u00e4higkeit, eine intensive und fokussierte Beleuchtung zu erzeugen, wird dieser Scheinwerfer h\u00e4ufig f\u00fcr Veranstaltungen im Freien, Konzerte, Festivals, Ausstellungen und B\u00fchnenauff\u00fchrungen eingesetzt. Er bietet eine auff\u00e4llige Beleuchtung, die bestimmte Elemente hervorhebt und ein dynamisches Ambiente schafft.<\/li>\n<li>Schaufenster- und Ausstellungsbeleuchtung: Das 30-W-LED-Flutlicht ist eine beliebte Wahl f\u00fcr die Hervorhebung von Produkten, Displays und Vitrinen in Gesch\u00e4ften, Museen und Galerien. Sein helles, geb\u00fcndeltes Licht hebt Details hervor und erzeugt einen visuellen Eindruck, der die Aufmerksamkeit der Betrachter auf sich zieht.<\/li>\n<li>Innenbeleuchtung: Obwohl dieser Scheinwerfer speziell f\u00fcr den Au\u00dfenbereich konzipiert wurde, kann er auch in Innenr\u00e4umen zur Beleuchtung bestimmter Bereiche wie Ausstellungsr\u00e4ume, Flure, Veranstaltungshallen und mehr eingesetzt werden.<\/li>\n<\/ul><h3 class=\"h6\">Produktdatenblatt<\/h3><dl class=\"data-sheet\">\n<dt class=\"name\"><img loading=\"lazy\" decoding=\"async\" src=\"https:\/\/www.factorled.com\/modules\/oa_features\/img\/2-default.jpg\" width=\"32\" height=\"32\">&nbsp;REFERENZ<\/dt>\n<dd class=\"value\">FLACT30W<\/dd>\n<dt class=\"name\"><img loading=\"lazy\" decoding=\"async\" src=\"https:\/\/www.factorled.com\/modules\/oa_features\/img\/3-default.jpg\" width=\"32\" height=\"32\">&nbsp;Nennleistung<\/dt>\n<dd class=\"value\">30W<\/dd>\n<dt class=\"name\"><img loading=\"lazy\" decoding=\"async\" src=\"https:\/\/www.factorled.com\/modules\/oa_features\/img\/4-default.jpg\" width=\"32\" height=\"32\">&nbsp;Nennspannung<\/dt>\n<dd class=\"value\">220-240V<\/dd>\n<dt class=\"name\"><img loading=\"lazy\" decoding=\"async\" src=\"https:\/\/www.factorled.com\/modules\/oa_features\/img\/5-default.jpg\" width=\"32\" height=\"32\">&nbsp;Licht Temperatur<\/dt>\n<dd class=\"value\">4000K - 5700K<\/dd>\n<dt class=\"name\"><img loading=\"lazy\" decoding=\"async\" src=\"https:\/\/www.factorled.com\/modules\/oa_features\/img\/6-default.jpg\" width=\"32\" height=\"32\">&nbsp;CRI - Farbwiedergabe-Index<\/dt>\n<dd class=\"value\">80<\/dd>\n<dt class=\"name\"><img loading=\"lazy\" decoding=\"async\" src=\"https:\/\/www.factorled.com\/modules\/oa_features\/img\/25-default.jpg\" width=\"32\" height=\"32\">&nbsp;Baumaterial<\/dt>\n<dd class=\"value\">Aluminium + Glas<\/dd>\n<dt class=\"name\"><img loading=\"lazy\" decoding=\"async\" src=\"https:\/\/www.factorled.com\/modules\/oa_features\/img\/8-default.jpg\" width=\"32\" height=\"32\">&nbsp;Leuchtkraft-Lm<\/dt>\n<dd class=\"value\">3300<\/dd>\n<dt class=\"name\"><img loading=\"lazy\" decoding=\"async\" src=\"https:\/\/www.factorled.com\/modules\/oa_features\/img\/9-default.jpg\" width=\"32\" height=\"32\">&nbsp;LED-Typ<\/dt>\n<dd class=\"value\">SMD 2835 OSRAM CHIP<\/dd>\n<dt class=\"name\"><img loading=\"lazy\" decoding=\"async\" src=\"https:\/\/www.factorled.com\/modules\/oa_features\/img\/10-default.jpg\" width=\"32\" height=\"32\">&nbsp;\u00d6ffnungswinkel (\u00ba)<\/dt>\n<dd class=\"value\">120\u00ba<\/dd>\n<dt class=\"name\"><img loading=\"lazy\" decoding=\"async\" src=\"https:\/\/www.factorled.com\/modules\/oa_features\/img\/12-default.jpg\" width=\"32\" height=\"32\">&nbsp;LED-Dioden-Wirkungsgrad (Lm\/W)<\/dt>\n<dd class=\"value\">140 Lm\/W<\/dd>\n<dt class=\"name\"><img loading=\"lazy\" decoding=\"async\" src=\"https:\/\/www.factorled.com\/modules\/oa_features\/img\/13-default.jpg\" width=\"32\" height=\"32\">&nbsp;Lichtausbeute (Lm\/W)<\/dt>\n<dd class=\"value\">110 Lm\/W<\/dd>\n<dt class=\"name\"><img loading=\"lazy\" decoding=\"async\" src=\"https:\/\/www.factorled.com\/modules\/oa_features\/img\/15-default.jpg\" width=\"32\" height=\"32\">&nbsp;Bescheinigungen<\/dt>\n<dd class=\"value\">CE - ROHS<\/dd>\n<dt class=\"name\"><img loading=\"lazy\" decoding=\"async\" src=\"https:\/\/www.factorled.com\/modules\/oa_features\/img\/16-default.jpg\" width=\"32\" height=\"32\">&nbsp;IP-Bewertung<\/dt>\n<dd class=\"value\">IP65-Au\u00dfenbereich<\/dd>\n<dt class=\"name\"><img loading=\"lazy\" decoding=\"async\" src=\"https:\/\/www.factorled.com\/modules\/oa_features\/img\/17-default.jpg\" width=\"32\" height=\"32\">&nbsp;Gesch\u00e4tzte Lebensdauer LED-Diode (H)<\/dt>\n<dd class=\"value\">25000h<\/dd>\n<dt class=\"name\"><img loading=\"lazy\" decoding=\"async\" src=\"https:\/\/www.factorled.com\/modules\/oa_features\/img\/18-default.jpg\" width=\"32\" height=\"32\">&nbsp;Messungen (Mm)<\/dt>\n<dd class=\"value\">156x139x30mm<\/dd>\n<dt class=\"name\"><img loading=\"lazy\" decoding=\"async\" src=\"https:\/\/www.factorled.com\/modules\/oa_features\/img\/20-default.jpg\" width=\"32\" height=\"32\">&nbsp;Leistungsfaktor (PF)<\/dt>\n<dd class=\"value\">0.9<\/dd>\n<dt class=\"name\"><img loading=\"lazy\" decoding=\"async\" src=\"https:\/\/www.factorled.com\/modules\/oa_features\/img\/21-default.jpg\" width=\"32\" height=\"32\">&nbsp;Arbeitsfrequenz (Hz)<\/dt>\n<dd class=\"value\">50\/60Hz<\/dd>\n<dt class=\"name\"><img loading=\"lazy\" decoding=\"async\" src=\"https:\/\/www.factorled.com\/modules\/oa_features\/img\/22-default.jpg\" width=\"32\" height=\"32\">&nbsp;Temperaturbereich (\u00baC)<\/dt>\n<dd class=\"value\">-20\u00b0C ~ +55\u00b0C<\/dd>\n<dt class=\"name\"><img loading=\"lazy\" decoding=\"async\" src=\"https:\/\/www.factorled.com\/modules\/oa_features\/img\/23-default.jpg\" width=\"32\" height=\"32\">&nbsp;Z\u00fcndungszyklen<\/dt>\n<dd class=\"value\">100.000<\/dd>\n<dt class=\"name\"><img loading=\"lazy\" decoding=\"async\" src=\"https:\/\/www.factorled.com\/modules\/oa_features\/img\/24-default.jpg\" width=\"32\" height=\"32\">&nbsp;Anlaufzeit (S)<\/dt>\n<dd class=\"value\">0,2s<\/dd>\n<dt class=\"name\"><img loading=\"lazy\" decoding=\"async\" src=\"https:\/\/www.factorled.com\/modules\/oa_features\/img\/26-default.jpg\" width=\"32\" height=\"32\">&nbsp;Zus\u00e4tzliche Informationen<\/dt>\n<dd class=\"value\">\u00dcberspannungsschutz 2K<\/dd>\n<dt class=\"name\"><img loading=\"lazy\" decoding=\"async\" src=\"https:\/\/www.factorled.com\/modules\/oa_features\/img\/7-default.jpg\" width=\"32\" height=\"32\">&nbsp;Energieklasse (2021-EU-2019\/2015)<\/dt>\n<dd class=\"value\">A+<\/dd>\n<dt class=\"name\"><img loading=\"lazy\" decoding=\"async\" src=\"https:\/\/www.factorled.com\/modules\/oa_features\/img\/101-default.jpg\" width=\"32\" height=\"32\">&nbsp;Energieklasse (2023 - EU-2019\/2015)<\/dt>\n<dd class=\"value\">E<\/dd>\n<dt class=\"name\"><img loading=\"lazy\" decoding=\"async\" src=\"https:\/\/www.factorled.com\/modules\/oa_features\/img\/75-default.jpg\" width=\"32\" height=\"32\">&nbsp;Garantie Jahre<\/dt>\n<dd class=\"value\">3<\/dd>\n<\/dl><\/h1>","protected":false},"excerpt":{"rendered":"<div class=\"product-reference\"><strong><label class=\"label\">Referenz:<\/label> SLFLACT30W-CW-91918<\/strong>\n<div><\/div>\n<div class=\"product-description-short\">\n<div id=\"product-description-short-3446\">\n<p><strong>LED-Flutlicht 30W<\/strong>&nbsp;<b>- ACTION PRO - OSRAM CHIP DURIS E2835- IP65<\/b>Die perfekte Wahl f\u00fcr eine leistungsstarke und lang anhaltende Beleuchtung. Dieser 30-W-LED-Flutlichtstrahler, ausgestattet mit modernster OSRAM CHIP DURIS E2835 Technologie, liefert helle und effiziente Beleuchtung. Mit seiner IP65-Klassifizierung ist er wasser- und staubdicht und somit ideal f\u00fcr den Einsatz im Innen- und Au\u00dfenbereich. Erleben Sie die au\u00dfergew\u00f6hnliche Qualit\u00e4t und Leistung dieses klassenbesten Scheinwerfers!<\/p>\n<p><strong>Farbtemperatur: 4000K\/5700K<\/strong><\/p>\n<\/div>\n<\/div><\/div>","protected":false},"featured_media":13554,"template":"","meta":{"site-sidebar-layout":"default","site-content-layout":"default","ast-global-header-display":"","ast-main-header-display":"","ast-hfb-above-header-display":"","ast-hfb-below-header-display":"","ast-hfb-mobile-header-display":"","site-post-title":"","ast-breadcrumbs-content":"","ast-featured-img":"","footer-sml-layout":"","theme-transparent-header-meta":"default","adv-header-id-meta":"","stick-header-meta":"","header-above-stick-meta":"","header-main-stick-meta":"","header-below-stick-meta":""},"product_cat":[109,28],"product_tag":[],"class_list":["post-13544","product","type-product","status-publish","has-post-thumbnail","hentry","product_cat-foco-proyector-led-action","product_cat-proyectores-led-exterior-y-jardin"],"yoast_head":"<!-- This site is optimized with the Yoast SEO plugin v27.4 - https:\/\/yoast.com\/product\/yoast-seo-wordpress\/ -->\n<title>Foco Proyector LED 30W - ACTION PRO - OSRAM CHIP DURIS E2835 - STARLED Iluminacion<\/title>\n<meta name=\"robots\" content=\"index, follow, max-snippet:-1, max-image-preview:large, max-video-preview:-1\" \/>\n<link rel=\"canonical\" href=\"https:\/\/starlediluminacion.com\/de\/product\/punktstrahler-projektor-led-30w-aktion-pro-osram-chip-duris-e2835\/\" \/>\n<meta property=\"og:locale\" content=\"de_DE\" \/>\n<meta property=\"og:type\" content=\"article\" \/>\n<meta property=\"og:title\" content=\"Foco Proyector LED 30W - ACTION PRO - OSRAM CHIP DURIS E2835 - STARLED Iluminacion\" \/>\n<meta property=\"og:description\" content=\"Referencia: SLFLACT30W-CW-91918      Foco Proyector LED 30W\u00a0- ACTION PRO - OSRAM CHIP DURIS E2835- IP65: La elecci\u00f3n perfecta para iluminaci\u00f3n potente y duradera. Este proyector LED de 30W\u00a0, equipado con la tecnolog\u00eda de vanguardia de OSRAM CHIP DURIS E2835, ofrece una iluminaci\u00f3n brillante y eficiente. Con su clasificaci\u00f3n IP65, es resistente al agua y al polvo, lo que lo hace ideal tanto para uso interior como exterior.\u00a0\u00a1Experimenta la calidad y rendimiento excepcionales de este foco proyector l\u00edder en su categor\u00eda!  Temperatura de Color: 4000K\/5700K\" \/>\n<meta property=\"og:url\" content=\"https:\/\/starlediluminacion.com\/de\/product\/punktstrahler-projektor-led-30w-aktion-pro-osram-chip-duris-e2835\/\" \/>\n<meta property=\"og:site_name\" content=\"STARLED Iluminacion\" \/>\n<meta property=\"article:modified_time\" content=\"2024-10-27T10:24:22+00:00\" \/>\n<meta property=\"og:image\" content=\"https:\/\/starlediluminacion.com\/wp-content\/uploads\/2024\/07\/foco-proyector-led-30w-action-pro-osram-chip-duris-e2835.jpg\" \/>\n\t<meta property=\"og:image:width\" content=\"744\" \/>\n\t<meta property=\"og:image:height\" content=\"800\" \/>\n\t<meta property=\"og:image:type\" content=\"image\/jpeg\" \/>\n<meta name=\"twitter:card\" content=\"summary_large_image\" \/>\n<meta name=\"twitter:label1\" content=\"Gesch\u00e4tzte Lesezeit\" \/>\n\t<meta name=\"twitter:data1\" content=\"4\u00a0Minuten\" \/>\n<script type=\"application\/ld+json\" class=\"yoast-schema-graph\">{\"@context\":\"https:\\\/\\\/schema.org\",\"@graph\":[{\"@type\":\"WebPage\",\"@id\":\"https:\\\/\\\/starlediluminacion.com\\\/producto\\\/foco-proyector-led-30w-action-pro-osram-chip-duris-e2835\\\/\",\"url\":\"https:\\\/\\\/starlediluminacion.com\\\/producto\\\/foco-proyector-led-30w-action-pro-osram-chip-duris-e2835\\\/\",\"name\":\"Foco Proyector LED 30W - ACTION PRO - OSRAM CHIP DURIS E2835 - STARLED Iluminacion\",\"isPartOf\":{\"@id\":\"https:\\\/\\\/starlediluminacion.com\\\/#website\"},\"primaryImageOfPage\":{\"@id\":\"https:\\\/\\\/starlediluminacion.com\\\/producto\\\/foco-proyector-led-30w-action-pro-osram-chip-duris-e2835\\\/#primaryimage\"},\"image\":{\"@id\":\"https:\\\/\\\/starlediluminacion.com\\\/producto\\\/foco-proyector-led-30w-action-pro-osram-chip-duris-e2835\\\/#primaryimage\"},\"thumbnailUrl\":\"https:\\\/\\\/starlediluminacion.com\\\/wp-content\\\/uploads\\\/2024\\\/07\\\/foco-proyector-led-30w-action-pro-osram-chip-duris-e2835.jpg\",\"datePublished\":\"2024-07-07T11:44:48+00:00\",\"dateModified\":\"2024-10-27T10:24:22+00:00\",\"breadcrumb\":{\"@id\":\"https:\\\/\\\/starlediluminacion.com\\\/producto\\\/foco-proyector-led-30w-action-pro-osram-chip-duris-e2835\\\/#breadcrumb\"},\"inLanguage\":\"de\",\"potentialAction\":[{\"@type\":\"ReadAction\",\"target\":[\"https:\\\/\\\/starlediluminacion.com\\\/producto\\\/foco-proyector-led-30w-action-pro-osram-chip-duris-e2835\\\/\"]}]},{\"@type\":\"ImageObject\",\"inLanguage\":\"de\",\"@id\":\"https:\\\/\\\/starlediluminacion.com\\\/producto\\\/foco-proyector-led-30w-action-pro-osram-chip-duris-e2835\\\/#primaryimage\",\"url\":\"https:\\\/\\\/starlediluminacion.com\\\/wp-content\\\/uploads\\\/2024\\\/07\\\/foco-proyector-led-30w-action-pro-osram-chip-duris-e2835.jpg\",\"contentUrl\":\"https:\\\/\\\/starlediluminacion.com\\\/wp-content\\\/uploads\\\/2024\\\/07\\\/foco-proyector-led-30w-action-pro-osram-chip-duris-e2835.jpg\",\"width\":744,\"height\":800},{\"@type\":\"BreadcrumbList\",\"@id\":\"https:\\\/\\\/starlediluminacion.com\\\/producto\\\/foco-proyector-led-30w-action-pro-osram-chip-duris-e2835\\\/#breadcrumb\",\"itemListElement\":[{\"@type\":\"ListItem\",\"position\":1,\"name\":\"Portada\",\"item\":\"https:\\\/\\\/starlediluminacion.com\\\/\"},{\"@type\":\"ListItem\",\"position\":2,\"name\":\"Shop\",\"item\":\"https:\\\/\\\/starlediluminacion.com\\\/shop-2\\\/\"},{\"@type\":\"ListItem\",\"position\":3,\"name\":\"Foco Proyector LED 30W &#8211; ACTION PRO &#8211; OSRAM CHIP DURIS E2835\"}]},{\"@type\":\"WebSite\",\"@id\":\"https:\\\/\\\/starlediluminacion.com\\\/#website\",\"url\":\"https:\\\/\\\/starlediluminacion.com\\\/\",\"name\":\"STARLED Iluminacion\",\"description\":\"\",\"potentialAction\":[{\"@type\":\"SearchAction\",\"target\":{\"@type\":\"EntryPoint\",\"urlTemplate\":\"https:\\\/\\\/starlediluminacion.com\\\/?s={search_term_string}\"},\"query-input\":{\"@type\":\"PropertyValueSpecification\",\"valueRequired\":true,\"valueName\":\"search_term_string\"}}],\"inLanguage\":\"de\"}]}<\/script>\n<!-- \/ Yoast SEO plugin. -->","yoast_head_json":{"title":"Foco Proyector LED 30W - ACTION PRO - OSRAM CHIP DURIS E2835 - STARLED Iluminacion","robots":{"index":"index","follow":"follow","max-snippet":"max-snippet:-1","max-image-preview":"max-image-preview:large","max-video-preview":"max-video-preview:-1"},"canonical":"https:\/\/starlediluminacion.com\/de\/product\/punktstrahler-projektor-led-30w-aktion-pro-osram-chip-duris-e2835\/","og_locale":"de_DE","og_type":"article","og_title":"Foco Proyector LED 30W - ACTION PRO - OSRAM CHIP DURIS E2835 - STARLED Iluminacion","og_description":"Referencia: SLFLACT30W-CW-91918      Foco Proyector LED 30W\u00a0- ACTION PRO - OSRAM CHIP DURIS E2835- IP65: La elecci\u00f3n perfecta para iluminaci\u00f3n potente y duradera. Este proyector LED de 30W\u00a0, equipado con la tecnolog\u00eda de vanguardia de OSRAM CHIP DURIS E2835, ofrece una iluminaci\u00f3n brillante y eficiente. Con su clasificaci\u00f3n IP65, es resistente al agua y al polvo, lo que lo hace ideal tanto para uso interior como exterior.\u00a0\u00a1Experimenta la calidad y rendimiento excepcionales de este foco proyector l\u00edder en su categor\u00eda!  Temperatura de Color: 4000K\/5700K","og_url":"https:\/\/starlediluminacion.com\/de\/product\/punktstrahler-projektor-led-30w-aktion-pro-osram-chip-duris-e2835\/","og_site_name":"STARLED Iluminacion","article_modified_time":"2024-10-27T10:24:22+00:00","og_image":[{"width":744,"height":800,"url":"https:\/\/starlediluminacion.com\/wp-content\/uploads\/2024\/07\/foco-proyector-led-30w-action-pro-osram-chip-duris-e2835.jpg","type":"image\/jpeg"}],"twitter_card":"summary_large_image","twitter_misc":{"Gesch\u00e4tzte Lesezeit":"4\u00a0Minuten"},"schema":{"@context":"https:\/\/schema.org","@graph":[{"@type":"WebPage","@id":"https:\/\/starlediluminacion.com\/producto\/foco-proyector-led-30w-action-pro-osram-chip-duris-e2835\/","url":"https:\/\/starlediluminacion.com\/producto\/foco-proyector-led-30w-action-pro-osram-chip-duris-e2835\/","name":"Foco Proyector LED 30W - ACTION PRO - OSRAM CHIP DURIS E2835 - STARLED Iluminacion","isPartOf":{"@id":"https:\/\/starlediluminacion.com\/#website"},"primaryImageOfPage":{"@id":"https:\/\/starlediluminacion.com\/producto\/foco-proyector-led-30w-action-pro-osram-chip-duris-e2835\/#primaryimage"},"image":{"@id":"https:\/\/starlediluminacion.com\/producto\/foco-proyector-led-30w-action-pro-osram-chip-duris-e2835\/#primaryimage"},"thumbnailUrl":"https:\/\/starlediluminacion.com\/wp-content\/uploads\/2024\/07\/foco-proyector-led-30w-action-pro-osram-chip-duris-e2835.jpg","datePublished":"2024-07-07T11:44:48+00:00","dateModified":"2024-10-27T10:24:22+00:00","breadcrumb":{"@id":"https:\/\/starlediluminacion.com\/producto\/foco-proyector-led-30w-action-pro-osram-chip-duris-e2835\/#breadcrumb"},"inLanguage":"de","potentialAction":[{"@type":"ReadAction","target":["https:\/\/starlediluminacion.com\/producto\/foco-proyector-led-30w-action-pro-osram-chip-duris-e2835\/"]}]},{"@type":"ImageObject","inLanguage":"de","@id":"https:\/\/starlediluminacion.com\/producto\/foco-proyector-led-30w-action-pro-osram-chip-duris-e2835\/#primaryimage","url":"https:\/\/starlediluminacion.com\/wp-content\/uploads\/2024\/07\/foco-proyector-led-30w-action-pro-osram-chip-duris-e2835.jpg","contentUrl":"https:\/\/starlediluminacion.com\/wp-content\/uploads\/2024\/07\/foco-proyector-led-30w-action-pro-osram-chip-duris-e2835.jpg","width":744,"height":800},{"@type":"BreadcrumbList","@id":"https:\/\/starlediluminacion.com\/producto\/foco-proyector-led-30w-action-pro-osram-chip-duris-e2835\/#breadcrumb","itemListElement":[{"@type":"ListItem","position":1,"name":"Portada","item":"https:\/\/starlediluminacion.com\/"},{"@type":"ListItem","position":2,"name":"Shop","item":"https:\/\/starlediluminacion.com\/shop-2\/"},{"@type":"ListItem","position":3,"name":"Foco Proyector LED 30W &#8211; ACTION PRO &#8211; OSRAM CHIP DURIS E2835"}]},{"@type":"WebSite","@id":"https:\/\/starlediluminacion.com\/#website","url":"https:\/\/starlediluminacion.com\/","name":"STARLED Iluminacion","description":"","potentialAction":[{"@type":"SearchAction","target":{"@type":"EntryPoint","urlTemplate":"https:\/\/starlediluminacion.com\/?s={search_term_string}"},"query-input":{"@type":"PropertyValueSpecification","valueRequired":true,"valueName":"search_term_string"}}],"inLanguage":"de"}]}},"_links":{"self":[{"href":"https:\/\/starlediluminacion.com\/de\/wp-json\/wp\/v3\/product\/13544","targetHints":{"allow":["GET"]}}],"collection":[{"href":"https:\/\/starlediluminacion.com\/de\/wp-json\/wp\/v3\/product"}],"about":[{"href":"https:\/\/starlediluminacion.com\/de\/wp-json\/wp\/v2\/types\/product"}],"wp:featuredmedia":[{"embeddable":true,"href":"https:\/\/starlediluminacion.com\/de\/wp-json\/wp\/v2\/media\/13554"}],"wp:attachment":[{"href":"https:\/\/starlediluminacion.com\/de\/wp-json\/wp\/v2\/media?parent=13544"}],"wp:term":[{"taxonomy":"product_cat","embeddable":true,"href":"https:\/\/starlediluminacion.com\/de\/wp-json\/wp\/v2\/product_cat?post=13544"},{"taxonomy":"product_tag","embeddable":true,"href":"https:\/\/starlediluminacion.com\/de\/wp-json\/wp\/v2\/product_tag?post=13544"}],"curies":[{"name":"wp","href":"https:\/\/api.w.org\/{rel}","templated":true}]}}