{"id":13424,"date":"2024-07-07T11:16:07","date_gmt":"2024-07-07T11:16:07","guid":{"rendered":"https:\/\/starlediluminacion.com\/?post_type=product&#038;p=13424"},"modified":"2024-10-27T10:22:17","modified_gmt":"2024-10-27T10:22:17","slug":"fuente-alimentacion-profesional-12v-36w-ecoled-ip67-tuv","status":"publish","type":"product","link":"https:\/\/starlediluminacion.com\/de\/product\/netzteil-professional-12v-36w-ecoled-ip67-tuv-2\/","title":{"rendered":"<p>PROFESSIONAL Netzger\u00e4t 12V 36W - ECOLED - IP67 - T\u00dcV<\/p>"},"content":{"rendered":"<h1>PROFESSIONAL Netzger\u00e4t 12V 36W - ECOLED - IP67 - T\u00dcV<p>&nbsp;<\/p><p>Das professionelle 12V 36W-Netzteil von ECOLED ist eine robuste L\u00f6sung f\u00fcr anspruchsvolle Anwendungen, bei denen eine zuverl\u00e4ssige und sichere Stromversorgung erforderlich ist. Die wichtigsten Merkmale umfassen:<\/p><ul>\n<li><strong>Erweiterte Schutzma\u00dfnahmen:<\/strong>&nbsp;Es ist mit einem Kurzschluss-, \u00dcberlast- und \u00dcberspannungsschutz ausgestattet, um die Sicherheit der Ger\u00e4te und der Umwelt zu gew\u00e4hrleisten.<\/li>\n<li><strong>Effiziente K\u00fchlung:<\/strong>&nbsp;Es arbeitet mit freier Luftkonvektion, so dass keine Ventilatoren erforderlich sind und ein leiser, wartungsfreier Betrieb gew\u00e4hrleistet ist.<\/li>\n<li><strong>Universelle Kompatibilit\u00e4t:<\/strong>&nbsp;Mit einem universellen AC-Eingangsbereich kann es in verschiedenen Stromnetzen auf der ganzen Welt effektiv arbeiten.<\/li>\n<li><strong>Wasser- und staubabweisend:<\/strong>&nbsp;Mit der Schutzart IP67 ist es vollst\u00e4ndig gegen Staub gesch\u00fctzt und kann vor\u00fcbergehend in Wasser getaucht werden, ohne dass die Leistung beeintr\u00e4chtigt wird.<\/li>\n<li><strong>Schutzklasse II:<\/strong>&nbsp;Erf\u00fcllt die Sicherheitsnormen der Klasse II und bietet damit einen zus\u00e4tzlichen Schutz vor Stromschl\u00e4gen.<\/li>\n<li><strong>Konstruktion mit konstanter Spannung:<\/strong>&nbsp;Garantiert eine stabile 12V-Konstantspannungsversorgung, ideal f\u00fcr Anwendungen, die eine pr\u00e4zise Stromversorgung erfordern<\/li>\n<\/ul><p>&nbsp;<\/p><p>Dieses Netzteil wurde entwickelt, um den Anforderungen professioneller Anwendungen gerecht zu werden, bei denen Zuverl\u00e4ssigkeit, Sicherheit und konstante Leistung entscheidend sind.<\/p><h3 class=\"h6\">Produktdatenblatt<\/h3><dl class=\"data-sheet\">\n<dt class=\"name\"><img loading=\"lazy\" decoding=\"async\" src=\"https:\/\/www.factorled.com\/modules\/oa_features\/img\/2-default.jpg\" width=\"32\" height=\"32\">&nbsp;REFERENZ<\/dt>\n<dd class=\"value\">FAECOLED36W12V-IP67<\/dd>\n<dt class=\"name\"><img loading=\"lazy\" decoding=\"async\" src=\"https:\/\/www.factorled.com\/modules\/oa_features\/img\/3-default.jpg\" width=\"32\" height=\"32\">&nbsp;Nennleistung<\/dt>\n<dd class=\"value\">36w<\/dd>\n<dt class=\"name\"><img loading=\"lazy\" decoding=\"async\" src=\"https:\/\/www.factorled.com\/modules\/oa_features\/img\/4-default.jpg\" width=\"32\" height=\"32\">&nbsp;Nennspannung<\/dt>\n<dd class=\"value\">12 V GLEICHSTROM<\/dd>\n<dt class=\"name\"><img loading=\"lazy\" decoding=\"async\" src=\"https:\/\/www.factorled.com\/modules\/oa_features\/img\/15-default.jpg\" width=\"32\" height=\"32\">&nbsp;Bescheinigungen<\/dt>\n<dd class=\"value\">CE - ROHS-T\u00dcV<\/dd>\n<dt class=\"name\"><img loading=\"lazy\" decoding=\"async\" src=\"https:\/\/www.factorled.com\/modules\/oa_features\/img\/16-default.jpg\" width=\"32\" height=\"32\">&nbsp;IP-Bewertung<\/dt>\n<dd class=\"value\">IP67-Au\u00dfenbereich<\/dd>\n<dt class=\"name\"><img loading=\"lazy\" decoding=\"async\" src=\"https:\/\/www.factorled.com\/modules\/oa_features\/img\/18-default.jpg\" width=\"32\" height=\"32\">&nbsp;Messungen (Mm)<\/dt>\n<dd class=\"value\">148x32x28mm<\/dd>\n<dt class=\"name\"><img loading=\"lazy\" decoding=\"async\" src=\"https:\/\/www.factorled.com\/modules\/oa_features\/img\/22-default.jpg\" width=\"32\" height=\"32\">&nbsp;Temperaturbereich (\u00baC)<\/dt>\n<dd class=\"value\">-20\u00baC ~ 70\u00baC<\/dd>\n<dt class=\"name\"><img loading=\"lazy\" decoding=\"async\" src=\"https:\/\/www.factorled.com\/modules\/oa_features\/img\/31-default.jpg\" width=\"32\" height=\"32\">&nbsp;\u00dcberspannungsschutz<\/dt>\n<dd class=\"value\">10K<\/dd>\n<dt class=\"name\"><img loading=\"lazy\" decoding=\"async\" src=\"https:\/\/www.factorled.com\/modules\/oa_features\/img\/75-default.jpg\" width=\"32\" height=\"32\">&nbsp;Garantie Jahre<\/dt>\n<dd class=\"value\">5<\/dd>\n<\/dl><\/h1>","protected":false},"excerpt":{"rendered":"<div class=\"product-reference\"><strong><label class=\"label\">Referenz:<\/label> SLFAECOLED36W12V-IP67<\/strong>\n<div><\/div>\n<div class=\"product-description-short\">\n<div id=\"product-description-short-3595\">\n<p>Die professionelle Stromversorgung&nbsp;<strong>12 V 36 W<\/strong>&nbsp;ist eine robuste und sichere L\u00f6sung f\u00fcr anspruchsvolle Anwendungen. Sie bietet&nbsp;<strong>Schutz<\/strong>&nbsp;gegen&nbsp;<strong>Kurzschl\u00fcsse, \u00dcberlastungen und \u00dcberspannungen<\/strong>Das kompakte und effiziente Design gew\u00e4hrleistet eine stabile und zuverl\u00e4ssige Leistung in jeder Umgebung. Perfekt f\u00fcr Anwendungen, die hohe Zuverl\u00e4ssigkeit und elektrische Sicherheit erfordern.<\/p>\n<\/div>\n<\/div><\/div>","protected":false},"featured_media":13429,"template":"","meta":{"site-sidebar-layout":"default","site-content-layout":"default","ast-global-header-display":"","ast-main-header-display":"","ast-hfb-above-header-display":"","ast-hfb-below-header-display":"","ast-hfb-mobile-header-display":"","site-post-title":"","ast-breadcrumbs-content":"","ast-featured-img":"","footer-sml-layout":"","theme-transparent-header-meta":"default","adv-header-id-meta":"","stick-header-meta":"","header-above-stick-meta":"","header-main-stick-meta":"","header-below-stick-meta":""},"product_cat":[73,35],"product_tag":[],"class_list":["post-13424","product","type-product","status-publish","has-post-thumbnail","hentry","product_cat-fuentes-12v","product_cat-fuentes-de-alimentacion-y-driver"],"yoast_head":"<!-- This site is optimized with the Yoast SEO plugin v27.4 - https:\/\/yoast.com\/product\/yoast-seo-wordpress\/ -->\n<title>Fuente Alimentaci\u00f3n PROFESIONAL 12V 36W - ECOLED - IP67 - T\u00dcV - STARLED Iluminacion<\/title>\n<meta name=\"robots\" content=\"index, follow, max-snippet:-1, max-image-preview:large, max-video-preview:-1\" \/>\n<link rel=\"canonical\" href=\"https:\/\/starlediluminacion.com\/de\/product\/power-supply-professional-12v-36w-ecoled-ip67-tuv\/\" \/>\n<meta property=\"og:locale\" content=\"de_DE\" \/>\n<meta property=\"og:type\" content=\"article\" \/>\n<meta property=\"og:title\" content=\"Fuente Alimentaci\u00f3n PROFESIONAL 12V 36W - ECOLED - IP67 - T\u00dcV - STARLED Iluminacion\" \/>\n<meta property=\"og:description\" content=\"Referencia: SLFAECOLED36W12V-IP67      La fuente de alimentaci\u00f3n profesional\u00a012V 36W\u00a0de ECOLED es una soluci\u00f3n robusta y segura para aplicaciones exigentes. Ofrece\u00a0protecci\u00f3n\u00a0avanzada contra\u00a0cortocircuitos, sobrecargas y sobretensiones, junto con un dise\u00f1o compacto y eficiente que garantiza un rendimiento estable y confiable en cualquier entorno. Perfecta para aplicaciones que requieren alta fiabilidad y seguridad el\u00e9ctrica.\" \/>\n<meta property=\"og:url\" content=\"https:\/\/starlediluminacion.com\/de\/product\/power-supply-professional-12v-36w-ecoled-ip67-tuv\/\" \/>\n<meta property=\"og:site_name\" content=\"STARLED Iluminacion\" \/>\n<meta property=\"article:modified_time\" content=\"2024-10-27T10:22:17+00:00\" \/>\n<meta property=\"og:image\" content=\"https:\/\/starlediluminacion.com\/wp-content\/uploads\/2024\/07\/fuente-alimentacion-profesional-12v-36w-ecoled-ip67-tuv.jpg\" \/>\n\t<meta property=\"og:image:width\" content=\"744\" \/>\n\t<meta property=\"og:image:height\" content=\"800\" \/>\n\t<meta property=\"og:image:type\" content=\"image\/jpeg\" \/>\n<meta name=\"twitter:card\" content=\"summary_large_image\" \/>\n<meta name=\"twitter:label1\" content=\"Gesch\u00e4tzte Lesezeit\" \/>\n\t<meta name=\"twitter:data1\" content=\"1\u00a0Minute\" \/>\n<script type=\"application\/ld+json\" class=\"yoast-schema-graph\">{\"@context\":\"https:\\\/\\\/schema.org\",\"@graph\":[{\"@type\":\"WebPage\",\"@id\":\"https:\\\/\\\/starlediluminacion.com\\\/en\\\/product\\\/power-supply-professional-12v-36w-ecoled-ip67-tuv\\\/\",\"url\":\"https:\\\/\\\/starlediluminacion.com\\\/en\\\/product\\\/power-supply-professional-12v-36w-ecoled-ip67-tuv\\\/\",\"name\":\"Fuente Alimentaci\u00f3n PROFESIONAL 12V 36W - ECOLED - IP67 - T\u00dcV - STARLED Iluminacion\",\"isPartOf\":{\"@id\":\"https:\\\/\\\/starlediluminacion.com\\\/#website\"},\"primaryImageOfPage\":{\"@id\":\"https:\\\/\\\/starlediluminacion.com\\\/en\\\/product\\\/power-supply-professional-12v-36w-ecoled-ip67-tuv\\\/#primaryimage\"},\"image\":{\"@id\":\"https:\\\/\\\/starlediluminacion.com\\\/en\\\/product\\\/power-supply-professional-12v-36w-ecoled-ip67-tuv\\\/#primaryimage\"},\"thumbnailUrl\":\"https:\\\/\\\/starlediluminacion.com\\\/wp-content\\\/uploads\\\/2024\\\/07\\\/fuente-alimentacion-profesional-12v-36w-ecoled-ip67-tuv.jpg\",\"datePublished\":\"2024-07-07T11:16:07+00:00\",\"dateModified\":\"2024-10-27T10:22:17+00:00\",\"breadcrumb\":{\"@id\":\"https:\\\/\\\/starlediluminacion.com\\\/en\\\/product\\\/power-supply-professional-12v-36w-ecoled-ip67-tuv\\\/#breadcrumb\"},\"inLanguage\":\"de\",\"potentialAction\":[{\"@type\":\"ReadAction\",\"target\":[\"https:\\\/\\\/starlediluminacion.com\\\/en\\\/product\\\/power-supply-professional-12v-36w-ecoled-ip67-tuv\\\/\"]}]},{\"@type\":\"ImageObject\",\"inLanguage\":\"de\",\"@id\":\"https:\\\/\\\/starlediluminacion.com\\\/en\\\/product\\\/power-supply-professional-12v-36w-ecoled-ip67-tuv\\\/#primaryimage\",\"url\":\"https:\\\/\\\/starlediluminacion.com\\\/wp-content\\\/uploads\\\/2024\\\/07\\\/fuente-alimentacion-profesional-12v-36w-ecoled-ip67-tuv.jpg\",\"contentUrl\":\"https:\\\/\\\/starlediluminacion.com\\\/wp-content\\\/uploads\\\/2024\\\/07\\\/fuente-alimentacion-profesional-12v-36w-ecoled-ip67-tuv.jpg\",\"width\":744,\"height\":800},{\"@type\":\"BreadcrumbList\",\"@id\":\"https:\\\/\\\/starlediluminacion.com\\\/en\\\/product\\\/power-supply-professional-12v-36w-ecoled-ip67-tuv\\\/#breadcrumb\",\"itemListElement\":[{\"@type\":\"ListItem\",\"position\":1,\"name\":\"Portada\",\"item\":\"https:\\\/\\\/starlediluminacion.com\\\/\"},{\"@type\":\"ListItem\",\"position\":2,\"name\":\"Shop\",\"item\":\"https:\\\/\\\/starlediluminacion.com\\\/shop-2\\\/\"},{\"@type\":\"ListItem\",\"position\":3,\"name\":\"Fuente Alimentaci\u00f3n PROFESIONAL 12V 36W &#8211; ECOLED &#8211; IP67 &#8211; T\u00dcV\"}]},{\"@type\":\"WebSite\",\"@id\":\"https:\\\/\\\/starlediluminacion.com\\\/#website\",\"url\":\"https:\\\/\\\/starlediluminacion.com\\\/\",\"name\":\"STARLED Iluminacion\",\"description\":\"\",\"potentialAction\":[{\"@type\":\"SearchAction\",\"target\":{\"@type\":\"EntryPoint\",\"urlTemplate\":\"https:\\\/\\\/starlediluminacion.com\\\/?s={search_term_string}\"},\"query-input\":{\"@type\":\"PropertyValueSpecification\",\"valueRequired\":true,\"valueName\":\"search_term_string\"}}],\"inLanguage\":\"de\"}]}<\/script>\n<!-- \/ Yoast SEO plugin. -->","yoast_head_json":{"title":"Fuente Alimentaci\u00f3n PROFESIONAL 12V 36W - ECOLED - IP67 - T\u00dcV - STARLED Iluminacion","robots":{"index":"index","follow":"follow","max-snippet":"max-snippet:-1","max-image-preview":"max-image-preview:large","max-video-preview":"max-video-preview:-1"},"canonical":"https:\/\/starlediluminacion.com\/de\/product\/power-supply-professional-12v-36w-ecoled-ip67-tuv\/","og_locale":"de_DE","og_type":"article","og_title":"Fuente Alimentaci\u00f3n PROFESIONAL 12V 36W - ECOLED - IP67 - T\u00dcV - STARLED Iluminacion","og_description":"Referencia: SLFAECOLED36W12V-IP67      La fuente de alimentaci\u00f3n profesional\u00a012V 36W\u00a0de ECOLED es una soluci\u00f3n robusta y segura para aplicaciones exigentes. Ofrece\u00a0protecci\u00f3n\u00a0avanzada contra\u00a0cortocircuitos, sobrecargas y sobretensiones, junto con un dise\u00f1o compacto y eficiente que garantiza un rendimiento estable y confiable en cualquier entorno. Perfecta para aplicaciones que requieren alta fiabilidad y seguridad el\u00e9ctrica.","og_url":"https:\/\/starlediluminacion.com\/de\/product\/power-supply-professional-12v-36w-ecoled-ip67-tuv\/","og_site_name":"STARLED Iluminacion","article_modified_time":"2024-10-27T10:22:17+00:00","og_image":[{"width":744,"height":800,"url":"https:\/\/starlediluminacion.com\/wp-content\/uploads\/2024\/07\/fuente-alimentacion-profesional-12v-36w-ecoled-ip67-tuv.jpg","type":"image\/jpeg"}],"twitter_card":"summary_large_image","twitter_misc":{"Gesch\u00e4tzte Lesezeit":"1\u00a0Minute"},"schema":{"@context":"https:\/\/schema.org","@graph":[{"@type":"WebPage","@id":"https:\/\/starlediluminacion.com\/en\/product\/power-supply-professional-12v-36w-ecoled-ip67-tuv\/","url":"https:\/\/starlediluminacion.com\/en\/product\/power-supply-professional-12v-36w-ecoled-ip67-tuv\/","name":"Fuente Alimentaci\u00f3n PROFESIONAL 12V 36W - ECOLED - IP67 - T\u00dcV - STARLED Iluminacion","isPartOf":{"@id":"https:\/\/starlediluminacion.com\/#website"},"primaryImageOfPage":{"@id":"https:\/\/starlediluminacion.com\/en\/product\/power-supply-professional-12v-36w-ecoled-ip67-tuv\/#primaryimage"},"image":{"@id":"https:\/\/starlediluminacion.com\/en\/product\/power-supply-professional-12v-36w-ecoled-ip67-tuv\/#primaryimage"},"thumbnailUrl":"https:\/\/starlediluminacion.com\/wp-content\/uploads\/2024\/07\/fuente-alimentacion-profesional-12v-36w-ecoled-ip67-tuv.jpg","datePublished":"2024-07-07T11:16:07+00:00","dateModified":"2024-10-27T10:22:17+00:00","breadcrumb":{"@id":"https:\/\/starlediluminacion.com\/en\/product\/power-supply-professional-12v-36w-ecoled-ip67-tuv\/#breadcrumb"},"inLanguage":"de","potentialAction":[{"@type":"ReadAction","target":["https:\/\/starlediluminacion.com\/en\/product\/power-supply-professional-12v-36w-ecoled-ip67-tuv\/"]}]},{"@type":"ImageObject","inLanguage":"de","@id":"https:\/\/starlediluminacion.com\/en\/product\/power-supply-professional-12v-36w-ecoled-ip67-tuv\/#primaryimage","url":"https:\/\/starlediluminacion.com\/wp-content\/uploads\/2024\/07\/fuente-alimentacion-profesional-12v-36w-ecoled-ip67-tuv.jpg","contentUrl":"https:\/\/starlediluminacion.com\/wp-content\/uploads\/2024\/07\/fuente-alimentacion-profesional-12v-36w-ecoled-ip67-tuv.jpg","width":744,"height":800},{"@type":"BreadcrumbList","@id":"https:\/\/starlediluminacion.com\/en\/product\/power-supply-professional-12v-36w-ecoled-ip67-tuv\/#breadcrumb","itemListElement":[{"@type":"ListItem","position":1,"name":"Portada","item":"https:\/\/starlediluminacion.com\/"},{"@type":"ListItem","position":2,"name":"Shop","item":"https:\/\/starlediluminacion.com\/shop-2\/"},{"@type":"ListItem","position":3,"name":"Fuente Alimentaci\u00f3n PROFESIONAL 12V 36W &#8211; ECOLED &#8211; IP67 &#8211; T\u00dcV"}]},{"@type":"WebSite","@id":"https:\/\/starlediluminacion.com\/#website","url":"https:\/\/starlediluminacion.com\/","name":"STARLED Iluminacion","description":"","potentialAction":[{"@type":"SearchAction","target":{"@type":"EntryPoint","urlTemplate":"https:\/\/starlediluminacion.com\/?s={search_term_string}"},"query-input":{"@type":"PropertyValueSpecification","valueRequired":true,"valueName":"search_term_string"}}],"inLanguage":"de"}]}},"_links":{"self":[{"href":"https:\/\/starlediluminacion.com\/de\/wp-json\/wp\/v3\/product\/13424","targetHints":{"allow":["GET"]}}],"collection":[{"href":"https:\/\/starlediluminacion.com\/de\/wp-json\/wp\/v3\/product"}],"about":[{"href":"https:\/\/starlediluminacion.com\/de\/wp-json\/wp\/v2\/types\/product"}],"wp:featuredmedia":[{"embeddable":true,"href":"https:\/\/starlediluminacion.com\/de\/wp-json\/wp\/v2\/media\/13429"}],"wp:attachment":[{"href":"https:\/\/starlediluminacion.com\/de\/wp-json\/wp\/v2\/media?parent=13424"}],"wp:term":[{"taxonomy":"product_cat","embeddable":true,"href":"https:\/\/starlediluminacion.com\/de\/wp-json\/wp\/v2\/product_cat?post=13424"},{"taxonomy":"product_tag","embeddable":true,"href":"https:\/\/starlediluminacion.com\/de\/wp-json\/wp\/v2\/product_tag?post=13424"}],"curies":[{"name":"wp","href":"https:\/\/api.w.org\/{rel}","templated":true}]}}