{"id":13137,"date":"2024-06-16T13:21:18","date_gmt":"2024-06-16T13:21:18","guid":{"rendered":"https:\/\/starlediluminacion.com\/?post_type=product&#038;p=13137"},"modified":"2024-09-15T11:48:52","modified_gmt":"2024-09-15T11:48:52","slug":"lampara-led-colgante-multiformas-flexi-neon-baden","status":"publish","type":"product","link":"https:\/\/starlediluminacion.com\/de\/product\/led-pendelleuchte-multiform-flexi-neon-baden\/","title":{"rendered":"<p>LED-Pendelleuchte - Multiform FLEXI NEON - BADEN<\/p>"},"content":{"rendered":"<h1>LED-Pendelleuchte - Multiform FLEXI NEON - BADEN<p style=\"font-weight: 400;\">Unser&nbsp;<strong style=\"font-weight: 600;\">LED Multiform Leuchte<\/strong>&nbsp;- Das ma\u00dfgeschneiderte Design bietet eine Vielzahl von M\u00f6glichkeiten, aus einer breiten Palette von Beleuchtungsoptionen zu w\u00e4hlen.&nbsp;<strong style=\"font-weight: 600;\">warm und neutral<\/strong>.<\/p><p style=\"font-weight: 400;\"><strong style=\"font-weight: 600;\">Die Leuchte wird in der vom Kunden gew\u00fcnschten Gr\u00f6\u00dfe angefertigt, so dass dieses Produkt nicht zur\u00fcckgenommen werden kann, da es sich um eine Sonderanfertigung handelt.&nbsp;<\/strong><\/p><p style=\"font-weight: 400;\"><strong style=\"font-weight: 600;\">Leuchte nach Ma\u00df in Europa hergestellt.<\/strong>&nbsp;&nbsp;<strong style=\"font-weight: 600;\">Produktionszeit: 5 bis 7 Arbeitstage.<\/strong><\/p><p style=\"font-weight: 400;\">Entdecken Sie die Revolution der Beleuchtung mit unseren au\u00dfergew\u00f6hnlichen&nbsp;<strong style=\"font-weight: 600;\">LED-Lampe<\/strong>&nbsp;hochmodern! Dieses technologische Wunderwerk erhellt nicht nur Ihre R\u00e4ume, sondern ver\u00e4ndert auch die Art und Weise, wie Sie Licht erleben. Unsere LED-Lampe wurde mit Blick auf Vielseitigkeit entwickelt.<strong style=\"font-weight: 600;\">&nbsp;Lichtkabel<\/strong>&nbsp;y&nbsp;<strong style=\"font-weight: 600;\">flexibler Schlauch<\/strong>&nbsp;Silikon taucht Sie in eine Welt unvergleichlich leuchtender M\u00f6glichkeiten.<\/p><p style=\"font-weight: 400;\">Stellen Sie sich vor, Sie h\u00e4tten die totale Kontrolle \u00fcber die Beleuchtung in Ihren R\u00e4umen. Mit einer erstaunlichen Leistung von<strong style=\"font-weight: 600;\">&nbsp;17 Watt pro Meter<\/strong>Diese LED-Lampe ist das Leuchtfeuer der Innovation, auf das wir alle gewartet haben. Ihr einzigartiges, hochmodernes Design erhellt nicht nur Ihren Raum, sondern verwandelt ihn in ein Meisterwerk aus Licht und Farbe. Vergessen Sie die konventionellen Begrenzungen der Beleuchtung und werden Sie kreativ mit unserem flexiblen Silikonschlauch, mit dem Sie das Licht in die von Ihnen gew\u00fcnschten Formen bringen k\u00f6nnen.<\/p><p style=\"font-weight: 400;\">Aber das ist noch nicht alles. Unser&nbsp;<strong style=\"font-weight: 600;\">LED-Pendelleuchte<\/strong>&nbsp;ist nicht nur ein \u00e4sthetisches Wunderkind, sondern auch ein Meister der Energieeffizienz. Mit der Leistung, die Sie brauchen, und der Umweltfreundlichkeit, die Sie verdienen, bietet Ihnen dieses innovative Ger\u00e4t ein unvergleichliches Beleuchtungserlebnis, ohne dabei auf Nachhaltigkeit zu verzichten.<\/p><p style=\"font-weight: 400;\">Sie fragen sich, wo Sie das volle Potenzial dieses Lichtwunders aussch\u00f6pfen k\u00f6nnen? Die Antwort ist einfach: \u00fcberall! Ob im Wohnzimmer, im B\u00fcro, im Schlafzimmer oder im Arbeitszimmer - diese LED-Lampe passt sich jedem Raum an und hebt die Atmosph\u00e4re sofort. Schaffen Sie eine warme und gem\u00fctliche Atmosph\u00e4re in Ihrem Zuhause, oder steigern Sie die Produktivit\u00e4t an Ihrem Arbeitsplatz. Die&nbsp;<strong style=\"font-weight: 600;\">Vielseitigkeit<\/strong>&nbsp;Dieses Produkt erm\u00f6glicht es Ihnen, Licht auf eine v\u00f6llig neue Art zu erleben.<\/p><p style=\"font-weight: 400;\">Geben Sie sich nicht mit konventioneller Beleuchtung zufrieden. Verwandeln Sie jeden Raum in ein leuchtendes Meisterwerk mit unserer LED-Lampe mit Lichtkabel und flexiblem Silikonschlauch. Lassen Sie das Licht Ihre Leinwand sein und erwecken Sie Ihre Fantasie zum Leben - warten Sie nicht l\u00e4nger, um Ihre R\u00e4ume zu verwandeln! Klicken Sie jetzt und entdecken Sie die Zukunft der Beleuchtung mit unserer hochmodernen LED-Lampe - erleuchten Sie Ihre Welt mit Stil und Funktionalit\u00e4t!<\/p><h2>Verwendungsm\u00f6glichkeiten der LED-Pendelleuchte - Multiform FLEXI NEON - BADEN<\/h2><p style=\"font-weight: 400;\">Moderne Designer-Pendelleuchten k\u00f6nnen an einer Vielzahl von Orten in Wohn- und Gesch\u00e4ftsr\u00e4umen eingesetzt werden. Einige der h\u00e4ufigsten Orte, an denen sie verwendet werden, sind:<\/p><h3><strong style=\"font-weight: 600;\">Zu Hause:<\/strong><\/h3><ul>\n<li><strong style=\"font-weight: 600;\">Speisesaal:&nbsp;<\/strong>\u00dcber dem Esstisch kann eine moderne Pendellampe einen eindrucksvollen Blickfang bilden und f\u00fcr eine warme, gem\u00fctliche Beleuchtung sorgen.<\/li>\n<li><strong style=\"font-weight: 600;\">Wohnzimmer:&nbsp;<\/strong>\u00dcber dem Couchtisch oder in einer Ecke des Wohnzimmers aufgeh\u00e4ngt, kann eine moderne H\u00e4ngeleuchte der Einrichtung einen Hauch von Stil und Pers\u00f6nlichkeit verleihen.<\/li>\n<li><strong style=\"font-weight: 600;\">Schlafzimmer:&nbsp;<\/strong>\u00dcber dem Nachttisch oder von der Decke h\u00e4ngend kann eine moderne Pendellampe f\u00fcr eine sanfte, beruhigende Beleuchtung im Schlafzimmer sorgen.<\/li>\n<li><strong style=\"font-weight: 600;\">K\u00fcche:&nbsp;<\/strong>\u00dcber der K\u00fccheninsel oder Arbeitsplatte kann eine moderne Pendelleuchte der K\u00fcche einen Hauch von Stil und Funktionalit\u00e4t verleihen.<\/li>\n<li><strong style=\"font-weight: 600;\">Korridor:&nbsp;<\/strong>Eine Reihe moderner Pendelleuchten entlang eines langen Korridors kann einen stilvollen und auff\u00e4lligen Effekt erzielen.<\/li>\n<\/ul><h3><strong style=\"font-weight: 600;\">In gewerblichen R\u00e4umen:<\/strong><\/h3><ul>\n<li><strong style=\"font-weight: 600;\">Restaurants:&nbsp;<\/strong>Moderne Pendelleuchten k\u00f6nnen in Restaurants, Bars und Caf\u00e9s eine elegante und gem\u00fctliche Atmosph\u00e4re schaffen.<\/li>\n<li><strong style=\"font-weight: 600;\">Gesch\u00e4fte:&nbsp;<\/strong>In Einzelhandelsgesch\u00e4ften k\u00f6nnen moderne Pendelleuchten dazu beitragen, bestimmte Produkte hervorzuheben und ein attraktives Ambiente f\u00fcr die Kunden zu schaffen.<\/li>\n<li><strong style=\"font-weight: 600;\">B\u00fcror\u00e4ume:&nbsp;<\/strong>In B\u00fcros k\u00f6nnen moderne Pendelleuchten der Einrichtung einen Hauch von Stil und Raffinesse verleihen und dazu beitragen, eine angenehmere Arbeitsumgebung zu schaffen.<\/li>\n<li><strong style=\"font-weight: 600;\">Hotels:&nbsp;<\/strong>In Hotels und Resorts k\u00f6nnen moderne Pendelleuchten dazu beitragen, eine luxuri\u00f6se und einladende Atmosph\u00e4re f\u00fcr die G\u00e4ste zu schaffen.<\/li>\n<li><strong style=\"font-weight: 600;\">Museen und Kunstgalerien:&nbsp;<\/strong>In Museen und Kunstgalerien k\u00f6nnen moderne Pendelleuchten dazu beitragen, Kunstwerke und Objekte pr\u00e4zise zu beleuchten und eine attraktive Atmosph\u00e4re f\u00fcr Besucher zu schaffen.<\/li>\n<\/ul><p>Unsere Lampen bieten eine hohe Leistung und k\u00f6nnen auf der Titelseite eines jeden Dekorationsmagazins sein, warten Sie nicht l\u00e4nger, um Ihre Designlampe zu kaufen und eine einzigartige Beleuchtung zu erhalten!<\/p><h3 class=\"h6\">Produktdatenblatt<\/h3><dl class=\"data-sheet\">\n<dt class=\"name\"><img loading=\"lazy\" decoding=\"async\" src=\"https:\/\/www.factorled.com\/modules\/oa_features\/img\/2-default.jpg\" width=\"32\" height=\"32\">&nbsp;REFERENZ<\/dt>\n<dd class=\"value\">10227-N360<\/dd>\n<dt class=\"name\"><img loading=\"lazy\" decoding=\"async\" src=\"https:\/\/www.factorled.com\/modules\/oa_features\/img\/4-default.jpg\" width=\"32\" height=\"32\">&nbsp;Nennspannung<\/dt>\n<dd class=\"value\">85-265V<\/dd>\n<dt class=\"name\"><img loading=\"lazy\" decoding=\"async\" src=\"https:\/\/www.factorled.com\/modules\/oa_features\/img\/5-default.jpg\" width=\"32\" height=\"32\">&nbsp;Licht Temperatur<\/dt>\n<dd class=\"value\">2700K - 4000K<\/dd>\n<dt class=\"name\"><img loading=\"lazy\" decoding=\"async\" src=\"https:\/\/www.factorled.com\/modules\/oa_features\/img\/6-default.jpg\" width=\"32\" height=\"32\">&nbsp;CRI - Farbwiedergabe-Index<\/dt>\n<dd class=\"value\">90<\/dd>\n<dt class=\"name\"><img loading=\"lazy\" decoding=\"async\" src=\"https:\/\/www.factorled.com\/modules\/oa_features\/img\/25-default.jpg\" width=\"32\" height=\"32\">&nbsp;Baumaterial<\/dt>\n<dd class=\"value\">Silikon<\/dd>\n<dt class=\"name\"><img loading=\"lazy\" decoding=\"async\" src=\"https:\/\/www.factorled.com\/modules\/oa_features\/img\/10-default.jpg\" width=\"32\" height=\"32\">&nbsp;\u00d6ffnungswinkel (\u00ba)<\/dt>\n<dd class=\"value\">360\u00ba<\/dd>\n<dt class=\"name\"><img loading=\"lazy\" decoding=\"async\" src=\"https:\/\/www.factorled.com\/modules\/oa_features\/img\/15-default.jpg\" width=\"32\" height=\"32\">&nbsp;Bescheinigungen<\/dt>\n<dd class=\"value\">CE - ROHS<\/dd>\n<dt class=\"name\"><img loading=\"lazy\" decoding=\"async\" src=\"https:\/\/www.factorled.com\/modules\/oa_features\/img\/16-default.jpg\" width=\"32\" height=\"32\">&nbsp;IP-Bewertung<\/dt>\n<dd class=\"value\">IP20<\/dd>\n<dt class=\"name\"><img loading=\"lazy\" decoding=\"async\" src=\"https:\/\/www.factorled.com\/modules\/oa_features\/img\/21-default.jpg\" width=\"32\" height=\"32\">&nbsp;Arbeitsfrequenz (Hz)<\/dt>\n<dd class=\"value\">50\/60Hz<\/dd>\n<dt class=\"name\"><img loading=\"lazy\" decoding=\"async\" src=\"https:\/\/www.factorled.com\/modules\/oa_features\/img\/22-default.jpg\" width=\"32\" height=\"32\">&nbsp;Temperaturbereich (\u00baC)<\/dt>\n<dd class=\"value\">-20\u00b0C ~ +55\u00b0C<\/dd>\n<dt class=\"name\"><img loading=\"lazy\" decoding=\"async\" src=\"https:\/\/www.factorled.com\/modules\/oa_features\/img\/24-default.jpg\" width=\"32\" height=\"32\">&nbsp;Anlaufzeit (S)<\/dt>\n<dd class=\"value\">0,2s<\/dd>\n<dt class=\"name\"><img loading=\"lazy\" decoding=\"async\" src=\"https:\/\/www.factorled.com\/modules\/oa_features\/img\/7-default.jpg\" width=\"32\" height=\"32\">&nbsp;Energieklasse (2021-EU-2019\/2015)<\/dt>\n<dd class=\"value\">A+<\/dd>\n<dt class=\"name\"><img loading=\"lazy\" decoding=\"async\" src=\"https:\/\/www.factorled.com\/modules\/oa_features\/img\/101-default.jpg\" width=\"32\" height=\"32\">&nbsp;Energieklasse (2023 - EU-2019\/2015)<\/dt>\n<dd class=\"value\">F<\/dd>\n<dt class=\"name\"><img loading=\"lazy\" decoding=\"async\" src=\"https:\/\/www.factorled.com\/modules\/oa_features\/img\/75-default.jpg\" width=\"32\" height=\"32\">&nbsp;Garantie Jahre<\/dt>\n<dd class=\"value\">3<\/dd>\n<\/dl><\/h1>","protected":false},"excerpt":{"rendered":"<p style=\"font-weight: 400;\"><strong>Ref. Nr.: SL10227-N360<\/strong><p>Entdecken Sie die Revolution der Beleuchtung mit unseren au\u00dfergew\u00f6hnlichen&nbsp;<strong style=\"font-weight: 600;\">LED-Lampe<\/strong>&nbsp;hochmodern! Dieses technologische Wunderwerk beleuchtet nicht nur Ihre R\u00e4ume, sondern ver\u00e4ndert auch die Art und Weise, wie Sie Licht erleben. Unsere fachm\u00e4nnisch konstruierte und vielseitig einsetzbare&nbsp;<strong style=\"font-weight: 600;\">LED-Lampe<\/strong>&nbsp;mit<strong style=\"font-weight: 600;\">&nbsp;Lichtkabel und flexibler Schlauch<\/strong>&nbsp;Silikon taucht Sie in eine Welt unvergleichlich leuchtender M\u00f6glichkeiten.<\/p><p>Die&nbsp;<strong style=\"font-weight: 600;\">Pendelleuchte&nbsp;<\/strong>mit beleuchtetem Seil ist eine technologische Innovation, die sich durch ihre Eleganz und Vielseitigkeit f\u00fcr den Einsatz in verschiedenen Umgebungen auszeichnet. Die fortschrittliche Lichtquelle leitet die W\u00e4rme sehr gut ab und sorgt f\u00fcr eine gleichm\u00e4\u00dfige, weiche und blendfreie Beleuchtung.<\/p><p><strong style=\"font-weight: 600;\">Leuchte nach Ma\u00df in Europa hergestellt.<\/strong>&nbsp;&nbsp;<strong style=\"font-weight: 600;\">Produktionszeit: 5 bis 7 Arbeitstage.<\/strong><\/p><p><strong>Farbtemperatur: 2700K\/4000K&nbsp;<\/strong><\/p><p><strong>Messung: 1M\/2M<\/strong><\/p><\/p>","protected":false},"featured_media":13138,"template":"","meta":{"site-sidebar-layout":"default","site-content-layout":"default","ast-global-header-display":"","ast-main-header-display":"","ast-hfb-above-header-display":"","ast-hfb-below-header-display":"","ast-hfb-mobile-header-display":"","site-post-title":"","ast-breadcrumbs-content":"","ast-featured-img":"","footer-sml-layout":"","theme-transparent-header-meta":"default","adv-header-id-meta":"","stick-header-meta":"","header-above-stick-meta":"","header-main-stick-meta":"","header-below-stick-meta":""},"product_cat":[36,66],"product_tag":[],"class_list":["post-13137","product","type-product","status-publish","has-post-thumbnail","hentry","product_cat-apliques-led-y-decoracion","product_cat-lamparas-colgantes-led"],"yoast_head":"<!-- This site is optimized with the Yoast SEO plugin v27.4 - https:\/\/yoast.com\/product\/yoast-seo-wordpress\/ -->\n<title>L\u00e1mpara LED Colgante - Multiformas FLEXI NEON - BADEN - STARLED Iluminacion<\/title>\n<meta name=\"robots\" content=\"index, follow, max-snippet:-1, max-image-preview:large, max-video-preview:-1\" \/>\n<link rel=\"canonical\" href=\"https:\/\/starlediluminacion.com\/de\/product\/led-pendelleuchte-multiform-flexi-neon-baden\/\" \/>\n<meta property=\"og:locale\" content=\"de_DE\" \/>\n<meta property=\"og:type\" content=\"article\" \/>\n<meta property=\"og:title\" content=\"L\u00e1mpara LED Colgante - Multiformas FLEXI NEON - BADEN - STARLED Iluminacion\" \/>\n<meta property=\"og:description\" content=\"Referencia: SL10227-N360 \u00a1Descubre la revoluci\u00f3n en iluminaci\u00f3n con nuestra extraordinaria\u00a0l\u00e1mpara LED\u00a0de \u00faltima generaci\u00f3n! Este prodigio de la tecnolog\u00eda no solo ilumina tus espacios, sino que transforma por completo la manera en que experimentas la luz. Dise\u00f1ada con maestr\u00eda y pensando en la versatilidad, nuestra\u00a0l\u00e1mpara LED\u00a0con\u00a0cord\u00f3n de luz y tubo flexible\u00a0de silicona te sumerge en un mundo de posibilidades luminosas sin igual.  La\u00a0l\u00e1mpara colgante\u00a0con\u00a0cuerda iluminada\u00a0es una innovaci\u00f3n tecnol\u00f3gica que destaca por su elegancia y versatilidad para su uso en varios ambientes. Su fuente de luz avanzada disipa muy bien el calor y consigue una iluminaci\u00f3n uniforme, suave y sin deslumbramiento.  Luminaria fabricada a medida en Europa.\u00a0\u00a0Plazo de fabricaci\u00f3n: de 5 a 7 d\u00edas laborables.  Temperatura de Color: 2700K\/4000K\u00a0  Medida: 1M\/2M\" \/>\n<meta property=\"og:url\" content=\"https:\/\/starlediluminacion.com\/de\/product\/led-pendelleuchte-multiform-flexi-neon-baden\/\" \/>\n<meta property=\"og:site_name\" content=\"STARLED Iluminacion\" \/>\n<meta property=\"article:modified_time\" content=\"2024-09-15T11:48:52+00:00\" \/>\n<meta property=\"og:image\" content=\"https:\/\/starlediluminacion.com\/wp-content\/uploads\/2024\/06\/lampara-led-colgante-multiformas-flexi-neon-baden.png\" \/>\n\t<meta property=\"og:image:width\" content=\"254\" \/>\n\t<meta property=\"og:image:height\" content=\"273\" \/>\n\t<meta property=\"og:image:type\" content=\"image\/png\" \/>\n<meta name=\"twitter:card\" content=\"summary_large_image\" \/>\n<meta name=\"twitter:label1\" content=\"Gesch\u00e4tzte Lesezeit\" \/>\n\t<meta name=\"twitter:data1\" content=\"4\u00a0Minuten\" \/>\n<script type=\"application\/ld+json\" class=\"yoast-schema-graph\">{\"@context\":\"https:\\\/\\\/schema.org\",\"@graph\":[{\"@type\":\"WebPage\",\"@id\":\"https:\\\/\\\/starlediluminacion.com\\\/producto\\\/lampara-led-colgante-multiformas-flexi-neon-baden\\\/\",\"url\":\"https:\\\/\\\/starlediluminacion.com\\\/producto\\\/lampara-led-colgante-multiformas-flexi-neon-baden\\\/\",\"name\":\"L\u00e1mpara LED Colgante - Multiformas FLEXI NEON - BADEN - STARLED Iluminacion\",\"isPartOf\":{\"@id\":\"https:\\\/\\\/starlediluminacion.com\\\/#website\"},\"primaryImageOfPage\":{\"@id\":\"https:\\\/\\\/starlediluminacion.com\\\/producto\\\/lampara-led-colgante-multiformas-flexi-neon-baden\\\/#primaryimage\"},\"image\":{\"@id\":\"https:\\\/\\\/starlediluminacion.com\\\/producto\\\/lampara-led-colgante-multiformas-flexi-neon-baden\\\/#primaryimage\"},\"thumbnailUrl\":\"https:\\\/\\\/starlediluminacion.com\\\/wp-content\\\/uploads\\\/2024\\\/06\\\/lampara-led-colgante-multiformas-flexi-neon-baden.png\",\"datePublished\":\"2024-06-16T13:21:18+00:00\",\"dateModified\":\"2024-09-15T11:48:52+00:00\",\"breadcrumb\":{\"@id\":\"https:\\\/\\\/starlediluminacion.com\\\/producto\\\/lampara-led-colgante-multiformas-flexi-neon-baden\\\/#breadcrumb\"},\"inLanguage\":\"de\",\"potentialAction\":[{\"@type\":\"ReadAction\",\"target\":[\"https:\\\/\\\/starlediluminacion.com\\\/producto\\\/lampara-led-colgante-multiformas-flexi-neon-baden\\\/\"]}]},{\"@type\":\"ImageObject\",\"inLanguage\":\"de\",\"@id\":\"https:\\\/\\\/starlediluminacion.com\\\/producto\\\/lampara-led-colgante-multiformas-flexi-neon-baden\\\/#primaryimage\",\"url\":\"https:\\\/\\\/starlediluminacion.com\\\/wp-content\\\/uploads\\\/2024\\\/06\\\/lampara-led-colgante-multiformas-flexi-neon-baden.png\",\"contentUrl\":\"https:\\\/\\\/starlediluminacion.com\\\/wp-content\\\/uploads\\\/2024\\\/06\\\/lampara-led-colgante-multiformas-flexi-neon-baden.png\",\"width\":254,\"height\":273},{\"@type\":\"BreadcrumbList\",\"@id\":\"https:\\\/\\\/starlediluminacion.com\\\/producto\\\/lampara-led-colgante-multiformas-flexi-neon-baden\\\/#breadcrumb\",\"itemListElement\":[{\"@type\":\"ListItem\",\"position\":1,\"name\":\"Portada\",\"item\":\"https:\\\/\\\/starlediluminacion.com\\\/\"},{\"@type\":\"ListItem\",\"position\":2,\"name\":\"Shop\",\"item\":\"https:\\\/\\\/starlediluminacion.com\\\/shop-2\\\/\"},{\"@type\":\"ListItem\",\"position\":3,\"name\":\"L\u00e1mpara LED Colgante &#8211; Multiformas FLEXI NEON &#8211; BADEN\"}]},{\"@type\":\"WebSite\",\"@id\":\"https:\\\/\\\/starlediluminacion.com\\\/#website\",\"url\":\"https:\\\/\\\/starlediluminacion.com\\\/\",\"name\":\"STARLED Iluminacion\",\"description\":\"\",\"potentialAction\":[{\"@type\":\"SearchAction\",\"target\":{\"@type\":\"EntryPoint\",\"urlTemplate\":\"https:\\\/\\\/starlediluminacion.com\\\/?s={search_term_string}\"},\"query-input\":{\"@type\":\"PropertyValueSpecification\",\"valueRequired\":true,\"valueName\":\"search_term_string\"}}],\"inLanguage\":\"de\"}]}<\/script>\n<!-- \/ Yoast SEO plugin. -->","yoast_head_json":{"title":"L\u00e1mpara LED Colgante - Multiformas FLEXI NEON - BADEN - STARLED Iluminacion","robots":{"index":"index","follow":"follow","max-snippet":"max-snippet:-1","max-image-preview":"max-image-preview:large","max-video-preview":"max-video-preview:-1"},"canonical":"https:\/\/starlediluminacion.com\/de\/product\/led-pendelleuchte-multiform-flexi-neon-baden\/","og_locale":"de_DE","og_type":"article","og_title":"L\u00e1mpara LED Colgante - Multiformas FLEXI NEON - BADEN - STARLED Iluminacion","og_description":"Referencia: SL10227-N360 \u00a1Descubre la revoluci\u00f3n en iluminaci\u00f3n con nuestra extraordinaria\u00a0l\u00e1mpara LED\u00a0de \u00faltima generaci\u00f3n! Este prodigio de la tecnolog\u00eda no solo ilumina tus espacios, sino que transforma por completo la manera en que experimentas la luz. Dise\u00f1ada con maestr\u00eda y pensando en la versatilidad, nuestra\u00a0l\u00e1mpara LED\u00a0con\u00a0cord\u00f3n de luz y tubo flexible\u00a0de silicona te sumerge en un mundo de posibilidades luminosas sin igual.  La\u00a0l\u00e1mpara colgante\u00a0con\u00a0cuerda iluminada\u00a0es una innovaci\u00f3n tecnol\u00f3gica que destaca por su elegancia y versatilidad para su uso en varios ambientes. Su fuente de luz avanzada disipa muy bien el calor y consigue una iluminaci\u00f3n uniforme, suave y sin deslumbramiento.  Luminaria fabricada a medida en Europa.\u00a0\u00a0Plazo de fabricaci\u00f3n: de 5 a 7 d\u00edas laborables.  Temperatura de Color: 2700K\/4000K\u00a0  Medida: 1M\/2M","og_url":"https:\/\/starlediluminacion.com\/de\/product\/led-pendelleuchte-multiform-flexi-neon-baden\/","og_site_name":"STARLED Iluminacion","article_modified_time":"2024-09-15T11:48:52+00:00","og_image":[{"width":254,"height":273,"url":"https:\/\/starlediluminacion.com\/wp-content\/uploads\/2024\/06\/lampara-led-colgante-multiformas-flexi-neon-baden.png","type":"image\/png"}],"twitter_card":"summary_large_image","twitter_misc":{"Gesch\u00e4tzte Lesezeit":"4\u00a0Minuten"},"schema":{"@context":"https:\/\/schema.org","@graph":[{"@type":"WebPage","@id":"https:\/\/starlediluminacion.com\/producto\/lampara-led-colgante-multiformas-flexi-neon-baden\/","url":"https:\/\/starlediluminacion.com\/producto\/lampara-led-colgante-multiformas-flexi-neon-baden\/","name":"L\u00e1mpara LED Colgante - Multiformas FLEXI NEON - BADEN - STARLED Iluminacion","isPartOf":{"@id":"https:\/\/starlediluminacion.com\/#website"},"primaryImageOfPage":{"@id":"https:\/\/starlediluminacion.com\/producto\/lampara-led-colgante-multiformas-flexi-neon-baden\/#primaryimage"},"image":{"@id":"https:\/\/starlediluminacion.com\/producto\/lampara-led-colgante-multiformas-flexi-neon-baden\/#primaryimage"},"thumbnailUrl":"https:\/\/starlediluminacion.com\/wp-content\/uploads\/2024\/06\/lampara-led-colgante-multiformas-flexi-neon-baden.png","datePublished":"2024-06-16T13:21:18+00:00","dateModified":"2024-09-15T11:48:52+00:00","breadcrumb":{"@id":"https:\/\/starlediluminacion.com\/producto\/lampara-led-colgante-multiformas-flexi-neon-baden\/#breadcrumb"},"inLanguage":"de","potentialAction":[{"@type":"ReadAction","target":["https:\/\/starlediluminacion.com\/producto\/lampara-led-colgante-multiformas-flexi-neon-baden\/"]}]},{"@type":"ImageObject","inLanguage":"de","@id":"https:\/\/starlediluminacion.com\/producto\/lampara-led-colgante-multiformas-flexi-neon-baden\/#primaryimage","url":"https:\/\/starlediluminacion.com\/wp-content\/uploads\/2024\/06\/lampara-led-colgante-multiformas-flexi-neon-baden.png","contentUrl":"https:\/\/starlediluminacion.com\/wp-content\/uploads\/2024\/06\/lampara-led-colgante-multiformas-flexi-neon-baden.png","width":254,"height":273},{"@type":"BreadcrumbList","@id":"https:\/\/starlediluminacion.com\/producto\/lampara-led-colgante-multiformas-flexi-neon-baden\/#breadcrumb","itemListElement":[{"@type":"ListItem","position":1,"name":"Portada","item":"https:\/\/starlediluminacion.com\/"},{"@type":"ListItem","position":2,"name":"Shop","item":"https:\/\/starlediluminacion.com\/shop-2\/"},{"@type":"ListItem","position":3,"name":"L\u00e1mpara LED Colgante &#8211; Multiformas FLEXI NEON &#8211; BADEN"}]},{"@type":"WebSite","@id":"https:\/\/starlediluminacion.com\/#website","url":"https:\/\/starlediluminacion.com\/","name":"STARLED Iluminacion","description":"","potentialAction":[{"@type":"SearchAction","target":{"@type":"EntryPoint","urlTemplate":"https:\/\/starlediluminacion.com\/?s={search_term_string}"},"query-input":{"@type":"PropertyValueSpecification","valueRequired":true,"valueName":"search_term_string"}}],"inLanguage":"de"}]}},"_links":{"self":[{"href":"https:\/\/starlediluminacion.com\/de\/wp-json\/wp\/v3\/product\/13137","targetHints":{"allow":["GET"]}}],"collection":[{"href":"https:\/\/starlediluminacion.com\/de\/wp-json\/wp\/v3\/product"}],"about":[{"href":"https:\/\/starlediluminacion.com\/de\/wp-json\/wp\/v2\/types\/product"}],"wp:featuredmedia":[{"embeddable":true,"href":"https:\/\/starlediluminacion.com\/de\/wp-json\/wp\/v2\/media\/13138"}],"wp:attachment":[{"href":"https:\/\/starlediluminacion.com\/de\/wp-json\/wp\/v2\/media?parent=13137"}],"wp:term":[{"taxonomy":"product_cat","embeddable":true,"href":"https:\/\/starlediluminacion.com\/de\/wp-json\/wp\/v2\/product_cat?post=13137"},{"taxonomy":"product_tag","embeddable":true,"href":"https:\/\/starlediluminacion.com\/de\/wp-json\/wp\/v2\/product_tag?post=13137"}],"curies":[{"name":"wp","href":"https:\/\/api.w.org\/{rel}","templated":true}]}}