{"id":13051,"date":"2024-05-05T10:50:43","date_gmt":"2024-05-05T10:50:43","guid":{"rendered":"https:\/\/starlediluminacion.com\/?post_type=product&#038;p=13051"},"modified":"2024-05-05T10:55:38","modified_gmt":"2024-05-05T10:55:38","slug":"plafon-led-12w-purelight-interior-exterior-ip65","status":"publish","type":"product","link":"https:\/\/starlediluminacion.com\/de\/product\/deckenleuchte-12w-purelight-innen-ausen-ip65\/","title":{"rendered":"<p>12W LED-Deckenleuchte -PURELIGHT- Innen Au\u00dfen - IP65<\/p>"},"content":{"rendered":"<h1>12W LED-Deckenleuchte -PURELIGHT- Innen Au\u00dfen - IP65<p>&nbsp;<\/p><p>Beleuchten Sie Ihr Leben mit PURELIGHT - die ultimative Wahl f\u00fcr jeden Raum!<\/p><p>In der Welt der Beleuchtung zeichnet sich ein Produkt durch seine Au\u00dfergew\u00f6hnlichkeit und Vielseitigkeit aus, und das ist unser&nbsp;<strong>PURELIGHT 12W LED-Deckenleuchte<\/strong>Sie sind auf der Suche nach einer Beleuchtungsl\u00f6sung, die Ihren Raum zu neuen H\u00f6henfl\u00fcgen verhilft? Sie haben sie gefunden! Lassen Sie sich von uns auf eine Reise durch Innovation, Effizienz und makelloses Design mitnehmen, die nur PURELIGHT bieten kann.<\/p><p>&nbsp;<\/p><p>Herausragende Vorteile:<\/p><p>&nbsp;<\/p><ol>\n<li>Blendende Helligkeit: Mit seiner starken Lichtleistung von&nbsp;<strong>12W<\/strong>Die PURELIGHT LED-Deckenleuchte beleuchtet Ihre Innen- und Au\u00dfenr\u00e4ume mit einer Leuchtkraft, die jeden Bereich in eine Lichtoase verwandelt. Verabschieden Sie sich von l\u00e4stigen Schatten und bringen Sie Leben in jede Ecke.<\/li>\n<li>Stark und langlebig: Aus hochwertigem Polycarbonat (PC) hergestellt, ist diese LED-Deckenleuchte witterungsbest\u00e4ndig und langlebig. Seine Bewertung&nbsp;<strong>IP65<\/strong>&nbsp;sorgt daf\u00fcr, dass es Regen, Schnee und allen Wetterbedingungen standh\u00e4lt, ohne seinen Glanz zu verlieren.<\/li>\n<li>Energieeffizienz: Die&nbsp;<strong>LED-Technologie<\/strong>&nbsp;Die fortschrittliche Beleuchtung von PURELIGHT verbraucht sehr wenig Energie, was Ihnen hilft, Ihre Stromrechnungen zu senken und gleichzeitig einen Beitrag zum Umweltschutz zu leisten.<\/li>\n<li>Einfache Installation: Ausgestattet mit einer einfachen Montage, passt diese Deckenleuchte perfekt \u00fcberall, wo Sie beleuchten m\u00f6chten. Ob im Haus, im Garten, auf der Terrasse, in der Einfahrt, in der Garage oder in gewerblichen R\u00e4umen - die Installation ist ein Kinderspiel.<\/li>\n<li>Eleganter Stil: Das schlanke, moderne Design von PURELIGHT passt zu jeder Einrichtung. Verleihen Sie Ihren R\u00e4umen m\u00fchelos einen Hauch von Eleganz.<\/li>\n<\/ol><p>&nbsp;<\/p><p>&nbsp;<\/p><h2>Verwendungsm\u00f6glichkeiten der 12W LED-Deckenleuchte -PURELIGHT- Indoor Outdoor - IP65<\/h2><p>&nbsp;<\/p><ul>\n<li>Innenbereich: Verleihen Sie Ihrem Wohnzimmer, Schlafzimmer, Ihrer K\u00fcche oder Ihrem Badezimmer einen modernen Touch. Mit PURELIGHT erstrahlt jeder Winkel Ihres Zuhauses in Eleganz und Komfort.<\/li>\n<li>Au\u00dfenbereich: Verwandeln Sie Ihren Garten, Ihren Innenhof, Ihre Terrasse oder Ihre Einfahrt in eine Oase des Lichts. Die Witterungsbest\u00e4ndigkeit von PURELIGHT macht sie ideal f\u00fcr die Beleuchtung Ihrer Au\u00dfenbereiche und schafft eine einladende und sichere Umgebung.<\/li>\n<\/ul><p>&nbsp;<\/p><p>Die&nbsp;<strong>12W LED-Deckenleuchte PURELIGHT<\/strong>&nbsp;ist die Antwort auf alle Ihre Beleuchtungsbed\u00fcrfnisse. Geben Sie sich nicht mit weniger zufrieden, erleben Sie den PURELIGHT Unterschied und erh\u00f6hen Sie die Qualit\u00e4t Ihrer R\u00e4ume. Das Licht, das Ihre Tr\u00e4ume erhellt, ist nur einen Klick entfernt. Handeln Sie jetzt und bringen Sie PURELIGHT Exzellenz in Ihr Leben!<\/p><h3 class=\"h6\">Produktdatenblatt<\/h3><dl class=\"data-sheet\">\n<dt class=\"name\"><img loading=\"lazy\" decoding=\"async\" src=\"https:\/\/www.factorled.com\/modules\/oa_features\/img\/2-default.jpg\" width=\"32\" height=\"32\">&nbsp;REFERENZ<\/dt>\n<dd class=\"value\">LBH12W<\/dd>\n<dt class=\"name\"><img loading=\"lazy\" decoding=\"async\" src=\"https:\/\/www.factorled.com\/modules\/oa_features\/img\/3-default.jpg\" width=\"32\" height=\"32\">&nbsp;Nennleistung<\/dt>\n<dd class=\"value\">12w<\/dd>\n<dt class=\"name\"><img loading=\"lazy\" decoding=\"async\" src=\"https:\/\/www.factorled.com\/modules\/oa_features\/img\/4-default.jpg\" width=\"32\" height=\"32\">&nbsp;Nennspannung<\/dt>\n<dd class=\"value\">220-240V<\/dd>\n<dt class=\"name\"><img loading=\"lazy\" decoding=\"async\" src=\"https:\/\/www.factorled.com\/modules\/oa_features\/img\/5-default.jpg\" width=\"32\" height=\"32\">&nbsp;Licht Temperatur<\/dt>\n<dd class=\"value\">2700K - 4000K<\/dd>\n<dt class=\"name\"><img loading=\"lazy\" decoding=\"async\" src=\"https:\/\/www.factorled.com\/modules\/oa_features\/img\/6-default.jpg\" width=\"32\" height=\"32\">&nbsp;CRI - Farbwiedergabe-Index<\/dt>\n<dd class=\"value\">80<\/dd>\n<dt class=\"name\"><img loading=\"lazy\" decoding=\"async\" src=\"https:\/\/www.factorled.com\/modules\/oa_features\/img\/25-default.jpg\" width=\"32\" height=\"32\">&nbsp;Baumaterial<\/dt>\n<dd class=\"value\">Aluminium +PC<\/dd>\n<dt class=\"name\"><img loading=\"lazy\" decoding=\"async\" src=\"https:\/\/www.factorled.com\/modules\/oa_features\/img\/8-default.jpg\" width=\"32\" height=\"32\">&nbsp;Leuchtkraft-Lm<\/dt>\n<dd class=\"value\">1200<\/dd>\n<dt class=\"name\"><img loading=\"lazy\" decoding=\"async\" src=\"https:\/\/www.factorled.com\/modules\/oa_features\/img\/9-default.jpg\" width=\"32\" height=\"32\">&nbsp;LED-Typ<\/dt>\n<dd class=\"value\">SMD 2835<\/dd>\n<dt class=\"name\"><img loading=\"lazy\" decoding=\"async\" src=\"https:\/\/www.factorled.com\/modules\/oa_features\/img\/10-default.jpg\" width=\"32\" height=\"32\">&nbsp;\u00d6ffnungswinkel (\u00ba)<\/dt>\n<dd class=\"value\">120\u00b0<\/dd>\n<dt class=\"name\"><img loading=\"lazy\" decoding=\"async\" src=\"https:\/\/www.factorled.com\/modules\/oa_features\/img\/12-default.jpg\" width=\"32\" height=\"32\">&nbsp;LED-Dioden-Wirkungsgrad (Lm\/W)<\/dt>\n<dd class=\"value\">125Lm\/W<\/dd>\n<dt class=\"name\"><img loading=\"lazy\" decoding=\"async\" src=\"https:\/\/www.factorled.com\/modules\/oa_features\/img\/13-default.jpg\" width=\"32\" height=\"32\">&nbsp;Lichtausbeute (Lm\/W)<\/dt>\n<dd class=\"value\">100 Lm\/W<\/dd>\n<dt class=\"name\"><img loading=\"lazy\" decoding=\"async\" src=\"https:\/\/www.factorled.com\/modules\/oa_features\/img\/15-default.jpg\" width=\"32\" height=\"32\">&nbsp;Bescheinigungen<\/dt>\n<dd class=\"value\">CE - ROHS<\/dd>\n<dt class=\"name\"><img loading=\"lazy\" decoding=\"async\" src=\"https:\/\/www.factorled.com\/modules\/oa_features\/img\/16-default.jpg\" width=\"32\" height=\"32\">&nbsp;IP-Bewertung<\/dt>\n<dd class=\"value\">IP65-Au\u00dfenbereich<\/dd>\n<dt class=\"name\"><img loading=\"lazy\" decoding=\"async\" src=\"https:\/\/www.factorled.com\/modules\/oa_features\/img\/18-default.jpg\" width=\"32\" height=\"32\">&nbsp;Messungen (Mm)<\/dt>\n<dd class=\"value\">\u00d8175*H45<\/dd>\n<dt class=\"name\"><img loading=\"lazy\" decoding=\"async\" src=\"https:\/\/www.factorled.com\/modules\/oa_features\/img\/21-default.jpg\" width=\"32\" height=\"32\">&nbsp;Arbeitsfrequenz (Hz)<\/dt>\n<dd class=\"value\">50\/60Hz<\/dd>\n<dt class=\"name\"><img loading=\"lazy\" decoding=\"async\" src=\"https:\/\/www.factorled.com\/modules\/oa_features\/img\/22-default.jpg\" width=\"32\" height=\"32\">&nbsp;Temperaturbereich (\u00baC)<\/dt>\n<dd class=\"value\">-20\u00b0C ~ +55\u00b0C<\/dd>\n<dt class=\"name\"><img loading=\"lazy\" decoding=\"async\" src=\"https:\/\/www.factorled.com\/modules\/oa_features\/img\/23-default.jpg\" width=\"32\" height=\"32\">&nbsp;Z\u00fcndungszyklen<\/dt>\n<dd class=\"value\">100.000<\/dd>\n<dt class=\"name\"><img loading=\"lazy\" decoding=\"async\" src=\"https:\/\/www.factorled.com\/modules\/oa_features\/img\/24-default.jpg\" width=\"32\" height=\"32\">&nbsp;Anlaufzeit (S)<\/dt>\n<dd class=\"value\">0,2s<\/dd>\n<dt class=\"name\"><img loading=\"lazy\" decoding=\"async\" src=\"https:\/\/www.factorled.com\/modules\/oa_features\/img\/7-default.jpg\" width=\"32\" height=\"32\">&nbsp;Energieklasse (2021-EU-2019\/2015)<\/dt>\n<dd class=\"value\">A+<\/dd>\n<dt class=\"name\"><img loading=\"lazy\" decoding=\"async\" src=\"https:\/\/www.factorled.com\/modules\/oa_features\/img\/101-default.jpg\" width=\"32\" height=\"32\">&nbsp;Energieklasse (2023 - EU-2019\/2015)<\/dt>\n<dd class=\"value\">F<\/dd>\n<dt class=\"name\"><img loading=\"lazy\" decoding=\"async\" src=\"https:\/\/www.factorled.com\/modules\/oa_features\/img\/75-default.jpg\" width=\"32\" height=\"32\">&nbsp;Garantie Jahre<\/dt>\n<dd class=\"value\">3<\/dd>\n<\/dl><\/h1>","protected":false},"excerpt":{"rendered":"<div class=\"product-reference\"><label class=\"label\">Referenz:<\/label> SLLBH12W-WW-91242\n<div><\/div>\n<div class=\"product-description-short\">\n<div id=\"product-description-short-3034\">\n<p>Leistungsstarke Helligkeit, Langlebigkeit und Energieeffizienz sind in diesem schlanken und eleganten&nbsp;<strong>Decke<\/strong>&nbsp;f\u00fcr&nbsp;<strong>Wand oder Decke<\/strong>&nbsp;mit&nbsp;<strong>12W<\/strong>&nbsp;von Kraft und Farbe&nbsp;<strong>wei\u00df<\/strong>. Es kann sowohl in&nbsp;<strong>innerhalb<\/strong>&nbsp;wie in&nbsp;<strong>au\u00dferhalb<\/strong>. Wetterbest\u00e4ndig (<strong>IP65<\/strong>), ist es perfekt f\u00fcr feuchte und stark salzhaltige Bereiche, ideal f\u00fcr den Einsatz in K\u00fcchen, B\u00e4dern, Abstellr\u00e4umen, G\u00e4rten, Terrassen und mehr. Verbessern Sie jetzt Ihre R\u00e4ume! Kaufen Sie es jetzt und beginnen Sie zu sparen!<\/p>\n<p><strong>Farbtemperatur: 2700K\/4000K<\/strong><\/p>\n<p><i class=\"fa fa-truck\"><\/i>&nbsp;<span class=\"text-muted textprop\">Lieferung innerhalb von 24\/48 Stunden<\/span><\/p>\n<\/div>\n<\/div><\/div>","protected":false},"featured_media":13054,"template":"","meta":{"site-sidebar-layout":"default","site-content-layout":"default","ast-global-header-display":"","ast-main-header-display":"","ast-hfb-above-header-display":"","ast-hfb-below-header-display":"","ast-hfb-mobile-header-display":"","site-post-title":"","ast-breadcrumbs-content":"","ast-featured-img":"","footer-sml-layout":"","theme-transparent-header-meta":"default","adv-header-id-meta":"","stick-header-meta":"","header-above-stick-meta":"","header-main-stick-meta":"","header-below-stick-meta":""},"product_cat":[27,69],"product_tag":[],"class_list":["post-13051","product","type-product","status-publish","has-post-thumbnail","hentry","product_cat-downlight-plafones-y-placas-led","product_cat-plafones-y-superficie-led"],"yoast_head":"<!-- This site is optimized with the Yoast SEO plugin v27.4 - https:\/\/yoast.com\/product\/yoast-seo-wordpress\/ -->\n<title>Plaf\u00f3n LED 12W -PURELIGHT- Interior Exterior - IP65 - STARLED Iluminacion<\/title>\n<meta name=\"robots\" content=\"index, follow, max-snippet:-1, max-image-preview:large, max-video-preview:-1\" \/>\n<link rel=\"canonical\" href=\"https:\/\/starlediluminacion.com\/de\/product\/plafon-led-12w-purelight-interior-exterior-ip65\/\" \/>\n<meta property=\"og:locale\" content=\"de_DE\" \/>\n<meta property=\"og:type\" content=\"article\" \/>\n<meta property=\"og:title\" content=\"Plaf\u00f3n LED 12W -PURELIGHT- Interior Exterior - IP65 - STARLED Iluminacion\" \/>\n<meta property=\"og:description\" content=\"Referencia: SLLBH12W-WW-91242      Brillo potente, durabilidad y eficiencia energ\u00e9tica se combinan en este elegante\u00a0Plaf\u00f3n\u00a0para\u00a0pared o techo\u00a0con\u00a012W\u00a0de potencia y color\u00a0blanco. Se puede usar tanto en\u00a0interior\u00a0como en\u00a0exterior. Resistente al clima (IP65), es perfecto para zonas h\u00famedas y de alta salinidad, perfecto uso en cocinas, ba\u00f1os, trasteros, jardines, terrazas y m\u00e1s. \u00a1Mejora tus espacios ahora! C\u00f3mpralo ya y comienza a ahorrar!  Temperatura de Color: 2700K\/4000K  \u00a0Entrega en 24\/48 horas\" \/>\n<meta property=\"og:url\" content=\"https:\/\/starlediluminacion.com\/de\/product\/plafon-led-12w-purelight-interior-exterior-ip65\/\" \/>\n<meta property=\"og:site_name\" content=\"STARLED Iluminacion\" \/>\n<meta property=\"article:modified_time\" content=\"2024-05-05T10:55:38+00:00\" \/>\n<meta property=\"og:image\" content=\"https:\/\/starlediluminacion.com\/wp-content\/uploads\/2024\/05\/plafon-led-12w-purelight-interior-exterior-ip65.jpg\" \/>\n\t<meta property=\"og:image:width\" content=\"744\" \/>\n\t<meta property=\"og:image:height\" content=\"800\" \/>\n\t<meta property=\"og:image:type\" content=\"image\/jpeg\" \/>\n<meta name=\"twitter:card\" content=\"summary_large_image\" \/>\n<meta name=\"twitter:label1\" content=\"Gesch\u00e4tzte Lesezeit\" \/>\n\t<meta name=\"twitter:data1\" content=\"3\u00a0Minuten\" \/>\n<script type=\"application\/ld+json\" class=\"yoast-schema-graph\">{\"@context\":\"https:\\\/\\\/schema.org\",\"@graph\":[{\"@type\":\"WebPage\",\"@id\":\"https:\\\/\\\/starlediluminacion.com\\\/it\\\/product\\\/plafon-led-12w-purelight-interior-exterior-ip65\\\/\",\"url\":\"https:\\\/\\\/starlediluminacion.com\\\/it\\\/product\\\/plafon-led-12w-purelight-interior-exterior-ip65\\\/\",\"name\":\"Plaf\u00f3n LED 12W -PURELIGHT- Interior Exterior - IP65 - STARLED Iluminacion\",\"isPartOf\":{\"@id\":\"https:\\\/\\\/starlediluminacion.com\\\/#website\"},\"primaryImageOfPage\":{\"@id\":\"https:\\\/\\\/starlediluminacion.com\\\/it\\\/product\\\/plafon-led-12w-purelight-interior-exterior-ip65\\\/#primaryimage\"},\"image\":{\"@id\":\"https:\\\/\\\/starlediluminacion.com\\\/it\\\/product\\\/plafon-led-12w-purelight-interior-exterior-ip65\\\/#primaryimage\"},\"thumbnailUrl\":\"https:\\\/\\\/starlediluminacion.com\\\/wp-content\\\/uploads\\\/2024\\\/05\\\/plafon-led-12w-purelight-interior-exterior-ip65.jpg\",\"datePublished\":\"2024-05-05T10:50:43+00:00\",\"dateModified\":\"2024-05-05T10:55:38+00:00\",\"breadcrumb\":{\"@id\":\"https:\\\/\\\/starlediluminacion.com\\\/it\\\/product\\\/plafon-led-12w-purelight-interior-exterior-ip65\\\/#breadcrumb\"},\"inLanguage\":\"de\",\"potentialAction\":[{\"@type\":\"ReadAction\",\"target\":[\"https:\\\/\\\/starlediluminacion.com\\\/it\\\/product\\\/plafon-led-12w-purelight-interior-exterior-ip65\\\/\"]}]},{\"@type\":\"ImageObject\",\"inLanguage\":\"de\",\"@id\":\"https:\\\/\\\/starlediluminacion.com\\\/it\\\/product\\\/plafon-led-12w-purelight-interior-exterior-ip65\\\/#primaryimage\",\"url\":\"https:\\\/\\\/starlediluminacion.com\\\/wp-content\\\/uploads\\\/2024\\\/05\\\/plafon-led-12w-purelight-interior-exterior-ip65.jpg\",\"contentUrl\":\"https:\\\/\\\/starlediluminacion.com\\\/wp-content\\\/uploads\\\/2024\\\/05\\\/plafon-led-12w-purelight-interior-exterior-ip65.jpg\",\"width\":744,\"height\":800},{\"@type\":\"BreadcrumbList\",\"@id\":\"https:\\\/\\\/starlediluminacion.com\\\/it\\\/product\\\/plafon-led-12w-purelight-interior-exterior-ip65\\\/#breadcrumb\",\"itemListElement\":[{\"@type\":\"ListItem\",\"position\":1,\"name\":\"Portada\",\"item\":\"https:\\\/\\\/starlediluminacion.com\\\/\"},{\"@type\":\"ListItem\",\"position\":2,\"name\":\"Shop\",\"item\":\"https:\\\/\\\/starlediluminacion.com\\\/shop-2\\\/\"},{\"@type\":\"ListItem\",\"position\":3,\"name\":\"Plaf\u00f3n LED 12W -PURELIGHT- Interior Exterior &#8211; IP65\"}]},{\"@type\":\"WebSite\",\"@id\":\"https:\\\/\\\/starlediluminacion.com\\\/#website\",\"url\":\"https:\\\/\\\/starlediluminacion.com\\\/\",\"name\":\"STARLED Iluminacion\",\"description\":\"\",\"potentialAction\":[{\"@type\":\"SearchAction\",\"target\":{\"@type\":\"EntryPoint\",\"urlTemplate\":\"https:\\\/\\\/starlediluminacion.com\\\/?s={search_term_string}\"},\"query-input\":{\"@type\":\"PropertyValueSpecification\",\"valueRequired\":true,\"valueName\":\"search_term_string\"}}],\"inLanguage\":\"de\"}]}<\/script>\n<!-- \/ Yoast SEO plugin. -->","yoast_head_json":{"title":"Plaf\u00f3n LED 12W -PURELIGHT- Interior Exterior - IP65 - STARLED Iluminacion","robots":{"index":"index","follow":"follow","max-snippet":"max-snippet:-1","max-image-preview":"max-image-preview:large","max-video-preview":"max-video-preview:-1"},"canonical":"https:\/\/starlediluminacion.com\/de\/product\/plafon-led-12w-purelight-interior-exterior-ip65\/","og_locale":"de_DE","og_type":"article","og_title":"Plaf\u00f3n LED 12W -PURELIGHT- Interior Exterior - IP65 - STARLED Iluminacion","og_description":"Referencia: SLLBH12W-WW-91242      Brillo potente, durabilidad y eficiencia energ\u00e9tica se combinan en este elegante\u00a0Plaf\u00f3n\u00a0para\u00a0pared o techo\u00a0con\u00a012W\u00a0de potencia y color\u00a0blanco. Se puede usar tanto en\u00a0interior\u00a0como en\u00a0exterior. Resistente al clima (IP65), es perfecto para zonas h\u00famedas y de alta salinidad, perfecto uso en cocinas, ba\u00f1os, trasteros, jardines, terrazas y m\u00e1s. \u00a1Mejora tus espacios ahora! C\u00f3mpralo ya y comienza a ahorrar!  Temperatura de Color: 2700K\/4000K  \u00a0Entrega en 24\/48 horas","og_url":"https:\/\/starlediluminacion.com\/de\/product\/plafon-led-12w-purelight-interior-exterior-ip65\/","og_site_name":"STARLED Iluminacion","article_modified_time":"2024-05-05T10:55:38+00:00","og_image":[{"width":744,"height":800,"url":"https:\/\/starlediluminacion.com\/wp-content\/uploads\/2024\/05\/plafon-led-12w-purelight-interior-exterior-ip65.jpg","type":"image\/jpeg"}],"twitter_card":"summary_large_image","twitter_misc":{"Gesch\u00e4tzte Lesezeit":"3\u00a0Minuten"},"schema":{"@context":"https:\/\/schema.org","@graph":[{"@type":"WebPage","@id":"https:\/\/starlediluminacion.com\/it\/product\/plafon-led-12w-purelight-interior-exterior-ip65\/","url":"https:\/\/starlediluminacion.com\/it\/product\/plafon-led-12w-purelight-interior-exterior-ip65\/","name":"Plaf\u00f3n LED 12W -PURELIGHT- Interior Exterior - IP65 - STARLED Iluminacion","isPartOf":{"@id":"https:\/\/starlediluminacion.com\/#website"},"primaryImageOfPage":{"@id":"https:\/\/starlediluminacion.com\/it\/product\/plafon-led-12w-purelight-interior-exterior-ip65\/#primaryimage"},"image":{"@id":"https:\/\/starlediluminacion.com\/it\/product\/plafon-led-12w-purelight-interior-exterior-ip65\/#primaryimage"},"thumbnailUrl":"https:\/\/starlediluminacion.com\/wp-content\/uploads\/2024\/05\/plafon-led-12w-purelight-interior-exterior-ip65.jpg","datePublished":"2024-05-05T10:50:43+00:00","dateModified":"2024-05-05T10:55:38+00:00","breadcrumb":{"@id":"https:\/\/starlediluminacion.com\/it\/product\/plafon-led-12w-purelight-interior-exterior-ip65\/#breadcrumb"},"inLanguage":"de","potentialAction":[{"@type":"ReadAction","target":["https:\/\/starlediluminacion.com\/it\/product\/plafon-led-12w-purelight-interior-exterior-ip65\/"]}]},{"@type":"ImageObject","inLanguage":"de","@id":"https:\/\/starlediluminacion.com\/it\/product\/plafon-led-12w-purelight-interior-exterior-ip65\/#primaryimage","url":"https:\/\/starlediluminacion.com\/wp-content\/uploads\/2024\/05\/plafon-led-12w-purelight-interior-exterior-ip65.jpg","contentUrl":"https:\/\/starlediluminacion.com\/wp-content\/uploads\/2024\/05\/plafon-led-12w-purelight-interior-exterior-ip65.jpg","width":744,"height":800},{"@type":"BreadcrumbList","@id":"https:\/\/starlediluminacion.com\/it\/product\/plafon-led-12w-purelight-interior-exterior-ip65\/#breadcrumb","itemListElement":[{"@type":"ListItem","position":1,"name":"Portada","item":"https:\/\/starlediluminacion.com\/"},{"@type":"ListItem","position":2,"name":"Shop","item":"https:\/\/starlediluminacion.com\/shop-2\/"},{"@type":"ListItem","position":3,"name":"Plaf\u00f3n LED 12W -PURELIGHT- Interior Exterior &#8211; IP65"}]},{"@type":"WebSite","@id":"https:\/\/starlediluminacion.com\/#website","url":"https:\/\/starlediluminacion.com\/","name":"STARLED Iluminacion","description":"","potentialAction":[{"@type":"SearchAction","target":{"@type":"EntryPoint","urlTemplate":"https:\/\/starlediluminacion.com\/?s={search_term_string}"},"query-input":{"@type":"PropertyValueSpecification","valueRequired":true,"valueName":"search_term_string"}}],"inLanguage":"de"}]}},"_links":{"self":[{"href":"https:\/\/starlediluminacion.com\/de\/wp-json\/wp\/v3\/product\/13051","targetHints":{"allow":["GET"]}}],"collection":[{"href":"https:\/\/starlediluminacion.com\/de\/wp-json\/wp\/v3\/product"}],"about":[{"href":"https:\/\/starlediluminacion.com\/de\/wp-json\/wp\/v2\/types\/product"}],"wp:featuredmedia":[{"embeddable":true,"href":"https:\/\/starlediluminacion.com\/de\/wp-json\/wp\/v2\/media\/13054"}],"wp:attachment":[{"href":"https:\/\/starlediluminacion.com\/de\/wp-json\/wp\/v2\/media?parent=13051"}],"wp:term":[{"taxonomy":"product_cat","embeddable":true,"href":"https:\/\/starlediluminacion.com\/de\/wp-json\/wp\/v2\/product_cat?post=13051"},{"taxonomy":"product_tag","embeddable":true,"href":"https:\/\/starlediluminacion.com\/de\/wp-json\/wp\/v2\/product_tag?post=13051"}],"curies":[{"name":"wp","href":"https:\/\/api.w.org\/{rel}","templated":true}]}}