{"id":13023,"date":"2024-05-05T10:44:06","date_gmt":"2024-05-05T10:44:06","guid":{"rendered":"https:\/\/starlediluminacion.com\/?post_type=product&#038;p=13023"},"modified":"2024-05-05T10:46:50","modified_gmt":"2024-05-05T10:46:50","slug":"downlight-plafon-led-cuadrado-moss-blanco-lumileds-18w-ajustable-cct-color-seleccionable","status":"publish","type":"product","link":"https:\/\/starlediluminacion.com\/de\/product\/downlight-plafon-led-cuadrado-moss-blanco-lumileds-18w-ajustable-cct-color-seleccionable\/","title":{"rendered":"<p>Downlight + Plaf&oacute;n LED &ndash; Cuadrado- MOSS BLANCO LUMILEDS &ndash; 18W AJUSTABLE &ndash; CCT Color Seleccionable<\/p>"},"content":{"rendered":"<h1>Downlight + Plaf&oacute;n LED &ndash; Cuadrado- MOSS BLANCO&nbsp;LUMILEDS &ndash; 18W AJUSTABLE&nbsp; &ndash; CCT Color Seleccionable<p>&nbsp;<\/p><p>Willkommen in der Zukunft der Beleuchtung mit dem&nbsp;<strong>Downlight + LED MOSS ADJUSTABLE Deckenleuchte<\/strong>&nbsp;mit&nbsp;<strong>CCT-Farbe w\u00e4hlbar<\/strong>! Machen Sie sich bereit, eine innovative L\u00f6sung zu entdecken, die Ihre R\u00e4ume revolutionieren und Ihnen ein au\u00dfergew\u00f6hnliches Beleuchtungserlebnis bieten wird.<\/p><p>&nbsp;<\/p><p>1. individuelle Beleuchtung an Ihren Fingerspitzen<\/p><p>Hatten Sie jemals das Dilemma, dass das Loch zu gro\u00df oder zu klein ist, um Ihr LED-Downlight zu installieren? Keine Sorge! Mit unserem MOSS ADJUSTABLE LED-Downlight + LED-Deckenleuchte haben wir dieses Problem f\u00fcr immer gel\u00f6st. Dieses Wunderwerk der Technik ist aus hochwertigem Polycarbonat (PC) gefertigt und passt sich perfekt an Ihren Raum an.<\/p><p>Unsere ADJUSTABLE LED-Leuchte - MOSS - ist die ultimative L\u00f6sung f\u00fcr alle Ihre Installationsprobleme. Ihr&nbsp;<strong>System<\/strong>&nbsp;von&nbsp;<strong>Schlupf<\/strong>&nbsp;der&nbsp;<strong>Befestigung<\/strong>&nbsp;erm\u00f6glicht eine exakte Anpassung an den Durchmesser des vorhandenen Lochs in der Decke, egal ob es gro\u00df oder klein ist, und eine problemlose und stressfreie Installation!<\/p><p>&nbsp;<\/p><p>2. Farben f\u00fcr jede Gelegenheit<\/p><p>Vielseitigkeit ist der Schl\u00fcssel, und unser Produkt hat alles. Dank seiner&nbsp;<strong>CCT-Farbe w\u00e4hlbar<\/strong>k\u00f6nnen Sie zwischen drei verschiedenen Farbt\u00f6nen w\u00e4hlen:&nbsp;<strong>Kaltwei\u00df, Neutralwei\u00df und Warmwei\u00df<\/strong>M\u00f6chten Sie eine gem\u00fctliche Atmosph\u00e4re in Ihrem Wohnzimmer? Brauchen Sie ein helles und energiegeladenes Licht in Ihrem B\u00fcro? Entscheiden Sie sich f\u00fcr Cool White. Sie haben die Wahl, und MOSS gibt Ihnen die Freiheit, jeden Raum nach Ihren W\u00fcnschen zu gestalten. Auf der R\u00fcckseite der Leuchte befindet sich ein Farbtemperaturw\u00e4hler.<\/p><p>&nbsp;<\/p><p>3. Lumileds-Chip<\/p><p>Diese Deckenleuchte hat einen eingebauten&nbsp;<strong>Dioden<\/strong>&nbsp;der Marke&nbsp;<strong>Lumileds<\/strong>&nbsp;die sich durch ihre Leistung, Farbqualit\u00e4t, Konsistenz, Effizienz und Langlebigkeit von anderen Diodentypen abhebt. Der Chip&nbsp;<strong>SMD2835<\/strong>&nbsp;zeichnet sich durch seine CCT-Architektur und seine hohe CRI-Leistung aus, so dass das emittierte Licht eine hohe Helligkeit und eine hervorragende Qualit\u00e4t aufweist.<\/p><p>&nbsp;<\/p><p>4. Unbegrenzte Anpassungsf\u00e4higkeit<\/p><p>Dieses technische Wunderwerk aus hochwertigem Polycarbonat (PC) passt sich perfekt in Ihren Raum ein. Und mit einem Farbwiedergabeindex (CRI) von \u00fcber 80 genie\u00dfen Sie lebendige, naturgetreue Farben.<\/p><p>&nbsp;<\/p><p>5. Elegantes und funktionales Design<\/p><p>Die&nbsp;<strong>Downlight + LED-Deckenleuchte -MOSS-<\/strong>&nbsp;ist nicht nur ein Wunderwerk der Technik, sondern auch ein stilvolles Designerst\u00fcck. Ihr modernes, minimalistisches Aussehen passt perfekt zu jedem Einrichtungsstil, ob als Downlight oder als Wandleuchte.&nbsp;<strong>versenkt<\/strong>&nbsp;oder als Dachuntersicht f\u00fcr&nbsp;<strong>Oberfl\u00e4che<\/strong>. Es erhellt nicht nur Ihre R\u00e4ume, sondern versch\u00f6nert sie auch.<\/p><p>&nbsp;<\/p><h2>Usos del Downlight + Plaf&oacute;n LED &ndash; Cuadrado- MOSS BLANCO&nbsp;LUMILEDS &ndash; 18W AJUSTABLE&nbsp; &ndash; CCT Color Seleccionable<\/h2><ul>\n<li>In Ihrem Zuhause, um eine warme und gem\u00fctliche Atmosph\u00e4re in Wohnzimmern, Schlafzimmern und Fluren zu schaffen.<\/li>\n<li>In Ihrem B\u00fcro, um helle, konzentrierte Beleuchtung in Arbeitsbereichen zu gew\u00e4hrleisten.<\/li>\n<li>In Gesch\u00e4ften und Verkaufsr\u00e4umen, um Produkte hervorzuheben und Kunden mit der besten Lichtqualit\u00e4t anzuziehen.<\/li>\n<li>In Hotels und Restaurants, um jederzeit eine elegante und angenehme Atmosph\u00e4re zu schaffen.<\/li>\n<li>Wo immer Sie die Vielseitigkeit und au\u00dfergew\u00f6hnliche Qualit\u00e4t der MOSS-Beleuchtung w\u00fcnschen.<\/li>\n<\/ul><p>&nbsp;<\/p><p>&nbsp;<\/p><p>Lassen Sie nicht zu, dass die Beleuchtung ein Hindernis in Ihrem t\u00e4glichen Leben ist. Mit dem MOSS ADJUSTABLE LED Downlight + Ceiling mit w\u00e4hlbarer CCT-Farbe sind Sie einen Schritt n\u00e4her dran, \u00fcberall das perfekte Ambiente zu schaffen. Bestellen Sie jetzt und erleben Sie den Unterschied, den hochwertiges Licht in Ihrem Leben machen kann!<\/p><h3 class=\"h6\">Produktdatenblatt<\/h3><dl class=\"data-sheet\">\n<dt class=\"name\"><img loading=\"lazy\" decoding=\"async\" src=\"https:\/\/www.factorled.com\/modules\/oa_features\/img\/2-default.jpg\" width=\"32\" height=\"32\">&nbsp;REFERENZ<\/dt>\n<dd class=\"value\">LPN18W-CCT-91262<\/dd>\n<dt class=\"name\"><img loading=\"lazy\" decoding=\"async\" src=\"https:\/\/www.factorled.com\/modules\/oa_features\/img\/3-default.jpg\" width=\"32\" height=\"32\">&nbsp;Nennleistung<\/dt>\n<dd class=\"value\">18w<\/dd>\n<dt class=\"name\"><img loading=\"lazy\" decoding=\"async\" src=\"https:\/\/www.factorled.com\/modules\/oa_features\/img\/4-default.jpg\" width=\"32\" height=\"32\">&nbsp;Nennspannung<\/dt>\n<dd class=\"value\">220V-240V<\/dd>\n<dt class=\"name\"><img loading=\"lazy\" decoding=\"async\" src=\"https:\/\/www.factorled.com\/modules\/oa_features\/img\/5-default.jpg\" width=\"32\" height=\"32\">&nbsp;Licht Temperatur<\/dt>\n<dd class=\"value\">W\u00c4HLBARE FARBE: 3000K-4000K-6000K<\/dd>\n<dt class=\"name\"><img loading=\"lazy\" decoding=\"async\" src=\"https:\/\/www.factorled.com\/modules\/oa_features\/img\/6-default.jpg\" width=\"32\" height=\"32\">&nbsp;CRI - Farbwiedergabe-Index<\/dt>\n<dd class=\"value\">80<\/dd>\n<dt class=\"name\"><img loading=\"lazy\" decoding=\"async\" src=\"https:\/\/www.factorled.com\/modules\/oa_features\/img\/25-default.jpg\" width=\"32\" height=\"32\">&nbsp;Baumaterial<\/dt>\n<dd class=\"value\">PC Flammhemmend<\/dd>\n<dt class=\"name\"><img loading=\"lazy\" decoding=\"async\" src=\"https:\/\/www.factorled.com\/modules\/oa_features\/img\/8-default.jpg\" width=\"32\" height=\"32\">&nbsp;Leuchtkraft-Lm<\/dt>\n<dd class=\"value\">1800<\/dd>\n<dt class=\"name\"><img loading=\"lazy\" decoding=\"async\" src=\"https:\/\/www.factorled.com\/modules\/oa_features\/img\/9-default.jpg\" width=\"32\" height=\"32\">&nbsp;LED-Typ<\/dt>\n<dd class=\"value\">SMD 2835<\/dd>\n<dt class=\"name\"><img loading=\"lazy\" decoding=\"async\" src=\"https:\/\/www.factorled.com\/modules\/oa_features\/img\/10-default.jpg\" width=\"32\" height=\"32\">&nbsp;\u00d6ffnungswinkel (\u00ba)<\/dt>\n<dd class=\"value\">120\u00ba<\/dd>\n<dt class=\"name\"><img loading=\"lazy\" decoding=\"async\" src=\"https:\/\/www.factorled.com\/modules\/oa_features\/img\/12-default.jpg\" width=\"32\" height=\"32\">&nbsp;LED-Dioden-Wirkungsgrad (Lm\/W)<\/dt>\n<dd class=\"value\">130Lm\/W<\/dd>\n<dt class=\"name\"><img loading=\"lazy\" decoding=\"async\" src=\"https:\/\/www.factorled.com\/modules\/oa_features\/img\/13-default.jpg\" width=\"32\" height=\"32\">&nbsp;Lichtausbeute (Lm\/W)<\/dt>\n<dd class=\"value\">100 Lm\/W<\/dd>\n<dt class=\"name\"><img loading=\"lazy\" decoding=\"async\" src=\"https:\/\/www.factorled.com\/modules\/oa_features\/img\/15-default.jpg\" width=\"32\" height=\"32\">&nbsp;Bescheinigungen<\/dt>\n<dd class=\"value\">CE - ROHS<\/dd>\n<dt class=\"name\"><img loading=\"lazy\" decoding=\"async\" src=\"https:\/\/www.factorled.com\/modules\/oa_features\/img\/16-default.jpg\" width=\"32\" height=\"32\">&nbsp;IP-Bewertung<\/dt>\n<dd class=\"value\">IP20<\/dd>\n<dt class=\"name\"><img loading=\"lazy\" decoding=\"async\" src=\"https:\/\/www.factorled.com\/modules\/oa_features\/img\/18-default.jpg\" width=\"32\" height=\"32\">&nbsp;Messungen (Mm)<\/dt>\n<dd class=\"value\">217 mm x H 17mm<\/dd>\n<dt class=\"name\"><img loading=\"lazy\" decoding=\"async\" src=\"https:\/\/www.factorled.com\/modules\/oa_features\/img\/21-default.jpg\" width=\"32\" height=\"32\">&nbsp;Arbeitsfrequenz (Hz)<\/dt>\n<dd class=\"value\">50\/60Hz<\/dd>\n<dt class=\"name\"><img loading=\"lazy\" decoding=\"async\" src=\"https:\/\/www.factorled.com\/modules\/oa_features\/img\/22-default.jpg\" width=\"32\" height=\"32\">&nbsp;Temperaturbereich (\u00baC)<\/dt>\n<dd class=\"value\">-20\u00b0C ~ +55\u00b0C<\/dd>\n<dt class=\"name\"><img loading=\"lazy\" decoding=\"async\" src=\"https:\/\/www.factorled.com\/modules\/oa_features\/img\/23-default.jpg\" width=\"32\" height=\"32\">&nbsp;Z\u00fcndungszyklen<\/dt>\n<dd class=\"value\">100.000<\/dd>\n<dt class=\"name\"><img loading=\"lazy\" decoding=\"async\" src=\"https:\/\/www.factorled.com\/modules\/oa_features\/img\/24-default.jpg\" width=\"32\" height=\"32\">&nbsp;Anlaufzeit (S)<\/dt>\n<dd class=\"value\">0,2s<\/dd>\n<dt class=\"name\"><img loading=\"lazy\" decoding=\"async\" src=\"https:\/\/www.factorled.com\/modules\/oa_features\/img\/27-default.jpg\" width=\"32\" height=\"32\">&nbsp;Deckenschnitt (Mm)<\/dt>\n<dd class=\"value\">Min. ?50mm - Max. 180mm<\/dd>\n<dt class=\"name\"><img loading=\"lazy\" decoding=\"async\" src=\"https:\/\/www.factorled.com\/modules\/oa_features\/img\/7-default.jpg\" width=\"32\" height=\"32\">&nbsp;Energieklasse (2021-EU-2019\/2015)<\/dt>\n<dd class=\"value\">A+<\/dd>\n<dt class=\"name\"><img loading=\"lazy\" decoding=\"async\" src=\"https:\/\/www.factorled.com\/modules\/oa_features\/img\/75-default.jpg\" width=\"32\" height=\"32\">&nbsp;Garantie Jahre<\/dt>\n<dd class=\"value\">3<\/dd>\n<\/dl><\/h1>","protected":false},"excerpt":{"rendered":"<div class=\"product-reference\"><label class=\"label\">Referenz:<\/label> SLLPN18W-CCT-91262\n<div><\/div>\n<div class=\"product-description-short\">\n<div id=\"product-description-short-3035\">\n<p dir=\"ltr\">Haben Sie Probleme, weil das Loch zu gro\u00df oder zu klein ist, um Ihr Downlight oder Ihre LED-Deckenleuchte zu installieren? Die L\u00f6sung! Mit dem neuen Modell von&nbsp;<strong>MOSS-Leuchte<\/strong>&nbsp;mit&nbsp;<strong>18W<\/strong>&nbsp;Macht,<strong>&nbsp; ANPASSBAR<\/strong>&nbsp;unter<strong>&nbsp;SCHNITTDURCHMESSER<\/strong>&nbsp;(Bohrungsdurchmesser von 50mm bis 180mm) und<strong>&nbsp;w\u00e4hlbare Farbe<\/strong>Der Einbau ist problemlos m\u00f6glich, da er sich dank des Schiebesystems der Befestigung an den Durchmesser des Lochs anpasst.<strong>&nbsp;GENIESSEN SIE IHR DOWNLIGHT + DECKENLEUCHTE + CCT + EINSTELLBAR!&nbsp;<\/strong>6 PRODUKTOPTIONEN IN NUR 1!<\/p>\n<p dir=\"ltr\">Gefertigt mit SMD2835-Hochleistungsdioden der Marke&nbsp;<strong>Lumileds<\/strong>Dies gew\u00e4hrleistet eine bessere Leistung und Zuverl\u00e4ssigkeit dieses&nbsp;<strong>Deckenleuchte.<\/strong><\/p>\n<p dir=\"ltr\"><i class=\"fa fa-truck\"><\/i>&nbsp;<span class=\"text-muted textprop\">Lieferung innerhalb von 24\/48 Stunden<\/span><\/p>\n<\/div>\n<\/div><\/div>","protected":false},"featured_media":13028,"template":"","meta":{"site-sidebar-layout":"default","site-content-layout":"default","ast-global-header-display":"","ast-main-header-display":"","ast-hfb-above-header-display":"","ast-hfb-below-header-display":"","ast-hfb-mobile-header-display":"","site-post-title":"","ast-breadcrumbs-content":"","ast-featured-img":"","footer-sml-layout":"","theme-transparent-header-meta":"default","adv-header-id-meta":"","stick-header-meta":"","header-above-stick-meta":"","header-main-stick-meta":"","header-below-stick-meta":""},"product_cat":[68,27],"product_tag":[],"class_list":["post-13023","product","type-product","status-publish","has-post-thumbnail","hentry","product_cat-downlight-extraplano-slim-led","product_cat-downlight-plafones-y-placas-led"],"yoast_head":"<!-- This site is optimized with the Yoast SEO plugin v27.4 - https:\/\/yoast.com\/product\/yoast-seo-wordpress\/ -->\n<title>Downlight + Plaf\u00f3n LED - Cuadrado- MOSS BLANCO LUMILEDS - 18W AJUSTABLE - CCT Color Seleccionable - STARLED Iluminacion<\/title>\n<meta name=\"robots\" content=\"index, follow, max-snippet:-1, max-image-preview:large, max-video-preview:-1\" \/>\n<link rel=\"canonical\" href=\"https:\/\/starlediluminacion.com\/de\/product\/downlight-plafon-led-cuadrado-moss-blanco-lumileds-18w-ajustable-cct-color-seleccionable\/\" \/>\n<meta property=\"og:locale\" content=\"de_DE\" \/>\n<meta property=\"og:type\" content=\"article\" \/>\n<meta property=\"og:title\" content=\"Downlight + Plaf\u00f3n LED - Cuadrado- MOSS BLANCO LUMILEDS - 18W AJUSTABLE - CCT Color Seleccionable - STARLED Iluminacion\" \/>\n<meta property=\"og:description\" content=\"Referencia: SLLPN18W-CCT-91262     \u00bfTienes problemas porque el agujero es muy grande o muy peque\u00f1o para instalar el downlight o\u00a0tu plaf\u00f3n LED? \u00a1La soluci\u00f3n!\u00a0Con el nuevo modelo de\u00a0Luminaria\u00a0MOSS\u00a0con\u00a018W\u00a0de potencia,\u00a0 AJUSTABLE\u00a0en\u00a0DIAMETRO DE CORTE\u00a0(Di\u00e1metro de hueco de 50mm a 180mm) y\u00a0color seleccionable, no tendr\u00e1s ning\u00fan problema en instalarlo, ya que \u00a0se ajusta al di\u00e1metro del agujero gracias al sistema de deslizamiento de la fijaci\u00f3n.\u00a0DISFRUTA YA DE TU\u00a0DOWNLIGHT + PLAF\u00d3N + CCT + AJUSTABLE!.\u00a06 OPCIONES DE PRODUCTO EN\u00a0 SOLO 1! Fabricada con diodos SMD2835 de alta luminosidad de la marca\u00a0Lumileds, lo que garantiza un mayor rendimiento y fiabilidad de esta\u00a0l\u00e1mpara de techo. \u00a0Entrega en 24\/48 horas\" \/>\n<meta property=\"og:url\" content=\"https:\/\/starlediluminacion.com\/de\/product\/downlight-plafon-led-cuadrado-moss-blanco-lumileds-18w-ajustable-cct-color-seleccionable\/\" \/>\n<meta property=\"og:site_name\" content=\"STARLED Iluminacion\" \/>\n<meta property=\"article:modified_time\" content=\"2024-05-05T10:46:50+00:00\" \/>\n<meta property=\"og:image\" content=\"https:\/\/starlediluminacion.com\/wp-content\/uploads\/2024\/05\/downlight-plafon-led-cuadrado-moss-blanco-lumileds-18w-ajustable-cct-color-seleccionable.jpg\" \/>\n\t<meta property=\"og:image:width\" content=\"744\" \/>\n\t<meta property=\"og:image:height\" content=\"800\" \/>\n\t<meta property=\"og:image:type\" content=\"image\/jpeg\" \/>\n<meta name=\"twitter:card\" content=\"summary_large_image\" \/>\n<meta name=\"twitter:label1\" content=\"Gesch\u00e4tzte Lesezeit\" \/>\n\t<meta name=\"twitter:data1\" content=\"4\u00a0Minuten\" \/>\n<script type=\"application\/ld+json\" class=\"yoast-schema-graph\">{\"@context\":\"https:\\\/\\\/schema.org\",\"@graph\":[{\"@type\":\"WebPage\",\"@id\":\"https:\\\/\\\/starlediluminacion.com\\\/producto\\\/downlight-plafon-led-cuadrado-moss-blanco-lumileds-18w-ajustable-cct-color-seleccionable\\\/\",\"url\":\"https:\\\/\\\/starlediluminacion.com\\\/producto\\\/downlight-plafon-led-cuadrado-moss-blanco-lumileds-18w-ajustable-cct-color-seleccionable\\\/\",\"name\":\"Downlight + Plaf\u00f3n LED - Cuadrado- MOSS BLANCO LUMILEDS - 18W AJUSTABLE - CCT Color Seleccionable - STARLED Iluminacion\",\"isPartOf\":{\"@id\":\"https:\\\/\\\/starlediluminacion.com\\\/#website\"},\"primaryImageOfPage\":{\"@id\":\"https:\\\/\\\/starlediluminacion.com\\\/producto\\\/downlight-plafon-led-cuadrado-moss-blanco-lumileds-18w-ajustable-cct-color-seleccionable\\\/#primaryimage\"},\"image\":{\"@id\":\"https:\\\/\\\/starlediluminacion.com\\\/producto\\\/downlight-plafon-led-cuadrado-moss-blanco-lumileds-18w-ajustable-cct-color-seleccionable\\\/#primaryimage\"},\"thumbnailUrl\":\"https:\\\/\\\/starlediluminacion.com\\\/wp-content\\\/uploads\\\/2024\\\/05\\\/downlight-plafon-led-cuadrado-moss-blanco-lumileds-18w-ajustable-cct-color-seleccionable.jpg\",\"datePublished\":\"2024-05-05T10:44:06+00:00\",\"dateModified\":\"2024-05-05T10:46:50+00:00\",\"breadcrumb\":{\"@id\":\"https:\\\/\\\/starlediluminacion.com\\\/producto\\\/downlight-plafon-led-cuadrado-moss-blanco-lumileds-18w-ajustable-cct-color-seleccionable\\\/#breadcrumb\"},\"inLanguage\":\"de\",\"potentialAction\":[{\"@type\":\"ReadAction\",\"target\":[\"https:\\\/\\\/starlediluminacion.com\\\/producto\\\/downlight-plafon-led-cuadrado-moss-blanco-lumileds-18w-ajustable-cct-color-seleccionable\\\/\"]}]},{\"@type\":\"ImageObject\",\"inLanguage\":\"de\",\"@id\":\"https:\\\/\\\/starlediluminacion.com\\\/producto\\\/downlight-plafon-led-cuadrado-moss-blanco-lumileds-18w-ajustable-cct-color-seleccionable\\\/#primaryimage\",\"url\":\"https:\\\/\\\/starlediluminacion.com\\\/wp-content\\\/uploads\\\/2024\\\/05\\\/downlight-plafon-led-cuadrado-moss-blanco-lumileds-18w-ajustable-cct-color-seleccionable.jpg\",\"contentUrl\":\"https:\\\/\\\/starlediluminacion.com\\\/wp-content\\\/uploads\\\/2024\\\/05\\\/downlight-plafon-led-cuadrado-moss-blanco-lumileds-18w-ajustable-cct-color-seleccionable.jpg\",\"width\":744,\"height\":800},{\"@type\":\"BreadcrumbList\",\"@id\":\"https:\\\/\\\/starlediluminacion.com\\\/producto\\\/downlight-plafon-led-cuadrado-moss-blanco-lumileds-18w-ajustable-cct-color-seleccionable\\\/#breadcrumb\",\"itemListElement\":[{\"@type\":\"ListItem\",\"position\":1,\"name\":\"Portada\",\"item\":\"https:\\\/\\\/starlediluminacion.com\\\/\"},{\"@type\":\"ListItem\",\"position\":2,\"name\":\"Shop\",\"item\":\"https:\\\/\\\/starlediluminacion.com\\\/shop-2\\\/\"},{\"@type\":\"ListItem\",\"position\":3,\"name\":\"Downlight + Plaf\u00f3n LED &#8211; Cuadrado- MOSS BLANCO LUMILEDS &#8211; 18W AJUSTABLE &#8211; CCT Color Seleccionable\"}]},{\"@type\":\"WebSite\",\"@id\":\"https:\\\/\\\/starlediluminacion.com\\\/#website\",\"url\":\"https:\\\/\\\/starlediluminacion.com\\\/\",\"name\":\"STARLED Iluminacion\",\"description\":\"\",\"potentialAction\":[{\"@type\":\"SearchAction\",\"target\":{\"@type\":\"EntryPoint\",\"urlTemplate\":\"https:\\\/\\\/starlediluminacion.com\\\/?s={search_term_string}\"},\"query-input\":{\"@type\":\"PropertyValueSpecification\",\"valueRequired\":true,\"valueName\":\"search_term_string\"}}],\"inLanguage\":\"de\"}]}<\/script>\n<!-- \/ Yoast SEO plugin. -->","yoast_head_json":{"title":"Downlight + Plaf\u00f3n LED - Cuadrado- MOSS BLANCO LUMILEDS - 18W AJUSTABLE - CCT Color Seleccionable - STARLED Iluminacion","robots":{"index":"index","follow":"follow","max-snippet":"max-snippet:-1","max-image-preview":"max-image-preview:large","max-video-preview":"max-video-preview:-1"},"canonical":"https:\/\/starlediluminacion.com\/de\/product\/downlight-plafon-led-cuadrado-moss-blanco-lumileds-18w-ajustable-cct-color-seleccionable\/","og_locale":"de_DE","og_type":"article","og_title":"Downlight + Plaf\u00f3n LED - Cuadrado- MOSS BLANCO LUMILEDS - 18W AJUSTABLE - CCT Color Seleccionable - STARLED Iluminacion","og_description":"Referencia: SLLPN18W-CCT-91262     \u00bfTienes problemas porque el agujero es muy grande o muy peque\u00f1o para instalar el downlight o\u00a0tu plaf\u00f3n LED? \u00a1La soluci\u00f3n!\u00a0Con el nuevo modelo de\u00a0Luminaria\u00a0MOSS\u00a0con\u00a018W\u00a0de potencia,\u00a0 AJUSTABLE\u00a0en\u00a0DIAMETRO DE CORTE\u00a0(Di\u00e1metro de hueco de 50mm a 180mm) y\u00a0color seleccionable, no tendr\u00e1s ning\u00fan problema en instalarlo, ya que \u00a0se ajusta al di\u00e1metro del agujero gracias al sistema de deslizamiento de la fijaci\u00f3n.\u00a0DISFRUTA YA DE TU\u00a0DOWNLIGHT + PLAF\u00d3N + CCT + AJUSTABLE!.\u00a06 OPCIONES DE PRODUCTO EN\u00a0 SOLO 1! Fabricada con diodos SMD2835 de alta luminosidad de la marca\u00a0Lumileds, lo que garantiza un mayor rendimiento y fiabilidad de esta\u00a0l\u00e1mpara de techo. \u00a0Entrega en 24\/48 horas","og_url":"https:\/\/starlediluminacion.com\/de\/product\/downlight-plafon-led-cuadrado-moss-blanco-lumileds-18w-ajustable-cct-color-seleccionable\/","og_site_name":"STARLED Iluminacion","article_modified_time":"2024-05-05T10:46:50+00:00","og_image":[{"width":744,"height":800,"url":"https:\/\/starlediluminacion.com\/wp-content\/uploads\/2024\/05\/downlight-plafon-led-cuadrado-moss-blanco-lumileds-18w-ajustable-cct-color-seleccionable.jpg","type":"image\/jpeg"}],"twitter_card":"summary_large_image","twitter_misc":{"Gesch\u00e4tzte Lesezeit":"4\u00a0Minuten"},"schema":{"@context":"https:\/\/schema.org","@graph":[{"@type":"WebPage","@id":"https:\/\/starlediluminacion.com\/producto\/downlight-plafon-led-cuadrado-moss-blanco-lumileds-18w-ajustable-cct-color-seleccionable\/","url":"https:\/\/starlediluminacion.com\/producto\/downlight-plafon-led-cuadrado-moss-blanco-lumileds-18w-ajustable-cct-color-seleccionable\/","name":"Downlight + Plaf\u00f3n LED - Cuadrado- MOSS BLANCO LUMILEDS - 18W AJUSTABLE - CCT Color Seleccionable - STARLED Iluminacion","isPartOf":{"@id":"https:\/\/starlediluminacion.com\/#website"},"primaryImageOfPage":{"@id":"https:\/\/starlediluminacion.com\/producto\/downlight-plafon-led-cuadrado-moss-blanco-lumileds-18w-ajustable-cct-color-seleccionable\/#primaryimage"},"image":{"@id":"https:\/\/starlediluminacion.com\/producto\/downlight-plafon-led-cuadrado-moss-blanco-lumileds-18w-ajustable-cct-color-seleccionable\/#primaryimage"},"thumbnailUrl":"https:\/\/starlediluminacion.com\/wp-content\/uploads\/2024\/05\/downlight-plafon-led-cuadrado-moss-blanco-lumileds-18w-ajustable-cct-color-seleccionable.jpg","datePublished":"2024-05-05T10:44:06+00:00","dateModified":"2024-05-05T10:46:50+00:00","breadcrumb":{"@id":"https:\/\/starlediluminacion.com\/producto\/downlight-plafon-led-cuadrado-moss-blanco-lumileds-18w-ajustable-cct-color-seleccionable\/#breadcrumb"},"inLanguage":"de","potentialAction":[{"@type":"ReadAction","target":["https:\/\/starlediluminacion.com\/producto\/downlight-plafon-led-cuadrado-moss-blanco-lumileds-18w-ajustable-cct-color-seleccionable\/"]}]},{"@type":"ImageObject","inLanguage":"de","@id":"https:\/\/starlediluminacion.com\/producto\/downlight-plafon-led-cuadrado-moss-blanco-lumileds-18w-ajustable-cct-color-seleccionable\/#primaryimage","url":"https:\/\/starlediluminacion.com\/wp-content\/uploads\/2024\/05\/downlight-plafon-led-cuadrado-moss-blanco-lumileds-18w-ajustable-cct-color-seleccionable.jpg","contentUrl":"https:\/\/starlediluminacion.com\/wp-content\/uploads\/2024\/05\/downlight-plafon-led-cuadrado-moss-blanco-lumileds-18w-ajustable-cct-color-seleccionable.jpg","width":744,"height":800},{"@type":"BreadcrumbList","@id":"https:\/\/starlediluminacion.com\/producto\/downlight-plafon-led-cuadrado-moss-blanco-lumileds-18w-ajustable-cct-color-seleccionable\/#breadcrumb","itemListElement":[{"@type":"ListItem","position":1,"name":"Portada","item":"https:\/\/starlediluminacion.com\/"},{"@type":"ListItem","position":2,"name":"Shop","item":"https:\/\/starlediluminacion.com\/shop-2\/"},{"@type":"ListItem","position":3,"name":"Downlight + Plaf\u00f3n LED &#8211; Cuadrado- MOSS BLANCO LUMILEDS &#8211; 18W AJUSTABLE &#8211; CCT Color Seleccionable"}]},{"@type":"WebSite","@id":"https:\/\/starlediluminacion.com\/#website","url":"https:\/\/starlediluminacion.com\/","name":"STARLED Iluminacion","description":"","potentialAction":[{"@type":"SearchAction","target":{"@type":"EntryPoint","urlTemplate":"https:\/\/starlediluminacion.com\/?s={search_term_string}"},"query-input":{"@type":"PropertyValueSpecification","valueRequired":true,"valueName":"search_term_string"}}],"inLanguage":"de"}]}},"_links":{"self":[{"href":"https:\/\/starlediluminacion.com\/de\/wp-json\/wp\/v3\/product\/13023","targetHints":{"allow":["GET"]}}],"collection":[{"href":"https:\/\/starlediluminacion.com\/de\/wp-json\/wp\/v3\/product"}],"about":[{"href":"https:\/\/starlediluminacion.com\/de\/wp-json\/wp\/v2\/types\/product"}],"wp:featuredmedia":[{"embeddable":true,"href":"https:\/\/starlediluminacion.com\/de\/wp-json\/wp\/v2\/media\/13028"}],"wp:attachment":[{"href":"https:\/\/starlediluminacion.com\/de\/wp-json\/wp\/v2\/media?parent=13023"}],"wp:term":[{"taxonomy":"product_cat","embeddable":true,"href":"https:\/\/starlediluminacion.com\/de\/wp-json\/wp\/v2\/product_cat?post=13023"},{"taxonomy":"product_tag","embeddable":true,"href":"https:\/\/starlediluminacion.com\/de\/wp-json\/wp\/v2\/product_tag?post=13023"}],"curies":[{"name":"wp","href":"https:\/\/api.w.org\/{rel}","templated":true}]}}