{"id":12894,"date":"2024-05-05T09:51:09","date_gmt":"2024-05-05T09:51:09","guid":{"rendered":"https:\/\/starlediluminacion.com\/?post_type=product&#038;p=12894"},"modified":"2024-05-05T09:54:26","modified_gmt":"2024-05-05T09:54:26","slug":"empotrable-led-7w-circular-negro-orientable-ugr19-cct-color-seleccionable","status":"publish","type":"product","link":"https:\/\/starlediluminacion.com\/de\/product\/einbau-led-7w-kreisformig-schwarz-schwarz-ausrichtbar-ugr19-cct-farbig-wahlbar\/","title":{"rendered":"<p>LED-Einbauleuchte 7W Circular Schwarz - einstellbar - UGR19 - CCT w\u00e4hlbare Farbe<\/p>"},"content":{"rendered":"<h1>LED-Einbauleuchte 7W kreisf\u00f6rmig schwarz - einstellbar - UGR19 - CCT<p>Stellen Sie sich die Perfektion der Beleuchtung vor: die&nbsp;<strong>LED-Einbauleuchte 7W kreisf\u00f6rmig Schwarz<\/strong>&nbsp;ist viel mehr als nur eine Leuchte, sie ist ein Meisterwerk der Beleuchtungstechnik. Wenn Sie sie einmal entdeckt haben, werden Sie nie wieder zu konventioneller Beleuchtung zur\u00fcckkehren wollen.<\/p><p>&nbsp;<\/p><p>Geringe Blendung: Niedrige UGR.<\/p><p>Eine Leuchte mit&nbsp;<strong>UGR<\/strong>&nbsp;(Unified Glare Rating) von&nbsp;<strong>19<\/strong>&nbsp;oder niedriger bietet eine Reihe von Vorteilen in Umgebungen, in denen eine angemessene Beleuchtung und ein gutes Licht erforderlich sind.&nbsp;<strong>Blendreduzierung<\/strong>. Der UGR ist ein Parameter, der die visuelle Beeintr\u00e4chtigung durch Blendung in einer Beleuchtungsumgebung bewertet.<\/p><p>Das bedeutet, dass die Beleuchtung weicher und weniger st\u00f6rend f\u00fcr Personen ist, die in dem beleuchteten Raum arbeiten, lernen oder stehen. Eine Umgebung mit weniger Blendung verbessert den Sehkomfort und verringert die Erm\u00fcdung der Augen. Das bedeutet, dass die Beleuchtung weicher und weniger aufdringlich f\u00fcr Personen ist, die in dem beleuchteten Raum arbeiten, lernen oder stehen. Eine blendungsarme Umgebung verbessert den Sehkomfort und verringert die Erm\u00fcdung der Augen. Durch die Verringerung der Blendung kann eine effizientere Beleuchtung erreicht werden, da weniger Allgemein- oder Akzentbeleuchtung eingesetzt werden muss, um das gleiche Ma\u00df an Sichtbarkeit zu erreichen. Dies kann zu einer Verringerung des Energieverbrauchs und damit zu Einsparungen bei den Energiekosten beitragen.<\/p><p>Eine niedrige UGR-Beleuchtung schafft eine angenehmere und einladende Umgebung, die sich positiv auf das Wohlbefinden und die Produktivit\u00e4t der Menschen in diesem Raum auswirken kann. Eine komfortablere und attraktivere Umgebung kann die Zufriedenheit der Nutzer erh\u00f6hen.<\/p><p>&nbsp;<\/p><p>Adaptive Helligkeit:<\/p><p>Eine der erstaunlichsten Eigenschaften dieses LED-Downlights ist die M\u00f6glichkeit, die Lichtfarbe nach Belieben zu ver\u00e4ndern. Dank des innovativen Schalters auf der R\u00fcckseite der Leuchte k\u00f6nnen Sie w\u00e4hlen zwischen<strong>&nbsp;drei Farboptionen: warmwei\u00df, neutral oder kaltwei\u00df<\/strong>Sie m\u00f6chten eine gem\u00fctliche Atmosph\u00e4re in Ihrem Wohnzimmer schaffen? Sie brauchen ein helles, konzentriertes Licht in Ihrem Arbeitsbereich? Oder vielleicht etwas dazwischen f\u00fcr einen vielseitigen Raum? Neutralwei\u00df ist die perfekte Wahl - Sie haben die volle Kontrolle!<\/p><p>Hervorragende Energie-Effizienz:<\/p><p>Mit einem&nbsp;<strong>Macht<\/strong>&nbsp;von nur&nbsp;<strong>7W<\/strong>diese&nbsp;<strong>versenkte LED<\/strong>&nbsp;ist ein energieeffizientes Kraftpaket. Trotz seines geringen Energieverbrauchs bietet er eine helle, klare Beleuchtung mit einer&nbsp;<strong>60 Grad Lichtwinkel<\/strong>. Verabschieden Sie sich von hohen Stromkosten und begr\u00fc\u00dfen Sie eine umweltfreundlichere Energierechnung.<\/p><p>Einstellbar:<\/p><p>Unser LED-Downlight ist nicht einfach ein weiteres auf dem Markt. Sein Design<strong>&nbsp;adressierbar<\/strong>&nbsp;erm\u00f6glicht es Ihnen, das Licht genau dorthin zu lenken, wo Sie es brauchen,&nbsp;<strong>360\u00ba-Drehung<\/strong>&nbsp;und hat eine&nbsp;<strong>24\u00ba Drehung<\/strong>&nbsp;um es an die Bed\u00fcrfnisse des jeweiligen Raums anzupassen. Nie wieder unangenehme Schatten oder schlecht beleuchtete Bereiche - schaffen Sie die perfekte Atmosph\u00e4re, indem Sie einfach die Lichtrichtung einstellen!<\/p><p>Unerreichte Langlebigkeit:<\/p><p>Dieses LED-Downlight aus Polycarbonat (PC) ist robust und langlebig. Seine hochwertige Konstruktion gew\u00e4hrleistet, dass es jahrelang h\u00e4lt, ohne seinen Glanz zu verlieren. Machen Sie sich keine Sorgen mehr \u00fcber den h\u00e4ufigen Austausch von Gl\u00fchbirnen oder Leuchten.<\/p><p>Einfache Installation:<\/p><p>Die Installation dieses LED-Downlights ist ein Kinderspiel. Es wird mit allen notwendigen Anleitungen und Teilen geliefert, sodass Sie es in wenigen Minuten in Betrieb nehmen k\u00f6nnen, ohne einen Elektriker beauftragen zu m\u00fcssen.<\/p><p>&nbsp;<\/p><h2>Verwendungszwecke der LED-Einbauleuchte 7W Circular Schwarz - einstellbar - UGR19 - CCT<\/h2><p>Die&nbsp;<strong>LED-Einbauleuchte 7W kreisf\u00f6rmig Schwarz<\/strong>&nbsp;ist ebenso vielseitig wie leistungsstark. Sie k\u00f6nnen es in einer Vielzahl von Umgebungen einsetzen:<\/p><ul>\n<li>In Ihrem Zuhause: Versch\u00f6nern Sie Ihr Wohnzimmer, Ihre K\u00fcche, Ihr Schlafzimmer oder jeden anderen Raum mit dieser stilvollen und funktionalen Leuchte. Stellen Sie die Farbe des Lichts ein, um jederzeit die perfekte Atmosph\u00e4re zu schaffen.<\/li>\n<li>In Ihrem B\u00fcro: Steigern Sie Ihre Produktivit\u00e4t und schaffen Sie eine optimale Arbeitsumgebung mit hellem, wei\u00dfem Licht auf Ihrem Schreibtisch oder Arbeitsbereich.<\/li>\n<li>In Gesch\u00e4ften und L\u00e4den: Heben Sie Ihre Produkte hervor und ziehen Sie Kunden mit einer klaren und attraktiven Beleuchtung an.<\/li>\n<li>In Restaurants und Bars: Schaffen Sie je nach Anlass eine gem\u00fctliche oder lebendige Atmosph\u00e4re mit einem einzigen LED-Downlight.<\/li>\n<li>In gewerblichen R\u00e4umen: Ob in einem Ausstellungsraum, einer Kunstgalerie oder anderswo, diese Leuchte verleiht Ihren R\u00e4umen eine besondere Note.<\/li>\n<\/ul><p>Kurz gesagt, die&nbsp;<strong>Eingelassene LED 7W<\/strong>&nbsp;<strong>Kreisf\u00f6rmig Schwarz<\/strong>&nbsp;mit&nbsp;<strong>CCT<\/strong>&nbsp;ist der perfekte Lichtbegleiter, der Ihnen Kontrolle, Effizienz und Langlebigkeit bietet. Verleihen Sie Ihrer Umgebung einen Hauch von Stil und erleben Sie die Beleuchtung der n\u00e4chsten Generation - warten Sie nicht l\u00e4nger und machen Sie dieses Wunderwerk der Beleuchtungstechnologie zu Ihrem! Verwandeln Sie Ihre R\u00e4ume und schaffen Sie das perfekte Ambiente mit nur einem Klick.<\/p><h3 class=\"h6\">Produktdatenblatt<\/h3><dl class=\"data-sheet\">\n<dt class=\"name\"><img loading=\"lazy\" decoding=\"async\" src=\"https:\/\/www.factorled.com\/modules\/oa_features\/img\/2-default.jpg\" width=\"32\" height=\"32\">&nbsp;REFERENZ<\/dt>\n<dd class=\"value\">LSPL7W-CCT-91270<\/dd>\n<dt class=\"name\"><img loading=\"lazy\" decoding=\"async\" src=\"https:\/\/www.factorled.com\/modules\/oa_features\/img\/3-default.jpg\" width=\"32\" height=\"32\">&nbsp;Nennleistung<\/dt>\n<dd class=\"value\">7W<\/dd>\n<dt class=\"name\"><img loading=\"lazy\" decoding=\"async\" src=\"https:\/\/www.factorled.com\/modules\/oa_features\/img\/4-default.jpg\" width=\"32\" height=\"32\">&nbsp;Nennspannung<\/dt>\n<dd class=\"value\">220-240V<\/dd>\n<dt class=\"name\"><img loading=\"lazy\" decoding=\"async\" src=\"https:\/\/www.factorled.com\/modules\/oa_features\/img\/5-default.jpg\" width=\"32\" height=\"32\">&nbsp;Licht Temperatur<\/dt>\n<dd class=\"value\">3000K - 4200K - 6500K<\/dd>\n<dt class=\"name\"><img loading=\"lazy\" decoding=\"async\" src=\"https:\/\/www.factorled.com\/modules\/oa_features\/img\/6-default.jpg\" width=\"32\" height=\"32\">&nbsp;CRI - Farbwiedergabe-Index<\/dt>\n<dd class=\"value\">80<\/dd>\n<dt class=\"name\"><img loading=\"lazy\" decoding=\"async\" src=\"https:\/\/www.factorled.com\/modules\/oa_features\/img\/25-default.jpg\" width=\"32\" height=\"32\">&nbsp;Baumaterial<\/dt>\n<dd class=\"value\">Thermoplastischer Kunststoff<\/dd>\n<dt class=\"name\"><img loading=\"lazy\" decoding=\"async\" src=\"https:\/\/www.factorled.com\/modules\/oa_features\/img\/8-default.jpg\" width=\"32\" height=\"32\">&nbsp;Leuchtkraft-Lm<\/dt>\n<dd class=\"value\">700<\/dd>\n<dt class=\"name\"><img loading=\"lazy\" decoding=\"async\" src=\"https:\/\/www.factorled.com\/modules\/oa_features\/img\/9-default.jpg\" width=\"32\" height=\"32\">&nbsp;LED-Typ<\/dt>\n<dd class=\"value\">SMD 4014<\/dd>\n<dt class=\"name\"><img loading=\"lazy\" decoding=\"async\" src=\"https:\/\/www.factorled.com\/modules\/oa_features\/img\/10-default.jpg\" width=\"32\" height=\"32\">&nbsp;\u00d6ffnungswinkel (\u00ba)<\/dt>\n<dd class=\"value\">60\u00ba<\/dd>\n<dt class=\"name\"><img loading=\"lazy\" decoding=\"async\" src=\"https:\/\/www.factorled.com\/modules\/oa_features\/img\/11-default.jpg\" width=\"32\" height=\"32\">&nbsp;Abblendbar<\/dt>\n<dd class=\"value\">Nein<\/dd>\n<dt class=\"name\"><img loading=\"lazy\" decoding=\"async\" src=\"https:\/\/www.factorled.com\/modules\/oa_features\/img\/11-default.jpg\" width=\"32\" height=\"32\">&nbsp;Abblendbar<\/dt>\n<dd class=\"value\">Nein<\/dd>\n<dt class=\"name\"><img loading=\"lazy\" decoding=\"async\" src=\"https:\/\/www.factorled.com\/modules\/oa_features\/img\/15-default.jpg\" width=\"32\" height=\"32\">&nbsp;Bescheinigungen<\/dt>\n<dd class=\"value\">CE - ROHS<\/dd>\n<dt class=\"name\"><img loading=\"lazy\" decoding=\"async\" src=\"https:\/\/www.factorled.com\/modules\/oa_features\/img\/16-default.jpg\" width=\"32\" height=\"32\">&nbsp;IP-Bewertung<\/dt>\n<dd class=\"value\">IP40<\/dd>\n<dt class=\"name\"><img loading=\"lazy\" decoding=\"async\" src=\"https:\/\/www.factorled.com\/modules\/oa_features\/img\/17-default.jpg\" width=\"32\" height=\"32\">&nbsp;Gesch\u00e4tzte Lebensdauer LED-Diode (H)<\/dt>\n<dd class=\"value\">25000<\/dd>\n<dt class=\"name\"><img loading=\"lazy\" decoding=\"async\" src=\"https:\/\/www.factorled.com\/modules\/oa_features\/img\/18-default.jpg\" width=\"32\" height=\"32\">&nbsp;Messungen (Mm)<\/dt>\n<dd class=\"value\">\u00d890xH44.5mm<\/dd>\n<dt class=\"name\"><img loading=\"lazy\" decoding=\"async\" src=\"https:\/\/www.factorled.com\/modules\/oa_features\/img\/21-default.jpg\" width=\"32\" height=\"32\">&nbsp;Arbeitsfrequenz (Hz)<\/dt>\n<dd class=\"value\">50\/60Hz<\/dd>\n<dt class=\"name\"><img loading=\"lazy\" decoding=\"async\" src=\"https:\/\/www.factorled.com\/modules\/oa_features\/img\/22-default.jpg\" width=\"32\" height=\"32\">&nbsp;Temperaturbereich (\u00baC)<\/dt>\n<dd class=\"value\">-25\u00baC ~ +45\u00baC<\/dd>\n<dt class=\"name\"><img loading=\"lazy\" decoding=\"async\" src=\"https:\/\/www.factorled.com\/modules\/oa_features\/img\/23-default.jpg\" width=\"32\" height=\"32\">&nbsp;Z\u00fcndungszyklen<\/dt>\n<dd class=\"value\">100.000<\/dd>\n<dt class=\"name\"><img loading=\"lazy\" decoding=\"async\" src=\"https:\/\/www.factorled.com\/modules\/oa_features\/img\/24-default.jpg\" width=\"32\" height=\"32\">&nbsp;Anlaufzeit (S)<\/dt>\n<dd class=\"value\">0,2s<\/dd>\n<dt class=\"name\"><img loading=\"lazy\" decoding=\"async\" src=\"https:\/\/www.factorled.com\/modules\/oa_features\/img\/27-default.jpg\" width=\"32\" height=\"32\">&nbsp;Deckenschnitt (Mm)<\/dt>\n<dd class=\"value\">\u00d8 70 mm<\/dd>\n<dt class=\"name\"><img loading=\"lazy\" decoding=\"async\" src=\"https:\/\/www.factorled.com\/modules\/oa_features\/img\/72-default.jpg\" width=\"32\" height=\"32\">&nbsp;Blendungsindex (UGR)<\/dt>\n<dd class=\"value\">19<\/dd>\n<dt class=\"name\"><img loading=\"lazy\" decoding=\"async\" src=\"https:\/\/www.factorled.com\/modules\/oa_features\/img\/74-default.jpg\" width=\"32\" height=\"32\">&nbsp;Inklusive Treiber<\/dt>\n<dd class=\"value\">YES<\/dd>\n<dt class=\"name\"><img loading=\"lazy\" decoding=\"async\" src=\"https:\/\/www.factorled.com\/modules\/oa_features\/img\/7-default.jpg\" width=\"32\" height=\"32\">&nbsp;Energieklasse (2021-EU-2019\/2015)<\/dt>\n<dd class=\"value\">A+<\/dd>\n<dt class=\"name\"><img loading=\"lazy\" decoding=\"async\" src=\"https:\/\/www.factorled.com\/modules\/oa_features\/img\/101-default.jpg\" width=\"32\" height=\"32\">&nbsp;Energieklasse (2023 - EU-2019\/2015)<\/dt>\n<dd class=\"value\">G<\/dd>\n<dt class=\"name\"><img loading=\"lazy\" decoding=\"async\" src=\"https:\/\/www.factorled.com\/modules\/oa_features\/img\/75-default.jpg\" width=\"32\" height=\"32\">&nbsp;Garantie Jahre<\/dt>\n<dd class=\"value\">3<\/dd>\n<\/dl><\/h1>","protected":false},"excerpt":{"rendered":"<div class=\"product-reference\"><label class=\"label\">Referenz:<\/label> SLLSPL7W-CCT-91270\n<div><\/div>\n<div class=\"product-description-short\">\n<div id=\"product-description-short-3020\">\n<p><strong>Schwarzer Einbaustrahler - UGR19 - LED Circular<\/strong>&nbsp;<strong>orientierbar&nbsp;<\/strong>mit&nbsp;<strong>7W&nbsp;<\/strong>Leistung. Mit einem \u00d6ffnungswinkel von<strong>&nbsp;60\u00ba<\/strong>Die Beleuchtung ist direkter, um das Licht auf bestimmte Punkte zu konzentrieren. Sie zeichnet sich dadurch aus, dass sie<strong>&nbsp;um 360\u00ba drehen und um 24\u00ba drehen.<\/strong>&nbsp;jeden interessanten Raum zu beleuchten.<\/p>\n<p>Technologie&nbsp;<strong>CCT<\/strong>die&nbsp;<strong>Licht<\/strong>&nbsp;Wei\u00df kann ausgew\u00e4hlt werden in&nbsp;<strong>3000K, 4000K und 6000K<\/strong>. Einfache Montage und Installation.<\/p>\n<p><i class=\"fa fa-truck\"><\/i>&nbsp;<span class=\"text-muted textprop\">Lieferung innerhalb von 24\/48 Stunden<\/span><\/p>\n<\/div>\n<\/div><\/div>","protected":false},"featured_media":12899,"template":"","meta":{"site-sidebar-layout":"default","site-content-layout":"default","ast-global-header-display":"","ast-main-header-display":"","ast-hfb-above-header-display":"","ast-hfb-below-header-display":"","ast-hfb-mobile-header-display":"","site-post-title":"","ast-breadcrumbs-content":"","ast-featured-img":"","footer-sml-layout":"","theme-transparent-header-meta":"default","adv-header-id-meta":"","stick-header-meta":"","header-above-stick-meta":"","header-main-stick-meta":"","header-below-stick-meta":""},"product_cat":[27,70],"product_tag":[],"class_list":["post-12894","product","type-product","status-publish","has-post-thumbnail","hentry","product_cat-downlight-plafones-y-placas-led","product_cat-focos-downlight-led"],"yoast_head":"<!-- This site is optimized with the Yoast SEO plugin v27.4 - https:\/\/yoast.com\/product\/yoast-seo-wordpress\/ -->\n<title>Empotrable LED 7W Circular Negro - Orientable - UGR19 - CCT Color Seleccionable - STARLED Iluminacion<\/title>\n<meta name=\"robots\" content=\"index, follow, max-snippet:-1, max-image-preview:large, max-video-preview:-1\" \/>\n<link rel=\"canonical\" href=\"https:\/\/starlediluminacion.com\/de\/product\/einbau-led-7w-kreisformig-schwarz-schwarz-ausrichtbar-ugr19-cct-farbig-wahlbar\/\" \/>\n<meta property=\"og:locale\" content=\"de_DE\" \/>\n<meta property=\"og:type\" content=\"article\" \/>\n<meta property=\"og:title\" content=\"Empotrable LED 7W Circular Negro - Orientable - UGR19 - CCT Color Seleccionable - STARLED Iluminacion\" \/>\n<meta property=\"og:description\" content=\"Referencia: SLLSPL7W-CCT-91270      Foco Negro empotrable\u00a0- UGR19 - LED Circular\u00a0orientable\u00a0con\u00a07W\u00a0de potencia. Con un \u00e1ngulo de apertura de\u00a060\u00ba, por lo que la iluminaci\u00f3n es m\u00e1s directa para centrar la luz un puntos espec\u00edficos. Destaca por que puede\u00a0girar 360\u00ba y rotar 24\u00ba\u00a0consiguiendo dar una iluminaci\u00f3n a cualquier espacio que interese.  Tecnolog\u00eda\u00a0CCT, la\u00a0luz\u00a0blanca se puede seleccionar en\u00a03000K, 4000K y 6000K. F\u00e1cil montaje e instalaci\u00f3n.  \u00a0Entrega en 24\/48 horas\" \/>\n<meta property=\"og:url\" content=\"https:\/\/starlediluminacion.com\/de\/product\/einbau-led-7w-kreisformig-schwarz-schwarz-ausrichtbar-ugr19-cct-farbig-wahlbar\/\" \/>\n<meta property=\"og:site_name\" content=\"STARLED Iluminacion\" \/>\n<meta property=\"article:modified_time\" content=\"2024-05-05T09:54:26+00:00\" \/>\n<meta property=\"og:image\" content=\"https:\/\/starlediluminacion.com\/wp-content\/uploads\/2024\/05\/empotrable-led-7w-circular-negro-orientable-ugr19-cct-color-seleccionable.jpg\" \/>\n\t<meta property=\"og:image:width\" content=\"744\" \/>\n\t<meta property=\"og:image:height\" content=\"800\" \/>\n\t<meta property=\"og:image:type\" content=\"image\/jpeg\" \/>\n<meta name=\"twitter:card\" content=\"summary_large_image\" \/>\n<meta name=\"twitter:label1\" content=\"Gesch\u00e4tzte Lesezeit\" \/>\n\t<meta name=\"twitter:data1\" content=\"5\u00a0Minuten\" \/>\n<script type=\"application\/ld+json\" class=\"yoast-schema-graph\">{\"@context\":\"https:\\\/\\\/schema.org\",\"@graph\":[{\"@type\":\"WebPage\",\"@id\":\"https:\\\/\\\/starlediluminacion.com\\\/producto\\\/empotrable-led-7w-circular-negro-orientable-ugr19-cct-color-seleccionable\\\/\",\"url\":\"https:\\\/\\\/starlediluminacion.com\\\/producto\\\/empotrable-led-7w-circular-negro-orientable-ugr19-cct-color-seleccionable\\\/\",\"name\":\"Empotrable LED 7W Circular Negro - Orientable - UGR19 - CCT Color Seleccionable - STARLED Iluminacion\",\"isPartOf\":{\"@id\":\"https:\\\/\\\/starlediluminacion.com\\\/#website\"},\"primaryImageOfPage\":{\"@id\":\"https:\\\/\\\/starlediluminacion.com\\\/producto\\\/empotrable-led-7w-circular-negro-orientable-ugr19-cct-color-seleccionable\\\/#primaryimage\"},\"image\":{\"@id\":\"https:\\\/\\\/starlediluminacion.com\\\/producto\\\/empotrable-led-7w-circular-negro-orientable-ugr19-cct-color-seleccionable\\\/#primaryimage\"},\"thumbnailUrl\":\"https:\\\/\\\/starlediluminacion.com\\\/wp-content\\\/uploads\\\/2024\\\/05\\\/empotrable-led-7w-circular-negro-orientable-ugr19-cct-color-seleccionable.jpg\",\"datePublished\":\"2024-05-05T09:51:09+00:00\",\"dateModified\":\"2024-05-05T09:54:26+00:00\",\"breadcrumb\":{\"@id\":\"https:\\\/\\\/starlediluminacion.com\\\/producto\\\/empotrable-led-7w-circular-negro-orientable-ugr19-cct-color-seleccionable\\\/#breadcrumb\"},\"inLanguage\":\"de\",\"potentialAction\":[{\"@type\":\"ReadAction\",\"target\":[\"https:\\\/\\\/starlediluminacion.com\\\/producto\\\/empotrable-led-7w-circular-negro-orientable-ugr19-cct-color-seleccionable\\\/\"]}]},{\"@type\":\"ImageObject\",\"inLanguage\":\"de\",\"@id\":\"https:\\\/\\\/starlediluminacion.com\\\/producto\\\/empotrable-led-7w-circular-negro-orientable-ugr19-cct-color-seleccionable\\\/#primaryimage\",\"url\":\"https:\\\/\\\/starlediluminacion.com\\\/wp-content\\\/uploads\\\/2024\\\/05\\\/empotrable-led-7w-circular-negro-orientable-ugr19-cct-color-seleccionable.jpg\",\"contentUrl\":\"https:\\\/\\\/starlediluminacion.com\\\/wp-content\\\/uploads\\\/2024\\\/05\\\/empotrable-led-7w-circular-negro-orientable-ugr19-cct-color-seleccionable.jpg\",\"width\":744,\"height\":800},{\"@type\":\"BreadcrumbList\",\"@id\":\"https:\\\/\\\/starlediluminacion.com\\\/producto\\\/empotrable-led-7w-circular-negro-orientable-ugr19-cct-color-seleccionable\\\/#breadcrumb\",\"itemListElement\":[{\"@type\":\"ListItem\",\"position\":1,\"name\":\"Portada\",\"item\":\"https:\\\/\\\/starlediluminacion.com\\\/\"},{\"@type\":\"ListItem\",\"position\":2,\"name\":\"Shop\",\"item\":\"https:\\\/\\\/starlediluminacion.com\\\/shop-2\\\/\"},{\"@type\":\"ListItem\",\"position\":3,\"name\":\"Empotrable LED 7W Circular Negro &#8211; Orientable &#8211; UGR19 &#8211; CCT Color Seleccionable\"}]},{\"@type\":\"WebSite\",\"@id\":\"https:\\\/\\\/starlediluminacion.com\\\/#website\",\"url\":\"https:\\\/\\\/starlediluminacion.com\\\/\",\"name\":\"STARLED Iluminacion\",\"description\":\"\",\"potentialAction\":[{\"@type\":\"SearchAction\",\"target\":{\"@type\":\"EntryPoint\",\"urlTemplate\":\"https:\\\/\\\/starlediluminacion.com\\\/?s={search_term_string}\"},\"query-input\":{\"@type\":\"PropertyValueSpecification\",\"valueRequired\":true,\"valueName\":\"search_term_string\"}}],\"inLanguage\":\"de\"}]}<\/script>\n<!-- \/ Yoast SEO plugin. -->","yoast_head_json":{"title":"Empotrable LED 7W Circular Negro - Orientable - UGR19 - CCT Color Seleccionable - STARLED Iluminacion","robots":{"index":"index","follow":"follow","max-snippet":"max-snippet:-1","max-image-preview":"max-image-preview:large","max-video-preview":"max-video-preview:-1"},"canonical":"https:\/\/starlediluminacion.com\/de\/product\/einbau-led-7w-kreisformig-schwarz-schwarz-ausrichtbar-ugr19-cct-farbig-wahlbar\/","og_locale":"de_DE","og_type":"article","og_title":"Empotrable LED 7W Circular Negro - Orientable - UGR19 - CCT Color Seleccionable - STARLED Iluminacion","og_description":"Referencia: SLLSPL7W-CCT-91270      Foco Negro empotrable\u00a0- UGR19 - LED Circular\u00a0orientable\u00a0con\u00a07W\u00a0de potencia. Con un \u00e1ngulo de apertura de\u00a060\u00ba, por lo que la iluminaci\u00f3n es m\u00e1s directa para centrar la luz un puntos espec\u00edficos. Destaca por que puede\u00a0girar 360\u00ba y rotar 24\u00ba\u00a0consiguiendo dar una iluminaci\u00f3n a cualquier espacio que interese.  Tecnolog\u00eda\u00a0CCT, la\u00a0luz\u00a0blanca se puede seleccionar en\u00a03000K, 4000K y 6000K. F\u00e1cil montaje e instalaci\u00f3n.  \u00a0Entrega en 24\/48 horas","og_url":"https:\/\/starlediluminacion.com\/de\/product\/einbau-led-7w-kreisformig-schwarz-schwarz-ausrichtbar-ugr19-cct-farbig-wahlbar\/","og_site_name":"STARLED Iluminacion","article_modified_time":"2024-05-05T09:54:26+00:00","og_image":[{"width":744,"height":800,"url":"https:\/\/starlediluminacion.com\/wp-content\/uploads\/2024\/05\/empotrable-led-7w-circular-negro-orientable-ugr19-cct-color-seleccionable.jpg","type":"image\/jpeg"}],"twitter_card":"summary_large_image","twitter_misc":{"Gesch\u00e4tzte Lesezeit":"5\u00a0Minuten"},"schema":{"@context":"https:\/\/schema.org","@graph":[{"@type":"WebPage","@id":"https:\/\/starlediluminacion.com\/producto\/empotrable-led-7w-circular-negro-orientable-ugr19-cct-color-seleccionable\/","url":"https:\/\/starlediluminacion.com\/producto\/empotrable-led-7w-circular-negro-orientable-ugr19-cct-color-seleccionable\/","name":"Empotrable LED 7W Circular Negro - Orientable - UGR19 - CCT Color Seleccionable - STARLED Iluminacion","isPartOf":{"@id":"https:\/\/starlediluminacion.com\/#website"},"primaryImageOfPage":{"@id":"https:\/\/starlediluminacion.com\/producto\/empotrable-led-7w-circular-negro-orientable-ugr19-cct-color-seleccionable\/#primaryimage"},"image":{"@id":"https:\/\/starlediluminacion.com\/producto\/empotrable-led-7w-circular-negro-orientable-ugr19-cct-color-seleccionable\/#primaryimage"},"thumbnailUrl":"https:\/\/starlediluminacion.com\/wp-content\/uploads\/2024\/05\/empotrable-led-7w-circular-negro-orientable-ugr19-cct-color-seleccionable.jpg","datePublished":"2024-05-05T09:51:09+00:00","dateModified":"2024-05-05T09:54:26+00:00","breadcrumb":{"@id":"https:\/\/starlediluminacion.com\/producto\/empotrable-led-7w-circular-negro-orientable-ugr19-cct-color-seleccionable\/#breadcrumb"},"inLanguage":"de","potentialAction":[{"@type":"ReadAction","target":["https:\/\/starlediluminacion.com\/producto\/empotrable-led-7w-circular-negro-orientable-ugr19-cct-color-seleccionable\/"]}]},{"@type":"ImageObject","inLanguage":"de","@id":"https:\/\/starlediluminacion.com\/producto\/empotrable-led-7w-circular-negro-orientable-ugr19-cct-color-seleccionable\/#primaryimage","url":"https:\/\/starlediluminacion.com\/wp-content\/uploads\/2024\/05\/empotrable-led-7w-circular-negro-orientable-ugr19-cct-color-seleccionable.jpg","contentUrl":"https:\/\/starlediluminacion.com\/wp-content\/uploads\/2024\/05\/empotrable-led-7w-circular-negro-orientable-ugr19-cct-color-seleccionable.jpg","width":744,"height":800},{"@type":"BreadcrumbList","@id":"https:\/\/starlediluminacion.com\/producto\/empotrable-led-7w-circular-negro-orientable-ugr19-cct-color-seleccionable\/#breadcrumb","itemListElement":[{"@type":"ListItem","position":1,"name":"Portada","item":"https:\/\/starlediluminacion.com\/"},{"@type":"ListItem","position":2,"name":"Shop","item":"https:\/\/starlediluminacion.com\/shop-2\/"},{"@type":"ListItem","position":3,"name":"Empotrable LED 7W Circular Negro &#8211; Orientable &#8211; UGR19 &#8211; CCT Color Seleccionable"}]},{"@type":"WebSite","@id":"https:\/\/starlediluminacion.com\/#website","url":"https:\/\/starlediluminacion.com\/","name":"STARLED Iluminacion","description":"","potentialAction":[{"@type":"SearchAction","target":{"@type":"EntryPoint","urlTemplate":"https:\/\/starlediluminacion.com\/?s={search_term_string}"},"query-input":{"@type":"PropertyValueSpecification","valueRequired":true,"valueName":"search_term_string"}}],"inLanguage":"de"}]}},"_links":{"self":[{"href":"https:\/\/starlediluminacion.com\/de\/wp-json\/wp\/v3\/product\/12894","targetHints":{"allow":["GET"]}}],"collection":[{"href":"https:\/\/starlediluminacion.com\/de\/wp-json\/wp\/v3\/product"}],"about":[{"href":"https:\/\/starlediluminacion.com\/de\/wp-json\/wp\/v2\/types\/product"}],"wp:featuredmedia":[{"embeddable":true,"href":"https:\/\/starlediluminacion.com\/de\/wp-json\/wp\/v2\/media\/12899"}],"wp:attachment":[{"href":"https:\/\/starlediluminacion.com\/de\/wp-json\/wp\/v2\/media?parent=12894"}],"wp:term":[{"taxonomy":"product_cat","embeddable":true,"href":"https:\/\/starlediluminacion.com\/de\/wp-json\/wp\/v2\/product_cat?post=12894"},{"taxonomy":"product_tag","embeddable":true,"href":"https:\/\/starlediluminacion.com\/de\/wp-json\/wp\/v2\/product_tag?post=12894"}],"curies":[{"name":"wp","href":"https:\/\/api.w.org\/{rel}","templated":true}]}}