{"id":12853,"date":"2024-05-05T09:34:10","date_gmt":"2024-05-05T09:34:10","guid":{"rendered":"https:\/\/starlediluminacion.com\/?post_type=product&#038;p=12853"},"modified":"2024-05-05T09:41:47","modified_gmt":"2024-05-05T09:41:47","slug":"empotrable-led-12w-periscopico-direccionable-rectangular-cct-color-seleccionable","status":"publish","type":"product","link":"https:\/\/starlediluminacion.com\/de\/product\/einbau-led-12w-periskop-gerichtet-rechtwinklig-rechtwinklig-cct-farbig-wahlbar-2\/","title":{"rendered":"<p>Empotrable LED 12W &ndash; PERISC&Oacute;PICO DIRECCIONABLE &ndash; Rectangular &ndash; CCT Color Seleccionable<\/p>"},"content":{"rendered":"<h1>Downlight&nbsp;LED 12W &ndash; PERISC&Oacute;PICO DIRECCIONABLE &ndash; Rectangular &ndash;&nbsp; CCT Color Color Seleccionable<p>&nbsp;<\/p><p>Sind Sie bereit, Ihre Umgebung in ein Paradies aus Licht und Raffinesse zu verwandeln? Wir stellen vor: die&nbsp;<strong>Eingelassene LED 12W<\/strong>ein wahres Meisterwerk der Beleuchtung, das Ihre Momente auf unvergleichliche Weise versch\u00f6nern wird. Sie verwandelt jeden Winkel Ihrer Wohnung oder Ihres B\u00fcros in eine B\u00fchne, auf der sich das Licht Ihren Bed\u00fcrfnissen und Vorlieben anpasst. Entdecken Sie, warum diese&nbsp;<strong>Eingelassene LED Einstellbar<\/strong>&nbsp;hat die Herzen derjenigen erobert, die eine hervorragende Beleuchtung anstreben.<\/p><p>&nbsp;<\/p><p>Perfekte Helligkeit und Ausrichtung:<\/p><p>Nuestro Empotrable LED 12W no es uno m&aacute;s en el mercado. Su dise&ntilde;o&nbsp;<strong>gerichtetes periskopisches<\/strong>&nbsp;erm\u00f6glicht es Ihnen, das Licht genau dorthin zu lenken, wo Sie es brauchen,&nbsp;<strong>360\u00ba-Drehung<\/strong>&nbsp;und hat eine&nbsp;<strong>90\u00b0 Drehung<\/strong>&nbsp;um es an die Bed\u00fcrfnisse des jeweiligen Raums anzupassen. Nie wieder unangenehme Schatten oder schlecht beleuchtete Bereiche - schaffen Sie die perfekte Atmosph\u00e4re, indem Sie einfach die Lichtrichtung einstellen!<\/p><p>&nbsp;<\/p><p><strong>Winkel des Lichts<\/strong>&nbsp;perfekt f\u00fcr&nbsp;<strong>30\u00ba<\/strong>&nbsp;und totale Orientierung:<\/p><p>Wenn Sie bestimmte Elemente in einem Raum oder Bereich hervorheben m\u00f6chten, z. B. ein Kunstwerk, eine Vitrine oder einen Arbeitsbereich, k\u00f6nnen Sie mit einem 30-Grad-Winkel das Licht auf dieses Objekt konzentrieren und so einen Hervorhebungseffekt erzielen.<\/p><p>Dank der vollst\u00e4ndigen Ausrichtung k\u00f6nnen Sie die Richtung und den Winkel des Lichts nach Ihren pers\u00f6nlichen Vorlieben anpassen. Dies ist besonders n\u00fctzlich in R\u00e4umen, in denen mehrere Aktivit\u00e4ten stattfinden. Durch die M\u00f6glichkeit, das Licht direkt auf bestimmte Bereiche oder Elemente zu richten, k\u00f6nnen Sie unerw\u00fcnschte Schatten vermeiden und sicherstellen, dass das Licht im richtigen Winkel ausgerichtet ist.&nbsp;<strong>Beleuchtung<\/strong>&nbsp;sein&nbsp;<strong>einheitlich und wirksam<\/strong>.<\/p><p>In vielseitig nutzbaren R\u00e4umen oder in R\u00e4umen mit unterschiedlichen Verwendungszwecken, wie z. B. einem Wohnzimmer, das auch als B\u00fcro genutzt wird, erm\u00f6glicht die vollst\u00e4ndige Ausrichtung eine Anpassung der Beleuchtung an unterschiedliche Bed\u00fcrfnisse.<\/p><p>&nbsp;<\/p><p>Farben nach Ihrem Geschmack:<\/p><p>Langweilen Sie sich mit kaltem oder warmem Licht? Mit unserem LED-Downlight k\u00f6nnen Sie die Lichtfarbe w\u00e4hlen, die Ihnen am besten gef\u00e4llt. Mit der Technologie<strong>&nbsp;CCT-Farbe w\u00e4hlbar<\/strong>k\u00f6nnen Sie w\u00e4hlen zwischen&nbsp;<strong>warmes Licht, kaltes Licht oder nat\u00fcrliches Licht.<\/strong>&nbsp;Vom gem\u00fctlichen Licht f\u00fcr ein romantisches Abendessen bis zum hellen Licht f\u00fcr die Arbeit passt sich diese Einbauleuchte im Handumdrehen an Ihre Bed\u00fcrfnisse an.<\/p><p>&nbsp;<\/p><p>Hervorragende Energie-Effizienz:<\/p><p>Mit einer Leistung von nur&nbsp;<strong>12W<\/strong>diese&nbsp;<strong>versenkte LED<\/strong>&nbsp;ist ein energieeffizientes Kraftpaket. Trotz ihres geringen Energieverbrauchs bietet sie eine helle, scharfe Beleuchtung mit einem Lichtwinkel von 30 Grad. Verabschieden Sie sich von hohen Stromkosten und begr\u00fc\u00dfen Sie eine umweltfreundlichere Energierechnung.<\/p><p>&nbsp;<\/p><p>Unerreichte Langlebigkeit:<\/p><p>Dieses LED-Downlight aus Polycarbonat (PC) ist robust und langlebig. Seine hochwertige Konstruktion gew\u00e4hrleistet, dass es jahrelang h\u00e4lt, ohne seinen Glanz zu verlieren. Machen Sie sich keine Sorgen mehr \u00fcber den h\u00e4ufigen Austausch von Gl\u00fchbirnen oder Leuchten.<\/p><p>&nbsp;<\/p><p>Einfache Installation:<\/p><p>Der Einbau dieses LED-Einbaudownlights ist kinderleicht, es ist&nbsp;<strong>Wesentlich<\/strong>&nbsp;ist die Durchf\u00fchrung der&nbsp;<strong>schneiden<\/strong>&nbsp;im&nbsp;<strong>Dach<\/strong>&nbsp;wenn Sie es nicht bereits mit den angegebenen Ma\u00dfen haben, um es einbauen zu k\u00f6nnen. Es wird mit allen notwendigen Anleitungen und Teilen geliefert, so dass Sie es in wenigen Minuten in Betrieb nehmen k\u00f6nnen, ohne einen Elektriker anheuern zu m\u00fcssen. Wir erinnern Sie nur daran, dass Sie den Strom abschalten m\u00fcssen, wenn Sie eine elektrische Montage vornehmen!<\/p><p>&nbsp;<\/p><h2>Usos del&nbsp;Empotrable LED 12W &ndash; PERISC&Oacute;PICO DIRECCIONABLE &ndash; Rectangular &ndash; CCT<\/h2><p>El Empotrable LED 12W&nbsp;es tan vers&aacute;til como potente. Puedes utilizarlo en una variedad de entornos:<\/p><p>&nbsp;<\/p><ul>\n<li>In Ihrem Zuhause: Versch\u00f6nern Sie Ihr Wohnzimmer, Ihre K\u00fcche, Ihr Schlafzimmer oder jeden anderen Raum mit dieser stilvollen und funktionalen Leuchte. Stellen Sie die Farbe des Lichts ein, um jederzeit die perfekte Atmosph\u00e4re zu schaffen.<\/li>\n<\/ul><ul>\n<li>In Ihrem B\u00fcro: Steigern Sie Ihre Produktivit\u00e4t und schaffen Sie eine optimale Arbeitsumgebung mit hellem, wei\u00dfem Licht auf Ihrem Schreibtisch oder Arbeitsbereich.<\/li>\n<\/ul><ul>\n<li>In Gesch\u00e4ften und L\u00e4den: Heben Sie Ihre Produkte hervor und ziehen Sie Kunden mit einer klaren und attraktiven Beleuchtung an.<\/li>\n<\/ul><ul>\n<li>In Restaurants und Bars: Schaffen Sie je nach Anlass eine gem\u00fctliche oder lebendige Atmosph\u00e4re mit einem einzigen LED-Downlight.<\/li>\n<\/ul><ul>\n<li>In gewerblichen R\u00e4umen: Ob in einem Ausstellungsraum, einer Kunstgalerie oder anderswo, diese Leuchte verleiht Ihren R\u00e4umen eine besondere Note.<\/li>\n<\/ul><p>&nbsp;<\/p><p>Kurz gesagt, die&nbsp;<strong>Eingelassene LED 12W<\/strong>&nbsp;mit&nbsp;<strong>CCT<\/strong>&nbsp;ist der perfekte Lichtbegleiter, der Ihnen Kontrolle, Effizienz und Langlebigkeit bietet. Verleihen Sie Ihrer Umgebung einen Hauch von Stil und erleben Sie die Beleuchtung der n\u00e4chsten Generation - warten Sie nicht l\u00e4nger und machen Sie dieses Wunderwerk der Beleuchtungstechnologie zu Ihrem! Verwandeln Sie Ihre R\u00e4ume und schaffen Sie das perfekte Ambiente mit nur einem Klick.<\/p><h3 class=\"h6\">Produktdatenblatt<\/h3><dl class=\"data-sheet\">\n<dt class=\"name\"><img loading=\"lazy\" decoding=\"async\" src=\"https:\/\/www.factorled.com\/modules\/oa_features\/img\/2-default.jpg\" width=\"32\" height=\"32\">&nbsp;REFERENZ<\/dt>\n<dd class=\"value\">LSPL12W-CCT-91268<\/dd>\n<dt class=\"name\"><img loading=\"lazy\" decoding=\"async\" src=\"https:\/\/www.factorled.com\/modules\/oa_features\/img\/3-default.jpg\" width=\"32\" height=\"32\">&nbsp;Nennleistung<\/dt>\n<dd class=\"value\">12w<\/dd>\n<dt class=\"name\"><img loading=\"lazy\" decoding=\"async\" src=\"https:\/\/www.factorled.com\/modules\/oa_features\/img\/4-default.jpg\" width=\"32\" height=\"32\">&nbsp;Nennspannung<\/dt>\n<dd class=\"value\">220-240V<\/dd>\n<dt class=\"name\"><img loading=\"lazy\" decoding=\"async\" src=\"https:\/\/www.factorled.com\/modules\/oa_features\/img\/5-default.jpg\" width=\"32\" height=\"32\">&nbsp;Licht Temperatur<\/dt>\n<dd class=\"value\">3000K-4200K-6500K<\/dd>\n<dt class=\"name\"><img loading=\"lazy\" decoding=\"async\" src=\"https:\/\/www.factorled.com\/modules\/oa_features\/img\/6-default.jpg\" width=\"32\" height=\"32\">&nbsp;CRI - Farbwiedergabe-Index<\/dt>\n<dd class=\"value\">80<\/dd>\n<dt class=\"name\"><img loading=\"lazy\" decoding=\"async\" src=\"https:\/\/www.factorled.com\/modules\/oa_features\/img\/25-default.jpg\" width=\"32\" height=\"32\">&nbsp;Baumaterial<\/dt>\n<dd class=\"value\">PC Flammhemmend<\/dd>\n<dt class=\"name\"><img loading=\"lazy\" decoding=\"async\" src=\"https:\/\/www.factorled.com\/modules\/oa_features\/img\/8-default.jpg\" width=\"32\" height=\"32\">&nbsp;Leuchtkraft-Lm<\/dt>\n<dd class=\"value\">1200 Lm<\/dd>\n<dt class=\"name\"><img loading=\"lazy\" decoding=\"async\" src=\"https:\/\/www.factorled.com\/modules\/oa_features\/img\/9-default.jpg\" width=\"32\" height=\"32\">&nbsp;LED-Typ<\/dt>\n<dd class=\"value\">COB<\/dd>\n<dt class=\"name\"><img loading=\"lazy\" decoding=\"async\" src=\"https:\/\/www.factorled.com\/modules\/oa_features\/img\/10-default.jpg\" width=\"32\" height=\"32\">&nbsp;\u00d6ffnungswinkel (\u00ba)<\/dt>\n<dd class=\"value\">30\u00b0<\/dd>\n<dt class=\"name\"><img loading=\"lazy\" decoding=\"async\" src=\"https:\/\/www.factorled.com\/modules\/oa_features\/img\/11-default.jpg\" width=\"32\" height=\"32\">&nbsp;Abblendbar<\/dt>\n<dd class=\"value\">Nein<\/dd>\n<dt class=\"name\"><img loading=\"lazy\" decoding=\"async\" src=\"https:\/\/www.factorled.com\/modules\/oa_features\/img\/15-default.jpg\" width=\"32\" height=\"32\">&nbsp;Bescheinigungen<\/dt>\n<dd class=\"value\">CE - ROHS<\/dd>\n<dt class=\"name\"><img loading=\"lazy\" decoding=\"async\" src=\"https:\/\/www.factorled.com\/modules\/oa_features\/img\/16-default.jpg\" width=\"32\" height=\"32\">&nbsp;IP-Bewertung<\/dt>\n<dd class=\"value\">IP40<\/dd>\n<dt class=\"name\"><img loading=\"lazy\" decoding=\"async\" src=\"https:\/\/www.factorled.com\/modules\/oa_features\/img\/17-default.jpg\" width=\"32\" height=\"32\">&nbsp;Gesch\u00e4tzte Lebensdauer LED-Diode (H)<\/dt>\n<dd class=\"value\">25000<\/dd>\n<dt class=\"name\"><img loading=\"lazy\" decoding=\"async\" src=\"https:\/\/www.factorled.com\/modules\/oa_features\/img\/18-default.jpg\" width=\"32\" height=\"32\">&nbsp;Messungen (Mm)<\/dt>\n<dd class=\"value\">&Oslash;139x90xH65mm<\/dd>\n<dt class=\"name\"><img loading=\"lazy\" decoding=\"async\" src=\"https:\/\/www.factorled.com\/modules\/oa_features\/img\/21-default.jpg\" width=\"32\" height=\"32\">&nbsp;Arbeitsfrequenz (Hz)<\/dt>\n<dd class=\"value\">50\/60Hz<\/dd>\n<dt class=\"name\"><img loading=\"lazy\" decoding=\"async\" src=\"https:\/\/www.factorled.com\/modules\/oa_features\/img\/22-default.jpg\" width=\"32\" height=\"32\">&nbsp;Temperaturbereich (\u00baC)<\/dt>\n<dd class=\"value\">-20\u00baC ~ +50\u00baC<\/dd>\n<dt class=\"name\"><img loading=\"lazy\" decoding=\"async\" src=\"https:\/\/www.factorled.com\/modules\/oa_features\/img\/23-default.jpg\" width=\"32\" height=\"32\">&nbsp;Z\u00fcndungszyklen<\/dt>\n<dd class=\"value\">100.000<\/dd>\n<dt class=\"name\"><img loading=\"lazy\" decoding=\"async\" src=\"https:\/\/www.factorled.com\/modules\/oa_features\/img\/24-default.jpg\" width=\"32\" height=\"32\">&nbsp;Anlaufzeit (S)<\/dt>\n<dd class=\"value\">0,2s<\/dd>\n<dt class=\"name\"><img loading=\"lazy\" decoding=\"async\" src=\"https:\/\/www.factorled.com\/modules\/oa_features\/img\/27-default.jpg\" width=\"32\" height=\"32\">&nbsp;Deckenschnitt (Mm)<\/dt>\n<dd class=\"value\">118x70mm<\/dd>\n<dt class=\"name\"><img loading=\"lazy\" decoding=\"async\" src=\"https:\/\/www.factorled.com\/modules\/oa_features\/img\/74-default.jpg\" width=\"32\" height=\"32\">&nbsp;Inklusive Treiber<\/dt>\n<dd class=\"value\">YES<\/dd>\n<dt class=\"name\"><img loading=\"lazy\" decoding=\"async\" src=\"https:\/\/www.factorled.com\/modules\/oa_features\/img\/7-default.jpg\" width=\"32\" height=\"32\">&nbsp;Energieklasse (2021-EU-2019\/2015)<\/dt>\n<dd class=\"value\">A+<\/dd>\n<dt class=\"name\"><img loading=\"lazy\" decoding=\"async\" src=\"https:\/\/www.factorled.com\/modules\/oa_features\/img\/101-default.jpg\" width=\"32\" height=\"32\">&nbsp;Energieklasse (2023 - EU-2019\/2015)<\/dt>\n<dd class=\"value\">F<\/dd>\n<dt class=\"name\"><img loading=\"lazy\" decoding=\"async\" src=\"https:\/\/www.factorled.com\/modules\/oa_features\/img\/75-default.jpg\" width=\"32\" height=\"32\">&nbsp;Garantie Jahre<\/dt>\n<dd class=\"value\">3<\/dd>\n<\/dl><\/h1>","protected":false},"excerpt":{"rendered":"<div class=\"product-reference\">\n<p><label class=\"label\">Referenz:<\/label> SLLSPL12W-CCT-91268<\/p>\n<div><\/div>\n<div class=\"product-description-short\">\n<div id=\"product-description-short-3023\">\n<p>Sind Sie bereit, Ihren Raum in eine Oase des Lichts und der Eleganz zu verwandeln? Wir stellen vor: die&nbsp;<strong>Eingelassene LED 12W&nbsp;<\/strong><strong>PERISKOPISCH ADRESSIERBAR,<\/strong>&nbsp; ein Juwel der Beleuchtung, das Ihre Momente auf einzigartige Weise beleuchtet. Verwandeln Sie jeden Winkel Ihrer Wohnung oder Ihres B\u00fcros in eine B\u00fchne, auf der sich das Licht Ihren Bed\u00fcrfnissen und W\u00fcnschen anpasst. Entdecken Sie, warum diese&nbsp;<strong>Eingelassene LED Einstellbar<\/strong>&nbsp;ist zur ersten Wahl f\u00fcr alle geworden, die eine perfekte Beleuchtung suchen, und sie ist au\u00dferdem voll einstellbar!<\/p>\n<p>Es zeichnet sich dadurch aus, dass es<strong>&nbsp;um 360\u00ba drehen und um 90\u00ba drehen.<\/strong>&nbsp;jeden interessanten Raum zu beleuchten. Technik&nbsp;<strong>CCT<\/strong>die&nbsp;<strong>Licht<\/strong>&nbsp;Wei\u00df kann ausgew\u00e4hlt werden in<strong>&nbsp;Warm, neutral und k\u00fchl.&nbsp;<\/strong>Einfache Montage und Installation.<\/p>\n<p><i class=\"fa fa-truck\"><\/i>&nbsp;<span class=\"text-muted textprop\">Lieferung innerhalb von 24\/48 Stunden<\/span><\/p>\n<\/div>\n<\/div><\/div>","protected":false},"featured_media":12865,"template":"","meta":{"site-sidebar-layout":"default","site-content-layout":"default","ast-global-header-display":"","ast-main-header-display":"","ast-hfb-above-header-display":"","ast-hfb-below-header-display":"","ast-hfb-mobile-header-display":"","site-post-title":"","ast-breadcrumbs-content":"","ast-featured-img":"","footer-sml-layout":"","theme-transparent-header-meta":"default","adv-header-id-meta":"","stick-header-meta":"","header-above-stick-meta":"","header-main-stick-meta":"","header-below-stick-meta":""},"product_cat":[27,70],"product_tag":[],"class_list":["post-12853","product","type-product","status-publish","has-post-thumbnail","hentry","product_cat-downlight-plafones-y-placas-led","product_cat-focos-downlight-led"],"yoast_head":"<!-- This site is optimized with the Yoast SEO plugin v27.4 - https:\/\/yoast.com\/product\/yoast-seo-wordpress\/ -->\n<title>Empotrable LED 12W - PERISC\u00d3PICO DIRECCIONABLE - Rectangular - CCT Color Seleccionable - STARLED Iluminacion<\/title>\n<meta name=\"robots\" content=\"index, follow, max-snippet:-1, max-image-preview:large, max-video-preview:-1\" \/>\n<link rel=\"canonical\" href=\"https:\/\/starlediluminacion.com\/de\/product\/einbau-led-12w-periskop-gerichtet-rechtwinklig-rechtwinklig-cct-farbig-wahlbar-2\/\" \/>\n<meta property=\"og:locale\" content=\"de_DE\" \/>\n<meta property=\"og:type\" content=\"article\" \/>\n<meta property=\"og:title\" content=\"Empotrable LED 12W - PERISC\u00d3PICO DIRECCIONABLE - Rectangular - CCT Color Seleccionable - STARLED Iluminacion\" \/>\n<meta property=\"og:description\" content=\"Referencia: SLLSPL12W-CCT-91268      \u00bfEst\u00e1s listo para transformar tu espacio en un oasis de luz y elegancia? Presentamos el\u00a0Empotrable LED 12W\u00a0PERISC\u00d3PICO DIRECCIONABLE,\u00a0 una joya de la iluminaci\u00f3n que iluminar\u00e1 tus momentos de manera \u00fanica. Convierte cada rinc\u00f3n de tu hogar u oficina en un escenario donde la luz se adapta a tus necesidades y deseos. Descubre por qu\u00e9 este\u00a0Empotrable LED Ajustable\u00a0se ha convertido en la elecci\u00f3n n\u00famero uno de aquellos que buscan la perfecci\u00f3n en iluminaci\u00f3n y adem\u00e1s es totalmente orientable!  Destaca por que puede\u00a0girar 360\u00ba y rotar 90\u00ba\u00a0consiguiendo dar una iluminaci\u00f3n a cualquier espacio que interese. Tecnolog\u00eda\u00a0CCT, la\u00a0luz\u00a0blanca se puede seleccionar en\u00a0C\u00e1lida, Neutra y Fr\u00eda.\u00a0F\u00e1cil montaje e instalaci\u00f3n.  \u00a0Entrega en 24\/48 horas\" \/>\n<meta property=\"og:url\" content=\"https:\/\/starlediluminacion.com\/de\/product\/einbau-led-12w-periskop-gerichtet-rechtwinklig-rechtwinklig-cct-farbig-wahlbar-2\/\" \/>\n<meta property=\"og:site_name\" content=\"STARLED Iluminacion\" \/>\n<meta property=\"article:modified_time\" content=\"2024-05-05T09:41:47+00:00\" \/>\n<meta property=\"og:image\" content=\"https:\/\/starlediluminacion.com\/wp-content\/uploads\/2024\/05\/empotrable-led-12w-periscopico-direccionable-rectangular-cct-color-seleccionable.jpg\" \/>\n\t<meta property=\"og:image:width\" content=\"744\" \/>\n\t<meta property=\"og:image:height\" content=\"800\" \/>\n\t<meta property=\"og:image:type\" content=\"image\/jpeg\" \/>\n<meta name=\"twitter:card\" content=\"summary_large_image\" \/>\n<meta name=\"twitter:label1\" content=\"Gesch\u00e4tzte Lesezeit\" \/>\n\t<meta name=\"twitter:data1\" content=\"5\u00a0Minuten\" \/>\n<script type=\"application\/ld+json\" class=\"yoast-schema-graph\">{\"@context\":\"https:\\\/\\\/schema.org\",\"@graph\":[{\"@type\":\"WebPage\",\"@id\":\"https:\\\/\\\/starlediluminacion.com\\\/producto\\\/empotrable-led-12w-periscopico-direccionable-rectangular-cct-color-seleccionable\\\/\",\"url\":\"https:\\\/\\\/starlediluminacion.com\\\/producto\\\/empotrable-led-12w-periscopico-direccionable-rectangular-cct-color-seleccionable\\\/\",\"name\":\"Empotrable LED 12W - PERISC\u00d3PICO DIRECCIONABLE - Rectangular - CCT Color Seleccionable - STARLED Iluminacion\",\"isPartOf\":{\"@id\":\"https:\\\/\\\/starlediluminacion.com\\\/#website\"},\"primaryImageOfPage\":{\"@id\":\"https:\\\/\\\/starlediluminacion.com\\\/producto\\\/empotrable-led-12w-periscopico-direccionable-rectangular-cct-color-seleccionable\\\/#primaryimage\"},\"image\":{\"@id\":\"https:\\\/\\\/starlediluminacion.com\\\/producto\\\/empotrable-led-12w-periscopico-direccionable-rectangular-cct-color-seleccionable\\\/#primaryimage\"},\"thumbnailUrl\":\"https:\\\/\\\/starlediluminacion.com\\\/wp-content\\\/uploads\\\/2024\\\/05\\\/empotrable-led-12w-periscopico-direccionable-rectangular-cct-color-seleccionable.jpg\",\"datePublished\":\"2024-05-05T09:34:10+00:00\",\"dateModified\":\"2024-05-05T09:41:47+00:00\",\"breadcrumb\":{\"@id\":\"https:\\\/\\\/starlediluminacion.com\\\/producto\\\/empotrable-led-12w-periscopico-direccionable-rectangular-cct-color-seleccionable\\\/#breadcrumb\"},\"inLanguage\":\"de\",\"potentialAction\":[{\"@type\":\"ReadAction\",\"target\":[\"https:\\\/\\\/starlediluminacion.com\\\/producto\\\/empotrable-led-12w-periscopico-direccionable-rectangular-cct-color-seleccionable\\\/\"]}]},{\"@type\":\"ImageObject\",\"inLanguage\":\"de\",\"@id\":\"https:\\\/\\\/starlediluminacion.com\\\/producto\\\/empotrable-led-12w-periscopico-direccionable-rectangular-cct-color-seleccionable\\\/#primaryimage\",\"url\":\"https:\\\/\\\/starlediluminacion.com\\\/wp-content\\\/uploads\\\/2024\\\/05\\\/empotrable-led-12w-periscopico-direccionable-rectangular-cct-color-seleccionable.jpg\",\"contentUrl\":\"https:\\\/\\\/starlediluminacion.com\\\/wp-content\\\/uploads\\\/2024\\\/05\\\/empotrable-led-12w-periscopico-direccionable-rectangular-cct-color-seleccionable.jpg\",\"width\":744,\"height\":800},{\"@type\":\"BreadcrumbList\",\"@id\":\"https:\\\/\\\/starlediluminacion.com\\\/producto\\\/empotrable-led-12w-periscopico-direccionable-rectangular-cct-color-seleccionable\\\/#breadcrumb\",\"itemListElement\":[{\"@type\":\"ListItem\",\"position\":1,\"name\":\"Portada\",\"item\":\"https:\\\/\\\/starlediluminacion.com\\\/\"},{\"@type\":\"ListItem\",\"position\":2,\"name\":\"Shop\",\"item\":\"https:\\\/\\\/starlediluminacion.com\\\/shop-2\\\/\"},{\"@type\":\"ListItem\",\"position\":3,\"name\":\"Empotrable LED 12W &#8211; PERISC\u00d3PICO DIRECCIONABLE &#8211; Rectangular &#8211; CCT Color Seleccionable\"}]},{\"@type\":\"WebSite\",\"@id\":\"https:\\\/\\\/starlediluminacion.com\\\/#website\",\"url\":\"https:\\\/\\\/starlediluminacion.com\\\/\",\"name\":\"STARLED Iluminacion\",\"description\":\"\",\"potentialAction\":[{\"@type\":\"SearchAction\",\"target\":{\"@type\":\"EntryPoint\",\"urlTemplate\":\"https:\\\/\\\/starlediluminacion.com\\\/?s={search_term_string}\"},\"query-input\":{\"@type\":\"PropertyValueSpecification\",\"valueRequired\":true,\"valueName\":\"search_term_string\"}}],\"inLanguage\":\"de\"}]}<\/script>\n<!-- \/ Yoast SEO plugin. -->","yoast_head_json":{"title":"Empotrable LED 12W - PERISC\u00d3PICO DIRECCIONABLE - Rectangular - CCT Color Seleccionable - STARLED Iluminacion","robots":{"index":"index","follow":"follow","max-snippet":"max-snippet:-1","max-image-preview":"max-image-preview:large","max-video-preview":"max-video-preview:-1"},"canonical":"https:\/\/starlediluminacion.com\/de\/product\/einbau-led-12w-periskop-gerichtet-rechtwinklig-rechtwinklig-cct-farbig-wahlbar-2\/","og_locale":"de_DE","og_type":"article","og_title":"Empotrable LED 12W - PERISC\u00d3PICO DIRECCIONABLE - Rectangular - CCT Color Seleccionable - STARLED Iluminacion","og_description":"Referencia: SLLSPL12W-CCT-91268      \u00bfEst\u00e1s listo para transformar tu espacio en un oasis de luz y elegancia? Presentamos el\u00a0Empotrable LED 12W\u00a0PERISC\u00d3PICO DIRECCIONABLE,\u00a0 una joya de la iluminaci\u00f3n que iluminar\u00e1 tus momentos de manera \u00fanica. Convierte cada rinc\u00f3n de tu hogar u oficina en un escenario donde la luz se adapta a tus necesidades y deseos. Descubre por qu\u00e9 este\u00a0Empotrable LED Ajustable\u00a0se ha convertido en la elecci\u00f3n n\u00famero uno de aquellos que buscan la perfecci\u00f3n en iluminaci\u00f3n y adem\u00e1s es totalmente orientable!  Destaca por que puede\u00a0girar 360\u00ba y rotar 90\u00ba\u00a0consiguiendo dar una iluminaci\u00f3n a cualquier espacio que interese. Tecnolog\u00eda\u00a0CCT, la\u00a0luz\u00a0blanca se puede seleccionar en\u00a0C\u00e1lida, Neutra y Fr\u00eda.\u00a0F\u00e1cil montaje e instalaci\u00f3n.  \u00a0Entrega en 24\/48 horas","og_url":"https:\/\/starlediluminacion.com\/de\/product\/einbau-led-12w-periskop-gerichtet-rechtwinklig-rechtwinklig-cct-farbig-wahlbar-2\/","og_site_name":"STARLED Iluminacion","article_modified_time":"2024-05-05T09:41:47+00:00","og_image":[{"width":744,"height":800,"url":"https:\/\/starlediluminacion.com\/wp-content\/uploads\/2024\/05\/empotrable-led-12w-periscopico-direccionable-rectangular-cct-color-seleccionable.jpg","type":"image\/jpeg"}],"twitter_card":"summary_large_image","twitter_misc":{"Gesch\u00e4tzte Lesezeit":"5\u00a0Minuten"},"schema":{"@context":"https:\/\/schema.org","@graph":[{"@type":"WebPage","@id":"https:\/\/starlediluminacion.com\/producto\/empotrable-led-12w-periscopico-direccionable-rectangular-cct-color-seleccionable\/","url":"https:\/\/starlediluminacion.com\/producto\/empotrable-led-12w-periscopico-direccionable-rectangular-cct-color-seleccionable\/","name":"Empotrable LED 12W - PERISC\u00d3PICO DIRECCIONABLE - Rectangular - CCT Color Seleccionable - STARLED Iluminacion","isPartOf":{"@id":"https:\/\/starlediluminacion.com\/#website"},"primaryImageOfPage":{"@id":"https:\/\/starlediluminacion.com\/producto\/empotrable-led-12w-periscopico-direccionable-rectangular-cct-color-seleccionable\/#primaryimage"},"image":{"@id":"https:\/\/starlediluminacion.com\/producto\/empotrable-led-12w-periscopico-direccionable-rectangular-cct-color-seleccionable\/#primaryimage"},"thumbnailUrl":"https:\/\/starlediluminacion.com\/wp-content\/uploads\/2024\/05\/empotrable-led-12w-periscopico-direccionable-rectangular-cct-color-seleccionable.jpg","datePublished":"2024-05-05T09:34:10+00:00","dateModified":"2024-05-05T09:41:47+00:00","breadcrumb":{"@id":"https:\/\/starlediluminacion.com\/producto\/empotrable-led-12w-periscopico-direccionable-rectangular-cct-color-seleccionable\/#breadcrumb"},"inLanguage":"de","potentialAction":[{"@type":"ReadAction","target":["https:\/\/starlediluminacion.com\/producto\/empotrable-led-12w-periscopico-direccionable-rectangular-cct-color-seleccionable\/"]}]},{"@type":"ImageObject","inLanguage":"de","@id":"https:\/\/starlediluminacion.com\/producto\/empotrable-led-12w-periscopico-direccionable-rectangular-cct-color-seleccionable\/#primaryimage","url":"https:\/\/starlediluminacion.com\/wp-content\/uploads\/2024\/05\/empotrable-led-12w-periscopico-direccionable-rectangular-cct-color-seleccionable.jpg","contentUrl":"https:\/\/starlediluminacion.com\/wp-content\/uploads\/2024\/05\/empotrable-led-12w-periscopico-direccionable-rectangular-cct-color-seleccionable.jpg","width":744,"height":800},{"@type":"BreadcrumbList","@id":"https:\/\/starlediluminacion.com\/producto\/empotrable-led-12w-periscopico-direccionable-rectangular-cct-color-seleccionable\/#breadcrumb","itemListElement":[{"@type":"ListItem","position":1,"name":"Portada","item":"https:\/\/starlediluminacion.com\/"},{"@type":"ListItem","position":2,"name":"Shop","item":"https:\/\/starlediluminacion.com\/shop-2\/"},{"@type":"ListItem","position":3,"name":"Empotrable LED 12W &#8211; PERISC\u00d3PICO DIRECCIONABLE &#8211; Rectangular &#8211; CCT Color Seleccionable"}]},{"@type":"WebSite","@id":"https:\/\/starlediluminacion.com\/#website","url":"https:\/\/starlediluminacion.com\/","name":"STARLED Iluminacion","description":"","potentialAction":[{"@type":"SearchAction","target":{"@type":"EntryPoint","urlTemplate":"https:\/\/starlediluminacion.com\/?s={search_term_string}"},"query-input":{"@type":"PropertyValueSpecification","valueRequired":true,"valueName":"search_term_string"}}],"inLanguage":"de"}]}},"_links":{"self":[{"href":"https:\/\/starlediluminacion.com\/de\/wp-json\/wp\/v3\/product\/12853","targetHints":{"allow":["GET"]}}],"collection":[{"href":"https:\/\/starlediluminacion.com\/de\/wp-json\/wp\/v3\/product"}],"about":[{"href":"https:\/\/starlediluminacion.com\/de\/wp-json\/wp\/v2\/types\/product"}],"wp:featuredmedia":[{"embeddable":true,"href":"https:\/\/starlediluminacion.com\/de\/wp-json\/wp\/v2\/media\/12865"}],"wp:attachment":[{"href":"https:\/\/starlediluminacion.com\/de\/wp-json\/wp\/v2\/media?parent=12853"}],"wp:term":[{"taxonomy":"product_cat","embeddable":true,"href":"https:\/\/starlediluminacion.com\/de\/wp-json\/wp\/v2\/product_cat?post=12853"},{"taxonomy":"product_tag","embeddable":true,"href":"https:\/\/starlediluminacion.com\/de\/wp-json\/wp\/v2\/product_tag?post=12853"}],"curies":[{"name":"wp","href":"https:\/\/api.w.org\/{rel}","templated":true}]}}