{"id":12803,"date":"2024-05-01T08:30:47","date_gmt":"2024-05-01T08:30:47","guid":{"rendered":"https:\/\/starlediluminacion.com\/?post_type=product&#038;p=12803"},"modified":"2024-09-15T11:47:03","modified_gmt":"2024-09-15T11:47:03","slug":"sensor-de-movimiento-estatico-para-perfiles-led-12v-24v","status":"publish","type":"product","link":"https:\/\/starlediluminacion.com\/de\/product\/bewegungssensor-statischer-sensor-fur-perfiles-led-12v-24v\/","title":{"rendered":"<p>Statischer Bewegungssensor - f\u00fcr LED-Profile - 12V - 24V<\/p>"},"content":{"rendered":"<h1>Bewegungsmelder - Statisch - f\u00fcr LED-Profile - 12V - 24V<h1><\/h1><p>Entdecken Sie unseren innovativen Bewegungssensor, der speziell f\u00fcr 12V-24V einfarbige LED-Streifenprofile entwickelt wurde! Dieser Sensor schaltet das Licht automatisch ein, wenn er eine Bewegung erkennt, und ist somit eine effiziente und praktische L\u00f6sung f\u00fcr Ihre Beleuchtungsanforderungen.<\/p><p>Einer der Hauptvorteile dieses Modells ist sein kompaktes und vielseitiges Design, das sich leicht an eine Vielzahl von Profilen anpassen l\u00e4sst und eine einfache und diskrete Installation erm\u00f6glicht.<\/p><p>Die Installation ist einfach: Sie m\u00fcssen nur ein Loch in den opalen Diffusor des Profils bohren, um den Sensor unterzubringen, was eine diskrete und effektive Integration gew\u00e4hrleistet. Nach der Installation aktiviert der Sensor den LED-Streifen, sobald er eine Bewegung erkennt, und l\u00e4sst ihn nach dem Ende der Bewegung noch 40 Sekunden lang eingeschaltet, so dass die perfekte Lichtmenge zur Verf\u00fcgung steht, wenn sie am meisten ben\u00f6tigt wird.<\/p><p>Mit unserem Bewegungssensor genie\u00dfen Sie eine intelligente und effiziente Beleuchtung, die sich Ihren Bed\u00fcrfnissen anpasst und f\u00fcr Komfort und Bequemlichkeit in Ihrem Zuhause oder B\u00fcro sorgt. Machen Sie Ihr Beleuchtungserlebnis mit diesem innovativen Ger\u00e4t noch praktischer und bequemer!<\/p><h3 class=\"h6\">Produktdatenblatt<\/h3><dl class=\"data-sheet\">\n<dt class=\"name\"><img loading=\"lazy\" decoding=\"async\" src=\"https:\/\/www.factorled.com\/modules\/oa_features\/img\/2-default.jpg\" width=\"32\" height=\"32\">&nbsp;REFERENZ<\/dt>\n<dd class=\"value\">2680<\/dd>\n<dt class=\"name\"><img loading=\"lazy\" decoding=\"async\" src=\"https:\/\/www.factorled.com\/modules\/oa_features\/img\/4-default.jpg\" width=\"32\" height=\"32\">&nbsp;Nennspannung<\/dt>\n<dd class=\"value\">DC 12-24V<\/dd>\n<dt class=\"name\"><img loading=\"lazy\" decoding=\"async\" src=\"https:\/\/www.factorled.com\/modules\/oa_features\/img\/25-default.jpg\" width=\"32\" height=\"32\">&nbsp;Baumaterial<\/dt>\n<dd class=\"value\">Aluminium +PC<\/dd>\n<dt class=\"name\"><img loading=\"lazy\" decoding=\"async\" src=\"https:\/\/www.factorled.com\/modules\/oa_features\/img\/10-default.jpg\" width=\"32\" height=\"32\">&nbsp;\u00d6ffnungswinkel (\u00ba)<\/dt>\n<dd class=\"value\">180\u00ba<\/dd>\n<dt class=\"name\"><img loading=\"lazy\" decoding=\"async\" src=\"https:\/\/www.factorled.com\/modules\/oa_features\/img\/15-default.jpg\" width=\"32\" height=\"32\">&nbsp;Bescheinigungen<\/dt>\n<dd class=\"value\">CE - ROHS<\/dd>\n<dt class=\"name\"><img loading=\"lazy\" decoding=\"async\" src=\"https:\/\/www.factorled.com\/modules\/oa_features\/img\/16-default.jpg\" width=\"32\" height=\"32\">&nbsp;IP-Bewertung<\/dt>\n<dd class=\"value\">IP20<\/dd>\n<dt class=\"name\"><img loading=\"lazy\" decoding=\"async\" src=\"https:\/\/www.factorled.com\/modules\/oa_features\/img\/17-default.jpg\" width=\"32\" height=\"32\">&nbsp;Gesch\u00e4tzte Lebensdauer LED-Diode (H)<\/dt>\n<dd class=\"value\">20.000<\/dd>\n<dt class=\"name\"><img loading=\"lazy\" decoding=\"async\" src=\"https:\/\/www.factorled.com\/modules\/oa_features\/img\/18-default.jpg\" width=\"32\" height=\"32\">&nbsp;Messungen (Mm)<\/dt>\n<dd class=\"value\">36x10x11 mm<\/dd>\n<dt class=\"name\"><img loading=\"lazy\" decoding=\"async\" src=\"https:\/\/www.factorled.com\/modules\/oa_features\/img\/21-default.jpg\" width=\"32\" height=\"32\">&nbsp;Arbeitsfrequenz (Hz)<\/dt>\n<dd class=\"value\">50\/60Hz<\/dd>\n<dt class=\"name\"><img loading=\"lazy\" decoding=\"async\" src=\"https:\/\/www.factorled.com\/modules\/oa_features\/img\/23-default.jpg\" width=\"32\" height=\"32\">&nbsp;Z\u00fcndungszyklen<\/dt>\n<dd class=\"value\">100.000<\/dd>\n<dt class=\"name\"><img loading=\"lazy\" decoding=\"async\" src=\"https:\/\/www.factorled.com\/modules\/oa_features\/img\/37-default.jpg\" width=\"32\" height=\"32\">&nbsp;Steuerungsmodi<\/dt>\n<dd class=\"value\">INFRARED<\/dd>\n<dt class=\"name\"><img loading=\"lazy\" decoding=\"async\" src=\"https:\/\/www.factorled.com\/modules\/oa_features\/img\/7-default.jpg\" width=\"32\" height=\"32\">&nbsp;Energieklasse (2021-EU-2019\/2015)<\/dt>\n<dd class=\"value\">A+<\/dd>\n<dt class=\"name\"><img loading=\"lazy\" decoding=\"async\" src=\"https:\/\/www.factorled.com\/modules\/oa_features\/img\/75-default.jpg\" width=\"32\" height=\"32\">&nbsp;Garantie Jahre<\/dt>\n<dd class=\"value\">3<\/dd>\n<dt class=\"name\"><img loading=\"lazy\" decoding=\"async\" src=\"https:\/\/www.factorled.com\/modules\/oa_features\/img\/77-default.jpg\" width=\"32\" height=\"32\">&nbsp;Reichweite (M)<\/dt>\n<dd class=\"value\">8 m.<\/dd>\n<dt class=\"name\"><img loading=\"lazy\" decoding=\"async\" src=\"https:\/\/www.factorled.com\/modules\/oa_features\/img\/78-default.jpg\" width=\"32\" height=\"32\">&nbsp;Einschaltzeit<\/dt>\n<dd class=\"value\">40 Sek.<\/dd>\n<\/dl><\/h1>","protected":false},"excerpt":{"rendered":"<div class=\"product-reference\"><strong><label class=\"label\">Referenz:<\/label> SL2680<\/strong><div><\/div><div class=\"product-description-short\">\n<div id=\"product-description-short-3529\">\n<p><strong>Bewegungsmelder<\/strong>&nbsp;entworfen&nbsp;<strong>f\u00fcr Profile<\/strong>&nbsp;von Streifen&nbsp;<strong>12V-24V einfarbige LED.<\/strong>&nbsp;Er schaltet die Beleuchtung automatisch ein, wenn er eine Bewegung erkennt, und bietet so eine praktische und effiziente L\u00f6sung, um Ihre R\u00e4ume immer dann zu beleuchten, wenn Sie es am meisten brauchen.&nbsp;<strong>Seine kompakte Bauweise erm\u00f6glicht einen vielseitigen Einbau in verschiedene Profile.<\/strong>&nbsp;Halten Sie Ihre R\u00e4ume mit Leichtigkeit und Komfort hell!<\/p>\n<p><i class=\"fa fa-truck\"><\/i>&nbsp;<span class=\"text-muted textprop\">Lieferung innerhalb von 24\/48 Stunden<\/span><\/p>\n<\/div>\n<\/div><\/div>","protected":false},"featured_media":12809,"template":"","meta":{"site-sidebar-layout":"default","site-content-layout":"default","ast-global-header-display":"","ast-main-header-display":"","ast-hfb-above-header-display":"","ast-hfb-below-header-display":"","ast-hfb-mobile-header-display":"","site-post-title":"","ast-breadcrumbs-content":"","ast-featured-img":"","footer-sml-layout":"","theme-transparent-header-meta":"default","adv-header-id-meta":"","stick-header-meta":"","header-above-stick-meta":"","header-main-stick-meta":"","header-below-stick-meta":""},"product_cat":[92,45],"product_tag":[],"class_list":["post-12803","product","type-product","status-publish","has-post-thumbnail","hentry","product_cat-accesorios-tiras-led","product_cat-tiras-led-y-neon-flexible"],"_links":{"self":[{"href":"https:\/\/starlediluminacion.com\/de\/wp-json\/wp\/v3\/product\/12803","targetHints":{"allow":["GET"]}}],"collection":[{"href":"https:\/\/starlediluminacion.com\/de\/wp-json\/wp\/v3\/product"}],"about":[{"href":"https:\/\/starlediluminacion.com\/de\/wp-json\/wp\/v2\/types\/product"}],"wp:featuredmedia":[{"embeddable":true,"href":"https:\/\/starlediluminacion.com\/de\/wp-json\/wp\/v2\/media\/12809"}],"wp:attachment":[{"href":"https:\/\/starlediluminacion.com\/de\/wp-json\/wp\/v2\/media?parent=12803"}],"wp:term":[{"taxonomy":"product_cat","embeddable":true,"href":"https:\/\/starlediluminacion.com\/de\/wp-json\/wp\/v2\/product_cat?post=12803"},{"taxonomy":"product_tag","embeddable":true,"href":"https:\/\/starlediluminacion.com\/de\/wp-json\/wp\/v2\/product_tag?post=12803"}],"curies":[{"name":"wp","href":"https:\/\/api.w.org\/{rel}","templated":true}]}}