{"id":12745,"date":"2024-03-28T12:38:32","date_gmt":"2024-03-28T12:38:32","guid":{"rendered":"https:\/\/starlediluminacion.com\/?post_type=product&#038;p=12745"},"modified":"2024-09-15T11:46:28","modified_gmt":"2024-09-15T11:46:28","slug":"farola-solar-led-100w-sunway-aluminio-4000k-mando-de-control","status":"publish","type":"product","link":"https:\/\/starlediluminacion.com\/de\/product\/strasenlaterne-solar-led-100w-sunway-aluminium-4000k-steuerung-steuerung-steuerung\/","title":{"rendered":"<p>SUNWAY Solar LED-Stra\u00dfenleuchte 100W SUNWAY Aluminium - 4000K + Fernsteuerung<\/p>"},"content":{"rendered":"<h1>SUNWAY 100W Solar LED-Stra\u00dfenleuchte - MPPT Technologie - Monokristallines Panel<p>&nbsp;<\/p><p>Unser&nbsp;<strong>Solar-Stra\u00dfenleuchte -SUNWAY<\/strong>- verf\u00fcgt \u00fcber ein MPPT-\"Maximum Power Point Tracker\"-Regelsystem, das effizienteste Batteriesteuerungssystem, sowohl zum Schutz der Batterie, um ihre Lebensdauer zu verl\u00e4ngern, als auch f\u00fcr das effizienteste Leistungssystem, um mehr Lumen aus der Leuchte zu erhalten, um die maximale Lebensdauer zu erreichen und die Leistung der Batterie zu maximieren.<\/p><p>Das Solarpanel des<strong>&nbsp;Solarstra\u00dfenlampe<\/strong>&nbsp;ist&nbsp;<strong>monokristallin<\/strong>&nbsp;die mit einer Sammelkapazit\u00e4t von 20% im Vergleich zu 15% bei polykristallinen Modulen die h\u00f6chste Effizienz auf dem Markt aufweisen. Der MPPT-Regler ist in der Lage, die Betriebsspannung des Solarmoduls von der Batteriespannung zu trennen. Dadurch kann er die Spannung der Solarmodule auf den optimalen Wert einstellen, um zu jedem Zeitpunkt der Nutzung der Solarleuchte die maximale Leistung zu erhalten und auch an bew\u00f6lkten Tagen zu laden.<\/p><p>Die professionelle Solarstra\u00dfenleuchte ist mit einer Hochleistungsbatterie von BYD ausgestattet.<\/p><p>Auch Sie werden von den Vorteilen dieser Methode profitieren&nbsp;<strong>Sunway Professional Stra\u00dfenlaterne<\/strong>Einige seiner Vorteile sind, dass Sie dank der fortschrittlichen LED-Technologie eine gro\u00dfe Lichtleistung erzielen.<\/p><ul>\n<li>Einsparungen bei den Wartungskosten.<\/li>\n<li>Ideal als Ersatz f\u00fcr alte Stra\u00dfenlaternen.<\/li>\n<li>Es ist f\u00fcr die Verwendung im Freien gesch\u00fctzt&nbsp;<strong>IP65.<\/strong><\/li>\n<li>Keine externe Stromversorgung erforderlich.<\/li>\n<li>Keine Installation von Kabeln erforderlich.<\/li>\n<li>Sie schaltet sich bei Einbruch der Dunkelheit automatisch ein.<\/li>\n<li>Es nutzt saubere, erneuerbare Energie, denn dieses Panel f\u00e4ngt tags\u00fcber die von der Sonne erzeugte W\u00e4rme ein und wandelt sie in Energie um, wodurch die Batterie aufgeladen wird, und nachts leuchtet das LED-Modul mit der gespeicherten Energie.<\/li>\n<li>Die Installation ist sehr einfach.<\/li>\n<\/ul><p>Einmal installiert, m\u00fcssen Sie nur noch warten, bis die Sonne die Batterien aufl\u00e4dt, und nachts schaltet sich die Lampe automatisch ein, um Ihnen das Licht zu geben, das Sie an dem Ort ben\u00f6tigen, an dem Sie sie installiert haben.<\/p><p><strong>Mit dem Steuerger\u00e4t, das mit unserer SUNWAY Professional Solarlaterne geliefert wird, k\u00f6nnen Sie die Programmierung nach Ihren Bed\u00fcrfnissen erstellen.<\/strong><\/p><p>Obwohl die Laterne vorprogrammiert ist, wird die Programmierung ge\u00e4ndert, wenn das Steuerger\u00e4t erkennt, dass der Batteriestand niedrig ist. Mit anderen Worten: Das Steuerger\u00e4t tr\u00e4gt dazu bei, die Lebensdauer der Batterie zu verl\u00e4ngern, indem es sie vor einem niedrigen Batteriestand sch\u00fctzt.<\/p><p>&nbsp;<\/p><h2>Anwendungen der SUNWAY 100W Solar LED-Stra\u00dfenleuchte:<\/h2><ul>\n<li>G\u00e4rten<\/li>\n<li>\u00d6ffentliche Parks<\/li>\n<li>Stra\u00dfen<\/li>\n<li>Stra\u00dfen<\/li>\n<li>Orte?<\/li>\n<\/ul><h3 class=\"h6\">Produktdatenblatt<\/h3><dl class=\"data-sheet\">\n<dt class=\"name\"><img loading=\"lazy\" decoding=\"async\" src=\"https:\/\/www.factorled.com\/modules\/oa_features\/img\/2-default.jpg\" width=\"32\" height=\"32\">&nbsp;REFERENZ<\/dt>\n<dd class=\"value\">SLFA-ILU10-4K<\/dd>\n<dt class=\"name\"><img loading=\"lazy\" decoding=\"async\" src=\"https:\/\/www.factorled.com\/modules\/oa_features\/img\/3-default.jpg\" width=\"32\" height=\"32\">&nbsp;Nennleistung<\/dt>\n<dd class=\"value\">100W Chip<\/dd>\n<dt class=\"name\"><img loading=\"lazy\" decoding=\"async\" src=\"https:\/\/www.factorled.com\/modules\/oa_features\/img\/5-default.jpg\" width=\"32\" height=\"32\">&nbsp;Licht Temperatur<\/dt>\n<dd class=\"value\">4000K<\/dd>\n<dt class=\"name\"><img loading=\"lazy\" decoding=\"async\" src=\"https:\/\/www.factorled.com\/modules\/oa_features\/img\/6-default.jpg\" width=\"32\" height=\"32\">&nbsp;CRI - Farbwiedergabe-Index<\/dt>\n<dd class=\"value\">80<\/dd>\n<dt class=\"name\"><img loading=\"lazy\" decoding=\"async\" src=\"https:\/\/www.factorled.com\/modules\/oa_features\/img\/25-default.jpg\" width=\"32\" height=\"32\">&nbsp;Baumaterial<\/dt>\n<dd class=\"value\">Aluminium +PC<\/dd>\n<dt class=\"name\"><img loading=\"lazy\" decoding=\"async\" src=\"https:\/\/www.factorled.com\/modules\/oa_features\/img\/8-default.jpg\" width=\"32\" height=\"32\">&nbsp;Leuchtkraft-Lm<\/dt>\n<dd class=\"value\">2700 Lm<\/dd>\n<dt class=\"name\"><img loading=\"lazy\" decoding=\"async\" src=\"https:\/\/www.factorled.com\/modules\/oa_features\/img\/9-default.jpg\" width=\"32\" height=\"32\">&nbsp;LED-Typ<\/dt>\n<dd class=\"value\">SMD 3030<\/dd>\n<dt class=\"name\"><img loading=\"lazy\" decoding=\"async\" src=\"https:\/\/www.factorled.com\/modules\/oa_features\/img\/10-default.jpg\" width=\"32\" height=\"32\">&nbsp;\u00d6ffnungswinkel (\u00ba)<\/dt>\n<dd class=\"value\">360\u00ba<\/dd>\n<dt class=\"name\"><img loading=\"lazy\" decoding=\"async\" src=\"https:\/\/www.factorled.com\/modules\/oa_features\/img\/12-default.jpg\" width=\"32\" height=\"32\">&nbsp;LED-Dioden-Wirkungsgrad (Lm\/W)<\/dt>\n<dd class=\"value\">190Lm\/W<\/dd>\n<dt class=\"name\"><img loading=\"lazy\" decoding=\"async\" src=\"https:\/\/www.factorled.com\/modules\/oa_features\/img\/11-default.jpg\" width=\"32\" height=\"32\">&nbsp;Abblendbar<\/dt>\n<dd class=\"value\">YES<\/dd>\n<dt class=\"name\"><img loading=\"lazy\" decoding=\"async\" src=\"https:\/\/www.factorled.com\/modules\/oa_features\/img\/15-default.jpg\" width=\"32\" height=\"32\">&nbsp;Bescheinigungen<\/dt>\n<dd class=\"value\">CE - ROHS<\/dd>\n<dt class=\"name\"><img loading=\"lazy\" decoding=\"async\" src=\"https:\/\/www.factorled.com\/modules\/oa_features\/img\/16-default.jpg\" width=\"32\" height=\"32\">&nbsp;IP-Bewertung<\/dt>\n<dd class=\"value\">IP65-Au\u00dfenbereich<\/dd>\n<dt class=\"name\"><img loading=\"lazy\" decoding=\"async\" src=\"https:\/\/www.factorled.com\/modules\/oa_features\/img\/17-default.jpg\" width=\"32\" height=\"32\">&nbsp;Gesch\u00e4tzte Lebensdauer LED-Diode (H)<\/dt>\n<dd class=\"value\">50.000<\/dd>\n<dt class=\"name\"><img loading=\"lazy\" decoding=\"async\" src=\"https:\/\/www.factorled.com\/modules\/oa_features\/img\/18-default.jpg\" width=\"32\" height=\"32\">&nbsp;Messungen (Mm)<\/dt>\n<dd class=\"value\">433xH156<\/dd>\n<dt class=\"name\"><img loading=\"lazy\" decoding=\"async\" src=\"https:\/\/www.factorled.com\/modules\/oa_features\/img\/22-default.jpg\" width=\"32\" height=\"32\">&nbsp;Temperaturbereich (\u00baC)<\/dt>\n<dd class=\"value\">-10\u00ba +60\u00ba -10\u00ba +60\u00ba -10\u00ba +60\u00ba -10\u00ba +60\u00ba -10\u00ba +60\u00ba -10\u00ba +60\u00ba<\/dd>\n<dt class=\"name\"><img loading=\"lazy\" decoding=\"async\" src=\"https:\/\/www.factorled.com\/modules\/oa_features\/img\/26-default.jpg\" width=\"32\" height=\"32\">&nbsp;Zus\u00e4tzliche Informationen<\/dt>\n<dd class=\"value\">Solarmodul: Monokristallin Klasse: A 16.2V<\/dd>\n<dt class=\"name\"><img loading=\"lazy\" decoding=\"async\" src=\"https:\/\/www.factorled.com\/modules\/oa_features\/img\/28-default.jpg\" width=\"32\" height=\"32\">&nbsp;Material der Batterie<\/dt>\n<dd class=\"value\">LiFePO4 - Lithium-Phosphat -LPF 3,2V 38AH<\/dd>\n<dt class=\"name\"><img loading=\"lazy\" decoding=\"async\" src=\"https:\/\/www.factorled.com\/modules\/oa_features\/img\/29-default.jpg\" width=\"32\" height=\"32\">&nbsp;Zeit Entladung (H)<\/dt>\n<dd class=\"value\">Ladezeit: 9h - Downloadzeit: 7 Stunden<\/dd>\n<dt class=\"name\"><img loading=\"lazy\" decoding=\"async\" src=\"https:\/\/www.factorled.com\/modules\/oa_features\/img\/7-default.jpg\" width=\"32\" height=\"32\">&nbsp;Energieklasse (2021-EU-2019\/2015)<\/dt>\n<dd class=\"value\">A++<\/dd>\n<dt class=\"name\"><img loading=\"lazy\" decoding=\"async\" src=\"https:\/\/www.factorled.com\/modules\/oa_features\/img\/75-default.jpg\" width=\"32\" height=\"32\">&nbsp;Garantie Jahre<\/dt>\n<dd class=\"value\">BYD Batterie 3 Jahre - LED 5 Jahre<\/dd>\n<dt class=\"name\"><img loading=\"lazy\" decoding=\"async\" src=\"https:\/\/www.factorled.com\/modules\/oa_features\/img\/78-default.jpg\" width=\"32\" height=\"32\">&nbsp;Einschaltzeit<\/dt>\n<dd class=\"value\">48h<\/dd>\n<\/dl><\/h1>","protected":false},"excerpt":{"rendered":"<div class=\"product-reference\"><strong><label class=\"label\">Referenz:<\/label> SLFA-ILU10-4K<\/strong><div><\/div><div class=\"product-description-short\">\n<div id=\"product-description-short-3314\">\n<p>Die&nbsp;<strong>Solar-Stra\u00dfenleuchte -SUNWAY- LED<\/strong>&nbsp;Leistungsstarke&nbsp;<strong>100W Chip<\/strong>Die Lampe ist perfekt, wenn man Geld sparen und gleichzeitig keinen Strom installieren m\u00f6chte, was sie f\u00fcr die \u00f6ffentliche Beleuchtung in allen Arten von Bereichen perfekt macht. Die Stra\u00dfenlaterne ist vorprogrammiert, um die Nutzung des Stroms zu maximieren.<strong>&nbsp;BYD Lithium-Batterie<\/strong>&nbsp;mit&nbsp;<strong>MPPT-Technologie<\/strong>&nbsp;das auch an bew\u00f6lkten Tagen aufl\u00e4dt. Solarmodul&nbsp;<strong>Monokristallin.&nbsp;<\/strong>-Die Stra\u00dfenlaterne schlie\u00dft die S\u00e4ule nicht ein -Die Stra\u00dfenlaterne schlie\u00dft die S\u00e4ule nicht ein -Die Stra\u00dfenlaterne schlie\u00dft die S\u00e4ule nicht ein<\/p>\n<p><i class=\"fa fa-truck\"><\/i>&nbsp;<span class=\"text-muted textprop\">Lieferung innerhalb von 24\/48 Stunden<\/span><\/p>\n<\/div>\n<\/div><\/div>","protected":false},"featured_media":12755,"template":"","meta":{"site-sidebar-layout":"default","site-content-layout":"default","ast-global-header-display":"","ast-main-header-display":"","ast-hfb-above-header-display":"","ast-hfb-below-header-display":"","ast-hfb-mobile-header-display":"","site-post-title":"","ast-breadcrumbs-content":"","ast-featured-img":"","footer-sml-layout":"","theme-transparent-header-meta":"default","adv-header-id-meta":"","stick-header-meta":"","header-above-stick-meta":"","header-main-stick-meta":"","header-below-stick-meta":""},"product_cat":[97,30],"product_tag":[],"class_list":["post-12745","product","type-product","status-publish","has-post-thumbnail","hentry","product_cat-farolas-led-solares","product_cat-iluminacion-publica-y-vial"],"yoast_head":"<!-- This site is optimized with the Yoast SEO plugin v27.4 - https:\/\/yoast.com\/product\/yoast-seo-wordpress\/ -->\n<title>Farola Solar LED 100W SUNWAY Aluminio - 4000K + Mando De Control - STARLED Iluminacion<\/title>\n<meta name=\"robots\" content=\"index, follow, max-snippet:-1, max-image-preview:large, max-video-preview:-1\" \/>\n<link rel=\"canonical\" href=\"https:\/\/starlediluminacion.com\/de\/product\/strasenlaterne-solar-led-100w-sunway-aluminium-4000k-steuerung-steuerung-steuerung\/\" \/>\n<meta property=\"og:locale\" content=\"de_DE\" \/>\n<meta property=\"og:type\" content=\"article\" \/>\n<meta property=\"og:title\" content=\"Farola Solar LED 100W SUNWAY Aluminio - 4000K + Mando De Control - STARLED Iluminacion\" \/>\n<meta property=\"og:description\" content=\"Referencia: SLFA-ILU10-4K     La\u00a0Farola\u00a0Solar -SUNWAY- LED\u00a0de alta potencia\u00a0100W Chip, es perfecta cuando deseas ahorrar y al mismo tiempo no deseas hacer instalaci\u00f3n el\u00e9ctrica, lo que la hace perfecta para alumbrado p\u00fablico de todo tipo de zonas. La farola vine pre programada para maximizar el uso de la\u00a0bater\u00eda L\u00edtio BYD\u00a0con\u00a0tecnolog\u00eda MPPT\u00a0que carga incluso con d\u00edas nublados. Panel Solar\u00a0Monocristalino.\u00a0-La farola no incluye la columna-  \u00a0Entrega en 24\/48 horas\" \/>\n<meta property=\"og:url\" content=\"https:\/\/starlediluminacion.com\/de\/product\/strasenlaterne-solar-led-100w-sunway-aluminium-4000k-steuerung-steuerung-steuerung\/\" \/>\n<meta property=\"og:site_name\" content=\"STARLED Iluminacion\" \/>\n<meta property=\"article:modified_time\" content=\"2024-09-15T11:46:28+00:00\" \/>\n<meta property=\"og:image\" content=\"https:\/\/starlediluminacion.com\/wp-content\/uploads\/2024\/03\/farola-solar-led-100w-sunway.jpg\" \/>\n\t<meta property=\"og:image:width\" content=\"744\" \/>\n\t<meta property=\"og:image:height\" content=\"800\" \/>\n\t<meta property=\"og:image:type\" content=\"image\/jpeg\" \/>\n<meta name=\"twitter:card\" content=\"summary_large_image\" \/>\n<meta name=\"twitter:label1\" content=\"Gesch\u00e4tzte Lesezeit\" \/>\n\t<meta name=\"twitter:data1\" content=\"3\u00a0Minuten\" \/>\n<script type=\"application\/ld+json\" class=\"yoast-schema-graph\">{\"@context\":\"https:\\\/\\\/schema.org\",\"@graph\":[{\"@type\":\"WebPage\",\"@id\":\"https:\\\/\\\/starlediluminacion.com\\\/producto\\\/farola-solar-led-100w-sunway-aluminio-4000k-mando-de-control\\\/\",\"url\":\"https:\\\/\\\/starlediluminacion.com\\\/producto\\\/farola-solar-led-100w-sunway-aluminio-4000k-mando-de-control\\\/\",\"name\":\"Farola Solar LED 100W SUNWAY Aluminio - 4000K + Mando De Control - STARLED Iluminacion\",\"isPartOf\":{\"@id\":\"https:\\\/\\\/starlediluminacion.com\\\/#website\"},\"primaryImageOfPage\":{\"@id\":\"https:\\\/\\\/starlediluminacion.com\\\/producto\\\/farola-solar-led-100w-sunway-aluminio-4000k-mando-de-control\\\/#primaryimage\"},\"image\":{\"@id\":\"https:\\\/\\\/starlediluminacion.com\\\/producto\\\/farola-solar-led-100w-sunway-aluminio-4000k-mando-de-control\\\/#primaryimage\"},\"thumbnailUrl\":\"https:\\\/\\\/starlediluminacion.com\\\/wp-content\\\/uploads\\\/2024\\\/03\\\/farola-solar-led-100w-sunway.jpg\",\"datePublished\":\"2024-03-28T12:38:32+00:00\",\"dateModified\":\"2024-09-15T11:46:28+00:00\",\"breadcrumb\":{\"@id\":\"https:\\\/\\\/starlediluminacion.com\\\/producto\\\/farola-solar-led-100w-sunway-aluminio-4000k-mando-de-control\\\/#breadcrumb\"},\"inLanguage\":\"de\",\"potentialAction\":[{\"@type\":\"ReadAction\",\"target\":[\"https:\\\/\\\/starlediluminacion.com\\\/producto\\\/farola-solar-led-100w-sunway-aluminio-4000k-mando-de-control\\\/\"]}]},{\"@type\":\"ImageObject\",\"inLanguage\":\"de\",\"@id\":\"https:\\\/\\\/starlediluminacion.com\\\/producto\\\/farola-solar-led-100w-sunway-aluminio-4000k-mando-de-control\\\/#primaryimage\",\"url\":\"https:\\\/\\\/starlediluminacion.com\\\/wp-content\\\/uploads\\\/2024\\\/03\\\/farola-solar-led-100w-sunway.jpg\",\"contentUrl\":\"https:\\\/\\\/starlediluminacion.com\\\/wp-content\\\/uploads\\\/2024\\\/03\\\/farola-solar-led-100w-sunway.jpg\",\"width\":744,\"height\":800},{\"@type\":\"BreadcrumbList\",\"@id\":\"https:\\\/\\\/starlediluminacion.com\\\/producto\\\/farola-solar-led-100w-sunway-aluminio-4000k-mando-de-control\\\/#breadcrumb\",\"itemListElement\":[{\"@type\":\"ListItem\",\"position\":1,\"name\":\"Portada\",\"item\":\"https:\\\/\\\/starlediluminacion.com\\\/\"},{\"@type\":\"ListItem\",\"position\":2,\"name\":\"Shop\",\"item\":\"https:\\\/\\\/starlediluminacion.com\\\/shop-2\\\/\"},{\"@type\":\"ListItem\",\"position\":3,\"name\":\"Farola Solar LED 100W SUNWAY Aluminio &#8211; 4000K + Mando De Control\"}]},{\"@type\":\"WebSite\",\"@id\":\"https:\\\/\\\/starlediluminacion.com\\\/#website\",\"url\":\"https:\\\/\\\/starlediluminacion.com\\\/\",\"name\":\"STARLED Iluminacion\",\"description\":\"\",\"potentialAction\":[{\"@type\":\"SearchAction\",\"target\":{\"@type\":\"EntryPoint\",\"urlTemplate\":\"https:\\\/\\\/starlediluminacion.com\\\/?s={search_term_string}\"},\"query-input\":{\"@type\":\"PropertyValueSpecification\",\"valueRequired\":true,\"valueName\":\"search_term_string\"}}],\"inLanguage\":\"de\"}]}<\/script>\n<!-- \/ Yoast SEO plugin. -->","yoast_head_json":{"title":"Farola Solar LED 100W SUNWAY Aluminio - 4000K + Mando De Control - STARLED Iluminacion","robots":{"index":"index","follow":"follow","max-snippet":"max-snippet:-1","max-image-preview":"max-image-preview:large","max-video-preview":"max-video-preview:-1"},"canonical":"https:\/\/starlediluminacion.com\/de\/product\/strasenlaterne-solar-led-100w-sunway-aluminium-4000k-steuerung-steuerung-steuerung\/","og_locale":"de_DE","og_type":"article","og_title":"Farola Solar LED 100W SUNWAY Aluminio - 4000K + Mando De Control - STARLED Iluminacion","og_description":"Referencia: SLFA-ILU10-4K     La\u00a0Farola\u00a0Solar -SUNWAY- LED\u00a0de alta potencia\u00a0100W Chip, es perfecta cuando deseas ahorrar y al mismo tiempo no deseas hacer instalaci\u00f3n el\u00e9ctrica, lo que la hace perfecta para alumbrado p\u00fablico de todo tipo de zonas. La farola vine pre programada para maximizar el uso de la\u00a0bater\u00eda L\u00edtio BYD\u00a0con\u00a0tecnolog\u00eda MPPT\u00a0que carga incluso con d\u00edas nublados. Panel Solar\u00a0Monocristalino.\u00a0-La farola no incluye la columna-  \u00a0Entrega en 24\/48 horas","og_url":"https:\/\/starlediluminacion.com\/de\/product\/strasenlaterne-solar-led-100w-sunway-aluminium-4000k-steuerung-steuerung-steuerung\/","og_site_name":"STARLED Iluminacion","article_modified_time":"2024-09-15T11:46:28+00:00","og_image":[{"width":744,"height":800,"url":"https:\/\/starlediluminacion.com\/wp-content\/uploads\/2024\/03\/farola-solar-led-100w-sunway.jpg","type":"image\/jpeg"}],"twitter_card":"summary_large_image","twitter_misc":{"Gesch\u00e4tzte Lesezeit":"3\u00a0Minuten"},"schema":{"@context":"https:\/\/schema.org","@graph":[{"@type":"WebPage","@id":"https:\/\/starlediluminacion.com\/producto\/farola-solar-led-100w-sunway-aluminio-4000k-mando-de-control\/","url":"https:\/\/starlediluminacion.com\/producto\/farola-solar-led-100w-sunway-aluminio-4000k-mando-de-control\/","name":"Farola Solar LED 100W SUNWAY Aluminio - 4000K + Mando De Control - STARLED Iluminacion","isPartOf":{"@id":"https:\/\/starlediluminacion.com\/#website"},"primaryImageOfPage":{"@id":"https:\/\/starlediluminacion.com\/producto\/farola-solar-led-100w-sunway-aluminio-4000k-mando-de-control\/#primaryimage"},"image":{"@id":"https:\/\/starlediluminacion.com\/producto\/farola-solar-led-100w-sunway-aluminio-4000k-mando-de-control\/#primaryimage"},"thumbnailUrl":"https:\/\/starlediluminacion.com\/wp-content\/uploads\/2024\/03\/farola-solar-led-100w-sunway.jpg","datePublished":"2024-03-28T12:38:32+00:00","dateModified":"2024-09-15T11:46:28+00:00","breadcrumb":{"@id":"https:\/\/starlediluminacion.com\/producto\/farola-solar-led-100w-sunway-aluminio-4000k-mando-de-control\/#breadcrumb"},"inLanguage":"de","potentialAction":[{"@type":"ReadAction","target":["https:\/\/starlediluminacion.com\/producto\/farola-solar-led-100w-sunway-aluminio-4000k-mando-de-control\/"]}]},{"@type":"ImageObject","inLanguage":"de","@id":"https:\/\/starlediluminacion.com\/producto\/farola-solar-led-100w-sunway-aluminio-4000k-mando-de-control\/#primaryimage","url":"https:\/\/starlediluminacion.com\/wp-content\/uploads\/2024\/03\/farola-solar-led-100w-sunway.jpg","contentUrl":"https:\/\/starlediluminacion.com\/wp-content\/uploads\/2024\/03\/farola-solar-led-100w-sunway.jpg","width":744,"height":800},{"@type":"BreadcrumbList","@id":"https:\/\/starlediluminacion.com\/producto\/farola-solar-led-100w-sunway-aluminio-4000k-mando-de-control\/#breadcrumb","itemListElement":[{"@type":"ListItem","position":1,"name":"Portada","item":"https:\/\/starlediluminacion.com\/"},{"@type":"ListItem","position":2,"name":"Shop","item":"https:\/\/starlediluminacion.com\/shop-2\/"},{"@type":"ListItem","position":3,"name":"Farola Solar LED 100W SUNWAY Aluminio &#8211; 4000K + Mando De Control"}]},{"@type":"WebSite","@id":"https:\/\/starlediluminacion.com\/#website","url":"https:\/\/starlediluminacion.com\/","name":"STARLED Iluminacion","description":"","potentialAction":[{"@type":"SearchAction","target":{"@type":"EntryPoint","urlTemplate":"https:\/\/starlediluminacion.com\/?s={search_term_string}"},"query-input":{"@type":"PropertyValueSpecification","valueRequired":true,"valueName":"search_term_string"}}],"inLanguage":"de"}]}},"_links":{"self":[{"href":"https:\/\/starlediluminacion.com\/de\/wp-json\/wp\/v3\/product\/12745","targetHints":{"allow":["GET"]}}],"collection":[{"href":"https:\/\/starlediluminacion.com\/de\/wp-json\/wp\/v3\/product"}],"about":[{"href":"https:\/\/starlediluminacion.com\/de\/wp-json\/wp\/v2\/types\/product"}],"wp:featuredmedia":[{"embeddable":true,"href":"https:\/\/starlediluminacion.com\/de\/wp-json\/wp\/v2\/media\/12755"}],"wp:attachment":[{"href":"https:\/\/starlediluminacion.com\/de\/wp-json\/wp\/v2\/media?parent=12745"}],"wp:term":[{"taxonomy":"product_cat","embeddable":true,"href":"https:\/\/starlediluminacion.com\/de\/wp-json\/wp\/v2\/product_cat?post=12745"},{"taxonomy":"product_tag","embeddable":true,"href":"https:\/\/starlediluminacion.com\/de\/wp-json\/wp\/v2\/product_tag?post=12745"}],"curies":[{"name":"wp","href":"https:\/\/api.w.org\/{rel}","templated":true}]}}