{"id":12590,"date":"2024-03-28T11:37:19","date_gmt":"2024-03-28T11:37:19","guid":{"rendered":"https:\/\/starlediluminacion.com\/?post_type=product&#038;p=12590"},"modified":"2024-03-28T12:46:08","modified_gmt":"2024-03-28T12:46:08","slug":"campana-industrial-led-200w-ufo-titan-chip-lumileds-smd-2835-campana-industrial-led-200w-ufo-titan-chip-lumileds-smd-2835","status":"publish","type":"product","link":"https:\/\/starlediluminacion.com\/de\/product\/campana-industrial-led-200w-ufo-titan-chip-lumileds-smd-2835-campana-industrial-led-200w-ufo-titan-chip-lumileds-smd-2835\/","title":{"rendered":"<p>Campana Industrial LED 200W UFO TITAN CHIP LUMILEDS SMD 2835<\/p>"},"content":{"rendered":"<h1>Campana Industrial LED 200W UFO TITAN CHIP LUMILEDS SMD 2835<strong><br>\n<\/strong><p>&nbsp;<\/p><p>Willkommen bei der Lichtrevolution mit unserem&nbsp;<strong>UFO TITAN LED-Haube,<\/strong>&nbsp;die neueste Innovation in der Beleuchtungstechnik. Diese Dunstabzugshaube wurde entwickelt, um die Erwartungen zu \u00fcbertreffen, und verf\u00fcgt \u00fcber&nbsp;<strong>SMD 2835 Dioden mit hoher Helligkeit von LUMILEDS,<\/strong>&nbsp;einen au\u00dfergew\u00f6hnlichen Wirkungsgrad von bis zu&nbsp;<strong>150 Lm\/W<\/strong>. Mit einer&nbsp;<strong>CRI +80,<\/strong>&nbsp;garantiert eine originalgetreue Wiedergabe der Farben und schafft so eine hochwertige Lichtumgebung.<\/p><p>Die fortschrittliche Technologie Ihres Fahrers&nbsp;<strong>Kein Flick<\/strong>&nbsp;und die&nbsp;<strong>90\u00b0 Linse<\/strong>&nbsp;Die gro\u00dfe \u00d6ffnungs\u00f6ffnung sorgt f\u00fcr eine gleichm\u00e4\u00dfige Ausleuchtung ohne st\u00f6rendes Flackern und bietet ein angenehmes und effizientes Seherlebnis. Ob f\u00fcr industrielle, gewerbliche oder private Anwendungen, dieser LED-Himmel bietet eine leistungsstarke, moderne Beleuchtungsl\u00f6sung.<\/p><p>&nbsp;<\/p><p><strong>Wesentliche Merkmale:<\/strong><\/p><p><strong>1. Energie-Effizienz:<\/strong>&nbsp;Mit einer Lichtausbeute von bis zu 150 Lm\/W maximiert dieser UFO TITAN LED-Schirm die Lichtleistung und bietet eine intensive Beleuchtung bei geringerem Energieverbrauch.<\/p><p><strong>2. Hervorragende Lichtqualit\u00e4t:<\/strong>&nbsp;Der hohe CRI-Wert von +80 sorgt f\u00fcr eine nat\u00fcrliche Farbwiedergabe, die f\u00fcr Umgebungen, in denen visuelle Genauigkeit entscheidend ist, unerl\u00e4sslich ist.<\/p><p><strong>3. kein st\u00f6rendes Flackern:<\/strong>&nbsp;Dank des No-Flick-Treibers ist die Beleuchtung stabil und flimmerfrei, was den Komfort erh\u00f6ht und die Erm\u00fcdung der Augen reduziert.<\/p><p><strong>4. Vielseitigkeit und Schutz:<\/strong>&nbsp;Mit einer 90\u00b0-\u00d6ffnung und der Schutzart IP65 eignet sich diese Haube f\u00fcr eine Vielzahl von Anwendungen im Innen- und Au\u00dfenbereich und h\u00e4lt auch widrigen Bedingungen stand.<\/p><p>&nbsp;<\/p><p><strong>Empfohlene Verwendungszwecke und Anwendungen:<\/strong><\/p><ul>\n<li><strong>Industrie:<\/strong>&nbsp;Ideal f\u00fcr die Beleuchtung von Industriegeb\u00e4uden, Lagerhallen und Fabriken. Sie bieten leistungsstarkes und gleichm\u00e4\u00dfiges Licht zur Optimierung von Produktivit\u00e4t und Sicherheit.<\/li>\n<li><strong>Gesch\u00e4fte:<\/strong>&nbsp;Ideal f\u00fcr Gesch\u00e4fte, Superm\u00e4rkte und Einkaufszentren, um die Sichtbarkeit der Produkte zu verbessern und ein attraktives Umfeld f\u00fcr die Kunden zu schaffen.<\/li>\n<li><strong>Freir\u00e4ume:<\/strong>&nbsp;Mit seiner Schutzart IP65 eignet sich dieser Baldachin f\u00fcr die Beleuchtung von Au\u00dfenbereichen wie Parkpl\u00e4tzen, Terrassen und Einfahrten und ist wetterfest.<\/li>\n<li><strong>Wohnr\u00e4ume:<\/strong>&nbsp;Zur Beleuchtung gro\u00dfer R\u00e4ume in Wohnungen, wie z. B. Wohnzimmer oder Unterhaltungsbereiche, die eine helle und freundliche Beleuchtung bieten.<\/li>\n<\/ul><p>&nbsp;<\/p><p>Entdecken Sie die Kraft der modernen Beleuchtung mit dem&nbsp;<strong>UFO TITAN LED-Haube<\/strong>. Erneuern Sie Ihre R\u00e4ume mit hochwertigem Licht, das die Art und Weise, wie Sie Beleuchtung erleben, ver\u00e4ndert - erleuchten Sie Ihre Welt mit modernster Technologie!<\/p><h3 class=\"h6\">Produktdatenblatt<\/h3><dl class=\"data-sheet\">\n<dt class=\"name\"><img loading=\"lazy\" decoding=\"async\" src=\"https:\/\/www.factorled.com\/modules\/oa_features\/img\/2-default.jpg\" width=\"32\" height=\"32\">&nbsp;REFERENZ<\/dt>\n<dd class=\"value\">SLHB200W-TITAN<\/dd>\n<dt class=\"name\"><img loading=\"lazy\" decoding=\"async\" src=\"https:\/\/www.factorled.com\/modules\/oa_features\/img\/3-default.jpg\" width=\"32\" height=\"32\">&nbsp;Nennleistung<\/dt>\n<dd class=\"value\">200w<\/dd>\n<dt class=\"name\"><img loading=\"lazy\" decoding=\"async\" src=\"https:\/\/www.factorled.com\/modules\/oa_features\/img\/4-default.jpg\" width=\"32\" height=\"32\">&nbsp;Nennspannung<\/dt>\n<dd class=\"value\">AC180-265V<\/dd>\n<dt class=\"name\"><img loading=\"lazy\" decoding=\"async\" src=\"https:\/\/www.factorled.com\/modules\/oa_features\/img\/5-default.jpg\" width=\"32\" height=\"32\">&nbsp;Licht Temperatur<\/dt>\n<dd class=\"value\">4000K - 5700K<\/dd>\n<dt class=\"name\"><img loading=\"lazy\" decoding=\"async\" src=\"https:\/\/www.factorled.com\/modules\/oa_features\/img\/6-default.jpg\" width=\"32\" height=\"32\">&nbsp;CRI - Farbwiedergabe-Index<\/dt>\n<dd class=\"value\">80<\/dd>\n<dt class=\"name\"><img loading=\"lazy\" decoding=\"async\" src=\"https:\/\/www.factorled.com\/modules\/oa_features\/img\/25-default.jpg\" width=\"32\" height=\"32\">&nbsp;Baumaterial<\/dt>\n<dd class=\"value\">Aluminium + Glas<\/dd>\n<dt class=\"name\"><img loading=\"lazy\" decoding=\"async\" src=\"https:\/\/www.factorled.com\/modules\/oa_features\/img\/8-default.jpg\" width=\"32\" height=\"32\">&nbsp;Leuchtkraft-Lm<\/dt>\n<dd class=\"value\">24000<\/dd>\n<dt class=\"name\"><img loading=\"lazy\" decoding=\"async\" src=\"https:\/\/www.factorled.com\/modules\/oa_features\/img\/9-default.jpg\" width=\"32\" height=\"32\">&nbsp;LED-Typ<\/dt>\n<dd class=\"value\">SMD 2835 LUMILEDS<\/dd>\n<dt class=\"name\"><img loading=\"lazy\" decoding=\"async\" src=\"https:\/\/www.factorled.com\/modules\/oa_features\/img\/10-default.jpg\" width=\"32\" height=\"32\">&nbsp;\u00d6ffnungswinkel (\u00ba)<\/dt>\n<dd class=\"value\">90\u00b0<\/dd>\n<dt class=\"name\"><img loading=\"lazy\" decoding=\"async\" src=\"https:\/\/www.factorled.com\/modules\/oa_features\/img\/12-default.jpg\" width=\"32\" height=\"32\">&nbsp;LED-Dioden-Wirkungsgrad (Lm\/W)<\/dt>\n<dd class=\"value\">150Lm\/W<\/dd>\n<dt class=\"name\"><img loading=\"lazy\" decoding=\"async\" src=\"https:\/\/www.factorled.com\/modules\/oa_features\/img\/13-default.jpg\" width=\"32\" height=\"32\">&nbsp;Lichtausbeute (Lm\/W)<\/dt>\n<dd class=\"value\">120 Lm\/W<\/dd>\n<dt class=\"name\"><img loading=\"lazy\" decoding=\"async\" src=\"https:\/\/www.factorled.com\/modules\/oa_features\/img\/15-default.jpg\" width=\"32\" height=\"32\">&nbsp;Bescheinigungen<\/dt>\n<dd class=\"value\">CE - ROHS<\/dd>\n<dt class=\"name\"><img loading=\"lazy\" decoding=\"async\" src=\"https:\/\/www.factorled.com\/modules\/oa_features\/img\/16-default.jpg\" width=\"32\" height=\"32\">&nbsp;IP-Bewertung<\/dt>\n<dd class=\"value\">IP65-Au\u00dfenbereich<\/dd>\n<dt class=\"name\"><img loading=\"lazy\" decoding=\"async\" src=\"https:\/\/www.factorled.com\/modules\/oa_features\/img\/17-default.jpg\" width=\"32\" height=\"32\">&nbsp;Gesch\u00e4tzte Lebensdauer LED-Diode (H)<\/dt>\n<dd class=\"value\">35.000<\/dd>\n<dt class=\"name\"><img loading=\"lazy\" decoding=\"async\" src=\"https:\/\/www.factorled.com\/modules\/oa_features\/img\/18-default.jpg\" width=\"32\" height=\"32\">&nbsp;Messungen (Mm)<\/dt>\n<dd class=\"value\">&Oslash;330XH68mm<\/dd>\n<dt class=\"name\"><img loading=\"lazy\" decoding=\"async\" src=\"https:\/\/www.factorled.com\/modules\/oa_features\/img\/20-default.jpg\" width=\"32\" height=\"32\">&nbsp;Leistungsfaktor (PF)<\/dt>\n<dd class=\"value\">0.95<\/dd>\n<dt class=\"name\"><img loading=\"lazy\" decoding=\"async\" src=\"https:\/\/www.factorled.com\/modules\/oa_features\/img\/21-default.jpg\" width=\"32\" height=\"32\">&nbsp;Arbeitsfrequenz (Hz)<\/dt>\n<dd class=\"value\">50\/60Hz<\/dd>\n<dt class=\"name\"><img loading=\"lazy\" decoding=\"async\" src=\"https:\/\/www.factorled.com\/modules\/oa_features\/img\/22-default.jpg\" width=\"32\" height=\"32\">&nbsp;Temperaturbereich (\u00baC)<\/dt>\n<dd class=\"value\">-20\u00b0C ~ +55\u00b0C<\/dd>\n<dt class=\"name\"><img loading=\"lazy\" decoding=\"async\" src=\"https:\/\/www.factorled.com\/modules\/oa_features\/img\/23-default.jpg\" width=\"32\" height=\"32\">&nbsp;Z\u00fcndungszyklen<\/dt>\n<dd class=\"value\">100.000<\/dd>\n<dt class=\"name\"><img loading=\"lazy\" decoding=\"async\" src=\"https:\/\/www.factorled.com\/modules\/oa_features\/img\/24-default.jpg\" width=\"32\" height=\"32\">&nbsp;Anlaufzeit (S)<\/dt>\n<dd class=\"value\">0,2s<\/dd>\n<dt class=\"name\"><img loading=\"lazy\" decoding=\"async\" src=\"https:\/\/www.factorled.com\/modules\/oa_features\/img\/31-default.jpg\" width=\"32\" height=\"32\">&nbsp;\u00dcberspannungsschutz<\/dt>\n<dd class=\"value\">10K<\/dd>\n<dt class=\"name\"><img loading=\"lazy\" decoding=\"async\" src=\"https:\/\/www.factorled.com\/modules\/oa_features\/img\/73-default.jpg\" width=\"32\" height=\"32\">&nbsp;Aufprallschutz (IK)<\/dt>\n<dd class=\"value\">IK08<\/dd>\n<dt class=\"name\"><img loading=\"lazy\" decoding=\"async\" src=\"https:\/\/www.factorled.com\/modules\/oa_features\/img\/74-default.jpg\" width=\"32\" height=\"32\">&nbsp;Inklusive Treiber<\/dt>\n<dd class=\"value\">KEIN FLICK-TREIBER - KEIN FLIMMERN<\/dd>\n<dt class=\"name\"><img loading=\"lazy\" decoding=\"async\" src=\"https:\/\/www.factorled.com\/modules\/oa_features\/img\/7-default.jpg\" width=\"32\" height=\"32\">&nbsp;Energieklasse (2021-EU-2019\/2015)<\/dt>\n<dd class=\"value\">A+<\/dd>\n<dt class=\"name\"><img loading=\"lazy\" decoding=\"async\" src=\"https:\/\/www.factorled.com\/modules\/oa_features\/img\/101-default.jpg\" width=\"32\" height=\"32\">&nbsp;Energieklasse (2023 - EU-2019\/2015)<\/dt>\n<dd class=\"value\">E<\/dd>\n<dt class=\"name\"><img loading=\"lazy\" decoding=\"async\" src=\"https:\/\/www.factorled.com\/modules\/oa_features\/img\/75-default.jpg\" width=\"32\" height=\"32\">&nbsp;Garantie Jahre<\/dt>\n<dd class=\"value\">3<\/dd>\n<\/dl><\/h1>","protected":false},"excerpt":{"rendered":"<div class=\"product-reference\"><strong><label class=\"label\">Referenz:<\/label> SLHB200W-TITAN-91849-57K<\/strong>\n<div><\/div>\n<div class=\"product-description-short\">\n<div id=\"product-description-short-3268\">\n<p>Erleben Sie die Avantgarde mit unserem&nbsp;<strong>UFO TITAN LED-Haube&nbsp;<\/strong><b>200W&nbsp;<\/b>auf dem neuesten Stand der Technik! Ausgestattet mit Dioden&nbsp;<strong>SMD 2835 von LUMILEDS,<\/strong>&nbsp;erreicht eine beeindruckende Effizienz von bis zu 150 Lm\/W und einen hohen CRI +80 f\u00fcr eine helle, klare Ausleuchtung. Der Treiber&nbsp;<strong>Kein Flick<\/strong>&nbsp;und die 90\u00b0-Linse sorgen f\u00fcr gleichm\u00e4\u00dfiges, flimmerfreies Licht.<\/p>\n<p>Mit Schutz&nbsp;<strong>IP65,<\/strong>&nbsp;esta campana es perfecta para interiores y exteriores. &iexcl;Potencia tu espacio con esta<\/p>\n<p><strong>Farbtemperatur: 4000K\/5700K<\/strong><\/p>\n<p><i class=\"fa fa-truck\"><\/i>&nbsp;<span class=\"text-muted textprop\">Lieferung innerhalb von 24\/48 Stunden<\/span><\/p>\n<p>&nbsp;<\/p>\n<\/div>\n<\/div><\/div>","protected":false},"featured_media":12595,"template":"","meta":{"site-sidebar-layout":"default","site-content-layout":"default","ast-global-header-display":"","ast-main-header-display":"","ast-hfb-above-header-display":"","ast-hfb-below-header-display":"","ast-hfb-mobile-header-display":"","site-post-title":"","ast-breadcrumbs-content":"","ast-featured-img":"","footer-sml-layout":"","theme-transparent-header-meta":"default","adv-header-id-meta":"","stick-header-meta":"","header-above-stick-meta":"","header-main-stick-meta":"","header-below-stick-meta":""},"product_cat":[100,29],"product_tag":[],"class_list":["post-12590","product","type-product","status-publish","has-post-thumbnail","hentry","product_cat-campanas-industriales-pro-led-ufo","product_cat-iluminacion-industrial-led"],"yoast_head":"<!-- This site is optimized with the Yoast SEO plugin v27.4 - https:\/\/yoast.com\/product\/yoast-seo-wordpress\/ -->\n<title>Campana Industrial LED 200W UFO TITAN CHIP LUMILEDS SMD 2835 - STARLED Iluminacion<\/title>\n<meta name=\"robots\" content=\"index, follow, max-snippet:-1, max-image-preview:large, max-video-preview:-1\" \/>\n<link rel=\"canonical\" href=\"https:\/\/starlediluminacion.com\/de\/product\/campana-industrial-led-200w-ufo-titan-chip-lumileds-smd-2835-campana-industrial-led-200w-ufo-titan-chip-lumileds-smd-2835\/\" \/>\n<meta property=\"og:locale\" content=\"de_DE\" \/>\n<meta property=\"og:type\" content=\"article\" \/>\n<meta property=\"og:title\" content=\"Campana Industrial LED 200W UFO TITAN CHIP LUMILEDS SMD 2835 - STARLED Iluminacion\" \/>\n<meta property=\"og:description\" content=\"Referencia: SLHB200W-TITAN-91849-57K      \u00a1Experimenta la vanguardia con nuestra\u00a0Campana LED UFO TITAN\u00a0200W\u00a0de \u00faltima generaci\u00f3n! Equipada con diodos\u00a0SMD 2835 de LUMILEDS,\u00a0logra una eficacia impresionante de hasta 150 Lm\/W y un alto CRI +80 para una iluminaci\u00f3n brillante y n\u00edtida. El driver\u00a0No Flick\u00a0y la lente de 90\u00ba aseguran una luz uniforme y sin parpadeos.  Con protecci\u00f3n\u00a0IP65,\u00a0esta campana es perfecta para interiores y exteriores. \u00a1Potencia tu espacio con esta  Temperatura de Color: 4000K\/5700K  \u00a0Entrega en 24\/48 horas  &nbsp;\" \/>\n<meta property=\"og:url\" content=\"https:\/\/starlediluminacion.com\/de\/product\/campana-industrial-led-200w-ufo-titan-chip-lumileds-smd-2835-campana-industrial-led-200w-ufo-titan-chip-lumileds-smd-2835\/\" \/>\n<meta property=\"og:site_name\" content=\"STARLED Iluminacion\" \/>\n<meta property=\"article:modified_time\" content=\"2024-03-28T12:46:08+00:00\" \/>\n<meta property=\"og:image\" content=\"https:\/\/starlediluminacion.com\/wp-content\/uploads\/2024\/03\/campana-industrial-led-200w-ufo-titan-chip-lumileds-smd-2835.jpg\" \/>\n\t<meta property=\"og:image:width\" content=\"744\" \/>\n\t<meta property=\"og:image:height\" content=\"800\" \/>\n\t<meta property=\"og:image:type\" content=\"image\/jpeg\" \/>\n<meta name=\"twitter:card\" content=\"summary_large_image\" \/>\n<meta name=\"twitter:label1\" content=\"Gesch\u00e4tzte Lesezeit\" \/>\n\t<meta name=\"twitter:data1\" content=\"3\u00a0Minuten\" \/>\n<script type=\"application\/ld+json\" class=\"yoast-schema-graph\">{\"@context\":\"https:\\\/\\\/schema.org\",\"@graph\":[{\"@type\":\"WebPage\",\"@id\":\"https:\\\/\\\/starlediluminacion.com\\\/producto\\\/campana-industrial-led-200w-ufo-titan-chip-lumileds-smd-2835-campana-industrial-led-200w-ufo-titan-chip-lumileds-smd-2835\\\/\",\"url\":\"https:\\\/\\\/starlediluminacion.com\\\/producto\\\/campana-industrial-led-200w-ufo-titan-chip-lumileds-smd-2835-campana-industrial-led-200w-ufo-titan-chip-lumileds-smd-2835\\\/\",\"name\":\"Campana Industrial LED 200W UFO TITAN CHIP LUMILEDS SMD 2835 - STARLED Iluminacion\",\"isPartOf\":{\"@id\":\"https:\\\/\\\/starlediluminacion.com\\\/#website\"},\"primaryImageOfPage\":{\"@id\":\"https:\\\/\\\/starlediluminacion.com\\\/producto\\\/campana-industrial-led-200w-ufo-titan-chip-lumileds-smd-2835-campana-industrial-led-200w-ufo-titan-chip-lumileds-smd-2835\\\/#primaryimage\"},\"image\":{\"@id\":\"https:\\\/\\\/starlediluminacion.com\\\/producto\\\/campana-industrial-led-200w-ufo-titan-chip-lumileds-smd-2835-campana-industrial-led-200w-ufo-titan-chip-lumileds-smd-2835\\\/#primaryimage\"},\"thumbnailUrl\":\"https:\\\/\\\/starlediluminacion.com\\\/wp-content\\\/uploads\\\/2024\\\/03\\\/campana-industrial-led-200w-ufo-titan-chip-lumileds-smd-2835.jpg\",\"datePublished\":\"2024-03-28T11:37:19+00:00\",\"dateModified\":\"2024-03-28T12:46:08+00:00\",\"breadcrumb\":{\"@id\":\"https:\\\/\\\/starlediluminacion.com\\\/producto\\\/campana-industrial-led-200w-ufo-titan-chip-lumileds-smd-2835-campana-industrial-led-200w-ufo-titan-chip-lumileds-smd-2835\\\/#breadcrumb\"},\"inLanguage\":\"de\",\"potentialAction\":[{\"@type\":\"ReadAction\",\"target\":[\"https:\\\/\\\/starlediluminacion.com\\\/producto\\\/campana-industrial-led-200w-ufo-titan-chip-lumileds-smd-2835-campana-industrial-led-200w-ufo-titan-chip-lumileds-smd-2835\\\/\"]}]},{\"@type\":\"ImageObject\",\"inLanguage\":\"de\",\"@id\":\"https:\\\/\\\/starlediluminacion.com\\\/producto\\\/campana-industrial-led-200w-ufo-titan-chip-lumileds-smd-2835-campana-industrial-led-200w-ufo-titan-chip-lumileds-smd-2835\\\/#primaryimage\",\"url\":\"https:\\\/\\\/starlediluminacion.com\\\/wp-content\\\/uploads\\\/2024\\\/03\\\/campana-industrial-led-200w-ufo-titan-chip-lumileds-smd-2835.jpg\",\"contentUrl\":\"https:\\\/\\\/starlediluminacion.com\\\/wp-content\\\/uploads\\\/2024\\\/03\\\/campana-industrial-led-200w-ufo-titan-chip-lumileds-smd-2835.jpg\",\"width\":744,\"height\":800},{\"@type\":\"BreadcrumbList\",\"@id\":\"https:\\\/\\\/starlediluminacion.com\\\/producto\\\/campana-industrial-led-200w-ufo-titan-chip-lumileds-smd-2835-campana-industrial-led-200w-ufo-titan-chip-lumileds-smd-2835\\\/#breadcrumb\",\"itemListElement\":[{\"@type\":\"ListItem\",\"position\":1,\"name\":\"Portada\",\"item\":\"https:\\\/\\\/starlediluminacion.com\\\/\"},{\"@type\":\"ListItem\",\"position\":2,\"name\":\"Shop\",\"item\":\"https:\\\/\\\/starlediluminacion.com\\\/shop-2\\\/\"},{\"@type\":\"ListItem\",\"position\":3,\"name\":\"Campana Industrial LED 200W UFO TITAN CHIP LUMILEDS SMD 2835\"}]},{\"@type\":\"WebSite\",\"@id\":\"https:\\\/\\\/starlediluminacion.com\\\/#website\",\"url\":\"https:\\\/\\\/starlediluminacion.com\\\/\",\"name\":\"STARLED Iluminacion\",\"description\":\"\",\"potentialAction\":[{\"@type\":\"SearchAction\",\"target\":{\"@type\":\"EntryPoint\",\"urlTemplate\":\"https:\\\/\\\/starlediluminacion.com\\\/?s={search_term_string}\"},\"query-input\":{\"@type\":\"PropertyValueSpecification\",\"valueRequired\":true,\"valueName\":\"search_term_string\"}}],\"inLanguage\":\"de\"}]}<\/script>\n<!-- \/ Yoast SEO plugin. -->","yoast_head_json":{"title":"Campana Industrial LED 200W UFO TITAN CHIP LUMILEDS SMD 2835 - STARLED Iluminacion","robots":{"index":"index","follow":"follow","max-snippet":"max-snippet:-1","max-image-preview":"max-image-preview:large","max-video-preview":"max-video-preview:-1"},"canonical":"https:\/\/starlediluminacion.com\/de\/product\/campana-industrial-led-200w-ufo-titan-chip-lumileds-smd-2835-campana-industrial-led-200w-ufo-titan-chip-lumileds-smd-2835\/","og_locale":"de_DE","og_type":"article","og_title":"Campana Industrial LED 200W UFO TITAN CHIP LUMILEDS SMD 2835 - STARLED Iluminacion","og_description":"Referencia: SLHB200W-TITAN-91849-57K      \u00a1Experimenta la vanguardia con nuestra\u00a0Campana LED UFO TITAN\u00a0200W\u00a0de \u00faltima generaci\u00f3n! Equipada con diodos\u00a0SMD 2835 de LUMILEDS,\u00a0logra una eficacia impresionante de hasta 150 Lm\/W y un alto CRI +80 para una iluminaci\u00f3n brillante y n\u00edtida. El driver\u00a0No Flick\u00a0y la lente de 90\u00ba aseguran una luz uniforme y sin parpadeos.  Con protecci\u00f3n\u00a0IP65,\u00a0esta campana es perfecta para interiores y exteriores. \u00a1Potencia tu espacio con esta  Temperatura de Color: 4000K\/5700K  \u00a0Entrega en 24\/48 horas  &nbsp;","og_url":"https:\/\/starlediluminacion.com\/de\/product\/campana-industrial-led-200w-ufo-titan-chip-lumileds-smd-2835-campana-industrial-led-200w-ufo-titan-chip-lumileds-smd-2835\/","og_site_name":"STARLED Iluminacion","article_modified_time":"2024-03-28T12:46:08+00:00","og_image":[{"width":744,"height":800,"url":"https:\/\/starlediluminacion.com\/wp-content\/uploads\/2024\/03\/campana-industrial-led-200w-ufo-titan-chip-lumileds-smd-2835.jpg","type":"image\/jpeg"}],"twitter_card":"summary_large_image","twitter_misc":{"Gesch\u00e4tzte Lesezeit":"3\u00a0Minuten"},"schema":{"@context":"https:\/\/schema.org","@graph":[{"@type":"WebPage","@id":"https:\/\/starlediluminacion.com\/producto\/campana-industrial-led-200w-ufo-titan-chip-lumileds-smd-2835-campana-industrial-led-200w-ufo-titan-chip-lumileds-smd-2835\/","url":"https:\/\/starlediluminacion.com\/producto\/campana-industrial-led-200w-ufo-titan-chip-lumileds-smd-2835-campana-industrial-led-200w-ufo-titan-chip-lumileds-smd-2835\/","name":"Campana Industrial LED 200W UFO TITAN CHIP LUMILEDS SMD 2835 - STARLED Iluminacion","isPartOf":{"@id":"https:\/\/starlediluminacion.com\/#website"},"primaryImageOfPage":{"@id":"https:\/\/starlediluminacion.com\/producto\/campana-industrial-led-200w-ufo-titan-chip-lumileds-smd-2835-campana-industrial-led-200w-ufo-titan-chip-lumileds-smd-2835\/#primaryimage"},"image":{"@id":"https:\/\/starlediluminacion.com\/producto\/campana-industrial-led-200w-ufo-titan-chip-lumileds-smd-2835-campana-industrial-led-200w-ufo-titan-chip-lumileds-smd-2835\/#primaryimage"},"thumbnailUrl":"https:\/\/starlediluminacion.com\/wp-content\/uploads\/2024\/03\/campana-industrial-led-200w-ufo-titan-chip-lumileds-smd-2835.jpg","datePublished":"2024-03-28T11:37:19+00:00","dateModified":"2024-03-28T12:46:08+00:00","breadcrumb":{"@id":"https:\/\/starlediluminacion.com\/producto\/campana-industrial-led-200w-ufo-titan-chip-lumileds-smd-2835-campana-industrial-led-200w-ufo-titan-chip-lumileds-smd-2835\/#breadcrumb"},"inLanguage":"de","potentialAction":[{"@type":"ReadAction","target":["https:\/\/starlediluminacion.com\/producto\/campana-industrial-led-200w-ufo-titan-chip-lumileds-smd-2835-campana-industrial-led-200w-ufo-titan-chip-lumileds-smd-2835\/"]}]},{"@type":"ImageObject","inLanguage":"de","@id":"https:\/\/starlediluminacion.com\/producto\/campana-industrial-led-200w-ufo-titan-chip-lumileds-smd-2835-campana-industrial-led-200w-ufo-titan-chip-lumileds-smd-2835\/#primaryimage","url":"https:\/\/starlediluminacion.com\/wp-content\/uploads\/2024\/03\/campana-industrial-led-200w-ufo-titan-chip-lumileds-smd-2835.jpg","contentUrl":"https:\/\/starlediluminacion.com\/wp-content\/uploads\/2024\/03\/campana-industrial-led-200w-ufo-titan-chip-lumileds-smd-2835.jpg","width":744,"height":800},{"@type":"BreadcrumbList","@id":"https:\/\/starlediluminacion.com\/producto\/campana-industrial-led-200w-ufo-titan-chip-lumileds-smd-2835-campana-industrial-led-200w-ufo-titan-chip-lumileds-smd-2835\/#breadcrumb","itemListElement":[{"@type":"ListItem","position":1,"name":"Portada","item":"https:\/\/starlediluminacion.com\/"},{"@type":"ListItem","position":2,"name":"Shop","item":"https:\/\/starlediluminacion.com\/shop-2\/"},{"@type":"ListItem","position":3,"name":"Campana Industrial LED 200W UFO TITAN CHIP LUMILEDS SMD 2835"}]},{"@type":"WebSite","@id":"https:\/\/starlediluminacion.com\/#website","url":"https:\/\/starlediluminacion.com\/","name":"STARLED Iluminacion","description":"","potentialAction":[{"@type":"SearchAction","target":{"@type":"EntryPoint","urlTemplate":"https:\/\/starlediluminacion.com\/?s={search_term_string}"},"query-input":{"@type":"PropertyValueSpecification","valueRequired":true,"valueName":"search_term_string"}}],"inLanguage":"de"}]}},"_links":{"self":[{"href":"https:\/\/starlediluminacion.com\/de\/wp-json\/wp\/v3\/product\/12590","targetHints":{"allow":["GET"]}}],"collection":[{"href":"https:\/\/starlediluminacion.com\/de\/wp-json\/wp\/v3\/product"}],"about":[{"href":"https:\/\/starlediluminacion.com\/de\/wp-json\/wp\/v2\/types\/product"}],"wp:featuredmedia":[{"embeddable":true,"href":"https:\/\/starlediluminacion.com\/de\/wp-json\/wp\/v2\/media\/12595"}],"wp:attachment":[{"href":"https:\/\/starlediluminacion.com\/de\/wp-json\/wp\/v2\/media?parent=12590"}],"wp:term":[{"taxonomy":"product_cat","embeddable":true,"href":"https:\/\/starlediluminacion.com\/de\/wp-json\/wp\/v2\/product_cat?post=12590"},{"taxonomy":"product_tag","embeddable":true,"href":"https:\/\/starlediluminacion.com\/de\/wp-json\/wp\/v2\/product_tag?post=12590"}],"curies":[{"name":"wp","href":"https:\/\/api.w.org\/{rel}","templated":true}]}}