{"id":12428,"date":"2024-01-07T12:28:13","date_gmt":"2024-01-07T12:28:13","guid":{"rendered":"https:\/\/starlediluminacion.com\/?post_type=product&#038;p=12428"},"modified":"2024-06-16T14:50:31","modified_gmt":"2024-06-16T14:50:31","slug":"aro-fijo-estanco-circular-efecto-curvo-gu10-mr16-ip65-negro","status":"publish","type":"product","link":"https:\/\/starlediluminacion.com\/de\/product\/aro-fijo-estanco-circular-efecto-curvo-gu10-mr16-ip65-negro\/","title":{"rendered":"<p>Aro Fijo Estanco Circular &ndash; EFECTO CURVO &ndash; GU10-MR16 &ndash; IP65 &ndash; NEGRO<\/p>"},"content":{"rendered":"<h1>Wasserdichte runde Blende - GEKR\u00dcMMTER EFFEKT - GU10-MR16 - IP65<p>Experimenta la combinaci&oacute;n perfecta de resistencia y rendimiento con nuestro Aro Fijo&nbsp;<strong>Estanco<\/strong>&nbsp;Circular GU10-MR16, una soluci&oacute;n de iluminaci&oacute;n dise&ntilde;ada para destacar en cualquier entorno. Certificado con IP65, este aro no solo ofrece una protecci&oacute;n completa contra la humedad y el polvo, sino que tambi&eacute;n garantiza un funcionamiento fiable y duradero, incluso en condiciones adversas.<\/p><p>&nbsp;<\/p><h2><strong>Herausragende Merkmale:<\/strong><\/h2><p>&nbsp;<\/p><p><strong>(1) IP65-Zertifizierung f\u00fcr vollen Schutz:<\/strong>&nbsp;Die Schutzart IP65 gew\u00e4hrleistet, dass dieser Ring vollst\u00e4ndig gegen Feuchtigkeit und Staub abgedichtet ist, so dass Sie ihn in einer Vielzahl von Umgebungen installieren k\u00f6nnen, ohne sich Gedanken \u00fcber vorzeitigen Verschlei\u00df zu machen.<\/p><p>&nbsp;<\/p><p><strong>2. Transluzente Linse f\u00fcr perfekte Ausleuchtung:<\/strong>&nbsp;Ausgestattet mit einer lichtdurchl\u00e4ssigen Linse, verleiht dieser Ring Ihrer Beleuchtung nicht nur einen \u00e4sthetischen Touch, sondern verhindert auch Blendungen und sorgt f\u00fcr eine weiche und umh\u00fcllende Beleuchtung. Genie\u00dfen Sie helle Umgebungen ohne visuelle Beeintr\u00e4chtigung.<\/p><p>&nbsp;<\/p><p><strong>3. Langlebiges und \u00e4sthetisches Design:<\/strong>&nbsp;Der Ring ist aus hochwertigen Materialien gefertigt, die Langlebigkeit und St\u00e4rke garantieren. Seine polierte \u00c4sthetik wertet jeden Raum auf und macht ihn zu einer stilvollen und funktionalen Erg\u00e4nzung.<\/p><p>&nbsp;<\/p><p><strong>4. Zuverl\u00e4ssige Leistung in jeder Umgebung:<\/strong>&nbsp;Ob im Innen- oder Au\u00dfenbereich, dieser runde, wasserdichte, feststehende Ring ist f\u00fcr die Herausforderungen der Umwelt ausgelegt. Von Wohnr\u00e4umen bis hin zu industriellen Umgebungen bietet er eine konstante und zuverl\u00e4ssige Beleuchtung.<\/p><p>&nbsp;<\/p><p><strong>5. Einfache Installation und Wartung:<\/strong>&nbsp;Sein intuitives Design macht die Installation einfach und spart Zeit und M\u00fche. Dar\u00fcber hinaus ist der Wartungsaufwand minimal, so dass eine optimale Leistung \u00fcber lange Zeit gew\u00e4hrleistet ist.<\/p><p>&nbsp;<\/p><h2><strong>Vielseitige Anwendungen:<\/strong><\/h2><p>- Lounges und Wohnbereiche<\/p><p>- Au\u00dfenanlagen und G\u00e4rten<\/p><p>- Kommerzielle R\u00e4ume<\/p><p>- Industrielle Umgebungen<\/p><p>- B\u00fcror\u00e4ume und Arbeitsbereiche<\/p><p>&nbsp;<\/p><p><strong>Sorgt f\u00fcr Langlebigkeit und verbessert die \u00c4sthetik:<\/strong><\/p><p>&nbsp;<\/p><p>Dieser kreisf\u00f6rmige, wasserdichte GU10-MR16 Ring ist nicht nur eine robuste Beleuchtungsl\u00f6sung, sondern auch ein \u00e4sthetisches Statement. Er hebt das Beleuchtungserlebnis in Ihren R\u00e4umen und bietet eine perfekte Kombination aus Funktionalit\u00e4t und Stil. Entdecken Sie, wie Sie mit diesem hochwertigen wasserdichten Ring Ihre Umgebung durch hervorragende Beleuchtung ver\u00e4ndern k\u00f6nnen.<\/p><h3 class=\"h6\">Produktdatenblatt<\/h3><dl class=\"data-sheet\">\n<dt class=\"name\"><img loading=\"lazy\" decoding=\"async\" src=\"https:\/\/www.factorled.com\/modules\/oa_features\/img\/2-default.jpg\" width=\"32\" height=\"32\">&nbsp;REFERENZ<\/dt>\n<dd class=\"value\">91816<\/dd>\n<dt class=\"name\"><img loading=\"lazy\" decoding=\"async\" src=\"https:\/\/www.factorled.com\/modules\/oa_features\/img\/25-default.jpg\" width=\"32\" height=\"32\">&nbsp;Baumaterial<\/dt>\n<dd class=\"value\">Aluminium<\/dd>\n<dt class=\"name\"><img loading=\"lazy\" decoding=\"async\" src=\"https:\/\/www.factorled.com\/modules\/oa_features\/img\/15-default.jpg\" width=\"32\" height=\"32\">&nbsp;Bescheinigungen<\/dt>\n<dd class=\"value\">CE - ROHS<\/dd>\n<dt class=\"name\"><img loading=\"lazy\" decoding=\"async\" src=\"https:\/\/www.factorled.com\/modules\/oa_features\/img\/18-default.jpg\" width=\"32\" height=\"32\">&nbsp;Messungen (Mm)<\/dt>\n<dd class=\"value\">\u00d885mm x H45mm<\/dd>\n<dt class=\"name\"><img loading=\"lazy\" decoding=\"async\" src=\"https:\/\/www.factorled.com\/modules\/oa_features\/img\/27-default.jpg\" width=\"32\" height=\"32\">&nbsp;Deckenschnitt (Mm)<\/dt>\n<dd class=\"value\">\u00d872mm<\/dd>\n<dt class=\"name\"><img loading=\"lazy\" decoding=\"async\" src=\"https:\/\/www.factorled.com\/modules\/oa_features\/img\/76-default.jpg\" width=\"32\" height=\"32\">&nbsp;Zubeh\u00f6r &amp; Erg\u00e4nzungen<\/dt>\n<dd class=\"value\">GU10 Lampenfassung<\/dd>\n<dt class=\"name\"><img loading=\"lazy\" decoding=\"async\" src=\"https:\/\/www.factorled.com\/modules\/oa_features\/img\/104-default.jpg\" width=\"32\" height=\"32\">&nbsp;Fertigstellung<\/dt>\n<dd class=\"value\">Mate<\/dd>\n<dt class=\"name\"><img loading=\"lazy\" decoding=\"async\" src=\"https:\/\/www.factorled.com\/modules\/oa_features\/img\/128-default.jpg\" width=\"32\" height=\"32\">&nbsp;Inklusive Gl\u00fchbirne<\/dt>\n<dd class=\"value\">Nein<\/dd>\n<\/dl><\/h1>","protected":false},"excerpt":{"rendered":"<div class=\"product-reference\"><strong><label class=\"label\">Referenz:<\/label> SL91816<\/strong>\n<div>\n<div><\/div>\n<\/div>\n<div class=\"product-description-short\">\n<div id=\"product-description-short-3250\">\n<p>Entdecken Sie die Ausdauer und Leistung Ihrer Leuchten mit unserem&nbsp;<strong>Fester runder wasserdichter Ring GU10-MR16.<\/strong>&nbsp;Dieser Ring, mit Zertifizierung&nbsp;<strong>IP65<\/strong>Das neue, vollst\u00e4ndig staub- und feuchtigkeitsgesch\u00fctzte Ger\u00e4t bietet vollst\u00e4ndigen Schutz vor Feuchtigkeit und Staub und gew\u00e4hrleistet einen zuverl\u00e4ssigen Betrieb in jeder Umgebung. Sein&nbsp;<strong>transluzente Linse<\/strong>&nbsp;verleiht nicht nur eine \u00e4sthetische Note, sondern verhindert auch Blendungen und bietet eine weiche und umh\u00fcllende Beleuchtung. Sorgen Sie f\u00fcr Langlebigkeit und verbessern Sie die \u00c4sthetik Ihrer R\u00e4ume mit diesem hochwertigen, wasserdichten Ring.<\/p>\n<div class=\"col-md-12\"><i class=\"fa fa-truck\"><\/i>&nbsp;<span class=\"text-muted textprop\">Lieferung innerhalb von 24\/48 Stunden<\/span><\/div>\n<div class=\"col-md-12\"><span style=\"font-size: 16px;\">&nbsp;<\/span><span class=\"text-muted textprop\" style=\"font-size: 16px;\">Gesicherte Produktgarantie<\/span><\/div>\n<div class=\"col-md-12 certificados\">\n<hr>\n<p><img decoding=\"async\" class=\"cert\" title=\"CE-zertifiziert\" src=\"https:\/\/www.factorled.com\/img\/icono-sello-ce.jpg\" alt=\"CE-zertifiziert\">&nbsp;<img decoding=\"async\" class=\"cert\" title=\"ROHS-Zertifikat\" src=\"https:\/\/www.factorled.com\/img\/icono-sello-rosh.jpg\" alt=\"ROHS-Zertifikat\"><\/p><\/div>\n<\/div>\n<\/div><\/div>","protected":false},"featured_media":12433,"template":"","meta":{"site-sidebar-layout":"default","site-content-layout":"default","ast-global-header-display":"","ast-main-header-display":"","ast-hfb-above-header-display":"","ast-hfb-below-header-display":"","ast-hfb-mobile-header-display":"","site-post-title":"","ast-breadcrumbs-content":"","ast-featured-img":"","footer-sml-layout":"","theme-transparent-header-meta":"default","adv-header-id-meta":"","stick-header-meta":"","header-above-stick-meta":"","header-main-stick-meta":"","header-below-stick-meta":""},"product_cat":[62,23],"product_tag":[],"class_list":["post-12428","product","type-product","status-publish","has-post-thumbnail","hentry","product_cat-accesorios-lamparas-led","product_cat-bombillas-y-lamparas-led"],"yoast_head":"<!-- This site is optimized with the Yoast SEO plugin v27.4 - https:\/\/yoast.com\/product\/yoast-seo-wordpress\/ -->\n<title>Aro Fijo Estanco Circular - EFECTO CURVO - GU10-MR16 - IP65 - NEGRO - STARLED Iluminacion<\/title>\n<meta name=\"robots\" content=\"index, follow, max-snippet:-1, max-image-preview:large, max-video-preview:-1\" \/>\n<link rel=\"canonical\" href=\"https:\/\/starlediluminacion.com\/de\/product\/aro-fijo-estanco-circular-efecto-curvo-gu10-mr16-ip65-negro\/\" \/>\n<meta property=\"og:locale\" content=\"de_DE\" \/>\n<meta property=\"og:type\" content=\"article\" \/>\n<meta property=\"og:title\" content=\"Aro Fijo Estanco Circular - EFECTO CURVO - GU10-MR16 - IP65 - NEGRO - STARLED Iluminacion\" \/>\n<meta property=\"og:description\" content=\"Referencia: SL91816        Descubre la\u00a0resistencia y el rendimiento de tus luces con nuestro\u00a0Aro Fijo Estanco Circular GU10-MR16.\u00a0Este aro, con certificaci\u00f3n\u00a0IP65, brinda una protecci\u00f3n completa contra la humedad y el polvo, asegurando un funcionamiento fiable en cualquier entorno. Su\u00a0lente transl\u00facida\u00a0no solo agrega un toque est\u00e9tico, sino que tambi\u00e9n elimina deslumbramientos, ofreciendo una iluminaci\u00f3n suave y envolvente. Asegura la durabilidad y mejora la est\u00e9tica de tus espacios con este aro estanco de primera calidad. \u00a0Entrega en 24\/48 horas \u00a0Garant\u00eda de producto asegurada     \u00a0\" \/>\n<meta property=\"og:url\" content=\"https:\/\/starlediluminacion.com\/de\/product\/aro-fijo-estanco-circular-efecto-curvo-gu10-mr16-ip65-negro\/\" \/>\n<meta property=\"og:site_name\" content=\"STARLED Iluminacion\" \/>\n<meta property=\"article:modified_time\" content=\"2024-06-16T14:50:31+00:00\" \/>\n<meta property=\"og:image\" content=\"https:\/\/starlediluminacion.com\/wp-content\/uploads\/2024\/01\/aro-fijo-para-dicroica-circular-gu10-mr16-negro-8.jpg\" \/>\n\t<meta property=\"og:image:width\" content=\"744\" \/>\n\t<meta property=\"og:image:height\" content=\"800\" \/>\n\t<meta property=\"og:image:type\" content=\"image\/jpeg\" \/>\n<meta name=\"twitter:card\" content=\"summary_large_image\" \/>\n<meta name=\"twitter:label1\" content=\"Gesch\u00e4tzte Lesezeit\" \/>\n\t<meta name=\"twitter:data1\" content=\"2\u00a0Minuten\" \/>\n<script type=\"application\/ld+json\" class=\"yoast-schema-graph\">{\"@context\":\"https:\\\/\\\/schema.org\",\"@graph\":[{\"@type\":\"WebPage\",\"@id\":\"https:\\\/\\\/starlediluminacion.com\\\/producto\\\/aro-fijo-estanco-circular-efecto-curvo-gu10-mr16-ip65-negro\\\/\",\"url\":\"https:\\\/\\\/starlediluminacion.com\\\/producto\\\/aro-fijo-estanco-circular-efecto-curvo-gu10-mr16-ip65-negro\\\/\",\"name\":\"Aro Fijo Estanco Circular - EFECTO CURVO - GU10-MR16 - IP65 - NEGRO - STARLED Iluminacion\",\"isPartOf\":{\"@id\":\"https:\\\/\\\/starlediluminacion.com\\\/#website\"},\"primaryImageOfPage\":{\"@id\":\"https:\\\/\\\/starlediluminacion.com\\\/producto\\\/aro-fijo-estanco-circular-efecto-curvo-gu10-mr16-ip65-negro\\\/#primaryimage\"},\"image\":{\"@id\":\"https:\\\/\\\/starlediluminacion.com\\\/producto\\\/aro-fijo-estanco-circular-efecto-curvo-gu10-mr16-ip65-negro\\\/#primaryimage\"},\"thumbnailUrl\":\"https:\\\/\\\/starlediluminacion.com\\\/wp-content\\\/uploads\\\/2024\\\/01\\\/aro-fijo-para-dicroica-circular-gu10-mr16-negro-8.jpg\",\"datePublished\":\"2024-01-07T12:28:13+00:00\",\"dateModified\":\"2024-06-16T14:50:31+00:00\",\"breadcrumb\":{\"@id\":\"https:\\\/\\\/starlediluminacion.com\\\/producto\\\/aro-fijo-estanco-circular-efecto-curvo-gu10-mr16-ip65-negro\\\/#breadcrumb\"},\"inLanguage\":\"de\",\"potentialAction\":[{\"@type\":\"ReadAction\",\"target\":[\"https:\\\/\\\/starlediluminacion.com\\\/producto\\\/aro-fijo-estanco-circular-efecto-curvo-gu10-mr16-ip65-negro\\\/\"]}]},{\"@type\":\"ImageObject\",\"inLanguage\":\"de\",\"@id\":\"https:\\\/\\\/starlediluminacion.com\\\/producto\\\/aro-fijo-estanco-circular-efecto-curvo-gu10-mr16-ip65-negro\\\/#primaryimage\",\"url\":\"https:\\\/\\\/starlediluminacion.com\\\/wp-content\\\/uploads\\\/2024\\\/01\\\/aro-fijo-para-dicroica-circular-gu10-mr16-negro-8.jpg\",\"contentUrl\":\"https:\\\/\\\/starlediluminacion.com\\\/wp-content\\\/uploads\\\/2024\\\/01\\\/aro-fijo-para-dicroica-circular-gu10-mr16-negro-8.jpg\",\"width\":744,\"height\":800},{\"@type\":\"BreadcrumbList\",\"@id\":\"https:\\\/\\\/starlediluminacion.com\\\/producto\\\/aro-fijo-estanco-circular-efecto-curvo-gu10-mr16-ip65-negro\\\/#breadcrumb\",\"itemListElement\":[{\"@type\":\"ListItem\",\"position\":1,\"name\":\"Portada\",\"item\":\"https:\\\/\\\/starlediluminacion.com\\\/\"},{\"@type\":\"ListItem\",\"position\":2,\"name\":\"Shop\",\"item\":\"https:\\\/\\\/starlediluminacion.com\\\/shop-2\\\/\"},{\"@type\":\"ListItem\",\"position\":3,\"name\":\"Aro Fijo Estanco Circular &#8211; EFECTO CURVO &#8211; GU10-MR16 &#8211; IP65 &#8211; NEGRO\"}]},{\"@type\":\"WebSite\",\"@id\":\"https:\\\/\\\/starlediluminacion.com\\\/#website\",\"url\":\"https:\\\/\\\/starlediluminacion.com\\\/\",\"name\":\"STARLED Iluminacion\",\"description\":\"\",\"potentialAction\":[{\"@type\":\"SearchAction\",\"target\":{\"@type\":\"EntryPoint\",\"urlTemplate\":\"https:\\\/\\\/starlediluminacion.com\\\/?s={search_term_string}\"},\"query-input\":{\"@type\":\"PropertyValueSpecification\",\"valueRequired\":true,\"valueName\":\"search_term_string\"}}],\"inLanguage\":\"de\"}]}<\/script>\n<!-- \/ Yoast SEO plugin. -->","yoast_head_json":{"title":"Aro Fijo Estanco Circular - EFECTO CURVO - GU10-MR16 - IP65 - NEGRO - STARLED Iluminacion","robots":{"index":"index","follow":"follow","max-snippet":"max-snippet:-1","max-image-preview":"max-image-preview:large","max-video-preview":"max-video-preview:-1"},"canonical":"https:\/\/starlediluminacion.com\/de\/product\/aro-fijo-estanco-circular-efecto-curvo-gu10-mr16-ip65-negro\/","og_locale":"de_DE","og_type":"article","og_title":"Aro Fijo Estanco Circular - EFECTO CURVO - GU10-MR16 - IP65 - NEGRO - STARLED Iluminacion","og_description":"Referencia: SL91816        Descubre la\u00a0resistencia y el rendimiento de tus luces con nuestro\u00a0Aro Fijo Estanco Circular GU10-MR16.\u00a0Este aro, con certificaci\u00f3n\u00a0IP65, brinda una protecci\u00f3n completa contra la humedad y el polvo, asegurando un funcionamiento fiable en cualquier entorno. Su\u00a0lente transl\u00facida\u00a0no solo agrega un toque est\u00e9tico, sino que tambi\u00e9n elimina deslumbramientos, ofreciendo una iluminaci\u00f3n suave y envolvente. Asegura la durabilidad y mejora la est\u00e9tica de tus espacios con este aro estanco de primera calidad. \u00a0Entrega en 24\/48 horas \u00a0Garant\u00eda de producto asegurada     \u00a0","og_url":"https:\/\/starlediluminacion.com\/de\/product\/aro-fijo-estanco-circular-efecto-curvo-gu10-mr16-ip65-negro\/","og_site_name":"STARLED Iluminacion","article_modified_time":"2024-06-16T14:50:31+00:00","og_image":[{"width":744,"height":800,"url":"https:\/\/starlediluminacion.com\/wp-content\/uploads\/2024\/01\/aro-fijo-para-dicroica-circular-gu10-mr16-negro-8.jpg","type":"image\/jpeg"}],"twitter_card":"summary_large_image","twitter_misc":{"Gesch\u00e4tzte Lesezeit":"2\u00a0Minuten"},"schema":{"@context":"https:\/\/schema.org","@graph":[{"@type":"WebPage","@id":"https:\/\/starlediluminacion.com\/producto\/aro-fijo-estanco-circular-efecto-curvo-gu10-mr16-ip65-negro\/","url":"https:\/\/starlediluminacion.com\/producto\/aro-fijo-estanco-circular-efecto-curvo-gu10-mr16-ip65-negro\/","name":"Aro Fijo Estanco Circular - EFECTO CURVO - GU10-MR16 - IP65 - NEGRO - STARLED Iluminacion","isPartOf":{"@id":"https:\/\/starlediluminacion.com\/#website"},"primaryImageOfPage":{"@id":"https:\/\/starlediluminacion.com\/producto\/aro-fijo-estanco-circular-efecto-curvo-gu10-mr16-ip65-negro\/#primaryimage"},"image":{"@id":"https:\/\/starlediluminacion.com\/producto\/aro-fijo-estanco-circular-efecto-curvo-gu10-mr16-ip65-negro\/#primaryimage"},"thumbnailUrl":"https:\/\/starlediluminacion.com\/wp-content\/uploads\/2024\/01\/aro-fijo-para-dicroica-circular-gu10-mr16-negro-8.jpg","datePublished":"2024-01-07T12:28:13+00:00","dateModified":"2024-06-16T14:50:31+00:00","breadcrumb":{"@id":"https:\/\/starlediluminacion.com\/producto\/aro-fijo-estanco-circular-efecto-curvo-gu10-mr16-ip65-negro\/#breadcrumb"},"inLanguage":"de","potentialAction":[{"@type":"ReadAction","target":["https:\/\/starlediluminacion.com\/producto\/aro-fijo-estanco-circular-efecto-curvo-gu10-mr16-ip65-negro\/"]}]},{"@type":"ImageObject","inLanguage":"de","@id":"https:\/\/starlediluminacion.com\/producto\/aro-fijo-estanco-circular-efecto-curvo-gu10-mr16-ip65-negro\/#primaryimage","url":"https:\/\/starlediluminacion.com\/wp-content\/uploads\/2024\/01\/aro-fijo-para-dicroica-circular-gu10-mr16-negro-8.jpg","contentUrl":"https:\/\/starlediluminacion.com\/wp-content\/uploads\/2024\/01\/aro-fijo-para-dicroica-circular-gu10-mr16-negro-8.jpg","width":744,"height":800},{"@type":"BreadcrumbList","@id":"https:\/\/starlediluminacion.com\/producto\/aro-fijo-estanco-circular-efecto-curvo-gu10-mr16-ip65-negro\/#breadcrumb","itemListElement":[{"@type":"ListItem","position":1,"name":"Portada","item":"https:\/\/starlediluminacion.com\/"},{"@type":"ListItem","position":2,"name":"Shop","item":"https:\/\/starlediluminacion.com\/shop-2\/"},{"@type":"ListItem","position":3,"name":"Aro Fijo Estanco Circular &#8211; EFECTO CURVO &#8211; GU10-MR16 &#8211; IP65 &#8211; NEGRO"}]},{"@type":"WebSite","@id":"https:\/\/starlediluminacion.com\/#website","url":"https:\/\/starlediluminacion.com\/","name":"STARLED Iluminacion","description":"","potentialAction":[{"@type":"SearchAction","target":{"@type":"EntryPoint","urlTemplate":"https:\/\/starlediluminacion.com\/?s={search_term_string}"},"query-input":{"@type":"PropertyValueSpecification","valueRequired":true,"valueName":"search_term_string"}}],"inLanguage":"de"}]}},"_links":{"self":[{"href":"https:\/\/starlediluminacion.com\/de\/wp-json\/wp\/v3\/product\/12428","targetHints":{"allow":["GET"]}}],"collection":[{"href":"https:\/\/starlediluminacion.com\/de\/wp-json\/wp\/v3\/product"}],"about":[{"href":"https:\/\/starlediluminacion.com\/de\/wp-json\/wp\/v2\/types\/product"}],"wp:featuredmedia":[{"embeddable":true,"href":"https:\/\/starlediluminacion.com\/de\/wp-json\/wp\/v2\/media\/12433"}],"wp:attachment":[{"href":"https:\/\/starlediluminacion.com\/de\/wp-json\/wp\/v2\/media?parent=12428"}],"wp:term":[{"taxonomy":"product_cat","embeddable":true,"href":"https:\/\/starlediluminacion.com\/de\/wp-json\/wp\/v2\/product_cat?post=12428"},{"taxonomy":"product_tag","embeddable":true,"href":"https:\/\/starlediluminacion.com\/de\/wp-json\/wp\/v2\/product_tag?post=12428"}],"curies":[{"name":"wp","href":"https:\/\/api.w.org\/{rel}","templated":true}]}}