{"id":12398,"date":"2024-01-07T12:11:33","date_gmt":"2024-01-07T12:11:33","guid":{"rendered":"https:\/\/starlediluminacion.com\/?post_type=product&#038;p=12398"},"modified":"2024-06-16T14:50:06","modified_gmt":"2024-06-16T14:50:06","slug":"aro-fijo-circular-para-gu10-mr16-negro-2","status":"publish","type":"product","link":"https:\/\/starlediluminacion.com\/de\/product\/aro-fijo-circular-para-gu10-mr16-negro-2\/","title":{"rendered":"<p>Aro Fijo Circular Para GU10-MR16 &ndash; NEGRO<\/p>"},"content":{"rendered":"<h1>Aro Fijo Circular Para GU10-MR16 &ndash; NEGRO<p><strong>Versenkter Ring&nbsp;<\/strong>farbig<strong>&nbsp;wei\u00df<\/strong>&nbsp;f\u00fcr&nbsp;<strong>dichroitische LED<\/strong>beide&nbsp;<strong>MR16<\/strong>&nbsp;als&nbsp;<strong>GU10<\/strong>wurde entwickelt, um dank seiner Form eine attraktive und raffinierte Dekoration zu erhalten.&nbsp;<strong>Rundschreiben<\/strong>&nbsp;k\u00f6nnen sehr exklusive Atmosph\u00e4ren geschaffen werden.<\/p><p>Das gesamte Material besteht aus Aluminium mit wei\u00dfer Oberfl\u00e4che, was diesen Reifen zu einem sehr widerstandsf\u00e4higen Produkt macht, das eine lange Lebensdauer aufweist und somit eine ausgezeichnete Wahl f\u00fcr die anspruchsvollsten Kunden darstellt.&nbsp;<strong>Ring aus rostfreiem Stahl<\/strong>.<\/p><p>&nbsp;<\/p><h2>Aplicaciones del Aro Fijo Circular Para GU10-MR16 &ndash; NEGRO<\/h2><ul>\n<li>Bad<\/li>\n<li>Veranden<\/li>\n<li>\u00c4mter<\/li>\n<li>Verbraucherm\u00e4rkte<\/li>\n<\/ul><p>Er ist ideal f\u00fcr jeden Veranstaltungsbereich, in dem Sie eine besondere Atmosph\u00e4re schaffen wollen. Dank seines Materials ist er auch f\u00fcr den Au\u00dfenbereich geeignet.<\/p><h3 class=\"h6\">Produktdatenblatt<\/h3><dl class=\"data-sheet\">\n<dt class=\"name\"><img loading=\"lazy\" decoding=\"async\" src=\"https:\/\/www.factorled.com\/modules\/oa_features\/img\/2-default.jpg\" width=\"32\" height=\"32\">&nbsp;REFERENZ<\/dt>\n<dd class=\"value\">91822<\/dd>\n<dt class=\"name\"><img loading=\"lazy\" decoding=\"async\" src=\"https:\/\/www.factorled.com\/modules\/oa_features\/img\/25-default.jpg\" width=\"32\" height=\"32\">&nbsp;Baumaterial<\/dt>\n<dd class=\"value\">Aluminium<\/dd>\n<dt class=\"name\"><img loading=\"lazy\" decoding=\"async\" src=\"https:\/\/www.factorled.com\/modules\/oa_features\/img\/15-default.jpg\" width=\"32\" height=\"32\">&nbsp;Bescheinigungen<\/dt>\n<dd class=\"value\">EC<\/dd>\n<dt class=\"name\"><img loading=\"lazy\" decoding=\"async\" src=\"https:\/\/www.factorled.com\/modules\/oa_features\/img\/16-default.jpg\" width=\"32\" height=\"32\">&nbsp;IP-Bewertung<\/dt>\n<dd class=\"value\">IP20<\/dd>\n<dt class=\"name\"><img loading=\"lazy\" decoding=\"async\" src=\"https:\/\/www.factorled.com\/modules\/oa_features\/img\/18-default.jpg\" width=\"32\" height=\"32\">&nbsp;Messungen (Mm)<\/dt>\n<dd class=\"value\">\u00d885mm x H40mm<\/dd>\n<dt class=\"name\"><img loading=\"lazy\" decoding=\"async\" src=\"https:\/\/www.factorled.com\/modules\/oa_features\/img\/27-default.jpg\" width=\"32\" height=\"32\">&nbsp;Deckenschnitt (Mm)<\/dt>\n<dd class=\"value\">\u00d875mm<\/dd>\n<\/dl><\/h1>","protected":false},"excerpt":{"rendered":"<div class=\"product-reference\"><strong><label class=\"label\">Referenz:<\/label> SL91822<\/strong><div><\/div><div class=\"product-description-short\">\n<div id=\"product-description-short-3246\">\n<p>Verwandeln Sie Ihre R\u00e4ume mit unserem Fixed Circular Ring, einem stilvollen und einzigartigen Design, das Ihrer Beleuchtung einen modernen Touch verleiht. Er ist mit GU10- oder MR16-LED-Lampen kompatibel und eignet sich sowohl f\u00fcr neue Installationen als auch f\u00fcr die Aufr\u00fcstung Ihrer vorhandenen Lampen. Dieser kreisf\u00f6rmige Ring passt zu jeder Art von Umgebung oder Dekor und ist die perfekte Wahl, um die \u00c4sthetik Ihrer R\u00e4ume mit Stil und Funktionalit\u00e4t zu verbessern. Erneuern Sie Ihre Beleuchtung mit dieser hochwertigen Leuchte.<\/p>\n<div class=\"col-md-12\"><i class=\"fa fa-truck\"><\/i>&nbsp;<span class=\"text-muted textprop\">Lieferung innerhalb von 24\/48 Stunden<\/span><\/div>\n<div class=\"col-md-12\"><i class=\"fa fa-exchange\"><\/i>&nbsp;<span class=\"text-muted textprop\">Gesicherte Produktgarantie<\/span><\/div>\n<div class=\"col-md-12 certificados\">\n<hr>\n<p><img decoding=\"async\" class=\"cert\" title=\"Energieklasse A++\" src=\"https:\/\/www.factorled.com\/img\/icono-sello-ce.jpg\" alt=\"CE-zertifiziert\"><\/p><\/div>\n<\/div>\n<\/div><\/div>","protected":false},"featured_media":12402,"template":"","meta":{"site-sidebar-layout":"default","site-content-layout":"default","ast-global-header-display":"","ast-main-header-display":"","ast-hfb-above-header-display":"","ast-hfb-below-header-display":"","ast-hfb-mobile-header-display":"","site-post-title":"","ast-breadcrumbs-content":"","ast-featured-img":"","footer-sml-layout":"","theme-transparent-header-meta":"default","adv-header-id-meta":"","stick-header-meta":"","header-above-stick-meta":"","header-main-stick-meta":"","header-below-stick-meta":""},"product_cat":[62,23],"product_tag":[],"class_list":["post-12398","product","type-product","status-publish","has-post-thumbnail","hentry","product_cat-accesorios-lamparas-led","product_cat-bombillas-y-lamparas-led"],"_links":{"self":[{"href":"https:\/\/starlediluminacion.com\/de\/wp-json\/wp\/v3\/product\/12398","targetHints":{"allow":["GET"]}}],"collection":[{"href":"https:\/\/starlediluminacion.com\/de\/wp-json\/wp\/v3\/product"}],"about":[{"href":"https:\/\/starlediluminacion.com\/de\/wp-json\/wp\/v2\/types\/product"}],"wp:featuredmedia":[{"embeddable":true,"href":"https:\/\/starlediluminacion.com\/de\/wp-json\/wp\/v2\/media\/12402"}],"wp:attachment":[{"href":"https:\/\/starlediluminacion.com\/de\/wp-json\/wp\/v2\/media?parent=12398"}],"wp:term":[{"taxonomy":"product_cat","embeddable":true,"href":"https:\/\/starlediluminacion.com\/de\/wp-json\/wp\/v2\/product_cat?post=12398"},{"taxonomy":"product_tag","embeddable":true,"href":"https:\/\/starlediluminacion.com\/de\/wp-json\/wp\/v2\/product_tag?post=12398"}],"curies":[{"name":"wp","href":"https:\/\/api.w.org\/{rel}","templated":true}]}}