{"id":12359,"date":"2024-01-04T15:48:21","date_gmt":"2024-01-04T15:48:21","guid":{"rendered":"https:\/\/starlediluminacion.com\/?post_type=product&#038;p=12359"},"modified":"2024-06-16T14:38:52","modified_gmt":"2024-06-16T14:38:52","slug":"aro-redondo-orientable-para-dicroica-led-gu10-mr16-aluminio","status":"publish","type":"product","link":"https:\/\/starlediluminacion.com\/de\/product\/aro-redondo-orientable-para-dicroica-led-gu10-mr16-aluminio\/","title":{"rendered":"<p>Aro Redondo Orientable Para Dicroica LED GU10 MR16 &ndash; Aluminio<\/p>"},"content":{"rendered":"<h1>Runder drehbarer Ring f\u00fcr GU10 MR16 LED dichroitische Gl\u00fchbirne - Aluminium<p><strong>Versenkter Ring<\/strong>&nbsp;f\u00fcr&nbsp;<strong>dichroitische LED<\/strong>beide&nbsp;<strong>MR16<\/strong>&nbsp;als&nbsp;<strong>GU10<\/strong>Es wurde entwickelt, um eine attraktive und raffinierte Dekoration zu erhalten, dank seiner verstellbaren Form ist es m\u00f6glich, sehr exklusive Atmosph\u00e4ren zu schaffen.<\/p><p>Todo su material esta fabricado en aluminio con acabado en color blanco lo que hace de este aro un producto muy resistente por lo que&nbsp;tiene una gran durabilidad, lo convierte en un&nbsp;<strong>Ring aus rostfreiem Stahl<\/strong>.<\/p><p>Es ist ideal f\u00fcr Wohnr\u00e4ume wie K\u00fcchen, B\u00e4der, Veranden, aber auch f\u00fcr B\u00fcros, Superm\u00e4rkte oder alle Veranstaltungsbereiche, in denen eine besondere Atmosph\u00e4re geschaffen werden soll.<\/p><h3 class=\"h6\">Produktdatenblatt<\/h3><dl class=\"data-sheet\">\n<dt class=\"name\"><img loading=\"lazy\" decoding=\"async\" src=\"https:\/\/www.factorled.com\/modules\/oa_features\/img\/2-default.jpg\" width=\"32\" height=\"32\">&nbsp;REFERENZ<\/dt>\n<dd class=\"value\">91813<\/dd>\n<dt class=\"name\"><img loading=\"lazy\" decoding=\"async\" src=\"https:\/\/www.factorled.com\/modules\/oa_features\/img\/25-default.jpg\" width=\"32\" height=\"32\">&nbsp;Baumaterial<\/dt>\n<dd class=\"value\">Aluminium<\/dd>\n<dt class=\"name\"><img loading=\"lazy\" decoding=\"async\" src=\"https:\/\/www.factorled.com\/modules\/oa_features\/img\/15-default.jpg\" width=\"32\" height=\"32\">&nbsp;Bescheinigungen<\/dt>\n<dd class=\"value\">EC<\/dd>\n<dt class=\"name\"><img loading=\"lazy\" decoding=\"async\" src=\"https:\/\/www.factorled.com\/modules\/oa_features\/img\/16-default.jpg\" width=\"32\" height=\"32\">&nbsp;IP-Bewertung<\/dt>\n<dd class=\"value\">IP20<\/dd>\n<dt class=\"name\"><img loading=\"lazy\" decoding=\"async\" src=\"https:\/\/www.factorled.com\/modules\/oa_features\/img\/18-default.jpg\" width=\"32\" height=\"32\">&nbsp;Messungen (Mm)<\/dt>\n<dd class=\"value\">&Oslash;90mm<\/dd>\n<dt class=\"name\"><img loading=\"lazy\" decoding=\"async\" src=\"https:\/\/www.factorled.com\/modules\/oa_features\/img\/27-default.jpg\" width=\"32\" height=\"32\">&nbsp;Deckenschnitt (Mm)<\/dt>\n<dd class=\"value\">\u00d875mm<\/dd>\n<\/dl><\/h1>","protected":false},"excerpt":{"rendered":"<div class=\"product-reference\"><strong><label class=\"label\">Referenz:<\/label> SL91813<\/strong>\n<div><\/div>\n<div class=\"product-description-short\">\n<div id=\"product-description-short-3237\">\n<p><strong>Reifen<\/strong>&nbsp;<strong>orientierbar<\/strong>&nbsp;con acabado blanco, dise&ntilde;o elegante y exclusivo. Se aconseja su uso para las l&aacute;mparas&nbsp;<strong>dichroitisch<\/strong>&nbsp;<strong>GU10<\/strong>&nbsp;o&nbsp;<strong>MR16<\/strong>. Es ist perfekt f\u00fcr eine neue Baustelle oder um die Scheinwerfer zu \u00e4ndern.<\/p>\n<\/div>\n<\/div><\/div>","protected":false},"featured_media":12364,"template":"","meta":{"site-sidebar-layout":"default","site-content-layout":"default","ast-global-header-display":"","ast-main-header-display":"","ast-hfb-above-header-display":"","ast-hfb-below-header-display":"","ast-hfb-mobile-header-display":"","site-post-title":"","ast-breadcrumbs-content":"","ast-featured-img":"","footer-sml-layout":"","theme-transparent-header-meta":"default","adv-header-id-meta":"","stick-header-meta":"","header-above-stick-meta":"","header-main-stick-meta":"","header-below-stick-meta":""},"product_cat":[62,23],"product_tag":[],"class_list":["post-12359","product","type-product","status-publish","has-post-thumbnail","hentry","product_cat-accesorios-lamparas-led","product_cat-bombillas-y-lamparas-led"],"_links":{"self":[{"href":"https:\/\/starlediluminacion.com\/de\/wp-json\/wp\/v3\/product\/12359","targetHints":{"allow":["GET"]}}],"collection":[{"href":"https:\/\/starlediluminacion.com\/de\/wp-json\/wp\/v3\/product"}],"about":[{"href":"https:\/\/starlediluminacion.com\/de\/wp-json\/wp\/v2\/types\/product"}],"wp:featuredmedia":[{"embeddable":true,"href":"https:\/\/starlediluminacion.com\/de\/wp-json\/wp\/v2\/media\/12364"}],"wp:attachment":[{"href":"https:\/\/starlediluminacion.com\/de\/wp-json\/wp\/v2\/media?parent=12359"}],"wp:term":[{"taxonomy":"product_cat","embeddable":true,"href":"https:\/\/starlediluminacion.com\/de\/wp-json\/wp\/v2\/product_cat?post=12359"},{"taxonomy":"product_tag","embeddable":true,"href":"https:\/\/starlediluminacion.com\/de\/wp-json\/wp\/v2\/product_tag?post=12359"}],"curies":[{"name":"wp","href":"https:\/\/api.w.org\/{rel}","templated":true}]}}