{"id":12340,"date":"2024-01-04T15:38:39","date_gmt":"2024-01-04T15:38:39","guid":{"rendered":"https:\/\/starlediluminacion.com\/?post_type=product&#038;p=12340"},"modified":"2024-06-16T14:38:43","modified_gmt":"2024-06-16T14:38:43","slug":"tapa-final-para-neon-led-circular-220v-360o-8w","status":"publish","type":"product","link":"https:\/\/starlediluminacion.com\/de\/product\/tapa-final-para-neon-led-circular-220v-360o-8w\/","title":{"rendered":"<p>Endkappe f\u00fcr Neon LED CIRCULAR 220V - 360\u00ba - 8W<\/p>"},"content":{"rendered":"<p>Rundes LED-Neon-Verbindungsst\u00fcck f\u00fcr monochromes LED-Neon 220V von 16mm. Hergestellt aus flexiblem PVC, ist es lichtdurchl\u00e4ssig, um das Licht der kreisf\u00f6rmigen LED-Neon durchzulassen.<h3 class=\"h6\">Produktdatenblatt<\/h3><dl class=\"data-sheet\">\n<dt class=\"name\"><img loading=\"lazy\" decoding=\"async\" src=\"https:\/\/www.factorled.com\/modules\/oa_features\/img\/2-default.jpg\" width=\"32\" height=\"32\">&nbsp;REFERENZ<\/dt>\n<dd class=\"value\">91842<\/dd>\n<dt class=\"name\"><img loading=\"lazy\" decoding=\"async\" src=\"https:\/\/www.factorled.com\/modules\/oa_features\/img\/25-default.jpg\" width=\"32\" height=\"32\">&nbsp;Baumaterial<\/dt>\n<dd class=\"value\">PVC<\/dd>\n<dt class=\"name\"><img loading=\"lazy\" decoding=\"async\" src=\"https:\/\/www.factorled.com\/modules\/oa_features\/img\/15-default.jpg\" width=\"32\" height=\"32\">&nbsp;Bescheinigungen<\/dt>\n<dd class=\"value\">CE - ROHS<\/dd>\n<dt class=\"name\"><img loading=\"lazy\" decoding=\"async\" src=\"https:\/\/www.factorled.com\/modules\/oa_features\/img\/16-default.jpg\" width=\"32\" height=\"32\">&nbsp;IP-Bewertung<\/dt>\n<dd class=\"value\">IP66<\/dd>\n<dt class=\"name\"><img loading=\"lazy\" decoding=\"async\" src=\"https:\/\/www.factorled.com\/modules\/oa_features\/img\/75-default.jpg\" width=\"32\" height=\"32\">&nbsp;Garantie Jahre<\/dt>\n<dd class=\"value\">2<\/dd>\n<\/dl><\/p>","protected":false},"excerpt":{"rendered":"<div class=\"product-reference\"><strong><label class=\"label\">Referenz:<\/label> SL91842<\/strong>\n<div><\/div>\n<div class=\"product-description-short\">\n<div id=\"product-description-short-3230\">\n<p>Perfektionieren Sie Ihre kreisf\u00f6rmige Neon-LED-Installation mit unserer Endkappe. Diese Endkappe bietet einen sicheren und \u00e4sthetisch ansprechenden Abschluss f\u00fcr Ihre Neonabschnitte. Mit einer Konstruktion, die Langlebigkeit und St\u00e4rke garantiert, ist diese Endkappe unerl\u00e4sslich, um einen professionellen Look f\u00fcr Ihr Beleuchtungsprojekt zu erzielen. Verleihen Sie Ihren Entw\u00fcrfen den letzten Schliff und sorgen Sie f\u00fcr eine einwandfreie Installation mit dieser hochwertigen Endkappe.<\/p>\n<\/div>\n<\/div><\/div>","protected":false},"featured_media":12342,"template":"","meta":{"site-sidebar-layout":"default","site-content-layout":"default","ast-global-header-display":"","ast-main-header-display":"","ast-hfb-above-header-display":"","ast-hfb-below-header-display":"","ast-hfb-mobile-header-display":"","site-post-title":"","ast-breadcrumbs-content":"","ast-featured-img":"","footer-sml-layout":"","theme-transparent-header-meta":"default","adv-header-id-meta":"","stick-header-meta":"","header-above-stick-meta":"","header-main-stick-meta":"","header-below-stick-meta":""},"product_cat":[111,45],"product_tag":[],"class_list":["post-12340","product","type-product","status-publish","has-post-thumbnail","hentry","product_cat-neon-led-flexible-220","product_cat-tiras-led-y-neon-flexible"],"_links":{"self":[{"href":"https:\/\/starlediluminacion.com\/de\/wp-json\/wp\/v3\/product\/12340","targetHints":{"allow":["GET"]}}],"collection":[{"href":"https:\/\/starlediluminacion.com\/de\/wp-json\/wp\/v3\/product"}],"about":[{"href":"https:\/\/starlediluminacion.com\/de\/wp-json\/wp\/v2\/types\/product"}],"wp:featuredmedia":[{"embeddable":true,"href":"https:\/\/starlediluminacion.com\/de\/wp-json\/wp\/v2\/media\/12342"}],"wp:attachment":[{"href":"https:\/\/starlediluminacion.com\/de\/wp-json\/wp\/v2\/media?parent=12340"}],"wp:term":[{"taxonomy":"product_cat","embeddable":true,"href":"https:\/\/starlediluminacion.com\/de\/wp-json\/wp\/v2\/product_cat?post=12340"},{"taxonomy":"product_tag","embeddable":true,"href":"https:\/\/starlediluminacion.com\/de\/wp-json\/wp\/v2\/product_tag?post=12340"}],"curies":[{"name":"wp","href":"https:\/\/api.w.org\/{rel}","templated":true}]}}