{"id":12283,"date":"2024-01-04T14:50:40","date_gmt":"2024-01-04T14:50:40","guid":{"rendered":"https:\/\/starlediluminacion.com\/?post_type=product&#038;p=12283"},"modified":"2024-03-28T12:45:23","modified_gmt":"2024-03-28T12:45:23","slug":"farola-led-solar-3x1-500lm-con-sensor-de-movimiento","status":"publish","type":"product","link":"https:\/\/starlediluminacion.com\/de\/product\/strasenlaterne-led-solar-3x1-500lm-mit-bewegungssensor\/","title":{"rendered":"<p>Solar-LED-Stra\u00dfenleuchte 3X1 - 500Lm - mit Bewegungssensor<\/p>"},"content":{"rendered":"<h1>Solar LED Stra\u00dfenleuchte 3X1 - 500Lm - mit Bewegungssensor<p>Die 3\u00d71 Solar LED-Stra\u00dfenleuchte ist eine innovative und nachhaltige L\u00f6sung, die effiziente und umweltfreundliche Beleuchtung bietet. Diese vielseitige Leuchte wurde so konzipiert, dass sie sich an eine Vielzahl von Installationen anpassen l\u00e4sst. Sie kann auf drei verschiedene Arten montiert werden: an der Wand, an einem LED-Stra\u00dfenlaternenmast oder an einem LED-Stra\u00dfenlampenb\u00fcgel mit Bewegungsmelder.<\/p><p>Die Stromversorgung erfolgt \u00fcber integrierte Solarpaneele, was die Leuchte zu einer umweltfreundlichen Option macht, da sie die Sonnenenergie f\u00fcr den Betrieb ihrer hocheffizienten LEDs nutzt. Dies tr\u00e4gt nicht nur zur Ressourcenschonung bei, sondern senkt auch die Energiekosten im Laufe der Zeit erheblich.<\/p><p>Das modulare und robuste Design der Solar-LED-Stra\u00dfenleuchte gew\u00e4hrleistet eine einfache Installation und eine lange Lebensdauer. Ihre Anpassungsf\u00e4higkeit an verschiedene Standorte macht sie zu einer vielseitigen Wahl f\u00fcr die Beleuchtung von Stra\u00dfen, Parks, G\u00e4rten und Wohngebieten.<\/p><p>Der eingebaute Bewegungsmelder sorgt f\u00fcr zus\u00e4tzliche Effizienz, indem er die Beleuchtung nur dann aktiviert, wenn eine Bewegung erkannt wird. Das spart nicht nur Energie, sondern sorgt auch f\u00fcr zus\u00e4tzliche Sicherheit, da die Bereiche bei Bedarf automatisch beleuchtet werden.<\/p><p>Mit ihrem modernen und attraktiven Stil erf\u00fcllt diese Solar-LED-Stra\u00dfenleuchte nicht nur die Energieeffizienzstandards, sondern verleiht auch jeder Umgebung einen \u00e4sthetischen Touch. Entdecken Sie die perfekte Kombination aus Funktionalit\u00e4t, Nachhaltigkeit und Design mit der Solar-LED-Stra\u00dfenleuchte, die sich an Ihre Beleuchtungsbed\u00fcrfnisse anpasst.<\/p><p>Dar\u00fcber hinaus k\u00f6nnen Sie von den Vorteilen der&nbsp;<strong>Stra\u00dfenlaterne 3X1<\/strong>&nbsp;Einige seiner Vorteile sind, dass Sie dank der fortschrittlichen LED-Technologie eine gro\u00dfe Lichtleistung erzielen.<\/p><ol>\n<li>Einsparungen bei den Wartungskosten.<\/li>\n<li>Ideal als Ersatz f\u00fcr alte Stra\u00dfenlaternen.<\/li>\n<li>Sie hat einen Schutz&nbsp;<strong>IP65.<\/strong><\/li>\n<li>Keine externe Stromversorgung erforderlich.<\/li>\n<li>Keine Installation von Kabeln erforderlich.<\/li>\n<\/ol><p>Benutzen Sie eine&nbsp;<strong>Energie<\/strong>&nbsp;sauber und&nbsp;<strong>erneuerbar<\/strong>&nbsp;Denn dieses Panel f\u00e4ngt tags\u00fcber die von der Sonne erzeugte W\u00e4rme ein und wandelt sie in Energie um, wodurch die Batterie aufgeladen wird. Nachts leuchtet das LED-Modul mit der gespeicherten Energie.<\/p><p>Die Installation ist sehr einfach.<\/p><p>Dank der vielseitigen Installationsm\u00f6glichkeiten f\u00fcgt sich die Laterne perfekt in jede Umgebung ein. Sie kann an der Wand montiert werden, um bestimmte Bereiche zu beleuchten, an einer S\u00e4ule f\u00fcr eine breitere, gezieltere Beleuchtung oder an einer LED-Laternenhalterung, um Wege und Au\u00dfenbereiche zu beleuchten.<\/p><p>Einmal installiert, m\u00fcssen Sie nur noch warten, bis die Sonne ihre Batterien aufl\u00e4dt. Nachts schaltet sie sich automatisch ein, um Ihnen das Licht zu bieten, das Sie an dem Ort ben\u00f6tigen, an dem Sie sie installiert haben. Sie schaltet sich auch automatisch aus, wenn sie den Sonnenaufgang erkennt.<\/p><p>Holen Sie es sich jetzt in unserem Online Shop, verpassen Sie es nicht und beginnen Sie zu&nbsp;<strong>RETTEN!<\/strong><\/p><h3><strong>Betrieb der Solarstra\u00dfenlampe:<\/strong><\/h3><ul>\n<li>Normaler Betrieb bei 20% und bei Erkennung von Anwesenheit Betrieb bei 100% f\u00fcr etwa 15 Sekunden.<\/li>\n<\/ul><h2>Verwendungszwecke des Produkts<\/h2><ul>\n<li>G\u00e4rten<\/li>\n<li>\u00d6ffentliche Parks<\/li>\n<li>Stra\u00dfen<\/li>\n<li>Stra\u00dfen<\/li>\n<li>Orte?<\/li>\n<\/ul><h3 class=\"h6\">Produktdatenblatt<\/h3><dl class=\"data-sheet\">\n<dt class=\"name\"><img loading=\"lazy\" decoding=\"async\" src=\"https:\/\/www.factorled.com\/modules\/oa_features\/img\/2-default.jpg\" width=\"32\" height=\"32\">&nbsp;REFERENZ<\/dt>\n<dd class=\"value\">SL-CW-91798<\/dd>\n<dt class=\"name\"><img loading=\"lazy\" decoding=\"async\" src=\"https:\/\/www.factorled.com\/modules\/oa_features\/img\/3-default.jpg\" width=\"32\" height=\"32\">&nbsp;Nennleistung<\/dt>\n<dd class=\"value\">4W<\/dd>\n<dt class=\"name\"><img loading=\"lazy\" decoding=\"async\" src=\"https:\/\/www.factorled.com\/modules\/oa_features\/img\/4-default.jpg\" width=\"32\" height=\"32\">&nbsp;Nennspannung<\/dt>\n<dd class=\"value\">3,7V 6A Li-Ion<\/dd>\n<dt class=\"name\"><img loading=\"lazy\" decoding=\"async\" src=\"https:\/\/www.factorled.com\/modules\/oa_features\/img\/5-default.jpg\" width=\"32\" height=\"32\">&nbsp;Licht Temperatur<\/dt>\n<dd class=\"value\">6000K<\/dd>\n<dt class=\"name\"><img loading=\"lazy\" decoding=\"async\" src=\"https:\/\/www.factorled.com\/modules\/oa_features\/img\/6-default.jpg\" width=\"32\" height=\"32\">&nbsp;CRI - Farbwiedergabe-Index<\/dt>\n<dd class=\"value\">72<\/dd>\n<dt class=\"name\"><img loading=\"lazy\" decoding=\"async\" src=\"https:\/\/www.factorled.com\/modules\/oa_features\/img\/25-default.jpg\" width=\"32\" height=\"32\">&nbsp;Baumaterial<\/dt>\n<dd class=\"value\">Aluminium +PC<\/dd>\n<dt class=\"name\"><img loading=\"lazy\" decoding=\"async\" src=\"https:\/\/www.factorled.com\/modules\/oa_features\/img\/8-default.jpg\" width=\"32\" height=\"32\">&nbsp;Leuchtkraft-Lm<\/dt>\n<dd class=\"value\">520Lm<\/dd>\n<dt class=\"name\"><img loading=\"lazy\" decoding=\"async\" src=\"https:\/\/www.factorled.com\/modules\/oa_features\/img\/9-default.jpg\" width=\"32\" height=\"32\">&nbsp;LED-Typ<\/dt>\n<dd class=\"value\">SMD 2835<\/dd>\n<dt class=\"name\"><img loading=\"lazy\" decoding=\"async\" src=\"https:\/\/www.factorled.com\/modules\/oa_features\/img\/10-default.jpg\" width=\"32\" height=\"32\">&nbsp;\u00d6ffnungswinkel (\u00ba)<\/dt>\n<dd class=\"value\">90\u00ba x 110\u00ba.<\/dd>\n<dt class=\"name\"><img loading=\"lazy\" decoding=\"async\" src=\"https:\/\/www.factorled.com\/modules\/oa_features\/img\/15-default.jpg\" width=\"32\" height=\"32\">&nbsp;Bescheinigungen<\/dt>\n<dd class=\"value\">CE - ROHS<\/dd>\n<dt class=\"name\"><img loading=\"lazy\" decoding=\"async\" src=\"https:\/\/www.factorled.com\/modules\/oa_features\/img\/16-default.jpg\" width=\"32\" height=\"32\">&nbsp;IP-Bewertung<\/dt>\n<dd class=\"value\">IP65-Au\u00dfenbereich<\/dd>\n<dt class=\"name\"><img loading=\"lazy\" decoding=\"async\" src=\"https:\/\/www.factorled.com\/modules\/oa_features\/img\/17-default.jpg\" width=\"32\" height=\"32\">&nbsp;Gesch\u00e4tzte Lebensdauer LED-Diode (H)<\/dt>\n<dd class=\"value\">100.000<\/dd>\n<dt class=\"name\"><img loading=\"lazy\" decoding=\"async\" src=\"https:\/\/www.factorled.com\/modules\/oa_features\/img\/18-default.jpg\" width=\"32\" height=\"32\">&nbsp;Messungen (Mm)<\/dt>\n<dd class=\"value\">430x195x70mm<\/dd>\n<dt class=\"name\"><img loading=\"lazy\" decoding=\"async\" src=\"https:\/\/www.factorled.com\/modules\/oa_features\/img\/22-default.jpg\" width=\"32\" height=\"32\">&nbsp;Temperaturbereich (\u00baC)<\/dt>\n<dd class=\"value\">-20\u00baC - +40\u00baC<\/dd>\n<dt class=\"name\"><img loading=\"lazy\" decoding=\"async\" src=\"https:\/\/www.factorled.com\/modules\/oa_features\/img\/24-default.jpg\" width=\"32\" height=\"32\">&nbsp;Anlaufzeit (S)<\/dt>\n<dd class=\"value\">0,2s<\/dd>\n<dt class=\"name\"><img loading=\"lazy\" decoding=\"async\" src=\"https:\/\/www.factorled.com\/modules\/oa_features\/img\/26-default.jpg\" width=\"32\" height=\"32\">&nbsp;Zus\u00e4tzliche Informationen<\/dt>\n<dd class=\"value\">Solarmodul: Monokristallin Klasse: A - 9V 20W<\/dd>\n<dt class=\"name\"><img loading=\"lazy\" decoding=\"async\" src=\"https:\/\/www.factorled.com\/modules\/oa_features\/img\/28-default.jpg\" width=\"32\" height=\"32\">&nbsp;Material der Batterie<\/dt>\n<dd class=\"value\">LiFePO4 - Lithium-Ferrophosphat -LPF 16AH 6.4V<\/dd>\n<dt class=\"name\"><img loading=\"lazy\" decoding=\"async\" src=\"https:\/\/www.factorled.com\/modules\/oa_features\/img\/29-default.jpg\" width=\"32\" height=\"32\">&nbsp;Zeit Entladung (H)<\/dt>\n<dd class=\"value\">24 Std. (2 Tage)<\/dd>\n<dt class=\"name\"><img loading=\"lazy\" decoding=\"async\" src=\"https:\/\/www.factorled.com\/modules\/oa_features\/img\/37-default.jpg\" width=\"32\" height=\"32\">&nbsp;Steuerungsmodi<\/dt>\n<dd class=\"value\">RADAR<\/dd>\n<dt class=\"name\"><img loading=\"lazy\" decoding=\"async\" src=\"https:\/\/www.factorled.com\/modules\/oa_features\/img\/73-default.jpg\" width=\"32\" height=\"32\">&nbsp;Aufprallschutz (IK)<\/dt>\n<dd class=\"value\">IK10<\/dd>\n<dt class=\"name\"><img loading=\"lazy\" decoding=\"async\" src=\"https:\/\/www.factorled.com\/modules\/oa_features\/img\/101-default.jpg\" width=\"32\" height=\"32\">&nbsp;Energieklasse (2023 - EU-2019\/2015)<\/dt>\n<dd class=\"value\">A<\/dd>\n<dt class=\"name\"><img loading=\"lazy\" decoding=\"async\" src=\"https:\/\/www.factorled.com\/modules\/oa_features\/img\/75-default.jpg\" width=\"32\" height=\"32\">&nbsp;Garantie Jahre<\/dt>\n<dd class=\"value\">3Jahre<\/dd>\n<dt class=\"name\"><img loading=\"lazy\" decoding=\"async\" src=\"https:\/\/www.factorled.com\/modules\/oa_features\/img\/78-default.jpg\" width=\"32\" height=\"32\">&nbsp;Einschaltzeit<\/dt>\n<dd class=\"value\">Detektor Normal : 20% - Mit Personen: 100% 15s.<\/dd>\n<\/dl><\/h1>","protected":false},"excerpt":{"rendered":"<div class=\"product-reference\"><strong><label class=\"label\">Referenz:<\/label> SLSL-CW-91798<\/strong>\n<div><\/div>\n<div class=\"product-description-short\">\n<div id=\"product-description-short-3220\">\n<p>Unser&nbsp;<strong>Solar-Stra\u00dfenleuchte 3X1<\/strong>&nbsp;Die Vielseitigkeit der Installation erm\u00f6glicht es der Laterne, sich perfekt in jede Umgebung einzuf\u00fcgen. Sie kann an der Wand montiert werden, um bestimmte Bereiche zu beleuchten, an einer S\u00e4ule f\u00fcr eine breitere und gezieltere Beleuchtung oder an einer LED-Laternenhalterung, um Wege und Au\u00dfenbereiche zu beleuchten. Die aus witterungsbest\u00e4ndigen Materialien gefertigte Laterne zeichnet sich durch ein stilvolles Design aus, das Funktionalit\u00e4t und \u00c4sthetik vereint. Die robuste Konstruktion gew\u00e4hrleistet eine lange Lebensdauer und Widerstandsf\u00e4higkeit gegen widrige Wetterbedingungen.<\/p>\n<\/div>\n<\/div><\/div>","protected":false},"featured_media":12289,"template":"","meta":{"site-sidebar-layout":"default","site-content-layout":"default","ast-global-header-display":"","ast-main-header-display":"","ast-hfb-above-header-display":"","ast-hfb-below-header-display":"","ast-hfb-mobile-header-display":"","site-post-title":"","ast-breadcrumbs-content":"","ast-featured-img":"","footer-sml-layout":"","theme-transparent-header-meta":"default","adv-header-id-meta":"","stick-header-meta":"","header-above-stick-meta":"","header-main-stick-meta":"","header-below-stick-meta":""},"product_cat":[97,30],"product_tag":[],"class_list":["post-12283","product","type-product","status-publish","has-post-thumbnail","hentry","product_cat-farolas-led-solares","product_cat-iluminacion-publica-y-vial"],"yoast_head":"<!-- This site is optimized with the Yoast SEO plugin v27.4 - https:\/\/yoast.com\/product\/yoast-seo-wordpress\/ -->\n<title>Farola LED Solar 3X1 - 500Lm - Con Sensor De Movimiento - STARLED Iluminacion<\/title>\n<meta name=\"robots\" content=\"index, follow, max-snippet:-1, max-image-preview:large, max-video-preview:-1\" \/>\n<link rel=\"canonical\" href=\"https:\/\/starlediluminacion.com\/de\/product\/strasenlaterne-led-solar-3x1-500lm-mit-bewegungssensor\/\" \/>\n<meta property=\"og:locale\" content=\"de_DE\" \/>\n<meta property=\"og:type\" content=\"article\" \/>\n<meta property=\"og:title\" content=\"Farola LED Solar 3X1 - 500Lm - Con Sensor De Movimiento - STARLED Iluminacion\" \/>\n<meta property=\"og:description\" content=\"Referencia: SLSL-CW-91798      Nuestra\u00a0Farola Solar 3X1\u00a0tiene la versatilidad de instalaci\u00f3n permite que la farola se adapte perfectamente a cualquier entorno. Puede ser montada en la pared para iluminar \u00e1reas espec\u00edficas, en una columna para una iluminaci\u00f3n m\u00e1s amplia y focalizada, o en un soporte para farola LED para destacar caminos y \u00e1reas al aire libre.\u00a0Fabricada con materiales resistentes a la intemperie, esta farola presenta un dise\u00f1o estilizado que combina funcionalidad y est\u00e9tica. Su construcci\u00f3n robusta garantiza una larga vida \u00fatil y resistencia a las condiciones clim\u00e1ticas adversas.\" \/>\n<meta property=\"og:url\" content=\"https:\/\/starlediluminacion.com\/de\/product\/strasenlaterne-led-solar-3x1-500lm-mit-bewegungssensor\/\" \/>\n<meta property=\"og:site_name\" content=\"STARLED Iluminacion\" \/>\n<meta property=\"article:modified_time\" content=\"2024-03-28T12:45:23+00:00\" \/>\n<meta property=\"og:image\" content=\"https:\/\/starlediluminacion.com\/wp-content\/uploads\/2024\/01\/farola-led-4w-solar-3x1-con-sensor-de-movimiento.jpg\" \/>\n\t<meta property=\"og:image:width\" content=\"744\" \/>\n\t<meta property=\"og:image:height\" content=\"800\" \/>\n\t<meta property=\"og:image:type\" content=\"image\/jpeg\" \/>\n<meta name=\"twitter:card\" content=\"summary_large_image\" \/>\n<meta name=\"twitter:label1\" content=\"Gesch\u00e4tzte Lesezeit\" \/>\n\t<meta name=\"twitter:data1\" content=\"3\u00a0Minuten\" \/>\n<script type=\"application\/ld+json\" class=\"yoast-schema-graph\">{\"@context\":\"https:\\\/\\\/schema.org\",\"@graph\":[{\"@type\":\"WebPage\",\"@id\":\"https:\\\/\\\/starlediluminacion.com\\\/producto\\\/farola-led-solar-3x1-500lm-con-sensor-de-movimiento\\\/\",\"url\":\"https:\\\/\\\/starlediluminacion.com\\\/producto\\\/farola-led-solar-3x1-500lm-con-sensor-de-movimiento\\\/\",\"name\":\"Farola LED Solar 3X1 - 500Lm - Con Sensor De Movimiento - STARLED Iluminacion\",\"isPartOf\":{\"@id\":\"https:\\\/\\\/starlediluminacion.com\\\/#website\"},\"primaryImageOfPage\":{\"@id\":\"https:\\\/\\\/starlediluminacion.com\\\/producto\\\/farola-led-solar-3x1-500lm-con-sensor-de-movimiento\\\/#primaryimage\"},\"image\":{\"@id\":\"https:\\\/\\\/starlediluminacion.com\\\/producto\\\/farola-led-solar-3x1-500lm-con-sensor-de-movimiento\\\/#primaryimage\"},\"thumbnailUrl\":\"https:\\\/\\\/starlediluminacion.com\\\/wp-content\\\/uploads\\\/2024\\\/01\\\/farola-led-4w-solar-3x1-con-sensor-de-movimiento.jpg\",\"datePublished\":\"2024-01-04T14:50:40+00:00\",\"dateModified\":\"2024-03-28T12:45:23+00:00\",\"breadcrumb\":{\"@id\":\"https:\\\/\\\/starlediluminacion.com\\\/producto\\\/farola-led-solar-3x1-500lm-con-sensor-de-movimiento\\\/#breadcrumb\"},\"inLanguage\":\"de\",\"potentialAction\":[{\"@type\":\"ReadAction\",\"target\":[\"https:\\\/\\\/starlediluminacion.com\\\/producto\\\/farola-led-solar-3x1-500lm-con-sensor-de-movimiento\\\/\"]}]},{\"@type\":\"ImageObject\",\"inLanguage\":\"de\",\"@id\":\"https:\\\/\\\/starlediluminacion.com\\\/producto\\\/farola-led-solar-3x1-500lm-con-sensor-de-movimiento\\\/#primaryimage\",\"url\":\"https:\\\/\\\/starlediluminacion.com\\\/wp-content\\\/uploads\\\/2024\\\/01\\\/farola-led-4w-solar-3x1-con-sensor-de-movimiento.jpg\",\"contentUrl\":\"https:\\\/\\\/starlediluminacion.com\\\/wp-content\\\/uploads\\\/2024\\\/01\\\/farola-led-4w-solar-3x1-con-sensor-de-movimiento.jpg\",\"width\":744,\"height\":800},{\"@type\":\"BreadcrumbList\",\"@id\":\"https:\\\/\\\/starlediluminacion.com\\\/producto\\\/farola-led-solar-3x1-500lm-con-sensor-de-movimiento\\\/#breadcrumb\",\"itemListElement\":[{\"@type\":\"ListItem\",\"position\":1,\"name\":\"Portada\",\"item\":\"https:\\\/\\\/starlediluminacion.com\\\/\"},{\"@type\":\"ListItem\",\"position\":2,\"name\":\"Shop\",\"item\":\"https:\\\/\\\/starlediluminacion.com\\\/shop-2\\\/\"},{\"@type\":\"ListItem\",\"position\":3,\"name\":\"Farola LED Solar 3X1 &#8211; 500Lm &#8211; Con Sensor De Movimiento\"}]},{\"@type\":\"WebSite\",\"@id\":\"https:\\\/\\\/starlediluminacion.com\\\/#website\",\"url\":\"https:\\\/\\\/starlediluminacion.com\\\/\",\"name\":\"STARLED Iluminacion\",\"description\":\"\",\"potentialAction\":[{\"@type\":\"SearchAction\",\"target\":{\"@type\":\"EntryPoint\",\"urlTemplate\":\"https:\\\/\\\/starlediluminacion.com\\\/?s={search_term_string}\"},\"query-input\":{\"@type\":\"PropertyValueSpecification\",\"valueRequired\":true,\"valueName\":\"search_term_string\"}}],\"inLanguage\":\"de\"}]}<\/script>\n<!-- \/ Yoast SEO plugin. -->","yoast_head_json":{"title":"Farola LED Solar 3X1 - 500Lm - Con Sensor De Movimiento - STARLED Iluminacion","robots":{"index":"index","follow":"follow","max-snippet":"max-snippet:-1","max-image-preview":"max-image-preview:large","max-video-preview":"max-video-preview:-1"},"canonical":"https:\/\/starlediluminacion.com\/de\/product\/strasenlaterne-led-solar-3x1-500lm-mit-bewegungssensor\/","og_locale":"de_DE","og_type":"article","og_title":"Farola LED Solar 3X1 - 500Lm - Con Sensor De Movimiento - STARLED Iluminacion","og_description":"Referencia: SLSL-CW-91798      Nuestra\u00a0Farola Solar 3X1\u00a0tiene la versatilidad de instalaci\u00f3n permite que la farola se adapte perfectamente a cualquier entorno. Puede ser montada en la pared para iluminar \u00e1reas espec\u00edficas, en una columna para una iluminaci\u00f3n m\u00e1s amplia y focalizada, o en un soporte para farola LED para destacar caminos y \u00e1reas al aire libre.\u00a0Fabricada con materiales resistentes a la intemperie, esta farola presenta un dise\u00f1o estilizado que combina funcionalidad y est\u00e9tica. Su construcci\u00f3n robusta garantiza una larga vida \u00fatil y resistencia a las condiciones clim\u00e1ticas adversas.","og_url":"https:\/\/starlediluminacion.com\/de\/product\/strasenlaterne-led-solar-3x1-500lm-mit-bewegungssensor\/","og_site_name":"STARLED Iluminacion","article_modified_time":"2024-03-28T12:45:23+00:00","og_image":[{"width":744,"height":800,"url":"https:\/\/starlediluminacion.com\/wp-content\/uploads\/2024\/01\/farola-led-4w-solar-3x1-con-sensor-de-movimiento.jpg","type":"image\/jpeg"}],"twitter_card":"summary_large_image","twitter_misc":{"Gesch\u00e4tzte Lesezeit":"3\u00a0Minuten"},"schema":{"@context":"https:\/\/schema.org","@graph":[{"@type":"WebPage","@id":"https:\/\/starlediluminacion.com\/producto\/farola-led-solar-3x1-500lm-con-sensor-de-movimiento\/","url":"https:\/\/starlediluminacion.com\/producto\/farola-led-solar-3x1-500lm-con-sensor-de-movimiento\/","name":"Farola LED Solar 3X1 - 500Lm - Con Sensor De Movimiento - STARLED Iluminacion","isPartOf":{"@id":"https:\/\/starlediluminacion.com\/#website"},"primaryImageOfPage":{"@id":"https:\/\/starlediluminacion.com\/producto\/farola-led-solar-3x1-500lm-con-sensor-de-movimiento\/#primaryimage"},"image":{"@id":"https:\/\/starlediluminacion.com\/producto\/farola-led-solar-3x1-500lm-con-sensor-de-movimiento\/#primaryimage"},"thumbnailUrl":"https:\/\/starlediluminacion.com\/wp-content\/uploads\/2024\/01\/farola-led-4w-solar-3x1-con-sensor-de-movimiento.jpg","datePublished":"2024-01-04T14:50:40+00:00","dateModified":"2024-03-28T12:45:23+00:00","breadcrumb":{"@id":"https:\/\/starlediluminacion.com\/producto\/farola-led-solar-3x1-500lm-con-sensor-de-movimiento\/#breadcrumb"},"inLanguage":"de","potentialAction":[{"@type":"ReadAction","target":["https:\/\/starlediluminacion.com\/producto\/farola-led-solar-3x1-500lm-con-sensor-de-movimiento\/"]}]},{"@type":"ImageObject","inLanguage":"de","@id":"https:\/\/starlediluminacion.com\/producto\/farola-led-solar-3x1-500lm-con-sensor-de-movimiento\/#primaryimage","url":"https:\/\/starlediluminacion.com\/wp-content\/uploads\/2024\/01\/farola-led-4w-solar-3x1-con-sensor-de-movimiento.jpg","contentUrl":"https:\/\/starlediluminacion.com\/wp-content\/uploads\/2024\/01\/farola-led-4w-solar-3x1-con-sensor-de-movimiento.jpg","width":744,"height":800},{"@type":"BreadcrumbList","@id":"https:\/\/starlediluminacion.com\/producto\/farola-led-solar-3x1-500lm-con-sensor-de-movimiento\/#breadcrumb","itemListElement":[{"@type":"ListItem","position":1,"name":"Portada","item":"https:\/\/starlediluminacion.com\/"},{"@type":"ListItem","position":2,"name":"Shop","item":"https:\/\/starlediluminacion.com\/shop-2\/"},{"@type":"ListItem","position":3,"name":"Farola LED Solar 3X1 &#8211; 500Lm &#8211; Con Sensor De Movimiento"}]},{"@type":"WebSite","@id":"https:\/\/starlediluminacion.com\/#website","url":"https:\/\/starlediluminacion.com\/","name":"STARLED Iluminacion","description":"","potentialAction":[{"@type":"SearchAction","target":{"@type":"EntryPoint","urlTemplate":"https:\/\/starlediluminacion.com\/?s={search_term_string}"},"query-input":{"@type":"PropertyValueSpecification","valueRequired":true,"valueName":"search_term_string"}}],"inLanguage":"de"}]}},"_links":{"self":[{"href":"https:\/\/starlediluminacion.com\/de\/wp-json\/wp\/v3\/product\/12283","targetHints":{"allow":["GET"]}}],"collection":[{"href":"https:\/\/starlediluminacion.com\/de\/wp-json\/wp\/v3\/product"}],"about":[{"href":"https:\/\/starlediluminacion.com\/de\/wp-json\/wp\/v2\/types\/product"}],"wp:featuredmedia":[{"embeddable":true,"href":"https:\/\/starlediluminacion.com\/de\/wp-json\/wp\/v2\/media\/12289"}],"wp:attachment":[{"href":"https:\/\/starlediluminacion.com\/de\/wp-json\/wp\/v2\/media?parent=12283"}],"wp:term":[{"taxonomy":"product_cat","embeddable":true,"href":"https:\/\/starlediluminacion.com\/de\/wp-json\/wp\/v2\/product_cat?post=12283"},{"taxonomy":"product_tag","embeddable":true,"href":"https:\/\/starlediluminacion.com\/de\/wp-json\/wp\/v2\/product_tag?post=12283"}],"curies":[{"name":"wp","href":"https:\/\/api.w.org\/{rel}","templated":true}]}}