{"id":12174,"date":"2024-01-04T14:01:58","date_gmt":"2024-01-04T14:01:58","guid":{"rendered":"https:\/\/starlediluminacion.com\/?post_type=product&#038;p=12174"},"modified":"2024-06-16T14:47:40","modified_gmt":"2024-06-16T14:47:40","slug":"pack-5-bombillas-led-rgb-sumergible-36w-par56-dc12v-ip68-acero316-ik10-controladora-mando-control-remoto-piscina","status":"publish","type":"product","link":"https:\/\/starlediluminacion.com\/de\/product\/pack-5-bulbs-led-rgb-submersible-36w-par56-dc12v-ip68-steel316-ik10-controller-controller-remote-pool\/","title":{"rendered":"<p>5er Pack LED-Lampen RGB Submersible 36W PAR56 - DC12V - IP68 - Steel316 - IK10 + CONTROLLER + REMOTE CONTROL - Schwimmbad<\/p>"},"content":{"rendered":"<h1>PACK 5- LED-RGB-Tauchlampen 36W PAR56 - DC12V - IP68 - Stahl316 - IK10<p style=\"font-weight: 400;\">Die&nbsp;<strong style=\"font-weight: 600;\">Gl\u00fchbirne<\/strong>&nbsp;LED<strong style=\"font-weight: 600;\">&nbsp;- RGB - f\u00fcr Schwimmbad<\/strong>&nbsp;von&nbsp;<strong style=\"font-weight: 600;\">36w<\/strong>&nbsp;Das Triebwerk zeichnet sich durch seine reibungsverschwei\u00dfte Optiklinse aus, die speziell f\u00fcr die&nbsp;<strong style=\"font-weight: 600;\">Unterwasserbeleuchtung<\/strong>Das Licht wird gleichm\u00e4\u00dfig und hervorragend um das Becken herum verteilt, ohne die Badeg\u00e4ste zu blenden, was die Lampe zu einer zuverl\u00e4ssigen und effizienten Beleuchtung f\u00fcr Ihren Betrieb macht.<\/p><p style=\"font-weight: 400;\">Eines der Probleme, das bei Anbauleuchten aus Kunststoff oder Glas h\u00e4ufig auftritt, ist, dass sie zerbrechen, wenn sie in Schwimmb\u00e4dern unter Wasser gesto\u00dfen werden.&nbsp;<strong style=\"font-weight: 600;\">IK10<\/strong>&nbsp;hergestellt in&nbsp;<strong style=\"font-weight: 600;\">Stahl<\/strong>Das Problem des Bruchs aufgrund von St\u00f6\u00dfen ist gel\u00f6st.<\/p><p style=\"font-weight: 400;\">Mit einem Geh\u00e4use aus hochfestem, salzbest\u00e4ndigem Edelstahl 316. 316er Stahl ist eine Art austenitischer rostfreier Stahl mit Chrom, Nickel und Molybd\u00e4n als Hauptlegierungselementen. Diese Art von rostfreiem Stahl ist \u00e4u\u00dferst korrosions- und oxidationsbest\u00e4ndig in sehr aggressiven, chlor- und salzhaltigen Umgebungen. Der 316er Stahl hat gegen\u00fcber anderen Stahlsorten Vorteile bei der Verwendung in salzhaltigem oder chlorhaltigem Wasser:<\/p><ul style=\"font-weight: 400;\">\n<li>Korrosionsbest\u00e4ndigkeit: Stahl 316 enth\u00e4lt Molybd\u00e4n, das ihn in Salzwasserumgebungen sehr korrosionsbest\u00e4ndig macht. Dies macht ihn ideal f\u00fcr den Einsatz in Schiffsausr\u00fcstungen und anderen Komponenten, die Korrosion ausgesetzt sind.<\/li>\n<li>Oxidationsbest\u00e4ndigkeit: 316er Stahl ist aufgrund seines Chromgehalts in Salzwasserumgebungen sehr rostbest\u00e4ndig. Das bedeutet, dass er nicht so leicht rostet oder korrodiert, wodurch sich die Lebensdauer des Materials verl\u00e4ngert.<\/li>\n<li>Einfache Wartung: 316er Stahl ist leicht zu reinigen und zu warten und eignet sich daher ideal f\u00fcr Anwendungen in Meeresumgebungen. Die Oberfl\u00e4che von 316er Stahl ist glatt, was die Ansammlung von Schmutz und anderen Verunreinigungen verhindert.<\/li>\n<li>Hohe mechanische Festigkeit: Stahl 316 ist aufgrund seiner hohen mechanischen Festigkeit sehr widerstandsf\u00e4hig gegen Verformungen und Br\u00fcche. Dies macht ihn ideal f\u00fcr Anwendungen, bei denen er St\u00f6\u00dfen ausgesetzt sein kann, wie z. B. in Schwimmb\u00e4dern.<\/li>\n<\/ul><p style=\"font-weight: 400;\"><strong style=\"font-weight: 600;\">RGB-Controller + Fernbedienung<\/strong>&nbsp;in jeder Lampe enthalten:<\/p><ul style=\"font-weight: 400;\">\n<li>Jede Gl\u00fchbirne wird mit einem eigenen Steuerger\u00e4t geliefert, so dass Sie sich um nichts k\u00fcmmern m\u00fcssen. Einfach an 12V DC anschlie\u00dfen.<\/li>\n<li>Jede Gl\u00fchbirne hat eine eingebaute Fernbedienung, die die gleiche Frequenz wie die Gl\u00fchbirnen hat, so dass Sie mit einer Fernbedienung die verschiedenen RGB-Lampen aus der Ferne steuern und programmieren k\u00f6nnen.<\/li>\n<\/ul><p style=\"font-weight: 400;\"><strong style=\"font-weight: 600;\">Anweisungen zum Einbau:<\/strong><\/p><p style=\"font-weight: 400;\">Vergewissern Sie sich, dass die elektrische Anlage des Schwimmbeckens alle Anforderungen der geltenden \u00f6rtlichen Vorschriften, Bestimmungen und gesetzlichen Normen erf\u00fcllt.<\/p><ol style=\"font-weight: 400;\">\n<li>Entfernen Sie die Schrauben und nehmen Sie die Schwimmbeckenwand ab.<\/li>\n<li>Entfernen Sie die Schrauben und trennen Sie die Teile von der Baugruppe<\/li>\n<li>Entfernen Sie die alte Leuchte, indem Sie die Stromversorgungskabel durchtrennen, und achten Sie dabei auf die Polarit\u00e4t. Sch\u00fctzen Sie den Anschluss und dichten Sie ihn ab<\/li>\n<li>Wickeln Sie das \u00fcbersch\u00fcssige Kabel in die Nische und setzen Sie den Scheinwerfer in die Nische ein, wobei Sie darauf achten, dass alle Teile gleichm\u00e4\u00dfig zusammenpassen.<\/li>\n<li>Ersetzen Sie die Schrauben<\/li>\n<li>Setzen Sie die Nische wieder in die Wand ein und pr\u00fcfen Sie, ob sie entsprechend der vorhandenen Installation dicht ist.<\/li>\n<li>Bringen Sie die Abdeckung wieder an und befestigen Sie die Schrauben.<\/li>\n<\/ol><p style=\"font-weight: 400;\">WARNUNG: Schlie\u00dfen Sie Ihre neue Unterwasserleuchte nicht an die falsche Spannung an, da Sie sonst Ihre Garantie verlieren und Ihre elektrische Anlage besch\u00e4digen k\u00f6nnen. Diese Leuchte arbeitet mit DC12V und ben\u00f6tigt eine Mindeststromversorgung von 60W. Schalten Sie die Unterwasserleuchte nicht ein, wenn sie nicht vollst\u00e4ndig unter Wasser getaucht ist, denn diese Leuchte ist so konzipiert, dass sie nur funktioniert, wenn sie unter Wasser getaucht ist.<\/p><p style=\"font-weight: 400;\">Die LED-Leuchte ist f\u00fcr&nbsp;<strong style=\"font-weight: 600;\">IP68<\/strong>Dadurch ist es absolut wasser- und staubdicht und kann \u00fcber einen l\u00e4ngeren Zeitraum in Wasser getaucht werden.<\/p><p style=\"font-weight: 400;\"><strong style=\"font-weight: 600;\">Hightech-LED-Technik<\/strong>&nbsp;die eine hervorragende Ausleuchtung und Stromeinsparungen von bis zu 90% bieten.<\/p><p style=\"font-weight: 400;\">Sie bieten eine au\u00dfergew\u00f6hnliche Lichtatmosph\u00e4re und sind die perfekte Wahl, um herk\u00f6mmliche Gl\u00fchbirnen in Schwimmb\u00e4dern, Springbrunnen oder \u00e4hnlichem zu ersetzen.<\/p><ul style=\"font-weight: 400;\">\n<li>Die Energieeffizienz \u00fcbertrifft jede herk\u00f6mmliche Halogen-Gl\u00fchlampe.<\/li>\n<li>Lichtstrahl frei von UV- und IR-Strahlen.<\/li>\n<li>Niedrige Betriebstemperatur.<\/li>\n<li>Erh\u00f6hen Sie die Sicherheit im Schwimmbad, indem Sie das Schwimmbad nachts oder bei schlechten Lichtverh\u00e4ltnissen besser sichtbar machen.<\/li>\n<li>Sie helfen Schwimmern, im Schwimmbecken besser zu sehen, was das Risiko von Unf\u00e4llen und Verletzungen verringern kann.<\/li>\n<li>Seine dekorative Verwendung wird den Wert und den Status der Immobilie erh\u00f6hen.<\/li>\n<\/ul><p style=\"font-weight: 400;\">Ben\u00f6tigt F\u00fctterung&nbsp;<strong style=\"font-weight: 600;\">DC12V<\/strong>&nbsp;nicht in dem Produkt enthalten.<\/p><h4><strong style=\"font-weight: 600;\">KOPPLUNG DER LEUCHTE UND DES CONTROLLERS PER FERNBEDIENUNG.<\/strong><\/h4><p style=\"font-weight: 400;\">1.- Legen Sie die Batterien in die Fernbedienung ein.<\/p><p style=\"font-weight: 400;\">2. die Anschl\u00fcsse des Steuerger\u00e4ts gem\u00e4\u00df der Abbildung in der Bedienungsanleitung vornehmen.<\/p><p style=\"font-weight: 400;\">3 - Schalten Sie die Stromversorgung der Leuchte \u00fcber den Netzschalter ein.<\/p><p style=\"font-weight: 400;\">4 - Dr\u00fccken Sie innerhalb von 3 Sekunden nach dem Einschalten die Einschalttaste auf der Fernbedienung f\u00fcr 15 Sekunden.<\/p><p style=\"font-weight: 400;\">5.- Lassen Sie die Einschalttaste los.<\/p><p style=\"font-weight: 400;\">Wenn die Erkennung erfolgreich war, sollte die Leuchte auf die Fernbedienungsbefehle reagieren. Ist dies nicht der Fall, muss vor einem erneuten Versuch die Erkennung der Leuchte durch die Fernbedienung gel\u00f6scht werden, wie unten beschrieben:<\/p><h4><strong style=\"font-weight: 600;\">L\u00f6schen der Kopplung \u00fcber die Fernbedienung<\/strong><\/h4><p style=\"font-weight: 400;\">1.- Unterbrechen Sie die Stromzufuhr vom Netz.<\/p><p style=\"font-weight: 400;\">2.- Schalten Sie das Ger\u00e4t am Stromnetz ein.<\/p><p style=\"font-weight: 400;\">3.- Halten Sie innerhalb von 3 Sekunden nach dem Einschalten die Taste OFF auf der Fernbedienung gedr\u00fcckt.<\/p><p style=\"font-weight: 400;\">4. die Leuchte schaltet sich aus und wieder ein und zeigt damit an, dass die Quittierung gel\u00f6scht worden ist. Lassen Sie die Taste OFF los.<\/p><p style=\"font-weight: 400;\">5. Wenn die L\u00f6schung erfolgreich war, reagiert die Leuchte nicht auf die Fernbedienungsbefehle.<\/p><h4><strong style=\"font-weight: 600;\">HINZUF\u00dcGEN DER LEUCHTE ZUR ANWENDUNG (TUYA SMART \/ SMART LIFE).<\/strong><\/h4><p style=\"font-weight: 400;\">1.- Pr\u00fcfen Sie, ob die Bluetooth-Funktion im Mobiltelefon aktiviert ist.<\/p><p style=\"font-weight: 400;\">2.- Laden Sie die Anwendung, die Sie f\u00fcr die Bedienung der Leuchte gew\u00e4hlt haben (Tuya Smart oder Smart Life), auf Ihr Mobiltelefon herunter und installieren Sie sie.<\/p><p style=\"font-weight: 400;\">3.- Schalten Sie die Leuchte mit der Fernbedienung ein und aus.<\/p><p style=\"font-weight: 400;\">4.- Schalten Sie die Stromversorgung der Leuchte \u00fcber den Netzschalter aus. Schalten Sie die Stromversorgung der Leuchte mit dem Netzschalter ein.<\/p><p style=\"font-weight: 400;\">5.- Dr\u00fccken Sie innerhalb von 3 Sekunden nach dem Einschalten gleichzeitig die Tasten ON und OFF auf der Fernbedienung.<\/p><p style=\"font-weight: 400;\">6 - Halten Sie die Taste gedr\u00fcckt, bis die Leuchte blinkt, was innerhalb von 10 bis 15 Sekunden geschehen sollte. Wiederholen Sie die Schritte 3, 4 und 5, falls erforderlich.<\/p><p style=\"font-weight: 400;\">7 - Lassen Sie die Tasten los und rufen Sie die Tuya Smart oder Smart Life Anwendung (die Sie f\u00fcr die Verwaltung der Leuchte gew\u00e4hlt haben) auf Ihrem Mobiltelefon auf.<\/p><p style=\"font-weight: 400;\">8.- Bei blinkender Leuchte \"Ger\u00e4t hinzuf\u00fcgen\" oder \"+\" ausf\u00fchren.<\/p><p style=\"font-weight: 400;\">9. warten Sie, bis die Anwendung das Ger\u00e4t erkennt.<\/p><p style=\"font-weight: 400;\">10.- Wenn die Anwendung erkannt wird, werden Sie aufgefordert, auf \"Hinzuf\u00fcgen\" zu klicken. Nach dem Hinzuf\u00fcgen zeigt die Anwendung an, dass das Ger\u00e4t erfolgreich hinzugef\u00fcgt wurde. Dr\u00fccken Sie auf \"Fertigstellen\" und das Ger\u00e4t wird nun der Anwendung zur Verwaltung hinzugef\u00fcgt.<\/p><p style=\"font-weight: 400;\">Um die Leuchte manuell hinzuzuf\u00fcgen, m\u00fcssen Sie \"Beleuchtung\" und \"Steckdose (BLE)\" ausw\u00e4hlen und den Anweisungen der Anwendung folgen.<\/p><h4><strong style=\"font-weight: 600;\">WICHTIGE INFORMATIONEN<\/strong><\/h4><p style=\"font-weight: 400;\">1.- Ein Controller kann bis zu 5 Leuchten gleichzeitig unterst\u00fctzen und bedienen.<\/p><p style=\"font-weight: 400;\">2.- Diese Leuchten- und Steuerungsbaugruppe erlaubt NICHT die Verwendung von Verst\u00e4rkern.<\/p><p style=\"font-weight: 400;\">3 - Wenn Sie mehr als 5 Leuchten verwalten m\u00f6chten, m\u00fcssen Sie zus\u00e4tzliche Controller installieren, die die Leuchten verteilen (bis zu 5 pro Controller).<\/p><p style=\"font-weight: 400;\">4.- . Bei der Installation von mehr als einem Steuerger\u00e4t empfehlen wir die Verwendung eines Netzteils f\u00fcr jedes Steuerger\u00e4t.<\/p><p style=\"font-weight: 400;\">5. dieselbe Fernbedienung kann mehr als ein Steuerger\u00e4t bedienen.<\/p><p style=\"font-weight: 400;\">6 - Ein Steuerger\u00e4t kann mit mehr als einer Fernbedienung bedient werden.<\/p><p style=\"font-weight: 400;\">7 - Sie k\u00f6nnen nach Anwendungen im Shop suchen, der Controller unterst\u00fctzt TuyaSmart- und SmartLife-.<\/p><p style=\"font-weight: 400;\">8.- Zun\u00e4chst muss das Steuerger\u00e4t mit der Fernbedienung gekoppelt werden, dann muss die Leuchte der Anwendung hinzugef\u00fcgt werden.<\/p><p style=\"font-weight: 400;\">Bevor Sie die Leuchte aufstellen, koppeln Sie die Leuchte mit der Fernbedienung mit dem Controller und f\u00fcgen Sie die Leuchte zur Anwendung Installiert auf dem Mobiltelefon hinzu.<\/p><p style=\"font-weight: 400;\">Um diese Aufgaben zu erf\u00fcllen, muss die Leuchte mit einem Beh\u00e4lter, der diese Bedingung erf\u00fcllt, in Wasser getaucht werden.<\/p><h2>Anwendungen der LED-RGB-Tauchlampe 36W PAR56 - IP68<\/h2><ul style=\"font-weight: 400;\">\n<li>Schwimmb\u00e4der<\/li>\n<li>Sprudelbad<\/li>\n<li>Teiche<\/li>\n<li>Quellen<\/li>\n<li>Aquarien<\/li>\n<\/ul><h3 class=\"h6\">Produktdatenblatt<\/h3><dl class=\"data-sheet\">\n<dt class=\"name\"><img loading=\"lazy\" decoding=\"async\" src=\"https:\/\/www.factorled.com\/modules\/oa_features\/img\/2-default.jpg\" width=\"32\" height=\"32\">&nbsp;REFERENZ<\/dt>\n<dd class=\"value\">PACK5-POOL12-RGB<\/dd>\n<dt class=\"name\"><img loading=\"lazy\" decoding=\"async\" src=\"https:\/\/www.factorled.com\/modules\/oa_features\/img\/3-default.jpg\" width=\"32\" height=\"32\">&nbsp;Nennleistung<\/dt>\n<dd class=\"value\">36w<\/dd>\n<dt class=\"name\"><img loading=\"lazy\" decoding=\"async\" src=\"https:\/\/www.factorled.com\/modules\/oa_features\/img\/4-default.jpg\" width=\"32\" height=\"32\">&nbsp;Nennspannung<\/dt>\n<dd class=\"value\">12 V GLEICHSTROM<\/dd>\n<dt class=\"name\"><img loading=\"lazy\" decoding=\"async\" src=\"https:\/\/www.factorled.com\/modules\/oa_features\/img\/5-default.jpg\" width=\"32\" height=\"32\">&nbsp;Licht Temperatur<\/dt>\n<dd class=\"value\">RGB (12x3W)<\/dd>\n<dt class=\"name\"><img loading=\"lazy\" decoding=\"async\" src=\"https:\/\/www.factorled.com\/modules\/oa_features\/img\/6-default.jpg\" width=\"32\" height=\"32\">&nbsp;CRI - Farbwiedergabe-Index<\/dt>\n<dd class=\"value\">70<\/dd>\n<dt class=\"name\"><img loading=\"lazy\" decoding=\"async\" src=\"https:\/\/www.factorled.com\/modules\/oa_features\/img\/25-default.jpg\" width=\"32\" height=\"32\">&nbsp;Baumaterial<\/dt>\n<dd class=\"value\">Stahl + PMMA<\/dd>\n<dt class=\"name\"><img loading=\"lazy\" decoding=\"async\" src=\"https:\/\/www.factorled.com\/modules\/oa_features\/img\/8-default.jpg\" width=\"32\" height=\"32\">&nbsp;Leuchtkraft-Lm<\/dt>\n<dd class=\"value\">3600<\/dd>\n<dt class=\"name\"><img loading=\"lazy\" decoding=\"async\" src=\"https:\/\/www.factorled.com\/modules\/oa_features\/img\/9-default.jpg\" width=\"32\" height=\"32\">&nbsp;LED-Typ<\/dt>\n<dd class=\"value\">SMD<\/dd>\n<dt class=\"name\"><img loading=\"lazy\" decoding=\"async\" src=\"https:\/\/www.factorled.com\/modules\/oa_features\/img\/10-default.jpg\" width=\"32\" height=\"32\">&nbsp;\u00d6ffnungswinkel (\u00ba)<\/dt>\n<dd class=\"value\">120\u00b0<\/dd>\n<dt class=\"name\"><img loading=\"lazy\" decoding=\"async\" src=\"https:\/\/www.factorled.com\/modules\/oa_features\/img\/12-default.jpg\" width=\"32\" height=\"32\">&nbsp;LED-Dioden-Wirkungsgrad (Lm\/W)<\/dt>\n<dd class=\"value\">140 Lm\/W<\/dd>\n<dt class=\"name\"><img loading=\"lazy\" decoding=\"async\" src=\"https:\/\/www.factorled.com\/modules\/oa_features\/img\/13-default.jpg\" width=\"32\" height=\"32\">&nbsp;Lichtausbeute (Lm\/W)<\/dt>\n<dd class=\"value\">100 Lm\/W<\/dd>\n<dt class=\"name\"><img loading=\"lazy\" decoding=\"async\" src=\"https:\/\/www.factorled.com\/modules\/oa_features\/img\/15-default.jpg\" width=\"32\" height=\"32\">&nbsp;Bescheinigungen<\/dt>\n<dd class=\"value\">CE - ROHS<\/dd>\n<dt class=\"name\"><img loading=\"lazy\" decoding=\"async\" src=\"https:\/\/www.factorled.com\/modules\/oa_features\/img\/16-default.jpg\" width=\"32\" height=\"32\">&nbsp;IP-Bewertung<\/dt>\n<dd class=\"value\">IP68-Au\u00dfenbereich<\/dd>\n<dt class=\"name\"><img loading=\"lazy\" decoding=\"async\" src=\"https:\/\/www.factorled.com\/modules\/oa_features\/img\/18-default.jpg\" width=\"32\" height=\"32\">&nbsp;Messungen (Mm)<\/dt>\n<dd class=\"value\">\u00d8177x13mm<\/dd>\n<dt class=\"name\"><img loading=\"lazy\" decoding=\"async\" src=\"https:\/\/www.factorled.com\/modules\/oa_features\/img\/26-default.jpg\" width=\"32\" height=\"32\">&nbsp;Zus\u00e4tzliche Informationen<\/dt>\n<dd class=\"value\">Draht 2M.<\/dd>\n<dt class=\"name\"><img loading=\"lazy\" decoding=\"async\" src=\"https:\/\/www.factorled.com\/modules\/oa_features\/img\/7-default.jpg\" width=\"32\" height=\"32\">&nbsp;Energieklasse (2021-EU-2019\/2015)<\/dt>\n<dd class=\"value\">A+<\/dd>\n<dt class=\"name\"><img loading=\"lazy\" decoding=\"async\" src=\"https:\/\/www.factorled.com\/modules\/oa_features\/img\/101-default.jpg\" width=\"32\" height=\"32\">&nbsp;Energieklasse (2023 - EU-2019\/2015)<\/dt>\n<dd class=\"value\">F<\/dd>\n<dt class=\"name\"><img loading=\"lazy\" decoding=\"async\" src=\"https:\/\/www.factorled.com\/modules\/oa_features\/img\/75-default.jpg\" width=\"32\" height=\"32\">&nbsp;Garantie Jahre<\/dt>\n<dd class=\"value\">3<\/dd>\n<\/dl><\/h1>","protected":false},"excerpt":{"rendered":"<div class=\"product-reference\"><strong><label class=\"label\">Referenz:<\/label> SLPACK5-POOL36W-RGB-RC<\/strong>\n<div>\n<div><\/div>\n<\/div>\n<div class=\"product-description-short\">\n<div id=\"product-description-short-3206\">\n<p><strong>PACKUNG MIT 5 RGB-TAUCHLAMPEN AUS STAHL + 1 STEUERGER\u00c4T + 1 STEUEREINHEIT.<\/strong><\/p>\n<p>Stellen Sie sich vor, Sie entspannen sich nach einem langen Arbeitstag an Ihrem Pool, umgeben von weicher, warmer Beleuchtung, die eine einzigartige und einladende Atmosph\u00e4re schafft. Mit unserem&nbsp;<strong>Gl\u00fchbirne<\/strong>&nbsp;von&nbsp;<strong>Edelstahl LED PAR56<\/strong>&nbsp;f\u00fcr&nbsp;<strong>Schwimmbad<\/strong>k\u00f6nnen Sie diese traumhafte Atmosph\u00e4re in Ihrem eigenen Garten schaffen. Au\u00dferdem sehen sie nicht nur fantastisch aus, sondern sind auch sehr energieeffizient und sparen Ihnen Geld bei der Stromrechnung.<\/p>\n<\/div>\n<\/div><\/div>","protected":false},"featured_media":12192,"template":"","meta":{"site-sidebar-layout":"default","site-content-layout":"default","ast-global-header-display":"","ast-main-header-display":"","ast-hfb-above-header-display":"","ast-hfb-below-header-display":"","ast-hfb-mobile-header-display":"","site-post-title":"","ast-breadcrumbs-content":"","ast-featured-img":"","footer-sml-layout":"","theme-transparent-header-meta":"default","adv-header-id-meta":"","stick-header-meta":"","header-above-stick-meta":"","header-main-stick-meta":"","header-below-stick-meta":""},"product_cat":[23],"product_tag":[],"class_list":["post-12174","product","type-product","status-publish","has-post-thumbnail","hentry","product_cat-bombillas-y-lamparas-led"],"_links":{"self":[{"href":"https:\/\/starlediluminacion.com\/de\/wp-json\/wp\/v3\/product\/12174","targetHints":{"allow":["GET"]}}],"collection":[{"href":"https:\/\/starlediluminacion.com\/de\/wp-json\/wp\/v3\/product"}],"about":[{"href":"https:\/\/starlediluminacion.com\/de\/wp-json\/wp\/v2\/types\/product"}],"wp:featuredmedia":[{"embeddable":true,"href":"https:\/\/starlediluminacion.com\/de\/wp-json\/wp\/v2\/media\/12192"}],"wp:attachment":[{"href":"https:\/\/starlediluminacion.com\/de\/wp-json\/wp\/v2\/media?parent=12174"}],"wp:term":[{"taxonomy":"product_cat","embeddable":true,"href":"https:\/\/starlediluminacion.com\/de\/wp-json\/wp\/v2\/product_cat?post=12174"},{"taxonomy":"product_tag","embeddable":true,"href":"https:\/\/starlediluminacion.com\/de\/wp-json\/wp\/v2\/product_tag?post=12174"}],"curies":[{"name":"wp","href":"https:\/\/api.w.org\/{rel}","templated":true}]}}