{"id":12156,"date":"2024-01-04T13:54:49","date_gmt":"2024-01-04T13:54:49","guid":{"rendered":"https:\/\/starlediluminacion.com\/?post_type=product&#038;p=12156"},"modified":"2024-06-16T14:47:19","modified_gmt":"2024-06-16T14:47:19","slug":"controladora-para-bombilla-de-acero-piscina-par56","status":"publish","type":"product","link":"https:\/\/starlediluminacion.com\/de\/product\/schwimmbad-gluhbirnen-steuerung-acero-gluhbirne-par56\/","title":{"rendered":"<p>Steuerger\u00e4t f\u00fcr Pool-Stahlbirne PAR56<\/p>"},"content":{"rendered":"<h1>Steuerger\u00e4t f\u00fcr Pool-Stahlbirne PAR56<p>&nbsp;<\/p><p>Unser&nbsp;<strong>Controller<\/strong>&nbsp;ist so konzipiert, dass es sowohl von unseren&nbsp;<strong>Fernsteuerung<\/strong>wie bei der TUYA-Anwendung f\u00fcr&nbsp;<strong>Gloogle Home und Alexa<\/strong>.<\/p><p>&nbsp;<\/p><p><strong>Merkmale:<\/strong><\/p><p>1.- Ein Controller kann bis zu 5 Leuchten gleichzeitig unterst\u00fctzen und bedienen.<\/p><p>2.- Diese Leuchten- und Steuerungsbaugruppe erlaubt NICHT die Verwendung von Verst\u00e4rkern.<\/p><p>3 - Wenn Sie mehr als 5 Leuchten verwalten m\u00f6chten, m\u00fcssen Sie zus\u00e4tzliche Controller installieren, die die Leuchten verteilen (bis zu 5 pro Controller).<\/p><p>4.- Bei der Installation von mehr als einem Steuerger\u00e4t empfehlen wir die Verwendung eines Netzteils f\u00fcr jedes Steuerger\u00e4t.<\/p><p>5. dieselbe Fernbedienung kann mehr als ein Steuerger\u00e4t bedienen.<\/p><p>6 - Ein Steuerger\u00e4t kann mit mehr als einer Fernbedienung bedient werden.<\/p><p>7 - Sie k\u00f6nnen nach Anwendungen im Shop suchen, der Controller unterst\u00fctzt TuyaSmart- und SmartLife-.<\/p><p>8.- Zun\u00e4chst muss das Steuerger\u00e4t mit der Fernbedienung gekoppelt werden, dann muss die Leuchte der Anwendung hinzugef\u00fcgt werden.<\/p><p>&nbsp;<\/p><p>Bevor Sie die Leuchte aufstellen, koppeln Sie die Leuchte mit der Fernbedienung mit dem Controller und f\u00fcgen Sie die Leuchte zur Anwendung Installiert auf dem Mobiltelefon hinzu.<\/p><p>Um diese Aufgaben zu erf\u00fcllen, muss die Leuchte mit einem Beh\u00e4lter, der diese Bedingung erf\u00fcllt, in Wasser getaucht werden.<\/p><p><strong>Erfordert ein DC12V-Netzteil, das nicht im Produkt enthalten ist.&nbsp;<\/strong><\/p><p>&nbsp;<\/p><p><strong>KOPPLUNG DER LEUCHTE UND DES CONTROLLERS PER FERNBEDIENUNG.<\/strong><\/p><p>1.- Legen Sie die Batterien in die Fernbedienung ein.<\/p><p>2. die Anschl\u00fcsse des Steuerger\u00e4ts gem\u00e4\u00df der Abbildung in der Bedienungsanleitung vornehmen.<\/p><p>3 - Schalten Sie die Stromversorgung der Leuchte \u00fcber den Netzschalter ein.<\/p><p>4 - Dr\u00fccken Sie innerhalb von 3 Sekunden nach dem Einschalten die Einschalttaste auf der Fernbedienung f\u00fcr 15 Sekunden.<\/p><p>5.- Lassen Sie die Einschalttaste los.<\/p><p>Wenn die Erkennung erfolgreich war, sollte die Leuchte auf die Fernbedienungsbefehle reagieren. Ist dies nicht der Fall, muss vor einem erneuten Versuch die Erkennung der Leuchte durch die Fernbedienung gel\u00f6scht werden, wie unten beschrieben:<\/p><p>&nbsp;<\/p><p><strong>L\u00f6schen der Kopplung \u00fcber die Fernbedienung<\/strong><\/p><p>1.- Unterbrechen Sie die Stromzufuhr vom Netz.<\/p><p>2.- Schalten Sie das Ger\u00e4t am Stromnetz ein.<\/p><p>3.- Halten Sie innerhalb von 3 Sekunden nach dem Einschalten die Taste OFF auf der Fernbedienung gedr\u00fcckt.<\/p><p>4. die Leuchte schaltet sich aus und wieder ein und zeigt damit an, dass die Quittierung gel\u00f6scht worden ist. Lassen Sie die Taste OFF los.<\/p><p>5. Wenn die L\u00f6schung erfolgreich war, reagiert die Leuchte nicht auf die Fernbedienungsbefehle.<\/p><p>&nbsp;<\/p><p><strong>HINZUF\u00dcGEN DER LEUCHTE ZUR ANWENDUNG (TUYA SMART \/ SMART LIFE).<\/strong><\/p><p>1.- Pr\u00fcfen Sie, ob die Bluetooth-Funktion im Mobiltelefon aktiviert ist.<\/p><p>2.- Laden Sie die Anwendung, die Sie f\u00fcr die Bedienung der Leuchte gew\u00e4hlt haben (Tuya Smart oder Smart Life), auf Ihr Mobiltelefon herunter und installieren Sie sie.<\/p><p>3.- Schalten Sie die Leuchte mit der Fernbedienung ein und aus.<\/p><p>4.- Schalten Sie die Stromversorgung der Leuchte \u00fcber den Netzschalter aus. Schalten Sie die Stromversorgung der Leuchte mit dem Netzschalter ein.<\/p><p>5.- Dr\u00fccken Sie innerhalb von 3 Sekunden nach dem Einschalten gleichzeitig die Tasten ON und OFF auf der Fernbedienung.<\/p><p>6 - Halten Sie die Taste gedr\u00fcckt, bis die Leuchte blinkt, was innerhalb von 10 bis 15 Sekunden geschehen sollte. Wiederholen Sie die Schritte 3, 4 und 5, falls erforderlich.<\/p><p>7 - Lassen Sie die Tasten los und rufen Sie die Tuya Smart oder Smart Life Anwendung (die Sie f\u00fcr die Verwaltung der Leuchte gew\u00e4hlt haben) auf Ihrem Mobiltelefon auf.<\/p><p>8.- Bei blinkender Leuchte \"Ger\u00e4t hinzuf\u00fcgen\" oder \"+\" ausf\u00fchren.<\/p><p>9. warten Sie, bis die Anwendung das Ger\u00e4t erkennt.<\/p><p>10.- Wenn die Anwendung erkannt wird, werden Sie aufgefordert, auf \"Hinzuf\u00fcgen\" zu klicken. Nach dem Hinzuf\u00fcgen zeigt die Anwendung an, dass das Ger\u00e4t erfolgreich hinzugef\u00fcgt wurde. Dr\u00fccken Sie auf \"Fertigstellen\" und das Ger\u00e4t wird nun der Anwendung zur Verwaltung hinzugef\u00fcgt.<\/p><p>Um die Leuchte manuell hinzuzuf\u00fcgen, m\u00fcssen Sie \"Beleuchtung\" und \"Steckdose (BLE)\" ausw\u00e4hlen und den Anweisungen der Anwendung folgen.<\/p><p>&nbsp;<\/p><p><strong>WICHTIGE INFORMATIONEN<\/strong><\/p><p>1.- Ein Controller kann bis zu 5 Leuchten gleichzeitig unterst\u00fctzen und bedienen.<\/p><p>2.- Diese Leuchten- und Steuerungsbaugruppe erlaubt NICHT die Verwendung von Verst\u00e4rkern.<\/p><p>3 - Wenn Sie mehr als 5 Leuchten verwalten m\u00f6chten, m\u00fcssen Sie zus\u00e4tzliche Controller installieren, die die Leuchten verteilen (bis zu 5 pro Controller).<\/p><p>4.- . Bei der Installation von mehr als einem Steuerger\u00e4t empfehlen wir die Verwendung eines Netzteils f\u00fcr jedes Steuerger\u00e4t.<\/p><p>5. dieselbe Fernbedienung kann mehr als ein Steuerger\u00e4t bedienen.<\/p><p>6 - Ein Steuerger\u00e4t kann mit mehr als einer Fernbedienung bedient werden.<\/p><p>7 - Sie k\u00f6nnen nach Anwendungen im Shop suchen, der Controller unterst\u00fctzt TuyaSmart- und SmartLife-.<\/p><p>8.- Zun\u00e4chst muss das Steuerger\u00e4t mit der Fernbedienung gekoppelt werden, dann muss die Leuchte der Anwendung hinzugef\u00fcgt werden.<\/p><p>Bevor Sie die Leuchte aufstellen, koppeln Sie die Leuchte mit der Fernbedienung mit dem Controller und f\u00fcgen Sie die Leuchte zur Anwendung Installiert auf dem Mobiltelefon hinzu.<\/p><p>Um diese Aufgaben zu erf\u00fcllen, muss die Leuchte mit einem Beh\u00e4lter, der diese Bedingung erf\u00fcllt, in Wasser getaucht werden.<\/p><p>&nbsp;<\/p><h2><strong>PAR56 Steel Pool Bulb Controller Anwendungen<\/strong><\/h2><ul>\n<li>Schwimmb\u00e4der<\/li>\n<li>Sprudelbad<\/li>\n<li>Teiche<\/li>\n<li>Quellen<\/li>\n<li>Aquarien<\/li>\n<\/ul><h3 class=\"h6\">Produktdatenblatt<\/h3><dl class=\"data-sheet\">\n<dt class=\"name\"><img loading=\"lazy\" decoding=\"async\" src=\"https:\/\/www.factorled.com\/modules\/oa_features\/img\/2-default.jpg\" width=\"32\" height=\"32\">&nbsp;REFERENZ<\/dt>\n<dd class=\"value\">REGELPOOL-RGB<\/dd>\n<dt class=\"name\"><img loading=\"lazy\" decoding=\"async\" src=\"https:\/\/www.factorled.com\/modules\/oa_features\/img\/3-default.jpg\" width=\"32\" height=\"32\">&nbsp;Nennleistung<\/dt>\n<dd class=\"value\">12V: 144W - 24V-288W<\/dd>\n<dt class=\"name\"><img loading=\"lazy\" decoding=\"async\" src=\"https:\/\/www.factorled.com\/modules\/oa_features\/img\/4-default.jpg\" width=\"32\" height=\"32\">&nbsp;Nennspannung<\/dt>\n<dd class=\"value\">12V GLEICHSTROM<\/dd>\n<dt class=\"name\"><img loading=\"lazy\" decoding=\"async\" src=\"https:\/\/www.factorled.com\/modules\/oa_features\/img\/25-default.jpg\" width=\"32\" height=\"32\">&nbsp;Baumaterial<\/dt>\n<dd class=\"value\">Thermoplastischer Kunststoff<\/dd>\n<dt class=\"name\"><img loading=\"lazy\" decoding=\"async\" src=\"https:\/\/www.factorled.com\/modules\/oa_features\/img\/15-default.jpg\" width=\"32\" height=\"32\">&nbsp;Bescheinigungen<\/dt>\n<dd class=\"value\">CE - ROHS<\/dd>\n<dt class=\"name\"><img loading=\"lazy\" decoding=\"async\" src=\"https:\/\/www.factorled.com\/modules\/oa_features\/img\/16-default.jpg\" width=\"32\" height=\"32\">&nbsp;IP-Bewertung<\/dt>\n<dd class=\"value\">IP20<\/dd>\n<dt class=\"name\"><img loading=\"lazy\" decoding=\"async\" src=\"https:\/\/www.factorled.com\/modules\/oa_features\/img\/18-default.jpg\" width=\"32\" height=\"32\">&nbsp;Messungen (Mm)<\/dt>\n<dd class=\"value\">25x47x85 mm<\/dd>\n<dt class=\"name\"><img loading=\"lazy\" decoding=\"async\" src=\"https:\/\/www.factorled.com\/modules\/oa_features\/img\/21-default.jpg\" width=\"32\" height=\"32\">&nbsp;Arbeitsfrequenz (Hz)<\/dt>\n<dd class=\"value\">2.4Ghz<\/dd>\n<dt class=\"name\"><img loading=\"lazy\" decoding=\"async\" src=\"https:\/\/www.factorled.com\/modules\/oa_features\/img\/75-default.jpg\" width=\"32\" height=\"32\">&nbsp;Garantie Jahre<\/dt>\n<dd class=\"value\">3<\/dd>\n<dt class=\"name\"><img loading=\"lazy\" decoding=\"async\" src=\"https:\/\/www.factorled.com\/modules\/oa_features\/img\/77-default.jpg\" width=\"32\" height=\"32\">&nbsp;Reichweite (M)<\/dt>\n<dd class=\"value\">30m<\/dd>\n<\/dl><\/h1>","protected":false},"excerpt":{"rendered":"<div class=\"product-reference\"><strong><label class=\"label\">Referenz:<\/label> SLCONTROL-POOL-RGB<\/strong><div><\/div><div class=\"product-description-short\">\n<div id=\"product-description-short-3204\">\n<p>Entdecken Sie die ultimative Vielseitigkeit in der Beleuchtung mit unserem&nbsp;<strong>Pool Lampensteuerung PAR56!<\/strong>&nbsp;Entworfen f\u00fcr&nbsp;<strong>kompatibel&nbsp;<\/strong>mit<strong>&nbsp;<\/strong>unser<strong>&nbsp;Fernsteuerung<\/strong>&nbsp;und die TUYA-Anwendung f\u00fcr&nbsp;<strong>Google Home und Alexa<\/strong>.<\/p>\n<p>Mit einem einzigen Controller k\u00f6nnen Sie Folgendes verwalten&nbsp;<strong>bis zu 5 Lichter&nbsp;<\/strong>zur gleichen Zeit, was Ihnen Flexibilit\u00e4t und individuelle Beleuchtungsoptionen bietet... Tauchen Sie ein in ein einzigartiges Lichterlebnis mit leuchtenden Farben und fesselnden Effekten.<\/p>\n<\/div>\n<\/div><\/div>","protected":false},"featured_media":12162,"template":"","meta":{"site-sidebar-layout":"default","site-content-layout":"default","ast-global-header-display":"","ast-main-header-display":"","ast-hfb-above-header-display":"","ast-hfb-below-header-display":"","ast-hfb-mobile-header-display":"","site-post-title":"","ast-breadcrumbs-content":"","ast-featured-img":"","footer-sml-layout":"","theme-transparent-header-meta":"default","adv-header-id-meta":"","stick-header-meta":"","header-above-stick-meta":"","header-main-stick-meta":"","header-below-stick-meta":""},"product_cat":[62,23],"product_tag":[],"class_list":["post-12156","product","type-product","status-publish","has-post-thumbnail","hentry","product_cat-accesorios-lamparas-led","product_cat-bombillas-y-lamparas-led"],"_links":{"self":[{"href":"https:\/\/starlediluminacion.com\/de\/wp-json\/wp\/v3\/product\/12156","targetHints":{"allow":["GET"]}}],"collection":[{"href":"https:\/\/starlediluminacion.com\/de\/wp-json\/wp\/v3\/product"}],"about":[{"href":"https:\/\/starlediluminacion.com\/de\/wp-json\/wp\/v2\/types\/product"}],"wp:featuredmedia":[{"embeddable":true,"href":"https:\/\/starlediluminacion.com\/de\/wp-json\/wp\/v2\/media\/12162"}],"wp:attachment":[{"href":"https:\/\/starlediluminacion.com\/de\/wp-json\/wp\/v2\/media?parent=12156"}],"wp:term":[{"taxonomy":"product_cat","embeddable":true,"href":"https:\/\/starlediluminacion.com\/de\/wp-json\/wp\/v2\/product_cat?post=12156"},{"taxonomy":"product_tag","embeddable":true,"href":"https:\/\/starlediluminacion.com\/de\/wp-json\/wp\/v2\/product_tag?post=12156"}],"curies":[{"name":"wp","href":"https:\/\/api.w.org\/{rel}","templated":true}]}}