{"id":11944,"date":"2023-12-05T15:36:27","date_gmt":"2023-12-05T15:36:27","guid":{"rendered":"https:\/\/starlediluminacion.com\/?post_type=product&#038;p=11944"},"modified":"2024-06-16T14:41:09","modified_gmt":"2024-06-16T14:41:09","slug":"aro-marco-negro-triple-orientable-para-gu10-2","status":"publish","type":"product","link":"https:\/\/starlediluminacion.com\/de\/product\/aro-marco-negro-triple-orientable-para-gu10-2\/","title":{"rendered":"<p>Aro Marco NEGRO &ndash; TRIPLE &ndash; Orientable Para GU10<\/p>"},"content":{"rendered":"<h1>Aro Marco NEGRO&nbsp;&ndash; TRIPLE &ndash;&nbsp; orientable para GU10<p>Die&nbsp;<strong>schwarzer Drehring<\/strong>&nbsp;f\u00fcr&nbsp;<strong>GU10&nbsp;<\/strong>ist eine stilvolle und funktionelle Leuchte, die eine flexible und pr\u00e4zise Beleuchtungsl\u00f6sung f\u00fcr Innenr\u00e4ume bietet.<\/p><p>Die&nbsp;<strong>marco triple negro&nbsp;<\/strong>f\u00fcr GU10- und dichroitische LED-Module hat eine elegante Oberfl\u00e4che, die sich perfekt in jede Inneneinrichtung einf\u00fcgt und ihr einen Hauch von Raffinesse verleiht. Dank ihrer kompakten Gr\u00f6\u00dfe und ihres geringen Gewichts ist sie zudem leicht zu installieren und zu handhaben.<\/p><p>Einer der Hauptvorteile des dreifach schwenkbaren wei\u00dfen Rings ist, dass Sie bis zu drei GU10-Lampen anstelle von einer oder zwei verwenden k\u00f6nnen. Dies bedeutet, dass Sie im Vergleich zu kleineren Ringen eine noch hellere und breitere Ausleuchtung erhalten. Wenn Sie mehr Licht ben\u00f6tigen oder einen gr\u00f6\u00dferen Bereich abdecken wollen, sorgt der Dreifach-Schwenkring f\u00fcr eine h\u00f6here Lichtleistung und eine gleichm\u00e4\u00dfigere Verteilung des Lichts im Raum. Und da er verstellbar ist, k\u00f6nnen Sie die Richtung jedes Rings individuell einstellen, um die Beleuchtung auf Ihre speziellen Bed\u00fcrfnisse abzustimmen, was Ihnen mehr Flexibilit\u00e4t bei der Gestaltung der Beleuchtung Ihrer Umgebung bietet.<\/p><p>Der Ring ist aus PC (Polycarbonat) gefertigt und hat mehrere Vorteile f\u00fcr den Einsatz in feuchten oder k\u00fcstennahen Gebieten:<\/p><ol>\n<li>Feuchtigkeitsbest\u00e4ndigkeit: Das f\u00fcr die Herstellung der Felge verwendete PC-Material hat feuchtigkeitsbest\u00e4ndige Eigenschaften. Das bedeutet, dass es hoher Luftfeuchtigkeit ohne Besch\u00e4digung oder Korrosion standhalten kann, wodurch es f\u00fcr den Einsatz in Gebieten mit hoher Luftfeuchtigkeit geeignet ist.<\/li>\n<li>Protecci&oacute;n contra la corrosi&oacute;n: Al estar fabricado en PC, el aro Marco NEGRO&nbsp;triple es resistente a la corrosi&oacute;n causada por la exposici&oacute;n al agua salada en zonas costeras. Esto le permite mantener su apariencia y funcionalidad incluso en entornos marinos agresivos.<\/li>\n<li>Langlebigkeit: Das f\u00fcr die Herstellung verwendete PC-Material ist f\u00fcr seine Langlebigkeit und Sto\u00dffestigkeit bekannt. Dadurch ist die Felge in der Lage, widrigen Bedingungen wie starkem Wind, Spritzwasser oder Sand, wie sie in K\u00fcstengebieten typisch sind, zu widerstehen.<\/li>\n<\/ol><p>&nbsp;<\/p><p>Dieser Rahmen ist speziell f\u00fcr die Aufnahme von bis zu drei GU10-Gl\u00fchbirnen und dichroitischen LED-Modulen konzipiert, die dank des einfachen und sicheren Klemmmechanismus leicht installiert und ausgetauscht werden k\u00f6nnen.<\/p><h3 class=\"h6\">Produktdatenblatt<\/h3><dl class=\"data-sheet\">\n<dt class=\"name\"><img loading=\"lazy\" decoding=\"async\" src=\"https:\/\/www.factorled.com\/modules\/oa_features\/img\/2-default.jpg\" width=\"32\" height=\"32\">&nbsp;REFERENZ<\/dt>\n<dd class=\"value\">91806<\/dd>\n<dt class=\"name\"><img loading=\"lazy\" decoding=\"async\" src=\"https:\/\/www.factorled.com\/modules\/oa_features\/img\/25-default.jpg\" width=\"32\" height=\"32\">&nbsp;Baumaterial<\/dt>\n<dd class=\"value\">Polycarbonat<\/dd>\n<dt class=\"name\"><img loading=\"lazy\" decoding=\"async\" src=\"https:\/\/www.factorled.com\/modules\/oa_features\/img\/14-default.jpg\" width=\"32\" height=\"32\">&nbsp;Kappe<\/dt>\n<dd class=\"value\">GU10 - MR16<\/dd>\n<dt class=\"name\"><img loading=\"lazy\" decoding=\"async\" src=\"https:\/\/www.factorled.com\/modules\/oa_features\/img\/15-default.jpg\" width=\"32\" height=\"32\">&nbsp;Bescheinigungen<\/dt>\n<dd class=\"value\">EC<\/dd>\n<dt class=\"name\"><img loading=\"lazy\" decoding=\"async\" src=\"https:\/\/www.factorled.com\/modules\/oa_features\/img\/18-default.jpg\" width=\"32\" height=\"32\">&nbsp;Messungen (Mm)<\/dt>\n<dd class=\"value\">93 x 255 x 25 mm<\/dd>\n<dt class=\"name\"><img loading=\"lazy\" decoding=\"async\" src=\"https:\/\/www.factorled.com\/modules\/oa_features\/img\/27-default.jpg\" width=\"32\" height=\"32\">&nbsp;Deckenschnitt (Mm)<\/dt>\n<dd class=\"value\">75 x 232 mm<\/dd>\n<dt class=\"name\"><img loading=\"lazy\" decoding=\"async\" src=\"https:\/\/www.factorled.com\/modules\/oa_features\/img\/75-default.jpg\" width=\"32\" height=\"32\">&nbsp;Garantie Jahre<\/dt>\n<dd class=\"value\">3<\/dd>\n<\/dl><\/h1>","protected":false},"excerpt":{"rendered":"<div class=\"product-reference\"><label class=\"label\">Referenz:<\/label> <strong>SL91806<\/strong>\n<div><\/div>\n<div class=\"product-description-short\">\n<div id=\"product-description-short-3172\">\n<p>Die&nbsp;<strong>aro&nbsp;Negro&nbsp;<\/strong><strong>Triple orientable&nbsp;<\/strong>f\u00fcr<strong>&nbsp;GU10&nbsp;<\/strong>aus Polycarbonat,<strong>&nbsp;<\/strong>ist eine elegante und funktionelle L\u00f6sung f\u00fcr die Innenbeleuchtung und kann gleichzeitig in Gegenden mit hoher Luftfeuchtigkeit und in salzhaltigen K\u00fcstengebieten installiert werden, da es sich nicht wie Metalle zersetzt.<\/p>\n<p>Das Design erm\u00f6glicht die Einstellung der Lichtrichtung und ist somit ideal, um bestimmte Elemente in einem Raum hervorzuheben oder ein angenehmes Ambiente in jedem Raum zu schaffen. Super einfache Installation. H\u00e4lt K\u00fcstengebieten und Gebieten mit hoher Luftfeuchtigkeit stand, ohne sich zu verschlechtern, da sie aus PC hergestellt ist.<\/p>\n<div class=\"col-md-12\"><i class=\"fa fa-truck\"><\/i>&nbsp;<span class=\"text-muted textprop\">Lieferung innerhalb von 24\/48 Stunden<\/span><\/div>\n<div class=\"col-md-12\"><i class=\"fa fa-exchange\"><\/i>&nbsp;<span class=\"text-muted textprop\">Gesicherte Produktgarantie<\/span><\/div>\n<div class=\"col-md-12 certificados\">\n<hr>\n<p><img decoding=\"async\" class=\"cert\" title=\"Energieklasse A++\" src=\"https:\/\/www.factorled.com\/img\/icono-sello-ce.jpg\" alt=\"CE-zertifiziert\"><\/p><\/div>\n<\/div>\n<\/div><\/div>","protected":false},"featured_media":11948,"template":"","meta":{"site-sidebar-layout":"default","site-content-layout":"default","ast-global-header-display":"","ast-main-header-display":"","ast-hfb-above-header-display":"","ast-hfb-below-header-display":"","ast-hfb-mobile-header-display":"","site-post-title":"","ast-breadcrumbs-content":"","ast-featured-img":"","footer-sml-layout":"","theme-transparent-header-meta":"default","adv-header-id-meta":"","stick-header-meta":"","header-above-stick-meta":"","header-main-stick-meta":"","header-below-stick-meta":""},"product_cat":[62,23],"product_tag":[],"class_list":["post-11944","product","type-product","status-publish","has-post-thumbnail","hentry","product_cat-accesorios-lamparas-led","product_cat-bombillas-y-lamparas-led"],"_links":{"self":[{"href":"https:\/\/starlediluminacion.com\/de\/wp-json\/wp\/v3\/product\/11944","targetHints":{"allow":["GET"]}}],"collection":[{"href":"https:\/\/starlediluminacion.com\/de\/wp-json\/wp\/v3\/product"}],"about":[{"href":"https:\/\/starlediluminacion.com\/de\/wp-json\/wp\/v2\/types\/product"}],"wp:featuredmedia":[{"embeddable":true,"href":"https:\/\/starlediluminacion.com\/de\/wp-json\/wp\/v2\/media\/11948"}],"wp:attachment":[{"href":"https:\/\/starlediluminacion.com\/de\/wp-json\/wp\/v2\/media?parent=11944"}],"wp:term":[{"taxonomy":"product_cat","embeddable":true,"href":"https:\/\/starlediluminacion.com\/de\/wp-json\/wp\/v2\/product_cat?post=11944"},{"taxonomy":"product_tag","embeddable":true,"href":"https:\/\/starlediluminacion.com\/de\/wp-json\/wp\/v2\/product_tag?post=11944"}],"curies":[{"name":"wp","href":"https:\/\/api.w.org\/{rel}","templated":true}]}}