{"id":11934,"date":"2023-12-05T15:26:38","date_gmt":"2023-12-05T15:26:38","guid":{"rendered":"https:\/\/starlediluminacion.com\/?post_type=product&#038;p=11934"},"modified":"2024-06-16T14:41:27","modified_gmt":"2024-06-16T14:41:27","slug":"aro-marco-cuadrado-negro-orientable-para-gu10","status":"publish","type":"product","link":"https:\/\/starlediluminacion.com\/de\/product\/quadratischer-rahmen-felge-schwarz-ausrichtbar-gu10-gu10-ring-2\/","title":{"rendered":"<p>Aro Marco Cuadrado NEGRO Orientable Para GU10<\/p>"},"content":{"rendered":"<h1>Aro Cuadrado NEGRO Orientable para GU10<p>Die&nbsp;<strong>schwarzer Drehring<\/strong>&nbsp;f\u00fcr&nbsp;<strong>GU10&nbsp;<\/strong>&nbsp;ist eine stilvolle und funktionelle Leuchte, die eine flexible und pr\u00e4zise Beleuchtungsl\u00f6sung f\u00fcr Innenr\u00e4ume bietet.<\/p><p>Die&nbsp;<strong>marco&nbsp;cuadrado negro&nbsp;<\/strong>f\u00fcr GU10- und dichroitische LED-Module hat eine elegante Oberfl\u00e4che, die sich perfekt in jede Inneneinrichtung einf\u00fcgt und ihr einen Hauch von Raffinesse verleiht. Dank ihrer kompakten Gr\u00f6\u00dfe und ihres geringen Gewichts ist sie zudem leicht zu installieren und zu handhaben.<\/p><p>Der Ring ist aus PC (Polycarbonat) gefertigt und hat mehrere Vorteile f\u00fcr den Einsatz in feuchten oder k\u00fcstennahen Gebieten:<\/p><ol>\n<li>Feuchtigkeitsbest\u00e4ndigkeit: Das f\u00fcr die Herstellung der Felge verwendete PC-Material hat feuchtigkeitsbest\u00e4ndige Eigenschaften. Das bedeutet, dass es hoher Luftfeuchtigkeit ohne Besch\u00e4digung oder Korrosion standhalten kann, wodurch es f\u00fcr den Einsatz in Gebieten mit hoher Luftfeuchtigkeit geeignet ist.<\/li>\n<li>Korrosionsschutz: Da er aus PC besteht, ist der BLACK-Rahmenring resistent gegen Korrosion, die durch Salzwasser in K\u00fcstengebieten verursacht wird. Dadurch beh\u00e4lt er sein Aussehen und seine Funktionalit\u00e4t auch in rauen Meeresumgebungen bei.<\/li>\n<li>Langlebigkeit: Das f\u00fcr die Herstellung verwendete PC-Material ist f\u00fcr seine Langlebigkeit und Sto\u00dffestigkeit bekannt. Dadurch ist die Felge in der Lage, widrigen Bedingungen wie starkem Wind, Spritzwasser oder Sand, wie sie in K\u00fcstengebieten typisch sind, zu widerstehen.<\/li>\n<\/ol><p>&nbsp;<\/p><p>Diese&nbsp;<strong>Rahmenwerk<\/strong>&nbsp;ist speziell f\u00fcr die Aufnahme von Gl\u00fchbirnen ausgelegt&nbsp;<strong>GU10 &nbsp;<\/strong>und dichroitische LED-Module, die dank ihres einfachen und sicheren Klemmmechanismus leicht installiert und ausgetauscht werden k\u00f6nnen.<\/p><h3 class=\"h6\">Produktdatenblatt<\/h3><dl class=\"data-sheet\">\n<dt class=\"name\"><img loading=\"lazy\" decoding=\"async\" src=\"https:\/\/www.factorled.com\/modules\/oa_features\/img\/2-default.jpg\" width=\"32\" height=\"32\">&nbsp;REFERENZ<\/dt>\n<dd class=\"value\">91802<\/dd>\n<dt class=\"name\"><img loading=\"lazy\" decoding=\"async\" src=\"https:\/\/www.factorled.com\/modules\/oa_features\/img\/25-default.jpg\" width=\"32\" height=\"32\">&nbsp;Baumaterial<\/dt>\n<dd class=\"value\">Polycarbonat<\/dd>\n<dt class=\"name\"><img loading=\"lazy\" decoding=\"async\" src=\"https:\/\/www.factorled.com\/modules\/oa_features\/img\/15-default.jpg\" width=\"32\" height=\"32\">&nbsp;Bescheinigungen<\/dt>\n<dd class=\"value\">EC<\/dd>\n<dt class=\"name\"><img loading=\"lazy\" decoding=\"async\" src=\"https:\/\/www.factorled.com\/modules\/oa_features\/img\/18-default.jpg\" width=\"32\" height=\"32\">&nbsp;Messungen (Mm)<\/dt>\n<dd class=\"value\">93x93xH29mm<\/dd>\n<dt class=\"name\"><img loading=\"lazy\" decoding=\"async\" src=\"https:\/\/www.factorled.com\/modules\/oa_features\/img\/27-default.jpg\" width=\"32\" height=\"32\">&nbsp;Deckenschnitt (Mm)<\/dt>\n<dd class=\"value\">\u00d875 mm<\/dd>\n<dt class=\"name\"><img loading=\"lazy\" decoding=\"async\" src=\"https:\/\/www.factorled.com\/modules\/oa_features\/img\/75-default.jpg\" width=\"32\" height=\"32\">&nbsp;Garantie Jahre<\/dt>\n<dd class=\"value\">3<\/dd>\n<\/dl><\/h1>","protected":false},"excerpt":{"rendered":"<div class=\"product-reference\">\n<p><label class=\"label\">Referenz:<\/label> <strong>SL91802<\/strong><\/p>\n<div><\/div>\n<div class=\"product-description-short\">\n<div id=\"product-description-short-3170\">\n<p>Die&nbsp;<strong>Quadratischer Ring<\/strong>&nbsp;<strong>NEGRO&nbsp;orientable&nbsp;<\/strong>f\u00fcr<strong>&nbsp;GU10&nbsp;<\/strong>aus Polycarbonat,<strong>&nbsp;<\/strong>ist eine elegante und funktionelle L\u00f6sung f\u00fcr die Innenbeleuchtung und kann gleichzeitig in Gegenden mit hoher Luftfeuchtigkeit und in salzhaltigen K\u00fcstengebieten installiert werden, da es sich nicht wie Metalle zersetzt.<\/p>\n<p>Das Design erm\u00f6glicht die Einstellung der Lichtrichtung und ist somit ideal, um bestimmte Elemente in einem Raum hervorzuheben oder ein angenehmes Ambiente in jedem Raum zu schaffen. Super einfache Installation. H\u00e4lt K\u00fcstengebieten und Gebieten mit hoher Luftfeuchtigkeit stand, ohne sich zu verschlechtern, da sie aus PC hergestellt ist.<\/p>\n<div class=\"col-md-12\"><i class=\"fa fa-truck\"><\/i>&nbsp;<span class=\"text-muted textprop\">Lieferung innerhalb von 24\/48 Stunden<\/span><\/div>\n<div class=\"col-md-12\"><i class=\"fa fa-exchange\"><\/i>&nbsp;<span class=\"text-muted textprop\">Gesicherte Produktgarantie<\/span><\/div>\n<div class=\"col-md-12 certificados\">\n<hr>\n<p><img decoding=\"async\" class=\"cert\" title=\"Energieklasse A++\" src=\"https:\/\/www.factorled.com\/img\/icono-sello-ce.jpg\" alt=\"CE-zertifiziert\"><\/p>\n<\/div>\n<\/div>\n<\/div><\/div>","protected":false},"featured_media":12114,"template":"","meta":{"site-sidebar-layout":"default","site-content-layout":"default","ast-global-header-display":"","ast-main-header-display":"","ast-hfb-above-header-display":"","ast-hfb-below-header-display":"","ast-hfb-mobile-header-display":"","site-post-title":"","ast-breadcrumbs-content":"","ast-featured-img":"","footer-sml-layout":"","theme-transparent-header-meta":"default","adv-header-id-meta":"","stick-header-meta":"","header-above-stick-meta":"","header-main-stick-meta":"","header-below-stick-meta":""},"product_cat":[62,23],"product_tag":[],"class_list":["post-11934","product","type-product","status-publish","has-post-thumbnail","hentry","product_cat-accesorios-lamparas-led","product_cat-bombillas-y-lamparas-led"],"_links":{"self":[{"href":"https:\/\/starlediluminacion.com\/de\/wp-json\/wp\/v3\/product\/11934","targetHints":{"allow":["GET"]}}],"collection":[{"href":"https:\/\/starlediluminacion.com\/de\/wp-json\/wp\/v3\/product"}],"about":[{"href":"https:\/\/starlediluminacion.com\/de\/wp-json\/wp\/v2\/types\/product"}],"wp:featuredmedia":[{"embeddable":true,"href":"https:\/\/starlediluminacion.com\/de\/wp-json\/wp\/v2\/media\/12114"}],"wp:attachment":[{"href":"https:\/\/starlediluminacion.com\/de\/wp-json\/wp\/v2\/media?parent=11934"}],"wp:term":[{"taxonomy":"product_cat","embeddable":true,"href":"https:\/\/starlediluminacion.com\/de\/wp-json\/wp\/v2\/product_cat?post=11934"},{"taxonomy":"product_tag","embeddable":true,"href":"https:\/\/starlediluminacion.com\/de\/wp-json\/wp\/v2\/product_tag?post=11934"}],"curies":[{"name":"wp","href":"https:\/\/api.w.org\/{rel}","templated":true}]}}