{"id":11925,"date":"2023-12-05T15:22:18","date_gmt":"2023-12-05T15:22:18","guid":{"rendered":"https:\/\/starlediluminacion.com\/?post_type=product&#038;p=11925"},"modified":"2024-06-16T14:41:48","modified_gmt":"2024-06-16T14:41:48","slug":"marco-blanco-doble-orientable-para-gu10","status":"publish","type":"product","link":"https:\/\/starlediluminacion.com\/de\/product\/marco-blanco-doble-orientable-para-gu10\/","title":{"rendered":"<p>Marco BLANCO &ndash; DOBLE &ndash; Orientable Para GU10<\/p>"},"content":{"rendered":"<h1>Wei\u00dfer Rahmen - DOUBLE - Einstellbar f\u00fcr GU10<p>Der wei\u00dfe schwenkbare Doppelring f\u00fcr zwei GU10 ist eine stilvolle und funktionelle Leuchte, die eine flexible und pr\u00e4zise Beleuchtungsl\u00f6sung f\u00fcr Innenr\u00e4ume bietet.<\/p><p>Einer der Hauptvorteile des schwenkbaren wei\u00dfen Doppelrings f\u00fcr zwei GU10 ist, dass Sie zwei GU10-Lampen anstelle einer verwenden k\u00f6nnen. Das bedeutet, dass Sie die doppelte Ausleuchtung im Vergleich zu einfachen Ringen erhalten k\u00f6nnen. Wenn Sie mehr Licht in einem bestimmten Raum ben\u00f6tigen, bietet der Doppelschwenkring mehr Lichtintensit\u00e4t und eine breitere Lichtverteilung. Und weil er verstellbar ist, k\u00f6nnen Sie die Richtung jedes Rings einstellen, um das Licht dorthin zu lenken, wo Sie es am meisten brauchen. Das gibt Ihnen mehr Flexibilit\u00e4t und Vielseitigkeit bei der Beleuchtung Ihres Raums.<\/p><p>Die wei\u00dfe Aro Frame verstellbar f\u00fcr zwei GU10 aus PC (Polycarbonat) hat mehrere Vorteile f\u00fcr den Einsatz in feuchten oder k\u00fcstennahen Gebieten:<\/p><ol>\n<li>Feuchtigkeitsbest\u00e4ndigkeit: Das f\u00fcr die Herstellung der Felge verwendete PC-Material hat feuchtigkeitsbest\u00e4ndige Eigenschaften. Das bedeutet, dass es hoher Luftfeuchtigkeit ohne Besch\u00e4digung oder Korrosion standhalten kann, wodurch es f\u00fcr den Einsatz in Gebieten mit hoher Luftfeuchtigkeit geeignet ist.<\/li>\n<li>Korrosionsschutz: Da die Marco Blanco-Felge aus PC besteht, ist sie resistent gegen Korrosion, die durch die Einwirkung von Salzwasser in K\u00fcstenregionen verursacht wird. Dadurch beh\u00e4lt sie ihr Aussehen und ihre Funktionalit\u00e4t auch in rauen Meeresumgebungen bei.<\/li>\n<li>Langlebigkeit: Das f\u00fcr die Herstellung verwendete PC-Material ist f\u00fcr seine Langlebigkeit und Sto\u00dffestigkeit bekannt. Dadurch ist die Felge in der Lage, widrigen Bedingungen wie starkem Wind, Spritzwasser oder Sand, wie sie in K\u00fcstengebieten typisch sind, zu widerstehen.<\/li>\n<\/ol><p>&nbsp;<\/p><p>Dieser Rahmen ist speziell f\u00fcr die Aufnahme von bis zu zwei GU10-Gl\u00fchbirnen und dichroitischen LED-Modulen konzipiert, die dank des einfachen und sicheren Klemmmechanismus leicht installiert und ausgetauscht werden k\u00f6nnen.<\/p><h3 class=\"h6\">Produktdatenblatt<\/h3><dl class=\"data-sheet\">\n<dt class=\"name\"><img loading=\"lazy\" decoding=\"async\" src=\"https:\/\/www.factorled.com\/modules\/oa_features\/img\/2-default.jpg\" width=\"32\" height=\"32\">&nbsp;REFERENZ<\/dt>\n<dd class=\"value\">91803<\/dd>\n<dt class=\"name\"><img loading=\"lazy\" decoding=\"async\" src=\"https:\/\/www.factorled.com\/modules\/oa_features\/img\/25-default.jpg\" width=\"32\" height=\"32\">&nbsp;Baumaterial<\/dt>\n<dd class=\"value\">Polycarbonat<\/dd>\n<dt class=\"name\"><img loading=\"lazy\" decoding=\"async\" src=\"https:\/\/www.factorled.com\/modules\/oa_features\/img\/14-default.jpg\" width=\"32\" height=\"32\">&nbsp;Kappe<\/dt>\n<dd class=\"value\">GU10 - MR16<\/dd>\n<dt class=\"name\"><img loading=\"lazy\" decoding=\"async\" src=\"https:\/\/www.factorled.com\/modules\/oa_features\/img\/15-default.jpg\" width=\"32\" height=\"32\">&nbsp;Bescheinigungen<\/dt>\n<dd class=\"value\">EC<\/dd>\n<dt class=\"name\"><img loading=\"lazy\" decoding=\"async\" src=\"https:\/\/www.factorled.com\/modules\/oa_features\/img\/18-default.jpg\" width=\"32\" height=\"32\">&nbsp;Messungen (Mm)<\/dt>\n<dd class=\"value\">173x92xH25mm<\/dd>\n<dt class=\"name\"><img loading=\"lazy\" decoding=\"async\" src=\"https:\/\/www.factorled.com\/modules\/oa_features\/img\/27-default.jpg\" width=\"32\" height=\"32\">&nbsp;Deckenschnitt (Mm)<\/dt>\n<dd class=\"value\">\u00d880x160mm<\/dd>\n<\/dl><\/h1>","protected":false},"excerpt":{"rendered":"<div class=\"product-reference\"><label class=\"label\">Referenz:<\/label> <strong>SL91803<\/strong><div><\/div><div class=\"product-description-short\">\n<div id=\"product-description-short-3168\">\n<p>Der quadratische Ring&nbsp;<strong>BLANCO einstellbare Double f\u00fcr zwei GU10 aus Polycarbonat,&nbsp;<\/strong>ist eine elegante und funktionelle L\u00f6sung f\u00fcr die Innenbeleuchtung, die auch in Gegenden mit hoher Luftfeuchtigkeit und in salzhaltigen K\u00fcstenregionen eingesetzt werden kann, da sie nicht wie Metalle verrottet.  Das Design erm\u00f6glicht die Einstellung der Lichtrichtung und ist somit ideal, um bestimmte Elemente eines Raums hervorzuheben oder ein angenehmes Ambiente in jedem Raum zu schaffen. Super einfache Installation. H\u00e4lt K\u00fcstengebieten und Gebieten mit hoher Luftfeuchtigkeit stand, ohne sich zu verschlechtern, da sie aus PC hergestellt ist.<\/p>\n<div class=\"col-md-12\"><i class=\"fa fa-truck\"><\/i>&nbsp;<span class=\"text-muted textprop\">Lieferung innerhalb von 24\/48 Stunden<\/span><\/div>\n<div class=\"col-md-12\"><i class=\"fa fa-exchange\"><\/i>&nbsp;<span class=\"text-muted textprop\">Gesicherte Produktgarantie<\/span><\/div>\n<div class=\"col-md-12 certificados\">\n<hr>\n<p><img decoding=\"async\" class=\"cert\" title=\"Energieklasse A++\" src=\"https:\/\/www.factorled.com\/img\/icono-sello-ce.jpg\" alt=\"CE-zertifiziert\"><\/p><\/div>\n<\/div>\n<\/div><\/div>","protected":false},"featured_media":11928,"template":"","meta":{"site-sidebar-layout":"default","site-content-layout":"default","ast-global-header-display":"","ast-main-header-display":"","ast-hfb-above-header-display":"","ast-hfb-below-header-display":"","ast-hfb-mobile-header-display":"","site-post-title":"","ast-breadcrumbs-content":"","ast-featured-img":"","footer-sml-layout":"","theme-transparent-header-meta":"default","adv-header-id-meta":"","stick-header-meta":"","header-above-stick-meta":"","header-main-stick-meta":"","header-below-stick-meta":""},"product_cat":[62,23],"product_tag":[],"class_list":["post-11925","product","type-product","status-publish","has-post-thumbnail","hentry","product_cat-accesorios-lamparas-led","product_cat-bombillas-y-lamparas-led"],"_links":{"self":[{"href":"https:\/\/starlediluminacion.com\/de\/wp-json\/wp\/v3\/product\/11925","targetHints":{"allow":["GET"]}}],"collection":[{"href":"https:\/\/starlediluminacion.com\/de\/wp-json\/wp\/v3\/product"}],"about":[{"href":"https:\/\/starlediluminacion.com\/de\/wp-json\/wp\/v2\/types\/product"}],"wp:featuredmedia":[{"embeddable":true,"href":"https:\/\/starlediluminacion.com\/de\/wp-json\/wp\/v2\/media\/11928"}],"wp:attachment":[{"href":"https:\/\/starlediluminacion.com\/de\/wp-json\/wp\/v2\/media?parent=11925"}],"wp:term":[{"taxonomy":"product_cat","embeddable":true,"href":"https:\/\/starlediluminacion.com\/de\/wp-json\/wp\/v2\/product_cat?post=11925"},{"taxonomy":"product_tag","embeddable":true,"href":"https:\/\/starlediluminacion.com\/de\/wp-json\/wp\/v2\/product_tag?post=11925"}],"curies":[{"name":"wp","href":"https:\/\/api.w.org\/{rel}","templated":true}]}}