{"id":11906,"date":"2023-12-05T14:36:34","date_gmt":"2023-12-05T14:36:34","guid":{"rendered":"https:\/\/starlediluminacion.com\/?post_type=product&#038;p=11906"},"modified":"2024-06-16T14:42:14","modified_gmt":"2024-06-16T14:42:14","slug":"bombilla-led-modern-metal-4w-e27-negro-big-o220mm","status":"publish","type":"product","link":"https:\/\/starlediluminacion.com\/de\/product\/bombilla-led-modern-metal-4w-e27-negro-big-o220mm\/","title":{"rendered":"<p>Bombilla LED &ndash; Modern Metal &ndash; 4W E27 &ndash; Negro &ndash; BIG &Oslash;220mm<\/p>"},"content":{"rendered":"<h1>Bombilla Decorativa Modern Metal Negro 4W E27<h2>Elegantes und warmes Licht f\u00fcr jeden Raum<\/h2><p>Die&nbsp;<strong>gro\u00dfe dekorative Gl\u00fchbirne 4W<\/strong>Aluminium, wei\u00df lackiert, mit wei\u00dfer Kappe&nbsp;<strong>E27<\/strong>&nbsp;ist eine elegante und warme Option f\u00fcr jeden Innenraum. Sein schlichtes, minimalistisches Design passt sich jedem Einrichtungsstil an, von klassisch bis modern.<\/p><p>Die Gl\u00fchbirne ist aus hochwertigem Aluminium gefertigt und hochwertig verarbeitet.&nbsp;<strong>mattschwarz<\/strong>&nbsp;was ihr ein modernes und anspruchsvolles Aussehen verleiht. Die Gl\u00fchbirne hat eine Leistung von 4W, was sie energieeffizient macht. Sie erzeugt ein warmes 2200K oder 4000K Licht, das ideal ist, um eine gem\u00fctliche und entspannte Atmosph\u00e4re zu schaffen.<\/p><p>Merkmale:<\/p><ul>\n<li>Einfaches, minimalistisches Design<\/li>\n<li>Hergestellt aus hochwertigem Aluminiummaterial<\/li>\n<li>Mattschwarzes Finish<\/li>\n<li>Freiliegender Faden<\/li>\n<li>4W Leistung<\/li>\n<li>Lichttemperatur: 2200K und 4000K<\/li>\n<\/ul><p>Vorteile:<\/p><ul>\n<li>Elegante und warme Beleuchtung<\/li>\n<li>Anpassungsf\u00e4hig an jede Art von Dekoration<\/li>\n<li>Einfach zu installieren<\/li>\n<li>Spart Energie<\/li>\n<li>Schafft eine gem\u00fctliche und entspannte Atmosph\u00e4re<\/li>\n<\/ul><p>&nbsp;<\/p><h2>Verwendung der modernen dekorativen Gl\u00fchbirne Modern Metall Schwarz 4W E27<\/h2><ul>\n<li>Allgemeine Beleuchtung in Wohnungen, B\u00fcros und Gewerbebetrieben.<\/li>\n<li>Dekorative Beleuchtung in Wohn-, Schlaf- und Esszimmern und anderen Gemeinschaftsbereichen der Wohnung.<\/li>\n<li>Akzentbeleuchtung in Fluren, Treppenh\u00e4usern, Garderoben und anderen Durchgangsbereichen in der Wohnung.<\/li>\n<li>Arbeitsbeleuchtung in B\u00fcrobereichen, an Schreibtischen und anderen Arbeitspl\u00e4tzen.<\/li>\n<li>Beleuchtung in Lesebereichen, sei es in Wohnungen oder Bibliotheken.<\/li>\n<li>Laden- und Ausstellungsbeleuchtung in Gesch\u00e4ften und Ausstellungsr\u00e4umen.<\/li>\n<\/ul><h3 class=\"h6\">Produktdatenblatt<\/h3><dl class=\"data-sheet\">\n<dt class=\"name\"><img loading=\"lazy\" decoding=\"async\" src=\"https:\/\/www.factorled.com\/modules\/oa_features\/img\/3-default.jpg\" width=\"32\" height=\"32\">&nbsp;Nennleistung<\/dt>\n<dd class=\"value\">4W<\/dd>\n<dt class=\"name\"><img loading=\"lazy\" decoding=\"async\" src=\"https:\/\/www.factorled.com\/modules\/oa_features\/img\/4-default.jpg\" width=\"32\" height=\"32\">&nbsp;Nennspannung<\/dt>\n<dd class=\"value\">220-240 V AC<\/dd>\n<dt class=\"name\"><img loading=\"lazy\" decoding=\"async\" src=\"https:\/\/www.factorled.com\/modules\/oa_features\/img\/5-default.jpg\" width=\"32\" height=\"32\">&nbsp;Licht Temperatur<\/dt>\n<dd class=\"value\">2200K - 4000K<\/dd>\n<dt class=\"name\"><img loading=\"lazy\" decoding=\"async\" src=\"https:\/\/www.factorled.com\/modules\/oa_features\/img\/6-default.jpg\" width=\"32\" height=\"32\">&nbsp;CRI - Farbwiedergabe-Index<\/dt>\n<dd class=\"value\">85<\/dd>\n<dt class=\"name\"><img loading=\"lazy\" decoding=\"async\" src=\"https:\/\/www.factorled.com\/modules\/oa_features\/img\/8-default.jpg\" width=\"32\" height=\"32\">&nbsp;Leuchtkraft-Lm<\/dt>\n<dd class=\"value\">400<\/dd>\n<dt class=\"name\"><img loading=\"lazy\" decoding=\"async\" src=\"https:\/\/www.factorled.com\/modules\/oa_features\/img\/10-default.jpg\" width=\"32\" height=\"32\">&nbsp;\u00d6ffnungswinkel (\u00ba)<\/dt>\n<dd class=\"value\">360\u00ba<\/dd>\n<dt class=\"name\"><img loading=\"lazy\" decoding=\"async\" src=\"https:\/\/www.factorled.com\/modules\/oa_features\/img\/14-default.jpg\" width=\"32\" height=\"32\">&nbsp;Kappe<\/dt>\n<dd class=\"value\">E27<\/dd>\n<dt class=\"name\"><img loading=\"lazy\" decoding=\"async\" src=\"https:\/\/www.factorled.com\/modules\/oa_features\/img\/15-default.jpg\" width=\"32\" height=\"32\">&nbsp;Bescheinigungen<\/dt>\n<dd class=\"value\">CE - ROHS<\/dd>\n<dt class=\"name\"><img loading=\"lazy\" decoding=\"async\" src=\"https:\/\/www.factorled.com\/modules\/oa_features\/img\/16-default.jpg\" width=\"32\" height=\"32\">&nbsp;IP-Bewertung<\/dt>\n<dd class=\"value\">IP20<\/dd>\n<dt class=\"name\"><img loading=\"lazy\" decoding=\"async\" src=\"https:\/\/www.factorled.com\/modules\/oa_features\/img\/21-default.jpg\" width=\"32\" height=\"32\">&nbsp;Arbeitsfrequenz (Hz)<\/dt>\n<dd class=\"value\">50\/60Hz<\/dd>\n<dt class=\"name\"><img loading=\"lazy\" decoding=\"async\" src=\"https:\/\/www.factorled.com\/modules\/oa_features\/img\/22-default.jpg\" width=\"32\" height=\"32\">&nbsp;Temperaturbereich (\u00baC)<\/dt>\n<dd class=\"value\">-20?C ~ +55?C<\/dd>\n<dt class=\"name\"><img loading=\"lazy\" decoding=\"async\" src=\"https:\/\/www.factorled.com\/modules\/oa_features\/img\/23-default.jpg\" width=\"32\" height=\"32\">&nbsp;Z\u00fcndungszyklen<\/dt>\n<dd class=\"value\">100.000<\/dd>\n<dt class=\"name\"><img loading=\"lazy\" decoding=\"async\" src=\"https:\/\/www.factorled.com\/modules\/oa_features\/img\/24-default.jpg\" width=\"32\" height=\"32\">&nbsp;Anlaufzeit (S)<\/dt>\n<dd class=\"value\">0,2s<\/dd>\n<dt class=\"name\"><img loading=\"lazy\" decoding=\"async\" src=\"https:\/\/www.factorled.com\/modules\/oa_features\/img\/26-default.jpg\" width=\"32\" height=\"32\">&nbsp;Zus\u00e4tzliche Informationen<\/dt>\n<dd class=\"value\">KEIN FLICK<\/dd>\n<dt class=\"name\"><img loading=\"lazy\" decoding=\"async\" src=\"https:\/\/www.factorled.com\/modules\/oa_features\/img\/7-default.jpg\" width=\"32\" height=\"32\">&nbsp;Energieklasse (2021-EU-2019\/2015)<\/dt>\n<dd class=\"value\">A+<\/dd>\n<dt class=\"name\"><img loading=\"lazy\" decoding=\"async\" src=\"https:\/\/www.factorled.com\/modules\/oa_features\/img\/101-default.jpg\" width=\"32\" height=\"32\">&nbsp;Energieklasse (2023 - EU-2019\/2015)<\/dt>\n<dd class=\"value\">F<\/dd>\n<dt class=\"name\"><img loading=\"lazy\" decoding=\"async\" src=\"https:\/\/www.factorled.com\/modules\/oa_features\/img\/75-default.jpg\" width=\"32\" height=\"32\">&nbsp;Garantie Jahre<\/dt>\n<dd class=\"value\">3<\/dd>\n<\/dl><\/h1>","protected":false},"excerpt":{"rendered":"<div class=\"product-reference\"><label class=\"label\">Referenz:<\/label><strong> SL91755<\/strong>\n<div><\/div>\n<div class=\"product-description-short\">\n<div id=\"product-description-short-3160\">\n<p>Diese&nbsp;<strong>gro\u00dfe dekorative Gl\u00fchbirne<\/strong>Er verf\u00fcgt \u00fcber ein internes Filament aus PMMA und ist dank seiner Energieeffizienz mit einem energieeffizienten Stromspeicher umweltfreundlich.&nbsp;<strong>E27<\/strong>. Ideal f\u00fcr dekorative Beleuchtung, zur Hervorhebung von Innenr\u00e4umen und f\u00fcr ein originelles Aussehen bei Nacht.<\/p>\n<p>Die Gl\u00fchbirne ist aus hochwertigem Aluminium gefertigt, was ihr einen Vintage- und Retro-Look verleiht. Ihre Wattzahl von&nbsp;<strong>4W<\/strong>&nbsp;ist perfekt f\u00fcr gem\u00fctliche und entspannte Bereiche.<\/p>\n<div class=\"col-md-12\"><i class=\"fa fa-truck\"><\/i>&nbsp;<span class=\"text-muted textprop\">Lieferung innerhalb von 24\/48 Stunden<\/span><\/div>\n<div class=\"col-md-12\"><i class=\"fa fa-exchange\"><\/i>&nbsp;<span class=\"text-muted textprop\">Gesicherte Produktgarantie<\/span><\/div>\n<div class=\"col-md-12 certificados\">\n<hr>\n<p><img decoding=\"async\" class=\"cert\" title=\"CE-zertifiziert\" src=\"https:\/\/www.factorled.com\/img\/icono-sello-ce.jpg\" alt=\"CE-zertifiziert\">&nbsp;<img decoding=\"async\" class=\"cert\" title=\"ROHS-Zertifikat\" src=\"https:\/\/www.factorled.com\/img\/icono-sello-rosh.jpg\" alt=\"ROHS-Zertifikat\">&nbsp;<img decoding=\"async\" class=\"cert\" title=\"Energieklasse A+\" src=\"https:\/\/www.factorled.com\/img\/icono-sello-a+.jpg\" alt=\"Energieklasse A+\"><\/p><\/div>\n<\/div>\n<\/div><\/div>","protected":false},"featured_media":11913,"template":"","meta":{"site-sidebar-layout":"default","site-content-layout":"default","ast-global-header-display":"","ast-main-header-display":"","ast-hfb-above-header-display":"","ast-hfb-below-header-display":"","ast-hfb-mobile-header-display":"","site-post-title":"","ast-breadcrumbs-content":"","ast-featured-img":"","footer-sml-layout":"","theme-transparent-header-meta":"default","adv-header-id-meta":"","stick-header-meta":"","header-above-stick-meta":"","header-main-stick-meta":"","header-below-stick-meta":""},"product_cat":[46,23],"product_tag":[],"class_list":["post-11906","product","type-product","status-publish","has-post-thumbnail","hentry","product_cat-bombillas-led-e27","product_cat-bombillas-y-lamparas-led"],"_links":{"self":[{"href":"https:\/\/starlediluminacion.com\/de\/wp-json\/wp\/v3\/product\/11906","targetHints":{"allow":["GET"]}}],"collection":[{"href":"https:\/\/starlediluminacion.com\/de\/wp-json\/wp\/v3\/product"}],"about":[{"href":"https:\/\/starlediluminacion.com\/de\/wp-json\/wp\/v2\/types\/product"}],"wp:featuredmedia":[{"embeddable":true,"href":"https:\/\/starlediluminacion.com\/de\/wp-json\/wp\/v2\/media\/11913"}],"wp:attachment":[{"href":"https:\/\/starlediluminacion.com\/de\/wp-json\/wp\/v2\/media?parent=11906"}],"wp:term":[{"taxonomy":"product_cat","embeddable":true,"href":"https:\/\/starlediluminacion.com\/de\/wp-json\/wp\/v2\/product_cat?post=11906"},{"taxonomy":"product_tag","embeddable":true,"href":"https:\/\/starlediluminacion.com\/de\/wp-json\/wp\/v2\/product_tag?post=11906"}],"curies":[{"name":"wp","href":"https:\/\/api.w.org\/{rel}","templated":true}]}}