{"id":11427,"date":"2023-12-04T11:23:18","date_gmt":"2023-12-04T11:23:18","guid":{"rendered":"https:\/\/starlediluminacion.com\/?post_type=product&#038;p=11427"},"modified":"2024-01-29T12:31:26","modified_gmt":"2024-01-29T12:31:26","slug":"bombilla-led-filamento-conica-decorativa-6w-e27-ambar-big-o120mm","status":"publish","type":"product","link":"https:\/\/starlediluminacion.com\/de\/product\/gluhbirne-led-filament-konisch-dekorativ-6w-e27-ambar-big-o120mm-2\/","title":{"rendered":"<p>Bombilla LED Filamento -CONICA- Decorativa 6W E27 &ndash; Ambar &ndash; BIG &Oslash;120mm<\/p>"},"content":{"rendered":"<h1>Bombilla LED Filamento -CONICA- Decorativa 6W E27 &ndash; Ambar<p>Diese&nbsp;<strong>Gl\u00fchbirne<\/strong>&nbsp;von&nbsp;<strong>6W<\/strong>&nbsp;mit&nbsp;<strong>Sockel E27<\/strong>&nbsp;bietet eine \u00e4u\u00dferst energieeffiziente Alternative zur Versch\u00f6nerung Ihres Hauses und Ihres Unternehmens.<\/p><p>Esta joya de iluminaci&oacute;n, en forma c&oacute;nica y equipada con tecnolog&iacute;a&nbsp;<strong>LED-Gl\u00fchfaden<\/strong>Die neue Gl\u00fchbirne verbindet anspruchsvolles Design mit einem umweltfreundlichen Ansatz. Die sorgf\u00e4ltig aus hochwertigen Materialien und au\u00dfergew\u00f6hnlich gemustertem Glas gefertigte Gl\u00fchbirne beleuchtet nicht nur Ihre R\u00e4ume mit hervorragender Effizienz, sondern tr\u00e4gt dank ihrer au\u00dfergew\u00f6hnlichen Energieeinsparungen auch zum Umweltschutz bei.<\/p><p>Su dise&ntilde;o moderno y elegante, caracterizado por una elegante carcasa de vidrio con forma de cono, se integra a la perfecci&oacute;n en cualquier esquema de decoraci&oacute;n de interiores. Esta adici&oacute;n no solo ilumina tus espacios, sino que tambi&eacute;n agrega un toque de encanto y estilo sin igual a tu entorno.<\/p><p>Neben ihrer auff\u00e4lligen \u00c4sthetik wurde diese Gl\u00fchbirne sorgf\u00e4ltig f\u00fcr eine au\u00dfergew\u00f6hnliche Haltbarkeit entwickelt, was sie zu einer intelligenten Langzeitinvestition macht. Dank der langen Lebensdauer und des minimalen Energieverbrauchs k\u00f6nnen Sie mit dieser Gl\u00fchbirne eine effiziente und nachhaltige Beleuchtung genie\u00dfen, ohne Kompromisse bei Stil oder Leistung eingehen zu m\u00fcssen.<\/p><h2>Usos de la&nbsp;Bombilla LED Filamento -CONICA- Decorativa 6W E27 &ndash; Ambar<\/h2><ul>\n<li>Dekorative Beleuchtung<\/li>\n<li>H\u00e4ngelampen<\/li>\n<li>Industrielle Wandleuchten<\/li>\n<li>Schreibtischlampen oder Nachttischlampen<\/li>\n<\/ul><h3 class=\"h6\">Produktdatenblatt<\/h3><dl class=\"data-sheet\">\n<dt class=\"name\"><img loading=\"lazy\" decoding=\"async\" src=\"https:\/\/www.factorled.com\/modules\/oa_features\/img\/2-default.jpg\" width=\"32\" height=\"32\">&nbsp;REFERENZ<\/dt>\n<dd class=\"value\">DL6W-GW-91182<\/dd>\n<dt class=\"name\"><img loading=\"lazy\" decoding=\"async\" src=\"https:\/\/www.factorled.com\/modules\/oa_features\/img\/3-default.jpg\" width=\"32\" height=\"32\">&nbsp;Nennleistung<\/dt>\n<dd class=\"value\">6w<\/dd>\n<dt class=\"name\"><img loading=\"lazy\" decoding=\"async\" src=\"https:\/\/www.factorled.com\/modules\/oa_features\/img\/4-default.jpg\" width=\"32\" height=\"32\">&nbsp;Nennspannung<\/dt>\n<dd class=\"value\">220-240V<\/dd>\n<dt class=\"name\"><img loading=\"lazy\" decoding=\"async\" src=\"https:\/\/www.factorled.com\/modules\/oa_features\/img\/5-default.jpg\" width=\"32\" height=\"32\">&nbsp;Licht Temperatur<\/dt>\n<dd class=\"value\">1800K<\/dd>\n<dt class=\"name\"><img loading=\"lazy\" decoding=\"async\" src=\"https:\/\/www.factorled.com\/modules\/oa_features\/img\/6-default.jpg\" width=\"32\" height=\"32\">&nbsp;CRI - Farbwiedergabe-Index<\/dt>\n<dd class=\"value\">80<\/dd>\n<dt class=\"name\"><img loading=\"lazy\" decoding=\"async\" src=\"https:\/\/www.factorled.com\/modules\/oa_features\/img\/25-default.jpg\" width=\"32\" height=\"32\">&nbsp;Baumaterial<\/dt>\n<dd class=\"value\">PMMA + Stahl<\/dd>\n<dt class=\"name\"><img loading=\"lazy\" decoding=\"async\" src=\"https:\/\/www.factorled.com\/modules\/oa_features\/img\/8-default.jpg\" width=\"32\" height=\"32\">&nbsp;Leuchtkraft-Lm<\/dt>\n<dd class=\"value\">85<\/dd>\n<dt class=\"name\"><img loading=\"lazy\" decoding=\"async\" src=\"https:\/\/www.factorled.com\/modules\/oa_features\/img\/10-default.jpg\" width=\"32\" height=\"32\">&nbsp;\u00d6ffnungswinkel (\u00ba)<\/dt>\n<dd class=\"value\">360\u00ba<\/dd>\n<dt class=\"name\"><img loading=\"lazy\" decoding=\"async\" src=\"https:\/\/www.factorled.com\/modules\/oa_features\/img\/14-default.jpg\" width=\"32\" height=\"32\">&nbsp;Kappe<\/dt>\n<dd class=\"value\">E27<\/dd>\n<dt class=\"name\"><img loading=\"lazy\" decoding=\"async\" src=\"https:\/\/www.factorled.com\/modules\/oa_features\/img\/15-default.jpg\" width=\"32\" height=\"32\">&nbsp;Bescheinigungen<\/dt>\n<dd class=\"value\">CE - ROHS<\/dd>\n<dt class=\"name\"><img loading=\"lazy\" decoding=\"async\" src=\"https:\/\/www.factorled.com\/modules\/oa_features\/img\/16-default.jpg\" width=\"32\" height=\"32\">&nbsp;IP-Bewertung<\/dt>\n<dd class=\"value\">IP20<\/dd>\n<dt class=\"name\"><img loading=\"lazy\" decoding=\"async\" src=\"https:\/\/www.factorled.com\/modules\/oa_features\/img\/18-default.jpg\" width=\"32\" height=\"32\">&nbsp;Messungen (Mm)<\/dt>\n<dd class=\"value\">120x195mm<\/dd>\n<dt class=\"name\"><img loading=\"lazy\" decoding=\"async\" src=\"https:\/\/www.factorled.com\/modules\/oa_features\/img\/21-default.jpg\" width=\"32\" height=\"32\">&nbsp;Arbeitsfrequenz (Hz)<\/dt>\n<dd class=\"value\">50\/60Hz<\/dd>\n<dt class=\"name\"><img loading=\"lazy\" decoding=\"async\" src=\"https:\/\/www.factorled.com\/modules\/oa_features\/img\/22-default.jpg\" width=\"32\" height=\"32\">&nbsp;Temperaturbereich (\u00baC)<\/dt>\n<dd class=\"value\">-20?C ~ +55?C<\/dd>\n<dt class=\"name\"><img loading=\"lazy\" decoding=\"async\" src=\"https:\/\/www.factorled.com\/modules\/oa_features\/img\/23-default.jpg\" width=\"32\" height=\"32\">&nbsp;Z\u00fcndungszyklen<\/dt>\n<dd class=\"value\">100.000<\/dd>\n<dt class=\"name\"><img loading=\"lazy\" decoding=\"async\" src=\"https:\/\/www.factorled.com\/modules\/oa_features\/img\/24-default.jpg\" width=\"32\" height=\"32\">&nbsp;Anlaufzeit (S)<\/dt>\n<dd class=\"value\">0,2s<\/dd>\n<dt class=\"name\"><img loading=\"lazy\" decoding=\"async\" src=\"https:\/\/www.factorled.com\/modules\/oa_features\/img\/7-default.jpg\" width=\"32\" height=\"32\">&nbsp;Energieklasse (2021-EU-2019\/2015)<\/dt>\n<dd class=\"value\">A+<\/dd>\n<dt class=\"name\"><img loading=\"lazy\" decoding=\"async\" src=\"https:\/\/www.factorled.com\/modules\/oa_features\/img\/101-default.jpg\" width=\"32\" height=\"32\">&nbsp;Energieklasse (2023 - EU-2019\/2015)<\/dt>\n<dd class=\"value\">F<\/dd>\n<dt class=\"name\"><img loading=\"lazy\" decoding=\"async\" src=\"https:\/\/www.factorled.com\/modules\/oa_features\/img\/75-default.jpg\" width=\"32\" height=\"32\">&nbsp;Garantie Jahre<\/dt>\n<dd class=\"value\">3<\/dd>\n<\/dl><\/h1>","protected":false},"excerpt":{"rendered":"<div class=\"product-reference\"><label class=\"label\">Referenz:<\/label> <strong>SLDL6W-GW-91182<\/strong>\n<div><\/div>\n<div class=\"product-description-short\">\n<div id=\"product-description-short-3084\">\n<p>Diese&nbsp;<strong>LED-Gl\u00fchbirne<\/strong>&nbsp;<strong>6W<\/strong>&nbsp;con un dise&ntilde;o tipo c&oacute;nica, fabricada en vidrio estampado y con un&nbsp;<strong>E27-Fassung<\/strong>, es una elecci&oacute;n respetuosa con el medio ambiente gracias a su eficiencia energ&eacute;tica. Su atractivo dise&ntilde;o moderno y elegante, caracterizado por su carcasa de vidrio estampado en forma de cono, complementar&aacute; con estilo cualquier decoraci&oacute;n de interiores.<\/p>\n<div class=\"col-md-12\"><i class=\"fa fa-truck\"><\/i>&nbsp;<span class=\"text-muted textprop\">Lieferung innerhalb von 24\/48 Stunden<\/span><\/div>\n<div class=\"col-md-12\"><i class=\"fa fa-exchange\"><\/i>&nbsp;<span class=\"text-muted textprop\">Gesicherte Produktgarantie<\/span><\/div>\n<div><img decoding=\"async\" class=\"cert\" title=\"CE-zertifiziert\" src=\"https:\/\/www.factorled.com\/img\/icono-sello-ce.jpg\" alt=\"CE-zertifiziert\">&nbsp;<img decoding=\"async\" class=\"cert\" title=\"ROHS-Zertifikat\" src=\"https:\/\/www.factorled.com\/img\/icono-sello-rosh.jpg\" alt=\"ROHS-Zertifikat\">&nbsp;<img decoding=\"async\" class=\"cert\" title=\"Energieklasse A+\" src=\"https:\/\/www.factorled.com\/img\/icono-sello-a+.jpg\" alt=\"Energieklasse A+\"><\/div>\n<\/div>\n<\/div><\/div>","protected":false},"featured_media":11432,"template":"","meta":{"site-sidebar-layout":"default","site-content-layout":"default","ast-global-header-display":"","ast-main-header-display":"","ast-hfb-above-header-display":"","ast-hfb-below-header-display":"","ast-hfb-mobile-header-display":"","site-post-title":"","ast-breadcrumbs-content":"","ast-featured-img":"","footer-sml-layout":"","theme-transparent-header-meta":"default","adv-header-id-meta":"","stick-header-meta":"","header-above-stick-meta":"","header-main-stick-meta":"","header-below-stick-meta":""},"product_cat":[46,23],"product_tag":[],"class_list":["post-11427","product","type-product","status-publish","has-post-thumbnail","hentry","product_cat-bombillas-led-e27","product_cat-bombillas-y-lamparas-led"],"_links":{"self":[{"href":"https:\/\/starlediluminacion.com\/de\/wp-json\/wp\/v3\/product\/11427","targetHints":{"allow":["GET"]}}],"collection":[{"href":"https:\/\/starlediluminacion.com\/de\/wp-json\/wp\/v3\/product"}],"about":[{"href":"https:\/\/starlediluminacion.com\/de\/wp-json\/wp\/v2\/types\/product"}],"wp:featuredmedia":[{"embeddable":true,"href":"https:\/\/starlediluminacion.com\/de\/wp-json\/wp\/v2\/media\/11432"}],"wp:attachment":[{"href":"https:\/\/starlediluminacion.com\/de\/wp-json\/wp\/v2\/media?parent=11427"}],"wp:term":[{"taxonomy":"product_cat","embeddable":true,"href":"https:\/\/starlediluminacion.com\/de\/wp-json\/wp\/v2\/product_cat?post=11427"},{"taxonomy":"product_tag","embeddable":true,"href":"https:\/\/starlediluminacion.com\/de\/wp-json\/wp\/v2\/product_tag?post=11427"}],"curies":[{"name":"wp","href":"https:\/\/api.w.org\/{rel}","templated":true}]}}