{"id":11068,"date":"2023-09-26T07:59:42","date_gmt":"2023-09-26T07:59:42","guid":{"rendered":"https:\/\/starlediluminacion.com\/?post_type=product&#038;p=11068"},"modified":"2023-12-04T10:18:57","modified_gmt":"2023-12-04T10:18:57","slug":"cartel-neon-led-open","status":"publish","type":"product","link":"https:\/\/starlediluminacion.com\/de\/product\/sign-neon-led-open\/","title":{"rendered":"<p>LED-Leuchtschrift - Offen<\/p>"},"content":{"rendered":"<h1>LED-Leuchtschrift - Offen -<p>&nbsp;<\/p><p><strong>Neon LED Schild - - Fallen Sie auf und werben Sie mit Stil f\u00fcr Ihr Unternehmen<\/strong><\/p><p>Wir stellen Ihnen unser spektakul\u00e4res LED-Leuchtschild vor, ein wahres Kunstwerk, das mit seiner blendenden Helligkeit und seiner auff\u00e4lligen Botschaft die Aufmerksamkeit von Kunden und Passanten auf sich zieht. Dieses Leuchtschild ist perfekt f\u00fcr Unternehmen und Gesch\u00e4fte, die ihre Kunden auf eine auff\u00e4llige und moderne Weise begr\u00fc\u00dfen und die \u00d6ffnung ihrer T\u00fcren auf einzigartige und stilvolle Weise ank\u00fcndigen m\u00f6chten.<\/p><p><strong>Qualit\u00e4t und beleuchtete Eleganz<\/strong><\/p><p>Unser LED-Neonschild ist die perfekte Erg\u00e4nzung f\u00fcr jede Einrichtung und besticht durch sein elegantes und auff\u00e4lliges Design. Hergestellt aus hochwertigen Materialien und modernsten LED-Streifen, garantiert dieses Schild eine intensive und gleichm\u00e4\u00dfige Beleuchtung, die die Blicke der Passanten auf sich ziehen wird. Sein Design in einer attraktiven Neonfarbe verleiht jedem Schaufenster oder jeder Wand einen modernen und raffinierten Touch.<\/p><p><strong>Energieeffizienz und Langlebigkeit<\/strong><\/p><p>Die energieeffiziente LED-Technologie macht unser LED-Neonschild zu einer nachhaltigen und umweltfreundlichen Option. Sie sparen Stromkosten und genie\u00dfen gleichzeitig eine au\u00dfergew\u00f6hnliche Haltbarkeit, da LED-Leuchten eine viel l\u00e4ngere Lebensdauer haben als herk\u00f6mmliche Leuchtreklamen. Vergessen Sie st\u00e4ndige Wartungsarbeiten, denn dieses Schild beh\u00e4lt seine Helligkeit f\u00fcr viele Stunden Dauerbetrieb bei.<\/p><p>Die Farbkonsistenz der von uns angebotenen LED-Leuchtschriften ist uns sehr wichtig. Deshalb verwenden wir hochwertige LEDs, deren Leistung und Farbton \u00fcber die Zeit konstant bleiben. Das bedeutet, dass die Farbe und die Helligkeit der Leuchte trotz der Zeit und der Umweltbedingungen einheitlich und unver\u00e4nderlich bleiben.<\/p><p><strong>Einfache Installation und Vielseitigkeit<\/strong><\/p><p>Unser LED-Neonschild l\u00e4sst sich einfach und sicher an der Wand oder einer anderen flachen Oberfl\u00e4che anbringen. Es wird mit einer stabilen Halterung und Schrauben f\u00fcr eine schnelle und problemlose Installation geliefert. Dar\u00fcber hinaus kann es dank seines kompakten und leichten Designs an einer Vielzahl von Orten angebracht werden, sei es am Eingang des Veranstaltungsortes, in Fenstern oder in Innenr\u00e4umen, und passt sich so Ihren Sichtbarkeits- und Dekorationsanforderungen an.<\/p><p><strong>Trauen Sie sich, hervorzustechen und zu gl\u00e4nzen<\/strong><\/p><p>Mit unserem LED-Neonschild strahlen Ihre R\u00e4umlichkeiten Raffinesse und Stil aus, ziehen neue Kunden an und zeigen deutlich, dass Sie bereit sind, sie willkommen zu hei\u00dfen. Ideal f\u00fcr Bars, Restaurants, Gesch\u00e4fte, Sch\u00f6nheitssalons, Caf\u00e9s und jede Art von Unternehmen, das sich von der Masse abheben und einen einzigartigen und unvergesslichen Empfang bieten m\u00f6chte.<\/p><p><strong>\u00d6ffnen Sie Ihre T\u00fcren zum Erfolg mit dem Neon-LED-Schild.&nbsp;<\/strong><\/p><p>Verpassen Sie nicht die Gelegenheit, Ihr Unternehmen mit der visuellen Wirkung hervorzuheben, die Ihnen nur unser LED-Leuchtschild bieten kann. Machen Sie den Unterschied auf dem Markt und werden Sie zum Zentrum der Aufmerksamkeit mit diesem blendenden Leuchtschild, wagen Sie es zu gl\u00e4nzen und ziehen Sie den Erfolg an mit unserem LED-Neonschild!<\/p><p>&nbsp;<\/p><p>&nbsp;<\/p><p>Neon-LED-Schilder bieten gegen\u00fcber herk\u00f6mmlichen Neonr\u00f6hrenschildern mehrere wesentliche Vorteile. Hier sind einige der herausragendsten Vorteile:<\/p><ol>\n<li>Energieeffizienz: LED-Neonschilder verbrauchen im Vergleich zu herk\u00f6mmlichen Neonschildern viel weniger Energie. Moderne LED-Technologien sind hocheffizient und tragen zur Senkung des Energieverbrauchs bei, was zu niedrigeren Betriebskosten und einem geringeren \u00f6kologischen Fu\u00dfabdruck f\u00fchrt.<\/li>\n<li>Haltbarkeit und Lebensdauer: LEDs haben eine viel l\u00e4ngere Lebensdauer als herk\u00f6mmliche Neonr\u00f6hren. LED-Neonschilder k\u00f6nnen Tausende von Stunden betrieben werden, ohne an Lichtintensit\u00e4t zu verlieren, was sie langlebiger macht und im Laufe der Zeit weniger Wartung erfordert.<\/li>\n<li>Designflexibilit\u00e4t: Neon-LED-Schilder bieten mehr Flexibilit\u00e4t in Bezug auf Design und Kreativit\u00e4t. Die LED-Streifen sind \u00e4u\u00dferst flexibel und k\u00f6nnen an eine Vielzahl von Formen und Gr\u00f6\u00dfen angepasst werden, wodurch individuelle und originelle Designs m\u00f6glich sind.<\/li>\n<li>Sicherheit: LED-Neonschilder arbeiten mit niedrigeren Spannungen als Neonr\u00f6hren, was sie sicherer macht und das Risiko eines Stromschlags verringert. Au\u00dferdem enthalten LEDs keine gef\u00e4hrlichen Gase wie Neonr\u00f6hren, was sie zu einer sichereren Option f\u00fcr die Umwelt und die Nutzer macht.<\/li>\n<li>Leichte Installation: LED-Neonschilder sind leichter und einfacher zu installieren als Neonr\u00f6hren, was die Installationskosten senken und den Prozess schneller und einfacher machen kann.<\/li>\n<li>Sto\u00dffestigkeit: LEDs sind im Vergleich zu den in Leuchtreklamen verwendeten Glasr\u00f6hren sto\u00df- und vibrationsfester und eignen sich daher besser f\u00fcr den Einsatz in Au\u00dfenbereichen und stark frequentierten Gebieten.<\/li>\n<li>Umweltfreundlich: Da Neon-LED-Schilder energieeffizienter sind und keine umweltsch\u00e4dlichen Gase enthalten, sind sie eine nachhaltigere und umweltfreundlichere Option, was ein wichtiger Faktor f\u00fcr Verbraucher sein kann, die nach gr\u00fcnen Optionen suchen.<\/li>\n<\/ol><p>Zusammenfassend l\u00e4sst sich sagen, dass Neon-LED-Schilder eine Kombination aus Energieeffizienz, Langlebigkeit, Designflexibilit\u00e4t und Sicherheit bieten, was sie zu einer ausgezeichneten Wahl f\u00fcr die Gestaltung auff\u00e4lliger und attraktiver beleuchteter Schilder in einer Vielzahl von kommerziellen Umgebungen macht.<\/p><p>&nbsp;<\/p><p>Neon-LED-Schilder und -Banner sind sehr vielseitig und k\u00f6nnen an einer Vielzahl von Orten und in vielen Situationen eingesetzt werden. Einige der h\u00e4ufigsten Anwendungen sind:<\/p><ul>\n<li>Unternehmen und Gesch\u00e4fte: Neon-LED-Schilder und -Banner sind ideal f\u00fcr Unternehmen und Gesch\u00e4fte, die die Aufmerksamkeit der Kunden auf sich ziehen wollen. Sie k\u00f6nnen als Eingangsschilder, Angebotsschilder, Gesch\u00e4ftsnamen und vieles mehr verwendet werden.<\/li>\n<li>Restaurants und Bars: In Restaurants und Bars k\u00f6nnen Neon-LED-Schilder verwendet werden, um den Namen des Lokals hervorzuheben, Bereiche wie die Bar, Tische oder Toiletten zu kennzeichnen oder spezielle Men\u00fcs anzuzeigen.<\/li>\n<li>Veranstaltungen und Messen: Bei Veranstaltungen und Messen sind LED-Neonschilder eine gro\u00dfartige M\u00f6glichkeit, um St\u00e4nde hervorzuheben, Firmenlogos anzuzeigen oder Werbebotschaften zu pr\u00e4sentieren.<\/li>\n<li>Innendekoration: In Innenr\u00e4umen k\u00f6nnen Neon-LED-Schilder und -Banner zur Dekoration und Schaffung einer attraktiven Atmosph\u00e4re in Wohnungen, B\u00fcros, Hotels, Nachtclubs usw. verwendet werden.<\/li>\n<li>Werbung und Marketing: In Werbe- und Marketingkampagnen k\u00f6nnen LED-Neonschilder die Aufmerksamkeit auf sich lenken und die Sichtbarkeit einer Marke oder eines Produkts erh\u00f6hen.<\/li>\n<li>Besondere Veranstaltungen: Bei besonderen Anl\u00e4ssen wie Hochzeiten, Geburtstagen, Mottopartys usw. k\u00f6nnen LED-Neonschilder der Veranstaltung eine festliche und pers\u00f6nliche Note verleihen.<\/li>\n<li>Beschilderung: Neon-LED-Schilder und -Banner k\u00f6nnen auch f\u00fcr die Beschilderung von Stra\u00dfen, Parkpl\u00e4tzen, \u00f6ffentlichen Geb\u00e4uden usw. verwendet werden und helfen, die Menschen effektiv zu leiten.<\/li>\n<li>Schaufenster: Bei Gesch\u00e4ften und Unternehmen k\u00f6nnen Neon-LED-Schilder und -Banner sehr n\u00fctzlich sein, um Produkte oder Werbeaktionen im Schaufenster hervorzuheben und die Aufmerksamkeit der Passanten zu erregen.<\/li>\n<\/ul><h3 class=\"page-product-heading\">TECHNISCHE DATEN<\/h3><div class=\"col-xs-12 col-md-6\">\n<table class=\"table table-data-sheet 1\">\n<tbody>\n<tr class=\"odd\">\n<td valign=\"middle\" width=\"32\"><img decoding=\"async\" title=\"Referenz\" src=\"https:\/\/www.factorled.com\/modules\/oa_features\/img\/2-default.jpg\" alt=\"Referenz\"><\/td>\n<td valign=\"middle\">REFERENZEN :<\/td>\n<td valign=\"middle\">SLCNL001<\/td>\n<\/tr>\n<tr class=\"even\">\n<td valign=\"middle\" width=\"32\"><img decoding=\"async\" title=\"Nennspannung\" src=\"https:\/\/www.factorled.com\/modules\/oa_features\/img\/4-default.jpg\" alt=\"Nennspannung\"><\/td>\n<td valign=\"middle\">Nennspannung:<\/td>\n<td valign=\"middle\">85V-265V<\/td>\n<\/tr>\n<tr class=\"odd\">\n<td valign=\"middle\" width=\"32\"><img decoding=\"async\" title=\"CRI\" src=\"https:\/\/www.factorled.com\/modules\/oa_features\/img\/6-default.jpg\" alt=\"CRI\"><\/td>\n<td valign=\"middle\">CRI - Farbwiedergabeindex:<\/td>\n<td valign=\"middle\">80<\/td>\n<\/tr>\n<tr class=\"even\">\n<td valign=\"middle\" width=\"32\"><img decoding=\"async\" title=\"Baumaterial\" src=\"https:\/\/www.factorled.com\/modules\/oa_features\/img\/25-default.jpg\" alt=\"Baumaterial\"><\/td>\n<td valign=\"middle\">Baumaterial:<\/td>\n<td valign=\"middle\">PMMA<\/td>\n<\/tr>\n<tr class=\"odd\">\n<td valign=\"middle\" width=\"32\"><img decoding=\"async\" title=\"Art der LEDs\" src=\"https:\/\/www.factorled.com\/modules\/oa_features\/img\/9-default.jpg\" alt=\"Art der LEDs\"><\/td>\n<td valign=\"middle\">Art der LEDs:<\/td>\n<td valign=\"middle\">SMD 2835<\/td>\n<\/tr>\n<tr class=\"even\">\n<td valign=\"middle\" width=\"32\"><img decoding=\"async\" title=\"\u00d6ffnungswinkel\" src=\"https:\/\/www.factorled.com\/modules\/oa_features\/img\/10-default.jpg\" alt=\"\u00d6ffnungswinkel\"><\/td>\n<td valign=\"middle\">\u00d6ffnungswinkel (\u00ba):<\/td>\n<td valign=\"middle\">300\u00ba<\/td>\n<\/tr>\n<tr class=\"odd\">\n<td valign=\"middle\" width=\"32\"><img decoding=\"async\" title=\"Wirkungsgrad LED-Diode\" src=\"https:\/\/www.factorled.com\/modules\/oa_features\/img\/12-default.jpg\" alt=\"Wirkungsgrad LED-Diode\"><\/td>\n<td valign=\"middle\">Effizienz der LED-Diode (Lm\/W):<\/td>\n<td valign=\"middle\">120Lm\/W<\/td>\n<\/tr>\n<tr class=\"even\">\n<td valign=\"middle\" width=\"32\"><img decoding=\"async\" title=\"Leuchtwirkung\" src=\"https:\/\/www.factorled.com\/modules\/oa_features\/img\/13-default.jpg\" alt=\"Leuchtwirkung\"><\/td>\n<td valign=\"middle\">Lichtausbeute (Lm\/W):<\/td>\n<td valign=\"middle\">60 Lm\/W<\/td>\n<\/tr>\n<tr class=\"odd\">\n<td valign=\"middle\" width=\"32\"><img decoding=\"async\" title=\"Abblendbar\" src=\"https:\/\/www.factorled.com\/modules\/oa_features\/img\/11-default.jpg\" alt=\"Abblendbar\"><\/td>\n<td valign=\"middle\">Dimmbar:<\/td>\n<td valign=\"middle\">YES<\/td>\n<\/tr>\n<\/tbody>\n<\/table>\n<\/div><div class=\"col-xs-12 col-md-6 2\">\n<table class=\"table table-data-sheet 2\">\n<tbody>\n<tr class=\"odd\">\n<td valign=\"middle\" width=\"32\"><img decoding=\"async\" title=\"Bescheinigungen\" src=\"https:\/\/www.factorled.com\/modules\/oa_features\/img\/15-default.jpg\" alt=\"Bescheinigungen\"><\/td>\n<td valign=\"middle\">Bescheinigungen:<\/td>\n<td valign=\"middle\">CE - ROHS<\/td>\n<\/tr>\n<tr class=\"even\">\n<td valign=\"middle\" width=\"32\"><img decoding=\"async\" title=\"IP Grad\" src=\"https:\/\/www.factorled.com\/modules\/oa_features\/img\/16-default.jpg\" alt=\"IP Grad\"><\/td>\n<td valign=\"middle\">IP-Bewertung:<\/td>\n<td valign=\"middle\">IP20<\/td>\n<\/tr>\n<tr class=\"odd\">\n<td valign=\"middle\" width=\"32\"><img decoding=\"async\" title=\"Gesch\u00e4tzte Lebensdauer \" src=\"https:\/\/www.factorled.com\/modules\/oa_features\/img\/17-default.jpg\" alt=\"Gesch\u00e4tzte Lebensdauer \"><\/td>\n<td valign=\"middle\">Gesch\u00e4tzte Lebensdauer der LED-Diode (H):<\/td>\n<td valign=\"middle\">50.000<\/td>\n<\/tr>\n<tr class=\"even\">\n<td valign=\"middle\" width=\"32\"><img decoding=\"async\" title=\"Temperaturbereich \" src=\"https:\/\/www.factorled.com\/modules\/oa_features\/img\/22-default.jpg\" alt=\"Temperaturbereich \"><\/td>\n<td valign=\"middle\">Temperaturbereich (\u00baC):<\/td>\n<td valign=\"middle\">-20\u00b0C ~ +55\u00b0C<\/td>\n<\/tr>\n<tr class=\"odd\">\n<td valign=\"middle\" width=\"32\"><img decoding=\"async\" title=\"Z\u00fcndungszyklen\" src=\"https:\/\/www.factorled.com\/modules\/oa_features\/img\/23-default.jpg\" alt=\"Z\u00fcndungszyklen\"><\/td>\n<td valign=\"middle\">Z\u00fcndungszyklen:<\/td>\n<td valign=\"middle\">100.000<\/td>\n<\/tr>\n<tr class=\"even\">\n<td valign=\"middle\" width=\"32\"><img decoding=\"async\" title=\"Energieklasse\" src=\"https:\/\/www.factorled.com\/modules\/oa_features\/img\/7-default.jpg\" alt=\"Energieklasse\"><\/td>\n<td valign=\"middle\">Energieklasse (2021-EU-2019\/2015):<\/td>\n<td valign=\"middle\">A+<\/td>\n<\/tr>\n<tr class=\"odd\">\n<td valign=\"middle\" width=\"32\"><img decoding=\"async\" title=\"\" src=\"https:\/\/www.factorled.com\/modules\/oa_features\/img\/101-default.jpg\" alt=\"\"><\/td>\n<td valign=\"middle\">Energieklasse (2023 - EU-2019\/2015):<\/td>\n<td valign=\"middle\">F<\/td>\n<\/tr>\n<tr class=\"even\">\n<td valign=\"middle\" width=\"32\"><img decoding=\"async\" title=\"B\u00fcrgschaft\" src=\"https:\/\/www.factorled.com\/modules\/oa_features\/img\/75-default.jpg\" alt=\"B\u00fcrgschaft\"><\/td>\n<td valign=\"middle\">Gew\u00e4hrleistungsjahre:<\/td>\n<td valign=\"middle\">3<\/td>\n<\/tr>\n<\/tbody>\n<\/table>\n<\/div><\/h1>","protected":false},"excerpt":{"rendered":"<p>REFERENZ: SLCNL001<p><strong>PRODUKT F\u00dcR DEN PROFESSIONELLEN EINSATZ.<\/strong>&nbsp;Unsere Produkte werden aus den hochwertigsten Materialien hergestellt und haben eine sehr lange Lebensdauer. Methacrylat 6 mm dick. Die Neon-LED-Streifen sind auf einem transparenten Methacrylat-Sockel mit gestanzter oder konturierter Oberfl\u00e4che angebracht. Die von uns verwendeten LED-Streifen sind von hoher Qualit\u00e4t.<b>,&nbsp;<\/b>&nbsp;Die 6-mm-Gr\u00f6\u00dfe und die 12-Volt-Stromversorgung werden mit einem AC220-V-Netzteil geliefert, um sie an das Stromnetz anzuschlie\u00dfen, was eine konstante Leistung und eine gleichbleibende Farbt\u00f6nung \u00fcber die Zeit gew\u00e4hrleistet.<\/p><p><strong>Die Produktionszeit betr\u00e4gt 5 bis 7 Arbeitstage.<\/strong><\/p><p><strong>FARBTEMPERATUR: <\/strong><\/p><p><strong>6000K\/ ROSA\/ HELLBLAU\/ LILA\/ GR\u00dcN\/ ORANGE\/ GELB<\/strong><\/p><div class=\"col-md-12\"><i class=\"fa fa-truck\"><\/i>&nbsp;<span class=\"text-muted textprop\">Lieferung innerhalb von 24\/48 Stunden<\/span><\/div><div class=\"col-md-12\"><i class=\"fa fa-exchange\"><\/i>&nbsp;<span class=\"text-muted textprop\">Versicherte Garantie<\/span><\/div><div class=\"col-md-12\"><i class=\"fa fa-box\"><\/i>&nbsp;<span class=\"text-muted textprop\">1 Einheit(en) pro Masterbox<\/span><\/div><\/p>","protected":false},"featured_media":11071,"template":"","meta":{"site-sidebar-layout":"default","site-content-layout":"default","ast-global-header-display":"","ast-main-header-display":"","ast-hfb-above-header-display":"","ast-hfb-below-header-display":"","ast-hfb-mobile-header-display":"","site-post-title":"","ast-breadcrumbs-content":"","ast-featured-img":"","footer-sml-layout":"","theme-transparent-header-meta":"default","adv-header-id-meta":"","stick-header-meta":"","header-above-stick-meta":"","header-main-stick-meta":"","header-below-stick-meta":""},"product_cat":[110,45],"product_tag":[],"class_list":["post-11068","product","type-product","status-publish","has-post-thumbnail","hentry","product_cat-rotulo-neon-led","product_cat-tiras-led-y-neon-flexible"],"_links":{"self":[{"href":"https:\/\/starlediluminacion.com\/de\/wp-json\/wp\/v3\/product\/11068","targetHints":{"allow":["GET"]}}],"collection":[{"href":"https:\/\/starlediluminacion.com\/de\/wp-json\/wp\/v3\/product"}],"about":[{"href":"https:\/\/starlediluminacion.com\/de\/wp-json\/wp\/v2\/types\/product"}],"wp:featuredmedia":[{"embeddable":true,"href":"https:\/\/starlediluminacion.com\/de\/wp-json\/wp\/v2\/media\/11071"}],"wp:attachment":[{"href":"https:\/\/starlediluminacion.com\/de\/wp-json\/wp\/v2\/media?parent=11068"}],"wp:term":[{"taxonomy":"product_cat","embeddable":true,"href":"https:\/\/starlediluminacion.com\/de\/wp-json\/wp\/v2\/product_cat?post=11068"},{"taxonomy":"product_tag","embeddable":true,"href":"https:\/\/starlediluminacion.com\/de\/wp-json\/wp\/v2\/product_tag?post=11068"}],"curies":[{"name":"wp","href":"https:\/\/api.w.org\/{rel}","templated":true}]}}