{"id":10921,"date":"2023-09-25T15:16:36","date_gmt":"2023-09-25T15:16:36","guid":{"rendered":"https:\/\/starlediluminacion.com\/?post_type=product&#038;p=10921"},"modified":"2024-01-07T13:25:41","modified_gmt":"2024-01-07T13:25:41","slug":"neon-led-5-metros-blanco-frio-6000k-led-6mm-12v-corte-25cm","status":"publish","type":"product","link":"https:\/\/starlediluminacion.com\/de\/product\/neon-led-5-metros-blanco-frio-6000k-led-6mm-12v-corte-25cm\/","title":{"rendered":"<p>LED Neon - 5 Meter - Kaltwei\u00df - 6000K - LED 6mm- 12V - Schnitt 2,5cm<\/p>"},"content":{"rendered":"<h1>LED Neon - 5 Meter - Cool White - 6000K - LED 6mm- 12V - Schnitt 2,5cm<p>Sind Sie bereit, Ihre Welt in ein Paradies aus Licht und Kreativit\u00e4t zu verwandeln? Entdecken Sie die 5m LED Neon, die die Art und Weise, wie Sie Beleuchtung erleben, ver\u00e4ndern wird! Dieses Produkt ist nicht nur eine Lichtquelle, es ist ein Meisterwerk, das Ihrer Umgebung einen einzigartigen und aufregenden Touch verleiht.<\/p><p>&nbsp;<\/p><p>Un\u00fcbertroffene Vorteile von LED-Neon:<\/p><p>&nbsp;<\/p><p><em>1. schillernde Brillanz<\/em>Unsere 6-mm-LED-Neonlampe verwendet SMD2835-Technologie, um Ihnen eine beeindruckende Helligkeit zu bieten. Keine dunklen R\u00e4ume oder schummrige Beleuchtung mehr. Diese LED Neon taucht Sie in ein fesselndes und gleichm\u00e4\u00dfiges Licht.<\/p><p><em>2) Vielseitigkeit in Reinkultur<\/em>Das flexible Silikon erm\u00f6glicht es Ihnen, das LED Neon nach Ihren W\u00fcnschen zu formen und zu biegen. Gestalten Sie Ihre Ideen ohne Grenzen und schaffen Sie einzigartige Designs, die Ihren Stil und Ihre Pers\u00f6nlichkeit widerspiegeln.<\/p><p><em>3. Energie-Effizienz<\/em>Mit einem Energieverbrauch von nur 7 Watt pro Meter schont die LED Neon die Umwelt und Ihren Geldbeutel. Genie\u00dfen Sie eine atemberaubende Beleuchtung, ohne sich Gedanken \u00fcber Ihre Stromrechnung zu machen.<\/p><p><em>4. Leicht zu installieren<\/em>Mit einer Spannung von 12 V und der M\u00f6glichkeit, alle 2,5 cm zu schneiden, ist die Installation ein Kinderspiel. Sie m\u00fcssen kein Elektroexperte sein, um Ihre Beleuchtungsideen zu verwirklichen. Wenn Sie unsere 12Volt LED Neon schneiden m\u00fcssen, um sie im Freien zu verwenden, m\u00fcssen Sie sie unbedingt mit Silikonkleber isolieren, um das Produkt IP65 zu machen.  Wir empfehlen Ihnen, unseren Kleber Code 3565 zu verwenden.<\/p><p>&nbsp;<\/p><p>Wo Sie LED-Neon verwenden k\u00f6nnen:<\/p><p>&nbsp;<\/p><ul>\n<li>Innovative Innendekoration: Bringen Sie einen Hauch von Magie in Ihr Zuhause. Beleuchten Sie Flure, Wohn- und Schlafzimmer und schaffen Sie eine gem\u00fctliche und moderne Atmosph\u00e4re.<\/li>\n<li>Attraktive Einzelhandelsfl\u00e4chen: Heben Sie Ihr Gesch\u00e4ft mit einem auff\u00e4lligen Leuchtschild hervor oder heben Sie die ausgestellten Produkte hervor.<\/li>\n<li>Unvergessliche Events: Erwecken Sie Ihre Partys und Feste mit spektakul\u00e4rer Beleuchtung zum Leben. Hochzeiten, Geburtstage, Firmenevents, LED Neon wird immer die Show stehlen!<\/li>\n<li>Kunst und kreative Projekte: Inspirieren Sie Ihre k\u00fcnstlerische Seite. Verwenden Sie LED Neon in Kunstinstallationen, Lichtskulpturen und Designprojekten, die jeden mit offenen M\u00fcndern zur\u00fccklassen.<\/li>\n<\/ul><p>&nbsp;<\/p><p>Warten Sie nicht l\u00e4nger, um Ihre Umgebung in etwas wirklich Au\u00dfergew\u00f6hnliches zu verwandeln. Die LED Neon - 5 Meter - Silikon - LED 6mm - 12V - alle 2,5cm geschnitten; SMD2835; 7 Watt\/Meter ist die ultimative Wahl f\u00fcr diejenigen, die Qualit\u00e4t, Vielseitigkeit und einen innovativen Touch in ihrer Beleuchtung suchen.<\/p><p>Klicken Sie jetzt und f\u00fcgen Sie Ihrem Leben diesen leuchtenden Schatz hinzu! Ihr Zuhause, Ihr Gesch\u00e4ft und Ihre Veranstaltungen werden nie wieder so sein wie zuvor.<\/p><p><em>Hinweis: Um optimale Leistung und Sicherheit zu gew\u00e4hrleisten, wird eine professionelle Installation empfohlen.<\/em><\/p><h3 class=\"page-product-heading\">TECHNISCHE DATEN<\/h3><div class=\"col-xs-12 col-md-6\">\n<table class=\"table table-data-sheet 1\">\n<tbody>\n<tr class=\"odd\">\n<td valign=\"middle\" width=\"32\"><img decoding=\"async\" title=\"Referenz\" src=\"https:\/\/www.factorled.com\/modules\/oa_features\/img\/2-default.jpg\" alt=\"Referenz\"><\/td>\n<td valign=\"middle\">REFERENZEN :<\/td>\n<td valign=\"middle\">SLFL95100<\/td>\n<\/tr>\n<tr class=\"even\">\n<td valign=\"middle\" width=\"32\"><img decoding=\"async\" title=\"Nennleistung \" src=\"https:\/\/www.factorled.com\/modules\/oa_features\/img\/3-default.jpg\" alt=\"Nennleistung \"><\/td>\n<td valign=\"middle\">Nennleistung :<\/td>\n<td valign=\"middle\">7W\/M<\/td>\n<\/tr>\n<tr class=\"odd\">\n<td valign=\"middle\" width=\"32\"><img decoding=\"async\" title=\"Nennspannung\" src=\"https:\/\/www.factorled.com\/modules\/oa_features\/img\/4-default.jpg\" alt=\"Nennspannung\"><\/td>\n<td valign=\"middle\">Nennspannung:<\/td>\n<td valign=\"middle\">12 V GLEICHSTROM<\/td>\n<\/tr>\n<tr class=\"even\">\n<td valign=\"middle\" width=\"32\"><img decoding=\"async\" title=\"Licht Temperatur\" src=\"https:\/\/www.factorled.com\/modules\/oa_features\/img\/5-default.jpg\" alt=\"Licht Temperatur\"><\/td>\n<td valign=\"middle\">Lichttemperatur:<\/td>\n<td valign=\"middle\">6000K<\/td>\n<\/tr>\n<tr class=\"odd\">\n<td valign=\"middle\" width=\"32\"><img decoding=\"async\" title=\"Baumaterial\" src=\"https:\/\/www.factorled.com\/modules\/oa_features\/img\/25-default.jpg\" alt=\"Baumaterial\"><\/td>\n<td valign=\"middle\">Baumaterial:<\/td>\n<td valign=\"middle\">Silikon<\/td>\n<\/tr>\n<tr class=\"even\">\n<td valign=\"middle\" width=\"32\"><img decoding=\"async\" title=\"Art der LEDs\" src=\"https:\/\/www.factorled.com\/modules\/oa_features\/img\/9-default.jpg\" alt=\"Art der LEDs\"><\/td>\n<td valign=\"middle\">Art der LEDs:<\/td>\n<td valign=\"middle\">SMD 2835<\/td>\n<\/tr>\n<tr class=\"odd\">\n<td valign=\"middle\" width=\"32\"><img decoding=\"async\" title=\"\u00d6ffnungswinkel\" src=\"https:\/\/www.factorled.com\/modules\/oa_features\/img\/10-default.jpg\" alt=\"\u00d6ffnungswinkel\"><\/td>\n<td valign=\"middle\">\u00d6ffnungswinkel (\u00ba):<\/td>\n<td valign=\"middle\">180\u00ba<\/td>\n<\/tr>\n<tr class=\"even\">\n<td valign=\"middle\" width=\"32\"><img decoding=\"async\" title=\"Wirkungsgrad LED-Diode\" src=\"https:\/\/www.factorled.com\/modules\/oa_features\/img\/12-default.jpg\" alt=\"Wirkungsgrad LED-Diode\"><\/td>\n<td valign=\"middle\">Effizienz der LED-Diode (Lm\/W):<\/td>\n<td valign=\"middle\">110 Lm\/W<\/td>\n<\/tr>\n<tr class=\"odd\">\n<td valign=\"middle\" width=\"32\"><img decoding=\"async\" title=\"Leuchtwirkung\" src=\"https:\/\/www.factorled.com\/modules\/oa_features\/img\/13-default.jpg\" alt=\"Leuchtwirkung\"><\/td>\n<td valign=\"middle\">Lichtausbeute (Lm\/W):<\/td>\n<td valign=\"middle\">80Lm\/W<\/td>\n<\/tr>\n<tr class=\"even\">\n<td valign=\"middle\" width=\"32\"><img decoding=\"async\" title=\"Abblendbar\" src=\"https:\/\/www.factorled.com\/modules\/oa_features\/img\/11-default.jpg\" alt=\"Abblendbar\"><\/td>\n<td valign=\"middle\">Dimmbar:<\/td>\n<td valign=\"middle\">TRIAC<\/td>\n<\/tr>\n<\/tbody>\n<\/table>\n<\/div><div class=\"col-xs-12 col-md-6 2\">\n<table class=\"table table-data-sheet 2\">\n<tbody>\n<tr class=\"odd\">\n<td valign=\"middle\" width=\"32\"><img decoding=\"async\" title=\"Bescheinigungen\" src=\"https:\/\/www.factorled.com\/modules\/oa_features\/img\/15-default.jpg\" alt=\"Bescheinigungen\"><\/td>\n<td valign=\"middle\">Bescheinigungen:<\/td>\n<td valign=\"middle\">CE - ROHS<\/td>\n<\/tr>\n<tr class=\"even\">\n<td valign=\"middle\" width=\"32\"><img decoding=\"async\" title=\"IP Grad\" src=\"https:\/\/www.factorled.com\/modules\/oa_features\/img\/16-default.jpg\" alt=\"IP Grad\"><\/td>\n<td valign=\"middle\">IP-Bewertung:<\/td>\n<td valign=\"middle\">IP65-Au\u00dfenbereich<\/td>\n<\/tr>\n<tr class=\"odd\">\n<td valign=\"middle\" width=\"32\"><img decoding=\"async\" title=\"Gesch\u00e4tzte Lebensdauer \" src=\"https:\/\/www.factorled.com\/modules\/oa_features\/img\/17-default.jpg\" alt=\"Gesch\u00e4tzte Lebensdauer \"><\/td>\n<td valign=\"middle\">Gesch\u00e4tzte Lebensdauer der LED-Diode (H):<\/td>\n<td valign=\"middle\">30.000<\/td>\n<\/tr>\n<tr class=\"even\">\n<td valign=\"middle\" width=\"32\"><img decoding=\"async\" title=\"Ma\u00dfnahmen \" src=\"https:\/\/www.factorled.com\/modules\/oa_features\/img\/18-default.jpg\" alt=\"Ma\u00dfnahmen \"><\/td>\n<td valign=\"middle\">Abmessungen (mm):<\/td>\n<td valign=\"middle\">L5000x6x12mm<\/td>\n<\/tr>\n<tr class=\"odd\">\n<td valign=\"middle\" width=\"32\"><img decoding=\"async\" title=\"H\u00e4ufigkeit der Arbeit \" src=\"https:\/\/www.factorled.com\/modules\/oa_features\/img\/21-default.jpg\" alt=\"H\u00e4ufigkeit der Arbeit \"><\/td>\n<td valign=\"middle\">Arbeitsfrequenz (Hz):<\/td>\n<td valign=\"middle\">50\/60Hz<\/td>\n<\/tr>\n<tr class=\"even\">\n<td valign=\"middle\" width=\"32\"><img decoding=\"async\" title=\"Temperaturbereich \" src=\"https:\/\/www.factorled.com\/modules\/oa_features\/img\/22-default.jpg\" alt=\"Temperaturbereich \"><\/td>\n<td valign=\"middle\">Temperaturbereich (\u00baC):<\/td>\n<td valign=\"middle\">-20\u00b0C ~ +55\u00b0C<\/td>\n<\/tr>\n<tr class=\"odd\">\n<td valign=\"middle\" width=\"32\"><img decoding=\"async\" title=\"Z\u00fcndungszyklen\" src=\"https:\/\/www.factorled.com\/modules\/oa_features\/img\/23-default.jpg\" alt=\"Z\u00fcndungszyklen\"><\/td>\n<td valign=\"middle\">Z\u00fcndungszyklen:<\/td>\n<td valign=\"middle\">100.000<\/td>\n<\/tr>\n<tr class=\"even\">\n<td valign=\"middle\" width=\"32\"><img decoding=\"async\" title=\"Energieklasse\" src=\"https:\/\/www.factorled.com\/modules\/oa_features\/img\/7-default.jpg\" alt=\"Energieklasse\"><\/td>\n<td valign=\"middle\">Energieklasse (2021-EU-2019\/2015):<\/td>\n<td valign=\"middle\">A+<\/td>\n<\/tr>\n<tr class=\"odd\">\n<td valign=\"middle\" width=\"32\"><img decoding=\"async\" title=\"B\u00fcrgschaft\" src=\"https:\/\/www.factorled.com\/modules\/oa_features\/img\/75-default.jpg\" alt=\"B\u00fcrgschaft\"><\/td>\n<td valign=\"middle\">Gew\u00e4hrleistungsjahre:<\/td>\n<td valign=\"middle\">3<\/td>\n<\/tr>\n<\/tbody>\n<\/table>\n<\/div><\/h1>","protected":false},"excerpt":{"rendered":"<div class=\"product-info-line\">\n<div class=\"product-info-line\">\n<p id=\"product_reference\"><label>REFERENZ: SL<span style=\"font-size: 16px;\">FL95100<\/span><\/label><\/p>\n<div class=\"hidden-xs parrafo\">\n<p>Werten Sie Ihren Raum mit der 5 Meter langen LED Neon auf. Blendende Helligkeit, Vielseitigkeit und Energieeffizienz in einem. Perfekt f\u00fcr Haus, Gesch\u00e4ft und Veranstaltungen. Klicken Sie auf und verwandeln Sie Ihre Beleuchtung noch heute, die Installation ist ein Kinderspiel. F\u00fcr den Innen- und Au\u00dfenbereich geeignet (IP65).<strong>&nbsp;Kann alle 2,5 cm geschnitten werden.<br>\n<\/strong><\/p>\n<\/div>\n<div id=\"views_block-1\" class=\"clearfix\">\n<div id=\"thumbs_list\">\n<div class=\"col-md-12\"><i class=\"fa fa-truck\"><\/i>&nbsp;<span class=\"text-muted textprop\">Lieferung innerhalb von 24\/48 Stunden<\/span><\/div>\n<div class=\"col-md-12\"><i class=\"fa fa-exchange\"><\/i>&nbsp;<span class=\"text-muted textprop\">Versicherte Garantie<\/span><\/div>\n<div class=\"col-md-12\"><i class=\"fa fa-box\"><\/i>&nbsp;<span class=\"text-muted textprop\">20 Einheit(en) pro Masterbox<\/span><\/div>\n<\/div>\n<\/div>\n<\/div>\n<p id=\"product_reference\"><label>&nbsp;<\/label><\/p>\n<\/div>","protected":false},"featured_media":10929,"template":"","meta":{"site-sidebar-layout":"default","site-content-layout":"default","ast-global-header-display":"","ast-main-header-display":"","ast-hfb-above-header-display":"","ast-hfb-below-header-display":"","ast-hfb-mobile-header-display":"","site-post-title":"","ast-breadcrumbs-content":"","ast-featured-img":"","footer-sml-layout":"","theme-transparent-header-meta":"default","adv-header-id-meta":"","stick-header-meta":"","header-above-stick-meta":"","header-main-stick-meta":"","header-below-stick-meta":""},"product_cat":[91,45],"product_tag":[],"class_list":["post-10921","product","type-product","status-publish","has-post-thumbnail","hentry","product_cat-neon-led-flexible-12v","product_cat-tiras-led-y-neon-flexible"],"yoast_head":"<!-- This site is optimized with the Yoast SEO plugin v27.4 - https:\/\/yoast.com\/product\/yoast-seo-wordpress\/ -->\n<title>Ne\u00f3n LED - 5 metros - Blanco Fr\u00edo - 6000K - LED 6mm- 12V - Corte 2,5cm - STARLED Iluminacion<\/title>\n<meta name=\"robots\" content=\"index, follow, max-snippet:-1, max-image-preview:large, max-video-preview:-1\" \/>\n<link rel=\"canonical\" href=\"https:\/\/starlediluminacion.com\/de\/product\/neon-led-5-metros-blanco-frio-6000k-led-6mm-12v-corte-25cm\/\" \/>\n<meta property=\"og:locale\" content=\"de_DE\" \/>\n<meta property=\"og:type\" content=\"article\" \/>\n<meta property=\"og:title\" content=\"Ne\u00f3n LED - 5 metros - Blanco Fr\u00edo - 6000K - LED 6mm- 12V - Corte 2,5cm - STARLED Iluminacion\" \/>\n<meta property=\"og:description\" content=\"REFERENCIA: SLFL95100    \u00a1Eleva tu espacio con el Ne\u00f3n LED de 5 metros. Brillantez deslumbrante, versatilidad y eficiencia energ\u00e9tica en uno. Perfecto para hogar, negocios y eventos. \u00a1Haz clic y transforma tu iluminaci\u00f3n hoy mismo!, la instalaci\u00f3n muy sencilla. Uso interior y exterior IP65.\u00a0Se puede cortar cada 2.5cm.      \u00a0Entrega en 24\/48 horas \u00a0Garant\u00eda asegurada \u00a020 unidad(es) por Masterbox    \u00a0\" \/>\n<meta property=\"og:url\" content=\"https:\/\/starlediluminacion.com\/de\/product\/neon-led-5-metros-blanco-frio-6000k-led-6mm-12v-corte-25cm\/\" \/>\n<meta property=\"og:site_name\" content=\"STARLED Iluminacion\" \/>\n<meta property=\"article:modified_time\" content=\"2024-01-07T13:25:41+00:00\" \/>\n<meta property=\"og:image\" content=\"https:\/\/starlediluminacion.com\/wp-content\/uploads\/2023\/09\/neon-led-5-metros-blanco-frio-6000k-led-6mm-12v-corte-25cm-factorled.jpg\" \/>\n\t<meta property=\"og:image:width\" content=\"1000\" \/>\n\t<meta property=\"og:image:height\" content=\"1000\" \/>\n\t<meta property=\"og:image:type\" content=\"image\/jpeg\" \/>\n<meta name=\"twitter:card\" content=\"summary_large_image\" \/>\n<meta name=\"twitter:label1\" content=\"Gesch\u00e4tzte Lesezeit\" \/>\n\t<meta name=\"twitter:data1\" content=\"3\u00a0Minuten\" \/>\n<script type=\"application\/ld+json\" class=\"yoast-schema-graph\">{\"@context\":\"https:\\\/\\\/schema.org\",\"@graph\":[{\"@type\":\"WebPage\",\"@id\":\"https:\\\/\\\/starlediluminacion.com\\\/producto\\\/neon-led-5-metros-blanco-frio-6000k-led-6mm-12v-corte-25cm\\\/\",\"url\":\"https:\\\/\\\/starlediluminacion.com\\\/producto\\\/neon-led-5-metros-blanco-frio-6000k-led-6mm-12v-corte-25cm\\\/\",\"name\":\"Ne\u00f3n LED - 5 metros - Blanco Fr\u00edo - 6000K - LED 6mm- 12V - Corte 2,5cm - STARLED Iluminacion\",\"isPartOf\":{\"@id\":\"https:\\\/\\\/starlediluminacion.com\\\/#website\"},\"primaryImageOfPage\":{\"@id\":\"https:\\\/\\\/starlediluminacion.com\\\/producto\\\/neon-led-5-metros-blanco-frio-6000k-led-6mm-12v-corte-25cm\\\/#primaryimage\"},\"image\":{\"@id\":\"https:\\\/\\\/starlediluminacion.com\\\/producto\\\/neon-led-5-metros-blanco-frio-6000k-led-6mm-12v-corte-25cm\\\/#primaryimage\"},\"thumbnailUrl\":\"https:\\\/\\\/starlediluminacion.com\\\/wp-content\\\/uploads\\\/2023\\\/09\\\/neon-led-5-metros-blanco-frio-6000k-led-6mm-12v-corte-25cm-factorled.jpg\",\"datePublished\":\"2023-09-25T15:16:36+00:00\",\"dateModified\":\"2024-01-07T13:25:41+00:00\",\"breadcrumb\":{\"@id\":\"https:\\\/\\\/starlediluminacion.com\\\/producto\\\/neon-led-5-metros-blanco-frio-6000k-led-6mm-12v-corte-25cm\\\/#breadcrumb\"},\"inLanguage\":\"de\",\"potentialAction\":[{\"@type\":\"ReadAction\",\"target\":[\"https:\\\/\\\/starlediluminacion.com\\\/producto\\\/neon-led-5-metros-blanco-frio-6000k-led-6mm-12v-corte-25cm\\\/\"]}]},{\"@type\":\"ImageObject\",\"inLanguage\":\"de\",\"@id\":\"https:\\\/\\\/starlediluminacion.com\\\/producto\\\/neon-led-5-metros-blanco-frio-6000k-led-6mm-12v-corte-25cm\\\/#primaryimage\",\"url\":\"https:\\\/\\\/starlediluminacion.com\\\/wp-content\\\/uploads\\\/2023\\\/09\\\/neon-led-5-metros-blanco-frio-6000k-led-6mm-12v-corte-25cm-factorled.jpg\",\"contentUrl\":\"https:\\\/\\\/starlediluminacion.com\\\/wp-content\\\/uploads\\\/2023\\\/09\\\/neon-led-5-metros-blanco-frio-6000k-led-6mm-12v-corte-25cm-factorled.jpg\",\"width\":1000,\"height\":1000},{\"@type\":\"BreadcrumbList\",\"@id\":\"https:\\\/\\\/starlediluminacion.com\\\/producto\\\/neon-led-5-metros-blanco-frio-6000k-led-6mm-12v-corte-25cm\\\/#breadcrumb\",\"itemListElement\":[{\"@type\":\"ListItem\",\"position\":1,\"name\":\"Portada\",\"item\":\"https:\\\/\\\/starlediluminacion.com\\\/\"},{\"@type\":\"ListItem\",\"position\":2,\"name\":\"Shop\",\"item\":\"https:\\\/\\\/starlediluminacion.com\\\/shop-2\\\/\"},{\"@type\":\"ListItem\",\"position\":3,\"name\":\"Ne\u00f3n LED &#8211; 5 metros &#8211; Blanco Fr\u00edo &#8211; 6000K &#8211; LED 6mm- 12V &#8211; Corte 2,5cm\"}]},{\"@type\":\"WebSite\",\"@id\":\"https:\\\/\\\/starlediluminacion.com\\\/#website\",\"url\":\"https:\\\/\\\/starlediluminacion.com\\\/\",\"name\":\"STARLED Iluminacion\",\"description\":\"\",\"potentialAction\":[{\"@type\":\"SearchAction\",\"target\":{\"@type\":\"EntryPoint\",\"urlTemplate\":\"https:\\\/\\\/starlediluminacion.com\\\/?s={search_term_string}\"},\"query-input\":{\"@type\":\"PropertyValueSpecification\",\"valueRequired\":true,\"valueName\":\"search_term_string\"}}],\"inLanguage\":\"de\"}]}<\/script>\n<!-- \/ Yoast SEO plugin. -->","yoast_head_json":{"title":"Ne\u00f3n LED - 5 metros - Blanco Fr\u00edo - 6000K - LED 6mm- 12V - Corte 2,5cm - STARLED Iluminacion","robots":{"index":"index","follow":"follow","max-snippet":"max-snippet:-1","max-image-preview":"max-image-preview:large","max-video-preview":"max-video-preview:-1"},"canonical":"https:\/\/starlediluminacion.com\/de\/product\/neon-led-5-metros-blanco-frio-6000k-led-6mm-12v-corte-25cm\/","og_locale":"de_DE","og_type":"article","og_title":"Ne\u00f3n LED - 5 metros - Blanco Fr\u00edo - 6000K - LED 6mm- 12V - Corte 2,5cm - STARLED Iluminacion","og_description":"REFERENCIA: SLFL95100    \u00a1Eleva tu espacio con el Ne\u00f3n LED de 5 metros. Brillantez deslumbrante, versatilidad y eficiencia energ\u00e9tica en uno. Perfecto para hogar, negocios y eventos. \u00a1Haz clic y transforma tu iluminaci\u00f3n hoy mismo!, la instalaci\u00f3n muy sencilla. Uso interior y exterior IP65.\u00a0Se puede cortar cada 2.5cm.      \u00a0Entrega en 24\/48 horas \u00a0Garant\u00eda asegurada \u00a020 unidad(es) por Masterbox    \u00a0","og_url":"https:\/\/starlediluminacion.com\/de\/product\/neon-led-5-metros-blanco-frio-6000k-led-6mm-12v-corte-25cm\/","og_site_name":"STARLED Iluminacion","article_modified_time":"2024-01-07T13:25:41+00:00","og_image":[{"width":1000,"height":1000,"url":"https:\/\/starlediluminacion.com\/wp-content\/uploads\/2023\/09\/neon-led-5-metros-blanco-frio-6000k-led-6mm-12v-corte-25cm-factorled.jpg","type":"image\/jpeg"}],"twitter_card":"summary_large_image","twitter_misc":{"Gesch\u00e4tzte Lesezeit":"3\u00a0Minuten"},"schema":{"@context":"https:\/\/schema.org","@graph":[{"@type":"WebPage","@id":"https:\/\/starlediluminacion.com\/producto\/neon-led-5-metros-blanco-frio-6000k-led-6mm-12v-corte-25cm\/","url":"https:\/\/starlediluminacion.com\/producto\/neon-led-5-metros-blanco-frio-6000k-led-6mm-12v-corte-25cm\/","name":"Ne\u00f3n LED - 5 metros - Blanco Fr\u00edo - 6000K - LED 6mm- 12V - Corte 2,5cm - STARLED Iluminacion","isPartOf":{"@id":"https:\/\/starlediluminacion.com\/#website"},"primaryImageOfPage":{"@id":"https:\/\/starlediluminacion.com\/producto\/neon-led-5-metros-blanco-frio-6000k-led-6mm-12v-corte-25cm\/#primaryimage"},"image":{"@id":"https:\/\/starlediluminacion.com\/producto\/neon-led-5-metros-blanco-frio-6000k-led-6mm-12v-corte-25cm\/#primaryimage"},"thumbnailUrl":"https:\/\/starlediluminacion.com\/wp-content\/uploads\/2023\/09\/neon-led-5-metros-blanco-frio-6000k-led-6mm-12v-corte-25cm-factorled.jpg","datePublished":"2023-09-25T15:16:36+00:00","dateModified":"2024-01-07T13:25:41+00:00","breadcrumb":{"@id":"https:\/\/starlediluminacion.com\/producto\/neon-led-5-metros-blanco-frio-6000k-led-6mm-12v-corte-25cm\/#breadcrumb"},"inLanguage":"de","potentialAction":[{"@type":"ReadAction","target":["https:\/\/starlediluminacion.com\/producto\/neon-led-5-metros-blanco-frio-6000k-led-6mm-12v-corte-25cm\/"]}]},{"@type":"ImageObject","inLanguage":"de","@id":"https:\/\/starlediluminacion.com\/producto\/neon-led-5-metros-blanco-frio-6000k-led-6mm-12v-corte-25cm\/#primaryimage","url":"https:\/\/starlediluminacion.com\/wp-content\/uploads\/2023\/09\/neon-led-5-metros-blanco-frio-6000k-led-6mm-12v-corte-25cm-factorled.jpg","contentUrl":"https:\/\/starlediluminacion.com\/wp-content\/uploads\/2023\/09\/neon-led-5-metros-blanco-frio-6000k-led-6mm-12v-corte-25cm-factorled.jpg","width":1000,"height":1000},{"@type":"BreadcrumbList","@id":"https:\/\/starlediluminacion.com\/producto\/neon-led-5-metros-blanco-frio-6000k-led-6mm-12v-corte-25cm\/#breadcrumb","itemListElement":[{"@type":"ListItem","position":1,"name":"Portada","item":"https:\/\/starlediluminacion.com\/"},{"@type":"ListItem","position":2,"name":"Shop","item":"https:\/\/starlediluminacion.com\/shop-2\/"},{"@type":"ListItem","position":3,"name":"Ne\u00f3n LED &#8211; 5 metros &#8211; Blanco Fr\u00edo &#8211; 6000K &#8211; LED 6mm- 12V &#8211; Corte 2,5cm"}]},{"@type":"WebSite","@id":"https:\/\/starlediluminacion.com\/#website","url":"https:\/\/starlediluminacion.com\/","name":"STARLED Iluminacion","description":"","potentialAction":[{"@type":"SearchAction","target":{"@type":"EntryPoint","urlTemplate":"https:\/\/starlediluminacion.com\/?s={search_term_string}"},"query-input":{"@type":"PropertyValueSpecification","valueRequired":true,"valueName":"search_term_string"}}],"inLanguage":"de"}]}},"_links":{"self":[{"href":"https:\/\/starlediluminacion.com\/de\/wp-json\/wp\/v3\/product\/10921","targetHints":{"allow":["GET"]}}],"collection":[{"href":"https:\/\/starlediluminacion.com\/de\/wp-json\/wp\/v3\/product"}],"about":[{"href":"https:\/\/starlediluminacion.com\/de\/wp-json\/wp\/v2\/types\/product"}],"wp:featuredmedia":[{"embeddable":true,"href":"https:\/\/starlediluminacion.com\/de\/wp-json\/wp\/v2\/media\/10929"}],"wp:attachment":[{"href":"https:\/\/starlediluminacion.com\/de\/wp-json\/wp\/v2\/media?parent=10921"}],"wp:term":[{"taxonomy":"product_cat","embeddable":true,"href":"https:\/\/starlediluminacion.com\/de\/wp-json\/wp\/v2\/product_cat?post=10921"},{"taxonomy":"product_tag","embeddable":true,"href":"https:\/\/starlediluminacion.com\/de\/wp-json\/wp\/v2\/product_tag?post=10921"}],"curies":[{"name":"wp","href":"https:\/\/api.w.org\/{rel}","templated":true}]}}