{"id":10903,"date":"2023-09-25T15:06:24","date_gmt":"2023-09-25T15:06:24","guid":{"rendered":"https:\/\/starlediluminacion.com\/?post_type=product&#038;p=10903"},"modified":"2024-01-07T13:27:02","modified_gmt":"2024-01-07T13:27:02","slug":"tira-led-con-cable-rectificador-220v-120led-m-50m-smd-2835-800lm-8w-m-cri90-ip65","status":"publish","type":"product","link":"https:\/\/starlediluminacion.com\/de\/product\/tira-led-con-cable-rectificador-220v-120led-m-50m-smd-2835-800lm-8w-m-cri90-ip65\/","title":{"rendered":"<p>Tira LED con Cable Rectificador &ndash; 220V | 120LED\/m | 50m | SMD 2835 | 800Lm | 8W\/M | CRI90 | IP65<\/p>"},"content":{"rendered":"<h1>Tira LED 220V| 120LED\/m | 50m | SMD 2835 | 800Lm | 8W\/M | CRI90 | IP65<p>Unser Streifen<strong>&nbsp;LED&nbsp;<\/strong>direkt an&nbsp;<strong>&nbsp;220V c<\/strong>mit Klebeband f\u00fcr eine einfache Installation KEIN Stromversorgungs- oder Stromgleichrichterkabel erforderlich.<strong>.<\/strong><\/p><p>Nuestro puente rectificador tiene un dise&ntilde;o slim lo que te permite que quede invisible en tus instalaciones.<\/p><p>Adem&aacute;s, nuestra tira led de 220v viene con un&nbsp;<strong>difusor UGR<\/strong>&nbsp;que evita el deslumbramiento y proporciona&nbsp;confort visual.<\/p><p>LED-Streifen<strong>&nbsp;220V<\/strong>&nbsp;kann gedimmt werden (-Dimmables-) durch&nbsp;<strong>TRIAC<\/strong>Die Lichtintensit\u00e4t kann von 30% bis 100% gedimmt werden.<\/p><p>Dieser LED-Streifen hat 120 FLIPCHIP-Chips pro Meter, so dass wir ein gleichm\u00e4\u00dfiges Licht \u00fcber den gesamten Streifen erhalten, zus\u00e4tzlich zu einer h\u00f6heren Leistung Lm \/ W als herk\u00f6mmliche SMD-LEDs.<\/p><p>Mit seinem&nbsp;<strong>CRI &gt;90<\/strong>&nbsp;sehen die Farben sehr realistisch aus. Das macht diesen LED-Streifen perfekt f\u00fcr die Beleuchtung von R\u00e4umen, in denen wir die Farben perfekt aussehen lassen wollen.<\/p><p>Die LED-Leiste kann an den auf der Leiste angegebenen Stellen (Kupferanschlussbereich) abgeschnitten und zusammengef\u00fcgt werden, wobei die entsprechenden Anweisungen zu beachten sind (achten Sie darauf, dass der L\u00f6tkolben beim L\u00f6ten nur kurz mit der Leiste in Ber\u00fchrung kommt, da eine zu gro\u00dfe Hitze den Leiter besch\u00e4digt).<\/p><p><strong>Diese LED-Spule ist NICHT tauchf\u00e4hig, der Anschluss ist an einem Ende direkt an den Strom mit einem Maximum von 50m pro Anschluss.<\/strong><\/p><p>Um die Lebensdauer des LED-Streifens zu erh\u00f6hen, ist es&nbsp;<strong>empfohlen<\/strong>&nbsp;verwenden Sie die&nbsp;<strong>K\u00fchlk\u00f6rperband<\/strong>&nbsp;doppelseitig, als auch auf der&nbsp;<strong>Aluminiumprofil<\/strong>f\u00fcr das richtige W\u00e4rmemanagement des LED-Streifens selbst.<\/p><p>Die&nbsp;<strong>LED-Streifen<\/strong>&nbsp;sind dank ihrer Flexibilit\u00e4t ideal f\u00fcr die Beleuchtung jeder Art von Ecke oder Element in Ihrem Gesch\u00e4ft oder Haus. Man kann sagen, dass einer ihrer Hauptvorteile die gro\u00dfe Vielseitigkeit ihrer Einsatzm\u00f6glichkeiten ist, da sie in jedem Bereich installiert werden k\u00f6nnen und sich an jede Ecke anpassen und dank ihres anpassungsf\u00e4higen linearen Designs in jeder Position platziert werden k\u00f6nnen.<\/p><p>&nbsp;<\/p><h2 dir=\"ltr\">Usos de la&nbsp;Tira LED 220V | 120LED\/m | 50m | SMD 2835 | 800Lm | 8W\/M | CRI90 | IP65<\/h2><ul>\n<li>In Bibliotheken<\/li>\n<li>Bars<\/li>\n<li>Startseite<\/li>\n<li>Restaurants<\/li>\n<li>Abdeckungen<\/li>\n<li>Gesch\u00e4fte<\/li>\n<\/ul><h3 class=\"page-product-heading\">TECHNISCHE DATEN<\/h3><div class=\"col-xs-12 col-md-6\">\n<table class=\"table table-data-sheet 1\">\n<tbody>\n<tr class=\"odd\">\n<td valign=\"middle\" width=\"32\"><\/td>\n<td valign=\"middle\">REFERENZEN :<\/td>\n<td valign=\"middle\">SLSPSMD120D8W50M<\/td>\n<\/tr>\n<tr class=\"even\">\n<td valign=\"middle\" width=\"32\"><\/td>\n<td valign=\"middle\">Nennleistung :<\/td>\n<td valign=\"middle\">8w<\/td>\n<\/tr>\n<tr class=\"odd\">\n<td valign=\"middle\" width=\"32\"><\/td>\n<td valign=\"middle\">Nennspannung:<\/td>\n<td valign=\"middle\">220-240V<\/td>\n<\/tr>\n<tr class=\"even\">\n<td valign=\"middle\" width=\"32\"><\/td>\n<td valign=\"middle\">Lichttemperatur:<\/td>\n<td valign=\"middle\">2700K - 4000K - 5700K<\/td>\n<\/tr>\n<tr class=\"odd\">\n<td valign=\"middle\" width=\"32\"><\/td>\n<td valign=\"middle\">CRI - Farbwiedergabeindex:<\/td>\n<td valign=\"middle\">90<\/td>\n<\/tr>\n<tr class=\"even\">\n<td valign=\"middle\" width=\"32\"><\/td>\n<td valign=\"middle\">Baumaterial:<\/td>\n<td valign=\"middle\">PVC<\/td>\n<\/tr>\n<tr class=\"odd\">\n<td valign=\"middle\" width=\"32\"><\/td>\n<td valign=\"middle\">Leuchtkraft-Lm:<\/td>\n<td valign=\"middle\">1 Meter: 800Lm &ndash; 50 Meter: 40000Lm<\/td>\n<\/tr>\n<tr class=\"even\">\n<td valign=\"middle\" width=\"32\"><\/td>\n<td valign=\"middle\">Art der LEDs:<\/td>\n<td valign=\"middle\">SMD 2835<\/td>\n<\/tr>\n<tr class=\"odd\">\n<td valign=\"middle\" width=\"32\"><\/td>\n<td valign=\"middle\">\u00d6ffnungswinkel (\u00ba):<\/td>\n<td valign=\"middle\">70&ordm;<\/td>\n<\/tr>\n<tr class=\"even\">\n<td valign=\"middle\" width=\"32\"><\/td>\n<td valign=\"middle\">Effizienz der LED-Diode (Lm\/W):<\/td>\n<td valign=\"middle\">110 Lm\/W<\/td>\n<\/tr>\n<tr class=\"odd\">\n<td valign=\"middle\" width=\"32\"><\/td>\n<td valign=\"middle\">Lichtausbeute (Lm\/W):<\/td>\n<td valign=\"middle\">100Lm\/W<\/td>\n<\/tr>\n<\/tbody>\n<\/table>\n<\/div><div class=\"col-xs-12 col-md-6 2\">\n<table class=\"table table-data-sheet 2\">\n<tbody>\n<tr class=\"odd\">\n<td valign=\"middle\" width=\"32\"><\/td>\n<td valign=\"middle\">Dimmbar:<\/td>\n<td valign=\"middle\">TRIAC: 30%-100%<\/td>\n<\/tr>\n<tr class=\"even\">\n<td valign=\"middle\" width=\"32\"><\/td>\n<td valign=\"middle\">Bescheinigungen:<\/td>\n<td valign=\"middle\">CE - ROHS<\/td>\n<\/tr>\n<tr class=\"odd\">\n<td valign=\"middle\" width=\"32\"><\/td>\n<td valign=\"middle\">IP-Bewertung:<\/td>\n<td valign=\"middle\">IP65-Au\u00dfenbereich<\/td>\n<\/tr>\n<tr class=\"even\">\n<td valign=\"middle\" width=\"32\"><\/td>\n<td valign=\"middle\">Gesch\u00e4tzte Lebensdauer der LED-Diode (H):<\/td>\n<td valign=\"middle\">35.000<\/td>\n<\/tr>\n<tr class=\"odd\">\n<td valign=\"middle\" width=\"32\"><\/td>\n<td valign=\"middle\">Abmessungen (mm):<\/td>\n<td valign=\"middle\">50000m * H5.82mm * 11.6mm<\/td>\n<\/tr>\n<tr class=\"even\">\n<td valign=\"middle\" width=\"32\"><\/td>\n<td valign=\"middle\">Temperaturbereich (\u00baC):<\/td>\n<td valign=\"middle\">-20\u00b0C ~ +55\u00b0C<\/td>\n<\/tr>\n<tr class=\"odd\">\n<td valign=\"middle\" width=\"32\"><\/td>\n<td valign=\"middle\">Z\u00fcndungszyklen:<\/td>\n<td valign=\"middle\">100.000<\/td>\n<\/tr>\n<tr class=\"even\">\n<td valign=\"middle\" width=\"32\"><\/td>\n<td valign=\"middle\">Zus\u00e4tzliche Informationen:<\/td>\n<td valign=\"middle\">Necesita puente rectificador<\/td>\n<\/tr>\n<tr class=\"odd\">\n<td valign=\"middle\" width=\"32\"><\/td>\n<td valign=\"middle\">Energieklasse (2021-EU-2019\/2015):<\/td>\n<td valign=\"middle\">A+<\/td>\n<\/tr>\n<tr class=\"even\">\n<td valign=\"middle\" width=\"32\"><\/td>\n<td valign=\"middle\">Energieklasse (2023 - EU-2019\/2015):<\/td>\n<td valign=\"middle\">F<\/td>\n<\/tr>\n<tr class=\"odd\">\n<td valign=\"middle\" width=\"32\"><\/td>\n<td valign=\"middle\">Gew\u00e4hrleistungsjahre:<\/td>\n<td valign=\"middle\">3<\/td>\n<\/tr>\n<\/tbody>\n<\/table>\n<\/div><\/h1>","protected":false},"excerpt":{"rendered":"<div class=\"product-info-line\">\n<p id=\"product_reference\"><label>REFERENZ: SL<span style=\"font-size: 16px;\">SPSMD120D8W-91670<\/span><\/label><\/p>\n<div class=\"hidden-xs parrafo\">\n<p><strong>LED-Streifen&nbsp;<\/strong>von&nbsp;<strong>8W&nbsp;<\/strong>a&nbsp;<strong>220V&nbsp;<\/strong>y&nbsp;<strong>50 Meter<\/strong>&nbsp;con cinta adhesiva para facilitar su instalaci&oacute;n. Dise&ntilde;ada para su colocaci&oacute;n en interior. Perfecta para&nbsp;ILUMINAR&nbsp;todo tipo de espacios.&nbsp;<strong>Necesita puente rectificador<\/strong>&nbsp;y es conveniente instalarla sobre un perfil de aluminio para conseguir una buena disipaci&oacute;n del calor.<strong>&nbsp;120 Leds\/Meter FLIP CHIP hohe Leistung.<\/strong><\/p>\n<\/div>\n<div id=\"views_block-1\" class=\"clearfix\">\n<div id=\"thumbs_list\">\n<p><strong>FARBTEMPERATUR: 2700K\/4000K\/5700K<\/strong><\/p>\n<div class=\"col-md-12\"><i class=\"fa fa-truck\"><\/i>&nbsp;<span class=\"text-muted textprop\">Lieferung innerhalb von 24\/48 Stunden<\/span><\/div>\n<div class=\"col-md-12\"><i class=\"fa fa-exchange\"><\/i>&nbsp;<span class=\"text-muted textprop\">Versicherte Garantie<\/span><\/div>\n<div class=\"col-md-12\"><i class=\"fa fa-box\"><\/i>&nbsp;<span class=\"text-muted textprop\">1 Einheit(en) pro Masterbox<\/span><\/div>\n<\/div>\n<\/div>\n<\/div>","protected":false},"featured_media":10920,"template":"","meta":{"site-sidebar-layout":"default","site-content-layout":"default","ast-global-header-display":"","ast-main-header-display":"","ast-hfb-above-header-display":"","ast-hfb-below-header-display":"","ast-hfb-mobile-header-display":"","site-post-title":"","ast-breadcrumbs-content":"","ast-featured-img":"","footer-sml-layout":"","theme-transparent-header-meta":"default","adv-header-id-meta":"","stick-header-meta":"","header-above-stick-meta":"","header-main-stick-meta":"","header-below-stick-meta":""},"product_cat":[90,45],"product_tag":[],"class_list":["post-10903","product","type-product","status-publish","has-post-thumbnail","hentry","product_cat-tiras-led-220v-240v-ac","product_cat-tiras-led-y-neon-flexible"],"_links":{"self":[{"href":"https:\/\/starlediluminacion.com\/de\/wp-json\/wp\/v3\/product\/10903","targetHints":{"allow":["GET"]}}],"collection":[{"href":"https:\/\/starlediluminacion.com\/de\/wp-json\/wp\/v3\/product"}],"about":[{"href":"https:\/\/starlediluminacion.com\/de\/wp-json\/wp\/v2\/types\/product"}],"wp:featuredmedia":[{"embeddable":true,"href":"https:\/\/starlediluminacion.com\/de\/wp-json\/wp\/v2\/media\/10920"}],"wp:attachment":[{"href":"https:\/\/starlediluminacion.com\/de\/wp-json\/wp\/v2\/media?parent=10903"}],"wp:term":[{"taxonomy":"product_cat","embeddable":true,"href":"https:\/\/starlediluminacion.com\/de\/wp-json\/wp\/v2\/product_cat?post=10903"},{"taxonomy":"product_tag","embeddable":true,"href":"https:\/\/starlediluminacion.com\/de\/wp-json\/wp\/v2\/product_tag?post=10903"}],"curies":[{"name":"wp","href":"https:\/\/api.w.org\/{rel}","templated":true}]}}