{"id":10873,"date":"2023-09-25T14:48:49","date_gmt":"2023-09-25T14:48:49","guid":{"rendered":"https:\/\/starlediluminacion.com\/?post_type=product&#038;p=10873"},"modified":"2024-01-07T13:29:44","modified_gmt":"2024-01-07T13:29:44","slug":"tira-led-24v-rgb-120xled-m-5m-smd3535-560lm-15w-m-ip20","status":"publish","type":"product","link":"https:\/\/starlediluminacion.com\/de\/product\/tira-led-24v-rgb-120xled-m-5m-smd3535-560lm-15w-m-ip20\/","title":{"rendered":"<p>Tira LED 24V RGB | 120xLED\/m | 5m | SMD3535 | 560Lm | 15W\/M | IP20<\/p>"},"content":{"rendered":"<h1>Tira LED 24V RGB&nbsp;| 120xLED\/m | 5m | SMD3535 | 560Lm | 15W\/M | IP20<p>Diese&nbsp;<strong>LED-Streifen 24V<\/strong>&nbsp;DC 120LED\/m&nbsp;<strong>RGB&nbsp;IP20<\/strong>&nbsp;hat eine L\u00e4nge von&nbsp;<strong>5 Meter<\/strong>&nbsp;e integra&nbsp;tecnolog&iacute;a SMD3535 de gran eficiencia que tan s&oacute;lo consumen 15 vatios por metro. La luz brillante y colorida que emite se reparte en un &aacute;ngulo de 120&ordm;.<\/p><p>Der 24V RGB LED-Streifen kann verwendet werden f\u00fcr&nbsp;<strong>in 5 cm lange St\u00fccke schneiden<\/strong>&nbsp;die Ihnen eine Feinabstimmung der Installation erm\u00f6glicht.<\/p><p>Unser LED-Streifen ist selbstklebend f\u00fcr eine einfache Installation. Der LED-Streifen ben\u00f6tigt eine Konstantstrom-Gleichstromversorgung (DC), um ihn zu betreiben. Die&nbsp;<strong>LED-Streifen<\/strong>&nbsp;kann sein&nbsp;<strong>regelm\u00e4\u00dfig<\/strong>&nbsp;die Intensit\u00e4t (-<strong>Dimmbare Ger\u00e4te<\/strong>-).<\/p><p>Die LED-Leiste kann an den auf der Leiste angegebenen Stellen (Kupferanschlussbereich) abgeschnitten und zusammengef\u00fcgt werden, wobei die entsprechenden Anweisungen zu beachten sind (achten Sie darauf, dass der L\u00f6tkolben beim L\u00f6ten nur kurz mit der Leiste in Ber\u00fchrung kommt, da eine zu gro\u00dfe Hitze den Leiter besch\u00e4digt).<\/p><p>Es wird empfohlen, dass jede Art von Installation dieser Art 10 Meter nicht \u00fcberschreitet, um Spannungsabf\u00e4lle im Gleichstrom, der die LED-Streifen speist, zu vermeiden, obwohl Sie auch die M\u00f6glichkeit haben, den Streifen an beiden Enden zu speisen, eine empfehlenswertere Option, wenn Sie 20 durchgehende Meter installieren wollen. F\u00fcr die Installation von mehr durchgehenden Metern m\u00fcssen Sie Signalverst\u00e4rker f\u00fcr die LED-Streifen installieren.<\/p><p>Um die Lebensdauer des LED-Streifens zu erh\u00f6hen, ist es&nbsp;<strong>empfohlen<\/strong>&nbsp;verwenden Sie die&nbsp;<strong>K\u00fchlk\u00f6rperband<\/strong>&nbsp;doppelseitig, als auch auf der&nbsp;<strong>Aluminiumprofil<\/strong>f\u00fcr das richtige W\u00e4rmemanagement des LED-Streifens selbst.<\/p><p>Auf unserer Website finden Sie sowohl Signalverst\u00e4rker, als auch K\u00fchlk\u00f6rperband, Klebezubeh\u00f6r, Netzteile, Netzteile f\u00fcr&nbsp;<strong>12-24v,<\/strong>&nbsp;sowie Aluminiumprofile.<\/p><p>LED-Streifen sind dank ihrer Flexibilit\u00e4t ideal f\u00fcr die Beleuchtung jeder Art von Ecke oder Element in Ihrem Gesch\u00e4ft oder Zuhause. Man kann sagen, dass einer ihrer Hauptvorteile die gro\u00dfe Vielseitigkeit der Verwendungsm\u00f6glichkeiten ist, da sie in jedem Bereich installiert werden k\u00f6nnen und sich an jede Ecke anpassen und somit in jeder Position platziert werden k\u00f6nnen, aufgrund ihres anpassungsf\u00e4higen linearen Designs.<\/p><h2>\nUsos de la&nbsp;Tira LED 24V&nbsp;RGB&nbsp; | 120xLED\/m | 5m | SMD3535 | 560Lm | 15W\/M | IP20<\/h2><ul>\n<li>&nbsp;&nbsp;&nbsp; In Bibliotheken<\/li>\n<li>&nbsp;&nbsp;&nbsp; Bars<\/li>\n<li>&nbsp;&nbsp;&nbsp; Startseite<\/li>\n<li>&nbsp;&nbsp;&nbsp; Restaurants<\/li>\n<li>&nbsp;&nbsp;&nbsp; Abdeckungen<\/li>\n<\/ul><h3 class=\"page-product-heading\">TECHNISCHE DATEN<\/h3><div class=\"col-xs-12 col-md-6\">\n<table class=\"table table-data-sheet 1\">\n<tbody>\n<tr class=\"odd\">\n<td valign=\"middle\" width=\"32\"><\/td>\n<td valign=\"middle\">REFERENZEN :<\/td>\n<td valign=\"middle\">SLSP120D15W-RGB-91762<\/td>\n<\/tr>\n<tr class=\"even\">\n<td valign=\"middle\" width=\"32\"><\/td>\n<td valign=\"middle\">Nennleistung :<\/td>\n<td valign=\"middle\">15W<\/td>\n<\/tr>\n<tr class=\"odd\">\n<td valign=\"middle\" width=\"32\"><\/td>\n<td valign=\"middle\">Nennspannung:<\/td>\n<td valign=\"middle\">24V DC<\/td>\n<\/tr>\n<tr class=\"even\">\n<td valign=\"middle\" width=\"32\"><\/td>\n<td valign=\"middle\">Lichttemperatur:<\/td>\n<td valign=\"middle\">RGB<\/td>\n<\/tr>\n<tr class=\"odd\">\n<td valign=\"middle\" width=\"32\"><\/td>\n<td valign=\"middle\">CRI - Farbwiedergabeindex:<\/td>\n<td valign=\"middle\">80<\/td>\n<\/tr>\n<tr class=\"even\">\n<td valign=\"middle\" width=\"32\"><\/td>\n<td valign=\"middle\">Baumaterial:<\/td>\n<td valign=\"middle\">PCB<\/td>\n<\/tr>\n<tr class=\"odd\">\n<td valign=\"middle\" width=\"32\"><\/td>\n<td valign=\"middle\">Art der LEDs:<\/td>\n<td valign=\"middle\">SMD3535 RGB<\/td>\n<\/tr>\n<tr class=\"even\">\n<td valign=\"middle\" width=\"32\"><\/td>\n<td valign=\"middle\">\u00d6ffnungswinkel (\u00ba):<\/td>\n<td valign=\"middle\">120\u00ba<\/td>\n<\/tr>\n<tr class=\"odd\">\n<td valign=\"middle\" width=\"32\"><\/td>\n<td valign=\"middle\">Dimmbar:<\/td>\n<td valign=\"middle\">YES<\/td>\n<\/tr>\n<tr class=\"even\">\n<td valign=\"middle\" width=\"32\"><\/td>\n<td valign=\"middle\">Bescheinigungen:<\/td>\n<td valign=\"middle\">CE - ROHS<\/td>\n<\/tr>\n<\/tbody>\n<\/table>\n<\/div><div class=\"col-xs-12 col-md-6 2\">\n<table class=\"table table-data-sheet 2\">\n<tbody>\n<tr class=\"odd\">\n<td valign=\"middle\" width=\"32\"><\/td>\n<td valign=\"middle\">IP-Bewertung:<\/td>\n<td valign=\"middle\">IP20<\/td>\n<\/tr>\n<tr class=\"even\">\n<td valign=\"middle\" width=\"32\"><\/td>\n<td valign=\"middle\">Gesch\u00e4tzte Lebensdauer der LED-Diode (H):<\/td>\n<td valign=\"middle\">100.000<\/td>\n<\/tr>\n<tr class=\"odd\">\n<td valign=\"middle\" width=\"32\"><\/td>\n<td valign=\"middle\">Abmessungen (mm):<\/td>\n<td valign=\"middle\">5m. x 8mm<\/td>\n<\/tr>\n<tr class=\"even\">\n<td valign=\"middle\" width=\"32\"><\/td>\n<td valign=\"middle\">Arbeitsfrequenz (Hz):<\/td>\n<td valign=\"middle\">50\/60Hz<\/td>\n<\/tr>\n<tr class=\"odd\">\n<td valign=\"middle\" width=\"32\"><\/td>\n<td valign=\"middle\">Temperaturbereich (\u00baC):<\/td>\n<td valign=\"middle\">-20\u00b0C ~ +55\u00b0C<\/td>\n<\/tr>\n<tr class=\"even\">\n<td valign=\"middle\" width=\"32\"><\/td>\n<td valign=\"middle\">Z\u00fcndungszyklen:<\/td>\n<td valign=\"middle\">100.000<\/td>\n<\/tr>\n<tr class=\"odd\">\n<td valign=\"middle\" width=\"32\"><\/td>\n<td valign=\"middle\">Energieklasse (2021-EU-2019\/2015):<\/td>\n<td valign=\"middle\">A+<\/td>\n<\/tr>\n<tr class=\"even\">\n<td valign=\"middle\" width=\"32\"><\/td>\n<td valign=\"middle\">Energieklasse (2023 - EU-2019\/2015):<\/td>\n<td valign=\"middle\">F<\/td>\n<\/tr>\n<tr class=\"odd\">\n<td valign=\"middle\" width=\"32\"><\/td>\n<td valign=\"middle\">Gew\u00e4hrleistungsjahre:<\/td>\n<td valign=\"middle\">5<\/td>\n<\/tr>\n<\/tbody>\n<\/table>\n<p>&nbsp;<\/p>\n<\/div><\/h1>","protected":false},"excerpt":{"rendered":"<div class=\"product-info-line\">\n<p id=\"product_reference\"><label>REFERENZ: SL<span style=\"font-size: 16px;\">SP120D15W-RGB-91762<\/span><\/label><\/p>\n<div class=\"hidden-xs parrafo\">\n<p><strong>LED-Streifen<\/strong>&nbsp;<strong>RGBW 15W por metro<\/strong>&nbsp;von Farben zu&nbsp;<strong>24V<\/strong>&nbsp;y&nbsp;<strong>5 Meter<\/strong>&nbsp;mit Klebeband f\u00fcr eine einfache Installation. Konzipiert f\u00fcr die Innenmontage. Perfekt f\u00fcr DEKORATION in allen Arten von R\u00e4umen. Es erfordert eine Stromversorgung und es ist ratsam, es auf einem Aluminiumprofil f\u00fcr eine gute W\u00e4rmeableitung zu installieren.<\/p>\n<\/div>\n<div id=\"views_block-1\" class=\"clearfix\">\n<div id=\"thumbs_list\">\n<div class=\"col-md-12\"><i class=\"fa fa-truck\"><\/i>&nbsp;<span class=\"text-muted textprop\">Lieferung innerhalb von 24\/48 Stunden<\/span><\/div>\n<div class=\"col-md-12\"><i class=\"fa fa-exchange\"><\/i>&nbsp;<span class=\"text-muted textprop\">Versicherte Garantie<\/span><\/div>\n<div class=\"col-md-12\"><i class=\"fa fa-box\"><\/i>&nbsp;<span class=\"text-muted textprop\">50 Einheit(en) pro Masterbox<\/span><\/div>\n<\/div>\n<\/div>\n<\/div>","protected":false},"featured_media":10874,"template":"","meta":{"site-sidebar-layout":"default","site-content-layout":"default","ast-global-header-display":"","ast-main-header-display":"","ast-hfb-above-header-display":"","ast-hfb-below-header-display":"","ast-hfb-mobile-header-display":"","site-post-title":"","ast-breadcrumbs-content":"","ast-featured-img":"","footer-sml-layout":"","theme-transparent-header-meta":"default","adv-header-id-meta":"","stick-header-meta":"","header-above-stick-meta":"","header-main-stick-meta":"","header-below-stick-meta":""},"product_cat":[89,45],"product_tag":[],"class_list":["post-10873","product","type-product","status-publish","has-post-thumbnail","hentry","product_cat-tiras-led-24v-dc","product_cat-tiras-led-y-neon-flexible"],"_links":{"self":[{"href":"https:\/\/starlediluminacion.com\/de\/wp-json\/wp\/v3\/product\/10873","targetHints":{"allow":["GET"]}}],"collection":[{"href":"https:\/\/starlediluminacion.com\/de\/wp-json\/wp\/v3\/product"}],"about":[{"href":"https:\/\/starlediluminacion.com\/de\/wp-json\/wp\/v2\/types\/product"}],"wp:featuredmedia":[{"embeddable":true,"href":"https:\/\/starlediluminacion.com\/de\/wp-json\/wp\/v2\/media\/10874"}],"wp:attachment":[{"href":"https:\/\/starlediluminacion.com\/de\/wp-json\/wp\/v2\/media?parent=10873"}],"wp:term":[{"taxonomy":"product_cat","embeddable":true,"href":"https:\/\/starlediluminacion.com\/de\/wp-json\/wp\/v2\/product_cat?post=10873"},{"taxonomy":"product_tag","embeddable":true,"href":"https:\/\/starlediluminacion.com\/de\/wp-json\/wp\/v2\/product_tag?post=10873"}],"curies":[{"name":"wp","href":"https:\/\/api.w.org\/{rel}","templated":true}]}}