{"id":10852,"date":"2023-09-25T14:30:25","date_gmt":"2023-09-25T14:30:25","guid":{"rendered":"https:\/\/starlediluminacion.com\/?post_type=product&#038;p=10852"},"modified":"2024-01-29T12:42:31","modified_gmt":"2024-01-29T12:42:31","slug":"tira-led-24v-cri-elite-240-led-m-5m-smd2835-1600lm-11w-m-cri98-ip20","status":"publish","type":"product","link":"https:\/\/starlediluminacion.com\/de\/product\/tira-led-24v-cri-elite-240-led-m-5m-smd2835-1600lm-11w-m-cri98-ip20\/","title":{"rendered":"<p>LED-Streifen 24V | CRI ELITE |240 LED\/m | 5m | SMD2835 | 1600Lm |11W\/M | CRI98 | IP20<\/p>"},"content":{"rendered":"<h1>LED-Streifen 24V | 140 LED\/m | 5m | SMD2835 | 1600Lm |11W\/M | CRI98 | IP20<p>Der 24-V-LED-Streifen ist eine vielseitige und effiziente Beleuchtungsl\u00f6sung, die eine au\u00dfergew\u00f6hnliche Leistung in einer Vielzahl von Anwendungen bietet. Mit einer beeindruckenden Dichte von 140 LEDs pro Meter bietet dieser Streifen eine intensive und gleichm\u00e4\u00dfige Beleuchtung auf einer L\u00e4nge von 5 Metern. Ausgestattet mit der SMD2835-Technologie, garantiert er eine leistungsstarke und hochwertige Lichtleistung mit insgesamt 1600 Lumen.<\/p><p>Mit einer Leistungsaufnahme von nur 11 W pro Meter ist dieser LED-Streifen erstaunlich energieeffizient. Sein beeindruckender Farbwiedergabeindex (CRI) von 98 sorgt f\u00fcr eine genaue und lebendige Farbwiedergabe, ideal f\u00fcr Anwendungen, bei denen die Lichtqualit\u00e4t entscheidend ist. Mit der Schutzart IP20 ist dieser Streifen au\u00dferdem perfekt f\u00fcr den Einsatz in Innenr\u00e4umen geeignet, wo er keiner direkten Feuchtigkeit ausgesetzt ist.<\/p><p>Ob f\u00fcr die dekorative Beleuchtung im Wohnbereich, die Akzentbeleuchtung in gewerblichen R\u00e4umen oder f\u00fcr professionelle Anwendungen, bei denen es auf Farbgenauigkeit ankommt - dieser 24-V-LED-Streifen ist eine au\u00dfergew\u00f6hnliche Wahl, die modernste Leistung mit Energieeffizienz und un\u00fcbertroffener Lichtqualit\u00e4t verbindet.<\/p><p>&nbsp;<\/p><h2>Ein LED-Band mit einem Farbwiedergabeindex (CRI) von 98 bietet mehrere Vorteile:<\/h2><ol>\n<li>Pr\u00e4zise Farbwiedergabe: Ein CRI-Wert von 98 steht f\u00fcr eine \u00e4u\u00dferst pr\u00e4zise Farbwiedergabe, was bedeutet, dass die beleuchteten Farben sehr genau ihrem tats\u00e4chlichen Aussehen entsprechen.<\/li>\n<li>H\u00f6here Farbtreue: Dies ist besonders wichtig f\u00fcr Anwendungen, bei denen es auf Farbgenauigkeit ankommt, z. B. in Bekleidungsgesch\u00e4ften, Kunstsalons, Fotostudios oder in der Film- und Fernsehindustrie.<\/li>\n<li>Verbessertes Ambiente und \u00c4sthetik: Eine hohe Farbtreue kann die visuelle Wahrnehmung und die \u00c4sthetik eines jeden Raumes verbessern und f\u00fcr eine nat\u00fcrliche und angenehme Beleuchtung sorgen.<\/li>\n<li>Sch\u00e4rfere Details: Dank der pr\u00e4zisen Farbwiedergabe lassen sich feine Nuancen und Details in beleuchteten Objekten besser erkennen.<\/li>\n<li>Qualit\u00e4t in Design- und Kunstanwendungen: Unverzichtbar in Umgebungen, in denen Grafikdesign, Mode, Make-up, Innenarchitektur und andere kreative Disziplinen eine Rolle spielen.<\/li>\n<li>Erh\u00f6hter Sehkomfort: Eine Beleuchtung mit hoher Farbtreue kann die visuelle Erm\u00fcdung verringern und sorgt f\u00fcr eine komfortablere und angenehmere Arbeits- und Lebensumgebung.<\/li>\n<li>Vielseitigkeit der Anwendungen: Sie kann in einer Vielzahl von Anwendungen eingesetzt werden, von Innenbeleuchtungsprojekten bis hin zur Beleuchtung von Schaufenstern und Vitrinen.<\/li>\n<li>Bessere Wertsch\u00e4tzung von Kunstwerken und Ausstellungen: In Kunstgalerien und Museen ist eine hohe Farbtreue unerl\u00e4sslich, damit die Werke genau dargestellt werden und die Besucher die Intention des K\u00fcnstlers voll erfassen k\u00f6nnen.<\/li>\n<\/ol><h3 class=\"page-product-heading\">TECHNISCHE DATEN<\/h3><div class=\"col-xs-12 col-md-6\">\n<table class=\"table table-data-sheet 1\">\n<tbody>\n<tr class=\"odd\">\n<td valign=\"middle\" width=\"32\"><\/td>\n<td valign=\"middle\">REFERENZEN :<\/td>\n<td valign=\"middle\">SLSP240D11W<\/td>\n<\/tr>\n<tr class=\"even\">\n<td valign=\"middle\" width=\"32\"><\/td>\n<td valign=\"middle\">Nennleistung :<\/td>\n<td valign=\"middle\">11w*5m<\/td>\n<\/tr>\n<tr class=\"odd\">\n<td valign=\"middle\" width=\"32\"><\/td>\n<td valign=\"middle\">Nennspannung:<\/td>\n<td valign=\"middle\">24V DC<\/td>\n<\/tr>\n<tr class=\"even\">\n<td valign=\"middle\" width=\"32\"><\/td>\n<td valign=\"middle\">Lichttemperatur:<\/td>\n<td valign=\"middle\">2700K - 4000K - 5700K<\/td>\n<\/tr>\n<tr class=\"odd\">\n<td valign=\"middle\" width=\"32\"><\/td>\n<td valign=\"middle\">CRI - Farbwiedergabeindex:<\/td>\n<td valign=\"middle\">98<\/td>\n<\/tr>\n<tr class=\"even\">\n<td valign=\"middle\" width=\"32\"><\/td>\n<td valign=\"middle\">Leuchtkraft-Lm:<\/td>\n<td valign=\"middle\">1 Meter: 1600Lm\/W - 5 Meter: 8000Lm<\/td>\n<\/tr>\n<tr class=\"odd\">\n<td valign=\"middle\" width=\"32\"><\/td>\n<td valign=\"middle\">Art der LEDs:<\/td>\n<td valign=\"middle\">SMD2835<\/td>\n<\/tr>\n<tr class=\"even\">\n<td valign=\"middle\" width=\"32\"><\/td>\n<td valign=\"middle\">\u00d6ffnungswinkel (\u00ba):<\/td>\n<td valign=\"middle\">180\u00ba<\/td>\n<\/tr>\n<tr class=\"odd\">\n<td valign=\"middle\" width=\"32\"><\/td>\n<td valign=\"middle\">Lichtausbeute (Lm\/W):<\/td>\n<td valign=\"middle\">320<\/td>\n<\/tr>\n<tr class=\"even\">\n<td valign=\"middle\" width=\"32\"><\/td>\n<td valign=\"middle\">Dimmbar:<\/td>\n<td valign=\"middle\">YES<\/td>\n<\/tr>\n<\/tbody>\n<\/table>\n<\/div><div class=\"col-xs-12 col-md-6 2\">\n<table class=\"table table-data-sheet 2\">\n<tbody>\n<tr class=\"odd\">\n<td valign=\"middle\" width=\"32\"><\/td>\n<td valign=\"middle\">Bescheinigungen:<\/td>\n<td valign=\"middle\">CE - ROHS<\/td>\n<\/tr>\n<tr class=\"even\">\n<td valign=\"middle\" width=\"32\"><\/td>\n<td valign=\"middle\">IP-Bewertung:<\/td>\n<td valign=\"middle\">IP20<\/td>\n<\/tr>\n<tr class=\"odd\">\n<td valign=\"middle\" width=\"32\"><\/td>\n<td valign=\"middle\">Gesch\u00e4tzte Lebensdauer der LED-Diode (H):<\/td>\n<td valign=\"middle\">100.000<\/td>\n<\/tr>\n<tr class=\"even\">\n<td valign=\"middle\" width=\"32\"><\/td>\n<td valign=\"middle\">Abmessungen (mm):<\/td>\n<td valign=\"middle\">5m. x 8mm<\/td>\n<\/tr>\n<tr class=\"odd\">\n<td valign=\"middle\" width=\"32\"><\/td>\n<td valign=\"middle\">Temperaturbereich (\u00baC):<\/td>\n<td valign=\"middle\">-20\u00b0C ~ +55\u00b0C<\/td>\n<\/tr>\n<tr class=\"even\">\n<td valign=\"middle\" width=\"32\"><\/td>\n<td valign=\"middle\">Z\u00fcndungszyklen:<\/td>\n<td valign=\"middle\">100.000<\/td>\n<\/tr>\n<tr class=\"odd\">\n<td valign=\"middle\" width=\"32\"><\/td>\n<td valign=\"middle\">Zus\u00e4tzliche Informationen:<\/td>\n<td valign=\"middle\">Schnitt: 50mm<\/td>\n<\/tr>\n<tr class=\"even\">\n<td valign=\"middle\" width=\"32\"><\/td>\n<td valign=\"middle\">Energieklasse (2021-EU-2019\/2015):<\/td>\n<td valign=\"middle\">A+<\/td>\n<\/tr>\n<tr class=\"odd\">\n<td valign=\"middle\" width=\"32\"><\/td>\n<td valign=\"middle\">Energieklasse (2023 - EU-2019\/2015):<\/td>\n<td valign=\"middle\">F<\/td>\n<\/tr>\n<tr class=\"even\">\n<td valign=\"middle\" width=\"32\"><\/td>\n<td valign=\"middle\">Gew\u00e4hrleistungsjahre:<\/td>\n<td valign=\"middle\">5<\/td>\n<\/tr>\n<\/tbody>\n<\/table>\n<\/div><\/h1>","protected":false},"excerpt":{"rendered":"<div class=\"product-info-line\">\n<p id=\"product_reference\"><label>REFERENZ:SL<span style=\"font-size: 16px;\">SP240D11W-91768<\/span><\/label><\/p>\n<div class=\"hidden-xs parrafo\">\n<p>Dieser beeindruckende, hochwertige LED-Streifen arbeitet mit&nbsp;<strong>24V<\/strong>Das neue Beleuchtungssystem, das eine effiziente und helle Beleuchtung mit nur&nbsp;<em>11W<\/em>&nbsp;Verbrauch. Seine beeindruckende&nbsp;<strong>Farbwiedergabeindex (CRI) von 98<\/strong>&nbsp;sorgt f\u00fcr eine originalgetreue und lebendige Farbwiedergabe und ist ideal f\u00fcr Anwendungen, bei denen Farbgenauigkeit von entscheidender Bedeutung ist. Perfekt f\u00fcr dekorative oder funktionale Beleuchtung in einer Vielzahl von R\u00e4umen.<\/p>\n<\/div>\n<div id=\"views_block-1\" class=\"clearfix\">\n<div id=\"thumbs_list\">\n<p><strong>FARBTEMPERATUR: 2700K\/4000K\/5700K<\/strong><\/p>\n<div class=\"col-md-12\"><i class=\"fa fa-truck\"><\/i>&nbsp;<span class=\"text-muted textprop\">Lieferung innerhalb von 24\/48 Stunden<\/span><\/div>\n<div class=\"col-md-12\"><i class=\"fa fa-exchange\"><\/i>&nbsp;<span class=\"text-muted textprop\">Versicherte Garantie<\/span><\/div>\n<div class=\"col-md-12\"><i class=\"fa fa-box\"><\/i>&nbsp;<span class=\"text-muted textprop\">50 Einheit(en) pro Masterbox<\/span><\/div>\n<\/div>\n<\/div>\n<\/div>","protected":false},"featured_media":10858,"template":"","meta":{"site-sidebar-layout":"default","site-content-layout":"default","ast-global-header-display":"","ast-main-header-display":"","ast-hfb-above-header-display":"","ast-hfb-below-header-display":"","ast-hfb-mobile-header-display":"","site-post-title":"","ast-breadcrumbs-content":"","ast-featured-img":"","footer-sml-layout":"","theme-transparent-header-meta":"default","adv-header-id-meta":"","stick-header-meta":"","header-above-stick-meta":"","header-main-stick-meta":"","header-below-stick-meta":""},"product_cat":[89,45],"product_tag":[],"class_list":["post-10852","product","type-product","status-publish","has-post-thumbnail","hentry","product_cat-tiras-led-24v-dc","product_cat-tiras-led-y-neon-flexible"],"_links":{"self":[{"href":"https:\/\/starlediluminacion.com\/de\/wp-json\/wp\/v3\/product\/10852","targetHints":{"allow":["GET"]}}],"collection":[{"href":"https:\/\/starlediluminacion.com\/de\/wp-json\/wp\/v3\/product"}],"about":[{"href":"https:\/\/starlediluminacion.com\/de\/wp-json\/wp\/v2\/types\/product"}],"wp:featuredmedia":[{"embeddable":true,"href":"https:\/\/starlediluminacion.com\/de\/wp-json\/wp\/v2\/media\/10858"}],"wp:attachment":[{"href":"https:\/\/starlediluminacion.com\/de\/wp-json\/wp\/v2\/media?parent=10852"}],"wp:term":[{"taxonomy":"product_cat","embeddable":true,"href":"https:\/\/starlediluminacion.com\/de\/wp-json\/wp\/v2\/product_cat?post=10852"},{"taxonomy":"product_tag","embeddable":true,"href":"https:\/\/starlediluminacion.com\/de\/wp-json\/wp\/v2\/product_tag?post=10852"}],"curies":[{"name":"wp","href":"https:\/\/api.w.org\/{rel}","templated":true}]}}