{"id":10800,"date":"2023-09-19T11:02:44","date_gmt":"2023-09-19T11:02:44","guid":{"rendered":"https:\/\/starlediluminacion.com\/?post_type=product&#038;p=10800"},"modified":"2024-01-29T12:43:03","modified_gmt":"2024-01-29T12:43:03","slug":"foco-led-40w-26w-trifasico-roma-driver-gxtronic-optica-regulable-24o-60o-ugr13-cct-color-seleccionable","status":"publish","type":"product","link":"https:\/\/starlediluminacion.com\/de\/product\/strahler-led-40w-26w-triphasic-rot-treiber-gxtronic-optisch-dimmbar-24o-60o-ugr13-cct-farbe-wahlbar\/","title":{"rendered":"<p>LED-Strahler 40W-26W Dreiphasig - ROMA - Treiber GxTronic - Dimmbare Optik 24\u00ba-60\u00ba - UGR13 - CCT- W\u00e4hlbare Farbe<\/p>"},"content":{"rendered":"<h1>LED-Strahler 40W-26W dreiphasig - ROMA - GxTronic Driver - Dimmbare Optik 24\u00ba-60\u00ba - CCT- W\u00e4hlbare Farbe: 2700K-4000K-5700K - UGR&gt;13 -<p>&nbsp;<\/p><p>In der aufregenden Welt der Beleuchtung ist der Roma 3-Phasen-LED-Schienenstrahler ein wahres technologisches Juwel. Er wurde entwickelt, um Ihnen ein unvergleichliches Beleuchtungserlebnis zu bieten. Dieser Strahler ist die perfekte Wahl f\u00fcr alle, die Qualit\u00e4t, Vielseitigkeit und Effizienz bei der Beleuchtung ihrer R\u00e4ume suchen.<\/p><p>&nbsp;<\/p><p>Einstellbare Leistung nach Ihrem Geschmack<\/p><p>Eines der herausragendsten Merkmale dieses Strahlers ist sein innovativer GxTronic-Treiber, der standardm\u00e4\u00dfig mit einer Leistung von 40 W ausgestattet ist. Der Clou: Mit diesem Treiber k\u00f6nnen Sie die Leistungsaufnahme des Dreiphasenstrahlers manuell programmieren. Ben\u00f6tigen Sie ein ged\u00e4mpftes Ambiente oder bevorzugen Sie eine helle Beleuchtung, um Ihre R\u00e4ume zu beleuchten? Mit dem Roma LED-Strahler k\u00f6nnen Sie genau zwischen 26W, 28W, 30W, 32W, 34W, 36W, 38W und 40W Leistung w\u00e4hlen. So haben Sie die M\u00f6glichkeit, die Lichtintensit\u00e4t Ihren Bed\u00fcrfnissen anzupassen und dabei Energie und Geld zu sparen.<\/p><p>&nbsp;<\/p><p>Un\u00fcbertroffene Lichtqualit\u00e4t: CRI+92<\/p><p>Wenn es um Lichtqualit\u00e4t geht, ist der Roma LED-Strahler nicht knauserig. Sein beeindruckender Farbwiedergabeindex (CRI) von \u00fcber 92 sorgt daf\u00fcr, dass die Farben in Ihren R\u00e4umen originalgetreu und realistisch wiedergegeben werden. Ob in einem Wohnzimmer, einer Kunstgalerie oder einem Bekleidungsgesch\u00e4ft, der Roma LED-Strahler erweckt jedes Detail zum Leben und l\u00e4sst die Farben lebendig werden. Er ist ein wahres Kunstwerk, das andere Kunstwerke beleuchtet.<\/p><p>&nbsp;<\/p><p>Anpassungsf\u00e4hig und individuell gestaltbar: Multi-Winkel<\/p><p>Mit seiner dimmbaren Optik von 24\u00b0 bis 60\u00b0 ist dieser LED-Strahler unglaublich vielseitig. Sie k\u00f6nnen das Licht dorthin lenken, wo Sie es am meisten brauchen, um architektonische Elemente oder Kunstwerke hervorzuheben oder einfach das perfekte Ambiente f\u00fcr jede Gelegenheit zu schaffen. Dar\u00fcber hinaus k\u00f6nnen Sie dank der Farbwahlfunktion (CCT) die Farbtemperatur an Ihre Vorlieben anpassen, von warm und gem\u00fctlich bis k\u00fchl und anregend.<\/p><p>Niedriger UGR-Wert&lt;13 -<\/p><p>&nbsp;<\/p><p>Unsere LED-Leuchte hat einen UGR-Wert von &lt;13. UGR steht f\u00fcr &quot;Unified Glare Ratio&quot; und wird verwendet, um den Grad der Blendung zu messen, der von einer Person in einer beleuchteten Umgebung wahrgenommen werden kann. Ein niedriger UGR-Wert zeigt an, dass die Umgebung weniger geblendet ist und daher eine bessere Beleuchtungsqualit\u00e4t bietet. Ein niedriger UGR-Wert kann eine Reihe von Vorteilen bieten, wie z. B. erh\u00f6hten Sehkomfort, verbesserte Leistung, erh\u00f6hte Sicherheit und attraktive \u00c4sthetik, was ihn zu einem wichtigen Faktor macht, der bei der Planung der Beleuchtung von Arbeitspl\u00e4tzen, Arbeitszimmern und anderen Umgebungen zu ber\u00fccksichtigen ist.<\/p><p>&nbsp;<\/p><p>&nbsp;<\/p><p>Einige Vorteile einer niedrigen UGR sind:<\/p><p>&nbsp;<\/p><ul>\n<li>Erh\u00f6hter Sehkomfort: Durch die Verringerung der Blendwirkung wird die Umgebung angenehmer f\u00fcr die Augen und reduziert die Erm\u00fcdung der Augen, was Produktivit\u00e4t und Konzentration verbessern kann.<\/li>\n<\/ul><p>&nbsp;<\/p><ul>\n<li>Verbesserte Leistung: Eine Umgebung mit niedrigem UGR-Wert bietet eine bessere Lichtqualit\u00e4t und kann die Sehleistung verbessern, was besonders in Arbeits- und Lernumgebungen wichtig ist.<\/li>\n<\/ul><p>&nbsp;<\/p><ul>\n<li>Erh\u00f6hte Sicherheit: Eine niedrige UGR kann auch die Sicherheit am Arbeitsplatz verbessern, indem sie das Risiko von Unf\u00e4llen durch Blendung verringert.<\/li>\n<\/ul><p>&nbsp;<\/p><ul>\n<li>\u00c4sthetisch ansprechend: Umgebungen mit einem niedrigen UGR k\u00f6nnen \u00e4sthetisch ansprechender sein, da Objekte und Oberfl\u00e4chen klarer und sch\u00e4rfer erscheinen, was eine angenehmere Umgebung schafft.<\/li>\n<\/ul><p>Modernste Technologie<\/p><p>Der Roma LED-Strahler ist mit dem renommierten Bridgelux-Chip ausgestattet, der eine au\u00dfergew\u00f6hnliche Haltbarkeit und Leistung garantiert. Vergessen Sie die Sorgen um die Wartung, denn dieser Strahler ist f\u00fcr eine lange Lebensdauer und eine gleichbleibende Leistung \u00fcber Jahre hinweg ausgelegt.<\/p><p>&nbsp;<\/p><p>Wo wird es verwendet?<\/p><p>Dieser Roma LED-Strahler ist eine perfekte Beleuchtungsl\u00f6sung f\u00fcr eine Vielzahl von Anwendungen. Von der Innenbeleuchtung in Wohnungen, Restaurants und Gesch\u00e4ften bis hin zur Beleuchtung von Gesch\u00e4ftsr\u00e4umen, Museen und Kunstgalerien - seine Vielseitigkeit und Einstellbarkeit machen ihn zu einer idealen Wahl f\u00fcr jede Umgebung. Stellen Sie sich die Eleganz vor, die er in Ihr Wohnzimmer bringt, oder die Attraktivit\u00e4t, die er in Ihrem Gesch\u00e4ft erzeugt - Sie haben die Wahl!<\/p><p>Wir laden Sie ein, mit dem dreiphasigen LED-Schienenstrahler Roma einen Schritt in Richtung Qualit\u00e4tsbeleuchtung zu machen. Verpassen Sie nicht die Gelegenheit, Ihre R\u00e4ume zu verwandeln und au\u00dfergew\u00f6hnliche Atmosph\u00e4ren zu schaffen - beleuchten Sie Ihre Tr\u00e4ume noch heute!<\/p><h3 class=\"page-product-heading\">TECHNISCHE DATEN<\/h3><div class=\"col-xs-12 col-md-6\">\n<table class=\"table table-data-sheet 1\">\n<tbody>\n<tr class=\"odd\">\n<td valign=\"middle\" width=\"32\"><\/td>\n<td valign=\"middle\">REFERENZEN :<\/td>\n<td valign=\"middle\">SLTLTW40W-CCT-91696<\/td>\n<\/tr>\n<tr class=\"even\">\n<td valign=\"middle\" width=\"32\"><\/td>\n<td valign=\"middle\">Nennleistung :<\/td>\n<td valign=\"middle\">26w-28w-30w-32w-34w-36w-38w-40w<\/td>\n<\/tr>\n<tr class=\"odd\">\n<td valign=\"middle\" width=\"32\"><\/td>\n<td valign=\"middle\">Lichttemperatur:<\/td>\n<td valign=\"middle\">3000K - 4000K - 5700K<\/td>\n<\/tr>\n<tr class=\"even\">\n<td valign=\"middle\" width=\"32\"><\/td>\n<td valign=\"middle\">CRI - Farbwiedergabeindex:<\/td>\n<td valign=\"middle\">92<\/td>\n<\/tr>\n<tr class=\"odd\">\n<td valign=\"middle\" width=\"32\"><\/td>\n<td valign=\"middle\">Baumaterial:<\/td>\n<td valign=\"middle\">Aluminium +PMMA<\/td>\n<\/tr>\n<tr class=\"even\">\n<td valign=\"middle\" width=\"32\"><\/td>\n<td valign=\"middle\">Leuchtkraft-Lm:<\/td>\n<td valign=\"middle\">4800<\/td>\n<\/tr>\n<tr class=\"odd\">\n<td valign=\"middle\" width=\"32\"><\/td>\n<td valign=\"middle\">Art der LEDs:<\/td>\n<td valign=\"middle\">COB<\/td>\n<\/tr>\n<tr class=\"even\">\n<td valign=\"middle\" width=\"32\"><\/td>\n<td valign=\"middle\">\u00d6ffnungswinkel (\u00ba):<\/td>\n<td valign=\"middle\">30\u00ba bis 60\u00ba.<\/td>\n<\/tr>\n<tr class=\"odd\">\n<td valign=\"middle\" width=\"32\"><\/td>\n<td valign=\"middle\">Effizienz der LED-Diode (Lm\/W):<\/td>\n<td valign=\"middle\">120Lm\/W<\/td>\n<\/tr>\n<tr class=\"even\">\n<td valign=\"middle\" width=\"32\"><\/td>\n<td valign=\"middle\">Lichtausbeute (Lm\/W):<\/td>\n<td valign=\"middle\">120 Lm\/W<\/td>\n<\/tr>\n<tr class=\"odd\">\n<td valign=\"middle\" width=\"32\"><\/td>\n<td valign=\"middle\">Bescheinigungen:<\/td>\n<td valign=\"middle\">CE - ROHS<\/td>\n<\/tr>\n<\/tbody>\n<\/table>\n<\/div><div class=\"col-xs-12 col-md-6 2\">\n<table class=\"table table-data-sheet 2\">\n<tbody>\n<tr class=\"odd\">\n<td valign=\"middle\" width=\"32\"><\/td>\n<td valign=\"middle\">IP-Bewertung:<\/td>\n<td valign=\"middle\">IP20<\/td>\n<\/tr>\n<tr class=\"even\">\n<td valign=\"middle\" width=\"32\"><\/td>\n<td valign=\"middle\">Gesch\u00e4tzte Lebensdauer der LED-Diode (H):<\/td>\n<td valign=\"middle\">50.000<\/td>\n<\/tr>\n<tr class=\"odd\">\n<td valign=\"middle\" width=\"32\"><\/td>\n<td valign=\"middle\">Leistungsfaktor (PF):<\/td>\n<td valign=\"middle\">0.95<\/td>\n<\/tr>\n<tr class=\"even\">\n<td valign=\"middle\" width=\"32\"><\/td>\n<td valign=\"middle\">Arbeitsfrequenz (Hz):<\/td>\n<td valign=\"middle\">50\/60Hz<\/td>\n<\/tr>\n<tr class=\"odd\">\n<td valign=\"middle\" width=\"32\"><\/td>\n<td valign=\"middle\">Temperaturbereich (\u00baC):<\/td>\n<td valign=\"middle\">-20?C ~ +55?C<\/td>\n<\/tr>\n<tr class=\"even\">\n<td valign=\"middle\" width=\"32\"><\/td>\n<td valign=\"middle\">Z\u00fcndungszyklen:<\/td>\n<td valign=\"middle\">100.000<\/td>\n<\/tr>\n<tr class=\"odd\">\n<td valign=\"middle\" width=\"32\"><\/td>\n<td valign=\"middle\">Einschaltzeit (s):<\/td>\n<td valign=\"middle\">0,2s<\/td>\n<\/tr>\n<tr class=\"even\">\n<td valign=\"middle\" width=\"32\"><\/td>\n<td valign=\"middle\">Blendungsindex (UGR):<\/td>\n<td valign=\"middle\">13<\/td>\n<\/tr>\n<tr class=\"odd\">\n<td valign=\"middle\" width=\"32\"><\/td>\n<td valign=\"middle\">Energieklasse (2021-EU-2019\/2015):<\/td>\n<td valign=\"middle\">A+<\/td>\n<\/tr>\n<tr class=\"even\">\n<td valign=\"middle\" width=\"32\"><\/td>\n<td valign=\"middle\">Energieklasse (2023 - EU-2019\/2015):<\/td>\n<td valign=\"middle\">D<\/td>\n<\/tr>\n<tr class=\"odd\">\n<td valign=\"middle\" width=\"32\"><\/td>\n<td valign=\"middle\">Gew\u00e4hrleistungsjahre:<\/td>\n<td valign=\"middle\">5<\/td>\n<\/tr>\n<\/tbody>\n<\/table>\n<p>&nbsp;<\/p>\n<\/div><\/h1>","protected":false},"excerpt":{"rendered":"<p><strong>REFERENCIA: SLTLTW40W-CCT-91696<\/strong><div class=\"hidden-xs parrafo\">\n<p><strong>Scheinwerfer f\u00fcr den professionellen und kommerziellen Einsatz,<\/strong>&nbsp;<strong>MULTIANGLE von 24\u00ba bis 60\u00ba.&nbsp;<\/strong>&nbsp;Hochwertiger Drehstromtreiber von GxTronic<strong>.&nbsp;<\/strong>COB-Lichtquelle mit hoher Leuchtkraft, die Linse ist dimmbar und bietet eine Gesamtleuchtdichte von Lumen, die in einer Strahl\u00f6ffnung von verschiedenen Graden von 24\u00ba bis 60\u00ba konzentriert ist.  Hohe Farbwiedergabequalit\u00e4t +92 (CRI).  W\u00e4hlbare Farbe -<strong>CCT: 2700K-4000K-5700K<\/strong>.&nbsp;<strong>- UGR13.<\/strong>&nbsp;<strong>&nbsp;5 Jahre Garantie.&nbsp;<\/strong><\/p>\n<div class=\"col-md-12\"><i class=\"fa fa-truck\"><\/i>&nbsp;<span class=\"text-muted textprop\">Lieferung innerhalb von 24\/48 Stunden<\/span><\/div>\n<div class=\"col-md-12\"><i class=\"fa fa-exchange\"><\/i>&nbsp;<span class=\"text-muted textprop\">Versicherte Garantie<\/span><\/div>\n<div class=\"col-md-12\"><i class=\"fa fa-box\"><\/i>&nbsp;<span class=\"text-muted textprop\">12 Einheit(en) pro Masterbox<\/span><\/div>\n<\/div><\/p>","protected":false},"featured_media":10812,"template":"","meta":{"site-sidebar-layout":"default","site-content-layout":"default","ast-global-header-display":"","ast-main-header-display":"","ast-hfb-above-header-display":"","ast-hfb-below-header-display":"","ast-hfb-mobile-header-display":"","site-post-title":"","ast-breadcrumbs-content":"","ast-featured-img":"","footer-sml-layout":"","theme-transparent-header-meta":"default","adv-header-id-meta":"","stick-header-meta":"","header-above-stick-meta":"","header-main-stick-meta":"","header-below-stick-meta":""},"product_cat":[32,76],"product_tag":[],"class_list":["post-10800","product","type-product","status-publish","has-post-thumbnail","hentry","product_cat-iluminacion-comercial-para-tienda","product_cat-iluminacion-led-carril"],"yoast_head":"<!-- This site is optimized with the Yoast SEO plugin v27.4 - https:\/\/yoast.com\/product\/yoast-seo-wordpress\/ -->\n<title>Foco LED 40W-26W Trif\u00e1sico - ROMA - Driver GxTronic - \u00d3ptica Regulable 24\u00ba-60\u00ba - UGR13 - CCT- Color Seleccionable - STARLED Iluminacion<\/title>\n<meta name=\"robots\" content=\"index, follow, max-snippet:-1, max-image-preview:large, max-video-preview:-1\" \/>\n<link rel=\"canonical\" href=\"https:\/\/starlediluminacion.com\/de\/product\/spotlight-led-40w-26w-triphase-red-driver-gxtronic-optical-adjustable-24o-60o-ugr13-cct-colour-selectable\/\" \/>\n<meta property=\"og:locale\" content=\"de_DE\" \/>\n<meta property=\"og:type\" content=\"article\" \/>\n<meta property=\"og:title\" content=\"Foco LED 40W-26W Trif\u00e1sico - ROMA - Driver GxTronic - \u00d3ptica Regulable 24\u00ba-60\u00ba - UGR13 - CCT- Color Seleccionable - STARLED Iluminacion\" \/>\n<meta property=\"og:description\" content=\"REFERENCIA: SLTLTW40W-CCT-91696   Foco de uso profesional y comercial,\u00a0MULTI\u00c1NGULO de\u00a024\u00ba a 60\u00ba.\u00a0\u00a0Driver trif\u00e1sico de m\u00e1xima calidad de GxTronic.\u00a0Fuente lum\u00ednica COB de alta luminosidad, la lente es regulable y proporciona una luminosidad total de l\u00famenes concentrada en un haz de apertura de diferentes grados de 24\u00ba a 60\u00ba.\u00a0 Alta calidad de reproducci\u00f3n crom\u00e1tica +92 (IRC).\u00a0 Color Seleccionable -CCT: 2700K-4000K-5700K.\u00a0- UGR13 -\u00a0\u00a05 a\u00f1os de garant\u00eda.\u00a0 \u00a0Entrega en 24\/48 horas \u00a0Garant\u00eda asegurada \u00a012 unidad(es) por Masterbox\" \/>\n<meta property=\"og:url\" content=\"https:\/\/starlediluminacion.com\/de\/product\/spotlight-led-40w-26w-triphase-red-driver-gxtronic-optical-adjustable-24o-60o-ugr13-cct-colour-selectable\/\" \/>\n<meta property=\"og:site_name\" content=\"STARLED Iluminacion\" \/>\n<meta property=\"article:modified_time\" content=\"2024-01-29T12:43:03+00:00\" \/>\n<meta property=\"og:image\" content=\"https:\/\/starlediluminacion.com\/wp-content\/uploads\/2023\/09\/foco-led-40w-26w-trifasico-roma-driver-gxtronic-optica-regulable-24-60-ugr13-cct-color-seleccionable-factorled.jpg\" \/>\n\t<meta property=\"og:image:width\" content=\"1000\" \/>\n\t<meta property=\"og:image:height\" content=\"1000\" \/>\n\t<meta property=\"og:image:type\" content=\"image\/jpeg\" \/>\n<meta name=\"twitter:card\" content=\"summary_large_image\" \/>\n<meta name=\"twitter:label1\" content=\"Gesch\u00e4tzte Lesezeit\" \/>\n\t<meta name=\"twitter:data1\" content=\"5\u00a0Minuten\" \/>\n<script type=\"application\/ld+json\" class=\"yoast-schema-graph\">{\"@context\":\"https:\\\/\\\/schema.org\",\"@graph\":[{\"@type\":\"WebPage\",\"@id\":\"https:\\\/\\\/starlediluminacion.com\\\/pt\\\/product\\\/spotlight-led-40w-26w-triphase-red-driver-gxtronic-optical-adjustable-24o-60o-ugr13-cct-colour-selectable\\\/\",\"url\":\"https:\\\/\\\/starlediluminacion.com\\\/pt\\\/product\\\/spotlight-led-40w-26w-triphase-red-driver-gxtronic-optical-adjustable-24o-60o-ugr13-cct-colour-selectable\\\/\",\"name\":\"Foco LED 40W-26W Trif\u00e1sico - ROMA - Driver GxTronic - \u00d3ptica Regulable 24\u00ba-60\u00ba - UGR13 - CCT- Color Seleccionable - STARLED Iluminacion\",\"isPartOf\":{\"@id\":\"https:\\\/\\\/starlediluminacion.com\\\/#website\"},\"primaryImageOfPage\":{\"@id\":\"https:\\\/\\\/starlediluminacion.com\\\/pt\\\/product\\\/spotlight-led-40w-26w-triphase-red-driver-gxtronic-optical-adjustable-24o-60o-ugr13-cct-colour-selectable\\\/#primaryimage\"},\"image\":{\"@id\":\"https:\\\/\\\/starlediluminacion.com\\\/pt\\\/product\\\/spotlight-led-40w-26w-triphase-red-driver-gxtronic-optical-adjustable-24o-60o-ugr13-cct-colour-selectable\\\/#primaryimage\"},\"thumbnailUrl\":\"https:\\\/\\\/starlediluminacion.com\\\/wp-content\\\/uploads\\\/2023\\\/09\\\/foco-led-40w-26w-trifasico-roma-driver-gxtronic-optica-regulable-24-60-ugr13-cct-color-seleccionable-factorled.jpg\",\"datePublished\":\"2023-09-19T11:02:44+00:00\",\"dateModified\":\"2024-01-29T12:43:03+00:00\",\"breadcrumb\":{\"@id\":\"https:\\\/\\\/starlediluminacion.com\\\/pt\\\/product\\\/spotlight-led-40w-26w-triphase-red-driver-gxtronic-optical-adjustable-24o-60o-ugr13-cct-colour-selectable\\\/#breadcrumb\"},\"inLanguage\":\"de\",\"potentialAction\":[{\"@type\":\"ReadAction\",\"target\":[\"https:\\\/\\\/starlediluminacion.com\\\/pt\\\/product\\\/spotlight-led-40w-26w-triphase-red-driver-gxtronic-optical-adjustable-24o-60o-ugr13-cct-colour-selectable\\\/\"]}]},{\"@type\":\"ImageObject\",\"inLanguage\":\"de\",\"@id\":\"https:\\\/\\\/starlediluminacion.com\\\/pt\\\/product\\\/spotlight-led-40w-26w-triphase-red-driver-gxtronic-optical-adjustable-24o-60o-ugr13-cct-colour-selectable\\\/#primaryimage\",\"url\":\"https:\\\/\\\/starlediluminacion.com\\\/wp-content\\\/uploads\\\/2023\\\/09\\\/foco-led-40w-26w-trifasico-roma-driver-gxtronic-optica-regulable-24-60-ugr13-cct-color-seleccionable-factorled.jpg\",\"contentUrl\":\"https:\\\/\\\/starlediluminacion.com\\\/wp-content\\\/uploads\\\/2023\\\/09\\\/foco-led-40w-26w-trifasico-roma-driver-gxtronic-optica-regulable-24-60-ugr13-cct-color-seleccionable-factorled.jpg\",\"width\":1000,\"height\":1000},{\"@type\":\"BreadcrumbList\",\"@id\":\"https:\\\/\\\/starlediluminacion.com\\\/pt\\\/product\\\/spotlight-led-40w-26w-triphase-red-driver-gxtronic-optical-adjustable-24o-60o-ugr13-cct-colour-selectable\\\/#breadcrumb\",\"itemListElement\":[{\"@type\":\"ListItem\",\"position\":1,\"name\":\"Portada\",\"item\":\"https:\\\/\\\/starlediluminacion.com\\\/\"},{\"@type\":\"ListItem\",\"position\":2,\"name\":\"Shop\",\"item\":\"https:\\\/\\\/starlediluminacion.com\\\/shop-2\\\/\"},{\"@type\":\"ListItem\",\"position\":3,\"name\":\"Foco LED 40W-26W Trif\u00e1sico &#8211; ROMA &#8211; Driver GxTronic &#8211; \u00d3ptica Regulable 24\u00ba-60\u00ba &#8211; UGR13 &#8211; CCT- Color Seleccionable\"}]},{\"@type\":\"WebSite\",\"@id\":\"https:\\\/\\\/starlediluminacion.com\\\/#website\",\"url\":\"https:\\\/\\\/starlediluminacion.com\\\/\",\"name\":\"STARLED Iluminacion\",\"description\":\"\",\"potentialAction\":[{\"@type\":\"SearchAction\",\"target\":{\"@type\":\"EntryPoint\",\"urlTemplate\":\"https:\\\/\\\/starlediluminacion.com\\\/?s={search_term_string}\"},\"query-input\":{\"@type\":\"PropertyValueSpecification\",\"valueRequired\":true,\"valueName\":\"search_term_string\"}}],\"inLanguage\":\"de\"}]}<\/script>\n<!-- \/ Yoast SEO plugin. -->","yoast_head_json":{"title":"Foco LED 40W-26W Trif\u00e1sico - ROMA - Driver GxTronic - \u00d3ptica Regulable 24\u00ba-60\u00ba - UGR13 - CCT- Color Seleccionable - STARLED Iluminacion","robots":{"index":"index","follow":"follow","max-snippet":"max-snippet:-1","max-image-preview":"max-image-preview:large","max-video-preview":"max-video-preview:-1"},"canonical":"https:\/\/starlediluminacion.com\/de\/product\/spotlight-led-40w-26w-triphase-red-driver-gxtronic-optical-adjustable-24o-60o-ugr13-cct-colour-selectable\/","og_locale":"de_DE","og_type":"article","og_title":"Foco LED 40W-26W Trif\u00e1sico - ROMA - Driver GxTronic - \u00d3ptica Regulable 24\u00ba-60\u00ba - UGR13 - CCT- Color Seleccionable - STARLED Iluminacion","og_description":"REFERENCIA: SLTLTW40W-CCT-91696   Foco de uso profesional y comercial,\u00a0MULTI\u00c1NGULO de\u00a024\u00ba a 60\u00ba.\u00a0\u00a0Driver trif\u00e1sico de m\u00e1xima calidad de GxTronic.\u00a0Fuente lum\u00ednica COB de alta luminosidad, la lente es regulable y proporciona una luminosidad total de l\u00famenes concentrada en un haz de apertura de diferentes grados de 24\u00ba a 60\u00ba.\u00a0 Alta calidad de reproducci\u00f3n crom\u00e1tica +92 (IRC).\u00a0 Color Seleccionable -CCT: 2700K-4000K-5700K.\u00a0- UGR13 -\u00a0\u00a05 a\u00f1os de garant\u00eda.\u00a0 \u00a0Entrega en 24\/48 horas \u00a0Garant\u00eda asegurada \u00a012 unidad(es) por Masterbox","og_url":"https:\/\/starlediluminacion.com\/de\/product\/spotlight-led-40w-26w-triphase-red-driver-gxtronic-optical-adjustable-24o-60o-ugr13-cct-colour-selectable\/","og_site_name":"STARLED Iluminacion","article_modified_time":"2024-01-29T12:43:03+00:00","og_image":[{"width":1000,"height":1000,"url":"https:\/\/starlediluminacion.com\/wp-content\/uploads\/2023\/09\/foco-led-40w-26w-trifasico-roma-driver-gxtronic-optica-regulable-24-60-ugr13-cct-color-seleccionable-factorled.jpg","type":"image\/jpeg"}],"twitter_card":"summary_large_image","twitter_misc":{"Gesch\u00e4tzte Lesezeit":"5\u00a0Minuten"},"schema":{"@context":"https:\/\/schema.org","@graph":[{"@type":"WebPage","@id":"https:\/\/starlediluminacion.com\/pt\/product\/spotlight-led-40w-26w-triphase-red-driver-gxtronic-optical-adjustable-24o-60o-ugr13-cct-colour-selectable\/","url":"https:\/\/starlediluminacion.com\/pt\/product\/spotlight-led-40w-26w-triphase-red-driver-gxtronic-optical-adjustable-24o-60o-ugr13-cct-colour-selectable\/","name":"Foco LED 40W-26W Trif\u00e1sico - ROMA - Driver GxTronic - \u00d3ptica Regulable 24\u00ba-60\u00ba - UGR13 - CCT- Color Seleccionable - STARLED Iluminacion","isPartOf":{"@id":"https:\/\/starlediluminacion.com\/#website"},"primaryImageOfPage":{"@id":"https:\/\/starlediluminacion.com\/pt\/product\/spotlight-led-40w-26w-triphase-red-driver-gxtronic-optical-adjustable-24o-60o-ugr13-cct-colour-selectable\/#primaryimage"},"image":{"@id":"https:\/\/starlediluminacion.com\/pt\/product\/spotlight-led-40w-26w-triphase-red-driver-gxtronic-optical-adjustable-24o-60o-ugr13-cct-colour-selectable\/#primaryimage"},"thumbnailUrl":"https:\/\/starlediluminacion.com\/wp-content\/uploads\/2023\/09\/foco-led-40w-26w-trifasico-roma-driver-gxtronic-optica-regulable-24-60-ugr13-cct-color-seleccionable-factorled.jpg","datePublished":"2023-09-19T11:02:44+00:00","dateModified":"2024-01-29T12:43:03+00:00","breadcrumb":{"@id":"https:\/\/starlediluminacion.com\/pt\/product\/spotlight-led-40w-26w-triphase-red-driver-gxtronic-optical-adjustable-24o-60o-ugr13-cct-colour-selectable\/#breadcrumb"},"inLanguage":"de","potentialAction":[{"@type":"ReadAction","target":["https:\/\/starlediluminacion.com\/pt\/product\/spotlight-led-40w-26w-triphase-red-driver-gxtronic-optical-adjustable-24o-60o-ugr13-cct-colour-selectable\/"]}]},{"@type":"ImageObject","inLanguage":"de","@id":"https:\/\/starlediluminacion.com\/pt\/product\/spotlight-led-40w-26w-triphase-red-driver-gxtronic-optical-adjustable-24o-60o-ugr13-cct-colour-selectable\/#primaryimage","url":"https:\/\/starlediluminacion.com\/wp-content\/uploads\/2023\/09\/foco-led-40w-26w-trifasico-roma-driver-gxtronic-optica-regulable-24-60-ugr13-cct-color-seleccionable-factorled.jpg","contentUrl":"https:\/\/starlediluminacion.com\/wp-content\/uploads\/2023\/09\/foco-led-40w-26w-trifasico-roma-driver-gxtronic-optica-regulable-24-60-ugr13-cct-color-seleccionable-factorled.jpg","width":1000,"height":1000},{"@type":"BreadcrumbList","@id":"https:\/\/starlediluminacion.com\/pt\/product\/spotlight-led-40w-26w-triphase-red-driver-gxtronic-optical-adjustable-24o-60o-ugr13-cct-colour-selectable\/#breadcrumb","itemListElement":[{"@type":"ListItem","position":1,"name":"Portada","item":"https:\/\/starlediluminacion.com\/"},{"@type":"ListItem","position":2,"name":"Shop","item":"https:\/\/starlediluminacion.com\/shop-2\/"},{"@type":"ListItem","position":3,"name":"Foco LED 40W-26W Trif\u00e1sico &#8211; ROMA &#8211; Driver GxTronic &#8211; \u00d3ptica Regulable 24\u00ba-60\u00ba &#8211; UGR13 &#8211; CCT- Color Seleccionable"}]},{"@type":"WebSite","@id":"https:\/\/starlediluminacion.com\/#website","url":"https:\/\/starlediluminacion.com\/","name":"STARLED Iluminacion","description":"","potentialAction":[{"@type":"SearchAction","target":{"@type":"EntryPoint","urlTemplate":"https:\/\/starlediluminacion.com\/?s={search_term_string}"},"query-input":{"@type":"PropertyValueSpecification","valueRequired":true,"valueName":"search_term_string"}}],"inLanguage":"de"}]}},"_links":{"self":[{"href":"https:\/\/starlediluminacion.com\/de\/wp-json\/wp\/v3\/product\/10800","targetHints":{"allow":["GET"]}}],"collection":[{"href":"https:\/\/starlediluminacion.com\/de\/wp-json\/wp\/v3\/product"}],"about":[{"href":"https:\/\/starlediluminacion.com\/de\/wp-json\/wp\/v2\/types\/product"}],"wp:featuredmedia":[{"embeddable":true,"href":"https:\/\/starlediluminacion.com\/de\/wp-json\/wp\/v2\/media\/10812"}],"wp:attachment":[{"href":"https:\/\/starlediluminacion.com\/de\/wp-json\/wp\/v2\/media?parent=10800"}],"wp:term":[{"taxonomy":"product_cat","embeddable":true,"href":"https:\/\/starlediluminacion.com\/de\/wp-json\/wp\/v2\/product_cat?post=10800"},{"taxonomy":"product_tag","embeddable":true,"href":"https:\/\/starlediluminacion.com\/de\/wp-json\/wp\/v2\/product_tag?post=10800"}],"curies":[{"name":"wp","href":"https:\/\/api.w.org\/{rel}","templated":true}]}}