{"id":10607,"date":"2023-09-19T09:00:25","date_gmt":"2023-09-19T09:00:25","guid":{"rendered":"https:\/\/starlediluminacion.com\/?post_type=product&#038;p=10607"},"modified":"2024-01-07T13:32:20","modified_gmt":"2024-01-07T13:32:20","slug":"floron-de-superficie-para-lamparas-de-techo-blanco-negro-plata","status":"publish","type":"product","link":"https:\/\/starlediluminacion.com\/de\/product\/deckenleuchten-weis-silber-schwarz-oberflache-blume\/","title":{"rendered":"<p>Anbau-Deckenrosette f\u00fcr Deckenlampen - Wei\u00df - Schwarz - Silber<\/p>"},"content":{"rendered":"<h1>Anbau-Deckenrosette f\u00fcr Deckenlampen - Wei\u00df - Schwarz - Silber<p>&nbsp;<\/p><p>Entdecken Sie die Rosette f\u00fcr den Deckenanbau: die perfekte L\u00f6sung, um Ihre R\u00e4ume mit Stil und Funktionalit\u00e4t aufzuwerten. Erh\u00e4ltlich in drei eleganten Farben - Wei\u00df, Schwarz und Silber - erm\u00f6glicht dieses vielseitige Accessoire die einfache Installation von Pendelleuchten und Wandleuchten.<\/p><p>Sie wird verwendet, um den elektrischen Anschluss in der Decke abzudecken und eine solide St\u00fctze f\u00fcr h\u00e4ngende dekorative Lampen zu bieten. Er kann auch als Sockel f\u00fcr Wandleuchten dienen und bietet eine \u00e4sthetische und funktionale L\u00f6sung f\u00fcr die Installation von Lampen in verschiedenen Innenr\u00e4umen.<\/p><p>Die aus hochwertigen Materialien gefertigte Rosette besteht aus einem massiven Stahlsockel, einem stabilen Metallr\u00fccken und zwei Schrauben f\u00fcr eine einwandfreie Befestigung. Au\u00dferdem verf\u00fcgt sie \u00fcber ein praktisches Loch, durch das dekorative Elektrokabel mit einem Querschnitt von bis zu 2\u00d71,5 mm sowie Kabeldurchf\u00fchrungen oder Kabelverschraubungen gef\u00fchrt werden k\u00f6nnen.<\/p><p>Dar\u00fcber hinaus dient sie auch als Sockel f\u00fcr Wandleuchten und ist somit eine vielseitige Option f\u00fcr die Inneneinrichtung. Schluss mit unansehnlichen elektrischen Anschl\u00fcssen! Diese Rosette ist die ideale L\u00f6sung, um sie zu verbergen und Ihren Leuchten einen dekorativen Abschluss zu verleihen.<\/p><p>Montage und Zusammenbau sind ein Kinderspiel. Vergessen Sie komplizierte Installationen, dank der einfachen Montage werden Sie im Handumdrehen in den Genuss einer exquisiten Beleuchtung kommen.<\/p><p>Diese Art von Rosette wird in Wohnungen, B\u00fcros, Gesch\u00e4ften, Restaurants, Hotels und anderen Orten verwendet, an denen eine elegante und sichere Installation f\u00fcr Pendelleuchten oder Wandleuchten erforderlich ist.<\/p><p>Heben Sie Ihre Lampen mit der Surface-Rosette f\u00fcr Deckenlampen hervor. Erh\u00f6hen Sie das Niveau Ihrer Dekoration und genie\u00dfen Sie eine perfekte und elegante Beleuchtung. Verleihen Sie Ihren R\u00e4umen mit diesem unverzichtbaren Accessoire einen Hauch von Raffinesse!<\/p><h3 class=\"page-product-heading\">TECHNISCHE DATEN<\/h3><div class=\"col-xs-12 col-md-6\">\n<table class=\"table table-data-sheet 1\">\n<tbody>\n<tr class=\"odd\">\n<td valign=\"middle\" width=\"32\"><\/td>\n<td valign=\"middle\">REFERENZEN :<\/td>\n<td valign=\"middle\">SLFL5042-N\n<p>SLFL5042-B<\/p>\n<p>SLFL5042-P<\/p><\/td>\n<\/tr>\n<tr class=\"even\">\n<td valign=\"middle\" width=\"32\"><\/td>\n<td valign=\"middle\">Baumaterial:<\/td>\n<td valign=\"middle\">Stahl<\/td>\n<\/tr>\n<\/tbody>\n<\/table>\n<\/div><div class=\"col-xs-12 col-md-6 2\">\n<table class=\"table table-data-sheet 2\">\n<tbody>\n<tr class=\"odd\">\n<td valign=\"middle\" width=\"32\"><\/td>\n<td valign=\"middle\">Bescheinigungen:<\/td>\n<td valign=\"middle\">CE - ROHS<\/td>\n<\/tr>\n<tr class=\"even\">\n<td valign=\"middle\" width=\"32\"><\/td>\n<td valign=\"middle\">Gew\u00e4hrleistungsjahre:<\/td>\n<td valign=\"middle\">5<\/td>\n<\/tr>\n<\/tbody>\n<\/table>\n<p>&nbsp;<\/p>\n<\/div><\/h1>","protected":false},"excerpt":{"rendered":"<p><strong><label>REFERENZ: <\/label><\/strong><p><strong><label><span style=\"font-size: 16px;\">SLFL5042-N \/ <\/span><span style=\"font-size: 16px;\">SLFL5042-B \/ <\/span><span style=\"font-size: 16px;\">SLFL5042-P<\/span><\/label><\/strong><\/p><p>Deckenausleger, Wand- und Deckenrosette, f\u00fcr Pendel- und Wandleuchten. Hergestellt aus Stahl. Besteht aus dem Sockel, einer hinteren Metallbr\u00fccke und zwei Schrauben f\u00fcr die Befestigung. Es enth\u00e4lt ein Loch, das den Durchgang von dekorativen elektrischen Kabeln mit einem maximalen Querschnitt von 2\u00d71,5mm, sowie Gefangenen oder Kabelverschraubungen erm\u00f6glicht.<\/p><p>Kann auch als Sockel f\u00fcr eine Wandleuchte verwendet werden. Ideal, um elektrische Anschl\u00fcsse zu verbergen und Leuchten einen dekorativen Abschluss zu verleihen.  Einfach zu montieren und zu befestigen.<\/p><div class=\"col-md-12\"><i class=\"fa fa-truck\"><\/i>&nbsp;<span class=\"text-muted textprop\">Lieferung innerhalb von 24\/48 Stunden<\/span><\/div><div class=\"col-md-12\"><i class=\"fa fa-exchange\"><\/i>&nbsp;<span class=\"text-muted textprop\">Versicherte Garantie<\/span><\/div><div class=\"col-md-12\"><i class=\"fa fa-box\"><\/i>&nbsp;<span class=\"text-muted textprop\">100 Einheit(en) pro Masterbox<\/span><\/div><\/p>","protected":false},"featured_media":10634,"template":"","meta":{"site-sidebar-layout":"default","site-content-layout":"default","ast-global-header-display":"","ast-main-header-display":"","ast-hfb-above-header-display":"","ast-hfb-below-header-display":"","ast-hfb-mobile-header-display":"","site-post-title":"","ast-breadcrumbs-content":"","ast-featured-img":"","footer-sml-layout":"","theme-transparent-header-meta":"default","adv-header-id-meta":"","stick-header-meta":"","header-above-stick-meta":"","header-main-stick-meta":"","header-below-stick-meta":""},"product_cat":[62,23],"product_tag":[],"class_list":["post-10607","product","type-product","status-publish","has-post-thumbnail","hentry","product_cat-accesorios-lamparas-led","product_cat-bombillas-y-lamparas-led"],"_links":{"self":[{"href":"https:\/\/starlediluminacion.com\/de\/wp-json\/wp\/v3\/product\/10607","targetHints":{"allow":["GET"]}}],"collection":[{"href":"https:\/\/starlediluminacion.com\/de\/wp-json\/wp\/v3\/product"}],"about":[{"href":"https:\/\/starlediluminacion.com\/de\/wp-json\/wp\/v2\/types\/product"}],"wp:featuredmedia":[{"embeddable":true,"href":"https:\/\/starlediluminacion.com\/de\/wp-json\/wp\/v2\/media\/10634"}],"wp:attachment":[{"href":"https:\/\/starlediluminacion.com\/de\/wp-json\/wp\/v2\/media?parent=10607"}],"wp:term":[{"taxonomy":"product_cat","embeddable":true,"href":"https:\/\/starlediluminacion.com\/de\/wp-json\/wp\/v2\/product_cat?post=10607"},{"taxonomy":"product_tag","embeddable":true,"href":"https:\/\/starlediluminacion.com\/de\/wp-json\/wp\/v2\/product_tag?post=10607"}],"curies":[{"name":"wp","href":"https:\/\/api.w.org\/{rel}","templated":true}]}}