{"id":10600,"date":"2023-09-19T08:55:48","date_gmt":"2023-09-19T08:55:48","guid":{"rendered":"https:\/\/starlediluminacion.com\/?post_type=product&#038;p=10600"},"modified":"2023-12-01T11:16:45","modified_gmt":"2023-12-01T11:16:45","slug":"dicroica-led-10w-100-gu10-1200lm-osram-chip-duris-e-2835","status":"publish","type":"product","link":"https:\/\/starlediluminacion.com\/de\/product\/dicroica-led-10w-100-gu10-1200lm-osram-chip-duris-e-2835\/","title":{"rendered":"<p>LED Dichroic 10W 100\u00b0 GU10 -1200Lm - OSRAM CHIP DURIS E 2835<\/p>"},"content":{"rendered":"<blockquote>\n<h1>LED Dichroic 10W 100\u00b0 GU10 - OSRAM Chip<\/h1>\n<p>Willkommen in der Zukunft der Beleuchtung mit unserem au\u00dfergew\u00f6hnlichen&nbsp;<strong>LED dichroitisch 10W<\/strong>! Mit ihrem hochmodernen Design und ihrer au\u00dfergew\u00f6hnlichen Leistung ist diese Gl\u00fchbirne bereit, Ihr Beleuchtungserlebnis zu Hause oder in jedem Raum, den Sie mit Licht versch\u00f6nern m\u00f6chten, zu revolutionieren.<\/p><p>Diese nach h\u00f6chsten Qualit\u00e4tsstandards entworfene und gefertigte LED-Dichroic vereint Eleganz und Funktionalit\u00e4t auf perfekte Weise. Sein K\u00f6rper ist aus&nbsp;<strong>Aluminium und PC<\/strong>Das haltbare und widerstandsf\u00e4hige Material sorgt f\u00fcr eine hervorragende W\u00e4rmeableitung, was die Lebensdauer der Lampe verl\u00e4ngert und eine optimale Leistung \u00fcber Jahre hinweg garantiert.<\/p><p>Was diese Dicroica wirklich auszeichnet, ist die leistungsstarke<strong>&nbsp;Chip OSRAM DURIS E 2835<\/strong>&nbsp;die in ihm enthalten sind. OSRAM ist ein Synonym f\u00fcr Innovation und Qualit\u00e4t in der Welt der Beleuchtung, und dieser spezielle Chip ist keine Ausnahme. Mit seiner fortschrittlichen Technologie bietet dieser Chip eine au\u00dfergew\u00f6hnliche Lichtleistung und sorgt f\u00fcr eine kraftvolle und gleichm\u00e4\u00dfige Beleuchtung, die nicht nur Ihre R\u00e4ume erhellt, sondern auch deren Merkmale und Details hervorhebt.<\/p><p>Dar\u00fcber hinaus ist mit einer&nbsp;<strong>Winkel<\/strong>&nbsp;des Strahls&nbsp;<strong>100\u00b0<\/strong>Diese LED-Dichroica garantiert eine breite und gleichm\u00e4\u00dfige Lichtverteilung und sorgt daf\u00fcr, dass jeder Winkel Ihres Zimmers oder Raums die Beleuchtung erh\u00e4lt, die er verdient. Egal, ob Sie eine allgemeine Beleuchtung f\u00fcr einen gro\u00dfen Raum oder fokussiertes Licht zur Hervorhebung bestimmter Objekte ben\u00f6tigen, diese Dichroica passt sich Ihren Bed\u00fcrfnissen an und gibt Ihnen die Flexibilit\u00e4t, die Sie f\u00fcr Ihr Beleuchtungssystem suchen.<\/p><p>Aber das ist noch nicht alles, denn die LED Dichroic 10W ist auch eine umweltfreundliche Option. Dank ihrer hohen Energieeffizienz verbraucht diese Gl\u00fchbirne im Vergleich zu herk\u00f6mmlichen Gl\u00fchbirnen deutlich weniger Energie. Durch die Verringerung des Stromverbrauchs sparen Sie nicht nur bei Ihrer Stromrechnung, sondern tragen auch zur Verringerung Ihres \u00f6kologischen Fu\u00dfabdrucks bei und schonen so unseren Planeten.<\/p><p>Die Installation dieser LED-Dichroic ist so einfach wie der Austausch einer herk\u00f6mmlichen Gl\u00fchbirne. Entfernen Sie einfach die alte Gl\u00fchbirne und installieren Sie diese neue Lampe mit&nbsp;<strong>GU10-Fassung<\/strong>. Durch den direkten Anschluss an das 220-Volt-Netz werden keine zus\u00e4tzlichen Transformatoren ben\u00f6tigt, was die Aufr\u00fcstung Ihrer Beleuchtungsanlage weiter vereinfacht.<\/p><p>Wir k\u00f6nnen nicht unerw\u00e4hnt lassen, dass die Dichroic LED 10W einen Farbwiedergabeindex (CRI) von +82 hat. Das bedeutet, dass ihre F\u00e4higkeit, Farben nat\u00fcrlich und genau darzustellen, au\u00dfergew\u00f6hnlich ist. Sie werden ein sch\u00e4rferes und authentischeres visuelles Erlebnis haben, bei dem Sie lebendige Farben und subtile Details in ihrer ganzen Pracht genie\u00dfen k\u00f6nnen.<\/p><h2>Verwendungsm\u00f6glichkeiten der LED Dichroic 10W 100\u00b0 GU10 -1200Lm- OSRAM CHIP DURIS E 2835<\/h2><ul>\n<li>Haushalte: Diese Gl\u00fchbirne ist ideal f\u00fcr den Einsatz in verschiedenen R\u00e4umen des Hauses, wie z. B. Wohnzimmer, Schlafzimmer, K\u00fcchen, Badezimmer und Flure. Sie bietet eine starke und gleichm\u00e4\u00dfige Beleuchtung, die ein gem\u00fctliches Ambiente schafft und dekorative Elemente hervorhebt.<\/li>\n<li>B\u00fcros und Arbeitsbereiche: Die 10W LED Dichroic eignet sich f\u00fcr die Beleuchtung von Arbeitsbereichen wie Schreibtischen, Tischen und Lesebereichen und bietet helles, klares Licht zur Steigerung der Produktivit\u00e4t.<\/li>\n<li>Gesch\u00e4fte und Einzelhandel: In Einzelhandelsgesch\u00e4ften, Restaurants und anderen gewerblichen R\u00e4umen kann diese Gl\u00fchbirne verwendet werden, um die Produktauslage zu verbessern und eine attraktive Atmosph\u00e4re f\u00fcr Kunden zu schaffen.<\/li>\n<li>\u00d6ffentliche R\u00e4ume: Diese Gl\u00fchlampe eignet sich f\u00fcr \u00f6ffentliche Bereiche wie Flure, Lobbys, Rezeptionen und Warter\u00e4ume, in denen eine zuverl\u00e4ssige und qualitativ hochwertige Beleuchtung erforderlich ist.<\/li>\n<li>Kunstgalerien und Museen: Aufgrund ihrer F\u00e4higkeit, Farben nat\u00fcrlich und genau wiederzugeben, eignet sich diese Lampe f\u00fcr die Beleuchtung von Kunstwerken und Exponaten in Museen und Galerien.<\/li>\n<li>Akzentbeleuchtung: Dank ihres Abstrahlwinkels von 100\u00b0 eignet sich diese Gl\u00fchlampe perfekt f\u00fcr die gro\u00dffl\u00e4chige Ausleuchtung von R\u00e4umen oder architektonischen Elementen.<\/li>\n<li>Au\u00dfenbeleuchtung: GU10-Gl\u00fchbirnen eignen sich f\u00fcr den Einsatz in Au\u00dfenleuchten, zur Beleuchtung von G\u00e4rten, Innenh\u00f6fen oder Terrassen.<\/li>\n<\/ul><p>Zusammenfassend l\u00e4sst sich sagen, dass die GU10-Gl\u00fchlampe aufgrund ihrer Lichtleistung, ihrer Energieeffizienz und ihrer F\u00e4higkeit, R\u00e4ume kraftvoll und gleichm\u00e4\u00dfig zu beleuchten, eine ausgezeichnete Wahl f\u00fcr eine Vielzahl von Anwendungen ist. Ihr kompaktes Design und die einfache Installation machen sie zu einer beliebten Wahl f\u00fcr die Beleuchtung von Wohn- und Gesch\u00e4ftsr\u00e4umen.<\/p><h3 class=\"page-product-heading\">TECHNISCHE DATEN<\/h3><div class=\"col-xs-12 col-md-6\">\n<table class=\"table table-data-sheet 1\">\n<tbody>\n<tr class=\"odd\">\n<td valign=\"middle\" width=\"32\"><\/td>\n<td valign=\"middle\">REFERENZEN :<\/td>\n<td valign=\"middle\">SLGU1010WOSR<\/td>\n<\/tr>\n<tr class=\"even\">\n<td valign=\"middle\" width=\"32\"><\/td>\n<td valign=\"middle\">Nennleistung :<\/td>\n<td valign=\"middle\">10W<\/td>\n<\/tr>\n<tr class=\"odd\">\n<td valign=\"middle\" width=\"32\"><\/td>\n<td valign=\"middle\">Nennspannung:<\/td>\n<td valign=\"middle\">175v - 265v<\/td>\n<\/tr>\n<tr class=\"even\">\n<td valign=\"middle\" width=\"32\"><\/td>\n<td valign=\"middle\">Lichttemperatur:<\/td>\n<td valign=\"middle\">3000K - 4000K - 6000K<\/td>\n<\/tr>\n<tr class=\"odd\">\n<td valign=\"middle\" width=\"32\"><\/td>\n<td valign=\"middle\">CRI - Farbwiedergabeindex:<\/td>\n<td valign=\"middle\">82<\/td>\n<\/tr>\n<tr class=\"even\">\n<td valign=\"middle\" width=\"32\"><\/td>\n<td valign=\"middle\">Baumaterial:<\/td>\n<td valign=\"middle\">Aluminium +PC<\/td>\n<\/tr>\n<tr class=\"odd\">\n<td valign=\"middle\" width=\"32\"><\/td>\n<td valign=\"middle\">Leuchtkraft-Lm:<\/td>\n<td valign=\"middle\">1000<\/td>\n<\/tr>\n<tr class=\"even\">\n<td valign=\"middle\" width=\"32\"><\/td>\n<td valign=\"middle\">Art der LEDs:<\/td>\n<td valign=\"middle\">SMD 2835 OSRAM CHIP<\/td>\n<\/tr>\n<tr class=\"odd\">\n<td valign=\"middle\" width=\"32\"><\/td>\n<td valign=\"middle\">\u00d6ffnungswinkel (\u00ba):<\/td>\n<td valign=\"middle\">100\u00ba<\/td>\n<\/tr>\n<tr class=\"even\">\n<td valign=\"middle\" width=\"32\"><\/td>\n<td valign=\"middle\">Effizienz der LED-Diode (Lm\/W):<\/td>\n<td valign=\"middle\">120Lm\/W<\/td>\n<\/tr>\n<tr class=\"odd\">\n<td valign=\"middle\" width=\"32\"><\/td>\n<td valign=\"middle\">Lichtausbeute (Lm\/W):<\/td>\n<td valign=\"middle\">100 Lm\/W<\/td>\n<\/tr>\n<\/tbody>\n<\/table>\n<\/div><div class=\"col-xs-12 col-md-6 2\">\n<table class=\"table table-data-sheet 2\">\n<tbody>\n<tr class=\"odd\">\n<td valign=\"middle\" width=\"32\"><\/td>\n<td valign=\"middle\">Buchse:<\/td>\n<td valign=\"middle\">GU10<\/td>\n<\/tr>\n<tr class=\"even\">\n<td valign=\"middle\" width=\"32\"><\/td>\n<td valign=\"middle\">Bescheinigungen:<\/td>\n<td valign=\"middle\">CE - ROHS<\/td>\n<\/tr>\n<tr class=\"odd\">\n<td valign=\"middle\" width=\"32\"><\/td>\n<td valign=\"middle\">IP-Bewertung:<\/td>\n<td valign=\"middle\">IP20<\/td>\n<\/tr>\n<tr class=\"even\">\n<td valign=\"middle\" width=\"32\"><\/td>\n<td valign=\"middle\">Gesch\u00e4tzte Lebensdauer der LED-Diode (H):<\/td>\n<td valign=\"middle\">15000<\/td>\n<\/tr>\n<tr class=\"odd\">\n<td valign=\"middle\" width=\"32\"><\/td>\n<td valign=\"middle\">Arbeitsfrequenz (Hz):<\/td>\n<td valign=\"middle\">50\/60Hz<\/td>\n<\/tr>\n<tr class=\"even\">\n<td valign=\"middle\" width=\"32\"><\/td>\n<td valign=\"middle\">Temperaturbereich (\u00baC):<\/td>\n<td valign=\"middle\">-20\u00b0C ~ +55\u00b0C<\/td>\n<\/tr>\n<tr class=\"odd\">\n<td valign=\"middle\" width=\"32\"><\/td>\n<td valign=\"middle\">Z\u00fcndungszyklen:<\/td>\n<td valign=\"middle\">100.000<\/td>\n<\/tr>\n<tr class=\"even\">\n<td valign=\"middle\" width=\"32\"><\/td>\n<td valign=\"middle\">Einschaltzeit (s):<\/td>\n<td valign=\"middle\">0,2s<\/td>\n<\/tr>\n<tr class=\"odd\">\n<td valign=\"middle\" width=\"32\"><\/td>\n<td valign=\"middle\">Energieklasse (2021-EU-2019\/2015):<\/td>\n<td valign=\"middle\">A+<\/td>\n<\/tr>\n<tr class=\"even\">\n<td valign=\"middle\" width=\"32\"><\/td>\n<td valign=\"middle\">Energieklasse (2023 - EU-2019\/2015):<\/td>\n<td valign=\"middle\">F<\/td>\n<\/tr>\n<tr class=\"odd\">\n<td valign=\"middle\" width=\"32\"><\/td>\n<td valign=\"middle\">Gew\u00e4hrleistungsjahre:<\/td>\n<td valign=\"middle\">3<\/td>\n<\/tr>\n<\/tbody>\n<\/table>\n<p>&nbsp;<\/p>\n<\/div><\/blockquote>","protected":false},"excerpt":{"rendered":"<p><strong><label>REFERENZ: SLGU10-10W-OSR-27K<\/label><\/strong><p>Erleben Sie die Erleuchtung der Zukunft mit unserem&nbsp;<strong>LED dichroitisch 10W<\/strong>. Mit seinem fortschrittlichen Chip&nbsp;<strong>OSRAM DURIS E 2835<\/strong>Dieses technische Wunderwerk bietet eine au\u00dfergew\u00f6hnliche Helligkeit und eine un\u00fcbertroffene Energieeffizienz. Sein Winkel von&nbsp;<strong>100<\/strong>Steigen Sie mit OSRAM auf LED-Effizienz um und machen Sie Ihre Beleuchtung zu einem einzigartigen und nachhaltigen Erlebnis.<\/p><p>Die Installation ist sehr einfach: Sie m\u00fcssen nur die herk\u00f6mmliche Halogenlampe entfernen und die neue Lampe mit einer Fassung einsetzen.&nbsp;<strong>GU10<\/strong>&nbsp;mit direktem Netzanschluss.<\/p><p><strong>FARBTEMPERATUR:&nbsp;<\/strong> <strong>2700K\/3000K\/4000K\/6000K<\/strong><\/p><div class=\"col-md-12\"><i class=\"fa fa-truck\"><\/i>&nbsp;<span class=\"text-muted textprop\">Lieferung innerhalb von 24\/48 Stunden<\/span><\/div><div class=\"col-md-12\"><i class=\"fa fa-exchange\"><\/i>&nbsp;<span class=\"text-muted textprop\">Versicherte Garantie<\/span><\/div><div class=\"col-md-12\"><i class=\"fa fa-box\"><\/i>&nbsp;<span class=\"text-muted textprop\">100 Einheit(en) pro Masterbox<\/span><\/div><\/p>","protected":false},"featured_media":10606,"template":"","meta":{"site-sidebar-layout":"default","site-content-layout":"default","ast-global-header-display":"","ast-main-header-display":"","ast-hfb-above-header-display":"","ast-hfb-below-header-display":"","ast-hfb-mobile-header-display":"","site-post-title":"","ast-breadcrumbs-content":"","ast-featured-img":"","footer-sml-layout":"","theme-transparent-header-meta":"default","adv-header-id-meta":"","stick-header-meta":"","header-above-stick-meta":"","header-main-stick-meta":"","header-below-stick-meta":""},"product_cat":[48,23],"product_tag":[],"class_list":["post-10600","product","type-product","status-publish","has-post-thumbnail","hentry","product_cat-bombillas-led-gu10-mr16-g4","product_cat-bombillas-y-lamparas-led"],"_links":{"self":[{"href":"https:\/\/starlediluminacion.com\/de\/wp-json\/wp\/v3\/product\/10600","targetHints":{"allow":["GET"]}}],"collection":[{"href":"https:\/\/starlediluminacion.com\/de\/wp-json\/wp\/v3\/product"}],"about":[{"href":"https:\/\/starlediluminacion.com\/de\/wp-json\/wp\/v2\/types\/product"}],"wp:featuredmedia":[{"embeddable":true,"href":"https:\/\/starlediluminacion.com\/de\/wp-json\/wp\/v2\/media\/10606"}],"wp:attachment":[{"href":"https:\/\/starlediluminacion.com\/de\/wp-json\/wp\/v2\/media?parent=10600"}],"wp:term":[{"taxonomy":"product_cat","embeddable":true,"href":"https:\/\/starlediluminacion.com\/de\/wp-json\/wp\/v2\/product_cat?post=10600"},{"taxonomy":"product_tag","embeddable":true,"href":"https:\/\/starlediluminacion.com\/de\/wp-json\/wp\/v2\/product_tag?post=10600"}],"curies":[{"name":"wp","href":"https:\/\/api.w.org\/{rel}","templated":true}]}}