{"id":10358,"date":"2023-09-14T10:58:44","date_gmt":"2023-09-14T10:58:44","guid":{"rendered":"https:\/\/starlediluminacion.com\/?post_type=product&#038;p=10358"},"modified":"2023-12-01T11:05:29","modified_gmt":"2023-12-01T11:05:29","slug":"foco-proyector-led-30w-new-action-osram-chip-duris-e2835","status":"publish","type":"product","link":"https:\/\/starlediluminacion.com\/de\/product\/punktstrahler-projektor-led-30w-neue-aktion-osram-chip-duris-e2835\/","title":{"rendered":"<p>30W LED-Flutlicht - Neue ACTION - OSRAM CHIP DURIS E2835<\/p>"},"content":{"rendered":"<h1>30W LED-Flutlicht - Neue ACTION - OSRAM CHIP DURIS E2835<p>Die&nbsp;<strong>LED-Flutlicht<\/strong>&nbsp;&nbsp;-&nbsp;<strong>Neue AKTION<\/strong>&nbsp;-&nbsp;<strong>OSRAM CHIP DURIS E2835<\/strong>- ist eine beeindruckende Leuchte aus hochwertigen Materialien wie Aluminium und Glas, die Langlebigkeit und St\u00e4rke garantieren. Mit ihrer Leistung von&nbsp;<strong>30W ,<\/strong>&nbsp;Dieser LED-Flutlichtstrahler bietet eine leistungsstarke und effiziente Beleuchtung, die sich f\u00fcr eine Vielzahl von Anwendungen eignet.<\/p><p>Eines der herausragenden Merkmale dieses Scheinwerfers ist seine hochwertige SMD2835 Osram Duris-Diode, die eine optimale Leistung und eine genaue Farbwiedergabe mit einem Farbwiedergabeindex (CRI) von \u00fcber 80 gew\u00e4hrleistet. Das bedeutet, dass die Farben lebendig und naturgetreu wiedergegeben werden und ein au\u00dfergew\u00f6hnliches Seherlebnis bieten.<\/p><p>Neben der Lichtleistung ist die&nbsp;<strong>LED-Flutlicht 30W&nbsp;<\/strong>- New ACTION zeichnet sich auch durch seine Vielseitigkeit in Bezug auf den Einsatzort aus. Dank seiner Klassifizierung&nbsp;<strong>IP65<\/strong>Mit seinem wasser- und staubdichten Design ist dieser Scheinwerfer eine ideale Wahl f\u00fcr Innen- und Au\u00dfenanwendungen. Ob zur Beleuchtung eines Gartens, einer Fassade, eines Schaufensters oder eines anderen Raums, dieser Scheinwerfer ist bereit, sich den Herausforderungen der Au\u00dfenumgebung zu stellen, ohne Kompromisse bei der Leistung einzugehen.<\/p><p>Die hochfeste Epoxid-Einbrennlackierung dieses Scheinwerfers sorgt nicht nur f\u00fcr ein elegantes Erscheinungsbild, sondern auch f\u00fcr einen zus\u00e4tzlichen Schutz gegen Korrosion und Witterungseinfl\u00fcsse, der eine lange Lebensdauer und ein makelloses Erscheinungsbild auch unter rauen Umweltbedingungen gew\u00e4hrleistet.<\/p><p>&nbsp;<\/p><p>Der 30W LED-Flutlichtstrahler - New ACTION - OSRAM CHIP DURIS E2835- IP65 zeichnet sich durch seine einfache Installation aus, was ihn zu einer bequemen Wahl f\u00fcr Benutzer aller Erfahrungsstufen macht.  Dank seines durchdachten Designs und seiner kompakten Struktur l\u00e4sst sich dieser LED-Fluter schnell und einfach in verschiedenen Umgebungen installieren. Er wird mit allen notwendigen Komponenten wie Kabeln und Halterungen geliefert, um den Installationsprozess zu erleichtern.<\/p><p>Die&nbsp;<strong>LED-Flutlicht<\/strong>&nbsp;- Neue AKTION -&nbsp;<strong>OSRAM CHIP DURIS E2835-<\/strong>&nbsp;<strong>IP65<\/strong>&nbsp;ist aufgrund seiner Leistung, Langlebigkeit und Widerstandsf\u00e4higkeit gegen Witterungseinfl\u00fcsse vielseitig einsetzbar. Einige der h\u00e4ufigsten Verwendungszwecke f\u00fcr diesen Projektor sind:<\/p><ul>\n<li>Au\u00dfenbeleuchtung: Dank der Schutzart IP65 eignet sich dieser Scheinwerfer perfekt f\u00fcr die Beleuchtung von Au\u00dfenbereichen wie G\u00e4rten, Terrassen, Geb\u00e4udefassaden, Parks, Parkpl\u00e4tzen und mehr. Er bietet eine helle, gleichm\u00e4\u00dfige Beleuchtung, die die Sicherheit, \u00c4sthetik und Sichtbarkeit in Au\u00dfenbereichen verbessert.<\/li>\n<li>Sicherheitsbeleuchtung: Der 30-W-LED-Fluter ist ideal zur Erh\u00f6hung der Sicherheit in Risikobereichen wie Eing\u00e4ngen, dunklen Fluren oder Garagen. Sein leistungsstarkes Licht leuchtet R\u00e4ume effektiv aus, schreckt Eindringlinge ab und sorgt f\u00fcr Sicherheit.<\/li>\n<li>Event- und Performance-Beleuchtung: Aufgrund seiner F\u00e4higkeit, eine intensive und fokussierte Beleuchtung zu erzeugen, wird dieser Scheinwerfer h\u00e4ufig f\u00fcr Veranstaltungen im Freien, Konzerte, Festivals, Ausstellungen und B\u00fchnenauff\u00fchrungen eingesetzt. Er bietet eine auff\u00e4llige Beleuchtung, die bestimmte Elemente hervorhebt und ein dynamisches Ambiente schafft.<\/li>\n<li>Schaufenster- und Ausstellungsbeleuchtung: Das 30-W-LED-Flutlicht ist eine beliebte Wahl f\u00fcr die Hervorhebung von Produkten, Displays und Vitrinen in Gesch\u00e4ften, Museen und Galerien. Sein helles, geb\u00fcndeltes Licht hebt Details hervor und erzeugt einen visuellen Eindruck, der die Aufmerksamkeit der Betrachter auf sich zieht.<\/li>\n<li>Innenbeleuchtung: Obwohl dieser Scheinwerfer speziell f\u00fcr den Au\u00dfenbereich konzipiert wurde, kann er auch in Innenr\u00e4umen zur Beleuchtung bestimmter Bereiche wie Ausstellungsr\u00e4ume, Flure, Veranstaltungshallen und mehr eingesetzt werden.<\/li>\n<\/ul><h3 class=\"page-product-heading\">TECHNISCHE DATEN<\/h3><div class=\"col-xs-12 col-md-6\">\n<table class=\"table table-data-sheet 1\">\n<tbody>\n<tr class=\"odd\">\n<td valign=\"middle\" width=\"32\"><\/td>\n<td valign=\"middle\">REFERENZEN :<\/td>\n<td valign=\"middle\">SLFA30WACT<\/td>\n<\/tr>\n<tr class=\"even\">\n<td valign=\"middle\" width=\"32\"><\/td>\n<td valign=\"middle\">Nennleistung :<\/td>\n<td valign=\"middle\">30W<\/td>\n<\/tr>\n<tr class=\"odd\">\n<td valign=\"middle\" width=\"32\"><\/td>\n<td valign=\"middle\">Nennspannung:<\/td>\n<td valign=\"middle\">220-240V<\/td>\n<\/tr>\n<tr class=\"even\">\n<td valign=\"middle\" width=\"32\"><\/td>\n<td valign=\"middle\">Lichttemperatur:<\/td>\n<td valign=\"middle\">3000K - 4000K - 6000K<\/td>\n<\/tr>\n<tr class=\"odd\">\n<td valign=\"middle\" width=\"32\"><\/td>\n<td valign=\"middle\">CRI - Farbwiedergabeindex:<\/td>\n<td valign=\"middle\">80<\/td>\n<\/tr>\n<tr class=\"even\">\n<td valign=\"middle\" width=\"32\"><\/td>\n<td valign=\"middle\">Baumaterial:<\/td>\n<td valign=\"middle\">Aluminium + Glas<\/td>\n<\/tr>\n<tr class=\"odd\">\n<td valign=\"middle\" width=\"32\"><\/td>\n<td valign=\"middle\">Leuchtkraft-Lm:<\/td>\n<td valign=\"middle\">3600Lm<\/td>\n<\/tr>\n<tr class=\"even\">\n<td valign=\"middle\" width=\"32\"><\/td>\n<td valign=\"middle\">Art der LEDs:<\/td>\n<td valign=\"middle\">SMD 2835 OSRAM CHIP<\/td>\n<\/tr>\n<tr class=\"odd\">\n<td valign=\"middle\" width=\"32\"><\/td>\n<td valign=\"middle\">\u00d6ffnungswinkel (\u00ba):<\/td>\n<td valign=\"middle\">120\u00ba<\/td>\n<\/tr>\n<tr class=\"even\">\n<td valign=\"middle\" width=\"32\"><\/td>\n<td valign=\"middle\">Effizienz der LED-Diode (Lm\/W):<\/td>\n<td valign=\"middle\">145Lm\/W<\/td>\n<\/tr>\n<tr class=\"odd\">\n<td valign=\"middle\" width=\"32\"><\/td>\n<td valign=\"middle\">Lichtausbeute (Lm\/W):<\/td>\n<td valign=\"middle\">120 Lm\/W<\/td>\n<\/tr>\n<tr class=\"even\">\n<td valign=\"middle\" width=\"32\"><\/td>\n<td valign=\"middle\">Bescheinigungen:<\/td>\n<td valign=\"middle\">CE - ROHS<\/td>\n<\/tr>\n<\/tbody>\n<\/table>\n<\/div><div class=\"col-xs-12 col-md-6 2\">\n<table class=\"table table-data-sheet 2\">\n<tbody>\n<tr class=\"odd\">\n<td valign=\"middle\" width=\"32\"><\/td>\n<td valign=\"middle\">IP-Bewertung:<\/td>\n<td valign=\"middle\">IP65-Au\u00dfenbereich<\/td>\n<\/tr>\n<tr class=\"even\">\n<td valign=\"middle\" width=\"32\"><\/td>\n<td valign=\"middle\">Gesch\u00e4tzte Lebensdauer der LED-Diode (H):<\/td>\n<td valign=\"middle\">25000h<\/td>\n<\/tr>\n<tr class=\"odd\">\n<td valign=\"middle\" width=\"32\"><\/td>\n<td valign=\"middle\">Abmessungen (mm):<\/td>\n<td valign=\"middle\">164x139x29mm<\/td>\n<\/tr>\n<tr class=\"even\">\n<td valign=\"middle\" width=\"32\"><\/td>\n<td valign=\"middle\">Leistungsfaktor (PF):<\/td>\n<td valign=\"middle\">0.91<\/td>\n<\/tr>\n<tr class=\"odd\">\n<td valign=\"middle\" width=\"32\"><\/td>\n<td valign=\"middle\">Arbeitsfrequenz (Hz):<\/td>\n<td valign=\"middle\">50\/60Hz<\/td>\n<\/tr>\n<tr class=\"even\">\n<td valign=\"middle\" width=\"32\"><\/td>\n<td valign=\"middle\">Temperaturbereich (\u00baC):<\/td>\n<td valign=\"middle\">-20\u00b0C ~ +55\u00b0C<\/td>\n<\/tr>\n<tr class=\"odd\">\n<td valign=\"middle\" width=\"32\"><\/td>\n<td valign=\"middle\">Z\u00fcndungszyklen:<\/td>\n<td valign=\"middle\">100.000<\/td>\n<\/tr>\n<tr class=\"even\">\n<td valign=\"middle\" width=\"32\"><\/td>\n<td valign=\"middle\">Einschaltzeit (s):<\/td>\n<td valign=\"middle\">0,2s<\/td>\n<\/tr>\n<tr class=\"odd\">\n<td valign=\"middle\" width=\"32\"><\/td>\n<td valign=\"middle\">Zus\u00e4tzliche Informationen:<\/td>\n<td valign=\"middle\">\u00dcberspannungsschutz 2K<\/td>\n<\/tr>\n<tr class=\"even\">\n<td valign=\"middle\" width=\"32\"><\/td>\n<td valign=\"middle\">Energieklasse (2021-EU-2019\/2015):<\/td>\n<td valign=\"middle\">A+<\/td>\n<\/tr>\n<tr class=\"odd\">\n<td valign=\"middle\" width=\"32\"><\/td>\n<td valign=\"middle\">Energieklasse (2023 - EU-2019\/2015):<\/td>\n<td valign=\"middle\">F<\/td>\n<\/tr>\n<tr class=\"even\">\n<td valign=\"middle\" width=\"32\"><\/td>\n<td valign=\"middle\">Gew\u00e4hrleistungsjahre:<\/td>\n<td valign=\"middle\">3<\/td>\n<\/tr>\n<\/tbody>\n<\/table>\n<p>&nbsp;<\/p>\n<\/div><\/h1>","protected":false},"excerpt":{"rendered":"<p><strong>REFERENCIA: SLFA30WACT-91631-4K<\/strong><p><strong>LED-Flutlicht 30W<\/strong>&nbsp; - Neue AKTION -&nbsp;<strong>OSRAM CHIP DURIS E2835- IP65<\/strong>Die perfekte Wahl f\u00fcr eine leistungsstarke und lang anhaltende Beleuchtung. Dieser 30-W-LED-Fluter, ausgestattet mit modernster OSRAM CHIP DURIS E2835 Technologie, sorgt f\u00fcr helle und effiziente Beleuchtung. Mit der Schutzart IP65 ist er wasser- und staubdicht und somit ideal f\u00fcr den Innen- und Au\u00dfenbereich geeignet.<\/p><p>Erleben Sie die au\u00dfergew\u00f6hnliche Qualit\u00e4t und Leistung dieses klassenbesten Scheinwerfers!<\/p><p><strong>FARBTEMPERATUR: 3000K\/4000K\/6000K<\/strong><\/p><p><strong> Lieferung innerhalb von 24\/48 Stunden<\/strong><br>\n<strong>Versicherte Garantie<\/strong><br>\n<strong>20 Einheit(en) pro Masterbox<\/strong><\/p><\/p>","protected":false},"featured_media":10374,"template":"","meta":{"site-sidebar-layout":"default","site-content-layout":"default","ast-global-header-display":"","ast-main-header-display":"","ast-hfb-above-header-display":"","ast-hfb-below-header-display":"","ast-hfb-mobile-header-display":"","site-post-title":"","ast-breadcrumbs-content":"","ast-featured-img":"","footer-sml-layout":"","theme-transparent-header-meta":"default","adv-header-id-meta":"","stick-header-meta":"","header-above-stick-meta":"","header-main-stick-meta":"","header-below-stick-meta":""},"product_cat":[109,28],"product_tag":[],"class_list":["post-10358","product","type-product","status-publish","has-post-thumbnail","hentry","product_cat-foco-proyector-led-action","product_cat-proyectores-led-exterior-y-jardin"],"yoast_head":"<!-- This site is optimized with the Yoast SEO plugin v27.4 - https:\/\/yoast.com\/product\/yoast-seo-wordpress\/ -->\n<title>Foco Proyector LED 30W - New ACTION - OSRAM CHIP DURIS E2835 - STARLED Iluminacion<\/title>\n<meta name=\"robots\" content=\"index, follow, max-snippet:-1, max-image-preview:large, max-video-preview:-1\" \/>\n<link rel=\"canonical\" href=\"https:\/\/starlediluminacion.com\/de\/product\/proiettore-spotlight-led-30w-new-action-osram-chip-duris-e2835\/\" \/>\n<meta property=\"og:locale\" content=\"de_DE\" \/>\n<meta property=\"og:type\" content=\"article\" \/>\n<meta property=\"og:title\" content=\"Foco Proyector LED 30W - New ACTION - OSRAM CHIP DURIS E2835 - STARLED Iluminacion\" \/>\n<meta property=\"og:description\" content=\"REFERENCIA: SLFA30WACT-91631-4K  Foco Proyector LED\u00a030W\u00a0 - New ACTION -\u00a0OSRAM CHIP DURIS E2835- IP65: La elecci\u00f3n perfecta para iluminaci\u00f3n potente y duradera. Este proyector LED de 30W\u00a0, equipado con la tecnolog\u00eda de vanguardia de OSRAM CHIP DURIS E2835, ofrece una iluminaci\u00f3n brillante y eficiente. Con su clasificaci\u00f3n IP65, es resistente al agua y al polvo, lo que lo hace ideal tanto para uso interior como exterior.  \u00a1Experimenta la calidad y rendimiento excepcionales de este foco proyector l\u00edder en su categor\u00eda!  TEMPERATURA DE COLOR:\u00a0 3000K\/4000K\/6000K   Entrega en 24\/48 horas Garant\u00eda asegurada 20 unidad(es) por Masterbox\" \/>\n<meta property=\"og:url\" content=\"https:\/\/starlediluminacion.com\/de\/product\/proiettore-spotlight-led-30w-new-action-osram-chip-duris-e2835\/\" \/>\n<meta property=\"og:site_name\" content=\"STARLED Iluminacion\" \/>\n<meta property=\"article:modified_time\" content=\"2023-12-01T11:05:29+00:00\" \/>\n<meta property=\"og:image\" content=\"https:\/\/starlediluminacion.com\/wp-content\/uploads\/2023\/09\/foco-proyector-led-30w-new-action-osram-chip-duris-e2835-factorled-8.jpg\" \/>\n\t<meta property=\"og:image:width\" content=\"1000\" \/>\n\t<meta property=\"og:image:height\" content=\"1000\" \/>\n\t<meta property=\"og:image:type\" content=\"image\/jpeg\" \/>\n<meta name=\"twitter:card\" content=\"summary_large_image\" \/>\n<meta name=\"twitter:label1\" content=\"Gesch\u00e4tzte Lesezeit\" \/>\n\t<meta name=\"twitter:data1\" content=\"4\u00a0Minuten\" \/>\n<script type=\"application\/ld+json\" class=\"yoast-schema-graph\">{\"@context\":\"https:\\\/\\\/schema.org\",\"@graph\":[{\"@type\":\"WebPage\",\"@id\":\"https:\\\/\\\/starlediluminacion.com\\\/it\\\/product\\\/proiettore-spotlight-led-30w-new-action-osram-chip-duris-e2835\\\/\",\"url\":\"https:\\\/\\\/starlediluminacion.com\\\/it\\\/product\\\/proiettore-spotlight-led-30w-new-action-osram-chip-duris-e2835\\\/\",\"name\":\"Foco Proyector LED 30W - New ACTION - OSRAM CHIP DURIS E2835 - STARLED Iluminacion\",\"isPartOf\":{\"@id\":\"https:\\\/\\\/starlediluminacion.com\\\/#website\"},\"primaryImageOfPage\":{\"@id\":\"https:\\\/\\\/starlediluminacion.com\\\/it\\\/product\\\/proiettore-spotlight-led-30w-new-action-osram-chip-duris-e2835\\\/#primaryimage\"},\"image\":{\"@id\":\"https:\\\/\\\/starlediluminacion.com\\\/it\\\/product\\\/proiettore-spotlight-led-30w-new-action-osram-chip-duris-e2835\\\/#primaryimage\"},\"thumbnailUrl\":\"https:\\\/\\\/starlediluminacion.com\\\/wp-content\\\/uploads\\\/2023\\\/09\\\/foco-proyector-led-30w-new-action-osram-chip-duris-e2835-factorled-8.jpg\",\"datePublished\":\"2023-09-14T10:58:44+00:00\",\"dateModified\":\"2023-12-01T11:05:29+00:00\",\"breadcrumb\":{\"@id\":\"https:\\\/\\\/starlediluminacion.com\\\/it\\\/product\\\/proiettore-spotlight-led-30w-new-action-osram-chip-duris-e2835\\\/#breadcrumb\"},\"inLanguage\":\"de\",\"potentialAction\":[{\"@type\":\"ReadAction\",\"target\":[\"https:\\\/\\\/starlediluminacion.com\\\/it\\\/product\\\/proiettore-spotlight-led-30w-new-action-osram-chip-duris-e2835\\\/\"]}]},{\"@type\":\"ImageObject\",\"inLanguage\":\"de\",\"@id\":\"https:\\\/\\\/starlediluminacion.com\\\/it\\\/product\\\/proiettore-spotlight-led-30w-new-action-osram-chip-duris-e2835\\\/#primaryimage\",\"url\":\"https:\\\/\\\/starlediluminacion.com\\\/wp-content\\\/uploads\\\/2023\\\/09\\\/foco-proyector-led-30w-new-action-osram-chip-duris-e2835-factorled-8.jpg\",\"contentUrl\":\"https:\\\/\\\/starlediluminacion.com\\\/wp-content\\\/uploads\\\/2023\\\/09\\\/foco-proyector-led-30w-new-action-osram-chip-duris-e2835-factorled-8.jpg\",\"width\":1000,\"height\":1000},{\"@type\":\"BreadcrumbList\",\"@id\":\"https:\\\/\\\/starlediluminacion.com\\\/it\\\/product\\\/proiettore-spotlight-led-30w-new-action-osram-chip-duris-e2835\\\/#breadcrumb\",\"itemListElement\":[{\"@type\":\"ListItem\",\"position\":1,\"name\":\"Portada\",\"item\":\"https:\\\/\\\/starlediluminacion.com\\\/\"},{\"@type\":\"ListItem\",\"position\":2,\"name\":\"Shop\",\"item\":\"https:\\\/\\\/starlediluminacion.com\\\/shop-2\\\/\"},{\"@type\":\"ListItem\",\"position\":3,\"name\":\"Foco Proyector LED 30W &#8211; New ACTION &#8211; OSRAM CHIP DURIS E2835\"}]},{\"@type\":\"WebSite\",\"@id\":\"https:\\\/\\\/starlediluminacion.com\\\/#website\",\"url\":\"https:\\\/\\\/starlediluminacion.com\\\/\",\"name\":\"STARLED Iluminacion\",\"description\":\"\",\"potentialAction\":[{\"@type\":\"SearchAction\",\"target\":{\"@type\":\"EntryPoint\",\"urlTemplate\":\"https:\\\/\\\/starlediluminacion.com\\\/?s={search_term_string}\"},\"query-input\":{\"@type\":\"PropertyValueSpecification\",\"valueRequired\":true,\"valueName\":\"search_term_string\"}}],\"inLanguage\":\"de\"}]}<\/script>\n<!-- \/ Yoast SEO plugin. -->","yoast_head_json":{"title":"Foco Proyector LED 30W - New ACTION - OSRAM CHIP DURIS E2835 - STARLED Iluminacion","robots":{"index":"index","follow":"follow","max-snippet":"max-snippet:-1","max-image-preview":"max-image-preview:large","max-video-preview":"max-video-preview:-1"},"canonical":"https:\/\/starlediluminacion.com\/de\/product\/proiettore-spotlight-led-30w-new-action-osram-chip-duris-e2835\/","og_locale":"de_DE","og_type":"article","og_title":"Foco Proyector LED 30W - New ACTION - OSRAM CHIP DURIS E2835 - STARLED Iluminacion","og_description":"REFERENCIA: SLFA30WACT-91631-4K  Foco Proyector LED\u00a030W\u00a0 - New ACTION -\u00a0OSRAM CHIP DURIS E2835- IP65: La elecci\u00f3n perfecta para iluminaci\u00f3n potente y duradera. Este proyector LED de 30W\u00a0, equipado con la tecnolog\u00eda de vanguardia de OSRAM CHIP DURIS E2835, ofrece una iluminaci\u00f3n brillante y eficiente. Con su clasificaci\u00f3n IP65, es resistente al agua y al polvo, lo que lo hace ideal tanto para uso interior como exterior.  \u00a1Experimenta la calidad y rendimiento excepcionales de este foco proyector l\u00edder en su categor\u00eda!  TEMPERATURA DE COLOR:\u00a0 3000K\/4000K\/6000K   Entrega en 24\/48 horas Garant\u00eda asegurada 20 unidad(es) por Masterbox","og_url":"https:\/\/starlediluminacion.com\/de\/product\/proiettore-spotlight-led-30w-new-action-osram-chip-duris-e2835\/","og_site_name":"STARLED Iluminacion","article_modified_time":"2023-12-01T11:05:29+00:00","og_image":[{"width":1000,"height":1000,"url":"https:\/\/starlediluminacion.com\/wp-content\/uploads\/2023\/09\/foco-proyector-led-30w-new-action-osram-chip-duris-e2835-factorled-8.jpg","type":"image\/jpeg"}],"twitter_card":"summary_large_image","twitter_misc":{"Gesch\u00e4tzte Lesezeit":"4\u00a0Minuten"},"schema":{"@context":"https:\/\/schema.org","@graph":[{"@type":"WebPage","@id":"https:\/\/starlediluminacion.com\/it\/product\/proiettore-spotlight-led-30w-new-action-osram-chip-duris-e2835\/","url":"https:\/\/starlediluminacion.com\/it\/product\/proiettore-spotlight-led-30w-new-action-osram-chip-duris-e2835\/","name":"Foco Proyector LED 30W - New ACTION - OSRAM CHIP DURIS E2835 - STARLED Iluminacion","isPartOf":{"@id":"https:\/\/starlediluminacion.com\/#website"},"primaryImageOfPage":{"@id":"https:\/\/starlediluminacion.com\/it\/product\/proiettore-spotlight-led-30w-new-action-osram-chip-duris-e2835\/#primaryimage"},"image":{"@id":"https:\/\/starlediluminacion.com\/it\/product\/proiettore-spotlight-led-30w-new-action-osram-chip-duris-e2835\/#primaryimage"},"thumbnailUrl":"https:\/\/starlediluminacion.com\/wp-content\/uploads\/2023\/09\/foco-proyector-led-30w-new-action-osram-chip-duris-e2835-factorled-8.jpg","datePublished":"2023-09-14T10:58:44+00:00","dateModified":"2023-12-01T11:05:29+00:00","breadcrumb":{"@id":"https:\/\/starlediluminacion.com\/it\/product\/proiettore-spotlight-led-30w-new-action-osram-chip-duris-e2835\/#breadcrumb"},"inLanguage":"de","potentialAction":[{"@type":"ReadAction","target":["https:\/\/starlediluminacion.com\/it\/product\/proiettore-spotlight-led-30w-new-action-osram-chip-duris-e2835\/"]}]},{"@type":"ImageObject","inLanguage":"de","@id":"https:\/\/starlediluminacion.com\/it\/product\/proiettore-spotlight-led-30w-new-action-osram-chip-duris-e2835\/#primaryimage","url":"https:\/\/starlediluminacion.com\/wp-content\/uploads\/2023\/09\/foco-proyector-led-30w-new-action-osram-chip-duris-e2835-factorled-8.jpg","contentUrl":"https:\/\/starlediluminacion.com\/wp-content\/uploads\/2023\/09\/foco-proyector-led-30w-new-action-osram-chip-duris-e2835-factorled-8.jpg","width":1000,"height":1000},{"@type":"BreadcrumbList","@id":"https:\/\/starlediluminacion.com\/it\/product\/proiettore-spotlight-led-30w-new-action-osram-chip-duris-e2835\/#breadcrumb","itemListElement":[{"@type":"ListItem","position":1,"name":"Portada","item":"https:\/\/starlediluminacion.com\/"},{"@type":"ListItem","position":2,"name":"Shop","item":"https:\/\/starlediluminacion.com\/shop-2\/"},{"@type":"ListItem","position":3,"name":"Foco Proyector LED 30W &#8211; New ACTION &#8211; OSRAM CHIP DURIS E2835"}]},{"@type":"WebSite","@id":"https:\/\/starlediluminacion.com\/#website","url":"https:\/\/starlediluminacion.com\/","name":"STARLED Iluminacion","description":"","potentialAction":[{"@type":"SearchAction","target":{"@type":"EntryPoint","urlTemplate":"https:\/\/starlediluminacion.com\/?s={search_term_string}"},"query-input":{"@type":"PropertyValueSpecification","valueRequired":true,"valueName":"search_term_string"}}],"inLanguage":"de"}]}},"_links":{"self":[{"href":"https:\/\/starlediluminacion.com\/de\/wp-json\/wp\/v3\/product\/10358","targetHints":{"allow":["GET"]}}],"collection":[{"href":"https:\/\/starlediluminacion.com\/de\/wp-json\/wp\/v3\/product"}],"about":[{"href":"https:\/\/starlediluminacion.com\/de\/wp-json\/wp\/v2\/types\/product"}],"wp:featuredmedia":[{"embeddable":true,"href":"https:\/\/starlediluminacion.com\/de\/wp-json\/wp\/v2\/media\/10374"}],"wp:attachment":[{"href":"https:\/\/starlediluminacion.com\/de\/wp-json\/wp\/v2\/media?parent=10358"}],"wp:term":[{"taxonomy":"product_cat","embeddable":true,"href":"https:\/\/starlediluminacion.com\/de\/wp-json\/wp\/v2\/product_cat?post=10358"},{"taxonomy":"product_tag","embeddable":true,"href":"https:\/\/starlediluminacion.com\/de\/wp-json\/wp\/v2\/product_tag?post=10358"}],"curies":[{"name":"wp","href":"https:\/\/api.w.org\/{rel}","templated":true}]}}