{"id":10276,"date":"2023-09-14T09:58:57","date_gmt":"2023-09-14T09:58:57","guid":{"rendered":"https:\/\/starlediluminacion.com\/?post_type=product&#038;p=10276"},"modified":"2023-12-01T10:56:14","modified_gmt":"2023-12-01T10:56:14","slug":"fuente-alimentacion-24v-60w-2-5a-aluminio-ip20-gxtronic","status":"publish","type":"product","link":"https:\/\/starlediluminacion.com\/de\/product\/fuente-alimentacion-24v-60w-2-5a-aluminio-ip20-gxtronic\/","title":{"rendered":"<p>Fuente Alimentaci&oacute;n 24V 60W 2.5A &ndash; Aluminio IP20 &ndash; GXtronic<\/p>"},"content":{"rendered":"<h1>Fuente Alimentaci&oacute;n &ndash; 24V&nbsp;&ndash; 60W &ndash; Aluminio &ndash; 5 Amperios<p>Das LED-Strip-Netzteil wurde sorgf\u00e4ltig entwickelt, um Ihnen ein au\u00dfergew\u00f6hnliches Lichterlebnis zu bieten. Mit seiner konstanten Gleichspannung bietet dieses Netzteil eine stabile und zuverl\u00e4ssige Stromversorgung f\u00fcr Ihre LED-Streifen und sorgt daf\u00fcr, dass Ihre Lichter gleichm\u00e4\u00dfig und lang anhaltend leuchten.<\/p><p>Eine der herausragendsten Eigenschaften dieses Netzteils ist seine hohe Energieeffizienz. Dank der eingebauten Spitzentechnologie gelingt es ihm, die Energieumwandlung zu maximieren, was bedeutet, dass Sie eine helle, lebendige Beleuchtung erhalten, ohne unn\u00f6tig Energie zu verschwenden. Davon profitieren nicht nur Sie, sondern auch die Umwelt, denn Sie reduzieren Ihren Stromverbrauch und leisten einen Beitrag zur Nachhaltigkeit.<\/p><p>Das Bem\u00fchen um Leistung und Sicherheit spiegelt sich im Design dieses Netzteils wider. Aus hochwertigem Aluminium gefertigt, bietet es nicht nur ein schlankes und modernes Aussehen, sondern sorgt auch f\u00fcr eine hervorragende W\u00e4rmeableitung. Dar\u00fcber hinaus erm\u00f6glicht das perforierte Geh\u00e4use eine nat\u00fcrliche Luftkonvektionsk\u00fchlung, wodurch laute L\u00fcfter oder komplizierte K\u00fchlsysteme \u00fcberfl\u00fcssig werden. Dies ist besonders vorteilhaft, wenn Sie nur wenig Platz haben, da das schlanke Design perfekt in enge, kompakte R\u00e4ume passt.<\/p><p>Aber der Schutz h\u00f6rt damit nicht auf. Dieses Netzteil ist so konzipiert, dass es Sch\u00e4den an Ihren LED-Streifen durch Spannungs- oder Stromspitzen verhindert. Dank der eingebauten Schutzschaltung sind Ihre Leuchten vor elektrischen Schwankungen gesch\u00fctzt, die ihren Betrieb beeintr\u00e4chtigen oder ihre Lebensdauer verk\u00fcrzen k\u00f6nnten. Sie k\u00f6nnen sich darauf verlassen, dass Ihre LED-Streifen jederzeit sicher und gesch\u00fctzt sind.<\/p><p>Kommen wir nun zu den programmierbaren Modi, einer Funktion, die die Vielseitigkeit dieses Netzteils noch erh\u00f6ht. Mit seinen 4 manuellen Modi k\u00f6nnen Sie die Beleuchtung an Ihre speziellen Bed\u00fcrfnisse anpassen.<\/p><p><strong>1- Position A: Das Netzteil versorgt den 100%.&nbsp;<\/strong><\/p><p><strong>2- Position B: Das 50% wird \u00fcber das Netzteil versorgt.&nbsp;<\/strong><\/p><p><strong>3- Position C: Der 20% wird Ihnen \u00fcber das Netzteil geliefert.&nbsp;<\/strong><\/p><p><strong>4- Position B: Der 10% wird Ihnen \u00fcber das Netzteil geliefert.&nbsp;<\/strong><\/p><p>&nbsp;<\/p><p>Das LED-Streifen-Netzteil ist eine wesentliche Komponente f\u00fcr eine breite Palette von Anwendungen, bei denen LED-Streifen verwendet werden. Seine Vielseitigkeit und au\u00dfergew\u00f6hnliche Leistung machen es zur idealen Wahl f\u00fcr eine Vielzahl von Umgebungen und Projekten.<\/p><p>Diese Art der Stromversorgung wird h\u00e4ufig in privaten, gewerblichen und industriellen Beleuchtungsanwendungen eingesetzt. Im Wohnbereich kann sie dazu verwendet werden, bestimmte Bereiche in der Wohnung zu beleuchten, z. B. unter K\u00fcchenschr\u00e4nken, hinter Fernsehern oder in Vitrinen, und so eine attraktive und angenehme Umgebungsbeleuchtung zu schaffen. Sie kann auch in Au\u00dfenbereichen wie G\u00e4rten, Innenh\u00f6fen oder Terrassen eingesetzt werden, um eine einladende Atmosph\u00e4re zu schaffen und architektonische Merkmale hervorzuheben.<\/p><p>In kommerziellen Umgebungen findet das LED-Streifen-Netzteil Anwendung in Einzelhandelsgesch\u00e4ften, Restaurants, Bars und Hotels. Es kann verwendet werden, um Produkte oder dekorative Elemente hervorzuheben und so eine attraktive Atmosph\u00e4re zu schaffen, die die Aufmerksamkeit der Kunden auf sich zieht und das Gesamterlebnis steigert. Dar\u00fcber hinaus kann dieses Netzteil in Arbeitsbereichen wie B\u00fcros oder Studios f\u00fcr eine angemessene Beleuchtung sorgen, um die Produktivit\u00e4t und das Wohlbefinden der Mitarbeiter zu steigern.<\/p><p>In industriellen Umgebungen, in denen die Beleuchtung eine entscheidende Rolle f\u00fcr Sicherheit und Effizienz spielt, ist das LED-Streifen-Netzteil weit verbreitet. Es ist in Lagerh\u00e4usern, Fabriken oder Produktionsbereichen zu finden und sorgt f\u00fcr eine helle und gleichm\u00e4\u00dfige Beleuchtung, die optimale Sichtbarkeit und Leistung gew\u00e4hrleistet.<\/p><p>Zus\u00e4tzlich zu den oben genannten Umgebungen kann dieses Netzteil auch in speziellen Anwendungen wie Fahrzeugbeleuchtung, Beschilderung und kommerziellen Displays eingesetzt werden. Sein schlankes Design und seine F\u00e4higkeit, in enge R\u00e4ume zu passen, machen es zu einer beliebten Wahl, wenn der Platz begrenzt ist.<\/p><h3 class=\"page-product-heading\">TECHNISCHE DATEN<\/h3><div class=\"col-xs-12 col-md-6\">\n<table class=\"table table-data-sheet 1\">\n<tbody>\n<tr class=\"odd\">\n<td valign=\"middle\" width=\"32\"><\/td>\n<td valign=\"middle\">REFERENZEN :<\/td>\n<td valign=\"middle\">SL91659<\/td>\n<\/tr>\n<tr class=\"even\">\n<td valign=\"middle\" width=\"32\"><\/td>\n<td valign=\"middle\">Nennleistung :<\/td>\n<td valign=\"middle\">60w<\/td>\n<\/tr>\n<tr class=\"odd\">\n<td valign=\"middle\" width=\"32\"><\/td>\n<td valign=\"middle\">Nennspannung:<\/td>\n<td valign=\"middle\">200V - 240V AC<\/td>\n<\/tr>\n<tr class=\"even\">\n<td valign=\"middle\" width=\"32\"><\/td>\n<td valign=\"middle\">Baumaterial:<\/td>\n<td valign=\"middle\">Aluminium<\/td>\n<\/tr>\n<tr class=\"odd\">\n<td valign=\"middle\" width=\"32\"><\/td>\n<td valign=\"middle\">Bescheinigungen:<\/td>\n<td valign=\"middle\">CE - ROHS<\/td>\n<\/tr>\n<tr class=\"even\">\n<td valign=\"middle\" width=\"32\"><\/td>\n<td valign=\"middle\">IP-Bewertung:<\/td>\n<td valign=\"middle\">IP20<\/td>\n<\/tr>\n<tr class=\"odd\">\n<td valign=\"middle\" width=\"32\"><\/td>\n<td valign=\"middle\">Gesch\u00e4tzte Lebensdauer der LED-Diode (H):<\/td>\n<td valign=\"middle\">30.000<\/td>\n<\/tr>\n<tr class=\"even\">\n<td valign=\"middle\" width=\"32\"><\/td>\n<td valign=\"middle\">Abmessungen (mm):<\/td>\n<td valign=\"middle\">128*50*25 mm<\/td>\n<\/tr>\n<\/tbody>\n<\/table>\n<\/div><div class=\"col-xs-12 col-md-6 2\">\n<table class=\"table table-data-sheet 2\">\n<tbody>\n<tr class=\"odd\">\n<td valign=\"middle\" width=\"32\"><\/td>\n<td valign=\"middle\">Arbeitsfrequenz (Hz):<\/td>\n<td valign=\"middle\">50\/60Hz<\/td>\n<\/tr>\n<tr class=\"even\">\n<td valign=\"middle\" width=\"32\"><\/td>\n<td valign=\"middle\">Temperaturbereich (\u00baC):<\/td>\n<td valign=\"middle\">-20\u00b0C ~ +55\u00b0C<\/td>\n<\/tr>\n<tr class=\"odd\">\n<td valign=\"middle\" width=\"32\"><\/td>\n<td valign=\"middle\">Z\u00fcndungszyklen:<\/td>\n<td valign=\"middle\">100.000<\/td>\n<\/tr>\n<tr class=\"even\">\n<td valign=\"middle\" width=\"32\"><\/td>\n<td valign=\"middle\">Zus\u00e4tzliche Informationen:<\/td>\n<td valign=\"middle\">Einstellbarer Treiber: 100% - 50% - 20% und 10%<\/td>\n<\/tr>\n<tr class=\"odd\">\n<td valign=\"middle\" width=\"32\"><\/td>\n<td valign=\"middle\">Treiber enthalten:<\/td>\n<td valign=\"middle\">GXTronic-Treiber<\/td>\n<\/tr>\n<tr class=\"even\">\n<td valign=\"middle\" width=\"32\"><\/td>\n<td valign=\"middle\">Energieklasse (2021-EU-2019\/2015):<\/td>\n<td valign=\"middle\">A<\/td>\n<\/tr>\n<tr class=\"odd\">\n<td valign=\"middle\" width=\"32\"><\/td>\n<td valign=\"middle\">Gew\u00e4hrleistungsjahre:<\/td>\n<td valign=\"middle\">3<\/td>\n<\/tr>\n<\/tbody>\n<\/table>\n<p>&nbsp;<\/p>\n<\/div><\/h1>","protected":false},"excerpt":{"rendered":"<p><strong>REFERENCIA: SL91659<\/strong><p>Entdecken Sie die LE Strips Power Supply<strong>D &ndash; 60W, 24Voltios DC &ndash;<\/strong>&nbsp;die perfekte, effiziente und sichere Wahl! Mit einer konstanten Gleichspannung garantiert dieses hocheffiziente Netzteil eine stabile und zuverl\u00e4ssige Stromversorgung f\u00fcr Ihre LED-Streifen. Sein intelligentes Design erm\u00f6glicht eine nat\u00fcrliche Luftkonvektionsk\u00fchlung.<\/p><p><strong>Es enth\u00e4lt einen programmierbaren manuellen Regler: 1- 100%. 2-50% 3- 20% 4-10%&nbsp;<\/strong><\/p><p>Lassen Sie die Beleuchtungsqualit\u00e4t nicht zu einem Problem werden. Verlassen Sie sich auf unser 60W LED-Streifen-Netzteil und genie\u00dfen Sie eine effiziente, langlebige und anpassungsf\u00e4hige Beleuchtung, die Ihre R\u00e4ume mit hochwertigem Licht ohne Komplikationen verwandelt!<\/p><div class=\"col-md-12\"><i class=\"fa fa-truck\"><\/i><strong>&nbsp;<span class=\"text-muted textprop\">Lieferung innerhalb von 24\/48 Stunden<\/span><\/strong><\/div><div class=\"col-md-12\"><strong><i class=\"fa fa-exchange\"><\/i>&nbsp;<span class=\"text-muted textprop\">Versicherte Garantie<\/span><\/strong><\/div><div class=\"col-md-12\"><strong><i class=\"fa fa-box\"><\/i>&nbsp;<span class=\"text-muted textprop\">100 Einheit(en) pro Masterbox<\/span><\/strong><\/div><\/p>","protected":false},"featured_media":10280,"template":"","meta":{"site-sidebar-layout":"default","site-content-layout":"default","ast-global-header-display":"","ast-main-header-display":"","ast-hfb-above-header-display":"","ast-hfb-below-header-display":"","ast-hfb-mobile-header-display":"","site-post-title":"","ast-breadcrumbs-content":"","ast-featured-img":"","footer-sml-layout":"","theme-transparent-header-meta":"default","adv-header-id-meta":"","stick-header-meta":"","header-above-stick-meta":"","header-main-stick-meta":"","header-below-stick-meta":""},"product_cat":[74,35],"product_tag":[],"class_list":["post-10276","product","type-product","status-publish","has-post-thumbnail","hentry","product_cat-fuentes-24v","product_cat-fuentes-de-alimentacion-y-driver"],"_links":{"self":[{"href":"https:\/\/starlediluminacion.com\/de\/wp-json\/wp\/v3\/product\/10276","targetHints":{"allow":["GET"]}}],"collection":[{"href":"https:\/\/starlediluminacion.com\/de\/wp-json\/wp\/v3\/product"}],"about":[{"href":"https:\/\/starlediluminacion.com\/de\/wp-json\/wp\/v2\/types\/product"}],"wp:featuredmedia":[{"embeddable":true,"href":"https:\/\/starlediluminacion.com\/de\/wp-json\/wp\/v2\/media\/10280"}],"wp:attachment":[{"href":"https:\/\/starlediluminacion.com\/de\/wp-json\/wp\/v2\/media?parent=10276"}],"wp:term":[{"taxonomy":"product_cat","embeddable":true,"href":"https:\/\/starlediluminacion.com\/de\/wp-json\/wp\/v2\/product_cat?post=10276"},{"taxonomy":"product_tag","embeddable":true,"href":"https:\/\/starlediluminacion.com\/de\/wp-json\/wp\/v2\/product_tag?post=10276"}],"curies":[{"name":"wp","href":"https:\/\/api.w.org\/{rel}","templated":true}]}}