{"id":10235,"date":"2023-07-27T16:31:51","date_gmt":"2023-07-27T16:31:51","guid":{"rendered":"https:\/\/starlediluminacion.com\/?post_type=product&#038;p=10235"},"modified":"2023-09-14T09:04:16","modified_gmt":"2023-09-14T09:04:16","slug":"tira-led-cob-24v-480-led-m-30m-flip-chip-1200lm-12w-m-cri90-ip67","status":"publish","type":"product","link":"https:\/\/starlediluminacion.com\/de\/product\/tira-led-cob-24v-480-led-m-30m-flip-chip-1200lm-12w-m-cri90-ip67\/","title":{"rendered":"<p>COB LED-Streifen 24V | 480 LED\/m | 30m | FLIP CHIP | 1200Lm | 12W\/M | CRI90 | IP67<\/p>"},"content":{"rendered":"<h1>COB LED-Streifen 24V | 480 LED\/m | 30m | FLIP CHIP | 1200Lm | 12W\/M | CRI90 | IP67<p>Unser&nbsp;<strong>COB LED Streifen 24 Volt 12W<\/strong>&nbsp;ist selbstklebend f\u00fcr eine einfache Installation. Der LED-Streifen ben\u00f6tigt eine Konstantstrom-Gleichstromversorgung, um ihn zu betreiben.  Die LED-Streifen k\u00f6nnen dimmbar sein (-<strong>Dimmbare Ger\u00e4te<\/strong>-).<\/p><p>Dieser COB-LED-Streifen hat 480 FLIPCHIP-Chips pro Meter, so dass wir ein gleichm\u00e4\u00dfiges Licht \u00fcber den gesamten Streifen erhalten, zus\u00e4tzlich zu einer h\u00f6heren Leistung Lm\/W als bei herk\u00f6mmlichen SMD-LEDs.<\/p><p>Mit seinem&nbsp;<strong>CRI &gt;90<\/strong>&nbsp;sehen die Farben sehr realistisch aus. Das macht diesen LED-Streifen perfekt f\u00fcr die Beleuchtung von R\u00e4umen, in denen wir die Farben perfekt aussehen lassen wollen.<\/p><p>Die LED-Leiste kann an den auf der Leiste angegebenen Stellen (Kupferanschlussbereich) abgeschnitten und zusammengef\u00fcgt werden, wobei die entsprechenden Anweisungen zu beachten sind (achten Sie darauf, dass der L\u00f6tkolben beim L\u00f6ten nur kurz mit der Leiste in Ber\u00fchrung kommt, da eine zu gro\u00dfe Hitze den Leiter besch\u00e4digt).<br>\nEs wird empfohlen, dass jede Art von Installation dieser Art 10 Meter nicht \u00fcberschreitet, um Spannungsabf\u00e4lle im Gleichstrom, der die LED-Streifen speist, zu vermeiden, obwohl Sie auch die M\u00f6glichkeit haben, den Streifen an beiden Enden zu speisen, eine empfehlenswertere Option, wenn Sie 20 durchgehende Meter installieren wollen.  F\u00fcr die Installation von mehr durchgehenden Metern m\u00fcssen Sie Signalverst\u00e4rker f\u00fcr die LED-Leiste installieren.<\/p><p>Um die Lebensdauer des LED-Streifens zu erh\u00f6hen, ist es&nbsp;<strong>empfohlen<\/strong>&nbsp;verwenden Sie die&nbsp;<strong>K\u00fchlk\u00f6rperband<\/strong>&nbsp;doppelseitig, als auch auf der&nbsp;<strong>Aluminiumprofil<\/strong>f\u00fcr das richtige W\u00e4rmemanagement des LED-Streifens selbst.<\/p><p>Auf unserer Website finden Sie Signalverst\u00e4rker, Ableitband, Klebezubeh\u00f6r, 12-24-V-Netzteile sowie Aluminiumprofile.<\/p><p>Die&nbsp;<strong>LED-Streifen<\/strong>&nbsp;sind dank ihrer Flexibilit\u00e4t ideal f\u00fcr die Beleuchtung jeder Art von Ecke oder Element in Ihrem Gesch\u00e4ft oder Haus. Man kann sagen, dass einer ihrer Hauptvorteile die gro\u00dfe Vielseitigkeit ihrer Einsatzm\u00f6glichkeiten ist, da sie in jedem Bereich installiert werden k\u00f6nnen und sich an jede Ecke anpassen und dank ihres anpassungsf\u00e4higen linearen Designs in jeder Position platziert werden k\u00f6nnen.<\/p><p>&nbsp;<\/p><h2 dir=\"ltr\">Verwendung von COB LED-Streifen 24V | 480 LED\/m | 30m | FLIP CHIP | 1200Lm | 12W\/M | CRI90 | IP67<\/h2><ul>\n<li>In Bibliotheken<\/li>\n<li>Bars<\/li>\n<li>Startseite<\/li>\n<li>Restaurants<\/li>\n<li>Abdeckungen<\/li>\n<li>Gesch\u00e4fte<\/li>\n<\/ul><h3 class=\"page-product-heading\">TECHNISCHE DATEN<\/h3><div class=\"col-xs-12 col-md-6\">\n<table class=\"table table-data-sheet 1\">\n<tbody>\n<tr class=\"odd\">\n<td valign=\"middle\" width=\"32\"><\/td>\n<td valign=\"middle\">REFERENZEN :<\/td>\n<td valign=\"middle\">SLSP480D12W30M<\/td>\n<\/tr>\n<tr class=\"even\">\n<td valign=\"middle\" width=\"32\"><\/td>\n<td valign=\"middle\">Nennleistung :<\/td>\n<td valign=\"middle\">12w*30m<\/td>\n<\/tr>\n<tr class=\"odd\">\n<td valign=\"middle\" width=\"32\"><\/td>\n<td valign=\"middle\">Nennspannung:<\/td>\n<td valign=\"middle\">24V DC<\/td>\n<\/tr>\n<tr class=\"even\">\n<td valign=\"middle\" width=\"32\"><\/td>\n<td valign=\"middle\">Lichttemperatur:<\/td>\n<td valign=\"middle\">2700K - 4000K - 5700K<\/td>\n<\/tr>\n<tr class=\"odd\">\n<td valign=\"middle\" width=\"32\"><\/td>\n<td valign=\"middle\">CRI - Farbwiedergabeindex:<\/td>\n<td valign=\"middle\">90<\/td>\n<\/tr>\n<tr class=\"even\">\n<td valign=\"middle\" width=\"32\"><\/td>\n<td valign=\"middle\">Leuchtkraft-Lm:<\/td>\n<td valign=\"middle\">1 Meter: 1200Lm\/W - 30 Meter: 36000Lm<\/td>\n<\/tr>\n<tr class=\"odd\">\n<td valign=\"middle\" width=\"32\"><\/td>\n<td valign=\"middle\">Art der LEDs:<\/td>\n<td valign=\"middle\">COB<\/td>\n<\/tr>\n<tr class=\"even\">\n<td valign=\"middle\" width=\"32\"><\/td>\n<td valign=\"middle\">\u00d6ffnungswinkel (\u00ba):<\/td>\n<td valign=\"middle\">180\u00ba<\/td>\n<\/tr>\n<tr class=\"odd\">\n<td valign=\"middle\" width=\"32\"><\/td>\n<td valign=\"middle\">Effizienz der LED-Diode (Lm\/W):<\/td>\n<td valign=\"middle\">240 Lm\/W<\/td>\n<\/tr>\n<tr class=\"even\">\n<td valign=\"middle\" width=\"32\"><\/td>\n<td valign=\"middle\">Lichtausbeute (Lm\/W):<\/td>\n<td valign=\"middle\">200<\/td>\n<\/tr>\n<tr class=\"odd\">\n<td valign=\"middle\" width=\"32\"><\/td>\n<td valign=\"middle\">Dimmbar:<\/td>\n<td valign=\"middle\">YES<\/td>\n<\/tr>\n<\/tbody>\n<\/table>\n<\/div><div class=\"col-xs-12 col-md-6 2\">\n<table class=\"table table-data-sheet 2\">\n<tbody>\n<tr class=\"odd\">\n<td valign=\"middle\" width=\"32\"><\/td>\n<td valign=\"middle\">Bescheinigungen:<\/td>\n<td valign=\"middle\">CE - ROHS<\/td>\n<\/tr>\n<tr class=\"even\">\n<td valign=\"middle\" width=\"32\"><\/td>\n<td valign=\"middle\">IP-Bewertung:<\/td>\n<td valign=\"middle\">IP67-Au\u00dfenbereich<\/td>\n<\/tr>\n<tr class=\"odd\">\n<td valign=\"middle\" width=\"32\"><\/td>\n<td valign=\"middle\">Gesch\u00e4tzte Lebensdauer der LED-Diode (H):<\/td>\n<td valign=\"middle\">100.000<\/td>\n<\/tr>\n<tr class=\"even\">\n<td valign=\"middle\" width=\"32\"><\/td>\n<td valign=\"middle\">Abmessungen (mm):<\/td>\n<td valign=\"middle\">5m. x 8mm<\/td>\n<\/tr>\n<tr class=\"odd\">\n<td valign=\"middle\" width=\"32\"><\/td>\n<td valign=\"middle\">Temperaturbereich (\u00baC):<\/td>\n<td valign=\"middle\">-20\u00b0C ~ +55\u00b0C<\/td>\n<\/tr>\n<tr class=\"even\">\n<td valign=\"middle\" width=\"32\"><\/td>\n<td valign=\"middle\">Z\u00fcndungszyklen:<\/td>\n<td valign=\"middle\">100.000<\/td>\n<\/tr>\n<tr class=\"odd\">\n<td valign=\"middle\" width=\"32\"><\/td>\n<td valign=\"middle\">Zus\u00e4tzliche Informationen:<\/td>\n<td valign=\"middle\">Schnitt: 50mm<\/td>\n<\/tr>\n<tr class=\"even\">\n<td valign=\"middle\" width=\"32\"><\/td>\n<td valign=\"middle\">Energieklasse (2021-EU-2019\/2015):<\/td>\n<td valign=\"middle\">A+<\/td>\n<\/tr>\n<tr class=\"odd\">\n<td valign=\"middle\" width=\"32\"><\/td>\n<td valign=\"middle\">Energieklasse (2023 - EU-2019\/2015):<\/td>\n<td valign=\"middle\">F<\/td>\n<\/tr>\n<tr class=\"even\">\n<td valign=\"middle\" width=\"32\"><\/td>\n<td valign=\"middle\">Gew\u00e4hrleistungsjahre:<\/td>\n<td valign=\"middle\">3<\/td>\n<\/tr>\n<\/tbody>\n<\/table>\n<p>&nbsp;<\/p>\n<\/div><\/h1>","protected":false},"excerpt":{"rendered":"<p><strong><label>REFERENZ:<\/label>&nbsp;SL<span class=\"editable\">SP480D12W30M-91021-4K<\/span><\/strong><p><strong>30 Meter COB-LED-Streifen Spule<\/strong>&nbsp;von&nbsp;<strong>12W&nbsp;<\/strong>a&nbsp;<strong>24V<\/strong><strong>&nbsp;<\/strong>mit Klebeband f\u00fcr eine einfache Installation. Konzipiert f\u00fcr die Innenmontage. Perfekt f\u00fcr die Beleuchtung aller Arten von R\u00e4umen. Es erfordert eine Stromversorgung und es ist ratsam, es auf einem Aluminiumprofil f\u00fcr eine gute W\u00e4rmeableitung zu installieren.<strong>&nbsp;<\/strong><\/p><p><strong>480 Leds\/Meter hohe Leistung FLIP CHIP.<\/strong><\/p><p>FARBTEMPERATUR: <strong>2700K\/4000K\/5700K<\/strong><\/p><div class=\"col-md-12\"><i class=\"fa fa-truck\"><\/i>&nbsp;<span class=\"text-muted textprop\">Lieferung innerhalb von 24\/48 Stunden<\/span><\/div><div class=\"col-md-12\"><i class=\"fa fa-exchange\"><\/i>&nbsp;<span class=\"text-muted textprop\">Versicherte Garantie<\/span><\/div><div class=\"col-md-12\"><i class=\"fa fa-box\"><\/i>&nbsp;<span class=\"text-muted textprop\">50 Einheit(en) pro Masterbox<\/span><\/div><\/p>","protected":false},"featured_media":10248,"template":"","meta":{"site-sidebar-layout":"default","site-content-layout":"default","ast-global-header-display":"","ast-main-header-display":"","ast-hfb-above-header-display":"","ast-hfb-below-header-display":"","ast-hfb-mobile-header-display":"","site-post-title":"","ast-breadcrumbs-content":"","ast-featured-img":"","footer-sml-layout":"","theme-transparent-header-meta":"default","adv-header-id-meta":"","stick-header-meta":"","header-above-stick-meta":"","header-main-stick-meta":"","header-below-stick-meta":""},"product_cat":[89,45],"product_tag":[],"class_list":["post-10235","product","type-product","status-publish","has-post-thumbnail","hentry","product_cat-tiras-led-24v-dc","product_cat-tiras-led-y-neon-flexible"],"yoast_head":"<!-- This site is optimized with the Yoast SEO plugin v27.4 - https:\/\/yoast.com\/product\/yoast-seo-wordpress\/ -->\n<title>Tira LED COB 24V | 480 LED\/m | 30m | FLIP CHIP | 1200Lm |12W\/M | CRI90 | IP67 - STARLED Iluminacion<\/title>\n<meta name=\"robots\" content=\"index, follow, max-snippet:-1, max-image-preview:large, max-video-preview:-1\" \/>\n<link rel=\"canonical\" href=\"https:\/\/starlediluminacion.com\/de\/product\/tira-led-cob-24v-480-led-m-30m-flip-chip-1200lm-12w-m-cri90-ip67\/\" \/>\n<meta property=\"og:locale\" content=\"de_DE\" \/>\n<meta property=\"og:type\" content=\"article\" \/>\n<meta property=\"og:title\" content=\"Tira LED COB 24V | 480 LED\/m | 30m | FLIP CHIP | 1200Lm |12W\/M | CRI90 | IP67 - STARLED Iluminacion\" \/>\n<meta property=\"og:description\" content=\"REFERENCIA:\u00a0SLSP480D12W30M-91021-4K  Bobina de 30 metros de Tira led COB\u00a0de\u00a012W\u00a0a\u00a024V\u00a0con cinta adhesiva para facilitar su instalaci\u00f3n. Dise\u00f1ada para su colocaci\u00f3n en interior. Perfecta para\u00a0ILUMINAR\u00a0todo tipo de espacios. Requiere de fuente de alimentaci\u00f3n y es conveniente instalarla sobre un perfil de aluminio para conseguir una buena disipaci\u00f3n del calor.\u00a0  480\u00a0Leds\/metro FLIP CHIP de alta potencia.  TEMPERATURA DE COLOR: 2700K\/4000K\/5700K \u00a0Entrega en 24\/48 horas \u00a0Garant\u00eda asegurada \u00a050 unidad(es) por Masterbox\" \/>\n<meta property=\"og:url\" content=\"https:\/\/starlediluminacion.com\/de\/product\/tira-led-cob-24v-480-led-m-30m-flip-chip-1200lm-12w-m-cri90-ip67\/\" \/>\n<meta property=\"og:site_name\" content=\"STARLED Iluminacion\" \/>\n<meta property=\"article:modified_time\" content=\"2023-09-14T09:04:16+00:00\" \/>\n<meta property=\"og:image\" content=\"https:\/\/starlediluminacion.com\/wp-content\/uploads\/2023\/07\/tira-led-cob-24v-480-ledm-30m-flip-chip-1200lm-12wm-cri90-ip20-factorled.jpg\" \/>\n\t<meta property=\"og:image:width\" content=\"1000\" \/>\n\t<meta property=\"og:image:height\" content=\"1000\" \/>\n\t<meta property=\"og:image:type\" content=\"image\/jpeg\" \/>\n<meta name=\"twitter:card\" content=\"summary_large_image\" \/>\n<meta name=\"twitter:label1\" content=\"Gesch\u00e4tzte Lesezeit\" \/>\n\t<meta name=\"twitter:data1\" content=\"3\u00a0Minuten\" \/>\n<script type=\"application\/ld+json\" class=\"yoast-schema-graph\">{\"@context\":\"https:\\\/\\\/schema.org\",\"@graph\":[{\"@type\":\"WebPage\",\"@id\":\"https:\\\/\\\/starlediluminacion.com\\\/producto\\\/tira-led-cob-24v-480-led-m-30m-flip-chip-1200lm-12w-m-cri90-ip67\\\/\",\"url\":\"https:\\\/\\\/starlediluminacion.com\\\/producto\\\/tira-led-cob-24v-480-led-m-30m-flip-chip-1200lm-12w-m-cri90-ip67\\\/\",\"name\":\"Tira LED COB 24V | 480 LED\\\/m | 30m | FLIP CHIP | 1200Lm |12W\\\/M | CRI90 | IP67 - STARLED Iluminacion\",\"isPartOf\":{\"@id\":\"https:\\\/\\\/starlediluminacion.com\\\/#website\"},\"primaryImageOfPage\":{\"@id\":\"https:\\\/\\\/starlediluminacion.com\\\/producto\\\/tira-led-cob-24v-480-led-m-30m-flip-chip-1200lm-12w-m-cri90-ip67\\\/#primaryimage\"},\"image\":{\"@id\":\"https:\\\/\\\/starlediluminacion.com\\\/producto\\\/tira-led-cob-24v-480-led-m-30m-flip-chip-1200lm-12w-m-cri90-ip67\\\/#primaryimage\"},\"thumbnailUrl\":\"https:\\\/\\\/starlediluminacion.com\\\/wp-content\\\/uploads\\\/2023\\\/07\\\/tira-led-cob-24v-480-ledm-30m-flip-chip-1200lm-12wm-cri90-ip20-factorled.jpg\",\"datePublished\":\"2023-07-27T16:31:51+00:00\",\"dateModified\":\"2023-09-14T09:04:16+00:00\",\"breadcrumb\":{\"@id\":\"https:\\\/\\\/starlediluminacion.com\\\/producto\\\/tira-led-cob-24v-480-led-m-30m-flip-chip-1200lm-12w-m-cri90-ip67\\\/#breadcrumb\"},\"inLanguage\":\"de\",\"potentialAction\":[{\"@type\":\"ReadAction\",\"target\":[\"https:\\\/\\\/starlediluminacion.com\\\/producto\\\/tira-led-cob-24v-480-led-m-30m-flip-chip-1200lm-12w-m-cri90-ip67\\\/\"]}]},{\"@type\":\"ImageObject\",\"inLanguage\":\"de\",\"@id\":\"https:\\\/\\\/starlediluminacion.com\\\/producto\\\/tira-led-cob-24v-480-led-m-30m-flip-chip-1200lm-12w-m-cri90-ip67\\\/#primaryimage\",\"url\":\"https:\\\/\\\/starlediluminacion.com\\\/wp-content\\\/uploads\\\/2023\\\/07\\\/tira-led-cob-24v-480-ledm-30m-flip-chip-1200lm-12wm-cri90-ip20-factorled.jpg\",\"contentUrl\":\"https:\\\/\\\/starlediluminacion.com\\\/wp-content\\\/uploads\\\/2023\\\/07\\\/tira-led-cob-24v-480-ledm-30m-flip-chip-1200lm-12wm-cri90-ip20-factorled.jpg\",\"width\":1000,\"height\":1000},{\"@type\":\"BreadcrumbList\",\"@id\":\"https:\\\/\\\/starlediluminacion.com\\\/producto\\\/tira-led-cob-24v-480-led-m-30m-flip-chip-1200lm-12w-m-cri90-ip67\\\/#breadcrumb\",\"itemListElement\":[{\"@type\":\"ListItem\",\"position\":1,\"name\":\"Portada\",\"item\":\"https:\\\/\\\/starlediluminacion.com\\\/\"},{\"@type\":\"ListItem\",\"position\":2,\"name\":\"Shop\",\"item\":\"https:\\\/\\\/starlediluminacion.com\\\/shop-2\\\/\"},{\"@type\":\"ListItem\",\"position\":3,\"name\":\"Tira LED COB 24V | 480 LED\\\/m | 30m | FLIP CHIP | 1200Lm |12W\\\/M | CRI90 | IP67\"}]},{\"@type\":\"WebSite\",\"@id\":\"https:\\\/\\\/starlediluminacion.com\\\/#website\",\"url\":\"https:\\\/\\\/starlediluminacion.com\\\/\",\"name\":\"STARLED Iluminacion\",\"description\":\"\",\"potentialAction\":[{\"@type\":\"SearchAction\",\"target\":{\"@type\":\"EntryPoint\",\"urlTemplate\":\"https:\\\/\\\/starlediluminacion.com\\\/?s={search_term_string}\"},\"query-input\":{\"@type\":\"PropertyValueSpecification\",\"valueRequired\":true,\"valueName\":\"search_term_string\"}}],\"inLanguage\":\"de\"}]}<\/script>\n<!-- \/ Yoast SEO plugin. -->","yoast_head_json":{"title":"Tira LED COB 24V | 480 LED\/m | 30m | FLIP CHIP | 1200Lm |12W\/M | CRI90 | IP67 - STARLED Iluminacion","robots":{"index":"index","follow":"follow","max-snippet":"max-snippet:-1","max-image-preview":"max-image-preview:large","max-video-preview":"max-video-preview:-1"},"canonical":"https:\/\/starlediluminacion.com\/de\/product\/tira-led-cob-24v-480-led-m-30m-flip-chip-1200lm-12w-m-cri90-ip67\/","og_locale":"de_DE","og_type":"article","og_title":"Tira LED COB 24V | 480 LED\/m | 30m | FLIP CHIP | 1200Lm |12W\/M | CRI90 | IP67 - STARLED Iluminacion","og_description":"REFERENCIA:\u00a0SLSP480D12W30M-91021-4K  Bobina de 30 metros de Tira led COB\u00a0de\u00a012W\u00a0a\u00a024V\u00a0con cinta adhesiva para facilitar su instalaci\u00f3n. Dise\u00f1ada para su colocaci\u00f3n en interior. Perfecta para\u00a0ILUMINAR\u00a0todo tipo de espacios. Requiere de fuente de alimentaci\u00f3n y es conveniente instalarla sobre un perfil de aluminio para conseguir una buena disipaci\u00f3n del calor.\u00a0  480\u00a0Leds\/metro FLIP CHIP de alta potencia.  TEMPERATURA DE COLOR: 2700K\/4000K\/5700K \u00a0Entrega en 24\/48 horas \u00a0Garant\u00eda asegurada \u00a050 unidad(es) por Masterbox","og_url":"https:\/\/starlediluminacion.com\/de\/product\/tira-led-cob-24v-480-led-m-30m-flip-chip-1200lm-12w-m-cri90-ip67\/","og_site_name":"STARLED Iluminacion","article_modified_time":"2023-09-14T09:04:16+00:00","og_image":[{"width":1000,"height":1000,"url":"https:\/\/starlediluminacion.com\/wp-content\/uploads\/2023\/07\/tira-led-cob-24v-480-ledm-30m-flip-chip-1200lm-12wm-cri90-ip20-factorled.jpg","type":"image\/jpeg"}],"twitter_card":"summary_large_image","twitter_misc":{"Gesch\u00e4tzte Lesezeit":"3\u00a0Minuten"},"schema":{"@context":"https:\/\/schema.org","@graph":[{"@type":"WebPage","@id":"https:\/\/starlediluminacion.com\/producto\/tira-led-cob-24v-480-led-m-30m-flip-chip-1200lm-12w-m-cri90-ip67\/","url":"https:\/\/starlediluminacion.com\/producto\/tira-led-cob-24v-480-led-m-30m-flip-chip-1200lm-12w-m-cri90-ip67\/","name":"Tira LED COB 24V | 480 LED\/m | 30m | FLIP CHIP | 1200Lm |12W\/M | CRI90 | IP67 - STARLED Iluminacion","isPartOf":{"@id":"https:\/\/starlediluminacion.com\/#website"},"primaryImageOfPage":{"@id":"https:\/\/starlediluminacion.com\/producto\/tira-led-cob-24v-480-led-m-30m-flip-chip-1200lm-12w-m-cri90-ip67\/#primaryimage"},"image":{"@id":"https:\/\/starlediluminacion.com\/producto\/tira-led-cob-24v-480-led-m-30m-flip-chip-1200lm-12w-m-cri90-ip67\/#primaryimage"},"thumbnailUrl":"https:\/\/starlediluminacion.com\/wp-content\/uploads\/2023\/07\/tira-led-cob-24v-480-ledm-30m-flip-chip-1200lm-12wm-cri90-ip20-factorled.jpg","datePublished":"2023-07-27T16:31:51+00:00","dateModified":"2023-09-14T09:04:16+00:00","breadcrumb":{"@id":"https:\/\/starlediluminacion.com\/producto\/tira-led-cob-24v-480-led-m-30m-flip-chip-1200lm-12w-m-cri90-ip67\/#breadcrumb"},"inLanguage":"de","potentialAction":[{"@type":"ReadAction","target":["https:\/\/starlediluminacion.com\/producto\/tira-led-cob-24v-480-led-m-30m-flip-chip-1200lm-12w-m-cri90-ip67\/"]}]},{"@type":"ImageObject","inLanguage":"de","@id":"https:\/\/starlediluminacion.com\/producto\/tira-led-cob-24v-480-led-m-30m-flip-chip-1200lm-12w-m-cri90-ip67\/#primaryimage","url":"https:\/\/starlediluminacion.com\/wp-content\/uploads\/2023\/07\/tira-led-cob-24v-480-ledm-30m-flip-chip-1200lm-12wm-cri90-ip20-factorled.jpg","contentUrl":"https:\/\/starlediluminacion.com\/wp-content\/uploads\/2023\/07\/tira-led-cob-24v-480-ledm-30m-flip-chip-1200lm-12wm-cri90-ip20-factorled.jpg","width":1000,"height":1000},{"@type":"BreadcrumbList","@id":"https:\/\/starlediluminacion.com\/producto\/tira-led-cob-24v-480-led-m-30m-flip-chip-1200lm-12w-m-cri90-ip67\/#breadcrumb","itemListElement":[{"@type":"ListItem","position":1,"name":"Portada","item":"https:\/\/starlediluminacion.com\/"},{"@type":"ListItem","position":2,"name":"Shop","item":"https:\/\/starlediluminacion.com\/shop-2\/"},{"@type":"ListItem","position":3,"name":"Tira LED COB 24V | 480 LED\/m | 30m | FLIP CHIP | 1200Lm |12W\/M | CRI90 | IP67"}]},{"@type":"WebSite","@id":"https:\/\/starlediluminacion.com\/#website","url":"https:\/\/starlediluminacion.com\/","name":"STARLED Iluminacion","description":"","potentialAction":[{"@type":"SearchAction","target":{"@type":"EntryPoint","urlTemplate":"https:\/\/starlediluminacion.com\/?s={search_term_string}"},"query-input":{"@type":"PropertyValueSpecification","valueRequired":true,"valueName":"search_term_string"}}],"inLanguage":"de"}]}},"_links":{"self":[{"href":"https:\/\/starlediluminacion.com\/de\/wp-json\/wp\/v3\/product\/10235","targetHints":{"allow":["GET"]}}],"collection":[{"href":"https:\/\/starlediluminacion.com\/de\/wp-json\/wp\/v3\/product"}],"about":[{"href":"https:\/\/starlediluminacion.com\/de\/wp-json\/wp\/v2\/types\/product"}],"wp:featuredmedia":[{"embeddable":true,"href":"https:\/\/starlediluminacion.com\/de\/wp-json\/wp\/v2\/media\/10248"}],"wp:attachment":[{"href":"https:\/\/starlediluminacion.com\/de\/wp-json\/wp\/v2\/media?parent=10235"}],"wp:term":[{"taxonomy":"product_cat","embeddable":true,"href":"https:\/\/starlediluminacion.com\/de\/wp-json\/wp\/v2\/product_cat?post=10235"},{"taxonomy":"product_tag","embeddable":true,"href":"https:\/\/starlediluminacion.com\/de\/wp-json\/wp\/v2\/product_tag?post=10235"}],"curies":[{"name":"wp","href":"https:\/\/api.w.org\/{rel}","templated":true}]}}