{"id":10222,"date":"2023-07-27T16:24:22","date_gmt":"2023-07-27T16:24:22","guid":{"rendered":"https:\/\/starlediluminacion.com\/?post_type=product&#038;p=10222"},"modified":"2023-12-01T10:55:02","modified_gmt":"2023-12-01T10:55:02","slug":"tira-led-220v-flicker-free-corte-a-medida-120-led-m50m-smd2835-1800lm-w14w-mip67-corte-cada-10cm","status":"publish","type":"product","link":"https:\/\/starlediluminacion.com\/de\/product\/tira-led-220v-flicker-free-corte-a-medida-120-led-m50m-smd2835-1800lm-w14w-mip67-corte-cada-10cm\/","title":{"rendered":"<p>LED-Streifen 220V | FLICKER FREE | CUT TO SIZE |120 LED\/m|50m| SMD2835 |1800Lm\/W|14W\/M|IP67 | Schneiden alle 10cm<\/p>"},"content":{"rendered":"<h1>LED Strip 220V | CUT TO SIZE | 120 LED\/m | 50m | SMD2835 | 1800Lm\/W | 14W\/M | CRI80 | IP67 | Alle 10cm schneiden | Alle 10cm schneiden<p>Unser&nbsp;<strong>SMD2835 LED-Streifen&nbsp;&nbsp;<\/strong>direkt an&nbsp;<strong>220V&nbsp;<\/strong>mit Klebeband f\u00fcr eine einfache Installation KEIN Stromversorgungs- oder Stromgleichrichterkabel erforderlich.<strong>. DIREKT AUF 220V.<\/strong><\/p><p>Dieser LED-Streifen hat 120 FLIPCHIP-Chips pro Meter, so erhalten wir ein gleichm\u00e4\u00dfiges Licht in der gesamten Streifen, zus\u00e4tzlich zu einer h\u00f6heren Leistung Lm \/ W als herk\u00f6mmliche SMD-LEDs.<\/p><p>Mit seinem&nbsp;<strong>CRI &gt;80<\/strong>&nbsp;sehen die Farben sehr realistisch aus. Das macht diesen LED-Streifen perfekt f\u00fcr die Beleuchtung von R\u00e4umen, in denen wir die Farben perfekt aussehen lassen wollen.<\/p><p>Zur Erleichterung des Betriebs kann dieses Band abgeschnitten und an den auf dem Band angegebenen Stellen (Kupferanschlussbereich) zusammengef\u00fcgt werden, wobei die entsprechenden Anweisungen zu beachten sind (achten Sie darauf, dass der L\u00f6tkolben beim L\u00f6ten nur kurz mit dem Band in Ber\u00fchrung kommt, da eine zu gro\u00dfe Hitze den Leiter besch\u00e4digt).<\/p><p><strong>Diese LED-Spule ist NICHT tauchf\u00e4hig, der Anschluss ist an einem Ende direkt an den Strom mit einem Maximum von 50m pro Anschluss.<\/strong><\/p><p>Um die Lebensdauer des LED-Streifens zu erh\u00f6hen, ist es&nbsp;<strong>empfohlen<\/strong>&nbsp;verwenden Sie die&nbsp;<strong>K\u00fchlk\u00f6rperband<\/strong>&nbsp;doppelseitig, als auch auf der&nbsp;<strong>Aluminiumprofil<\/strong>f\u00fcr ein korrektes W\u00e4rmemanagement des LED-Streifens selbst. Dank seines Schutzes kann er sowohl im Freien als auch in Innenr\u00e4umen platziert werden.&nbsp;<strong>IP67<\/strong>.<\/p><p>Die&nbsp;<strong>LED-Streifen<\/strong>&nbsp;sind dank ihrer Flexibilit\u00e4t ideal f\u00fcr die Beleuchtung jeder Art von Ecke oder Element in Ihrem Gesch\u00e4ft oder Haus. Man kann sagen, dass einer ihrer Hauptvorteile die gro\u00dfe Vielseitigkeit ihrer Einsatzm\u00f6glichkeiten ist, da sie in jedem Bereich installiert werden k\u00f6nnen und sich an jede Ecke anpassen und dank ihres anpassungsf\u00e4higen linearen Designs in jeder Position platziert werden k\u00f6nnen.<\/p><p>&nbsp;<\/p><h2 dir=\"ltr\">Verwendung von LED-Streifen 220V | CUT TO SIZE | 120 LED\/m | 50m | SMD2835 | 1800Lm\/W | 14W\/M | CRI80 | IP67 | Schnitt alle 10cm | Schnitt alle 10cm<\/h2><ul>\n<li>In Bibliotheken<\/li>\n<li>Bars<\/li>\n<li>Startseite<\/li>\n<li>Restaurants<\/li>\n<li>Abdeckungen<\/li>\n<li>Gesch\u00e4fte<\/li>\n<\/ul><h3 class=\"page-product-heading\">TECHNISCHE DATEN<\/h3><div class=\"col-xs-12 col-md-6\">\n<table class=\"table table-data-sheet 1\">\n<tbody>\n<tr class=\"odd\">\n<td valign=\"middle\" width=\"32\"><\/td>\n<td valign=\"middle\">REFERENZEN :<\/td>\n<td valign=\"middle\">SLSP120D14W50M<\/td>\n<\/tr>\n<tr class=\"even\">\n<td valign=\"middle\" width=\"32\"><\/td>\n<td valign=\"middle\">Nennleistung :<\/td>\n<td valign=\"middle\">14W<\/td>\n<\/tr>\n<tr class=\"odd\">\n<td valign=\"middle\" width=\"32\"><\/td>\n<td valign=\"middle\">Nennspannung:<\/td>\n<td valign=\"middle\">220-240V<\/td>\n<\/tr>\n<tr class=\"even\">\n<td valign=\"middle\" width=\"32\"><\/td>\n<td valign=\"middle\">Lichttemperatur:<\/td>\n<td valign=\"middle\">2700K - 4000K - 5700K<\/td>\n<\/tr>\n<tr class=\"odd\">\n<td valign=\"middle\" width=\"32\"><\/td>\n<td valign=\"middle\">CRI - Farbwiedergabeindex:<\/td>\n<td valign=\"middle\">80<\/td>\n<\/tr>\n<tr class=\"even\">\n<td valign=\"middle\" width=\"32\"><\/td>\n<td valign=\"middle\">Leuchtkraft-Lm:<\/td>\n<td valign=\"middle\">1 Meter: 1800Lm\/W<\/td>\n<\/tr>\n<tr class=\"odd\">\n<td valign=\"middle\" width=\"32\"><\/td>\n<td valign=\"middle\">Art der LEDs:<\/td>\n<td valign=\"middle\">SMD2835 LEUCHTSTOFFR\u00d6HREN<\/td>\n<\/tr>\n<tr class=\"even\">\n<td valign=\"middle\" width=\"32\"><\/td>\n<td valign=\"middle\">\u00d6ffnungswinkel (\u00ba):<\/td>\n<td valign=\"middle\">180\u00ba<\/td>\n<\/tr>\n<tr class=\"odd\">\n<td valign=\"middle\" width=\"32\"><\/td>\n<td valign=\"middle\">Effizienz der LED-Diode (Lm\/W):<\/td>\n<td valign=\"middle\">130 Lm\/w<\/td>\n<\/tr>\n<tr class=\"even\">\n<td valign=\"middle\" width=\"32\"><\/td>\n<td valign=\"middle\">Bescheinigungen:<\/td>\n<td valign=\"middle\">CE - ROHS<\/td>\n<\/tr>\n<\/tbody>\n<\/table>\n<\/div><div class=\"col-xs-12 col-md-6 2\">\n<table class=\"table table-data-sheet 2\">\n<tbody>\n<tr class=\"odd\">\n<td valign=\"middle\" width=\"32\"><\/td>\n<td valign=\"middle\">IP-Bewertung:<\/td>\n<td valign=\"middle\">IP67-Au\u00dfenbereich<\/td>\n<\/tr>\n<tr class=\"even\">\n<td valign=\"middle\" width=\"32\"><\/td>\n<td valign=\"middle\">Gesch\u00e4tzte Lebensdauer der LED-Diode (H):<\/td>\n<td valign=\"middle\">35.000<\/td>\n<\/tr>\n<tr class=\"odd\">\n<td valign=\"middle\" width=\"32\"><\/td>\n<td valign=\"middle\">Abmessungen (mm):<\/td>\n<td valign=\"middle\">50000m * H4.39mm * 12mm<\/td>\n<\/tr>\n<tr class=\"even\">\n<td valign=\"middle\" width=\"32\"><\/td>\n<td valign=\"middle\">Leistungsfaktor (PF):<\/td>\n<td valign=\"middle\">0,91<\/td>\n<\/tr>\n<tr class=\"odd\">\n<td valign=\"middle\" width=\"32\"><\/td>\n<td valign=\"middle\">Temperaturbereich (\u00baC):<\/td>\n<td valign=\"middle\">-20\u00b0C ~ +55\u00b0C<\/td>\n<\/tr>\n<tr class=\"even\">\n<td valign=\"middle\" width=\"32\"><\/td>\n<td valign=\"middle\">Z\u00fcndungszyklen:<\/td>\n<td valign=\"middle\">100.000<\/td>\n<\/tr>\n<tr class=\"odd\">\n<td valign=\"middle\" width=\"32\"><\/td>\n<td valign=\"middle\">Zus\u00e4tzliche Informationen:<\/td>\n<td valign=\"middle\">Schnitt: 10cm NO FLick<\/td>\n<\/tr>\n<tr class=\"even\">\n<td valign=\"middle\" width=\"32\"><\/td>\n<td valign=\"middle\">Energieklasse (2021-EU-2019\/2015):<\/td>\n<td valign=\"middle\">A+<\/td>\n<\/tr>\n<tr class=\"odd\">\n<td valign=\"middle\" width=\"32\"><\/td>\n<td valign=\"middle\">Gew\u00e4hrleistungsjahre:<\/td>\n<td valign=\"middle\">3<\/td>\n<\/tr>\n<\/tbody>\n<\/table>\n<p>&nbsp;<\/p>\n<\/div><\/h1>","protected":false},"excerpt":{"rendered":"<p><strong>REFERENCIA: SLSP120D14W50M-91649-4K-UND<\/strong><p><strong>FLAWLESS LED-Streifen -NO FLICK- SMD2835&nbsp;<\/strong>von&nbsp;<strong>14W&nbsp;<\/strong>a&nbsp;<strong>220V&nbsp;<\/strong>y&nbsp;<strong>50 Meter<\/strong>&nbsp;mit Klebeband f\u00fcr eine einfache Installation. Konzipiert f\u00fcr die Inneninstallation. Perfekt f\u00fcr LIGHTING alle R\u00e4ume, mit seinem Schutz.&nbsp;<strong>IP67<\/strong>&nbsp;kann sowohl in Innenr\u00e4umen als auch im Freien betrieben werden.<\/p><p>DIRECT 220V: KEIN Netzteil oder Br\u00fcckengleichrichter erforderlich.<strong>&nbsp;120 Leds\/m SMD2835 hohe Leistung.<\/strong><\/p><p><strong>SCHNITT ALLE 1 METER | VOLLE ROLLE = 50M | PREIS PRO METER<\/strong><\/p><p><strong>1 EINHEIT = 1 METER LED-STREIFEN (W\u00c4HLEN SIE DIE METER, DIE SIE BEN\u00d6TIGEN) MAXIMAL 50 METER<\/strong><\/p><p>FARBTEMPERATUR: <strong>2700\/4000K\/5700K<\/strong><\/p><div class=\"col-md-12\"><i class=\"fa fa-truck\"><\/i>&nbsp;<span class=\"text-muted textprop\">Lieferung innerhalb von 24\/48 Stunden<\/span><\/div><div class=\"col-md-12\"><i class=\"fa fa-exchange\"><\/i>&nbsp;<span class=\"text-muted textprop\">Versicherte Garantie<\/span><\/div><div class=\"col-md-12\"><i class=\"fa fa-box\"><\/i>&nbsp;<span class=\"text-muted textprop\">1 Einheit(en) pro Masterbox<\/span><\/div><\/p>","protected":false},"featured_media":10233,"template":"","meta":{"site-sidebar-layout":"default","site-content-layout":"default","ast-global-header-display":"","ast-main-header-display":"","ast-hfb-above-header-display":"","ast-hfb-below-header-display":"","ast-hfb-mobile-header-display":"","site-post-title":"","ast-breadcrumbs-content":"","ast-featured-img":"","footer-sml-layout":"","theme-transparent-header-meta":"default","adv-header-id-meta":"","stick-header-meta":"","header-above-stick-meta":"","header-main-stick-meta":"","header-below-stick-meta":""},"product_cat":[90,45],"product_tag":[],"class_list":["post-10222","product","type-product","status-publish","has-post-thumbnail","hentry","product_cat-tiras-led-220v-240v-ac","product_cat-tiras-led-y-neon-flexible"],"yoast_head":"<!-- This site is optimized with the Yoast SEO plugin v27.4 - https:\/\/yoast.com\/product\/yoast-seo-wordpress\/ -->\n<title>Tira LED 220V | FLICKER FREE | CORTE A MEDIDA |120 LED\/m|50m| SMD2835 |1800Lm\/W|14W\/M|IP67 | Corte cada 10cm - STARLED Iluminacion<\/title>\n<meta name=\"robots\" content=\"index, follow, max-snippet:-1, max-image-preview:large, max-video-preview:-1\" \/>\n<link rel=\"canonical\" href=\"https:\/\/starlediluminacion.com\/de\/product\/tira-led-220v-flicker-free-corte-a-medida-120-led-m50m-smd2835-1800lm-w14w-mip67-corte-cada-10cm\/\" \/>\n<meta property=\"og:locale\" content=\"de_DE\" \/>\n<meta property=\"og:type\" content=\"article\" \/>\n<meta property=\"og:title\" content=\"Tira LED 220V | FLICKER FREE | CORTE A MEDIDA |120 LED\/m|50m| SMD2835 |1800Lm\/W|14W\/M|IP67 | Corte cada 10cm - STARLED Iluminacion\" \/>\n<meta property=\"og:description\" content=\"REFERENCIA: SLSP120D14W50M-91649-4K-UND  Tira led SIN PARPADEOS -NO FLICK- SMD2835\u00a0de\u00a014W\u00a0a\u00a0220V\u00a0y\u00a050\u00a0metros\u00a0con cinta adhesiva para facilitar su instalaci\u00f3n. Dise\u00f1ada para su colocaci\u00f3n en interior. Perfecta para\u00a0ILUMINAR\u00a0todos los espacios, con su protecci\u00f3n\u00a0IP67\u00a0puede\u00a0funcionar\u00a0tanto en interior como exterior.  DIRECTA 220V: NO requiere de fuente de alimentaci\u00f3n, ni puente rectificador.\u00a0120 Leds\/m SMD2835 de alta potencia.  CORTE CADA 1 METRO | BOBINA COMPLETA = 50M |\u00a0PRECIO POR\u00a0METRO  1 UNIDAD = 1 METRO DE TIRA LED (SELECCIONA LOS METROS QUE NECESITES) MAXIMO 50 METROS  TEMPERATURA DE COLOR: 2700\/4000K\/5700K \u00a0Entrega en 24\/48 horas \u00a0Garant\u00eda asegurada \u00a01 unidad(es) por Masterbox\" \/>\n<meta property=\"og:url\" content=\"https:\/\/starlediluminacion.com\/de\/product\/tira-led-220v-flicker-free-corte-a-medida-120-led-m50m-smd2835-1800lm-w14w-mip67-corte-cada-10cm\/\" \/>\n<meta property=\"og:site_name\" content=\"STARLED Iluminacion\" \/>\n<meta property=\"article:modified_time\" content=\"2023-12-01T10:55:02+00:00\" \/>\n<meta property=\"og:image\" content=\"https:\/\/starlediluminacion.com\/wp-content\/uploads\/2023\/07\/tira-led-220v-flicker-free-corte-a-medida-120-ledm50m-smd2835-1800lmw14wmip67-corte-cada-10cm-factorled.jpg\" \/>\n\t<meta property=\"og:image:width\" content=\"1000\" \/>\n\t<meta property=\"og:image:height\" content=\"1000\" \/>\n\t<meta property=\"og:image:type\" content=\"image\/jpeg\" \/>\n<meta name=\"twitter:card\" content=\"summary_large_image\" \/>\n<meta name=\"twitter:label1\" content=\"Gesch\u00e4tzte Lesezeit\" \/>\n\t<meta name=\"twitter:data1\" content=\"2\u00a0Minuten\" \/>\n<script type=\"application\/ld+json\" class=\"yoast-schema-graph\">{\"@context\":\"https:\\\/\\\/schema.org\",\"@graph\":[{\"@type\":\"WebPage\",\"@id\":\"https:\\\/\\\/starlediluminacion.com\\\/producto\\\/tira-led-220v-flicker-free-corte-a-medida-120-led-m50m-smd2835-1800lm-w14w-mip67-corte-cada-10cm\\\/\",\"url\":\"https:\\\/\\\/starlediluminacion.com\\\/producto\\\/tira-led-220v-flicker-free-corte-a-medida-120-led-m50m-smd2835-1800lm-w14w-mip67-corte-cada-10cm\\\/\",\"name\":\"Tira LED 220V | FLICKER FREE | CORTE A MEDIDA |120 LED\\\/m|50m| SMD2835 |1800Lm\\\/W|14W\\\/M|IP67 | Corte cada 10cm - STARLED Iluminacion\",\"isPartOf\":{\"@id\":\"https:\\\/\\\/starlediluminacion.com\\\/#website\"},\"primaryImageOfPage\":{\"@id\":\"https:\\\/\\\/starlediluminacion.com\\\/producto\\\/tira-led-220v-flicker-free-corte-a-medida-120-led-m50m-smd2835-1800lm-w14w-mip67-corte-cada-10cm\\\/#primaryimage\"},\"image\":{\"@id\":\"https:\\\/\\\/starlediluminacion.com\\\/producto\\\/tira-led-220v-flicker-free-corte-a-medida-120-led-m50m-smd2835-1800lm-w14w-mip67-corte-cada-10cm\\\/#primaryimage\"},\"thumbnailUrl\":\"https:\\\/\\\/starlediluminacion.com\\\/wp-content\\\/uploads\\\/2023\\\/07\\\/tira-led-220v-flicker-free-corte-a-medida-120-ledm50m-smd2835-1800lmw14wmip67-corte-cada-10cm-factorled.jpg\",\"datePublished\":\"2023-07-27T16:24:22+00:00\",\"dateModified\":\"2023-12-01T10:55:02+00:00\",\"breadcrumb\":{\"@id\":\"https:\\\/\\\/starlediluminacion.com\\\/producto\\\/tira-led-220v-flicker-free-corte-a-medida-120-led-m50m-smd2835-1800lm-w14w-mip67-corte-cada-10cm\\\/#breadcrumb\"},\"inLanguage\":\"de\",\"potentialAction\":[{\"@type\":\"ReadAction\",\"target\":[\"https:\\\/\\\/starlediluminacion.com\\\/producto\\\/tira-led-220v-flicker-free-corte-a-medida-120-led-m50m-smd2835-1800lm-w14w-mip67-corte-cada-10cm\\\/\"]}]},{\"@type\":\"ImageObject\",\"inLanguage\":\"de\",\"@id\":\"https:\\\/\\\/starlediluminacion.com\\\/producto\\\/tira-led-220v-flicker-free-corte-a-medida-120-led-m50m-smd2835-1800lm-w14w-mip67-corte-cada-10cm\\\/#primaryimage\",\"url\":\"https:\\\/\\\/starlediluminacion.com\\\/wp-content\\\/uploads\\\/2023\\\/07\\\/tira-led-220v-flicker-free-corte-a-medida-120-ledm50m-smd2835-1800lmw14wmip67-corte-cada-10cm-factorled.jpg\",\"contentUrl\":\"https:\\\/\\\/starlediluminacion.com\\\/wp-content\\\/uploads\\\/2023\\\/07\\\/tira-led-220v-flicker-free-corte-a-medida-120-ledm50m-smd2835-1800lmw14wmip67-corte-cada-10cm-factorled.jpg\",\"width\":1000,\"height\":1000},{\"@type\":\"BreadcrumbList\",\"@id\":\"https:\\\/\\\/starlediluminacion.com\\\/producto\\\/tira-led-220v-flicker-free-corte-a-medida-120-led-m50m-smd2835-1800lm-w14w-mip67-corte-cada-10cm\\\/#breadcrumb\",\"itemListElement\":[{\"@type\":\"ListItem\",\"position\":1,\"name\":\"Portada\",\"item\":\"https:\\\/\\\/starlediluminacion.com\\\/\"},{\"@type\":\"ListItem\",\"position\":2,\"name\":\"Shop\",\"item\":\"https:\\\/\\\/starlediluminacion.com\\\/shop-2\\\/\"},{\"@type\":\"ListItem\",\"position\":3,\"name\":\"Tira LED 220V | FLICKER FREE | CORTE A MEDIDA |120 LED\\\/m|50m| SMD2835 |1800Lm\\\/W|14W\\\/M|IP67 | Corte cada 10cm\"}]},{\"@type\":\"WebSite\",\"@id\":\"https:\\\/\\\/starlediluminacion.com\\\/#website\",\"url\":\"https:\\\/\\\/starlediluminacion.com\\\/\",\"name\":\"STARLED Iluminacion\",\"description\":\"\",\"potentialAction\":[{\"@type\":\"SearchAction\",\"target\":{\"@type\":\"EntryPoint\",\"urlTemplate\":\"https:\\\/\\\/starlediluminacion.com\\\/?s={search_term_string}\"},\"query-input\":{\"@type\":\"PropertyValueSpecification\",\"valueRequired\":true,\"valueName\":\"search_term_string\"}}],\"inLanguage\":\"de\"}]}<\/script>\n<!-- \/ Yoast SEO plugin. -->","yoast_head_json":{"title":"Tira LED 220V | FLICKER FREE | CORTE A MEDIDA |120 LED\/m|50m| SMD2835 |1800Lm\/W|14W\/M|IP67 | Corte cada 10cm - STARLED Iluminacion","robots":{"index":"index","follow":"follow","max-snippet":"max-snippet:-1","max-image-preview":"max-image-preview:large","max-video-preview":"max-video-preview:-1"},"canonical":"https:\/\/starlediluminacion.com\/de\/product\/tira-led-220v-flicker-free-corte-a-medida-120-led-m50m-smd2835-1800lm-w14w-mip67-corte-cada-10cm\/","og_locale":"de_DE","og_type":"article","og_title":"Tira LED 220V | FLICKER FREE | CORTE A MEDIDA |120 LED\/m|50m| SMD2835 |1800Lm\/W|14W\/M|IP67 | Corte cada 10cm - STARLED Iluminacion","og_description":"REFERENCIA: SLSP120D14W50M-91649-4K-UND  Tira led SIN PARPADEOS -NO FLICK- SMD2835\u00a0de\u00a014W\u00a0a\u00a0220V\u00a0y\u00a050\u00a0metros\u00a0con cinta adhesiva para facilitar su instalaci\u00f3n. Dise\u00f1ada para su colocaci\u00f3n en interior. Perfecta para\u00a0ILUMINAR\u00a0todos los espacios, con su protecci\u00f3n\u00a0IP67\u00a0puede\u00a0funcionar\u00a0tanto en interior como exterior.  DIRECTA 220V: NO requiere de fuente de alimentaci\u00f3n, ni puente rectificador.\u00a0120 Leds\/m SMD2835 de alta potencia.  CORTE CADA 1 METRO | BOBINA COMPLETA = 50M |\u00a0PRECIO POR\u00a0METRO  1 UNIDAD = 1 METRO DE TIRA LED (SELECCIONA LOS METROS QUE NECESITES) MAXIMO 50 METROS  TEMPERATURA DE COLOR: 2700\/4000K\/5700K \u00a0Entrega en 24\/48 horas \u00a0Garant\u00eda asegurada \u00a01 unidad(es) por Masterbox","og_url":"https:\/\/starlediluminacion.com\/de\/product\/tira-led-220v-flicker-free-corte-a-medida-120-led-m50m-smd2835-1800lm-w14w-mip67-corte-cada-10cm\/","og_site_name":"STARLED Iluminacion","article_modified_time":"2023-12-01T10:55:02+00:00","og_image":[{"width":1000,"height":1000,"url":"https:\/\/starlediluminacion.com\/wp-content\/uploads\/2023\/07\/tira-led-220v-flicker-free-corte-a-medida-120-ledm50m-smd2835-1800lmw14wmip67-corte-cada-10cm-factorled.jpg","type":"image\/jpeg"}],"twitter_card":"summary_large_image","twitter_misc":{"Gesch\u00e4tzte Lesezeit":"2\u00a0Minuten"},"schema":{"@context":"https:\/\/schema.org","@graph":[{"@type":"WebPage","@id":"https:\/\/starlediluminacion.com\/producto\/tira-led-220v-flicker-free-corte-a-medida-120-led-m50m-smd2835-1800lm-w14w-mip67-corte-cada-10cm\/","url":"https:\/\/starlediluminacion.com\/producto\/tira-led-220v-flicker-free-corte-a-medida-120-led-m50m-smd2835-1800lm-w14w-mip67-corte-cada-10cm\/","name":"Tira LED 220V | FLICKER FREE | CORTE A MEDIDA |120 LED\/m|50m| SMD2835 |1800Lm\/W|14W\/M|IP67 | Corte cada 10cm - STARLED Iluminacion","isPartOf":{"@id":"https:\/\/starlediluminacion.com\/#website"},"primaryImageOfPage":{"@id":"https:\/\/starlediluminacion.com\/producto\/tira-led-220v-flicker-free-corte-a-medida-120-led-m50m-smd2835-1800lm-w14w-mip67-corte-cada-10cm\/#primaryimage"},"image":{"@id":"https:\/\/starlediluminacion.com\/producto\/tira-led-220v-flicker-free-corte-a-medida-120-led-m50m-smd2835-1800lm-w14w-mip67-corte-cada-10cm\/#primaryimage"},"thumbnailUrl":"https:\/\/starlediluminacion.com\/wp-content\/uploads\/2023\/07\/tira-led-220v-flicker-free-corte-a-medida-120-ledm50m-smd2835-1800lmw14wmip67-corte-cada-10cm-factorled.jpg","datePublished":"2023-07-27T16:24:22+00:00","dateModified":"2023-12-01T10:55:02+00:00","breadcrumb":{"@id":"https:\/\/starlediluminacion.com\/producto\/tira-led-220v-flicker-free-corte-a-medida-120-led-m50m-smd2835-1800lm-w14w-mip67-corte-cada-10cm\/#breadcrumb"},"inLanguage":"de","potentialAction":[{"@type":"ReadAction","target":["https:\/\/starlediluminacion.com\/producto\/tira-led-220v-flicker-free-corte-a-medida-120-led-m50m-smd2835-1800lm-w14w-mip67-corte-cada-10cm\/"]}]},{"@type":"ImageObject","inLanguage":"de","@id":"https:\/\/starlediluminacion.com\/producto\/tira-led-220v-flicker-free-corte-a-medida-120-led-m50m-smd2835-1800lm-w14w-mip67-corte-cada-10cm\/#primaryimage","url":"https:\/\/starlediluminacion.com\/wp-content\/uploads\/2023\/07\/tira-led-220v-flicker-free-corte-a-medida-120-ledm50m-smd2835-1800lmw14wmip67-corte-cada-10cm-factorled.jpg","contentUrl":"https:\/\/starlediluminacion.com\/wp-content\/uploads\/2023\/07\/tira-led-220v-flicker-free-corte-a-medida-120-ledm50m-smd2835-1800lmw14wmip67-corte-cada-10cm-factorled.jpg","width":1000,"height":1000},{"@type":"BreadcrumbList","@id":"https:\/\/starlediluminacion.com\/producto\/tira-led-220v-flicker-free-corte-a-medida-120-led-m50m-smd2835-1800lm-w14w-mip67-corte-cada-10cm\/#breadcrumb","itemListElement":[{"@type":"ListItem","position":1,"name":"Portada","item":"https:\/\/starlediluminacion.com\/"},{"@type":"ListItem","position":2,"name":"Shop","item":"https:\/\/starlediluminacion.com\/shop-2\/"},{"@type":"ListItem","position":3,"name":"Tira LED 220V | FLICKER FREE | CORTE A MEDIDA |120 LED\/m|50m| SMD2835 |1800Lm\/W|14W\/M|IP67 | Corte cada 10cm"}]},{"@type":"WebSite","@id":"https:\/\/starlediluminacion.com\/#website","url":"https:\/\/starlediluminacion.com\/","name":"STARLED Iluminacion","description":"","potentialAction":[{"@type":"SearchAction","target":{"@type":"EntryPoint","urlTemplate":"https:\/\/starlediluminacion.com\/?s={search_term_string}"},"query-input":{"@type":"PropertyValueSpecification","valueRequired":true,"valueName":"search_term_string"}}],"inLanguage":"de"}]}},"_links":{"self":[{"href":"https:\/\/starlediluminacion.com\/de\/wp-json\/wp\/v3\/product\/10222","targetHints":{"allow":["GET"]}}],"collection":[{"href":"https:\/\/starlediluminacion.com\/de\/wp-json\/wp\/v3\/product"}],"about":[{"href":"https:\/\/starlediluminacion.com\/de\/wp-json\/wp\/v2\/types\/product"}],"wp:featuredmedia":[{"embeddable":true,"href":"https:\/\/starlediluminacion.com\/de\/wp-json\/wp\/v2\/media\/10233"}],"wp:attachment":[{"href":"https:\/\/starlediluminacion.com\/de\/wp-json\/wp\/v2\/media?parent=10222"}],"wp:term":[{"taxonomy":"product_cat","embeddable":true,"href":"https:\/\/starlediluminacion.com\/de\/wp-json\/wp\/v2\/product_cat?post=10222"},{"taxonomy":"product_tag","embeddable":true,"href":"https:\/\/starlediluminacion.com\/de\/wp-json\/wp\/v2\/product_tag?post=10222"}],"curies":[{"name":"wp","href":"https:\/\/api.w.org\/{rel}","templated":true}]}}