{"id":10101,"date":"2023-07-27T15:30:11","date_gmt":"2023-07-27T15:30:11","guid":{"rendered":"https:\/\/starlediluminacion.com\/?post_type=product&#038;p=10101"},"modified":"2023-12-01T10:39:01","modified_gmt":"2023-12-01T10:39:01","slug":"downlight-led-6w-rgbcct-control-remoto-chip-lumileds","status":"publish","type":"product","link":"https:\/\/starlediluminacion.com\/de\/product\/downlight-led-6w-rgbcct-steuerung-remote-chip-lumileds\/","title":{"rendered":"<p>LED-Downlight 6W RGB+CCT - Fernsteuerung - Lumileds Chip<\/p>"},"content":{"rendered":"<h1>LED-Downlight 6W RGB+CCT - Fernsteuerung - Lumileds Chip<p>A&nbsp;<strong>Einbaustrahler 6W RGB+CCT<\/strong>&nbsp;mit&nbsp;<strong>Fernsteuerung<\/strong>&nbsp;und Lumileds-Chips ist eine moderne und vielseitige Beleuchtungsl\u00f6sung, die modernste Technologie mit einem stilvollen und funktionalen Design verbindet. Diese Art von Downlight ist ausgestattet mit&nbsp;<strong>Lumileds-Chips<\/strong>&nbsp;Dies gew\u00e4hrleistet eine leistungsstarke, effiziente und lang anhaltende Beleuchtung.<\/p><p>Die Funktion \"RGB+CCT\" bezieht sich auf die F\u00e4higkeit dieses Downlights, eine breite Palette von Farben und Lichtschattierungen zu erzeugen. Mit diesem System k\u00f6nnen Sie einzelne Farben (Rot, Gr\u00fcn und Blau) ausw\u00e4hlen und sie mischen, um eine gro\u00dfe Vielfalt an Farbt\u00f6nen zu erzeugen. Dar\u00fcber hinaus bietet das Downlight auch die M\u00f6glichkeit, die Farbtemperatur (CCT) zu steuern, die es Ihnen erlaubt<strong>&nbsp;Einstellung des Lichts von warmen zu k\u00fchlen T\u00f6nen<\/strong>&nbsp;nach Ihren Vorlieben oder spezifischen Bed\u00fcrfnissen.<\/p><p>Die mitgelieferte Fernbedienung erleichtert die Bedienung und individuelle Anpassung der Beleuchtung. Mit ihr k\u00f6nnen Sie die Farbe \u00e4ndern, die Intensit\u00e4t anpassen, die Farbtemperatur \u00e4ndern und sogar verschiedene Beleuchtungsmodi ausw\u00e4hlen, wie z. B. Flackern, sanfter \u00dcbergang oder automatischer Farbwechsel.<\/p><p>Das kompakte und unauff\u00e4llige Design des Downlights macht es zur idealen Wahl sowohl f\u00fcr Wohn- als auch f\u00fcr Gesch\u00e4ftsr\u00e4ume. Der Deckeneinbau sorgt f\u00fcr ein elegantes, unauff\u00e4lliges Erscheinungsbild und erm\u00f6glicht eine gleichm\u00e4\u00dfige, blendfreie Ausleuchtung.<\/p><h2>Der Nutzen und die Vorteile eines 6W RGB+CCT Downlights mit Fernbedienung und Lumileds Chips sind wie folgt:<\/h2><ol>\n<li>Vielseitigkeit in der Beleuchtung: Mit diesem Downlight k\u00f6nnen Sie aus einer breiten Palette von Farben und Lichtt\u00f6nen w\u00e4hlen und so die Beleuchtung an verschiedene Umgebungen, Stimmungen oder Aktivit\u00e4ten anpassen. Sie k\u00f6nnen sich f\u00fcr weiche, warme Farben entscheiden, um eine entspannende Atmosph\u00e4re zu schaffen, oder f\u00fcr helle, lebhafte Farben, um bestimmte Elemente hervorzuheben und zu betonen.<\/li>\n<li>Einstellung der Farbtemperatur: Mit der Option zur Steuerung der Farbtemperatur k\u00f6nnen Sie die Beleuchtung von warmen T\u00f6nen, die dem Sonnenuntergangslicht \u00e4hneln, bis zu k\u00fchlen T\u00f6nen, die dem Tageslicht \u00e4hneln, einstellen. Dies ist besonders in R\u00e4umen n\u00fctzlich, in denen eine funktionellere Beleuchtung ben\u00f6tigt wird, wie z. B. in B\u00fcros oder K\u00fcchen.<\/li>\n<li>Bequeme Fernbedienung: Die mitgelieferte Fernbedienung macht es einfach, die Beleuchtung von \u00fcberall im Raum aus zu bedienen und individuell anzupassen. Sie k\u00f6nnen Farbe, Intensit\u00e4t und Farbtemperatur per Tastendruck \u00e4ndern, ohne dass Sie sich dem Downlight n\u00e4hern oder zus\u00e4tzliche Schalter installieren m\u00fcssen.<\/li>\n<li>Energieeffizient: Dank der hochwertigen Lumileds-Chips bietet dieses Downlight eine leistungsstarke Beleuchtung bei einem geringen Stromverbrauch von nur 6 W. Das bedeutet, dass Sie eine helle, lebendige Beleuchtung genie\u00dfen k\u00f6nnen, ohne sich \u00fcber einen \u00fcberm\u00e4\u00dfigen Energieverbrauch und die damit verbundenen Kosten Gedanken machen zu m\u00fcssen.<\/li>\n<li>Best\u00e4ndigkeit und lange Lebensdauer: Lumileds-Chips sind f\u00fcr ihre Best\u00e4ndigkeit und lange Lebensdauer bekannt. Das bedeutet, dass das Downlight nur minimale Wartung erfordert und Ihnen jahrelang eine zuverl\u00e4ssige, hochwertige Beleuchtung bietet.<\/li>\n<li>\u00c4sthetik und elegantes Design: Das Einbaudesign des Downlights sorgt f\u00fcr ein \u00e4sthetisch ansprechendes und diskretes Erscheinungsbild. Es f\u00fcgt sich nahtlos in die Decke ein, ohne die Sicht zu behindern oder die Raumgestaltung zu st\u00f6ren.<\/li>\n<\/ol><p>In unserem Online-Shop stellen wir sicher, dass unsere Produkte von garantierter QUALIT\u00c4T sind und bieten alle notwendigen Elemente f\u00fcr den VERTRIEB, den IMPORT oder den GESCH\u00c4FTSVERKEHR an, einschlie\u00dflich des technischen Datenblatts f\u00fcr jedes LED-Produkt.<\/p><h3 class=\"page-product-heading\">TECHNISCHE DATEN<\/h3><div class=\"col-xs-12 col-md-6\">\n<table class=\"table table-data-sheet 1\">\n<tbody>\n<tr class=\"odd\">\n<td valign=\"middle\" width=\"32\"><\/td>\n<td valign=\"middle\">REFERENZEN :<\/td>\n<td valign=\"middle\">SL91129-6W<\/td>\n<\/tr>\n<tr class=\"even\">\n<td valign=\"middle\" width=\"32\"><\/td>\n<td valign=\"middle\">Nennleistung :<\/td>\n<td valign=\"middle\">6w<\/td>\n<\/tr>\n<tr class=\"odd\">\n<td valign=\"middle\" width=\"32\"><\/td>\n<td valign=\"middle\">Nennspannung:<\/td>\n<td valign=\"middle\">220-240V<\/td>\n<\/tr>\n<tr class=\"even\">\n<td valign=\"middle\" width=\"32\"><\/td>\n<td valign=\"middle\">Lichttemperatur:<\/td>\n<td valign=\"middle\">RGB+CCT<\/td>\n<\/tr>\n<tr class=\"odd\">\n<td valign=\"middle\" width=\"32\"><\/td>\n<td valign=\"middle\">CRI - Farbwiedergabeindex:<\/td>\n<td valign=\"middle\">80<\/td>\n<\/tr>\n<tr class=\"even\">\n<td valign=\"middle\" width=\"32\"><\/td>\n<td valign=\"middle\">Baumaterial:<\/td>\n<td valign=\"middle\">PMMA<\/td>\n<\/tr>\n<tr class=\"odd\">\n<td valign=\"middle\" width=\"32\"><\/td>\n<td valign=\"middle\">Leuchtkraft-Lm:<\/td>\n<td valign=\"middle\">520Lm<\/td>\n<\/tr>\n<tr class=\"even\">\n<td valign=\"middle\" width=\"32\"><\/td>\n<td valign=\"middle\">Art der LEDs:<\/td>\n<td valign=\"middle\">COB<\/td>\n<\/tr>\n<tr class=\"odd\">\n<td valign=\"middle\" width=\"32\"><\/td>\n<td valign=\"middle\">\u00d6ffnungswinkel (\u00ba):<\/td>\n<td valign=\"middle\">Prim\u00e4r -120\u00ba - Sekund\u00e4r 180\u00ba - Prim\u00e4r -120\u00ba - Sekund\u00e4r 180\u00ba<\/td>\n<\/tr>\n<tr class=\"even\">\n<td valign=\"middle\" width=\"32\"><\/td>\n<td valign=\"middle\">Lichtausbeute (Lm\/W):<\/td>\n<td valign=\"middle\">90Lm\/W<\/td>\n<\/tr>\n<tr class=\"odd\">\n<td valign=\"middle\" width=\"32\"><\/td>\n<td valign=\"middle\">Bescheinigungen:<\/td>\n<td valign=\"middle\">CE - ROHS<\/td>\n<\/tr>\n<tr class=\"even\">\n<td valign=\"middle\" width=\"32\"><\/td>\n<td valign=\"middle\">IP-Bewertung:<\/td>\n<td valign=\"middle\">IP44<\/td>\n<\/tr>\n<\/tbody>\n<\/table>\n<\/div><div class=\"col-xs-12 col-md-6 2\">\n<table class=\"table table-data-sheet 2\">\n<tbody>\n<tr class=\"odd\">\n<td valign=\"middle\" width=\"32\"><\/td>\n<td valign=\"middle\">Gesch\u00e4tzte Lebensdauer der LED-Diode (H):<\/td>\n<td valign=\"middle\">100.000<\/td>\n<\/tr>\n<tr class=\"even\">\n<td valign=\"middle\" width=\"32\"><\/td>\n<td valign=\"middle\">Abmessungen (mm):<\/td>\n<td valign=\"middle\">\u00d884 x H34mm<\/td>\n<\/tr>\n<tr class=\"odd\">\n<td valign=\"middle\" width=\"32\"><\/td>\n<td valign=\"middle\">Leistungsfaktor (PF):<\/td>\n<td valign=\"middle\">0.65<\/td>\n<\/tr>\n<tr class=\"even\">\n<td valign=\"middle\" width=\"32\"><\/td>\n<td valign=\"middle\">Arbeitsfrequenz (Hz):<\/td>\n<td valign=\"middle\">50\/60Hz<\/td>\n<\/tr>\n<tr class=\"odd\">\n<td valign=\"middle\" width=\"32\"><\/td>\n<td valign=\"middle\">Temperaturbereich (\u00baC):<\/td>\n<td valign=\"middle\">-20?C ~ +55?C<\/td>\n<\/tr>\n<tr class=\"even\">\n<td valign=\"middle\" width=\"32\"><\/td>\n<td valign=\"middle\">Z\u00fcndungszyklen:<\/td>\n<td valign=\"middle\">100.000<\/td>\n<\/tr>\n<tr class=\"odd\">\n<td valign=\"middle\" width=\"32\"><\/td>\n<td valign=\"middle\">Deckenausschnitt (mm):<\/td>\n<td valign=\"middle\">\u00d868mm<\/td>\n<\/tr>\n<tr class=\"even\">\n<td valign=\"middle\" width=\"32\"><\/td>\n<td valign=\"middle\">Kontrollmodi:<\/td>\n<td valign=\"middle\">STEUERGER\u00c4T + INFRAROT<\/td>\n<\/tr>\n<tr class=\"odd\">\n<td valign=\"middle\" width=\"32\"><\/td>\n<td valign=\"middle\">Treiber enthalten:<\/td>\n<td valign=\"middle\">YES<\/td>\n<\/tr>\n<tr class=\"even\">\n<td valign=\"middle\" width=\"32\"><\/td>\n<td valign=\"middle\">Energieklasse (2021-EU-2019\/2015):<\/td>\n<td valign=\"middle\">A+<\/td>\n<\/tr>\n<tr class=\"odd\">\n<td valign=\"middle\" width=\"32\"><\/td>\n<td valign=\"middle\">Energieklasse (2023 - EU-2019\/2015):<\/td>\n<td valign=\"middle\">F<\/td>\n<\/tr>\n<tr class=\"even\">\n<td valign=\"middle\" width=\"32\"><\/td>\n<td valign=\"middle\">Gew\u00e4hrleistungsjahre:<\/td>\n<td valign=\"middle\">3<\/td>\n<\/tr>\n<\/tbody>\n<\/table>\n<p>&nbsp;<\/p>\n<\/div><\/h1>","protected":false},"excerpt":{"rendered":"<p><strong>TEILENUMMER: SL91129-6W<\/strong><p>A&nbsp;<strong>Einbaustrahler 6W RGB+CCT<\/strong>&nbsp;mit&nbsp;<strong>Fernsteuerung<\/strong>&nbsp;und Lumileds-Chips ist eine moderne und vielseitige Beleuchtungsl\u00f6sung, die Spitzentechnologie mit einem stilvollen und funktionalen Design verbindet.<\/p><p>Diese Art von Downlight ist ausgestattet mit&nbsp;<strong>Lumileds-Chips<\/strong>&nbsp;Dies gew\u00e4hrleistet eine leistungsstarke, effiziente und lang anhaltende Beleuchtung.<\/p><div class=\"col-md-12\"><i class=\"fa fa-truck\"><\/i>&nbsp;<span class=\"text-muted textprop\">Lieferung innerhalb von 24\/48 Stunden<\/span><\/div><div class=\"col-md-12\"><i class=\"fa fa-exchange\"><\/i>&nbsp;<span class=\"text-muted textprop\">Versicherte Garantie<\/span><\/div><div class=\"col-md-12\"><i class=\"fa fa-box\"><\/i>&nbsp;<span class=\"text-muted textprop\">50 Einheit(en) pro Masterbox<\/span><\/div><\/p>","protected":false},"featured_media":10113,"template":"","meta":{"site-sidebar-layout":"default","site-content-layout":"default","ast-global-header-display":"","ast-main-header-display":"","ast-hfb-above-header-display":"","ast-hfb-below-header-display":"","ast-hfb-mobile-header-display":"","site-post-title":"","ast-breadcrumbs-content":"","ast-featured-img":"","footer-sml-layout":"","theme-transparent-header-meta":"default","adv-header-id-meta":"","stick-header-meta":"","header-above-stick-meta":"","header-main-stick-meta":"","header-below-stick-meta":""},"product_cat":[27,70],"product_tag":[],"class_list":["post-10101","product","type-product","status-publish","has-post-thumbnail","hentry","product_cat-downlight-plafones-y-placas-led","product_cat-focos-downlight-led"],"_links":{"self":[{"href":"https:\/\/starlediluminacion.com\/de\/wp-json\/wp\/v3\/product\/10101","targetHints":{"allow":["GET"]}}],"collection":[{"href":"https:\/\/starlediluminacion.com\/de\/wp-json\/wp\/v3\/product"}],"about":[{"href":"https:\/\/starlediluminacion.com\/de\/wp-json\/wp\/v2\/types\/product"}],"wp:featuredmedia":[{"embeddable":true,"href":"https:\/\/starlediluminacion.com\/de\/wp-json\/wp\/v2\/media\/10113"}],"wp:attachment":[{"href":"https:\/\/starlediluminacion.com\/de\/wp-json\/wp\/v2\/media?parent=10101"}],"wp:term":[{"taxonomy":"product_cat","embeddable":true,"href":"https:\/\/starlediluminacion.com\/de\/wp-json\/wp\/v2\/product_cat?post=10101"},{"taxonomy":"product_tag","embeddable":true,"href":"https:\/\/starlediluminacion.com\/de\/wp-json\/wp\/v2\/product_tag?post=10101"}],"curies":[{"name":"wp","href":"https:\/\/api.w.org\/{rel}","templated":true}]}}